{"id":4764,"date":"2021-12-21T12:05:48","date_gmt":"2021-12-21T09:05:48","guid":{"rendered":"https:\/\/profdrercangurses.com\/baklofen-infuzyon-pompasi\/"},"modified":"2024-09-18T17:01:45","modified_gmt":"2024-09-18T14:01:45","slug":"baklofen-infuziya-pompasi","status":"publish","type":"page","link":"https:\/\/profdrercangurses.com\/az\/mualic%c9%99l%c9%99rimiz\/baklofen-infuziya-pompasi\/","title":{"rendered":"Baklofen \u0130nfuziya Pompas\u0131"},"content":{"rendered":"<p>[vc_row css=&#8221;.vc_custom_1622016079265{padding-top: 60px !important;padding-bottom: 60px !important;}&#8221;][vc_column enable_pin=&#8221;enable_pin&#8221; width=&#8221;5\/12&#8243; offset=&#8221;vc_col-md-4&#8243; responsive_css=&#8221;padding_right_medium:7%25&#8243;][vc_row_inner][vc_column_inner responsive_css=&#8221;margin_bottom_medium:45px&#8221; css=&#8221;.vc_custom_1608194013763{margin-bottom: 30px !important;}&#8221;]<style>.ld_custom_menu_6a06019a0084b > ul > li > a{font-size:15px;font-weight:700;letter-spacing:0.01em;color:rgb(51, 51, 51);background:rgb(247, 248, 250);}.ld_custom_menu_6a06019a0084b > ul > li:not(:last-child){margin-bottom:3px;}.lqd-stickybar > .lqd-head-col > .header-module > .ld_custom_menu_6a06019a0084b li{margin-inline-start:3px;}.ld_custom_menu_6a06019a0084b > ul > li > a:hover, .ld_custom_menu_6a06019a0084b li.is-active > a{background:rgb(233, 233, 233);}<\/style><div\n\tclass=\"lqd-fancy-menu lqd-custom-menu menu-items-has-fill lqd-menu-td-none ld_custom_menu_6a06019a0084b\"\n\t>\n\n<ul id=\"ld_custom_menu_6a06019a0084b\" class=\"reset-ul   \" ><li id=\"menu-item-5430\" class=\"menu-item menu-item-type-post_type menu-item-object-page menu-item-5430\"><a href=\"https:\/\/profdrercangurses.com\/az\/mualic%c9%99l%c9%99rimiz\/radiotezlik-terapiyasi\/\">Radiotezlik Terapiyas\u0131<\/a><\/li>\n<li id=\"menu-item-5427\" class=\"menu-item menu-item-type-post_type menu-item-object-page menu-item-5427\"><a href=\"https:\/\/profdrercangurses.com\/az\/kok-huceyre-terapiyasi\/\">K\u00f6k H\u00fcceyre Terapiyas\u0131<\/a><\/li>\n<li id=\"menu-item-5425\" class=\"menu-item menu-item-type-post_type menu-item-object-page menu-item-5425\"><a href=\"https:\/\/profdrercangurses.com\/az\/mualic%c9%99l%c9%99rimiz\/baklofen-infuziya-pompasi\/\">Baklofen \u0130nfuziya Pompas\u0131<\/a><\/li>\n<li id=\"menu-item-5426\" class=\"menu-item menu-item-type-post_type menu-item-object-page menu-item-5426\"><a href=\"https:\/\/profdrercangurses.com\/az\/mualic%c9%99l%c9%99rimiz\/epiduroskopiya\/\">Epiduroskopiya<\/a><\/li>\n<li id=\"menu-item-5431\" class=\"menu-item menu-item-type-post_type menu-item-object-page menu-item-5431\"><a href=\"https:\/\/profdrercangurses.com\/az\/agrilar\/uriner-inkontinans-ve-fekal-inkontinans-sidik-qacirma-ve-n%c9%99cis-tutmama\/\">\u00dcriner \u0130nkontinans ve Fekal \u0130nkontinans<\/a><\/li>\n<li id=\"menu-item-5429\" class=\"menu-item menu-item-type-post_type menu-item-object-page menu-item-5429\"><a href=\"https:\/\/profdrercangurses.com\/az\/mualic%c9%99l%c9%99rimiz\/onurga-beyni-stimulyatoru-scs\/\">Onur\u011fa Beyni Stimulyatoru (SCS)<\/a><\/li>\n<li id=\"menu-item-5428\" class=\"menu-item menu-item-type-post_type menu-item-object-page menu-item-5428\"><a href=\"https:\/\/profdrercangurses.com\/az\/mualic%c9%99l%c9%99rimiz\/l-disq-plazma-lazer-mualic%c9%99si\/\">L-Disq \u2013 Plazma Lazer M\u00fcalic\u0259si<\/a><\/li>\n<li id=\"menu-item-5432\" class=\"menu-item menu-item-type-post_type menu-item-object-page menu-item-5432\"><a href=\"https:\/\/profdrercangurses.com\/az\/mualic%c9%99l%c9%99rimiz\/vertebroplastika\/\">Vertebroplastika<\/a><\/li>\n<\/ul><\/div>[\/vc_column_inner][vc_column_inner css=&#8221;.vc_custom_1608195737477{margin-bottom: 30px !important;padding-top: 35px !important;padding-right: 20px !important;padding-bottom: 35px !important;padding-left: 20px !important;background-color: #f7f8fa !important;border-radius: 5px !important;}&#8221; responsive_css=&#8221;margin_bottom_medium:45px|padding_right_medium:35px|padding_left_medium:35px&#8221;]<style>.ld_fancy_heading_6a06019a1572d h3 {font-size:19px; } .ld_fancy_heading_6a06019a1572d h3 {margin-bottom:1.25em !important;  } .ld_fancy_heading_6a06019a1572d .lqd-highlight-inner{height:0.275em!important;bottom:0px!important;}.ld_fancy_heading_6a06019a1572d h3 {font-size:19px; } .ld_fancy_heading_6a06019a1572d h3 {margin-bottom:1.25em !important;  } <\/style><div class=\"ld-fancy-heading ld_fancy_heading_6a06019a1572d\">\n\t<h3 class=\"ld-fh-element lqd-highlight-underline lqd-highlight-grow-left text-decoration-default\"   >  \u018flaq\u0259 Formas\u0131<\/h3><\/div><style>.ld_cf7_6a06019a15a0e input,.ld_cf7_6a06019a15a0e textarea,.ld_cf7_6a06019a15a0e .ui-button.ui-selectmenu-button{font-size:15px;}.ld_cf7_6a06019a15a0e input[type=\"submit\"]{font-size:15px;background:rgb(24, 67, 65);border-color:rgb(24, 67, 65);}.ld_cf7_6a06019a15a0e input, .ld_cf7_6a06019a15a0e select, .ld_cf7_6a06019a15a0e textarea, .ld_cf7_6a06019a15a0e .ui-button.ui-selectmenu-button{background:rgb(255, 255, 255);}.ld_cf7_6a06019a15a0e input, .ld_cf7_6a06019a15a0e select, .ld_cf7_6a06019a15a0e textarea, .ld_cf7_6a06019a15a0e .ui-button.ui-selectmenu-button, .ld_cf7_6a06019a15a0e .wpcf7-form-control-wrap > i, .ld_cf7_6a06019a15a0e .wpcf7-radio{color:rgb(127, 130, 132);}.ld_cf7_6a06019a15a0e input:focus, .ld_cf7_6a06019a15a0e select:focus, .ld_cf7_6a06019a15a0e textarea:focus, .ld_cf7_6a06019a15a0e .ui-button.ui-selectmenu-button:hover, .wpcf7-acceptance .wpcf7-list-item-label:after{color:rgb(0, 0, 0);}.ld_cf7_6a06019a15a0e .wpcf7-form-control-wrap{margin-bottom:10px;}<\/style><div id=\"ld_cf7_6a06019a15a0e\" class=\"lqd-contact-form lqd-contact-form-inputs-filled lqd-contact-form-inputs-round lqd-contact-form-button-block lqd-contact-form-button-round ld_cf7_6a06019a15a0e vc_custom_1647515980220\">\n\t\n<div class=\"wpcf7 no-js\" id=\"wpcf7-f5433-o1\" lang=\"en-US\" dir=\"ltr\" data-wpcf7-id=\"5433\">\n<div class=\"screen-reader-response\"><p role=\"status\" aria-live=\"polite\" aria-atomic=\"true\"><\/p> <ul><\/ul><\/div>\n<form action=\"\/az\/wp-json\/wp\/v2\/pages\/4764#wpcf7-f5433-o1\" method=\"post\" class=\"wpcf7-form init\" aria-label=\"Contact form\" novalidate=\"novalidate\" data-status=\"init\">\n<fieldset class=\"hidden-fields-container\"><input type=\"hidden\" name=\"_wpcf7\" value=\"5433\" \/><input type=\"hidden\" name=\"_wpcf7_version\" value=\"6.1.5\" \/><input type=\"hidden\" name=\"_wpcf7_locale\" value=\"en_US\" \/><input type=\"hidden\" name=\"_wpcf7_unit_tag\" value=\"wpcf7-f5433-o1\" \/><input type=\"hidden\" name=\"_wpcf7_container_post\" value=\"0\" \/><input type=\"hidden\" name=\"_wpcf7_posted_data_hash\" value=\"\" \/><input type=\"hidden\" name=\"_wpcf7_recaptcha_response\" value=\"\" \/>\n<\/fieldset>\n<p><span class=\"wpcf7-form-control-wrap\" data-name=\"text-775\"><input size=\"40\" maxlength=\"400\" class=\"wpcf7-form-control wpcf7-text wpcf7-validates-as-required\" aria-required=\"true\" aria-invalid=\"false\" placeholder=\"Ad Soyad\" value=\"\" type=\"text\" name=\"text-775\" \/><\/span><span class=\"wpcf7-form-control-wrap\" data-name=\"email-550\"><input size=\"40\" maxlength=\"400\" class=\"wpcf7-form-control wpcf7-email wpcf7-validates-as-required wpcf7-text wpcf7-validates-as-email\" aria-required=\"true\" aria-invalid=\"false\" placeholder=\"E-po\u00e7t\" value=\"\" type=\"email\" name=\"email-550\" \/><\/span><span class=\"wpcf7-form-control-wrap\" data-name=\"textarea-138\"><textarea cols=\"10\" rows=\"4\" maxlength=\"2000\" class=\"wpcf7-form-control wpcf7-textarea wpcf7-validates-as-required\" aria-required=\"true\" aria-invalid=\"false\" placeholder=\"S\u0259nin mesaj\u0131n\" name=\"textarea-138\"><\/textarea><\/span><input class=\"wpcf7-form-control wpcf7-submit has-spinner\" type=\"submit\" value=\"G\u00f6nder\" \/>\n<\/p><p style=\"display: none !important;\" class=\"akismet-fields-container\" data-prefix=\"_wpcf7_ak_\"><label>&#916;<textarea name=\"_wpcf7_ak_hp_textarea\" cols=\"45\" rows=\"8\" maxlength=\"100\"><\/textarea><\/label><input type=\"hidden\" id=\"ak_js_1\" name=\"_wpcf7_ak_js\" value=\"29\"\/><script>document.getElementById( \"ak_js_1\" ).setAttribute( \"value\", ( new Date() ).getTime() );<\/script><\/p><div class=\"wpcf7-response-output\" aria-hidden=\"true\"><\/div>\n<\/form>\n<\/div>\n<\/div>[\/vc_column_inner][vc_column_inner css=&#8221;.vc_custom_1608195709893{border-top-width: 1px !important;border-right-width: 1px !important;border-bottom-width: 1px !important;border-left-width: 1px !important;padding-top: 20px !important;padding-right: 20px !important;padding-bottom: 20px !important;padding-left: 20px !important;border-left-color: rgba(112,112,112,0.15) !important;border-left-style: solid !important;border-right-color: rgba(112,112,112,0.15) !important;border-right-style: solid !important;border-top-color: rgba(112,112,112,0.15) !important;border-top-style: solid !important;border-bottom-color: rgba(112,112,112,0.15) !important;border-bottom-style: solid !important;border-radius: 3px !important;}&#8221; responsive_css=&#8221;padding_right_large:35px|padding_left_large:50px|padding_right_medium:15px|padding_left_medium:15px|padding_right_small:10px|padding_left_small:10px&#8221;]<style>.ld_icon_box_6a06019a17738 .iconbox-icon-container{color:rgb(38, 176, 95);font-size:20px;width:65px !important;height:65px !important;background:rgba(38, 176, 95, 0.1);border-radius:px;}.ld_icon_box_6a06019a17738 .iconbox-icon-container:before{border-color:rgba(38, 176, 95, 0.1);}.ld_icon_box_6a06019a17738 .lqd-iconbox-title{color:rgb(160, 160, 160);margin-bottom:1px;font-size:15px;}<\/style>\n<div class=\"iconbox iconbox-side text-align-default align-items-center iconbox-circle ld_icon_box_6a06019a17738 vc_custom_1647516066313\" id=\"ld_icon_box_6a06019a17738\"  data-animate-icon=\"true\" data-plugin-options='{\"color\":\"rgb(38, 176, 95)\"}'  >\n\t\n\t\t\t\t\t\n\t\n\t<div class=\"iconbox-icon-wrap\"><span class=\"iconbox-icon-container\"><i class=\"lqd-icn-ess icon-lqd-mobile\"><\/i><\/span><\/div>\t\n\t\t\n\t<div class=\"contents\">\t\n\t\t\n\t<h3 class=\"lqd-iconbox-title font-weight-medium\">\u018flaq\u0259 n\u00f6mr\u0259si<\/h3>\t<p><a href=\"tel:+905551958888\">0555 195 88 88<\/a><\/p>\n\t\t\n\t<\/div>\t\n\t\n<\/div>\n[\/vc_column_inner][\/vc_row_inner][\/vc_column][vc_column width=&#8221;2\/3&#8243; column_top_ontablet=&#8221;yes&#8221; column_top_onmobile=&#8221;yes&#8221; offset=&#8221;vc_col-md-offset-0 vc_col-md-8&#8243; responsive_css=&#8221;margin_bottom_medium:0px&#8221; css=&#8221;.vc_custom_1610729062932{margin-bottom: 35px !important;}&#8221;]<style>.ld_content_box_6a06019a187fb .lqd-fb-content-title{font-weight:700 !important;}.ld_content_box_6a06019a187fb .lqd-fb-bg{background:-webkit-linear-gradient(180deg, rgba(255, 255, 255, 0) 0%, rgba(24, 27, 49, 0.6) 100%);background:linear-gradient(180deg, rgba(255, 255, 255, 0) 0%, rgba(24, 27, 49, 0.6) 100%);}<\/style><div id=\"ld_content_box_6a06019a187fb\" class=\"lqd-fb lqd-fb-style-1 lqd-fb-style-1-3 round pos-rel overflow-hidden lqd-fb-zoom-img-onhover h-pt-60 ld_content_box_6a06019a187fb\" data-inview=\"true\">\n\t<div class=\"lqd-fb-inner lqd-overlay\">\n\n\t\t<div class=\"lqd-fb-img lqd-overlay overflow-hidden\">\n\n\t\t<figure data-responsive-bg=\"true\"><img decoding=\"async\" width=\"1080\" height=\"900\" data-src=\"https:\/\/profdrercangurses.com\/wp-content\/uploads\/2021\/12\/baklofen.jpg\" class=\"w-100 invisible lazyload\" alt=\"\" data-srcset=\"https:\/\/profdrercangurses.com\/wp-content\/uploads\/2021\/12\/baklofen.jpg 1080w, https:\/\/profdrercangurses.com\/wp-content\/uploads\/2021\/12\/baklofen-300x250.jpg 300w, https:\/\/profdrercangurses.com\/wp-content\/uploads\/2021\/12\/baklofen-1024x853.jpg 1024w\" data-sizes=\"(max-width: 1080px) 100vw, 1080px\" itemprop=\"image\" title=\"\" src=\"data:image\/svg+xml;base64,PHN2ZyB3aWR0aD0iMSIgaGVpZ2h0PSIxIiB4bWxucz0iaHR0cDovL3d3dy53My5vcmcvMjAwMC9zdmciPjwvc3ZnPg==\" style=\"--smush-placeholder-width: 1080px; --smush-placeholder-aspect-ratio: 1080\/900;\"><\/figure>\t\t\n\t\t<\/div>\n\n\t\t<div class=\"lqd-fb-content lqd-overlay align-items-end\">\n\t\t\t<div class=\"lqd-fb-bg lqd-overlay\"><\/div>\n\t\t\t<div class=\"lqd-fb-hover-overlay lqd-overlay\"><\/div>\n\t\t\t<div class=\"lqd-fb-content-inner d-flex flex-column justify-content-end pos-rel h-100 w-100 w-md-75 p-4 p-md-8\">\n\t\t\t\t\n\t\t\t\t\t\t\t\t\n\t\t\t\t<div\n\t\t\t\tclass=\"lqd-fb-content-bottom mt-auto\"\n\t\t\t\tdata-custom-animations=\"true\"\n\t\t\t\tdata-ca-options='{ \"triggerHandler\": \"inview\", \"animationTarget\": \"all-childs\", \"duration\": 1200, \"delay\": 120,  \"startDelay\": 300, \"initValues\": { \"y\": 30, \"opacity\": 0 }, \"animations\": { \"y\": 0, \"opacity\": 1 } }'>\n\t\t\t\t\t\n\t\t\t\t\t\t\t\t\t\t<h2\t\t\t\t\tclass=\"lqd-fb-content-title my-0 mb-3\"\n\t\t\t\t\tdata-split-text=\"true\" data-split-options='{ \"type\": \"lines\" }'>Baklofen \u0130nf\u00fcziya Pompas\u0131\t\t\t\t\t<\/h2>\n\t\t\t\t\t\t\t\t\t\t\n\t\t\t\t\t\n\t\t\t\t\t\t\t\t\t\t<p\n\t\t\t\t\tclass=\"my-0 mb-5\"\n\t\t\t\t\tdata-split-text=\"true\" data-split-options='{ \"type\": \"lines\" }'>Baclofen infuziya pompas\u0131 spastisitenin m\u00fcalic\u0259sind\u01dd istifad\u0259 edil\u0259n \u01ddn geni\u015f \u00fcsullardan<br \/>\nbiridir.<\/p>\n\t\t\t\t\t\n\t\t\t\t\t\n\t\t\t\t<\/div>\n\t\t\t\t\n\t\t\t<\/div>\n\t\t<\/div>\n\n\t<\/div>\n<\/div>\n[vc_separator color=&#8221;custom&#8221; accent_color=&#8221;rgba(0,0,0,0.1)&#8221; css=&#8221;.vc_custom_1608195050020{margin-top: 10px !important;}&#8221;][vc_column_text]Spastisite beyin v\u0259 ya onur\u011fa beynind\u0259ki \u0259z\u0259l\u0259 h\u0259r\u0259k\u0259tl\u0259ri il\u0259 \u0259laq\u0259li sinir yollar\u0131n\u0131n<br \/>\nz\u0259d\u0259l\u0259nm\u0259si s\u0259b\u0259bind\u0259n ba\u015f verir. Bu, onur\u011fa beynind\u0259ki stimulla\u015fd\u0131r\u0131c\u0131 v\u0259 bast\u0131r\u0131c\u0131<br \/>\nmexanizml\u0259rd\u0259 tarazl\u0131\u011f\u0131n pozulmas\u0131 hal\u0131nda g\u00f6r\u00fcl\u0259n bir x\u0259st\u0259likdir. H\u0259r\u0259k\u0259t n\u0259tic\u0259sind\u0259<br \/>\nyaranan spastisite \u0259z\u0259l\u0259l\u0259rin uzanma refleksl\u0259rinin h\u0259ddind\u0259n art\u0131q artmas\u0131na s\u0259b\u0259b olur.<br \/>\nSpastisite x\u0259st\u0259l\u0259rd\u0259 \u0259z\u0259l\u0259l\u0259rin s\u0259rtl\u0259\u015fm\u0259sin\u0259, qeyri-ixtiyari daralmalara, spazmlara v\u0259<br \/>\na\u011fr\u0131lara s\u0259b\u0259b olur.Spastisitenin m\u00fcalic\u0259sind\u0259 Baclofen infuziya pompas\u0131 bu \u015fikay\u0259tl\u0259ri<br \/>\nazaltma\u011fa v\u0259 n\u0259zar\u0259t etm\u0259y\u0259 k\u00f6m\u0259k edir.<\/p>\n<h2>Baklofen pompas\u0131 n\u0259dir?<\/h2>\n<p>Baclofen \u0259z\u0259l\u0259 gev\u015f\u0259tici d\u0259rmand\u0131r. Multipl sklerozda (MS), onur\u011fa beyni z\u0259d\u0259l\u0259nm\u0259l\u0259rind\u0259<br \/>\nv\u0259 b\u0259zi nevroloji x\u0259st\u0259likl\u0259rd\u0259 ba\u015f ver\u0259n spastikliyi azaltmaq \u00fc\u00e7\u00fcn istifad\u0259 olunur. Baclofen<br \/>\nPompas\u0131 bu d\u0259rman\u0131n birba\u015fa onur\u011fa beynin\u0259 verilm\u0259sini t\u0259min ed\u0259n sistemin ad\u0131d\u0131r.<br \/>\nKateter v\u0259 nasosdan ibar\u0259t olan Baclofen Pump d\u0259rman\u0131n intratekal olaraq \u00e7atd\u0131r\u0131lmas\u0131n\u0131<br \/>\nt\u0259min edir. Nasos adlanan hiss\u0259 yuvarlaq metal disk\u0259 \u015f\u0259klind\u0259dir.<br \/>\nD\u0259rman nasosun i\u00e7ind\u0259 saxlan\u0131l\u0131r v\u0259 avtomatik olaraq proqramla\u015fd\u0131r\u0131lm\u0131\u015f s\u0259viyy\u0259d\u0259 kateter<br \/>\nvasit\u0259sil\u0259 avtomatik olaraq onur\u011fa beynin\u0259 i\u00e7in\u0259 \u00f6t\u00fcr\u00fcl\u00fcr. Baclofen Pompas\u0131n\u0131n<br \/>\n\u00fcst\u00fcnl\u00fckl\u0259rind\u0259n biri odur ki, nasosdak\u0131 d\u0259rman bitdikd\u0259n sonra onu yenid\u0259n doldurmaq<br \/>\nm\u00fcmk\u00fcnd\u00fcr. D\u0259rman injektorla nasosa doldurulur. Pompan\u0131 i\u015fl\u0259d\u0259n batareyan\u0131n \u00f6mr\u00fc 5 il\u0259 7<br \/>\nil aras\u0131nda d\u0259yi\u015fir. Batareyan\u0131n \u00f6mr\u00fc bitdikd\u0259 pompa d\u0259yi\u015fdiril\u0259 bil\u0259r.<\/p>\n<h2>Nec\u0259 tax\u0131l\u0131r?<\/h2>\n<p>Baclofen pompas\u0131 \u0259m\u0259liyyat ota\u011f\u0131 m\u00fchitind\u0259 h\u0259yata ke\u00e7iril\u0259n bir prosedurdur. Bu<br \/>\n\u0259m\u0259liyyatda t\u0259tbiq sah\u0259si \u0259vv\u0259lc\u0259 floroskopiya il\u0259 m\u00fc\u0259yy\u0259n edilir. Daha sonra lokal<br \/>\nanesteziya veril\u0259n x\u0259st\u0259nin qar\u0131n b\u00f6lg\u0259sin\u0259 t\u0259xmin\u0259n 1 sm k\u0259sik a\u00e7\u0131laraq kateter oradan<br \/>\nonur\u011fa kanal\u0131na do\u011fru ir\u0259lil\u0259dilir. N\u00f6vb\u0259ti m\u0259rh\u0259l\u0259d\u0259 qar\u0131n bo\u015flu\u011funda bu d\u0259f\u0259 3 sm-lik k\u0259sik<br \/>\na\u00e7\u0131laraq pompa (nasos )qoyulur kateter\u0259 birl\u0259\u015fdirilir. Baclofen Pump \u0259m\u0259liyyat\u0131 k\u0259sikl\u0259rin<br \/>\ntikilm\u0259si il\u0259 sona \u00e7atd\u0131r\u0131l\u0131r.<\/p>\n<h2>Kiml\u0259r\u0259 t\u0259tbiq edil\u0259 bil\u0259r?<\/h2>\n<p>Baclofen pompas\u0131 ilk n\u00f6vb\u0259d\u0259 h\u0259yat keyfiyy\u0259ti pozulmu\u015f v\u0259 ciddi spastisite probleml\u0259ri olan<br \/>\nx\u0259st\u0259l\u0259r\u0259 t\u0259tbiq edilir. Bundan \u0259lav\u0259, \u015fidd\u0259tli a\u011fr\u0131 \u015fikay\u0259tl\u0259ri olan v\u0259 dig\u0259r m\u00fcalic\u0259 \u00fcsullar\u0131<br \/>\nm\u00fcv\u0259ff\u0259qiyy\u0259t qazana bilm\u0259y\u0259n x\u0259st\u0259l\u0259rd\u0259 onur\u011fa mayesin\u0259 morfinin t\u0259tbiqind\u0259 Baclofen<br \/>\nPompas\u0131na \u00fcst\u00fcnl\u00fck veril\u0259 bil\u0259r. X\u0259st\u0259d\u0259 infeksiya varsa, qan durula\u015fd\u0131r\u0131c\u0131 d\u0259rmanlardan<br \/>\nistifad\u0259 edirs\u0259 v\u0259 hamil\u0259lik hal\u0131nda bu m\u00fcalic\u0259 \u00fcsulu t\u0259tbiq edilm\u0259z.[\/vc_column_text][\/vc_column][\/vc_row][vc_row][vc_column][\/vc_column][\/vc_row]<\/p>\n","protected":false},"excerpt":{"rendered":"<p>[vc_row css=&#8221;.vc_custom_1622016079265{padding-top: 60px !important;padding-bottom: 60px !important;}&#8221;][vc_column enable_pin=&#8221;enable_pin&#8221; width=&#8221;5\/12&#8243; offset=&#8221;vc_col-md-4&#8243; responsive_css=&#8221;padding_right_medium:7%25&#8243;][vc_row_inner][vc_column_inner responsive_css=&#8221;margin_bottom_medium:45px&#8221; css=&#8221;.vc_custom_1608194013763{margin-bottom: 30px !important;}&#8221;][\/vc_column_inner][vc_column_inner css=&#8221;.vc_custom_1608195737477{margin-bottom: 30px !important;padding-top: 35px !important;padding-right: 20px !important;padding-bottom: 35px !important;padding-left: 20px !important;background-color: #f7f8fa !important;border-radius: 5px !important;}&#8221; responsive_css=&#8221;margin_bottom_medium:45px|padding_right_medium:35px|padding_left_medium:35px&#8221;][\/vc_column_inner][vc_column_inner css=&#8221;.vc_custom_1608195709893{border-top-width: 1px !important;border-right-width: 1px !important;border-bottom-width: 1px !important;border-left-width: 1px !important;padding-top: 20px !important;padding-right: 20px !important;padding-bottom: 20px !important;padding-left: 20px !important;border-left-color: rgba(112,112,112,0.15) !important;border-left-style: solid !important;border-right-color: rgba(112,112,112,0.15) !important;border-right-style: solid !important;border-top-color: [&hellip;]<\/p>\n","protected":false},"author":1,"featured_media":0,"parent":6941,"menu_order":0,"comment_status":"closed","ping_status":"closed","template":"","meta":{"footnotes":""},"class_list":["post-4764","page","type-page","status-publish","hentry"],"_links":{"self":[{"href":"https:\/\/profdrercangurses.com\/az\/wp-json\/wp\/v2\/pages\/4764","targetHints":{"allow":["GET"]}}],"collection":[{"href":"https:\/\/profdrercangurses.com\/az\/wp-json\/wp\/v2\/pages"}],"about":[{"href":"https:\/\/profdrercangurses.com\/az\/wp-json\/wp\/v2\/types\/page"}],"author":[{"embeddable":true,"href":"https:\/\/profdrercangurses.com\/az\/wp-json\/wp\/v2\/users\/1"}],"replies":[{"embeddable":true,"href":"https:\/\/profdrercangurses.com\/az\/wp-json\/wp\/v2\/comments?post=4764"}],"version-history":[{"count":1,"href":"https:\/\/profdrercangurses.com\/az\/wp-json\/wp\/v2\/pages\/4764\/revisions"}],"predecessor-version":[{"id":6943,"href":"https:\/\/profdrercangurses.com\/az\/wp-json\/wp\/v2\/pages\/4764\/revisions\/6943"}],"up":[{"embeddable":true,"href":"https:\/\/profdrercangurses.com\/az\/wp-json\/wp\/v2\/pages\/6941"}],"wp:attachment":[{"href":"https:\/\/profdrercangurses.com\/az\/wp-json\/wp\/v2\/media?parent=4764"}],"curies":[{"name":"wp","href":"https:\/\/api.w.org\/{rel}","templated":true}]}}