{"id":4765,"date":"2021-12-20T12:44:59","date_gmt":"2021-12-20T09:44:59","guid":{"rendered":"https:\/\/profdrercangurses.com\/bel-agrilari\/"},"modified":"2024-11-04T09:53:14","modified_gmt":"2024-11-04T06:53:14","slug":"bel-agrilari","status":"publish","type":"page","link":"https:\/\/profdrercangurses.com\/az\/agrilar\/bel-agrilari\/","title":{"rendered":"Bel A\u011fr\u0131lar\u0131"},"content":{"rendered":"<p>[vc_row css=&#8221;.vc_custom_1622016079265{padding-top: 60px !important;padding-bottom: 60px !important;}&#8221;][vc_column enable_pin=&#8221;enable_pin&#8221; width=&#8221;5\/12&#8243; offset=&#8221;vc_col-md-4&#8243; responsive_css=&#8221;padding_right_medium:7%25&#8243;][vc_row_inner][vc_column_inner responsive_css=&#8221;margin_bottom_medium:45px&#8221; css=&#8221;.vc_custom_1608194013763{margin-bottom: 30px !important;}&#8221;]<style>.ld_custom_menu_69e1fc1559bd0 > ul > li > a{font-size:15px;font-weight:700;letter-spacing:0.01em;color:rgb(51, 51, 51);background:rgb(247, 248, 250);}.ld_custom_menu_69e1fc1559bd0 > ul > li:not(:last-child){margin-bottom:3px;}.lqd-stickybar > .lqd-head-col > .header-module > .ld_custom_menu_69e1fc1559bd0 li{margin-inline-start:3px;}.ld_custom_menu_69e1fc1559bd0 > ul > li > a:hover, .ld_custom_menu_69e1fc1559bd0 li.is-active > a{background:rgb(233, 233, 233);}<\/style><div\n\tclass=\"lqd-fancy-menu lqd-custom-menu menu-items-has-fill lqd-menu-td-none ld_custom_menu_69e1fc1559bd0\"\n\t>\n\n<ul id=\"ld_custom_menu_69e1fc1559bd0\" class=\"reset-ul   \" ><li id=\"menu-item-5419\" class=\"menu-item menu-item-type-post_type menu-item-object-page menu-item-5419\"><a href=\"https:\/\/profdrercangurses.com\/az\/agrilar\/bel-agrilari\/\">Bel A\u011fr\u0131lar\u0131<\/a><\/li>\n<li id=\"menu-item-5420\" class=\"menu-item menu-item-type-post_type menu-item-object-page menu-item-5420\"><a href=\"https:\/\/profdrercangurses.com\/az\/agrilar\/bel-agrilari\/disk-yirtigi\/\">Disk Y\u0131rt\u0131\u011f\u0131<\/a><\/li>\n<li id=\"menu-item-5421\" class=\"menu-item menu-item-type-post_type menu-item-object-page menu-item-5421\"><a href=\"https:\/\/profdrercangurses.com\/az\/agrilar\/bel-agrilari\/onurga-stenozu\/\">Onur\u011fa Stenozu<\/a><\/li>\n<li id=\"menu-item-5423\" class=\"menu-item menu-item-type-post_type menu-item-object-page menu-item-5423\"><a href=\"https:\/\/profdrercangurses.com\/az\/agrilar\/neyropatik-agri-v%c9%99-nevralji\/\">Neyropatik A\u011fr\u0131 v\u0259 Nevralji<\/a><\/li>\n<li id=\"menu-item-5422\" class=\"menu-item menu-item-type-post_type menu-item-object-page menu-item-5422\"><a href=\"https:\/\/profdrercangurses.com\/az\/agrilar\/fantom-agrilar\/\">Fantom A\u011fr\u0131lar<\/a><\/li>\n<li id=\"menu-item-5424\" class=\"menu-item menu-item-type-post_type menu-item-object-page menu-item-5424\"><a href=\"https:\/\/profdrercangurses.com\/az\/agrilar\/oynaq-agrilari\/\">Oynaq A\u011fr\u0131lar\u0131<\/a><\/li>\n<\/ul><\/div>[\/vc_column_inner][vc_column_inner css=&#8221;.vc_custom_1608195737477{margin-bottom: 30px !important;padding-top: 35px !important;padding-right: 20px !important;padding-bottom: 35px !important;padding-left: 20px !important;background-color: #f7f8fa !important;border-radius: 5px !important;}&#8221; responsive_css=&#8221;margin_bottom_medium:45px|padding_right_medium:35px|padding_left_medium:35px&#8221;]<style>.ld_fancy_heading_69e1fc1565dca h3 {font-size:19px; } .ld_fancy_heading_69e1fc1565dca h3 {margin-bottom:1.25em !important;  } .ld_fancy_heading_69e1fc1565dca .lqd-highlight-inner{height:0.275em!important;bottom:0px!important;}.ld_fancy_heading_69e1fc1565dca h3 {font-size:19px; } .ld_fancy_heading_69e1fc1565dca h3 {margin-bottom:1.25em !important;  } <\/style><div class=\"ld-fancy-heading ld_fancy_heading_69e1fc1565dca\">\n\t<h3 class=\"ld-fh-element lqd-highlight-underline lqd-highlight-grow-left text-decoration-default\"   >  \u018flaq\u0259 Formas\u0131<\/h3><\/div><style>.ld_cf7_69e1fc156608e input,.ld_cf7_69e1fc156608e textarea,.ld_cf7_69e1fc156608e .ui-button.ui-selectmenu-button{font-size:15px;}.ld_cf7_69e1fc156608e input[type=\"submit\"]{font-size:15px;background:rgb(24, 67, 65);border-color:rgb(24, 67, 65);}.ld_cf7_69e1fc156608e input, .ld_cf7_69e1fc156608e select, .ld_cf7_69e1fc156608e textarea, .ld_cf7_69e1fc156608e .ui-button.ui-selectmenu-button{background:rgb(255, 255, 255);}.ld_cf7_69e1fc156608e input, .ld_cf7_69e1fc156608e select, .ld_cf7_69e1fc156608e textarea, .ld_cf7_69e1fc156608e .ui-button.ui-selectmenu-button, .ld_cf7_69e1fc156608e .wpcf7-form-control-wrap > i, .ld_cf7_69e1fc156608e .wpcf7-radio{color:rgb(127, 130, 132);}.ld_cf7_69e1fc156608e input:focus, .ld_cf7_69e1fc156608e select:focus, .ld_cf7_69e1fc156608e textarea:focus, .ld_cf7_69e1fc156608e .ui-button.ui-selectmenu-button:hover, .wpcf7-acceptance .wpcf7-list-item-label:after{color:rgb(0, 0, 0);}.ld_cf7_69e1fc156608e .wpcf7-form-control-wrap{margin-bottom:10px;}<\/style><div id=\"ld_cf7_69e1fc156608e\" class=\"lqd-contact-form lqd-contact-form-inputs-filled lqd-contact-form-inputs-round lqd-contact-form-button-block lqd-contact-form-button-round ld_cf7_69e1fc156608e vc_custom_1647515784674\">\n\t\n<div class=\"wpcf7 no-js\" id=\"wpcf7-f5433-o1\" lang=\"en-US\" dir=\"ltr\" data-wpcf7-id=\"5433\">\n<div class=\"screen-reader-response\"><p role=\"status\" aria-live=\"polite\" aria-atomic=\"true\"><\/p> <ul><\/ul><\/div>\n<form action=\"\/az\/wp-json\/wp\/v2\/pages\/4765#wpcf7-f5433-o1\" method=\"post\" class=\"wpcf7-form init\" aria-label=\"Contact form\" novalidate=\"novalidate\" data-status=\"init\">\n<fieldset class=\"hidden-fields-container\"><input type=\"hidden\" name=\"_wpcf7\" value=\"5433\" \/><input type=\"hidden\" name=\"_wpcf7_version\" value=\"6.1.5\" \/><input type=\"hidden\" name=\"_wpcf7_locale\" value=\"en_US\" \/><input type=\"hidden\" name=\"_wpcf7_unit_tag\" value=\"wpcf7-f5433-o1\" \/><input type=\"hidden\" name=\"_wpcf7_container_post\" value=\"0\" \/><input type=\"hidden\" name=\"_wpcf7_posted_data_hash\" value=\"\" \/><input type=\"hidden\" name=\"_wpcf7_recaptcha_response\" value=\"\" \/>\n<\/fieldset>\n<p><span class=\"wpcf7-form-control-wrap\" data-name=\"text-775\"><input size=\"40\" maxlength=\"400\" class=\"wpcf7-form-control wpcf7-text wpcf7-validates-as-required\" aria-required=\"true\" aria-invalid=\"false\" placeholder=\"Ad Soyad\" value=\"\" type=\"text\" name=\"text-775\" \/><\/span><span class=\"wpcf7-form-control-wrap\" data-name=\"email-550\"><input size=\"40\" maxlength=\"400\" class=\"wpcf7-form-control wpcf7-email wpcf7-validates-as-required wpcf7-text wpcf7-validates-as-email\" aria-required=\"true\" aria-invalid=\"false\" placeholder=\"E-po\u00e7t\" value=\"\" type=\"email\" name=\"email-550\" \/><\/span><span class=\"wpcf7-form-control-wrap\" data-name=\"textarea-138\"><textarea cols=\"10\" rows=\"4\" maxlength=\"2000\" class=\"wpcf7-form-control wpcf7-textarea wpcf7-validates-as-required\" aria-required=\"true\" aria-invalid=\"false\" placeholder=\"S\u0259nin mesaj\u0131n\" name=\"textarea-138\"><\/textarea><\/span><input class=\"wpcf7-form-control wpcf7-submit has-spinner\" type=\"submit\" value=\"G\u00f6nder\" \/>\n<\/p><p style=\"display: none !important;\" class=\"akismet-fields-container\" data-prefix=\"_wpcf7_ak_\"><label>&#916;<textarea name=\"_wpcf7_ak_hp_textarea\" cols=\"45\" rows=\"8\" maxlength=\"100\"><\/textarea><\/label><input type=\"hidden\" id=\"ak_js_1\" name=\"_wpcf7_ak_js\" value=\"85\"\/><script>document.getElementById( \"ak_js_1\" ).setAttribute( \"value\", ( new Date() ).getTime() );<\/script><\/p><div class=\"wpcf7-response-output\" aria-hidden=\"true\"><\/div>\n<\/form>\n<\/div>\n<\/div>[\/vc_column_inner][vc_column_inner css=&#8221;.vc_custom_1608195709893{border-top-width: 1px !important;border-right-width: 1px !important;border-bottom-width: 1px !important;border-left-width: 1px !important;padding-top: 20px !important;padding-right: 20px !important;padding-bottom: 20px !important;padding-left: 20px !important;border-left-color: rgba(112,112,112,0.15) !important;border-left-style: solid !important;border-right-color: rgba(112,112,112,0.15) !important;border-right-style: solid !important;border-top-color: rgba(112,112,112,0.15) !important;border-top-style: solid !important;border-bottom-color: rgba(112,112,112,0.15) !important;border-bottom-style: solid !important;border-radius: 3px !important;}&#8221; responsive_css=&#8221;padding_right_large:35px|padding_left_large:50px|padding_right_medium:15px|padding_left_medium:15px|padding_right_small:10px|padding_left_small:10px&#8221;]<style>.ld_icon_box_69e1fc1568604 .iconbox-icon-container{color:rgb(38, 176, 95);font-size:20px;width:65px !important;height:65px !important;background:rgba(38, 176, 95, 0.1);border-radius:px;}.ld_icon_box_69e1fc1568604 .iconbox-icon-container:before{border-color:rgba(38, 176, 95, 0.1);}.ld_icon_box_69e1fc1568604 .lqd-iconbox-title{color:rgb(160, 160, 160);margin-bottom:1px;font-size:15px;}<\/style>\n<div class=\"iconbox iconbox-side text-align-default align-items-center iconbox-circle ld_icon_box_69e1fc1568604 vc_custom_1730703189529\" id=\"ld_icon_box_69e1fc1568604\"  data-animate-icon=\"true\" data-plugin-options='{\"color\":\"rgb(38, 176, 95)\"}'  >\n\t\n\t\t\t\t\t\n\t\n\t<div class=\"iconbox-icon-wrap\"><span class=\"iconbox-icon-container\"><i class=\"lqd-icn-ess icon-lqd-mobile\"><\/i><\/span><\/div>\t\n\t\t\n\t<div class=\"contents\">\t\n\t\t\n\t<h3 class=\"lqd-iconbox-title font-weight-medium\">\u018flaq\u0259 n\u00f6mr\u0259si<\/h3>\t<p><a href=\"tel:+994 50 5178687\">+994 50 5178687<\/a><\/p>\n\t\t\n\t<\/div>\t\n\t\n<\/div>\n[\/vc_column_inner][\/vc_row_inner][\/vc_column][vc_column width=&#8221;2\/3&#8243; column_top_ontablet=&#8221;yes&#8221; column_top_onmobile=&#8221;yes&#8221; offset=&#8221;vc_col-md-offset-0 vc_col-md-8&#8243; responsive_css=&#8221;margin_bottom_medium:0px&#8221; css=&#8221;.vc_custom_1610729062932{margin-bottom: 35px !important;}&#8221;]<style>.ld_content_box_69e1fc1569393 .lqd-fb-content-title{font-weight:700 !important;}.ld_content_box_69e1fc1569393 .lqd-fb-bg{background:-webkit-linear-gradient(180deg, rgba(255, 255, 255, 0) 0%, rgba(24, 27, 49, 0.6) 100%);background:linear-gradient(180deg, rgba(255, 255, 255, 0) 0%, rgba(24, 27, 49, 0.6) 100%);}<\/style><div id=\"ld_content_box_69e1fc1569393\" class=\"lqd-fb lqd-fb-style-1 lqd-fb-style-1-3 round pos-rel overflow-hidden lqd-fb-zoom-img-onhover h-pt-60 ld_content_box_69e1fc1569393\" data-inview=\"true\">\n\t<div class=\"lqd-fb-inner lqd-overlay\">\n\n\t\t<div class=\"lqd-fb-img lqd-overlay overflow-hidden\">\n\n\t\t<figure data-responsive-bg=\"true\"><img decoding=\"async\" width=\"1080\" height=\"900\" data-src=\"https:\/\/profdrercangurses.com\/wp-content\/uploads\/2021\/12\/belagrilari.jpg\" class=\"w-100 invisible lazyload\" alt=\"\" data-srcset=\"https:\/\/profdrercangurses.com\/wp-content\/uploads\/2021\/12\/belagrilari.jpg 1080w, https:\/\/profdrercangurses.com\/wp-content\/uploads\/2021\/12\/belagrilari-300x250.jpg 300w, https:\/\/profdrercangurses.com\/wp-content\/uploads\/2021\/12\/belagrilari-1024x853.jpg 1024w\" data-sizes=\"(max-width: 1080px) 100vw, 1080px\" itemprop=\"image\" title=\"\" src=\"data:image\/svg+xml;base64,PHN2ZyB3aWR0aD0iMSIgaGVpZ2h0PSIxIiB4bWxucz0iaHR0cDovL3d3dy53My5vcmcvMjAwMC9zdmciPjwvc3ZnPg==\" style=\"--smush-placeholder-width: 1080px; --smush-placeholder-aspect-ratio: 1080\/900;\"><\/figure>\t\t\n\t\t<\/div>\n\n\t\t<div class=\"lqd-fb-content lqd-overlay align-items-end\">\n\t\t\t<div class=\"lqd-fb-bg lqd-overlay\"><\/div>\n\t\t\t<div class=\"lqd-fb-hover-overlay lqd-overlay\"><\/div>\n\t\t\t<div class=\"lqd-fb-content-inner d-flex flex-column justify-content-end pos-rel h-100 w-100 w-md-75 p-4 p-md-8\">\n\t\t\t\t\n\t\t\t\t\t\t\t\t\n\t\t\t\t<div\n\t\t\t\tclass=\"lqd-fb-content-bottom mt-auto\"\n\t\t\t\tdata-custom-animations=\"true\"\n\t\t\t\tdata-ca-options='{ \"triggerHandler\": \"inview\", \"animationTarget\": \"all-childs\", \"duration\": 1200, \"delay\": 120,  \"startDelay\": 300, \"initValues\": { \"y\": 30, \"opacity\": 0 }, \"animations\": { \"y\": 0, \"opacity\": 1 } }'>\n\t\t\t\t\t\n\t\t\t\t\t\t\t\t\t\t<h2\t\t\t\t\tclass=\"lqd-fb-content-title my-0 mb-3\"\n\t\t\t\t\tdata-split-text=\"true\" data-split-options='{ \"type\": \"lines\" }'>Bel A\u011fr\u0131lar\u0131\t\t\t\t\t<\/h2>\n\t\t\t\t\t\t\t\t\t\t\n\t\t\t\t\t\n\t\t\t\t\t\t\t\t\t\t<p\n\t\t\t\t\tclass=\"my-0 mb-5\"\n\t\t\t\t\tdata-split-text=\"true\" data-split-options='{ \"type\": \"lines\" }'>Bel a\u011fr\u0131s\u0131 h\u0259yat keyfiyy\u0259tin\u0259 m\u0259nfi t\u0259sir ed\u0259n v\u0259 i\u015f g\u00fcc\u00fcn\u00fcn itirilm\u0259sin\u0259 s\u0259b\u0259b olan son d\u0259r\u0259c\u0259 yayg\u0131n bir x\u0259st\u0259likdir.<\/p>\n\t\t\t\t\t\n\t\t\t\t\t\n\t\t\t\t<\/div>\n\t\t\t\t\n\t\t\t<\/div>\n\t\t<\/div>\n\n\t<\/div>\n<\/div>\n[vc_column_text]<\/p>\n<h2>Bel a\u011fr\u0131s\u0131na s\u0259b\u0259b n\u0259dir?<\/h2>\n<p>Bel a\u011fr\u0131s\u0131n\u0131n bu q\u0259d\u0259r yayg\u0131n olmas\u0131n\u0131n bir \u00e7ox s\u0259b\u0259bi var. Belimiz b\u0259d\u0259nimizin a\u011f\u0131rl\u0131q<br \/>\nm\u0259rk\u0259zidir v\u0259 g\u00fcn \u0259rzind\u0259 etdiyimiz dem\u0259k olar ki, b\u00fct\u00fcn h\u0259r\u0259k\u0259tl\u0259r bel b\u00f6lg\u0259miz\u0259 d\u0259 t\u0259sir<br \/>\nedir. Bel, ba\u015fqa s\u00f6zl\u0259 des\u0259k, daim g\u0259rginliy\u04d9 m\u0259ruz qalan, y\u00fck\u00fc da\u015f\u0131yan b\u00f6lg\u0259mizdir.<\/p>\n<h2>Bel a\u011fr\u0131s\u0131n\u0131n s\u0259b\u0259bl\u0259ri n\u0259l\u0259rdir?<\/h2>\n<p>Bel a\u011fr\u0131s\u0131n\u0131n m\u00fcxt\u0259lif s\u0259b\u0259bl\u0259ri var. Beld\u0259 g\u0259rginlik, sinirl\u0259rin q\u0131c\u0131qlanmas\u0131, s\u00fcm\u00fckl\u0259r\u0259<br \/>\nt\u0259zyiq, s\u00fcm\u00fck v\u0259 oynaqlarda deformasiya v\u0259 x\u0259st\u0259likl\u0259r, artrit kimi probleml\u0259r bel a\u011fr\u0131lar\u0131na<br \/>\ns\u0259b\u0259b olur.<\/p>\n<p>Bel a\u011fr\u0131s\u0131n\u0131n s\u0259b\u0259bl\u0259rini iki \u0259sas qrupda toplaya bil\u0259rik:<\/p>\n<ul>\n<li>Mexanik v\u0259 degenerativ s\u0259b\u0259bl\u0259r: B\u00fct\u00fcn bel a\u011fr\u0131lar\u0131n\u0131n t\u0259xmin\u0259n 95%-i bu s\u0259b\u0259bd\u0259n<br \/>\nqaynaqlan\u0131r.<br \/>\nMexanik: Onur\u011fada g\u00f6r\u00fcl\u0259n \u0259skik v\u0259ya \u00e7ox olan bel s\u00fcm\u00fcy\u00fc, onur\u011fan\u0131n bud s\u00fcm\u00fcy\u00fcn\u0259<br \/>\nyap\u0131\u015f\u0131q olmas\u0131, art\u0131q bel \u00e7uxuru, bel a\u011fr\u0131lar\u0131, y\u0131rt\u0131qlar, travmalar v\u0259 \u0259z\u0259l\u0259 z\u0259ifliyin\u0259 ba\u011fl\u0131 bel<br \/>\na\u011fr\u0131lar\u0131 mexaniki \u0259sasl\u0131 a\u011fr\u0131lard\u0131r.Degenerativ s\u0259b\u0259bl\u0259r is\u0259 toxumalar\u0131n strukturunun pozulma meydana g\u0259lm\u0259sini g\u00f6st\u0259rir.<br \/>\nM\u0259s\u0259l\u0259n, ya\u015flanma il\u0259 birlikd\u0259 onur\u011falarda, diskl\u0259rd\u0259, ba\u011flarda v\u0259 \u0259z\u0259l\u0259l\u0259rd\u0259 kalsifikasiyalar<br \/>\nmeydana g\u0259l\u0259 bil\u0259r.<\/li>\n<li>\u0130ltihab s\u0259b\u0259bl\u0259ri: Revmatizm, v\u0259r\u0259m kimi infeksiyaya ba\u011fl\u0131 s\u0259b\u0259bl\u0259r, onur\u011fa s\u00fctununu v\u0259<br \/>\n\u0259traf\u0131n\u0131 \u0259hat\u0259 ed\u0259n x\u0259r\u00e7\u0259ngl\u0259r kimi say\u0131la bilir. Bu n\u00f6v bel a\u011fr\u0131lar\u0131 istirah\u0259tl\u0259 ke\u00e7mir, gec\u0259l\u0259r<br \/>\nart\u0131r, h\u0259r\u0259k\u0259t ed\u0259rk\u0259n qism\u0259n azal\u0131r, s\u0259h\u0259r s\u0259rtliyi ya\u015fan\u0131r, h\u0259ddind\u0259n art\u0131q istilik t\u0259tbiqi<br \/>\na\u011fr\u0131lar\u0131 art\u0131ra bil\u0259r.<\/li>\n<\/ul>\n<p>G\u0259zinti v\u0259 bel \u00fc\u00e7\u00fcn yax\u015f\u0131 olan y\u00fcng\u00fcl m\u0259\u015fql\u0259r , g\u0259rm\u0259 h\u0259r\u0259k\u0259tl\u0259ri edil\u0259 bil\u0259r .<br \/>\nA\u011fr\u0131 \u00fcz\u0259rind\u0259 isti v\u0259 ya soyuq t\u0259tbiq d\u0259 t\u0259sirli ola bil\u0259r.Bundan \u0259lav\u0259, stol\u00fcst\u00fc i\u015fl\u0259rd\u0259<br \/>\n\u00e7al\u0131\u015fanlar\u0131n oturacaqlar\u0131 beli d\u0259st\u0259kl\u0259y\u0259c\u0259k v\u0259 ayaqlar\u0131 yer\u0259 d\u0259y\u0259c\u0259k \u015f\u0259kild\u0259 olmal\u0131, komp\u00fcter<br \/>\nmonitoru is\u0259 g\u00f6z s\u0259viyy\u0259sind\u0259 olmal\u0131d\u0131r. Belinizi zorlamayacaq y\u00fcks\u0259klikd\u0259 ayaqqab\u0131<br \/>\ngeyinm\u0259k d\u0259 a\u011fr\u0131lar\u0131 azaltma\u011fa k\u00f6m\u0259k edir.<\/p>\n<h2>Bel A\u011fr\u0131s\u0131 Diaqnozu v\u0259 T\u0259\u015fhisi<\/h2>\n<p>Bel a\u011fr\u0131s\u0131n\u0131n diaqnozu v\u0259 t\u0259\u015fhisi \u00fc\u00e7\u00fcn h\u0259kim \u0259vv\u0259lc\u0259 fiziki m\u00fcayin\u0259 apar\u0131r. Mexanik v\u0259<br \/>\ndegenerativ bel a\u011fr\u0131lar\u0131 g\u00f6r\u00fcnt\u00fcl\u0259m\u0259 \u00fcsullar\u0131ndan istifad\u0259 edil\u0259r\u0259k diaqnoz qoyulur. \u0130ltihabi<br \/>\nbel a\u011fr\u0131lar\u0131nda x\u0259st\u0259nin qan \u015f\u0259kli pisl\u0259\u015fm\u0259 g\u00f6r\u00fcl\u0259 bil\u0259r. Bu m\u0259nada qan testl\u0259ri diaqnozu \u00e7ox<br \/>\nfaydal\u0131d\u0131r.<\/p>\n<h2>Bel a\u011fr\u0131s\u0131 nec\u0259 m\u00fcalic\u0259 olunur?<\/h2>\n<p>Bel a\u011fr\u0131s\u0131n\u0131n s\u0259b\u0259bin\u0259 g\u00f6r\u0259 m\u00fcxt\u0259lif m\u00fcalic\u0259 \u00fcsullar\u0131 m\u00f6vcuddur. M\u00fcalic\u0259d\u0259 d\u0259rman<br \/>\nm\u00fcalic\u0259si, fiziki m\u00fcalic\u0259 \u00fcsullar\u0131, epidural v\u0259 transforaminal steroid inyeksiyalar\u0131, radiotezlik<br \/>\nv\u0259 lazer t\u0259tbiql\u0259ri kimi minimal invaziv \u00fcsullar s\u0131naqdan ke\u00e7irilir.<br \/>\nMinimal invaziv \u00fcsullara cavab al\u0131nmazsa, c\u0259rrahi m\u00fcalic\u0259 son se\u00e7im olmal\u0131d\u0131r.[\/vc_column_text][vc_separator color=&#8221;custom&#8221; accent_color=&#8221;rgba(0,0,0,0.1)&#8221; css=&#8221;.vc_custom_1608195050020{margin-top: 10px !important;}&#8221;][\/vc_column][\/vc_row][vc_row][vc_column][\/vc_column][\/vc_row]<\/p>\n","protected":false},"excerpt":{"rendered":"<p>[vc_row css=&#8221;.vc_custom_1622016079265{padding-top: 60px !important;padding-bottom: 60px !important;}&#8221;][vc_column enable_pin=&#8221;enable_pin&#8221; width=&#8221;5\/12&#8243; offset=&#8221;vc_col-md-4&#8243; responsive_css=&#8221;padding_right_medium:7%25&#8243;][vc_row_inner][vc_column_inner responsive_css=&#8221;margin_bottom_medium:45px&#8221; css=&#8221;.vc_custom_1608194013763{margin-bottom: 30px !important;}&#8221;][\/vc_column_inner][vc_column_inner css=&#8221;.vc_custom_1608195737477{margin-bottom: 30px !important;padding-top: 35px !important;padding-right: 20px !important;padding-bottom: 35px !important;padding-left: 20px !important;background-color: #f7f8fa !important;border-radius: 5px !important;}&#8221; responsive_css=&#8221;margin_bottom_medium:45px|padding_right_medium:35px|padding_left_medium:35px&#8221;][\/vc_column_inner][vc_column_inner css=&#8221;.vc_custom_1608195709893{border-top-width: 1px !important;border-right-width: 1px !important;border-bottom-width: 1px !important;border-left-width: 1px !important;padding-top: 20px !important;padding-right: 20px !important;padding-bottom: 20px !important;padding-left: 20px !important;border-left-color: rgba(112,112,112,0.15) !important;border-left-style: solid !important;border-right-color: rgba(112,112,112,0.15) !important;border-right-style: solid !important;border-top-color: [&hellip;]<\/p>\n","protected":false},"author":1,"featured_media":0,"parent":6897,"menu_order":0,"comment_status":"closed","ping_status":"closed","template":"","meta":{"footnotes":""},"class_list":["post-4765","page","type-page","status-publish","hentry"],"_links":{"self":[{"href":"https:\/\/profdrercangurses.com\/az\/wp-json\/wp\/v2\/pages\/4765","targetHints":{"allow":["GET"]}}],"collection":[{"href":"https:\/\/profdrercangurses.com\/az\/wp-json\/wp\/v2\/pages"}],"about":[{"href":"https:\/\/profdrercangurses.com\/az\/wp-json\/wp\/v2\/types\/page"}],"author":[{"embeddable":true,"href":"https:\/\/profdrercangurses.com\/az\/wp-json\/wp\/v2\/users\/1"}],"replies":[{"embeddable":true,"href":"https:\/\/profdrercangurses.com\/az\/wp-json\/wp\/v2\/comments?post=4765"}],"version-history":[{"count":3,"href":"https:\/\/profdrercangurses.com\/az\/wp-json\/wp\/v2\/pages\/4765\/revisions"}],"predecessor-version":[{"id":7110,"href":"https:\/\/profdrercangurses.com\/az\/wp-json\/wp\/v2\/pages\/4765\/revisions\/7110"}],"up":[{"embeddable":true,"href":"https:\/\/profdrercangurses.com\/az\/wp-json\/wp\/v2\/pages\/6897"}],"wp:attachment":[{"href":"https:\/\/profdrercangurses.com\/az\/wp-json\/wp\/v2\/media?parent=4765"}],"curies":[{"name":"wp","href":"https:\/\/api.w.org\/{rel}","templated":true}]}}