{"id":4766,"date":"2021-12-20T12:56:22","date_gmt":"2021-12-20T09:56:22","guid":{"rendered":"https:\/\/profdrercangurses.com\/bel-agrilari\/disk-hernisi-bel-fitigi\/"},"modified":"2024-11-04T09:53:46","modified_gmt":"2024-11-04T06:53:46","slug":"disk-yirtigi","status":"publish","type":"page","link":"https:\/\/profdrercangurses.com\/az\/agrilar\/bel-agrilari\/disk-yirtigi\/","title":{"rendered":"Disk Y\u0131rt\u0131\u011f\u0131"},"content":{"rendered":"<p>[vc_row css=&#8221;.vc_custom_1622016079265{padding-top: 60px !important;padding-bottom: 60px !important;}&#8221;][vc_column enable_pin=&#8221;enable_pin&#8221; width=&#8221;5\/12&#8243; offset=&#8221;vc_col-md-4&#8243; responsive_css=&#8221;padding_right_medium:7%25&#8243;][vc_row_inner][vc_column_inner responsive_css=&#8221;margin_bottom_medium:45px&#8221; css=&#8221;.vc_custom_1608194013763{margin-bottom: 30px !important;}&#8221;]<style>.ld_custom_menu_69f1d1e5e7e55 > ul > li > a{font-size:15px;font-weight:700;letter-spacing:0.01em;color:rgb(51, 51, 51);background:rgb(247, 248, 250);}.ld_custom_menu_69f1d1e5e7e55 > ul > li:not(:last-child){margin-bottom:3px;}.lqd-stickybar > .lqd-head-col > .header-module > .ld_custom_menu_69f1d1e5e7e55 li{margin-inline-start:3px;}.ld_custom_menu_69f1d1e5e7e55 > ul > li > a:hover, .ld_custom_menu_69f1d1e5e7e55 li.is-active > a{background:rgb(233, 233, 233);}<\/style><div\n\tclass=\"lqd-fancy-menu lqd-custom-menu menu-items-has-fill lqd-menu-td-none ld_custom_menu_69f1d1e5e7e55\"\n\t>\n\n<ul id=\"ld_custom_menu_69f1d1e5e7e55\" class=\"reset-ul   \" ><li id=\"menu-item-5419\" class=\"menu-item menu-item-type-post_type menu-item-object-page menu-item-5419\"><a href=\"https:\/\/profdrercangurses.com\/az\/agrilar\/bel-agrilari\/\">Bel A\u011fr\u0131lar\u0131<\/a><\/li>\n<li id=\"menu-item-5420\" class=\"menu-item menu-item-type-post_type menu-item-object-page menu-item-5420\"><a href=\"https:\/\/profdrercangurses.com\/az\/agrilar\/bel-agrilari\/disk-yirtigi\/\">Disk Y\u0131rt\u0131\u011f\u0131<\/a><\/li>\n<li id=\"menu-item-5421\" class=\"menu-item menu-item-type-post_type menu-item-object-page menu-item-5421\"><a href=\"https:\/\/profdrercangurses.com\/az\/agrilar\/bel-agrilari\/onurga-stenozu\/\">Onur\u011fa Stenozu<\/a><\/li>\n<li id=\"menu-item-5423\" class=\"menu-item menu-item-type-post_type menu-item-object-page menu-item-5423\"><a href=\"https:\/\/profdrercangurses.com\/az\/agrilar\/neyropatik-agri-v%c9%99-nevralji\/\">Neyropatik A\u011fr\u0131 v\u0259 Nevralji<\/a><\/li>\n<li id=\"menu-item-5422\" class=\"menu-item menu-item-type-post_type menu-item-object-page menu-item-5422\"><a href=\"https:\/\/profdrercangurses.com\/az\/agrilar\/fantom-agrilar\/\">Fantom A\u011fr\u0131lar<\/a><\/li>\n<li id=\"menu-item-5424\" class=\"menu-item menu-item-type-post_type menu-item-object-page menu-item-5424\"><a href=\"https:\/\/profdrercangurses.com\/az\/agrilar\/oynaq-agrilari\/\">Oynaq A\u011fr\u0131lar\u0131<\/a><\/li>\n<\/ul><\/div>[\/vc_column_inner][vc_column_inner css=&#8221;.vc_custom_1608195737477{margin-bottom: 30px !important;padding-top: 35px !important;padding-right: 20px !important;padding-bottom: 35px !important;padding-left: 20px !important;background-color: #f7f8fa !important;border-radius: 5px !important;}&#8221; responsive_css=&#8221;margin_bottom_medium:45px|padding_right_medium:35px|padding_left_medium:35px&#8221;]<style>.ld_fancy_heading_69f1d1e5f32c7 h3 {font-size:19px; } .ld_fancy_heading_69f1d1e5f32c7 h3 {margin-bottom:1.25em !important;  } .ld_fancy_heading_69f1d1e5f32c7 .lqd-highlight-inner{height:0.275em!important;bottom:0px!important;}.ld_fancy_heading_69f1d1e5f32c7 h3 {font-size:19px; } .ld_fancy_heading_69f1d1e5f32c7 h3 {margin-bottom:1.25em !important;  } <\/style><div class=\"ld-fancy-heading ld_fancy_heading_69f1d1e5f32c7\">\n\t<h3 class=\"ld-fh-element lqd-highlight-underline lqd-highlight-grow-left text-decoration-default\"   >  \u018flaq\u0259 Formas\u0131<\/h3><\/div><style>.ld_cf7_69f1d1e5f3f5b input,.ld_cf7_69f1d1e5f3f5b textarea,.ld_cf7_69f1d1e5f3f5b .ui-button.ui-selectmenu-button{font-size:15px;}.ld_cf7_69f1d1e5f3f5b input[type=\"submit\"]{font-size:15px;background:rgb(24, 67, 65);border-color:rgb(24, 67, 65);}.ld_cf7_69f1d1e5f3f5b input, .ld_cf7_69f1d1e5f3f5b select, .ld_cf7_69f1d1e5f3f5b textarea, .ld_cf7_69f1d1e5f3f5b .ui-button.ui-selectmenu-button{background:rgb(255, 255, 255);}.ld_cf7_69f1d1e5f3f5b input, .ld_cf7_69f1d1e5f3f5b select, .ld_cf7_69f1d1e5f3f5b textarea, .ld_cf7_69f1d1e5f3f5b .ui-button.ui-selectmenu-button, .ld_cf7_69f1d1e5f3f5b .wpcf7-form-control-wrap > i, .ld_cf7_69f1d1e5f3f5b .wpcf7-radio{color:rgb(127, 130, 132);}.ld_cf7_69f1d1e5f3f5b input:focus, .ld_cf7_69f1d1e5f3f5b select:focus, .ld_cf7_69f1d1e5f3f5b textarea:focus, .ld_cf7_69f1d1e5f3f5b .ui-button.ui-selectmenu-button:hover, .wpcf7-acceptance .wpcf7-list-item-label:after{color:rgb(0, 0, 0);}.ld_cf7_69f1d1e5f3f5b .wpcf7-form-control-wrap{margin-bottom:10px;}<\/style><div id=\"ld_cf7_69f1d1e5f3f5b\" class=\"lqd-contact-form lqd-contact-form-inputs-filled lqd-contact-form-inputs-round lqd-contact-form-button-block lqd-contact-form-button-round ld_cf7_69f1d1e5f3f5b vc_custom_1647515801543\">\n\t\n<div class=\"wpcf7 no-js\" id=\"wpcf7-f5433-o1\" lang=\"en-US\" dir=\"ltr\" data-wpcf7-id=\"5433\">\n<div class=\"screen-reader-response\"><p role=\"status\" aria-live=\"polite\" aria-atomic=\"true\"><\/p> <ul><\/ul><\/div>\n<form action=\"\/az\/wp-json\/wp\/v2\/pages\/4766#wpcf7-f5433-o1\" method=\"post\" class=\"wpcf7-form init\" aria-label=\"Contact form\" novalidate=\"novalidate\" data-status=\"init\">\n<fieldset class=\"hidden-fields-container\"><input type=\"hidden\" name=\"_wpcf7\" value=\"5433\" \/><input type=\"hidden\" name=\"_wpcf7_version\" value=\"6.1.5\" \/><input type=\"hidden\" name=\"_wpcf7_locale\" value=\"en_US\" \/><input type=\"hidden\" name=\"_wpcf7_unit_tag\" value=\"wpcf7-f5433-o1\" \/><input type=\"hidden\" name=\"_wpcf7_container_post\" value=\"0\" \/><input type=\"hidden\" name=\"_wpcf7_posted_data_hash\" value=\"\" \/><input type=\"hidden\" name=\"_wpcf7_recaptcha_response\" value=\"\" \/>\n<\/fieldset>\n<p><span class=\"wpcf7-form-control-wrap\" data-name=\"text-775\"><input size=\"40\" maxlength=\"400\" class=\"wpcf7-form-control wpcf7-text wpcf7-validates-as-required\" aria-required=\"true\" aria-invalid=\"false\" placeholder=\"Ad Soyad\" value=\"\" type=\"text\" name=\"text-775\" \/><\/span><span class=\"wpcf7-form-control-wrap\" data-name=\"email-550\"><input size=\"40\" maxlength=\"400\" class=\"wpcf7-form-control wpcf7-email wpcf7-validates-as-required wpcf7-text wpcf7-validates-as-email\" aria-required=\"true\" aria-invalid=\"false\" placeholder=\"E-po\u00e7t\" value=\"\" type=\"email\" name=\"email-550\" \/><\/span><span class=\"wpcf7-form-control-wrap\" data-name=\"textarea-138\"><textarea cols=\"10\" rows=\"4\" maxlength=\"2000\" class=\"wpcf7-form-control wpcf7-textarea wpcf7-validates-as-required\" aria-required=\"true\" aria-invalid=\"false\" placeholder=\"S\u0259nin mesaj\u0131n\" name=\"textarea-138\"><\/textarea><\/span><input class=\"wpcf7-form-control wpcf7-submit has-spinner\" type=\"submit\" value=\"G\u00f6nder\" \/>\n<\/p><p style=\"display: none !important;\" class=\"akismet-fields-container\" data-prefix=\"_wpcf7_ak_\"><label>&#916;<textarea name=\"_wpcf7_ak_hp_textarea\" cols=\"45\" rows=\"8\" maxlength=\"100\"><\/textarea><\/label><input type=\"hidden\" id=\"ak_js_1\" name=\"_wpcf7_ak_js\" value=\"211\"\/><script>document.getElementById( \"ak_js_1\" ).setAttribute( \"value\", ( new Date() ).getTime() );<\/script><\/p><div class=\"wpcf7-response-output\" aria-hidden=\"true\"><\/div>\n<\/form>\n<\/div>\n<\/div>[\/vc_column_inner][vc_column_inner css=&#8221;.vc_custom_1608195709893{border-top-width: 1px !important;border-right-width: 1px !important;border-bottom-width: 1px !important;border-left-width: 1px !important;padding-top: 20px !important;padding-right: 20px !important;padding-bottom: 20px !important;padding-left: 20px !important;border-left-color: rgba(112,112,112,0.15) !important;border-left-style: solid !important;border-right-color: rgba(112,112,112,0.15) !important;border-right-style: solid !important;border-top-color: rgba(112,112,112,0.15) !important;border-top-style: solid !important;border-bottom-color: rgba(112,112,112,0.15) !important;border-bottom-style: solid !important;border-radius: 3px !important;}&#8221; responsive_css=&#8221;padding_right_large:35px|padding_left_large:50px|padding_right_medium:15px|padding_left_medium:15px|padding_right_small:10px|padding_left_small:10px&#8221;]<style>.ld_icon_box_69f1d1e602fe0 .iconbox-icon-container{color:rgb(38, 176, 95);font-size:20px;width:65px !important;height:65px !important;background:rgba(38, 176, 95, 0.1);border-radius:px;}.ld_icon_box_69f1d1e602fe0 .iconbox-icon-container:before{border-color:rgba(38, 176, 95, 0.1);}.ld_icon_box_69f1d1e602fe0 .lqd-iconbox-title{color:rgb(160, 160, 160);margin-bottom:1px;font-size:15px;}<\/style>\n<div class=\"iconbox iconbox-side text-align-default align-items-center iconbox-circle ld_icon_box_69f1d1e602fe0 vc_custom_1730703219886\" id=\"ld_icon_box_69f1d1e602fe0\"  data-animate-icon=\"true\" data-plugin-options='{\"color\":\"rgb(38, 176, 95)\"}'  >\n\t\n\t\t\t\t\t\n\t\n\t<div class=\"iconbox-icon-wrap\"><span class=\"iconbox-icon-container\"><i class=\"lqd-icn-ess icon-lqd-mobile\"><\/i><\/span><\/div>\t\n\t\t\n\t<div class=\"contents\">\t\n\t\t\n\t<h3 class=\"lqd-iconbox-title font-weight-medium\">\u018flaq\u0259 n\u00f6mr\u0259si<\/h3>\t<p><a href=\"tel:+994 50 5178687\">+994 50 5178687<\/a><\/p>\n\t\t\n\t<\/div>\t\n\t\n<\/div>\n[\/vc_column_inner][\/vc_row_inner][\/vc_column][vc_column width=&#8221;2\/3&#8243; column_top_ontablet=&#8221;yes&#8221; column_top_onmobile=&#8221;yes&#8221; offset=&#8221;vc_col-md-offset-0 vc_col-md-8&#8243; responsive_css=&#8221;margin_bottom_medium:0px&#8221; css=&#8221;.vc_custom_1610729062932{margin-bottom: 35px !important;}&#8221;]<style>.ld_content_box_69f1d1e603e57 .lqd-fb-content-title{font-weight:700 !important;}.ld_content_box_69f1d1e603e57 .lqd-fb-bg{background:-webkit-linear-gradient(180deg, rgba(255, 255, 255, 0) 0%, rgba(24, 27, 49, 0.6) 100%);background:linear-gradient(180deg, rgba(255, 255, 255, 0) 0%, rgba(24, 27, 49, 0.6) 100%);}<\/style><div id=\"ld_content_box_69f1d1e603e57\" class=\"lqd-fb lqd-fb-style-1 lqd-fb-style-1-3 round pos-rel overflow-hidden lqd-fb-zoom-img-onhover h-pt-60 ld_content_box_69f1d1e603e57\" data-inview=\"true\">\n\t<div class=\"lqd-fb-inner lqd-overlay\">\n\n\t\t<div class=\"lqd-fb-img lqd-overlay overflow-hidden\">\n\n\t\t<figure data-responsive-bg=\"true\"><img decoding=\"async\" width=\"1080\" height=\"900\" data-src=\"https:\/\/profdrercangurses.com\/wp-content\/uploads\/2021\/12\/diskhernisi.jpg\" class=\"w-100 invisible lazyload\" alt=\"\" data-srcset=\"https:\/\/profdrercangurses.com\/wp-content\/uploads\/2021\/12\/diskhernisi.jpg 1080w, https:\/\/profdrercangurses.com\/wp-content\/uploads\/2021\/12\/diskhernisi-300x250.jpg 300w, https:\/\/profdrercangurses.com\/wp-content\/uploads\/2021\/12\/diskhernisi-1024x853.jpg 1024w\" data-sizes=\"(max-width: 1080px) 100vw, 1080px\" itemprop=\"image\" title=\"\" src=\"data:image\/svg+xml;base64,PHN2ZyB3aWR0aD0iMSIgaGVpZ2h0PSIxIiB4bWxucz0iaHR0cDovL3d3dy53My5vcmcvMjAwMC9zdmciPjwvc3ZnPg==\" style=\"--smush-placeholder-width: 1080px; --smush-placeholder-aspect-ratio: 1080\/900;\"><\/figure>\t\t\n\t\t<\/div>\n\n\t\t<div class=\"lqd-fb-content lqd-overlay align-items-end\">\n\t\t\t<div class=\"lqd-fb-bg lqd-overlay\"><\/div>\n\t\t\t<div class=\"lqd-fb-hover-overlay lqd-overlay\"><\/div>\n\t\t\t<div class=\"lqd-fb-content-inner d-flex flex-column justify-content-end pos-rel h-100 w-100 w-md-75 p-4 p-md-8\">\n\t\t\t\t\n\t\t\t\t\t\t\t\t\n\t\t\t\t<div\n\t\t\t\tclass=\"lqd-fb-content-bottom mt-auto\"\n\t\t\t\tdata-custom-animations=\"true\"\n\t\t\t\tdata-ca-options='{ \"triggerHandler\": \"inview\", \"animationTarget\": \"all-childs\", \"duration\": 1200, \"delay\": 120,  \"startDelay\": 300, \"initValues\": { \"y\": 30, \"opacity\": 0 }, \"animations\": { \"y\": 0, \"opacity\": 1 } }'>\n\t\t\t\t\t\n\t\t\t\t\t\t\t\t\t\t<h2\t\t\t\t\tclass=\"lqd-fb-content-title my-0 mb-3\"\n\t\t\t\t\tdata-split-text=\"true\" data-split-options='{ \"type\": \"lines\" }'>Disk Y\u0131rt\u0131\u011f\u0131\t\t\t\t\t<\/h2>\n\t\t\t\t\t\t\t\t\t\t\n\t\t\t\t\t\n\t\t\t\t\t\t\t\t\t\t<p\n\t\t\t\t\tclass=\"my-0 mb-5\"\n\t\t\t\t\tdata-split-text=\"true\" data-split-options='{ \"type\": \"lines\" }'>F\u0259q\u0259r\u0259l\u0259r aras\u0131nda diskl\u0259r adlanan yast\u0131qlar var.<\/p>\n\t\t\t\t\t\n\t\t\t\t\t\n\t\t\t\t<\/div>\n\t\t\t\t\n\t\t\t<\/div>\n\t\t<\/div>\n\n\t<\/div>\n<\/div>\n[vc_column_text]\u0130\u00e7i jelatin\u0259 b\u0259nz\u0259r madd\u0259 il\u0259 dolu olan bu yast\u0131qlar\u0131n v\u0259zif\u0259si beld\u0259ki y\u00fckl\u0259ri tarazla\u015fd\u0131rmaqd\u0131r. Diski qal\u0131n qoruyucu bir \u00f6rt\u00fck \u0259hat\u0259 edir. Bu qab\u0131\u011f\u0131n z\u0259ifl\u0259m\u0259si v\u0259 ya z\u0259d\u0259l\u0259nm\u0259si; qabar\u0131ql\u0131q, \u00e7\u0131x\u0131nt\u0131 v\u0259 ya y\u0131rt\u0131qla n\u0259tic\u0259l\u0259n\u0259 bil\u0259r. B\u00fct\u00fcn bu d\u0259yi\u015fiklikl\u0259r a\u011fr\u0131ya s\u0259b\u0259b olur.<\/p>\n<h2>Disk y\u0131rt\u0131\u011f\u0131 n\u0259dir?<\/h2>\n<p>Onur\u011fan\u0131n bel nahiy\u0259sind\u0259 5 f\u0259q\u0259r\u0259 v\u0259 5 disk var. Bu diskl\u0259rin qopmas\u0131 n\u0259tic\u0259sind\u0259 disk t\u0259rkibinin onur\u011fa kanal\u0131na daxil olaraq sinirl\u0259r\u0259 basmas\u0131 disk y\u0131rt\u0131\u011f\u0131 olaraq t\u0259yin olunur. Ya\u015flanma s\u0259b\u0259biyl\u0259 y\u0131rt\u0131q meydana g\u0259l\u0259 bil\u0259c\u0259yi kimi, beld\u0259 g\u0259rginlik v\u0259 ya ani t\u0259rs h\u0259r\u0259k\u0259tl\u0259r d\u0259 bu v\u0259ziyy\u0259t\u0259 s\u0259b\u0259b ola bil\u0259r.<\/p>\n<h2>Klinik \u0259lam\u0259tl\u0259r:<\/h2>\n<p>\u018fn \u00e7ox g\u00f6r\u00fcl\u0259n \u0259lam\u0259tl\u0259r a\u015fa\u011f\u0131dak\u0131 kimi s\u0131ralan\u0131r:<\/p>\n<ul>\n<li>\u00a0Bel v\u0259 tutulan sinirl\u0259rin paylan\u0131m nahiy\u01ddsind\u0259 a\u011fr\u0131,<\/li>\n<li>H\u0259r\u0259k\u0259t, \u00f6sk\u00fcr\u0259k, ir\u0259li \u0259yilm\u0259 il\u0259 artan a\u011fr\u0131,<\/li>\n<li>\u00a0Tutulan ayaqda hadis\u0259nin \u015fidd\u0259tin\u0259 ba\u011fl\u0131 hissiyyat itkisi<\/li>\n<li>\u00a0A\u011fr\u0131 nahiy\u0259sind\u0259 uyu\u015fma hissi<\/li>\n<li>\u00a0G\u00fcc itkisi<\/li>\n<li>\u00a0Refleks itkisi<\/li>\n<li>\u00a0Yerim\u0259kd\u0259 \u00e7\u0259tinlik<\/li>\n<\/ul>\n<h2>Nec\u0259 diaqnoz qoyulur?<\/h2>\n<p>X\u0259st\u0259nin anamnezi al\u0131nd\u0131qdan sonra , klinik m\u00fcayin\u01dd \u00fcsullar\u0131 g\u00f6r\u00fcnt\u00fcl\u0259m\u0259 \u00fcsullar\u0131 i\u015f\u0131\u011f\u0131nda \u01ddld\u01dd edilir. Onur\u011fan\u0131n rentgenoloji g\u00f6r\u00fcnt\u00fcs\u00fc a\u011fr\u0131n\u0131n s\u0259b\u0259bini t\u0259yin etm\u0259k \u00fc\u00e7\u00fcn \u0259n vacib m\u00fcayin\u0259 vasit\u0259sidir. Diaqnostik \u00fcsullar a\u015fa\u011f\u0131dak\u0131 kimi verilmi\u015fdir .<\/p>\n<ul>\n<li>\u00a0Maqnit rezonans g\u00f6r\u00fcnt\u00fcl\u0259m\u0259 (MR)<\/li>\n<li>\u00a0Komp\u00fcter tomoqrafiyas\u0131 (KT)<\/li>\n<li>\u00a0Elektromiyoqrafiya (EMG)<\/li>\n<li>\u00a0Diskoqrafiya<\/li>\n<\/ul>\n<h2>M\u00fcalic\u0259si<\/h2>\n<p>X\u0259st\u0259d\u0259; g\u00fcc itkisi, hissiyyat itkisi, refleksl\u0259rin azalmas\u0131 v\u0259 itki yoxdursa; Steroid inyeksiya, intradisc elektrotermal terapiya, intradisc plazma lazer (L-disq) \u018fg\u0259r x\u0259st\u0259d\u0259 daimi hissiyat itkisi, g\u00fcc v\u0259 refleks itkisi m\u00fc\u015fahid\u0259 edilirs\u0259, o zaman c\u0259rrahi m\u00fcdaxil\u0259 edilm\u0259lidir.[\/vc_column_text][vc_separator color=&#8221;custom&#8221; accent_color=&#8221;rgba(0,0,0,0.1)&#8221; css=&#8221;.vc_custom_1608195050020{margin-top: 10px !important;}&#8221;][\/vc_column][\/vc_row][vc_row][vc_column][\/vc_column][\/vc_row]<\/p>\n","protected":false},"excerpt":{"rendered":"<p>[vc_row css=&#8221;.vc_custom_1622016079265{padding-top: 60px !important;padding-bottom: 60px !important;}&#8221;][vc_column enable_pin=&#8221;enable_pin&#8221; width=&#8221;5\/12&#8243; offset=&#8221;vc_col-md-4&#8243; responsive_css=&#8221;padding_right_medium:7%25&#8243;][vc_row_inner][vc_column_inner responsive_css=&#8221;margin_bottom_medium:45px&#8221; css=&#8221;.vc_custom_1608194013763{margin-bottom: 30px !important;}&#8221;][\/vc_column_inner][vc_column_inner css=&#8221;.vc_custom_1608195737477{margin-bottom: 30px !important;padding-top: 35px !important;padding-right: 20px !important;padding-bottom: 35px !important;padding-left: 20px !important;background-color: #f7f8fa !important;border-radius: 5px !important;}&#8221; responsive_css=&#8221;margin_bottom_medium:45px|padding_right_medium:35px|padding_left_medium:35px&#8221;][\/vc_column_inner][vc_column_inner css=&#8221;.vc_custom_1608195709893{border-top-width: 1px !important;border-right-width: 1px !important;border-bottom-width: 1px !important;border-left-width: 1px !important;padding-top: 20px !important;padding-right: 20px !important;padding-bottom: 20px !important;padding-left: 20px !important;border-left-color: rgba(112,112,112,0.15) !important;border-left-style: solid !important;border-right-color: rgba(112,112,112,0.15) !important;border-right-style: solid !important;border-top-color: [&hellip;]<\/p>\n","protected":false},"author":1,"featured_media":0,"parent":4765,"menu_order":0,"comment_status":"closed","ping_status":"closed","template":"","meta":{"footnotes":""},"class_list":["post-4766","page","type-page","status-publish","hentry"],"_links":{"self":[{"href":"https:\/\/profdrercangurses.com\/az\/wp-json\/wp\/v2\/pages\/4766","targetHints":{"allow":["GET"]}}],"collection":[{"href":"https:\/\/profdrercangurses.com\/az\/wp-json\/wp\/v2\/pages"}],"about":[{"href":"https:\/\/profdrercangurses.com\/az\/wp-json\/wp\/v2\/types\/page"}],"author":[{"embeddable":true,"href":"https:\/\/profdrercangurses.com\/az\/wp-json\/wp\/v2\/users\/1"}],"replies":[{"embeddable":true,"href":"https:\/\/profdrercangurses.com\/az\/wp-json\/wp\/v2\/comments?post=4766"}],"version-history":[{"count":2,"href":"https:\/\/profdrercangurses.com\/az\/wp-json\/wp\/v2\/pages\/4766\/revisions"}],"predecessor-version":[{"id":7112,"href":"https:\/\/profdrercangurses.com\/az\/wp-json\/wp\/v2\/pages\/4766\/revisions\/7112"}],"up":[{"embeddable":true,"href":"https:\/\/profdrercangurses.com\/az\/wp-json\/wp\/v2\/pages\/4765"}],"wp:attachment":[{"href":"https:\/\/profdrercangurses.com\/az\/wp-json\/wp\/v2\/media?parent=4766"}],"curies":[{"name":"wp","href":"https:\/\/api.w.org\/{rel}","templated":true}]}}