{"id":4768,"date":"2021-12-20T14:02:24","date_gmt":"2021-12-20T11:02:24","guid":{"rendered":"https:\/\/profdrercangurses.com\/hayalet-agrilar\/"},"modified":"2024-11-04T09:52:59","modified_gmt":"2024-11-04T06:52:59","slug":"fantom-agrilar","status":"publish","type":"page","link":"https:\/\/profdrercangurses.com\/az\/agrilar\/fantom-agrilar\/","title":{"rendered":"Fantom A\u011fr\u0131lar"},"content":{"rendered":"<p>[vc_row css=&#8221;.vc_custom_1622016079265{padding-top: 60px !important;padding-bottom: 60px !important;}&#8221;][vc_column enable_pin=&#8221;enable_pin&#8221; width=&#8221;5\/12&#8243; offset=&#8221;vc_col-md-4&#8243; responsive_css=&#8221;padding_right_medium:7%25&#8243;][vc_row_inner][vc_column_inner responsive_css=&#8221;margin_bottom_medium:45px&#8221; css=&#8221;.vc_custom_1608194013763{margin-bottom: 30px !important;}&#8221;]<style>.ld_custom_menu_69f1d18a25fa9 > ul > li > a{font-size:15px;font-weight:700;letter-spacing:0.01em;color:rgb(51, 51, 51);background:rgb(247, 248, 250);}.ld_custom_menu_69f1d18a25fa9 > ul > li:not(:last-child){margin-bottom:3px;}.lqd-stickybar > .lqd-head-col > .header-module > .ld_custom_menu_69f1d18a25fa9 li{margin-inline-start:3px;}.ld_custom_menu_69f1d18a25fa9 > ul > li > a:hover, .ld_custom_menu_69f1d18a25fa9 li.is-active > a{background:rgb(233, 233, 233);}<\/style><div\n\tclass=\"lqd-fancy-menu lqd-custom-menu menu-items-has-fill lqd-menu-td-none ld_custom_menu_69f1d18a25fa9\"\n\t>\n\n<ul id=\"ld_custom_menu_69f1d18a25fa9\" class=\"reset-ul   \" ><li id=\"menu-item-5419\" class=\"menu-item menu-item-type-post_type menu-item-object-page menu-item-5419\"><a href=\"https:\/\/profdrercangurses.com\/az\/agrilar\/bel-agrilari\/\">Bel A\u011fr\u0131lar\u0131<\/a><\/li>\n<li id=\"menu-item-5420\" class=\"menu-item menu-item-type-post_type menu-item-object-page menu-item-5420\"><a href=\"https:\/\/profdrercangurses.com\/az\/agrilar\/bel-agrilari\/disk-yirtigi\/\">Disk Y\u0131rt\u0131\u011f\u0131<\/a><\/li>\n<li id=\"menu-item-5421\" class=\"menu-item menu-item-type-post_type menu-item-object-page menu-item-5421\"><a href=\"https:\/\/profdrercangurses.com\/az\/agrilar\/bel-agrilari\/onurga-stenozu\/\">Onur\u011fa Stenozu<\/a><\/li>\n<li id=\"menu-item-5423\" class=\"menu-item menu-item-type-post_type menu-item-object-page menu-item-5423\"><a href=\"https:\/\/profdrercangurses.com\/az\/agrilar\/neyropatik-agri-v%c9%99-nevralji\/\">Neyropatik A\u011fr\u0131 v\u0259 Nevralji<\/a><\/li>\n<li id=\"menu-item-5422\" class=\"menu-item menu-item-type-post_type menu-item-object-page menu-item-5422\"><a href=\"https:\/\/profdrercangurses.com\/az\/agrilar\/fantom-agrilar\/\">Fantom A\u011fr\u0131lar<\/a><\/li>\n<li id=\"menu-item-5424\" class=\"menu-item menu-item-type-post_type menu-item-object-page menu-item-5424\"><a href=\"https:\/\/profdrercangurses.com\/az\/agrilar\/oynaq-agrilari\/\">Oynaq A\u011fr\u0131lar\u0131<\/a><\/li>\n<\/ul><\/div>[\/vc_column_inner][vc_column_inner css=&#8221;.vc_custom_1608195737477{margin-bottom: 30px !important;padding-top: 35px !important;padding-right: 20px !important;padding-bottom: 35px !important;padding-left: 20px !important;background-color: #f7f8fa !important;border-radius: 5px !important;}&#8221; responsive_css=&#8221;margin_bottom_medium:45px|padding_right_medium:35px|padding_left_medium:35px&#8221;]<style>.ld_fancy_heading_69f1d18a2c67e h3 {font-size:19px; } .ld_fancy_heading_69f1d18a2c67e h3 {margin-bottom:1.25em !important;  } .ld_fancy_heading_69f1d18a2c67e .lqd-highlight-inner{height:0.275em!important;bottom:0px!important;}.ld_fancy_heading_69f1d18a2c67e h3 {font-size:19px; } .ld_fancy_heading_69f1d18a2c67e h3 {margin-bottom:1.25em !important;  } <\/style><div class=\"ld-fancy-heading ld_fancy_heading_69f1d18a2c67e\">\n\t<h3 class=\"ld-fh-element lqd-highlight-underline lqd-highlight-grow-left text-decoration-default\"   >  \u018flaq\u0259 Formas\u0131<\/h3><\/div><style>.ld_cf7_69f1d18a2d128 input,.ld_cf7_69f1d18a2d128 textarea,.ld_cf7_69f1d18a2d128 .ui-button.ui-selectmenu-button{font-size:15px;}.ld_cf7_69f1d18a2d128 input[type=\"submit\"]{font-size:15px;background:rgb(24, 67, 65);border-color:rgb(24, 67, 65);}.ld_cf7_69f1d18a2d128 input, .ld_cf7_69f1d18a2d128 select, .ld_cf7_69f1d18a2d128 textarea, .ld_cf7_69f1d18a2d128 .ui-button.ui-selectmenu-button{background:rgb(255, 255, 255);}.ld_cf7_69f1d18a2d128 input, .ld_cf7_69f1d18a2d128 select, .ld_cf7_69f1d18a2d128 textarea, .ld_cf7_69f1d18a2d128 .ui-button.ui-selectmenu-button, .ld_cf7_69f1d18a2d128 .wpcf7-form-control-wrap > i, .ld_cf7_69f1d18a2d128 .wpcf7-radio{color:rgb(127, 130, 132);}.ld_cf7_69f1d18a2d128 input:focus, .ld_cf7_69f1d18a2d128 select:focus, .ld_cf7_69f1d18a2d128 textarea:focus, .ld_cf7_69f1d18a2d128 .ui-button.ui-selectmenu-button:hover, .wpcf7-acceptance .wpcf7-list-item-label:after{color:rgb(0, 0, 0);}.ld_cf7_69f1d18a2d128 .wpcf7-form-control-wrap{margin-bottom:10px;}<\/style><div id=\"ld_cf7_69f1d18a2d128\" class=\"lqd-contact-form lqd-contact-form-inputs-filled lqd-contact-form-inputs-round lqd-contact-form-button-block lqd-contact-form-button-round ld_cf7_69f1d18a2d128 vc_custom_1647515832038\">\n\t\n<div class=\"wpcf7 no-js\" id=\"wpcf7-f5433-o1\" lang=\"en-US\" dir=\"ltr\" data-wpcf7-id=\"5433\">\n<div class=\"screen-reader-response\"><p role=\"status\" aria-live=\"polite\" aria-atomic=\"true\"><\/p> <ul><\/ul><\/div>\n<form action=\"\/az\/wp-json\/wp\/v2\/pages\/4768#wpcf7-f5433-o1\" method=\"post\" class=\"wpcf7-form init\" aria-label=\"Contact form\" novalidate=\"novalidate\" data-status=\"init\">\n<fieldset class=\"hidden-fields-container\"><input type=\"hidden\" name=\"_wpcf7\" value=\"5433\" \/><input type=\"hidden\" name=\"_wpcf7_version\" value=\"6.1.5\" \/><input type=\"hidden\" name=\"_wpcf7_locale\" value=\"en_US\" \/><input type=\"hidden\" name=\"_wpcf7_unit_tag\" value=\"wpcf7-f5433-o1\" \/><input type=\"hidden\" name=\"_wpcf7_container_post\" value=\"0\" \/><input type=\"hidden\" name=\"_wpcf7_posted_data_hash\" value=\"\" \/><input type=\"hidden\" name=\"_wpcf7_recaptcha_response\" value=\"\" \/>\n<\/fieldset>\n<p><span class=\"wpcf7-form-control-wrap\" data-name=\"text-775\"><input size=\"40\" maxlength=\"400\" class=\"wpcf7-form-control wpcf7-text wpcf7-validates-as-required\" aria-required=\"true\" aria-invalid=\"false\" placeholder=\"Ad Soyad\" value=\"\" type=\"text\" name=\"text-775\" \/><\/span><span class=\"wpcf7-form-control-wrap\" data-name=\"email-550\"><input size=\"40\" maxlength=\"400\" class=\"wpcf7-form-control wpcf7-email wpcf7-validates-as-required wpcf7-text wpcf7-validates-as-email\" aria-required=\"true\" aria-invalid=\"false\" placeholder=\"E-po\u00e7t\" value=\"\" type=\"email\" name=\"email-550\" \/><\/span><span class=\"wpcf7-form-control-wrap\" data-name=\"textarea-138\"><textarea cols=\"10\" rows=\"4\" maxlength=\"2000\" class=\"wpcf7-form-control wpcf7-textarea wpcf7-validates-as-required\" aria-required=\"true\" aria-invalid=\"false\" placeholder=\"S\u0259nin mesaj\u0131n\" name=\"textarea-138\"><\/textarea><\/span><input class=\"wpcf7-form-control wpcf7-submit has-spinner\" type=\"submit\" value=\"G\u00f6nder\" \/>\n<\/p><p style=\"display: none !important;\" class=\"akismet-fields-container\" data-prefix=\"_wpcf7_ak_\"><label>&#916;<textarea name=\"_wpcf7_ak_hp_textarea\" cols=\"45\" rows=\"8\" maxlength=\"100\"><\/textarea><\/label><input type=\"hidden\" id=\"ak_js_1\" name=\"_wpcf7_ak_js\" value=\"52\"\/><script>document.getElementById( \"ak_js_1\" ).setAttribute( \"value\", ( new Date() ).getTime() );<\/script><\/p><div class=\"wpcf7-response-output\" aria-hidden=\"true\"><\/div>\n<\/form>\n<\/div>\n<\/div>[\/vc_column_inner][vc_column_inner css=&#8221;.vc_custom_1608195709893{border-top-width: 1px !important;border-right-width: 1px !important;border-bottom-width: 1px !important;border-left-width: 1px !important;padding-top: 20px !important;padding-right: 20px !important;padding-bottom: 20px !important;padding-left: 20px !important;border-left-color: rgba(112,112,112,0.15) !important;border-left-style: solid !important;border-right-color: rgba(112,112,112,0.15) !important;border-right-style: solid !important;border-top-color: rgba(112,112,112,0.15) !important;border-top-style: solid !important;border-bottom-color: rgba(112,112,112,0.15) !important;border-bottom-style: solid !important;border-radius: 3px !important;}&#8221; responsive_css=&#8221;padding_right_large:35px|padding_left_large:50px|padding_right_medium:15px|padding_left_medium:15px|padding_right_small:10px|padding_left_small:10px&#8221;]<style>.ld_icon_box_69f1d18a2f45f .iconbox-icon-container{color:rgb(38, 176, 95);font-size:20px;width:65px !important;height:65px !important;background:rgba(38, 176, 95, 0.1);border-radius:px;}.ld_icon_box_69f1d18a2f45f .iconbox-icon-container:before{border-color:rgba(38, 176, 95, 0.1);}.ld_icon_box_69f1d18a2f45f .lqd-iconbox-title{color:rgb(160, 160, 160);margin-bottom:1px;font-size:15px;}<\/style>\n<div class=\"iconbox iconbox-side text-align-default align-items-center iconbox-circle ld_icon_box_69f1d18a2f45f vc_custom_1730703173268\" id=\"ld_icon_box_69f1d18a2f45f\"  data-animate-icon=\"true\" data-plugin-options='{\"color\":\"rgb(38, 176, 95)\"}'  >\n\t\n\t\t\t\t\t\n\t\n\t<div class=\"iconbox-icon-wrap\"><span class=\"iconbox-icon-container\"><i class=\"lqd-icn-ess icon-lqd-mobile\"><\/i><\/span><\/div>\t\n\t\t\n\t<div class=\"contents\">\t\n\t\t\n\t<h3 class=\"lqd-iconbox-title font-weight-medium\">\u018flaq\u0259 n\u00f6mr\u0259si<\/h3>\t<p><a href=\"tel:+994 50 5178687\">+994 50 5178687<\/a><\/p>\n\t\t\n\t<\/div>\t\n\t\n<\/div>\n[\/vc_column_inner][\/vc_row_inner][\/vc_column][vc_column width=&#8221;2\/3&#8243; column_top_ontablet=&#8221;yes&#8221; column_top_onmobile=&#8221;yes&#8221; offset=&#8221;vc_col-md-offset-0 vc_col-md-8&#8243; responsive_css=&#8221;margin_bottom_medium:0px&#8221; css=&#8221;.vc_custom_1610729062932{margin-bottom: 35px !important;}&#8221;]<style>.ld_content_box_69f1d18a2fcc8 .lqd-fb-content-title{font-weight:700 !important;}.ld_content_box_69f1d18a2fcc8 .lqd-fb-bg{background:-webkit-linear-gradient(180deg, rgba(255, 255, 255, 0) 0%, rgba(24, 27, 49, 0.6) 100%);background:linear-gradient(180deg, rgba(255, 255, 255, 0) 0%, rgba(24, 27, 49, 0.6) 100%);}<\/style><div id=\"ld_content_box_69f1d18a2fcc8\" class=\"lqd-fb lqd-fb-style-1 lqd-fb-style-1-3 round pos-rel overflow-hidden lqd-fb-zoom-img-onhover h-pt-60 ld_content_box_69f1d18a2fcc8\" data-inview=\"true\">\n\t<div class=\"lqd-fb-inner lqd-overlay\">\n\n\t\t<div class=\"lqd-fb-img lqd-overlay overflow-hidden\">\n\n\t\t<figure data-responsive-bg=\"true\"><img decoding=\"async\" width=\"1080\" height=\"900\" data-src=\"https:\/\/profdrercangurses.com\/wp-content\/uploads\/2021\/12\/hayaletagrilar.jpg\" class=\"w-100 invisible lazyload\" alt=\"\" data-srcset=\"https:\/\/profdrercangurses.com\/wp-content\/uploads\/2021\/12\/hayaletagrilar.jpg 1080w, https:\/\/profdrercangurses.com\/wp-content\/uploads\/2021\/12\/hayaletagrilar-300x250.jpg 300w, https:\/\/profdrercangurses.com\/wp-content\/uploads\/2021\/12\/hayaletagrilar-1024x853.jpg 1024w\" data-sizes=\"(max-width: 1080px) 100vw, 1080px\" itemprop=\"image\" title=\"\" src=\"data:image\/svg+xml;base64,PHN2ZyB3aWR0aD0iMSIgaGVpZ2h0PSIxIiB4bWxucz0iaHR0cDovL3d3dy53My5vcmcvMjAwMC9zdmciPjwvc3ZnPg==\" style=\"--smush-placeholder-width: 1080px; --smush-placeholder-aspect-ratio: 1080\/900;\"><\/figure>\t\t\n\t\t<\/div>\n\n\t\t<div class=\"lqd-fb-content lqd-overlay align-items-end\">\n\t\t\t<div class=\"lqd-fb-bg lqd-overlay\"><\/div>\n\t\t\t<div class=\"lqd-fb-hover-overlay lqd-overlay\"><\/div>\n\t\t\t<div class=\"lqd-fb-content-inner d-flex flex-column justify-content-end pos-rel h-100 w-100 w-md-75 p-4 p-md-8\">\n\t\t\t\t\n\t\t\t\t\t\t\t\t\n\t\t\t\t<div\n\t\t\t\tclass=\"lqd-fb-content-bottom mt-auto\"\n\t\t\t\tdata-custom-animations=\"true\"\n\t\t\t\tdata-ca-options='{ \"triggerHandler\": \"inview\", \"animationTarget\": \"all-childs\", \"duration\": 1200, \"delay\": 120,  \"startDelay\": 300, \"initValues\": { \"y\": 30, \"opacity\": 0 }, \"animations\": { \"y\": 0, \"opacity\": 1 } }'>\n\t\t\t\t\t\n\t\t\t\t\t\t\t\t\t\t<h2\t\t\t\t\tclass=\"lqd-fb-content-title my-0 mb-3\"\n\t\t\t\t\tdata-split-text=\"true\" data-split-options='{ \"type\": \"lines\" }'>Fantom A\u011fr\u0131lar\t\t\t\t\t<\/h2>\n\t\t\t\t\t\t\t\t\t\t\n\t\t\t\t\t\n\t\t\t\t\t\t\t\t\t\t<p\n\t\t\t\t\tclass=\"my-0 mb-5\"\n\t\t\t\t\tdata-split-text=\"true\" data-split-options='{ \"type\": \"lines\" }'>S\u0259b\u0259bi d\u0259qiq bilinm\u0259y\u0259n, xronikil\u0259\u015f\u0259n v\u0259 x\u0259st\u0259l\u0259rin h\u0259yat keyfiyy\u0259tin\u0259 ciddi t\u0259sir ed\u0259n a\u011fr\u0131lardan biri d\u0259 fantom a\u011fr\u0131lard\u0131r.<\/p>\n\t\t\t\t\t\n\t\t\t\t\t\n\t\t\t\t<\/div>\n\t\t\t\t\n\t\t\t<\/div>\n\t\t<\/div>\n\n\t<\/div>\n<\/div>\n[vc_column_text]Fantom a\u011fr\u0131lar\u0131 olaraq da bilin\u0259n fantom a\u011fr\u0131lar\u0131na amputasiyadan sonra ba\u015f ver\u0259n \u015fikay\u0259tl\u0259r daxildir.<\/p>\n<h2>Fantom a\u011fr\u0131 n\u0259dir?<\/h2>\n<p>Fantom a\u011fr\u0131lar\u0131 xroniki a\u011fr\u0131 n\u00f6v\u00fcd\u00fcr. \u00dcmumiyy\u0259tl\u0259, x\u0259st\u0259l\u0259rin t\u0259xmin\u0259n 30% -i amputasiyadan d\u0259rhal sonra fantom a\u011fr\u0131lar\u0131 ya\u015fad\u0131qlar\u0131n\u0131 qeyd etdi. Fantom hissi v\u0259 fantom a\u011fr\u0131 amputasiya sonra bir il \u0259rzind\u0259 \u0259ks\u0259r x\u0259st\u0259l\u0259rd\u0259 yox olur. 10% -d\u0259 is\u04d9 x\u0259yali a\u011fr\u0131lar \u0259zalar\u0131n itirilm\u0259si sonras\u0131n\u0131n ikinci ilind\u0259 g\u00f6r\u00fcl\u0259 bil\u0259r.<\/p>\n<h2>K\u00f6k a\u011fr\u0131s\u0131 n\u0259dir?<\/h2>\n<p>Bu, amputasiya edilmi\u015f \u0259zan\u0131n k\u00f6t\u00fck nahiy\u0259sind\u0259 hiss olunan a\u011fr\u0131d\u0131r. Bu a\u011fr\u0131lar yanma, sancma v\u0259 kramp \u015f\u0259klind\u0259 \u00f6z\u00fcn\u00fc g\u00f6st\u0259r\u0259 bil\u0259r. Fantom h\u0259ssasl\u0131q is\u0259 x\u0259st\u0259nin amputasiya edilmi\u015f \u0259zan\u0131n h\u0259l\u0259 d\u0259 yerind\u0259ymi\u015f kimi hiss etm\u0259sin\u0259 veril\u0259n add\u0131r.<\/p>\n<h2>Fantom a\u011fr\u0131lar\u0131 nec\u0259 m\u00fcalic\u0259 olunur?<\/h2>\n<p>Fantom a\u011fr\u0131lar\u0131 m\u00fcalic\u0259 etm\u0259k \u00e7\u0259tindir, lakin bu g\u00fcn x\u0259st\u0259l\u0259rin \u015fikay\u0259tl\u0259rini aradan qald\u0131rmaq \u00fc\u00e7\u00fcn effektiv \u00fcsullar var. Bu \u00fcsullar a\u015fa\u011f\u0131dak\u0131 kimi sadalan\u0131r:<\/p>\n<ul>\n<li>A\u011fr\u0131 k\u0259sicil\u0259r,<\/li>\n<li>Antidepresanlar<\/li>\n<li>Morfin t\u00f6r\u0259m\u0259l\u0259ri<\/li>\n<li>Sinir bloklar\u0131,<\/li>\n<li>Epidural steroid inyeksiyas\u0131,<\/li>\n<li>Simpatik qanqlion blokadas\u0131 v\u0259 ya radiotezlik t\u0259tbiql\u0259ri<\/li>\n<li>Onur\u011fa beyni stimulla\u015fd\u0131r\u0131lmas\u0131<\/li>\n<\/ul>\n<p>[\/vc_column_text][vc_separator color=&#8221;custom&#8221; accent_color=&#8221;rgba(0,0,0,0.1)&#8221; css=&#8221;.vc_custom_1608195050020{margin-top: 10px !important;}&#8221;][\/vc_column][\/vc_row][vc_row][vc_column][\/vc_column][\/vc_row]<\/p>\n","protected":false},"excerpt":{"rendered":"<p>[vc_row css=&#8221;.vc_custom_1622016079265{padding-top: 60px !important;padding-bottom: 60px !important;}&#8221;][vc_column enable_pin=&#8221;enable_pin&#8221; width=&#8221;5\/12&#8243; offset=&#8221;vc_col-md-4&#8243; responsive_css=&#8221;padding_right_medium:7%25&#8243;][vc_row_inner][vc_column_inner responsive_css=&#8221;margin_bottom_medium:45px&#8221; css=&#8221;.vc_custom_1608194013763{margin-bottom: 30px !important;}&#8221;][\/vc_column_inner][vc_column_inner css=&#8221;.vc_custom_1608195737477{margin-bottom: 30px !important;padding-top: 35px !important;padding-right: 20px !important;padding-bottom: 35px !important;padding-left: 20px !important;background-color: #f7f8fa !important;border-radius: 5px !important;}&#8221; responsive_css=&#8221;margin_bottom_medium:45px|padding_right_medium:35px|padding_left_medium:35px&#8221;][\/vc_column_inner][vc_column_inner css=&#8221;.vc_custom_1608195709893{border-top-width: 1px !important;border-right-width: 1px !important;border-bottom-width: 1px !important;border-left-width: 1px !important;padding-top: 20px !important;padding-right: 20px !important;padding-bottom: 20px !important;padding-left: 20px !important;border-left-color: rgba(112,112,112,0.15) !important;border-left-style: solid !important;border-right-color: rgba(112,112,112,0.15) !important;border-right-style: solid !important;border-top-color: [&hellip;]<\/p>\n","protected":false},"author":1,"featured_media":0,"parent":6897,"menu_order":0,"comment_status":"closed","ping_status":"closed","template":"","meta":{"footnotes":""},"class_list":["post-4768","page","type-page","status-publish","hentry"],"_links":{"self":[{"href":"https:\/\/profdrercangurses.com\/az\/wp-json\/wp\/v2\/pages\/4768","targetHints":{"allow":["GET"]}}],"collection":[{"href":"https:\/\/profdrercangurses.com\/az\/wp-json\/wp\/v2\/pages"}],"about":[{"href":"https:\/\/profdrercangurses.com\/az\/wp-json\/wp\/v2\/types\/page"}],"author":[{"embeddable":true,"href":"https:\/\/profdrercangurses.com\/az\/wp-json\/wp\/v2\/users\/1"}],"replies":[{"embeddable":true,"href":"https:\/\/profdrercangurses.com\/az\/wp-json\/wp\/v2\/comments?post=4768"}],"version-history":[{"count":3,"href":"https:\/\/profdrercangurses.com\/az\/wp-json\/wp\/v2\/pages\/4768\/revisions"}],"predecessor-version":[{"id":7109,"href":"https:\/\/profdrercangurses.com\/az\/wp-json\/wp\/v2\/pages\/4768\/revisions\/7109"}],"up":[{"embeddable":true,"href":"https:\/\/profdrercangurses.com\/az\/wp-json\/wp\/v2\/pages\/6897"}],"wp:attachment":[{"href":"https:\/\/profdrercangurses.com\/az\/wp-json\/wp\/v2\/media?parent=4768"}],"curies":[{"name":"wp","href":"https:\/\/api.w.org\/{rel}","templated":true}]}}