{"id":4769,"date":"2021-12-21T12:50:51","date_gmt":"2021-12-21T09:50:51","guid":{"rendered":"https:\/\/profdrercangurses.com\/kok-hucre-tedavisi\/"},"modified":"2022-03-17T14:21:30","modified_gmt":"2022-03-17T11:21:30","slug":"kok-huceyre-terapiyasi","status":"publish","type":"page","link":"https:\/\/profdrercangurses.com\/az\/kok-huceyre-terapiyasi\/","title":{"rendered":"K\u00f6k H\u00fcceyre Terapiyas\u0131"},"content":{"rendered":"<p>[vc_row css=&#8221;.vc_custom_1622016079265{padding-top: 60px !important;padding-bottom: 60px !important;}&#8221;][vc_column enable_pin=&#8221;enable_pin&#8221; width=&#8221;5\/12&#8243; offset=&#8221;vc_col-md-4&#8243; responsive_css=&#8221;padding_right_medium:7%25&#8243;][vc_row_inner][vc_column_inner responsive_css=&#8221;margin_bottom_medium:45px&#8221; css=&#8221;.vc_custom_1608194013763{margin-bottom: 30px !important;}&#8221;]<style>.ld_custom_menu_69e232fa98e05 > ul > li > a{font-size:15px;font-weight:700;letter-spacing:0.01em;color:rgb(51, 51, 51);background:rgb(247, 248, 250);}.ld_custom_menu_69e232fa98e05 > ul > li:not(:last-child){margin-bottom:3px;}.lqd-stickybar > .lqd-head-col > .header-module > .ld_custom_menu_69e232fa98e05 li{margin-inline-start:3px;}.ld_custom_menu_69e232fa98e05 > ul > li > a:hover, .ld_custom_menu_69e232fa98e05 li.is-active > a{background:rgb(233, 233, 233);}<\/style><div\n\tclass=\"lqd-fancy-menu lqd-custom-menu menu-items-has-fill lqd-menu-td-none ld_custom_menu_69e232fa98e05\"\n\t>\n\n<ul id=\"ld_custom_menu_69e232fa98e05\" class=\"reset-ul   \" ><li id=\"menu-item-5430\" class=\"menu-item menu-item-type-post_type menu-item-object-page menu-item-5430\"><a href=\"https:\/\/profdrercangurses.com\/az\/mualic%c9%99l%c9%99rimiz\/radiotezlik-terapiyasi\/\">Radiotezlik Terapiyas\u0131<\/a><\/li>\n<li id=\"menu-item-5427\" class=\"menu-item menu-item-type-post_type menu-item-object-page menu-item-5427\"><a href=\"https:\/\/profdrercangurses.com\/az\/kok-huceyre-terapiyasi\/\">K\u00f6k H\u00fcceyre Terapiyas\u0131<\/a><\/li>\n<li id=\"menu-item-5425\" class=\"menu-item menu-item-type-post_type menu-item-object-page menu-item-5425\"><a href=\"https:\/\/profdrercangurses.com\/az\/mualic%c9%99l%c9%99rimiz\/baklofen-infuziya-pompasi\/\">Baklofen \u0130nfuziya Pompas\u0131<\/a><\/li>\n<li id=\"menu-item-5426\" class=\"menu-item menu-item-type-post_type menu-item-object-page menu-item-5426\"><a href=\"https:\/\/profdrercangurses.com\/az\/mualic%c9%99l%c9%99rimiz\/epiduroskopiya\/\">Epiduroskopiya<\/a><\/li>\n<li id=\"menu-item-5431\" class=\"menu-item menu-item-type-post_type menu-item-object-page menu-item-5431\"><a href=\"https:\/\/profdrercangurses.com\/az\/agrilar\/uriner-inkontinans-ve-fekal-inkontinans-sidik-qacirma-ve-n%c9%99cis-tutmama\/\">\u00dcriner \u0130nkontinans ve Fekal \u0130nkontinans<\/a><\/li>\n<li id=\"menu-item-5429\" class=\"menu-item menu-item-type-post_type menu-item-object-page menu-item-5429\"><a href=\"https:\/\/profdrercangurses.com\/az\/mualic%c9%99l%c9%99rimiz\/onurga-beyni-stimulyatoru-scs\/\">Onur\u011fa Beyni Stimulyatoru (SCS)<\/a><\/li>\n<li id=\"menu-item-5428\" class=\"menu-item menu-item-type-post_type menu-item-object-page menu-item-5428\"><a href=\"https:\/\/profdrercangurses.com\/az\/mualic%c9%99l%c9%99rimiz\/l-disq-plazma-lazer-mualic%c9%99si\/\">L-Disq \u2013 Plazma Lazer M\u00fcalic\u0259si<\/a><\/li>\n<li id=\"menu-item-5432\" class=\"menu-item menu-item-type-post_type menu-item-object-page menu-item-5432\"><a href=\"https:\/\/profdrercangurses.com\/az\/mualic%c9%99l%c9%99rimiz\/vertebroplastika\/\">Vertebroplastika<\/a><\/li>\n<\/ul><\/div>[\/vc_column_inner][vc_column_inner css=&#8221;.vc_custom_1608195737477{margin-bottom: 30px !important;padding-top: 35px !important;padding-right: 20px !important;padding-bottom: 35px !important;padding-left: 20px !important;background-color: #f7f8fa !important;border-radius: 5px !important;}&#8221; responsive_css=&#8221;margin_bottom_medium:45px|padding_right_medium:35px|padding_left_medium:35px&#8221;]<style>.ld_fancy_heading_69e232faa5648 h3 {font-size:19px; } .ld_fancy_heading_69e232faa5648 h3 {margin-bottom:1.25em !important;  } .ld_fancy_heading_69e232faa5648 .lqd-highlight-inner{height:0.275em!important;bottom:0px!important;}.ld_fancy_heading_69e232faa5648 h3 {font-size:19px; } .ld_fancy_heading_69e232faa5648 h3 {margin-bottom:1.25em !important;  } <\/style><div class=\"ld-fancy-heading ld_fancy_heading_69e232faa5648\">\n\t<h3 class=\"ld-fh-element lqd-highlight-underline lqd-highlight-grow-left text-decoration-default\"   >  \u018flaq\u0259 Formas\u0131<\/h3><\/div><style>.ld_cf7_69e232faa58b5 input,.ld_cf7_69e232faa58b5 textarea,.ld_cf7_69e232faa58b5 .ui-button.ui-selectmenu-button{font-size:15px;}.ld_cf7_69e232faa58b5 input[type=\"submit\"]{font-size:15px;background:rgb(24, 67, 65);border-color:rgb(24, 67, 65);}.ld_cf7_69e232faa58b5 input, .ld_cf7_69e232faa58b5 select, .ld_cf7_69e232faa58b5 textarea, .ld_cf7_69e232faa58b5 .ui-button.ui-selectmenu-button{background:rgb(255, 255, 255);}.ld_cf7_69e232faa58b5 input, .ld_cf7_69e232faa58b5 select, .ld_cf7_69e232faa58b5 textarea, .ld_cf7_69e232faa58b5 .ui-button.ui-selectmenu-button, .ld_cf7_69e232faa58b5 .wpcf7-form-control-wrap > i, .ld_cf7_69e232faa58b5 .wpcf7-radio{color:rgb(127, 130, 132);}.ld_cf7_69e232faa58b5 input:focus, .ld_cf7_69e232faa58b5 select:focus, .ld_cf7_69e232faa58b5 textarea:focus, .ld_cf7_69e232faa58b5 .ui-button.ui-selectmenu-button:hover, .wpcf7-acceptance .wpcf7-list-item-label:after{color:rgb(0, 0, 0);}.ld_cf7_69e232faa58b5 .wpcf7-form-control-wrap{margin-bottom:10px;}<\/style><div id=\"ld_cf7_69e232faa58b5\" class=\"lqd-contact-form lqd-contact-form-inputs-filled lqd-contact-form-inputs-round lqd-contact-form-button-block lqd-contact-form-button-round ld_cf7_69e232faa58b5 vc_custom_1647516012983\">\n\t\n<div class=\"wpcf7 no-js\" id=\"wpcf7-f5433-o1\" lang=\"en-US\" dir=\"ltr\" data-wpcf7-id=\"5433\">\n<div class=\"screen-reader-response\"><p role=\"status\" aria-live=\"polite\" aria-atomic=\"true\"><\/p> <ul><\/ul><\/div>\n<form action=\"\/az\/wp-json\/wp\/v2\/pages\/4769#wpcf7-f5433-o1\" method=\"post\" class=\"wpcf7-form init\" aria-label=\"Contact form\" novalidate=\"novalidate\" data-status=\"init\">\n<fieldset class=\"hidden-fields-container\"><input type=\"hidden\" name=\"_wpcf7\" value=\"5433\" \/><input type=\"hidden\" name=\"_wpcf7_version\" value=\"6.1.5\" \/><input type=\"hidden\" name=\"_wpcf7_locale\" value=\"en_US\" \/><input type=\"hidden\" name=\"_wpcf7_unit_tag\" value=\"wpcf7-f5433-o1\" \/><input type=\"hidden\" name=\"_wpcf7_container_post\" value=\"0\" \/><input type=\"hidden\" name=\"_wpcf7_posted_data_hash\" value=\"\" \/><input type=\"hidden\" name=\"_wpcf7_recaptcha_response\" value=\"\" \/>\n<\/fieldset>\n<p><span class=\"wpcf7-form-control-wrap\" data-name=\"text-775\"><input size=\"40\" maxlength=\"400\" class=\"wpcf7-form-control wpcf7-text wpcf7-validates-as-required\" aria-required=\"true\" aria-invalid=\"false\" placeholder=\"Ad Soyad\" value=\"\" type=\"text\" name=\"text-775\" \/><\/span><span class=\"wpcf7-form-control-wrap\" data-name=\"email-550\"><input size=\"40\" maxlength=\"400\" class=\"wpcf7-form-control wpcf7-email wpcf7-validates-as-required wpcf7-text wpcf7-validates-as-email\" aria-required=\"true\" aria-invalid=\"false\" placeholder=\"E-po\u00e7t\" value=\"\" type=\"email\" name=\"email-550\" \/><\/span><span class=\"wpcf7-form-control-wrap\" data-name=\"textarea-138\"><textarea cols=\"10\" rows=\"4\" maxlength=\"2000\" class=\"wpcf7-form-control wpcf7-textarea wpcf7-validates-as-required\" aria-required=\"true\" aria-invalid=\"false\" placeholder=\"S\u0259nin mesaj\u0131n\" name=\"textarea-138\"><\/textarea><\/span><input class=\"wpcf7-form-control wpcf7-submit has-spinner\" type=\"submit\" value=\"G\u00f6nder\" \/>\n<\/p><p style=\"display: none !important;\" class=\"akismet-fields-container\" data-prefix=\"_wpcf7_ak_\"><label>&#916;<textarea name=\"_wpcf7_ak_hp_textarea\" cols=\"45\" rows=\"8\" maxlength=\"100\"><\/textarea><\/label><input type=\"hidden\" id=\"ak_js_1\" name=\"_wpcf7_ak_js\" value=\"233\"\/><script>document.getElementById( \"ak_js_1\" ).setAttribute( \"value\", ( new Date() ).getTime() );<\/script><\/p><div class=\"wpcf7-response-output\" aria-hidden=\"true\"><\/div>\n<\/form>\n<\/div>\n<\/div>[\/vc_column_inner][vc_column_inner css=&#8221;.vc_custom_1608195709893{border-top-width: 1px !important;border-right-width: 1px !important;border-bottom-width: 1px !important;border-left-width: 1px !important;padding-top: 20px !important;padding-right: 20px !important;padding-bottom: 20px !important;padding-left: 20px !important;border-left-color: rgba(112,112,112,0.15) !important;border-left-style: solid !important;border-right-color: rgba(112,112,112,0.15) !important;border-right-style: solid !important;border-top-color: rgba(112,112,112,0.15) !important;border-top-style: solid !important;border-bottom-color: rgba(112,112,112,0.15) !important;border-bottom-style: solid !important;border-radius: 3px !important;}&#8221; responsive_css=&#8221;padding_right_large:35px|padding_left_large:50px|padding_right_medium:15px|padding_left_medium:15px|padding_right_small:10px|padding_left_small:10px&#8221;]<style>.ld_icon_box_69e232faa7619 .iconbox-icon-container{color:rgb(38, 176, 95);font-size:20px;width:65px !important;height:65px !important;background:rgba(38, 176, 95, 0.1);border-radius:px;}.ld_icon_box_69e232faa7619 .iconbox-icon-container:before{border-color:rgba(38, 176, 95, 0.1);}.ld_icon_box_69e232faa7619 .lqd-iconbox-title{color:rgb(160, 160, 160);margin-bottom:1px;font-size:15px;}<\/style>\n<div class=\"iconbox iconbox-side text-align-default align-items-center iconbox-circle ld_icon_box_69e232faa7619 vc_custom_1647516087123\" id=\"ld_icon_box_69e232faa7619\"  data-animate-icon=\"true\" data-plugin-options='{\"color\":\"rgb(38, 176, 95)\"}'  >\n\t\n\t\t\t\t\t\n\t\n\t<div class=\"iconbox-icon-wrap\"><span class=\"iconbox-icon-container\"><i class=\"lqd-icn-ess icon-lqd-mobile\"><\/i><\/span><\/div>\t\n\t\t\n\t<div class=\"contents\">\t\n\t\t\n\t<h3 class=\"lqd-iconbox-title font-weight-medium\">\u018flaq\u0259 n\u00f6mr\u0259si<\/h3>\t<p><a href=\"tel:+905551958888\">0555 195 88 88<\/a><\/p>\n\t\t\n\t<\/div>\t\n\t\n<\/div>\n[\/vc_column_inner][\/vc_row_inner][\/vc_column][vc_column width=&#8221;2\/3&#8243; column_top_ontablet=&#8221;yes&#8221; column_top_onmobile=&#8221;yes&#8221; offset=&#8221;vc_col-md-offset-0 vc_col-md-8&#8243; responsive_css=&#8221;margin_bottom_medium:0px&#8221; css=&#8221;.vc_custom_1610729062932{margin-bottom: 35px !important;}&#8221;]<style>.ld_content_box_69e232faa85d0 .lqd-fb-content-title{font-weight:700 !important;}.ld_content_box_69e232faa85d0 .lqd-fb-bg{background:-webkit-linear-gradient(180deg, rgba(255, 255, 255, 0) 0%, rgba(24, 27, 49, 0.6) 100%);background:linear-gradient(180deg, rgba(255, 255, 255, 0) 0%, rgba(24, 27, 49, 0.6) 100%);}<\/style><div id=\"ld_content_box_69e232faa85d0\" class=\"lqd-fb lqd-fb-style-1 lqd-fb-style-1-3 round pos-rel overflow-hidden lqd-fb-zoom-img-onhover h-pt-60 ld_content_box_69e232faa85d0\" data-inview=\"true\">\n\t<div class=\"lqd-fb-inner lqd-overlay\">\n\n\t\t<div class=\"lqd-fb-img lqd-overlay overflow-hidden\">\n\n\t\t<figure data-responsive-bg=\"true\"><img decoding=\"async\" width=\"1080\" height=\"900\" data-src=\"https:\/\/profdrercangurses.com\/wp-content\/uploads\/2021\/12\/kokhucretedavisi.jpg\" class=\"w-100 invisible lazyload\" alt=\"\" data-srcset=\"https:\/\/profdrercangurses.com\/wp-content\/uploads\/2021\/12\/kokhucretedavisi.jpg 1080w, https:\/\/profdrercangurses.com\/wp-content\/uploads\/2021\/12\/kokhucretedavisi-300x250.jpg 300w, https:\/\/profdrercangurses.com\/wp-content\/uploads\/2021\/12\/kokhucretedavisi-1024x853.jpg 1024w\" data-sizes=\"(max-width: 1080px) 100vw, 1080px\" itemprop=\"image\" title=\"\" src=\"data:image\/svg+xml;base64,PHN2ZyB3aWR0aD0iMSIgaGVpZ2h0PSIxIiB4bWxucz0iaHR0cDovL3d3dy53My5vcmcvMjAwMC9zdmciPjwvc3ZnPg==\" style=\"--smush-placeholder-width: 1080px; --smush-placeholder-aspect-ratio: 1080\/900;\"><\/figure>\t\t\n\t\t<\/div>\n\n\t\t<div class=\"lqd-fb-content lqd-overlay align-items-end\">\n\t\t\t<div class=\"lqd-fb-bg lqd-overlay\"><\/div>\n\t\t\t<div class=\"lqd-fb-hover-overlay lqd-overlay\"><\/div>\n\t\t\t<div class=\"lqd-fb-content-inner d-flex flex-column justify-content-end pos-rel h-100 w-100 w-md-75 p-4 p-md-8\">\n\t\t\t\t\n\t\t\t\t\t\t\t\t\n\t\t\t\t<div\n\t\t\t\tclass=\"lqd-fb-content-bottom mt-auto\"\n\t\t\t\tdata-custom-animations=\"true\"\n\t\t\t\tdata-ca-options='{ \"triggerHandler\": \"inview\", \"animationTarget\": \"all-childs\", \"duration\": 1200, \"delay\": 120,  \"startDelay\": 300, \"initValues\": { \"y\": 30, \"opacity\": 0 }, \"animations\": { \"y\": 0, \"opacity\": 1 } }'>\n\t\t\t\t\t\n\t\t\t\t\t\t\t\t\t\t<h2\t\t\t\t\tclass=\"lqd-fb-content-title my-0 mb-3\"\n\t\t\t\t\tdata-split-text=\"true\" data-split-options='{ \"type\": \"lines\" }'>K\u00f6k H\u00fcceyre Terapiyas\u0131\t\t\t\t\t<\/h2>\n\t\t\t\t\t\t\t\t\t\t\n\t\t\t\t\t\n\t\t\t\t\t\t\t\t\t\t<p\n\t\t\t\t\tclass=\"my-0 mb-5\"\n\t\t\t\t\tdata-split-text=\"true\" data-split-options='{ \"type\": \"lines\" }'>Bu g\u00fcn oynaq poz\u011funluqlar\u0131 v\u0259 \u0259laq\u0259dar a\u011fr\u0131lar\u0131n m\u00fcalic\u0259sind\u0259 istifad\u0259 edil\u0259n \u00fcsullardan biri d\u0259 k\u00f6k h\u00fcceyr\u0259 terapiyas\u0131d\u0131r.<\/p>\n\t\t\t\t\t\n\t\t\t\t\t\n\t\t\t\t<\/div>\n\t\t\t\t\n\t\t\t<\/div>\n\t\t<\/div>\n\n\t<\/div>\n<\/div>\n[vc_separator color=&#8221;custom&#8221; accent_color=&#8221;rgba(0,0,0,0.1)&#8221; css=&#8221;.vc_custom_1608195050020{margin-top: 10px !important;}&#8221;][vc_column_text]Oynaqlarda g\u00f6r\u00fcl\u01ddn q\u0131\u011f\u0131rdaq z\u0259d\u0259l\u0259nm\u0259si erk\u0259n d\u00f6vrd\u0259 m\u00fcalic\u0259 edilm\u0259zs\u0259, oynaqlarda a\u015f\u0131nmaya, a\u011fr\u0131 \u015fikay\u0259tl\u0259rin\u01dd v\u0259 zamanla artroza s\u0259b\u0259b olur. Q\u0131\u011f\u0131rdaq h\u00fcceyr\u0259l\u0259rinin \u00f6z\u00fcn\u00fc yenil\u0259m\u0259 qabiliyy\u0259ti yoxdur. Buna g\u00f6r\u0259 d\u0259 bu h\u00fcceyr\u0259l\u0259r \u00f6l\u0259nd\u0259 bir daha sa\u011falmaz. q\u0131\u011f\u0131rdaq h\u00fcceyr\u0259l\u0259ri \u00f6lm\u0259zd\u0259n \u0259vv\u0259l z\u0259d\u0259l\u0259nm\u0259ni dayand\u0131rmaq \u00fc\u00e7\u00fcn k\u00f6k h\u00fcceyr\u0259 transplantasiyas\u0131 h\u0259yata ke\u00e7iril\u0259 bilm\u0259kt\u01dddir. K\u00f6k h\u00fcceyr\u0259 terapiyas\u0131 se\u00e7ilmi\u015f x\u0259st\u0259l\u0259rd\u0259 m\u00fcsb\u0259t n\u0259tic\u0259 verir.<\/p>\n<h2>K\u00f6k h\u00fcceyr\u0259 terapiyas\u0131 n\u0259dir?<\/h2>\n<p>K\u00f6k h\u00fcceyr\u0259l\u0259r insan b\u0259d\u0259nind\u0259 b\u00f6l\u00fcn\u00fcb \u00e7oxala bil\u0259n v\u0259 \u00f6z\u00fcn\u00fc yenil\u0259m\u0259k qabiliyy\u0259tin\u0259 malik h\u00fcceyr\u0259l\u0259rdir. X\u0259st\u0259d\u0259n al\u0131nan sa\u011flam k\u00f6k h\u00fcceyr\u0259l\u0259rin z\u0259d\u0259l\u0259nmi\u015f nahiy\u0259l\u0259r\u0259 k\u00f6\u00e7\u00fcr\u00fclm\u0259si v\u0259 burada sa\u011falmas\u0131n\u0131n t\u0259min edilm\u0259si prosesin\u0259 k\u00f6k h\u00fcceyr\u0259 terapiyas\u0131 deyilir. K\u00f6k h\u00fcceyr\u0259 terapiyas\u0131 tibbin bir \u00e7ox sah\u0259l\u0259rind\u0259 istifad\u0259 olunmaqdad\u0131r. Bu \u00fcsul a\u011fr\u0131 m\u00fcalic\u0259si \u00e7\u0259r\u00e7iv\u0259sind\u0259 d\u0259 istifad\u0259 edilir.<\/p>\n<h2>K\u00f6k H\u00fcceyr\u0259 nec\u0259 \u0259ld\u0259 edilir?<\/h2>\n<p>K\u00f6k h\u00fcceyr\u0259l\u0259r ya\u011f toxumas\u0131ndan v\u0259 s\u00fcm\u00fck iliyind\u0259n al\u0131n\u0131r. Lokal anesteziya alt\u0131nda x\u0259st\u0259nin \u00e7anaq s\u00fcm\u00fcy\u00fc v\u0259 ya qar\u0131n d\u0259rialt\u0131 piy toxumas\u0131ndan al\u0131nan k\u00f6k h\u00fcceyr\u0259l\u0259r daha sonra m\u00fcxt\u0259lif prosedurlara ke\u00e7irilir. K\u00f6k h\u00fcceyr\u0259l\u0259r t\u0259tbiq olunma\u011fa haz\u0131r olduqdan sonra x\u0259st\u0259d\u0259 problemli nahiy\u0259l\u0259r\u0259 k\u00f6\u00e7\u00fcr\u00fcl\u00fcr.<\/p>\n<h2>K\u00f6k H\u00fcceyr\u0259 Terapiyas\u0131 Nec\u0259 yerine yetiilir?<\/h2>\n<p>X\u0259st\u0259d\u0259n al\u0131nan v\u0259 emal edil\u0259n t\u0259miz k\u00f6k h\u00fcceyr\u0259l\u0259r iyn\u0259 vasit\u0259si il\u0259 toxuma z\u0259d\u0259l\u0259nmi\u015f nahiy\u0259y\u0259 verilir. Diz q\u0131\u011f\u0131rdaqlar\u0131 z\u0259d\u0259l\u0259n\u0259n x\u0259st\u0259l\u0259rd\u0259 daha u\u011furlu m\u00fcalic\u0259 \u00fc\u00e7\u00fcn k\u00f6k h\u00fcceyr\u0259l\u0259rl\u0259 birlikd\u0259 kollagen v\u0259\/yaxud hialuron tur\u015fusu inyeksiyalar\u0131 da edil\u0259 bil\u0259r .<\/p>\n<h2>Oynaq a\u011fr\u0131lar\u0131nda k\u00f6k h\u00fcceyr\u0259 terapiyas\u0131n\u0131n faydalar\u0131<\/h2>\n<p><strong>K\u00f6k h\u00fcceyr\u0259 terapiyas\u0131n\u0131n fayda v\u0259 \u00fcst\u00fcnl\u00fckl\u0259rini a\u015fa\u011f\u0131dak\u0131 kimi s\u0131ralamaq olar:<\/strong><\/p>\n<ul>\n<li>\u00a0Q\u0131\u011f\u0131rdaq z\u0259d\u0259l\u0259nm\u0259sinin inki\u015faf\u0131 dayand\u0131r\u0131la bil\u0259r,<\/li>\n<li>\u00a0Oynaq a\u011fr\u0131lar\u0131n\u0131 aradan qald\u0131rma\u011fa k\u00f6m\u0259k edir,<\/li>\n<li>\u00a0\u018fm\u0259liyyatla m\u00fcqayis\u0259d\u0259 \u00e7ox asan bir \u00fcsuldur,<\/li>\n<li>\u00a0Se\u00e7ilmi\u015f x\u0259st\u0259l\u0259rd\u0259 u\u011furlu n\u0259tic\u0259l\u0259r al\u0131narsa, g\u0259l\u0259c\u0259kd\u0259 \u0259m\u0259liyyata ehtiyac qalmayacaq,<\/li>\n<li>\u00a0K\u00f6k h\u00fcceyr\u0259 terapiyas\u0131 menisk\u00fcs\u00fcn q\u0131r\u0131lmalar\u0131nda da n\u0259tic\u0259 ver\u0259 bil\u0259r.<\/li>\n<\/ul>\n<h2>K\u00f6k H\u00fcceyr\u0259 M\u00fcalic\u0259si Kiml\u0259r\u0259 T\u0259tbiq olunur?<\/h2>\n<ul>\n<li>\u00a0\u00c7iyin, \u0259l v\u0259 ayaq bil\u0259yind\u0259, x\u00fcsusil\u0259 diz v\u0259 bud b\u00f6lg\u0259sind\u0259 oynaq q\u0131\u011f\u0131rdaqlar\u0131n\u0131n z\u0259d\u0259l\u0259nm\u0259si,<\/li>\n<li>\u00a0avaskulyar nekroz (Osteonekroz) diaqnozu qoyuldu,<\/li>\n<li>\u00a0Sa\u011falmayan s\u0131n\u0131qlar\u0131 olanlara,<\/li>\n<li>\u00a0menisk\u00fcs y\u0131rt\u0131\u011f\u0131 olanlara,<\/li>\n<li>\u00a0\u018fz\u0259l\u0259 v\u0259 v\u0259t\u0259r y\u0131rt\u0131\u011f\u0131 olan x\u0259st\u0259l\u0259r\u0259 t\u0259tbiq oluna bil\u0259r.<\/li>\n<\/ul>\n<h2>K\u00f6k H\u00fcceyr\u0259 Terapiyas\u0131 Kiml\u0259r\u0259 t\u0259tbiq oluna bilm\u0259z?<\/h2>\n<ul>\n<li>\u0130r\u0259li d\u0259r\u0259c\u0259d\u0259 z\u0259dl\u0259nmi\u015f, q\u0131\u011f\u0131rdaq toxumas\u0131n\u0131n itirilm\u0259si v\u0259 \u0259m\u0259liyyat t\u0259l\u0259b ed\u0259n x\u0259st\u0259l\u0259r\u0259<\/li>\n<li>B\u0259d\u0259n k\u00fctl\u0259si indeksi (BK\u0130) 30-dan yuxar\u0131 olan obez x\u0259st\u0259l\u0259r\u0259<\/li>\n<li>Revmatizm v\u0259 immun sistemi x\u0259st\u0259likl\u0259rind\u0259<\/li>\n<\/ul>\n<p>[\/vc_column_text][\/vc_column][\/vc_row][vc_row][vc_column][\/vc_column][\/vc_row]<\/p>\n","protected":false},"excerpt":{"rendered":"<p>[vc_row css=&#8221;.vc_custom_1622016079265{padding-top: 60px !important;padding-bottom: 60px !important;}&#8221;][vc_column enable_pin=&#8221;enable_pin&#8221; width=&#8221;5\/12&#8243; offset=&#8221;vc_col-md-4&#8243; responsive_css=&#8221;padding_right_medium:7%25&#8243;][vc_row_inner][vc_column_inner responsive_css=&#8221;margin_bottom_medium:45px&#8221; css=&#8221;.vc_custom_1608194013763{margin-bottom: 30px !important;}&#8221;][\/vc_column_inner][vc_column_inner css=&#8221;.vc_custom_1608195737477{margin-bottom: 30px !important;padding-top: 35px !important;padding-right: 20px !important;padding-bottom: 35px !important;padding-left: 20px !important;background-color: #f7f8fa !important;border-radius: 5px !important;}&#8221; responsive_css=&#8221;margin_bottom_medium:45px|padding_right_medium:35px|padding_left_medium:35px&#8221;][\/vc_column_inner][vc_column_inner css=&#8221;.vc_custom_1608195709893{border-top-width: 1px !important;border-right-width: 1px !important;border-bottom-width: 1px !important;border-left-width: 1px !important;padding-top: 20px !important;padding-right: 20px !important;padding-bottom: 20px !important;padding-left: 20px !important;border-left-color: rgba(112,112,112,0.15) !important;border-left-style: solid !important;border-right-color: rgba(112,112,112,0.15) !important;border-right-style: solid !important;border-top-color: [&hellip;]<\/p>\n","protected":false},"author":1,"featured_media":0,"parent":0,"menu_order":0,"comment_status":"closed","ping_status":"closed","template":"","meta":{"footnotes":""},"class_list":["post-4769","page","type-page","status-publish","hentry"],"_links":{"self":[{"href":"https:\/\/profdrercangurses.com\/az\/wp-json\/wp\/v2\/pages\/4769","targetHints":{"allow":["GET"]}}],"collection":[{"href":"https:\/\/profdrercangurses.com\/az\/wp-json\/wp\/v2\/pages"}],"about":[{"href":"https:\/\/profdrercangurses.com\/az\/wp-json\/wp\/v2\/types\/page"}],"author":[{"embeddable":true,"href":"https:\/\/profdrercangurses.com\/az\/wp-json\/wp\/v2\/users\/1"}],"replies":[{"embeddable":true,"href":"https:\/\/profdrercangurses.com\/az\/wp-json\/wp\/v2\/comments?post=4769"}],"version-history":[{"count":0,"href":"https:\/\/profdrercangurses.com\/az\/wp-json\/wp\/v2\/pages\/4769\/revisions"}],"wp:attachment":[{"href":"https:\/\/profdrercangurses.com\/az\/wp-json\/wp\/v2\/media?parent=4769"}],"curies":[{"name":"wp","href":"https:\/\/api.w.org\/{rel}","templated":true}]}}