{"id":4771,"date":"2021-12-20T14:27:30","date_gmt":"2021-12-20T11:27:30","guid":{"rendered":"https:\/\/profdrercangurses.com\/noropatik-agri-ve-nevraljiler\/"},"modified":"2024-11-04T09:59:25","modified_gmt":"2024-11-04T06:59:25","slug":"neyropatik-agri-v%c9%99-nevralji","status":"publish","type":"page","link":"https:\/\/profdrercangurses.com\/az\/agrilar\/neyropatik-agri-v%c9%99-nevralji\/","title":{"rendered":"Neyropatik A\u011fr\u0131 v\u0259 Nevralji"},"content":{"rendered":"<p>[vc_row css=&#8221;.vc_custom_1622016079265{padding-top: 60px !important;padding-bottom: 60px !important;}&#8221;][vc_column enable_pin=&#8221;enable_pin&#8221; width=&#8221;5\/12&#8243; offset=&#8221;vc_col-md-4&#8243; responsive_css=&#8221;padding_right_medium:7%25&#8243;][vc_row_inner][vc_column_inner responsive_css=&#8221;margin_bottom_medium:45px&#8221; css=&#8221;.vc_custom_1608194013763{margin-bottom: 30px !important;}&#8221;]<style>.ld_custom_menu_69e93b403c313 > ul > li > a{font-size:15px;font-weight:700;letter-spacing:0.01em;color:rgb(51, 51, 51);background:rgb(247, 248, 250);}.ld_custom_menu_69e93b403c313 > ul > li:not(:last-child){margin-bottom:3px;}.lqd-stickybar > .lqd-head-col > .header-module > .ld_custom_menu_69e93b403c313 li{margin-inline-start:3px;}.ld_custom_menu_69e93b403c313 > ul > li > a:hover, .ld_custom_menu_69e93b403c313 li.is-active > a{background:rgb(233, 233, 233);}<\/style><div\n\tclass=\"lqd-fancy-menu lqd-custom-menu menu-items-has-fill lqd-menu-td-none ld_custom_menu_69e93b403c313\"\n\t>\n\n<ul id=\"ld_custom_menu_69e93b403c313\" class=\"reset-ul   \" ><li id=\"menu-item-5419\" class=\"menu-item menu-item-type-post_type menu-item-object-page menu-item-5419\"><a href=\"https:\/\/profdrercangurses.com\/az\/agrilar\/bel-agrilari\/\">Bel A\u011fr\u0131lar\u0131<\/a><\/li>\n<li id=\"menu-item-5420\" class=\"menu-item menu-item-type-post_type menu-item-object-page menu-item-5420\"><a href=\"https:\/\/profdrercangurses.com\/az\/agrilar\/bel-agrilari\/disk-yirtigi\/\">Disk Y\u0131rt\u0131\u011f\u0131<\/a><\/li>\n<li id=\"menu-item-5421\" class=\"menu-item menu-item-type-post_type menu-item-object-page menu-item-5421\"><a href=\"https:\/\/profdrercangurses.com\/az\/agrilar\/bel-agrilari\/onurga-stenozu\/\">Onur\u011fa Stenozu<\/a><\/li>\n<li id=\"menu-item-5423\" class=\"menu-item menu-item-type-post_type menu-item-object-page menu-item-5423\"><a href=\"https:\/\/profdrercangurses.com\/az\/agrilar\/neyropatik-agri-v%c9%99-nevralji\/\">Neyropatik A\u011fr\u0131 v\u0259 Nevralji<\/a><\/li>\n<li id=\"menu-item-5422\" class=\"menu-item menu-item-type-post_type menu-item-object-page menu-item-5422\"><a href=\"https:\/\/profdrercangurses.com\/az\/agrilar\/fantom-agrilar\/\">Fantom A\u011fr\u0131lar<\/a><\/li>\n<li id=\"menu-item-5424\" class=\"menu-item menu-item-type-post_type menu-item-object-page menu-item-5424\"><a href=\"https:\/\/profdrercangurses.com\/az\/agrilar\/oynaq-agrilari\/\">Oynaq A\u011fr\u0131lar\u0131<\/a><\/li>\n<\/ul><\/div>[\/vc_column_inner][vc_column_inner css=&#8221;.vc_custom_1608195737477{margin-bottom: 30px !important;padding-top: 35px !important;padding-right: 20px !important;padding-bottom: 35px !important;padding-left: 20px !important;background-color: #f7f8fa !important;border-radius: 5px !important;}&#8221; responsive_css=&#8221;margin_bottom_medium:45px|padding_right_medium:35px|padding_left_medium:35px&#8221;]<style>.ld_fancy_heading_69e93b404850e h3 {font-size:19px; } .ld_fancy_heading_69e93b404850e h3 {margin-bottom:1.25em !important;  } .ld_fancy_heading_69e93b404850e .lqd-highlight-inner{height:0.275em!important;bottom:0px!important;}.ld_fancy_heading_69e93b404850e h3 {font-size:19px; } .ld_fancy_heading_69e93b404850e h3 {margin-bottom:1.25em !important;  } <\/style><div class=\"ld-fancy-heading ld_fancy_heading_69e93b404850e\">\n\t<h3 class=\"ld-fh-element lqd-highlight-underline lqd-highlight-grow-left text-decoration-default\"   >  \u018flaq\u0259 Formas\u0131<\/h3><\/div><style>.ld_cf7_69e93b40488d9 input,.ld_cf7_69e93b40488d9 textarea,.ld_cf7_69e93b40488d9 .ui-button.ui-selectmenu-button{font-size:15px;}.ld_cf7_69e93b40488d9 input[type=\"submit\"]{font-size:15px;background:rgb(24, 67, 65);border-color:rgb(24, 67, 65);}.ld_cf7_69e93b40488d9 input, .ld_cf7_69e93b40488d9 select, .ld_cf7_69e93b40488d9 textarea, .ld_cf7_69e93b40488d9 .ui-button.ui-selectmenu-button{background:rgb(255, 255, 255);}.ld_cf7_69e93b40488d9 input, .ld_cf7_69e93b40488d9 select, .ld_cf7_69e93b40488d9 textarea, .ld_cf7_69e93b40488d9 .ui-button.ui-selectmenu-button, .ld_cf7_69e93b40488d9 .wpcf7-form-control-wrap > i, .ld_cf7_69e93b40488d9 .wpcf7-radio{color:rgb(127, 130, 132);}.ld_cf7_69e93b40488d9 input:focus, .ld_cf7_69e93b40488d9 select:focus, .ld_cf7_69e93b40488d9 textarea:focus, .ld_cf7_69e93b40488d9 .ui-button.ui-selectmenu-button:hover, .wpcf7-acceptance .wpcf7-list-item-label:after{color:rgb(0, 0, 0);}.ld_cf7_69e93b40488d9 .wpcf7-form-control-wrap{margin-bottom:10px;}<\/style><div id=\"ld_cf7_69e93b40488d9\" class=\"lqd-contact-form lqd-contact-form-inputs-filled lqd-contact-form-inputs-round lqd-contact-form-button-block lqd-contact-form-button-round ld_cf7_69e93b40488d9 vc_custom_1647515848576\">\n\t\n<div class=\"wpcf7 no-js\" id=\"wpcf7-f5433-o1\" lang=\"en-US\" dir=\"ltr\" data-wpcf7-id=\"5433\">\n<div class=\"screen-reader-response\"><p role=\"status\" aria-live=\"polite\" aria-atomic=\"true\"><\/p> <ul><\/ul><\/div>\n<form action=\"\/az\/wp-json\/wp\/v2\/pages\/4771#wpcf7-f5433-o1\" method=\"post\" class=\"wpcf7-form init\" aria-label=\"Contact form\" novalidate=\"novalidate\" data-status=\"init\">\n<fieldset class=\"hidden-fields-container\"><input type=\"hidden\" name=\"_wpcf7\" value=\"5433\" \/><input type=\"hidden\" name=\"_wpcf7_version\" value=\"6.1.5\" \/><input type=\"hidden\" name=\"_wpcf7_locale\" value=\"en_US\" \/><input type=\"hidden\" name=\"_wpcf7_unit_tag\" value=\"wpcf7-f5433-o1\" \/><input type=\"hidden\" name=\"_wpcf7_container_post\" value=\"0\" \/><input type=\"hidden\" name=\"_wpcf7_posted_data_hash\" value=\"\" \/><input type=\"hidden\" name=\"_wpcf7_recaptcha_response\" value=\"\" \/>\n<\/fieldset>\n<p><span class=\"wpcf7-form-control-wrap\" data-name=\"text-775\"><input size=\"40\" maxlength=\"400\" class=\"wpcf7-form-control wpcf7-text wpcf7-validates-as-required\" aria-required=\"true\" aria-invalid=\"false\" placeholder=\"Ad Soyad\" value=\"\" type=\"text\" name=\"text-775\" \/><\/span><span class=\"wpcf7-form-control-wrap\" data-name=\"email-550\"><input size=\"40\" maxlength=\"400\" class=\"wpcf7-form-control wpcf7-email wpcf7-validates-as-required wpcf7-text wpcf7-validates-as-email\" aria-required=\"true\" aria-invalid=\"false\" placeholder=\"E-po\u00e7t\" value=\"\" type=\"email\" name=\"email-550\" \/><\/span><span class=\"wpcf7-form-control-wrap\" data-name=\"textarea-138\"><textarea cols=\"10\" rows=\"4\" maxlength=\"2000\" class=\"wpcf7-form-control wpcf7-textarea wpcf7-validates-as-required\" aria-required=\"true\" aria-invalid=\"false\" placeholder=\"S\u0259nin mesaj\u0131n\" name=\"textarea-138\"><\/textarea><\/span><input class=\"wpcf7-form-control wpcf7-submit has-spinner\" type=\"submit\" value=\"G\u00f6nder\" \/>\n<\/p><p style=\"display: none !important;\" class=\"akismet-fields-container\" data-prefix=\"_wpcf7_ak_\"><label>&#916;<textarea name=\"_wpcf7_ak_hp_textarea\" cols=\"45\" rows=\"8\" maxlength=\"100\"><\/textarea><\/label><input type=\"hidden\" id=\"ak_js_1\" name=\"_wpcf7_ak_js\" value=\"218\"\/><script>document.getElementById( \"ak_js_1\" ).setAttribute( \"value\", ( new Date() ).getTime() );<\/script><\/p><div class=\"wpcf7-response-output\" aria-hidden=\"true\"><\/div>\n<\/form>\n<\/div>\n<\/div>[\/vc_column_inner][vc_column_inner css=&#8221;.vc_custom_1608195709893{border-top-width: 1px !important;border-right-width: 1px !important;border-bottom-width: 1px !important;border-left-width: 1px !important;padding-top: 20px !important;padding-right: 20px !important;padding-bottom: 20px !important;padding-left: 20px !important;border-left-color: rgba(112,112,112,0.15) !important;border-left-style: solid !important;border-right-color: rgba(112,112,112,0.15) !important;border-right-style: solid !important;border-top-color: rgba(112,112,112,0.15) !important;border-top-style: solid !important;border-bottom-color: rgba(112,112,112,0.15) !important;border-bottom-style: solid !important;border-radius: 3px !important;}&#8221; responsive_css=&#8221;padding_right_large:35px|padding_left_large:50px|padding_right_medium:15px|padding_left_medium:15px|padding_right_small:10px|padding_left_small:10px&#8221;]<style>.ld_icon_box_69e93b404c01d .iconbox-icon-container{color:rgb(38, 176, 95);font-size:20px;width:65px !important;height:65px !important;background:rgba(38, 176, 95, 0.1);border-radius:px;}.ld_icon_box_69e93b404c01d .iconbox-icon-container:before{border-color:rgba(38, 176, 95, 0.1);}.ld_icon_box_69e93b404c01d .lqd-iconbox-title{color:rgb(160, 160, 160);margin-bottom:1px;font-size:15px;}<\/style>\n<div class=\"iconbox iconbox-side text-align-default align-items-center iconbox-circle ld_icon_box_69e93b404c01d vc_custom_1730703560289\" id=\"ld_icon_box_69e93b404c01d\"  data-animate-icon=\"true\" data-plugin-options='{\"color\":\"rgb(38, 176, 95)\"}'  >\n\t\n\t\t\t\t\t\n\t\n\t<div class=\"iconbox-icon-wrap\"><span class=\"iconbox-icon-container\"><i class=\"lqd-icn-ess icon-lqd-mobile\"><\/i><\/span><\/div>\t\n\t\t\n\t<div class=\"contents\">\t\n\t\t\n\t<h3 class=\"lqd-iconbox-title font-weight-medium\">\u018flaq\u0259 n\u00f6mr\u0259si<\/h3>\t<p><a href=\"tel:+994 50 5178687\">+994 50 5178687<\/a><\/p>\n\t\t\n\t<\/div>\t\n\t\n<\/div>\n[\/vc_column_inner][\/vc_row_inner][\/vc_column][vc_column width=&#8221;2\/3&#8243; column_top_ontablet=&#8221;yes&#8221; column_top_onmobile=&#8221;yes&#8221; offset=&#8221;vc_col-md-offset-0 vc_col-md-8&#8243; responsive_css=&#8221;margin_bottom_medium:0px&#8221; css=&#8221;.vc_custom_1610729062932{margin-bottom: 35px !important;}&#8221;]<style>.ld_content_box_69e93b404d298 .lqd-fb-content-title{font-weight:700 !important;}.ld_content_box_69e93b404d298 .lqd-fb-bg{background:-webkit-linear-gradient(180deg, rgba(255, 255, 255, 0) 0%, rgba(24, 27, 49, 0.6) 100%);background:linear-gradient(180deg, rgba(255, 255, 255, 0) 0%, rgba(24, 27, 49, 0.6) 100%);}<\/style><div id=\"ld_content_box_69e93b404d298\" class=\"lqd-fb lqd-fb-style-1 lqd-fb-style-1-3 round pos-rel overflow-hidden lqd-fb-zoom-img-onhover h-pt-60 ld_content_box_69e93b404d298\" data-inview=\"true\">\n\t<div class=\"lqd-fb-inner lqd-overlay\">\n\n\t\t<div class=\"lqd-fb-img lqd-overlay overflow-hidden\">\n\n\t\t<figure data-responsive-bg=\"true\"><img decoding=\"async\" width=\"1080\" height=\"900\" data-src=\"https:\/\/profdrercangurses.com\/wp-content\/uploads\/2021\/12\/noropatikagrivenevraljiler.jpg\" class=\"w-100 invisible lazyload\" alt=\"\" data-srcset=\"https:\/\/profdrercangurses.com\/wp-content\/uploads\/2021\/12\/noropatikagrivenevraljiler.jpg 1080w, https:\/\/profdrercangurses.com\/wp-content\/uploads\/2021\/12\/noropatikagrivenevraljiler-300x250.jpg 300w, https:\/\/profdrercangurses.com\/wp-content\/uploads\/2021\/12\/noropatikagrivenevraljiler-1024x853.jpg 1024w\" data-sizes=\"(max-width: 1080px) 100vw, 1080px\" itemprop=\"image\" title=\"\" src=\"data:image\/svg+xml;base64,PHN2ZyB3aWR0aD0iMSIgaGVpZ2h0PSIxIiB4bWxucz0iaHR0cDovL3d3dy53My5vcmcvMjAwMC9zdmciPjwvc3ZnPg==\" style=\"--smush-placeholder-width: 1080px; --smush-placeholder-aspect-ratio: 1080\/900;\"><\/figure>\t\t\n\t\t<\/div>\n\n\t\t<div class=\"lqd-fb-content lqd-overlay align-items-end\">\n\t\t\t<div class=\"lqd-fb-bg lqd-overlay\"><\/div>\n\t\t\t<div class=\"lqd-fb-hover-overlay lqd-overlay\"><\/div>\n\t\t\t<div class=\"lqd-fb-content-inner d-flex flex-column justify-content-end pos-rel h-100 w-100 w-md-75 p-4 p-md-8\">\n\t\t\t\t\n\t\t\t\t\t\t\t\t\n\t\t\t\t<div\n\t\t\t\tclass=\"lqd-fb-content-bottom mt-auto\"\n\t\t\t\tdata-custom-animations=\"true\"\n\t\t\t\tdata-ca-options='{ \"triggerHandler\": \"inview\", \"animationTarget\": \"all-childs\", \"duration\": 1200, \"delay\": 120,  \"startDelay\": 300, \"initValues\": { \"y\": 30, \"opacity\": 0 }, \"animations\": { \"y\": 0, \"opacity\": 1 } }'>\n\t\t\t\t\t\n\t\t\t\t\t\t\t\t\t\t<h2\t\t\t\t\tclass=\"lqd-fb-content-title my-0 mb-3\"\n\t\t\t\t\tdata-split-text=\"true\" data-split-options='{ \"type\": \"lines\" }'>Neyropatik A\u011fr\u0131 v\u0259 Nevralji\t\t\t\t\t<\/h2>\n\t\t\t\t\t\t\t\t\t\t\n\t\t\t\t\t\n\t\t\t\t\t\t\t\t\t\t<p\n\t\t\t\t\tclass=\"my-0 mb-5\"\n\t\t\t\t\tdata-split-text=\"true\" data-split-options='{ \"type\": \"lines\" }'>Neyropatik a\u011fr\u0131, c\u0259miyy\u0259td\u0259 1% yay\u0131lma il\u0259 x\u0259st\u0259l\u0259rin h\u0259yat keyfiyy\u0259tini ciddi \u015f\u0259kild\u0259 azalda bil\u0259n bir sa\u011flaml\u0131q problemidir.<\/p>\n\t\t\t\t\t\n\t\t\t\t\t\n\t\t\t\t<\/div>\n\t\t\t\t\n\t\t\t<\/div>\n\t\t<\/div>\n\n\t<\/div>\n<\/div>\n[vc_column_text]Neyropatik a\u011fr\u0131, sinirl\u0259rd\u0259 meydana g\u0259l\u0259n z\u0259d\u0259l\u0259nm\u0259, q\u0131c\u0131qlanma, lezyonlar v\u0259 ya x\u0259st\u0259lik n\u0259tic\u0259sind\u0259 yaran\u0131r. Bu, xroniki a\u011fr\u0131 sindromudur v\u0259 birba\u015fa sinir sistemin\u0259 t\u0259sir etdiyi \u00fc\u00e7\u00fcn n\u00f6ropatik a\u011fr\u0131n\u0131n m\u00fcalic\u0259si d\u0259 \u00e7\u0259tin olur.<\/p>\n<h2>Neyropatik a\u011fr\u0131ya s\u0259b\u0259b n\u0259dir?<\/h2>\n<ul>\n<li>\u00a0\u0130ltihab<\/li>\n<li>\u00a0Zoster infeksiyalar\u0131<\/li>\n<li>\u00a0X\u0259r\u00e7\u0259ng m\u00fcalic\u0259si (Kimyaterapiya &#8211; d\u0259rman, radioterapiya-\u015f\u00fca terapiyas\u0131)<\/li>\n<li>\u00a0\u018fm\u0259liyyatlar<\/li>\n<li>\u00a0Ya\u015fla ba\u011fl\u0131 sinirl\u0259rd\u0259 deformasiyalar,<\/li>\n<li>\u00a0Genetik poz\u011funluqlar,<\/li>\n<li>\u00a0Sinirl\u0259ri s\u0131xan \u015fi\u015fl\u0259r<\/li>\n<li>\u00a0y\u0131rt\u0131qlar<\/li>\n<li>\u00a0Beyin x\u0259sar\u0259tl\u0259ri (m\u0259s\u0259l\u0259n, vuru\u015f)<\/li>\n<li>\u00a0\u015e\u0259k\u0259rli diabet (\u015e\u0259k\u0259rli diabet)<\/li>\n<li>\u00a0Tiroid x\u0259st\u0259likl\u0259ri,<\/li>\n<li>\u00a0Anemiya (Anemiya),<\/li>\n<li>\u00a0Pankreas x\u0259st\u0259likl\u0259ri v\u0259 x\u0259r\u00e7\u0259ngl\u0259ri,<\/li>\n<li>\u00a0\u00d6d kis\u0259si x\u0259st\u0259likl\u0259ri v\u0259 x\u0259r\u00e7\u0259ngl\u0259ri,<\/li>\n<li>\u00a0Ba\u011f\u0131rsaq damarlar\u0131nda emboliya,<\/li>\n<\/ul>\n<h2>Neyropatik a\u011fr\u0131n\u0131n \u0259lam\u0259tl\u0259ri hans\u0131lard\u0131r?<\/h2>\n<ul>\n<li>\u00a0K\u0259skin, \u015fidd\u0259tli, b\u0131\u00e7aq batmas\u0131na b\u01ddnz\u01ddy\u01ddn a\u011fr\u0131lar,<\/li>\n<li>\u00a0Yanma,<\/li>\n<li>\u00a0Kar\u0131ncalanma,<\/li>\n<li>\u00a0iyn\u0259l\u01ddnm\u0259,<\/li>\n<li>\u00a0Elektrikl\u0259nm\u0259,<\/li>\n<li>\u00a0Keyim\u01dd hissi,<\/li>\n<li>\u00a0Soyuqluq v\u0259 b\u0259nz\u01ddri hallarda donma hissi,<\/li>\n<li>\u00a0Toxunma il\u01dd ortaya \u00e7\u0131kan a\u011fr\u0131.<\/li>\n<\/ul>\n<h2>Neyropatik a\u011fr\u0131 n\u00f6vl\u0259ri<\/h2>\n<p><strong>Neyropatik a\u011fr\u0131n\u0131n 3 n\u00f6v\u00fc var.<\/strong><\/p>\n<p><strong>1.<\/strong> Normalda a\u011fr\u0131ya s\u0259b\u0259b olmayan q\u0131c\u0131qlar\u0131n yaratd\u0131\u011f\u0131 neyropatik a\u011fr\u0131 n\u00f6v\u00fcn\u0259 Allodiniya deyilir.<br \/>\n<strong>2.<\/strong> 2. Hiperaljeziya normal olaraq y\u00fcng\u00fcl a\u011fr\u0131ya s\u0259b\u0259b olan stimullar qar\u015f\u0131s\u0131nda \u015fidd\u0259tli a\u011fr\u0131 hiss etm\u0259 v\u0259ziyy\u0259tidir.<br \/>\n<strong>3.<\/strong> Disesteziya is\u0259 iyn\u0259l\u0259nm\u0259, kar\u0131ncalanma, yanma, qa\u015f\u0131nma kimi hissl\u0259rl\u0259 m\u00fc\u015fayi\u0259t olunan nevropatik a\u011fr\u0131 n\u00f6v\u00fcd\u00fcr.<\/p>\n<h2>Neyropatik A\u011fr\u0131lar\u0131n Diaqnozu v\u0259 T\u01dd\u015fhisi<\/h2>\n<p>Diaqnostik prosesd\u0259 radioloji g\u00f6r\u00fcnt\u00fcl\u0259m\u0259, qan testl\u0259ri v\u0259 m\u00fcxt\u0259lif sinir ke\u00e7irici testl\u0259rd\u0259n<br \/>\nistifad\u0259 edir.<\/p>\n<p><strong>Neyropatik a\u011fr\u0131 nec\u0259 m\u00fcalic\u0259 olunur?<\/strong><\/p>\n<p>\u018fn t\u0259sirli \u00fcsullar:<\/p>\n<ul>\n<li>A\u011fr\u0131k\u0259sicil\u0259r,<\/li>\n<li>Morfin t\u00f6r\u0259m\u0259l\u0259ri,<\/li>\n<li>Antidepresanlar,<\/li>\n<li>Antiepileptikl\u0259r,<\/li>\n<li>Sinir bloklar\u0131<\/li>\n<li>Simpatik qanqlion blokadalar\u0131<\/li>\n<li>Radiotezlik terapiyas\u0131<\/li>\n<li>Onur\u011fa beyni stimulla\u015fd\u0131r\u0131lmas\u0131 (SCS)<\/li>\n<\/ul>\n<h2>Diabetik neyropatik a\u011fr\u0131<\/h2>\n<p>Neyropatik a\u011fr\u0131lar\u0131 olan \u0259n \u00e7ox g\u00f6r\u00fcl\u0259n x\u0259st\u0259 qrupu diabet x\u0259st\u0259l\u0259ridir. Bunun \u0259sas s\u0259b\u0259bi \u015f\u0259k\u0259rli diabetin sinir damarlar\u0131n\u0131n z\u0259d\u0259l\u0259nm\u0259sidir. Diabetik x\u0259st\u0259l\u0259rd\u0259 nevropatik a\u011fr\u0131n\u0131n \u0259n xarakterik \u0259lam\u0259tl\u0259ri \u0259ll\u0259rd\u0259 v\u0259 ayaqlarda yanma, uyu\u015fma v\u0259 hissiyyatd\u0131r. Diabetik n\u00f6ropatik a\u011fr\u0131lar\u0131n idar\u0259 edilm\u0259sind\u0259 d\u0259rman m\u00fcalic\u0259si il\u0259 yana\u015f\u0131 m\u00fcnt\u0259z\u0259m \u0259l v\u0259 ayaq bax\u0131m\u0131, \u015f\u0259k\u0259rin t\u0259nziml\u0259nm\u0259si v\u0259 n\u0259zar\u0259td\u0259 saxlan\u0131lmas\u0131 da vacibdir.[\/vc_column_text][vc_separator color=&#8221;custom&#8221; accent_color=&#8221;rgba(0,0,0,0.1)&#8221; css=&#8221;.vc_custom_1608195050020{margin-top: 10px !important;}&#8221;][\/vc_column][\/vc_row][vc_row][vc_column][\/vc_column][\/vc_row]<\/p>\n","protected":false},"excerpt":{"rendered":"<p>[vc_row css=&#8221;.vc_custom_1622016079265{padding-top: 60px !important;padding-bottom: 60px !important;}&#8221;][vc_column enable_pin=&#8221;enable_pin&#8221; width=&#8221;5\/12&#8243; offset=&#8221;vc_col-md-4&#8243; responsive_css=&#8221;padding_right_medium:7%25&#8243;][vc_row_inner][vc_column_inner responsive_css=&#8221;margin_bottom_medium:45px&#8221; css=&#8221;.vc_custom_1608194013763{margin-bottom: 30px !important;}&#8221;][\/vc_column_inner][vc_column_inner css=&#8221;.vc_custom_1608195737477{margin-bottom: 30px !important;padding-top: 35px !important;padding-right: 20px !important;padding-bottom: 35px !important;padding-left: 20px !important;background-color: #f7f8fa !important;border-radius: 5px !important;}&#8221; responsive_css=&#8221;margin_bottom_medium:45px|padding_right_medium:35px|padding_left_medium:35px&#8221;][\/vc_column_inner][vc_column_inner css=&#8221;.vc_custom_1608195709893{border-top-width: 1px !important;border-right-width: 1px !important;border-bottom-width: 1px !important;border-left-width: 1px !important;padding-top: 20px !important;padding-right: 20px !important;padding-bottom: 20px !important;padding-left: 20px !important;border-left-color: rgba(112,112,112,0.15) !important;border-left-style: solid !important;border-right-color: rgba(112,112,112,0.15) !important;border-right-style: solid !important;border-top-color: [&hellip;]<\/p>\n","protected":false},"author":1,"featured_media":0,"parent":6897,"menu_order":0,"comment_status":"closed","ping_status":"closed","template":"","meta":{"footnotes":""},"class_list":["post-4771","page","type-page","status-publish","hentry"],"_links":{"self":[{"href":"https:\/\/profdrercangurses.com\/az\/wp-json\/wp\/v2\/pages\/4771","targetHints":{"allow":["GET"]}}],"collection":[{"href":"https:\/\/profdrercangurses.com\/az\/wp-json\/wp\/v2\/pages"}],"about":[{"href":"https:\/\/profdrercangurses.com\/az\/wp-json\/wp\/v2\/types\/page"}],"author":[{"embeddable":true,"href":"https:\/\/profdrercangurses.com\/az\/wp-json\/wp\/v2\/users\/1"}],"replies":[{"embeddable":true,"href":"https:\/\/profdrercangurses.com\/az\/wp-json\/wp\/v2\/comments?post=4771"}],"version-history":[{"count":2,"href":"https:\/\/profdrercangurses.com\/az\/wp-json\/wp\/v2\/pages\/4771\/revisions"}],"predecessor-version":[{"id":7120,"href":"https:\/\/profdrercangurses.com\/az\/wp-json\/wp\/v2\/pages\/4771\/revisions\/7120"}],"up":[{"embeddable":true,"href":"https:\/\/profdrercangurses.com\/az\/wp-json\/wp\/v2\/pages\/6897"}],"wp:attachment":[{"href":"https:\/\/profdrercangurses.com\/az\/wp-json\/wp\/v2\/media?parent=4771"}],"curies":[{"name":"wp","href":"https:\/\/api.w.org\/{rel}","templated":true}]}}