{"id":4772,"date":"2021-12-21T12:03:36","date_gmt":"2021-12-21T09:03:36","guid":{"rendered":"https:\/\/profdrercangurses.com\/agri-pili-spinal-kord-stimulatoru-sks\/"},"modified":"2024-11-04T10:04:50","modified_gmt":"2024-11-04T07:04:50","slug":"onurga-beyni-stimulyatoru-scs","status":"publish","type":"page","link":"https:\/\/profdrercangurses.com\/az\/mualic%c9%99l%c9%99rimiz\/onurga-beyni-stimulyatoru-scs\/","title":{"rendered":"Onur\u011fa Beyni Stimulyatoru (SCS)"},"content":{"rendered":"<p>[vc_row css=&#8221;.vc_custom_1622016079265{padding-top: 60px !important;padding-bottom: 60px !important;}&#8221;][vc_column enable_pin=&#8221;enable_pin&#8221; width=&#8221;5\/12&#8243; offset=&#8221;vc_col-md-4&#8243; responsive_css=&#8221;padding_right_medium:7%25&#8243;][vc_row_inner][vc_column_inner responsive_css=&#8221;margin_bottom_medium:45px&#8221; css=&#8221;.vc_custom_1608194013763{margin-bottom: 30px !important;}&#8221;]<style>.ld_custom_menu_69e9542473c13 > ul > li > a{font-size:15px;font-weight:700;letter-spacing:0.01em;color:rgb(51, 51, 51);background:rgb(247, 248, 250);}.ld_custom_menu_69e9542473c13 > ul > li:not(:last-child){margin-bottom:3px;}.lqd-stickybar > .lqd-head-col > .header-module > .ld_custom_menu_69e9542473c13 li{margin-inline-start:3px;}.ld_custom_menu_69e9542473c13 > ul > li > a:hover, .ld_custom_menu_69e9542473c13 li.is-active > a{background:rgb(233, 233, 233);}<\/style><div\n\tclass=\"lqd-fancy-menu lqd-custom-menu menu-items-has-fill lqd-menu-td-none ld_custom_menu_69e9542473c13\"\n\t>\n\n<ul id=\"ld_custom_menu_69e9542473c13\" class=\"reset-ul   \" ><li id=\"menu-item-5430\" class=\"menu-item menu-item-type-post_type menu-item-object-page menu-item-5430\"><a href=\"https:\/\/profdrercangurses.com\/az\/mualic%c9%99l%c9%99rimiz\/radiotezlik-terapiyasi\/\">Radiotezlik Terapiyas\u0131<\/a><\/li>\n<li id=\"menu-item-5427\" class=\"menu-item menu-item-type-post_type menu-item-object-page menu-item-5427\"><a href=\"https:\/\/profdrercangurses.com\/az\/kok-huceyre-terapiyasi\/\">K\u00f6k H\u00fcceyre Terapiyas\u0131<\/a><\/li>\n<li id=\"menu-item-5425\" class=\"menu-item menu-item-type-post_type menu-item-object-page menu-item-5425\"><a href=\"https:\/\/profdrercangurses.com\/az\/mualic%c9%99l%c9%99rimiz\/baklofen-infuziya-pompasi\/\">Baklofen \u0130nfuziya Pompas\u0131<\/a><\/li>\n<li id=\"menu-item-5426\" class=\"menu-item menu-item-type-post_type menu-item-object-page menu-item-5426\"><a href=\"https:\/\/profdrercangurses.com\/az\/mualic%c9%99l%c9%99rimiz\/epiduroskopiya\/\">Epiduroskopiya<\/a><\/li>\n<li id=\"menu-item-5431\" class=\"menu-item menu-item-type-post_type menu-item-object-page menu-item-5431\"><a href=\"https:\/\/profdrercangurses.com\/az\/agrilar\/uriner-inkontinans-ve-fekal-inkontinans-sidik-qacirma-ve-n%c9%99cis-tutmama\/\">\u00dcriner \u0130nkontinans ve Fekal \u0130nkontinans<\/a><\/li>\n<li id=\"menu-item-5429\" class=\"menu-item menu-item-type-post_type menu-item-object-page menu-item-5429\"><a href=\"https:\/\/profdrercangurses.com\/az\/mualic%c9%99l%c9%99rimiz\/onurga-beyni-stimulyatoru-scs\/\">Onur\u011fa Beyni Stimulyatoru (SCS)<\/a><\/li>\n<li id=\"menu-item-5428\" class=\"menu-item menu-item-type-post_type menu-item-object-page menu-item-5428\"><a href=\"https:\/\/profdrercangurses.com\/az\/mualic%c9%99l%c9%99rimiz\/l-disq-plazma-lazer-mualic%c9%99si\/\">L-Disq \u2013 Plazma Lazer M\u00fcalic\u0259si<\/a><\/li>\n<li id=\"menu-item-5432\" class=\"menu-item menu-item-type-post_type menu-item-object-page menu-item-5432\"><a href=\"https:\/\/profdrercangurses.com\/az\/mualic%c9%99l%c9%99rimiz\/vertebroplastika\/\">Vertebroplastika<\/a><\/li>\n<\/ul><\/div>[\/vc_column_inner][vc_column_inner css=&#8221;.vc_custom_1608195737477{margin-bottom: 30px !important;padding-top: 35px !important;padding-right: 20px !important;padding-bottom: 35px !important;padding-left: 20px !important;background-color: #f7f8fa !important;border-radius: 5px !important;}&#8221; responsive_css=&#8221;margin_bottom_medium:45px|padding_right_medium:35px|padding_left_medium:35px&#8221;]<style>.ld_fancy_heading_69e954247ca46 h3 {font-size:19px; } .ld_fancy_heading_69e954247ca46 h3 {margin-bottom:1.25em !important;  } .ld_fancy_heading_69e954247ca46 .lqd-highlight-inner{height:0.275em!important;bottom:0px!important;}.ld_fancy_heading_69e954247ca46 h3 {font-size:19px; } .ld_fancy_heading_69e954247ca46 h3 {margin-bottom:1.25em !important;  } <\/style><div class=\"ld-fancy-heading ld_fancy_heading_69e954247ca46\">\n\t<h3 class=\"ld-fh-element lqd-highlight-underline lqd-highlight-grow-left text-decoration-default\"   >  \u018flaq\u0259 Formas\u0131<\/h3><\/div><style>.ld_cf7_69e954247cced input,.ld_cf7_69e954247cced textarea,.ld_cf7_69e954247cced .ui-button.ui-selectmenu-button{font-size:15px;}.ld_cf7_69e954247cced input[type=\"submit\"]{font-size:15px;background:rgb(24, 67, 65);border-color:rgb(24, 67, 65);}.ld_cf7_69e954247cced input, .ld_cf7_69e954247cced select, .ld_cf7_69e954247cced textarea, .ld_cf7_69e954247cced .ui-button.ui-selectmenu-button{background:rgb(255, 255, 255);}.ld_cf7_69e954247cced input, .ld_cf7_69e954247cced select, .ld_cf7_69e954247cced textarea, .ld_cf7_69e954247cced .ui-button.ui-selectmenu-button, .ld_cf7_69e954247cced .wpcf7-form-control-wrap > i, .ld_cf7_69e954247cced .wpcf7-radio{color:rgb(127, 130, 132);}.ld_cf7_69e954247cced input:focus, .ld_cf7_69e954247cced select:focus, .ld_cf7_69e954247cced textarea:focus, .ld_cf7_69e954247cced .ui-button.ui-selectmenu-button:hover, .wpcf7-acceptance .wpcf7-list-item-label:after{color:rgb(0, 0, 0);}.ld_cf7_69e954247cced .wpcf7-form-control-wrap{margin-bottom:10px;}<\/style><div id=\"ld_cf7_69e954247cced\" class=\"lqd-contact-form lqd-contact-form-inputs-filled lqd-contact-form-inputs-round lqd-contact-form-button-block lqd-contact-form-button-round ld_cf7_69e954247cced vc_custom_1647516050487\">\n\t\n<div class=\"wpcf7 no-js\" id=\"wpcf7-f5433-o1\" lang=\"en-US\" dir=\"ltr\" data-wpcf7-id=\"5433\">\n<div class=\"screen-reader-response\"><p role=\"status\" aria-live=\"polite\" aria-atomic=\"true\"><\/p> <ul><\/ul><\/div>\n<form action=\"\/az\/wp-json\/wp\/v2\/pages\/4772#wpcf7-f5433-o1\" method=\"post\" class=\"wpcf7-form init\" aria-label=\"Contact form\" novalidate=\"novalidate\" data-status=\"init\">\n<fieldset class=\"hidden-fields-container\"><input type=\"hidden\" name=\"_wpcf7\" value=\"5433\" \/><input type=\"hidden\" name=\"_wpcf7_version\" value=\"6.1.5\" \/><input type=\"hidden\" name=\"_wpcf7_locale\" value=\"en_US\" \/><input type=\"hidden\" name=\"_wpcf7_unit_tag\" value=\"wpcf7-f5433-o1\" \/><input type=\"hidden\" name=\"_wpcf7_container_post\" value=\"0\" \/><input type=\"hidden\" name=\"_wpcf7_posted_data_hash\" value=\"\" \/><input type=\"hidden\" name=\"_wpcf7_recaptcha_response\" value=\"\" \/>\n<\/fieldset>\n<p><span class=\"wpcf7-form-control-wrap\" data-name=\"text-775\"><input size=\"40\" maxlength=\"400\" class=\"wpcf7-form-control wpcf7-text wpcf7-validates-as-required\" aria-required=\"true\" aria-invalid=\"false\" placeholder=\"Ad Soyad\" value=\"\" type=\"text\" name=\"text-775\" \/><\/span><span class=\"wpcf7-form-control-wrap\" data-name=\"email-550\"><input size=\"40\" maxlength=\"400\" class=\"wpcf7-form-control wpcf7-email wpcf7-validates-as-required wpcf7-text wpcf7-validates-as-email\" aria-required=\"true\" aria-invalid=\"false\" placeholder=\"E-po\u00e7t\" value=\"\" type=\"email\" name=\"email-550\" \/><\/span><span class=\"wpcf7-form-control-wrap\" data-name=\"textarea-138\"><textarea cols=\"10\" rows=\"4\" maxlength=\"2000\" class=\"wpcf7-form-control wpcf7-textarea wpcf7-validates-as-required\" aria-required=\"true\" aria-invalid=\"false\" placeholder=\"S\u0259nin mesaj\u0131n\" name=\"textarea-138\"><\/textarea><\/span><input class=\"wpcf7-form-control wpcf7-submit has-spinner\" type=\"submit\" value=\"G\u00f6nder\" \/>\n<\/p><p style=\"display: none !important;\" class=\"akismet-fields-container\" data-prefix=\"_wpcf7_ak_\"><label>&#916;<textarea name=\"_wpcf7_ak_hp_textarea\" cols=\"45\" rows=\"8\" maxlength=\"100\"><\/textarea><\/label><input type=\"hidden\" id=\"ak_js_1\" name=\"_wpcf7_ak_js\" value=\"184\"\/><script>document.getElementById( \"ak_js_1\" ).setAttribute( \"value\", ( new Date() ).getTime() );<\/script><\/p><div class=\"wpcf7-response-output\" aria-hidden=\"true\"><\/div>\n<\/form>\n<\/div>\n<\/div>[\/vc_column_inner][vc_column_inner css=&#8221;.vc_custom_1608195709893{border-top-width: 1px !important;border-right-width: 1px !important;border-bottom-width: 1px !important;border-left-width: 1px !important;padding-top: 20px !important;padding-right: 20px !important;padding-bottom: 20px !important;padding-left: 20px !important;border-left-color: rgba(112,112,112,0.15) !important;border-left-style: solid !important;border-right-color: rgba(112,112,112,0.15) !important;border-right-style: solid !important;border-top-color: rgba(112,112,112,0.15) !important;border-top-style: solid !important;border-bottom-color: rgba(112,112,112,0.15) !important;border-bottom-style: solid !important;border-radius: 3px !important;}&#8221; responsive_css=&#8221;padding_right_large:35px|padding_left_large:50px|padding_right_medium:15px|padding_left_medium:15px|padding_right_small:10px|padding_left_small:10px&#8221;]<style>.ld_icon_box_69e954247ebaa .iconbox-icon-container{color:rgb(38, 176, 95);font-size:20px;width:65px !important;height:65px !important;background:rgba(38, 176, 95, 0.1);border-radius:px;}.ld_icon_box_69e954247ebaa .iconbox-icon-container:before{border-color:rgba(38, 176, 95, 0.1);}.ld_icon_box_69e954247ebaa .lqd-iconbox-title{color:rgb(160, 160, 160);margin-bottom:1px;font-size:15px;}<\/style>\n<div class=\"iconbox iconbox-side text-align-default align-items-center iconbox-circle ld_icon_box_69e954247ebaa vc_custom_1730703884750\" id=\"ld_icon_box_69e954247ebaa\"  data-animate-icon=\"true\" data-plugin-options='{\"color\":\"rgb(38, 176, 95)\"}'  >\n\t\n\t\t\t\t\t\n\t\n\t<div class=\"iconbox-icon-wrap\"><span class=\"iconbox-icon-container\"><i class=\"lqd-icn-ess icon-lqd-mobile\"><\/i><\/span><\/div>\t\n\t\t\n\t<div class=\"contents\">\t\n\t\t\n\t<h3 class=\"lqd-iconbox-title font-weight-medium\">\u018flaq\u0259 n\u00f6mr\u0259si<\/h3>\t<p><a href=\"tel:+994 50 5178687\">+994 50 5178687<\/a><\/p>\n\t\t\n\t<\/div>\t\n\t\n<\/div>\n[\/vc_column_inner][\/vc_row_inner][\/vc_column][vc_column width=&#8221;2\/3&#8243; column_top_ontablet=&#8221;yes&#8221; column_top_onmobile=&#8221;yes&#8221; offset=&#8221;vc_col-md-offset-0 vc_col-md-8&#8243; responsive_css=&#8221;margin_bottom_medium:0px&#8221; css=&#8221;.vc_custom_1610729062932{margin-bottom: 35px !important;}&#8221;]<style>.ld_content_box_69e954247fe98 .lqd-fb-content-title{font-weight:700 !important;}.ld_content_box_69e954247fe98 .lqd-fb-bg{background:-webkit-linear-gradient(180deg, rgba(255, 255, 255, 0) 0%, rgba(24, 27, 49, 0.6) 100%);background:linear-gradient(180deg, rgba(255, 255, 255, 0) 0%, rgba(24, 27, 49, 0.6) 100%);}<\/style><div id=\"ld_content_box_69e954247fe98\" class=\"lqd-fb lqd-fb-style-1 lqd-fb-style-1-3 round pos-rel overflow-hidden lqd-fb-zoom-img-onhover h-pt-60 ld_content_box_69e954247fe98\" data-inview=\"true\">\n\t<div class=\"lqd-fb-inner lqd-overlay\">\n\n\t\t<div class=\"lqd-fb-img lqd-overlay overflow-hidden\">\n\n\t\t<figure data-responsive-bg=\"true\"><img decoding=\"async\" width=\"1080\" height=\"900\" data-src=\"https:\/\/profdrercangurses.com\/wp-content\/uploads\/2021\/12\/agripili.jpg\" class=\"w-100 invisible lazyload\" alt=\"\" data-srcset=\"https:\/\/profdrercangurses.com\/wp-content\/uploads\/2021\/12\/agripili.jpg 1080w, https:\/\/profdrercangurses.com\/wp-content\/uploads\/2021\/12\/agripili-300x250.jpg 300w, https:\/\/profdrercangurses.com\/wp-content\/uploads\/2021\/12\/agripili-1024x853.jpg 1024w\" data-sizes=\"(max-width: 1080px) 100vw, 1080px\" itemprop=\"image\" title=\"\" src=\"data:image\/svg+xml;base64,PHN2ZyB3aWR0aD0iMSIgaGVpZ2h0PSIxIiB4bWxucz0iaHR0cDovL3d3dy53My5vcmcvMjAwMC9zdmciPjwvc3ZnPg==\" style=\"--smush-placeholder-width: 1080px; --smush-placeholder-aspect-ratio: 1080\/900;\"><\/figure>\t\t\n\t\t<\/div>\n\n\t\t<div class=\"lqd-fb-content lqd-overlay align-items-end\">\n\t\t\t<div class=\"lqd-fb-bg lqd-overlay\"><\/div>\n\t\t\t<div class=\"lqd-fb-hover-overlay lqd-overlay\"><\/div>\n\t\t\t<div class=\"lqd-fb-content-inner d-flex flex-column justify-content-end pos-rel h-100 w-100 w-md-75 p-4 p-md-8\">\n\t\t\t\t\n\t\t\t\t\t\t\t\t\n\t\t\t\t<div\n\t\t\t\tclass=\"lqd-fb-content-bottom mt-auto\"\n\t\t\t\tdata-custom-animations=\"true\"\n\t\t\t\tdata-ca-options='{ \"triggerHandler\": \"inview\", \"animationTarget\": \"all-childs\", \"duration\": 1200, \"delay\": 120,  \"startDelay\": 300, \"initValues\": { \"y\": 30, \"opacity\": 0 }, \"animations\": { \"y\": 0, \"opacity\": 1 } }'>\n\t\t\t\t\t\n\t\t\t\t\t\t\t\t\t\t<h2\t\t\t\t\tclass=\"lqd-fb-content-title my-0 mb-3\"\n\t\t\t\t\tdata-split-text=\"true\" data-split-options='{ \"type\": \"lines\" }'>Onur\u011fa Beyni Stimulyatoru (SCS)\t\t\t\t\t<\/h2>\n\t\t\t\t\t\t\t\t\t\t\n\t\t\t\t\t\n\t\t\t\t\t\t\t\t\t\t<p\n\t\t\t\t\tclass=\"my-0 mb-5\"\n\t\t\t\t\tdata-split-text=\"true\" data-split-options='{ \"type\": \"lines\" }'>\u018fn\u0259n\u0259vi m\u00fcalic\u0259 \u00fcsullar\u0131n\u0131n u\u011furlu n\u0259tic\u0259 verm\u0259diyi xroniki a\u011fr\u0131 \u015fikay\u0259tl\u0259ri olan x\u0259st\u0259l\u0259rd\u0259 onur\u011fa beyni stimulyasiyas\u0131 effektiv alternativdir. Bu minimal invaziv v\u0259 geri d\u00f6nd\u01ddril\u01dd bil\u0259n bir m\u00fcalic\u0259dir<\/p>\n\t\t\t\t\t\n\t\t\t\t\t\n\t\t\t\t<\/div>\n\t\t\t\t\n\t\t\t<\/div>\n\t\t<\/div>\n\n\t<\/div>\n<\/div>\n[vc_separator color=&#8221;custom&#8221; accent_color=&#8221;rgba(0,0,0,0.1)&#8221; css=&#8221;.vc_custom_1608195050020{margin-top: 10px !important;}&#8221;][vc_column_text]<\/p>\n<h2>SCS n\u0259dir?<\/h2>\n<p>Xroniki, \u015fidd\u0259tli v\u0259 davaml\u0131 a\u011fr\u0131lar\u0131n m\u00fcalic\u0259sind\u0259; Onur\u011fa beynin\u0259 veril\u0259n a\u015fa\u011f\u0131 g\u0259rginlikli elektrik c\u0259r\u0259yan\u0131 il\u0259 a\u011fr\u0131lar\u0131 yat\u0131rma\u011fa \u00e7al\u0131\u015f\u0131lmas\u0131d\u0131r. Sistemin i\u015f prinsipi sad\u0259c\u0259 olaraq bel\u0259dir: Elektrod x\u0259st\u0259nin epidural nahiy\u0259sin\u0259 yerl\u0259\u015fdirilir v\u0259 d\u0259ri alt\u0131na yerl\u0259\u015fdiril\u0259n cihazdan idar\u0259 olunan elektrik c\u0259r\u0259yan\u0131 il\u0259 stimulla\u015fd\u0131rma t\u0259min edilir.<\/p>\n<h2>SCS nec\u0259 t\u0259tbiq olunur?<\/h2>\n<p>Onur\u011fa beyni stimulla\u015fd\u0131r\u0131lmas\u0131 x\u0259st\u0259xana \u015f\u0259raitind\u0259 \u0259m\u0259liyyat ota\u011f\u0131nda h\u0259yata ke\u00e7iril\u0259n bir prosedurdur. X\u0259st\u0259 bu prosedura haz\u0131rland\u0131qdan sonra meyilli yana uzanm\u0131\u015f v\u0259ziyy\u0259td\u0259 g\u0259tirilir. M\u00fc\u0259yy\u0259n edilmi\u015f n\u00f6qt\u0259d\u0259n iyn\u0259 skopiyan\u0131n n\u0259zar\u0259ti alt\u0131nda daxil edilir. \u0130yn\u0259d\u0259n ke\u00e7iril\u0259n elektrod skopi n\u0259zar\u0259ti alt\u0131nda yenid\u0259n ir\u0259li \u00e7\u0259kilir v\u0259 onur\u011fa kanal\u0131na g\u0259ldikd\u0259 bura yerl\u0259\u015fdirilir. Prosedur zaman\u0131 a\u011fr\u0131 sah\u0259sini \u0259n yax\u015f\u0131 \u0259hat\u0259 ed\u0259n elektrodun a\u015fkar etm\u0259k \u00fc\u00e7\u00fcn m\u00fcxt\u0259lif stimulla\u015fd\u0131rma rejiml\u0259ri s\u0131nan\u0131r v\u0259 stimullar verilir. Nahiy\u0259y\u01dd m\u00fcv\u0259qq\u0259ti elektrod yerl\u01dd\u015fdirilir. Elektrodlar\u0131n b\u0259d\u0259nin xaricind\u0259 qalan ucu is\u01dd s\u0131naq stimulyatoruna ba\u011flan\u0131r. Daha sonra x\u0259st\u0259 1 h\u0259ft\u0259d\u0259n 3 h\u0259ft\u0259y\u0259 q\u0259d\u0259r m\u00fc\u015fahid\u0259 edilir. X\u0259st\u0259nin a\u011fr\u0131 \u015fikay\u0259tl\u0259rind\u0259 \u0259n az\u0131 50% azalma m\u00fc\u015fahid\u0259 olunarsa, test stimulyatoru \u00e7\u0131xar\u0131l\u0131r v\u0259 mini k\u0259sikl\u0259 d\u0259rinin alt\u0131na daimi stimulyator qoyulur.<\/p>\n<p><strong>T\u0259tbiqd\u0259n \u0259vv\u0259l haz\u0131rl\u0131q:<\/strong><\/p>\n<ul>\n<li>\u00a0M\u00fcdaxil\u0259d\u0259n \u0259vv\u0259l x\u0259st\u0259d\u0259 infeksiya olmamal\u0131d\u0131r.<\/li>\n<li>\u00a0Qan durula\u015fd\u0131r\u0131c\u0131 d\u0259rmanlar (Aspirin, kumadin, plavix v\u0259 s.) q\u0259bul edilm\u0259m\u0259lidir; X\u0259st\u0259 bu c\u00fcr<br \/>\nd\u0259rmanlardan istifad\u0259 edirs\u0259, h\u0259kimin m\u0259lumat\u0131 daxilind\u0259 m\u00fcvafiq vaxtdan \u0259vv\u0259l dayand\u0131r\u0131lmal\u0131d\u0131r.<\/li>\n<li>\u00a0Prosedurdan 4-6 saat \u0259vv\u0259l x\u0259st\u0259 yem\u0259k yem\u0259yi dayand\u0131rmal\u0131 v\u0259 ac olmal\u0131d\u0131r.<\/li>\n<li>\u00a0Qeyd etm\u0259k laz\u0131md\u0131r ki, m\u00fcdaxil\u0259 edil\u0259c\u0259k nahiy\u0259d\u0259 infeksiya v\u0259 ya d\u0259ri problemi olmad\u0131\u011f\u0131na<br \/>\ndiqq\u01ddt edilm\u01ddlidir.<\/li>\n<\/ul>\n<h2>Kim\u0259 t\u01ddtbiq edil\u0259 bil\u0259r?<\/h2>\n<p>Kord stimulla\u015fd\u0131r\u0131lmas\u0131 \u00fc\u00e7\u00fcn: X\u0259st\u0259d\u0259 xroniki, \u015fidd\u0259tli v\u0259 tez-tez t\u0259krarlanan a\u011fr\u0131lar olmal\u0131d\u0131r, Dig\u0259r m\u00fcalic\u0259 \u00fcsullar\u0131 s\u0131nanm\u0131\u015f, lakin n\u0259tic\u0259 verm\u0259mi\u015f olmal\u0131,<br \/>\nX\u0259st\u0259nin psixiatrik m\u00fcayin\u0259si apar\u0131lm\u0131\u015f olmal\u0131, X\u0259st\u0259 narkotikl\u0259r\u0259 alud\u0259 olmamal\u0131d\u0131r.<\/p>\n<h2>T\u0259sir g\u00f6st\u01ddrdiyi x\u0259st\u0259likl\u0259r:<\/h2>\n<ul>\n<li>\u00a0a\u011fr\u0131k\u0259sicil\u0259rl\u0259 aradan qald\u0131r\u0131la bilm\u0259y\u0259n sinir sistemin\u0259 ba\u011fl\u0131 nevropatik a\u011fr\u0131lar<\/li>\n<li>\u00a0\u015e\u0259k\u0259rli diabet s\u0259b\u0259biyl\u0259 yaranan sinir z\u0259d\u0259l\u0259nm\u0259sin\u0259 ba\u011fl\u0131 neyropatik a\u011fr\u0131<\/li>\n<li>\u00a0U\u011fursuz Bel C\u0259rrahiyy\u0259si Sindromunda g\u00f6r\u00fcl\u01ddn a\u011fr\u0131<\/li>\n<li>\u00a0\u018fzalar\u0131n amputasiyas\u0131 n\u0259tic\u0259sind\u0259 yaranan fantom a\u011fr\u0131lar\u0131<\/li>\n<li>\u00a0T\u0131xanm\u0131\u015f damar x\u0259st\u0259likl\u0259ri<\/li>\n<li>\u00a0\u00dcr\u0259k \u0259m\u0259liyyat\u0131ndan sonra xronikl\u01dd\u015f\u01ddn sin\u0259 a\u011fr\u0131lar\u0131<\/li>\n<li>\u00a0Buerger v\u0259 Raynaud x\u0259st\u0259liyi<\/li>\n<li>\u00a0Aktiv Mesane Sindromu x\u0259st\u0259likl\u0259rind\u0259 yaranan a\u011fr\u0131lar<\/li>\n<li>\u00a0\u00dcriner ve Fekal \u0130nkontinans (sidik qa\u00e7\u0131rma, n\u0259cis tutmama)<\/li>\n<li>\u00a0\u00c7anaq a\u011fr\u0131lar\u0131<\/li>\n<\/ul>\n<p>Son ill\u0259rd\u0259 \u00fcr\u0259k x\u0259st\u0259likl\u0259rinin s\u0259b\u0259b oldu\u011fu sin\u0259 a\u011fr\u0131lar\u0131n\u0131n (dorsal kord stimulyasiyas\u0131 angina pektorisi) m\u00fcalic\u0259sind\u0259 d\u0259 \u00fcst\u00fcnl\u00fck verilm\u0259y\u0259 ba\u015flanm\u0131\u015fd\u0131r.<\/p>\n<p>Dig\u0259r t\u0259r\u0259fd\u0259n, periferik sinir stimulla\u015fd\u0131r\u0131lmas\u0131 periferik sinir nevropatiyalar\u0131nda v\u0259 oksipital sinir nevraljisind\u0259 istifad\u0259 edil\u0259 bil\u0259r.<\/p>\n<p>Son ill\u0259rd\u0259 n\u0259cis v\u0259 sidik qa\u00e7\u0131rma a\u011fr\u0131lar\u0131n\u0131n m\u00fcalic\u0259sind\u0259 \u00e7anaq a\u011fr\u0131lar\u0131 v\u0259 interstisial sistit a\u011fr\u0131lar\u0131n\u0131n m\u00fcalic\u0259sind\u0259 sakral stimulla\u015fd\u0131rma t\u0259tbiql\u0259rinin istifad\u0259si artmaqdad\u0131r[\/vc_column_text][\/vc_column][\/vc_row][vc_row][vc_column][\/vc_column][\/vc_row]<\/p>\n","protected":false},"excerpt":{"rendered":"<p>[vc_row css=&#8221;.vc_custom_1622016079265{padding-top: 60px !important;padding-bottom: 60px !important;}&#8221;][vc_column enable_pin=&#8221;enable_pin&#8221; width=&#8221;5\/12&#8243; offset=&#8221;vc_col-md-4&#8243; responsive_css=&#8221;padding_right_medium:7%25&#8243;][vc_row_inner][vc_column_inner responsive_css=&#8221;margin_bottom_medium:45px&#8221; css=&#8221;.vc_custom_1608194013763{margin-bottom: 30px !important;}&#8221;][\/vc_column_inner][vc_column_inner css=&#8221;.vc_custom_1608195737477{margin-bottom: 30px !important;padding-top: 35px !important;padding-right: 20px !important;padding-bottom: 35px !important;padding-left: 20px !important;background-color: #f7f8fa !important;border-radius: 5px !important;}&#8221; responsive_css=&#8221;margin_bottom_medium:45px|padding_right_medium:35px|padding_left_medium:35px&#8221;][\/vc_column_inner][vc_column_inner css=&#8221;.vc_custom_1608195709893{border-top-width: 1px !important;border-right-width: 1px !important;border-bottom-width: 1px !important;border-left-width: 1px !important;padding-top: 20px !important;padding-right: 20px !important;padding-bottom: 20px !important;padding-left: 20px !important;border-left-color: rgba(112,112,112,0.15) !important;border-left-style: solid !important;border-right-color: rgba(112,112,112,0.15) !important;border-right-style: solid !important;border-top-color: [&hellip;]<\/p>\n","protected":false},"author":1,"featured_media":0,"parent":6941,"menu_order":0,"comment_status":"closed","ping_status":"closed","template":"","meta":{"footnotes":""},"class_list":["post-4772","page","type-page","status-publish","hentry"],"_links":{"self":[{"href":"https:\/\/profdrercangurses.com\/az\/wp-json\/wp\/v2\/pages\/4772","targetHints":{"allow":["GET"]}}],"collection":[{"href":"https:\/\/profdrercangurses.com\/az\/wp-json\/wp\/v2\/pages"}],"about":[{"href":"https:\/\/profdrercangurses.com\/az\/wp-json\/wp\/v2\/types\/page"}],"author":[{"embeddable":true,"href":"https:\/\/profdrercangurses.com\/az\/wp-json\/wp\/v2\/users\/1"}],"replies":[{"embeddable":true,"href":"https:\/\/profdrercangurses.com\/az\/wp-json\/wp\/v2\/comments?post=4772"}],"version-history":[{"count":2,"href":"https:\/\/profdrercangurses.com\/az\/wp-json\/wp\/v2\/pages\/4772\/revisions"}],"predecessor-version":[{"id":7125,"href":"https:\/\/profdrercangurses.com\/az\/wp-json\/wp\/v2\/pages\/4772\/revisions\/7125"}],"up":[{"embeddable":true,"href":"https:\/\/profdrercangurses.com\/az\/wp-json\/wp\/v2\/pages\/6941"}],"wp:attachment":[{"href":"https:\/\/profdrercangurses.com\/az\/wp-json\/wp\/v2\/media?parent=4772"}],"curies":[{"name":"wp","href":"https:\/\/api.w.org\/{rel}","templated":true}]}}