{"id":4773,"date":"2021-12-20T13:15:40","date_gmt":"2021-12-20T10:15:40","guid":{"rendered":"https:\/\/profdrercangurses.com\/bel-agrilari\/omurga-kanalinin-darligi-spinal-stenoz\/"},"modified":"2024-11-04T09:54:17","modified_gmt":"2024-11-04T06:54:17","slug":"onurga-stenozu","status":"publish","type":"page","link":"https:\/\/profdrercangurses.com\/az\/agrilar\/bel-agrilari\/onurga-stenozu\/","title":{"rendered":"Onur\u011fa Stenozu"},"content":{"rendered":"<p>[vc_row css=&#8221;.vc_custom_1622016079265{padding-top: 60px !important;padding-bottom: 60px !important;}&#8221;][vc_column enable_pin=&#8221;enable_pin&#8221; width=&#8221;5\/12&#8243; offset=&#8221;vc_col-md-4&#8243; responsive_css=&#8221;padding_right_medium:7%25&#8243;][vc_row_inner][vc_column_inner responsive_css=&#8221;margin_bottom_medium:45px&#8221; css=&#8221;.vc_custom_1608194013763{margin-bottom: 30px !important;}&#8221;]<style>.ld_custom_menu_69f1b5f739d45 > ul > li > a{font-size:15px;font-weight:700;letter-spacing:0.01em;color:rgb(51, 51, 51);background:rgb(247, 248, 250);}.ld_custom_menu_69f1b5f739d45 > ul > li:not(:last-child){margin-bottom:3px;}.lqd-stickybar > .lqd-head-col > .header-module > .ld_custom_menu_69f1b5f739d45 li{margin-inline-start:3px;}.ld_custom_menu_69f1b5f739d45 > ul > li > a:hover, .ld_custom_menu_69f1b5f739d45 li.is-active > a{background:rgb(233, 233, 233);}<\/style><div\n\tclass=\"lqd-fancy-menu lqd-custom-menu menu-items-has-fill lqd-menu-td-none ld_custom_menu_69f1b5f739d45\"\n\t>\n\n<ul id=\"ld_custom_menu_69f1b5f739d45\" class=\"reset-ul   \" ><li id=\"menu-item-5419\" class=\"menu-item menu-item-type-post_type menu-item-object-page menu-item-5419\"><a href=\"https:\/\/profdrercangurses.com\/az\/agrilar\/bel-agrilari\/\">Bel A\u011fr\u0131lar\u0131<\/a><\/li>\n<li id=\"menu-item-5420\" class=\"menu-item menu-item-type-post_type menu-item-object-page menu-item-5420\"><a href=\"https:\/\/profdrercangurses.com\/az\/agrilar\/bel-agrilari\/disk-yirtigi\/\">Disk Y\u0131rt\u0131\u011f\u0131<\/a><\/li>\n<li id=\"menu-item-5421\" class=\"menu-item menu-item-type-post_type menu-item-object-page menu-item-5421\"><a href=\"https:\/\/profdrercangurses.com\/az\/agrilar\/bel-agrilari\/onurga-stenozu\/\">Onur\u011fa Stenozu<\/a><\/li>\n<li id=\"menu-item-5423\" class=\"menu-item menu-item-type-post_type menu-item-object-page menu-item-5423\"><a href=\"https:\/\/profdrercangurses.com\/az\/agrilar\/neyropatik-agri-v%c9%99-nevralji\/\">Neyropatik A\u011fr\u0131 v\u0259 Nevralji<\/a><\/li>\n<li id=\"menu-item-5422\" class=\"menu-item menu-item-type-post_type menu-item-object-page menu-item-5422\"><a href=\"https:\/\/profdrercangurses.com\/az\/agrilar\/fantom-agrilar\/\">Fantom A\u011fr\u0131lar<\/a><\/li>\n<li id=\"menu-item-5424\" class=\"menu-item menu-item-type-post_type menu-item-object-page menu-item-5424\"><a href=\"https:\/\/profdrercangurses.com\/az\/agrilar\/oynaq-agrilari\/\">Oynaq A\u011fr\u0131lar\u0131<\/a><\/li>\n<\/ul><\/div>[\/vc_column_inner][vc_column_inner css=&#8221;.vc_custom_1608195737477{margin-bottom: 30px !important;padding-top: 35px !important;padding-right: 20px !important;padding-bottom: 35px !important;padding-left: 20px !important;background-color: #f7f8fa !important;border-radius: 5px !important;}&#8221; responsive_css=&#8221;margin_bottom_medium:45px|padding_right_medium:35px|padding_left_medium:35px&#8221;]<style>.ld_fancy_heading_69f1b5f73ee2a h3 {font-size:19px; } .ld_fancy_heading_69f1b5f73ee2a h3 {margin-bottom:1.25em !important;  } .ld_fancy_heading_69f1b5f73ee2a .lqd-highlight-inner{height:0.275em!important;bottom:0px!important;}.ld_fancy_heading_69f1b5f73ee2a h3 {font-size:19px; } .ld_fancy_heading_69f1b5f73ee2a h3 {margin-bottom:1.25em !important;  } <\/style><div class=\"ld-fancy-heading ld_fancy_heading_69f1b5f73ee2a\">\n\t<h3 class=\"ld-fh-element lqd-highlight-underline lqd-highlight-grow-left text-decoration-default\"   >  \u018flaq\u0259 Formas\u0131<\/h3><\/div><style>.ld_cf7_69f1b5f73f0ef input,.ld_cf7_69f1b5f73f0ef textarea,.ld_cf7_69f1b5f73f0ef .ui-button.ui-selectmenu-button{font-size:15px;}.ld_cf7_69f1b5f73f0ef input[type=\"submit\"]{font-size:15px;background:rgb(24, 67, 65);border-color:rgb(24, 67, 65);}.ld_cf7_69f1b5f73f0ef input, .ld_cf7_69f1b5f73f0ef select, .ld_cf7_69f1b5f73f0ef textarea, .ld_cf7_69f1b5f73f0ef .ui-button.ui-selectmenu-button{background:rgb(255, 255, 255);}.ld_cf7_69f1b5f73f0ef input, .ld_cf7_69f1b5f73f0ef select, .ld_cf7_69f1b5f73f0ef textarea, .ld_cf7_69f1b5f73f0ef .ui-button.ui-selectmenu-button, .ld_cf7_69f1b5f73f0ef .wpcf7-form-control-wrap > i, .ld_cf7_69f1b5f73f0ef .wpcf7-radio{color:rgb(127, 130, 132);}.ld_cf7_69f1b5f73f0ef input:focus, .ld_cf7_69f1b5f73f0ef select:focus, .ld_cf7_69f1b5f73f0ef textarea:focus, .ld_cf7_69f1b5f73f0ef .ui-button.ui-selectmenu-button:hover, .wpcf7-acceptance .wpcf7-list-item-label:after{color:rgb(0, 0, 0);}.ld_cf7_69f1b5f73f0ef .wpcf7-form-control-wrap{margin-bottom:10px;}<\/style><div id=\"ld_cf7_69f1b5f73f0ef\" class=\"lqd-contact-form lqd-contact-form-inputs-filled lqd-contact-form-inputs-round lqd-contact-form-button-block lqd-contact-form-button-round ld_cf7_69f1b5f73f0ef vc_custom_1647515817003\">\n\t\n<div class=\"wpcf7 no-js\" id=\"wpcf7-f5433-o1\" lang=\"en-US\" dir=\"ltr\" data-wpcf7-id=\"5433\">\n<div class=\"screen-reader-response\"><p role=\"status\" aria-live=\"polite\" aria-atomic=\"true\"><\/p> <ul><\/ul><\/div>\n<form action=\"\/az\/wp-json\/wp\/v2\/pages\/4773#wpcf7-f5433-o1\" method=\"post\" class=\"wpcf7-form init\" aria-label=\"Contact form\" novalidate=\"novalidate\" data-status=\"init\">\n<fieldset class=\"hidden-fields-container\"><input type=\"hidden\" name=\"_wpcf7\" value=\"5433\" \/><input type=\"hidden\" name=\"_wpcf7_version\" value=\"6.1.5\" \/><input type=\"hidden\" name=\"_wpcf7_locale\" value=\"en_US\" \/><input type=\"hidden\" name=\"_wpcf7_unit_tag\" value=\"wpcf7-f5433-o1\" \/><input type=\"hidden\" name=\"_wpcf7_container_post\" value=\"0\" \/><input type=\"hidden\" name=\"_wpcf7_posted_data_hash\" value=\"\" \/><input type=\"hidden\" name=\"_wpcf7_recaptcha_response\" value=\"\" \/>\n<\/fieldset>\n<p><span class=\"wpcf7-form-control-wrap\" data-name=\"text-775\"><input size=\"40\" maxlength=\"400\" class=\"wpcf7-form-control wpcf7-text wpcf7-validates-as-required\" aria-required=\"true\" aria-invalid=\"false\" placeholder=\"Ad Soyad\" value=\"\" type=\"text\" name=\"text-775\" \/><\/span><span class=\"wpcf7-form-control-wrap\" data-name=\"email-550\"><input size=\"40\" maxlength=\"400\" class=\"wpcf7-form-control wpcf7-email wpcf7-validates-as-required wpcf7-text wpcf7-validates-as-email\" aria-required=\"true\" aria-invalid=\"false\" placeholder=\"E-po\u00e7t\" value=\"\" type=\"email\" name=\"email-550\" \/><\/span><span class=\"wpcf7-form-control-wrap\" data-name=\"textarea-138\"><textarea cols=\"10\" rows=\"4\" maxlength=\"2000\" class=\"wpcf7-form-control wpcf7-textarea wpcf7-validates-as-required\" aria-required=\"true\" aria-invalid=\"false\" placeholder=\"S\u0259nin mesaj\u0131n\" name=\"textarea-138\"><\/textarea><\/span><input class=\"wpcf7-form-control wpcf7-submit has-spinner\" type=\"submit\" value=\"G\u00f6nder\" \/>\n<\/p><p style=\"display: none !important;\" class=\"akismet-fields-container\" data-prefix=\"_wpcf7_ak_\"><label>&#916;<textarea name=\"_wpcf7_ak_hp_textarea\" cols=\"45\" rows=\"8\" maxlength=\"100\"><\/textarea><\/label><input type=\"hidden\" id=\"ak_js_1\" name=\"_wpcf7_ak_js\" value=\"122\"\/><script>document.getElementById( \"ak_js_1\" ).setAttribute( \"value\", ( new Date() ).getTime() );<\/script><\/p><div class=\"wpcf7-response-output\" aria-hidden=\"true\"><\/div>\n<\/form>\n<\/div>\n<\/div>[\/vc_column_inner][vc_column_inner css=&#8221;.vc_custom_1608195709893{border-top-width: 1px !important;border-right-width: 1px !important;border-bottom-width: 1px !important;border-left-width: 1px !important;padding-top: 20px !important;padding-right: 20px !important;padding-bottom: 20px !important;padding-left: 20px !important;border-left-color: rgba(112,112,112,0.15) !important;border-left-style: solid !important;border-right-color: rgba(112,112,112,0.15) !important;border-right-style: solid !important;border-top-color: rgba(112,112,112,0.15) !important;border-top-style: solid !important;border-bottom-color: rgba(112,112,112,0.15) !important;border-bottom-style: solid !important;border-radius: 3px !important;}&#8221; responsive_css=&#8221;padding_right_large:35px|padding_left_large:50px|padding_right_medium:15px|padding_left_medium:15px|padding_right_small:10px|padding_left_small:10px&#8221;]<style>.ld_icon_box_69f1b5f741347 .iconbox-icon-container{color:rgb(38, 176, 95);font-size:20px;width:65px !important;height:65px !important;background:rgba(38, 176, 95, 0.1);border-radius:px;}.ld_icon_box_69f1b5f741347 .iconbox-icon-container:before{border-color:rgba(38, 176, 95, 0.1);}.ld_icon_box_69f1b5f741347 .lqd-iconbox-title{color:rgb(160, 160, 160);margin-bottom:1px;font-size:15px;}<\/style>\n<div class=\"iconbox iconbox-side text-align-default align-items-center iconbox-circle ld_icon_box_69f1b5f741347 vc_custom_1730703251815\" id=\"ld_icon_box_69f1b5f741347\"  data-animate-icon=\"true\" data-plugin-options='{\"color\":\"rgb(38, 176, 95)\"}'  >\n\t\n\t\t\t\t\t\n\t\n\t<div class=\"iconbox-icon-wrap\"><span class=\"iconbox-icon-container\"><i class=\"lqd-icn-ess icon-lqd-mobile\"><\/i><\/span><\/div>\t\n\t\t\n\t<div class=\"contents\">\t\n\t\t\n\t<h3 class=\"lqd-iconbox-title font-weight-medium\">\u018flaq\u0259 n\u00f6mr\u0259si<\/h3>\t<p><a href=\"tel:+994 50 5178687\">+994 50 5178687<\/a><\/p>\n\t\t\n\t<\/div>\t\n\t\n<\/div>\n[\/vc_column_inner][\/vc_row_inner][\/vc_column][vc_column width=&#8221;2\/3&#8243; column_top_ontablet=&#8221;yes&#8221; column_top_onmobile=&#8221;yes&#8221; offset=&#8221;vc_col-md-offset-0 vc_col-md-8&#8243; responsive_css=&#8221;margin_bottom_medium:0px&#8221; css=&#8221;.vc_custom_1610729062932{margin-bottom: 35px !important;}&#8221;]<style>.ld_content_box_69f1b5f7426fd .lqd-fb-content-title{font-weight:700 !important;}.ld_content_box_69f1b5f7426fd .lqd-fb-bg{background:-webkit-linear-gradient(180deg, rgba(255, 255, 255, 0) 0%, rgba(24, 27, 49, 0.6) 100%);background:linear-gradient(180deg, rgba(255, 255, 255, 0) 0%, rgba(24, 27, 49, 0.6) 100%);}<\/style><div id=\"ld_content_box_69f1b5f7426fd\" class=\"lqd-fb lqd-fb-style-1 lqd-fb-style-1-3 round pos-rel overflow-hidden lqd-fb-zoom-img-onhover h-pt-60 ld_content_box_69f1b5f7426fd\" data-inview=\"true\">\n\t<div class=\"lqd-fb-inner lqd-overlay\">\n\n\t\t<div class=\"lqd-fb-img lqd-overlay overflow-hidden\">\n\n\t\t<figure data-responsive-bg=\"true\"><img decoding=\"async\" width=\"1080\" height=\"900\" data-src=\"https:\/\/profdrercangurses.com\/wp-content\/uploads\/2021\/12\/omurgakanalinindarligi.jpg\" class=\"w-100 invisible lazyload\" alt=\"\" data-srcset=\"https:\/\/profdrercangurses.com\/wp-content\/uploads\/2021\/12\/omurgakanalinindarligi.jpg 1080w, https:\/\/profdrercangurses.com\/wp-content\/uploads\/2021\/12\/omurgakanalinindarligi-300x250.jpg 300w, https:\/\/profdrercangurses.com\/wp-content\/uploads\/2021\/12\/omurgakanalinindarligi-1024x853.jpg 1024w\" data-sizes=\"(max-width: 1080px) 100vw, 1080px\" itemprop=\"image\" title=\"\" src=\"data:image\/svg+xml;base64,PHN2ZyB3aWR0aD0iMSIgaGVpZ2h0PSIxIiB4bWxucz0iaHR0cDovL3d3dy53My5vcmcvMjAwMC9zdmciPjwvc3ZnPg==\" style=\"--smush-placeholder-width: 1080px; --smush-placeholder-aspect-ratio: 1080\/900;\"><\/figure>\t\t\n\t\t<\/div>\n\n\t\t<div class=\"lqd-fb-content lqd-overlay align-items-end\">\n\t\t\t<div class=\"lqd-fb-bg lqd-overlay\"><\/div>\n\t\t\t<div class=\"lqd-fb-hover-overlay lqd-overlay\"><\/div>\n\t\t\t<div class=\"lqd-fb-content-inner d-flex flex-column justify-content-end pos-rel h-100 w-100 w-md-75 p-4 p-md-8\">\n\t\t\t\t\n\t\t\t\t\t\t\t\t\n\t\t\t\t<div\n\t\t\t\tclass=\"lqd-fb-content-bottom mt-auto\"\n\t\t\t\tdata-custom-animations=\"true\"\n\t\t\t\tdata-ca-options='{ \"triggerHandler\": \"inview\", \"animationTarget\": \"all-childs\", \"duration\": 1200, \"delay\": 120,  \"startDelay\": 300, \"initValues\": { \"y\": 30, \"opacity\": 0 }, \"animations\": { \"y\": 0, \"opacity\": 1 } }'>\n\t\t\t\t\t\n\t\t\t\t\t\t\t\t\t\t<h2\t\t\t\t\tclass=\"lqd-fb-content-title my-0 mb-3\"\n\t\t\t\t\tdata-split-text=\"true\" data-split-options='{ \"type\": \"lines\" }'>Onur\u011fa Stenozu\t\t\t\t\t<\/h2>\n\t\t\t\t\t\t\t\t\t\t\n\t\t\t\t\t\n\t\t\t\t\t\t\t\t\t\t<p\n\t\t\t\t\tclass=\"my-0 mb-5\"\n\t\t\t\t\tdata-split-text=\"true\" data-split-options='{ \"type\": \"lines\" }'>Onur\u011fa kanal\u0131n\u0131n stenozu ir\u01ddli ya\u015flarda ba\u015f ver\u0259n bel a\u011fr\u0131lar\u0131n\u0131n s\u0259b\u0259bl\u0259rind\u0259n biridir.<\/p>\n\t\t\t\t\t\n\t\t\t\t\t\n\t\t\t\t<\/div>\n\t\t\t\t\n\t\t\t<\/div>\n\t\t<\/div>\n\n\t<\/div>\n<\/div>\n[vc_column_text]\u0130r\u0259li ya\u015fdan as\u0131l\u0131 olaraq, onur\u011fa kanal\u0131n\u0131n \u0259traf\u0131nda yerl\u0259\u015f\u0259n faset oynaqlar\u0131nda v\u0259 diskl\u0259rd\u0259 kalsifikasiya ba\u015f ver\u0259 bil\u0259r; bu onur\u011fa kanal\u0131n\u0131 daraltma\u011fa ba\u015flay\u0131r. Onur\u011fa kanal\u0131n\u0131n darl\u0131\u011f\u0131, dig\u01ddr ad\u0131yla onur\u011fa stenozu olaraq da bilinir, disk y\u0131rt\u0131\u011f\u0131ndan tamamil\u0259 f\u0259rqlidir. X\u0259st\u0259d\u0259 a\u011fr\u0131 h\u0259r\u0259k\u0259tl\u0259 inki\u015faf etmir; Bir m\u00fcdd\u0259t g\u0259zdikd\u0259n sonra ba\u015flay\u0131r. \u0130r\u0259lil\u0259y\u0259n onur\u011fa stenozu hallar\u0131nda x\u0259st\u0259l\u0259r h\u0259tta q\u0131sa g\u0259zintil\u0259r zaman\u0131 da a\u011fr\u0131 hiss edirl\u0259r. G\u0259zinti s\u0259b\u0259biyl\u0259 ayaqlar b\u0259d\u0259ni da\u015f\u0131ya bilmir; Ayaqlarda heyim\u01dd hissi \u01ddm\u01ddl\u01dd g\u01ddlir. X\u0259st\u0259 istirah\u0259t etdikd\u0259 bu \u015fikay\u0259tl\u0259r d\u0259 yox olur.<\/p>\n<h2>Onur\u011fan\u0131n stenozuna n\u0259 s\u0259b\u0259b olur?<\/h2>\n<ul>\n<li>\u00a0Onur\u011fada kanal darl\u0131\u011f\u0131 (onur\u011fa stenozu) ad\u0259t\u0259n ya\u015fla m\u00fc\u015fahid\u0259 olunan x\u0259st\u0259likdir.<\/li>\n<li>\u00a0Onur\u011fa oynaqlar\u0131nda q\u0131\u011f\u0131rdaq strukturlar\u0131n\u0131n a\u015f\u0131nmas\u0131 (artrit) n\u0259tic\u0259sind\u0259 s\u00fcm\u00fck b\u00f6y\u00fcm\u0259si ba\u015f<br \/>\nverir. Bu, onur\u011fa kanal\u0131na basq\u0131 edir v\u0259 kanal\u0131n daralmas\u0131na s\u0259b\u0259b olur.<\/li>\n<li>\u00a0Ya\u015fla onur\u011fa diskl\u0259rinin y\u0131rt\u0131\u011f\u0131 onur\u011fa beynind\u0259ki sinirl\u0259r\u0259 t\u0259zyiq edir. Bu, kanal\u0131n stenozuna s\u0259b\u0259b<br \/>\nolur.<\/li>\n<li>\u00a0Onur\u011fa beyni kistl\u0259ri v\u0259 \u015fi\u015fl\u0259ri d\u0259 kanal\u0131n darl\u0131\u011f\u0131na s\u0259b\u0259b ola bil\u0259r.<\/li>\n<li>\u00a0Bundan \u0259lav\u0259, b\u0259zi insanlarda anadang\u0259lm\u0259 dar onur\u011fa kanal\u0131 var. Bu v\u0259ziyy\u0259t\u0259 anadang\u0259lm\u0259<br \/>\nonur\u011fa stenozu deyilir.<\/li>\n<\/ul>\n<h2>Klinik t\u0259zah\u00fcrl\u0259r<\/h2>\n<ul>\n<li>\u00a0Arxa v\u0259 bel nahiy\u0259sind\u0259 a\u011fr\u0131 v\u0259\/yaxud hissizlik<\/li>\n<li>\u00a0Ayaqda a\u011fr\u0131, g\u00fcc itkisi, uyu\u015fma, kar\u0131ncalanma (ad\u0259t\u0259n bu \u015fikay\u0259tl\u0259r uzun m\u0259saf\u0259li g\u0259zintil\u0259rd\u0259n<br \/>\nsonra art\u0131r)<\/li>\n<li>\u00a0Sidik qa\u00e7\u0131rma,<\/li>\n<li>\u00a0\u00d6n\u0259 \u0259yilm\u0259kl\u0259 v\u0259 ya oturaraq a\u011fr\u0131n\u0131n azald\u0131lmas\u0131 v\u0259 ya aradan qald\u0131r\u0131lmas\u0131.<\/li>\n<\/ul>\n<h2>Kanal stenozu nec\u0259 m\u00fcalic\u0259 olunur?<\/h2>\n<p>\u0130lkin m\u0259rh\u0259l\u0259d\u0259 x\u0259st\u0259nin a\u011fr\u0131lar\u0131 fiziki m\u00fcalic\u0259, x\u0259st\u0259nin art\u0131q \u00e7\u0259kisi varsa ar\u0131qlamaq, uy\u011fun<br \/>\na\u011fr\u0131k\u0259sicil\u0259r kimi \u00fcsullarla idar\u0259 oluna bil\u0259r.<\/p>\n<p><strong>Daha da ir\u01ddlil\u01ddmi\u015f hallarda;<\/strong><\/p>\n<ul>\n<li>\u00a0Epidural steroid inyeksiyalar\u0131,<\/li>\n<li>\u00a0Epiduroskopiya v\u0259 nevroplastika deyil\u0259n \u00fcsullarla son d\u0259r\u0259c\u0259 ki\u00e7ik kamera il\u0259 onur\u011fa kanal\u0131na girilir<br \/>\nv\u0259 sinirl\u0259rin s\u0131x\u0131ld\u0131\u011f\u0131 nahiy\u0259l\u0259rd\u0259 daralm\u0131\u015f sah\u0259 \u015foranla geni\u015fl\u0259ndirilir. V\u0259 sonra hialuronidaza<br \/>\ninyeksiyas\u0131 il\u0259 kanal\u0131n yenid\u0259n daralmas\u0131n\u0131n qar\u015f\u0131s\u0131n\u0131 alma\u011fa \u00e7al\u0131\u015f\u0131l\u0131r.<\/li>\n<li>\u00a0Uy\u011fun x\u0259st\u0259l\u0259rd\u0259 faset oynaqlar\u0131na v\u0259 onur\u011fa beyni posterior k\u00f6k sinirl\u0259rin\u0259 radiotezlik t\u0259tbiqi<\/li>\n<li>\u00a0X\u0259st\u0259nin istirah\u0259t etm\u0259d\u0259n yeriy\u0259 bil\u0259c\u0259yi m\u0259saf\u0259 50 metrd\u0259n azd\u0131rsa, c\u0259rrahi m\u00fcdaxil\u0259 t\u0259l\u0259b olunur.<\/li>\n<li>\u00a0Kanal daralmas\u0131 \u0259m\u0259liyyatla d\u00fcz\u0259ldilmi\u015f v\u0259 onur\u011faya yerl\u0259\u015fdiril\u0259n implantlarla kanal qurulu\u015fu sabit<br \/>\nhala g\u0259tiril\u01ddn x\u0259st\u0259l\u0259rd\u0259 a\u011fr\u0131 \u015fikay\u0259tl\u0259ri davam ed\u0259 bil\u0259r.<\/li>\n<\/ul>\n<p>Bu x\u0259st\u0259l\u0259rd\u0259 onur\u011fa beyni stimulla\u015fd\u0131r\u0131lmas\u0131 \u0259n t\u0259sirli m\u00fcalic\u0259dir.<\/p>\n<p>Onur\u011fa beyni stimulyatoruna ist\u0259nil\u0259n cavab al\u0131nmazsa, onur\u011fa kanal\u0131na m\u00fcnt\u0259z\u0259m a\u011fr\u0131lar\u0131 aradan qald\u0131ran proqramla\u015fd\u0131r\u0131la bil\u0259n a\u011fr\u0131 pompalar\u0131 yerl\u0259\u015fdiril\u0259 bil\u0259r.[\/vc_column_text][vc_separator color=&#8221;custom&#8221; accent_color=&#8221;rgba(0,0,0,0.1)&#8221; css=&#8221;.vc_custom_1608195050020{margin-top: 10px !important;}&#8221;][\/vc_column][\/vc_row][vc_row][vc_column][\/vc_column][\/vc_row]<\/p>\n","protected":false},"excerpt":{"rendered":"<p>[vc_row css=&#8221;.vc_custom_1622016079265{padding-top: 60px !important;padding-bottom: 60px !important;}&#8221;][vc_column enable_pin=&#8221;enable_pin&#8221; width=&#8221;5\/12&#8243; offset=&#8221;vc_col-md-4&#8243; responsive_css=&#8221;padding_right_medium:7%25&#8243;][vc_row_inner][vc_column_inner responsive_css=&#8221;margin_bottom_medium:45px&#8221; css=&#8221;.vc_custom_1608194013763{margin-bottom: 30px !important;}&#8221;][\/vc_column_inner][vc_column_inner css=&#8221;.vc_custom_1608195737477{margin-bottom: 30px !important;padding-top: 35px !important;padding-right: 20px !important;padding-bottom: 35px !important;padding-left: 20px !important;background-color: #f7f8fa !important;border-radius: 5px !important;}&#8221; responsive_css=&#8221;margin_bottom_medium:45px|padding_right_medium:35px|padding_left_medium:35px&#8221;][\/vc_column_inner][vc_column_inner css=&#8221;.vc_custom_1608195709893{border-top-width: 1px !important;border-right-width: 1px !important;border-bottom-width: 1px !important;border-left-width: 1px !important;padding-top: 20px !important;padding-right: 20px !important;padding-bottom: 20px !important;padding-left: 20px !important;border-left-color: rgba(112,112,112,0.15) !important;border-left-style: solid !important;border-right-color: rgba(112,112,112,0.15) !important;border-right-style: solid !important;border-top-color: [&hellip;]<\/p>\n","protected":false},"author":1,"featured_media":0,"parent":4765,"menu_order":0,"comment_status":"closed","ping_status":"closed","template":"","meta":{"footnotes":""},"class_list":["post-4773","page","type-page","status-publish","hentry"],"_links":{"self":[{"href":"https:\/\/profdrercangurses.com\/az\/wp-json\/wp\/v2\/pages\/4773","targetHints":{"allow":["GET"]}}],"collection":[{"href":"https:\/\/profdrercangurses.com\/az\/wp-json\/wp\/v2\/pages"}],"about":[{"href":"https:\/\/profdrercangurses.com\/az\/wp-json\/wp\/v2\/types\/page"}],"author":[{"embeddable":true,"href":"https:\/\/profdrercangurses.com\/az\/wp-json\/wp\/v2\/users\/1"}],"replies":[{"embeddable":true,"href":"https:\/\/profdrercangurses.com\/az\/wp-json\/wp\/v2\/comments?post=4773"}],"version-history":[{"count":2,"href":"https:\/\/profdrercangurses.com\/az\/wp-json\/wp\/v2\/pages\/4773\/revisions"}],"predecessor-version":[{"id":7114,"href":"https:\/\/profdrercangurses.com\/az\/wp-json\/wp\/v2\/pages\/4773\/revisions\/7114"}],"up":[{"embeddable":true,"href":"https:\/\/profdrercangurses.com\/az\/wp-json\/wp\/v2\/pages\/4765"}],"wp:attachment":[{"href":"https:\/\/profdrercangurses.com\/az\/wp-json\/wp\/v2\/media?parent=4773"}],"curies":[{"name":"wp","href":"https:\/\/api.w.org\/{rel}","templated":true}]}}