{"id":4774,"date":"2021-12-20T13:51:16","date_gmt":"2021-12-20T10:51:16","guid":{"rendered":"https:\/\/profdrercangurses.com\/eklem-agrilari\/"},"modified":"2024-11-04T09:52:23","modified_gmt":"2024-11-04T06:52:23","slug":"oynaq-agrilari","status":"publish","type":"page","link":"https:\/\/profdrercangurses.com\/az\/agrilar\/oynaq-agrilari\/","title":{"rendered":"Oynaq A\u011fr\u0131lar\u0131"},"content":{"rendered":"<p>[vc_row css=&#8221;.vc_custom_1622016079265{padding-top: 60px !important;padding-bottom: 60px !important;}&#8221;][vc_column enable_pin=&#8221;enable_pin&#8221; width=&#8221;5\/12&#8243; offset=&#8221;vc_col-md-4&#8243; responsive_css=&#8221;padding_right_medium:7%25&#8243;][vc_row_inner][vc_column_inner responsive_css=&#8221;margin_bottom_medium:45px&#8221; css=&#8221;.vc_custom_1608194013763{margin-bottom: 30px !important;}&#8221;]<style>.ld_custom_menu_69e9365931510 > ul > li > a{font-size:15px;font-weight:700;letter-spacing:0.01em;color:rgb(51, 51, 51);background:rgb(247, 248, 250);}.ld_custom_menu_69e9365931510 > ul > li:not(:last-child){margin-bottom:3px;}.lqd-stickybar > .lqd-head-col > .header-module > .ld_custom_menu_69e9365931510 li{margin-inline-start:3px;}.ld_custom_menu_69e9365931510 > ul > li > a:hover, .ld_custom_menu_69e9365931510 li.is-active > a{background:rgb(233, 233, 233);}<\/style><div\n\tclass=\"lqd-fancy-menu lqd-custom-menu menu-items-has-fill lqd-menu-td-none ld_custom_menu_69e9365931510\"\n\t>\n\n<ul id=\"ld_custom_menu_69e9365931510\" class=\"reset-ul   \" ><li id=\"menu-item-5419\" class=\"menu-item menu-item-type-post_type menu-item-object-page menu-item-5419\"><a href=\"https:\/\/profdrercangurses.com\/az\/agrilar\/bel-agrilari\/\">Bel A\u011fr\u0131lar\u0131<\/a><\/li>\n<li id=\"menu-item-5420\" class=\"menu-item menu-item-type-post_type menu-item-object-page menu-item-5420\"><a href=\"https:\/\/profdrercangurses.com\/az\/agrilar\/bel-agrilari\/disk-yirtigi\/\">Disk Y\u0131rt\u0131\u011f\u0131<\/a><\/li>\n<li id=\"menu-item-5421\" class=\"menu-item menu-item-type-post_type menu-item-object-page menu-item-5421\"><a href=\"https:\/\/profdrercangurses.com\/az\/agrilar\/bel-agrilari\/onurga-stenozu\/\">Onur\u011fa Stenozu<\/a><\/li>\n<li id=\"menu-item-5423\" class=\"menu-item menu-item-type-post_type menu-item-object-page menu-item-5423\"><a href=\"https:\/\/profdrercangurses.com\/az\/agrilar\/neyropatik-agri-v%c9%99-nevralji\/\">Neyropatik A\u011fr\u0131 v\u0259 Nevralji<\/a><\/li>\n<li id=\"menu-item-5422\" class=\"menu-item menu-item-type-post_type menu-item-object-page menu-item-5422\"><a href=\"https:\/\/profdrercangurses.com\/az\/agrilar\/fantom-agrilar\/\">Fantom A\u011fr\u0131lar<\/a><\/li>\n<li id=\"menu-item-5424\" class=\"menu-item menu-item-type-post_type menu-item-object-page menu-item-5424\"><a href=\"https:\/\/profdrercangurses.com\/az\/agrilar\/oynaq-agrilari\/\">Oynaq A\u011fr\u0131lar\u0131<\/a><\/li>\n<\/ul><\/div>[\/vc_column_inner][vc_column_inner css=&#8221;.vc_custom_1608195737477{margin-bottom: 30px !important;padding-top: 35px !important;padding-right: 20px !important;padding-bottom: 35px !important;padding-left: 20px !important;background-color: #f7f8fa !important;border-radius: 5px !important;}&#8221; responsive_css=&#8221;margin_bottom_medium:45px|padding_right_medium:35px|padding_left_medium:35px&#8221;]<style>.ld_fancy_heading_69e936593867e h3 {font-size:19px; } .ld_fancy_heading_69e936593867e h3 {margin-bottom:1.25em !important;  } .ld_fancy_heading_69e936593867e .lqd-highlight-inner{height:0.275em!important;bottom:0px!important;}.ld_fancy_heading_69e936593867e h3 {font-size:19px; } .ld_fancy_heading_69e936593867e h3 {margin-bottom:1.25em !important;  } <\/style><div class=\"ld-fancy-heading ld_fancy_heading_69e936593867e\">\n\t<h3 class=\"ld-fh-element lqd-highlight-underline lqd-highlight-grow-left text-decoration-default\"   >  \u018flaq\u0259 Formas\u0131<\/h3><\/div><style>.ld_cf7_69e9365938919 input,.ld_cf7_69e9365938919 textarea,.ld_cf7_69e9365938919 .ui-button.ui-selectmenu-button{font-size:15px;}.ld_cf7_69e9365938919 input[type=\"submit\"]{font-size:15px;background:rgb(24, 67, 65);border-color:rgb(24, 67, 65);}.ld_cf7_69e9365938919 input, .ld_cf7_69e9365938919 select, .ld_cf7_69e9365938919 textarea, .ld_cf7_69e9365938919 .ui-button.ui-selectmenu-button{background:rgb(255, 255, 255);}.ld_cf7_69e9365938919 input, .ld_cf7_69e9365938919 select, .ld_cf7_69e9365938919 textarea, .ld_cf7_69e9365938919 .ui-button.ui-selectmenu-button, .ld_cf7_69e9365938919 .wpcf7-form-control-wrap > i, .ld_cf7_69e9365938919 .wpcf7-radio{color:rgb(127, 130, 132);}.ld_cf7_69e9365938919 input:focus, .ld_cf7_69e9365938919 select:focus, .ld_cf7_69e9365938919 textarea:focus, .ld_cf7_69e9365938919 .ui-button.ui-selectmenu-button:hover, .wpcf7-acceptance .wpcf7-list-item-label:after{color:rgb(0, 0, 0);}.ld_cf7_69e9365938919 .wpcf7-form-control-wrap{margin-bottom:10px;}<\/style><div id=\"ld_cf7_69e9365938919\" class=\"lqd-contact-form lqd-contact-form-inputs-filled lqd-contact-form-inputs-round lqd-contact-form-button-block lqd-contact-form-button-round ld_cf7_69e9365938919 vc_custom_1647515766058\">\n\t\n<div class=\"wpcf7 no-js\" id=\"wpcf7-f5433-o1\" lang=\"en-US\" dir=\"ltr\" data-wpcf7-id=\"5433\">\n<div class=\"screen-reader-response\"><p role=\"status\" aria-live=\"polite\" aria-atomic=\"true\"><\/p> <ul><\/ul><\/div>\n<form action=\"\/az\/wp-json\/wp\/v2\/pages\/4774#wpcf7-f5433-o1\" method=\"post\" class=\"wpcf7-form init\" aria-label=\"Contact form\" novalidate=\"novalidate\" data-status=\"init\">\n<fieldset class=\"hidden-fields-container\"><input type=\"hidden\" name=\"_wpcf7\" value=\"5433\" \/><input type=\"hidden\" name=\"_wpcf7_version\" value=\"6.1.5\" \/><input type=\"hidden\" name=\"_wpcf7_locale\" value=\"en_US\" \/><input type=\"hidden\" name=\"_wpcf7_unit_tag\" value=\"wpcf7-f5433-o1\" \/><input type=\"hidden\" name=\"_wpcf7_container_post\" value=\"0\" \/><input type=\"hidden\" name=\"_wpcf7_posted_data_hash\" value=\"\" \/><input type=\"hidden\" name=\"_wpcf7_recaptcha_response\" value=\"\" \/>\n<\/fieldset>\n<p><span class=\"wpcf7-form-control-wrap\" data-name=\"text-775\"><input size=\"40\" maxlength=\"400\" class=\"wpcf7-form-control wpcf7-text wpcf7-validates-as-required\" aria-required=\"true\" aria-invalid=\"false\" placeholder=\"Ad Soyad\" value=\"\" type=\"text\" name=\"text-775\" \/><\/span><span class=\"wpcf7-form-control-wrap\" data-name=\"email-550\"><input size=\"40\" maxlength=\"400\" class=\"wpcf7-form-control wpcf7-email wpcf7-validates-as-required wpcf7-text wpcf7-validates-as-email\" aria-required=\"true\" aria-invalid=\"false\" placeholder=\"E-po\u00e7t\" value=\"\" type=\"email\" name=\"email-550\" \/><\/span><span class=\"wpcf7-form-control-wrap\" data-name=\"textarea-138\"><textarea cols=\"10\" rows=\"4\" maxlength=\"2000\" class=\"wpcf7-form-control wpcf7-textarea wpcf7-validates-as-required\" aria-required=\"true\" aria-invalid=\"false\" placeholder=\"S\u0259nin mesaj\u0131n\" name=\"textarea-138\"><\/textarea><\/span><input class=\"wpcf7-form-control wpcf7-submit has-spinner\" type=\"submit\" value=\"G\u00f6nder\" \/>\n<\/p><p style=\"display: none !important;\" class=\"akismet-fields-container\" data-prefix=\"_wpcf7_ak_\"><label>&#916;<textarea name=\"_wpcf7_ak_hp_textarea\" cols=\"45\" rows=\"8\" maxlength=\"100\"><\/textarea><\/label><input type=\"hidden\" id=\"ak_js_1\" name=\"_wpcf7_ak_js\" value=\"149\"\/><script>document.getElementById( \"ak_js_1\" ).setAttribute( \"value\", ( new Date() ).getTime() );<\/script><\/p><div class=\"wpcf7-response-output\" aria-hidden=\"true\"><\/div>\n<\/form>\n<\/div>\n<\/div>[\/vc_column_inner][vc_column_inner css=&#8221;.vc_custom_1608195709893{border-top-width: 1px !important;border-right-width: 1px !important;border-bottom-width: 1px !important;border-left-width: 1px !important;padding-top: 20px !important;padding-right: 20px !important;padding-bottom: 20px !important;padding-left: 20px !important;border-left-color: rgba(112,112,112,0.15) !important;border-left-style: solid !important;border-right-color: rgba(112,112,112,0.15) !important;border-right-style: solid !important;border-top-color: rgba(112,112,112,0.15) !important;border-top-style: solid !important;border-bottom-color: rgba(112,112,112,0.15) !important;border-bottom-style: solid !important;border-radius: 3px !important;}&#8221; responsive_css=&#8221;padding_right_large:35px|padding_left_large:50px|padding_right_medium:15px|padding_left_medium:15px|padding_right_small:10px|padding_left_small:10px&#8221;]<style>.ld_icon_box_69e936593a79b .iconbox-icon-container{color:rgb(38, 176, 95);font-size:20px;width:65px !important;height:65px !important;background:rgba(38, 176, 95, 0.1);border-radius:px;}.ld_icon_box_69e936593a79b .iconbox-icon-container:before{border-color:rgba(38, 176, 95, 0.1);}.ld_icon_box_69e936593a79b .lqd-iconbox-title{color:rgb(160, 160, 160);margin-bottom:1px;font-size:15px;}<\/style>\n<div class=\"iconbox iconbox-side text-align-default align-items-center iconbox-circle ld_icon_box_69e936593a79b vc_custom_1730703135053\" id=\"ld_icon_box_69e936593a79b\"  data-animate-icon=\"true\" data-plugin-options='{\"color\":\"rgb(38, 176, 95)\"}'  >\n\t\n\t\t\t\t\t\n\t\n\t<div class=\"iconbox-icon-wrap\"><span class=\"iconbox-icon-container\"><i class=\"lqd-icn-ess icon-lqd-mobile\"><\/i><\/span><\/div>\t\n\t\t\n\t<div class=\"contents\">\t\n\t\t\n\t<h3 class=\"lqd-iconbox-title font-weight-medium\">\u018flaq\u0259 n\u00f6mr\u0259si<\/h3>\t<p><a href=\"tel:+994 50 5178687\">+994 50 5178687<\/a><\/p>\n\t\t\n\t<\/div>\t\n\t\n<\/div>\n[\/vc_column_inner][\/vc_row_inner][\/vc_column][vc_column width=&#8221;2\/3&#8243; column_top_ontablet=&#8221;yes&#8221; column_top_onmobile=&#8221;yes&#8221; offset=&#8221;vc_col-md-offset-0 vc_col-md-8&#8243; responsive_css=&#8221;margin_bottom_medium:0px&#8221; css=&#8221;.vc_custom_1610729062932{margin-bottom: 35px !important;}&#8221;]<style>.ld_content_box_69e936593b7b3 .lqd-fb-content-title{font-weight:700 !important;}.ld_content_box_69e936593b7b3 .lqd-fb-bg{background:-webkit-linear-gradient(180deg, rgba(255, 255, 255, 0) 0%, rgba(24, 27, 49, 0.6) 100%);background:linear-gradient(180deg, rgba(255, 255, 255, 0) 0%, rgba(24, 27, 49, 0.6) 100%);}<\/style><div id=\"ld_content_box_69e936593b7b3\" class=\"lqd-fb lqd-fb-style-1 lqd-fb-style-1-3 round pos-rel overflow-hidden lqd-fb-zoom-img-onhover h-pt-60 ld_content_box_69e936593b7b3\" data-inview=\"true\">\n\t<div class=\"lqd-fb-inner lqd-overlay\">\n\n\t\t<div class=\"lqd-fb-img lqd-overlay overflow-hidden\">\n\n\t\t<figure data-responsive-bg=\"true\"><img decoding=\"async\" width=\"1080\" height=\"900\" data-src=\"https:\/\/profdrercangurses.com\/wp-content\/uploads\/2021\/12\/eklemagrilari.jpg\" class=\"w-100 invisible lazyload\" alt=\"\" data-srcset=\"https:\/\/profdrercangurses.com\/wp-content\/uploads\/2021\/12\/eklemagrilari.jpg 1080w, https:\/\/profdrercangurses.com\/wp-content\/uploads\/2021\/12\/eklemagrilari-300x250.jpg 300w, https:\/\/profdrercangurses.com\/wp-content\/uploads\/2021\/12\/eklemagrilari-1024x853.jpg 1024w\" data-sizes=\"(max-width: 1080px) 100vw, 1080px\" itemprop=\"image\" title=\"\" src=\"data:image\/svg+xml;base64,PHN2ZyB3aWR0aD0iMSIgaGVpZ2h0PSIxIiB4bWxucz0iaHR0cDovL3d3dy53My5vcmcvMjAwMC9zdmciPjwvc3ZnPg==\" style=\"--smush-placeholder-width: 1080px; --smush-placeholder-aspect-ratio: 1080\/900;\"><\/figure>\t\t\n\t\t<\/div>\n\n\t\t<div class=\"lqd-fb-content lqd-overlay align-items-end\">\n\t\t\t<div class=\"lqd-fb-bg lqd-overlay\"><\/div>\n\t\t\t<div class=\"lqd-fb-hover-overlay lqd-overlay\"><\/div>\n\t\t\t<div class=\"lqd-fb-content-inner d-flex flex-column justify-content-end pos-rel h-100 w-100 w-md-75 p-4 p-md-8\">\n\t\t\t\t\n\t\t\t\t\t\t\t\t\n\t\t\t\t<div\n\t\t\t\tclass=\"lqd-fb-content-bottom mt-auto\"\n\t\t\t\tdata-custom-animations=\"true\"\n\t\t\t\tdata-ca-options='{ \"triggerHandler\": \"inview\", \"animationTarget\": \"all-childs\", \"duration\": 1200, \"delay\": 120,  \"startDelay\": 300, \"initValues\": { \"y\": 30, \"opacity\": 0 }, \"animations\": { \"y\": 0, \"opacity\": 1 } }'>\n\t\t\t\t\t\n\t\t\t\t\t\t\t\t\t\t<h2\t\t\t\t\tclass=\"lqd-fb-content-title my-0 mb-3\"\n\t\t\t\t\tdata-split-text=\"true\" data-split-options='{ \"type\": \"lines\" }'>Oynaq A\u011fr\u0131lar\u0131\t\t\t\t\t<\/h2>\n\t\t\t\t\t\t\t\t\t\t\n\t\t\t\t\t\n\t\t\t\t\t\t\t\t\t\t<p\n\t\t\t\t\tclass=\"my-0 mb-5\"\n\t\t\t\t\tdata-split-text=\"true\" data-split-options='{ \"type\": \"lines\" }'>B\u0259d\u0259nimizin s\u00fcm\u00fckl\u0259rin bir-birin\u0259 ba\u011fland\u0131\u011f\u0131 hiss\u0259l\u0259rin\u0259 oynaqlar deyilir. Oynaqlar q\u0131\u011f\u0131rdaq, \u0259z\u0259l\u0259l\u0259r, ba\u011flar v\u0259 v\u0259t\u0259rl\u0259rl\u0259 \u0259hat\u0259 olunmu\u015fdur.<\/p>\n\t\t\t\t\t\n\t\t\t\t\t\n\t\t\t\t<\/div>\n\t\t\t\t\n\t\t\t<\/div>\n\t\t<\/div>\n\n\t<\/div>\n<\/div>\n[vc_column_text]<\/p>\n<h2>Oynaq a\u011fr\u0131s\u0131 n\u0259dir?<\/h2>\n<p>Oynaq a\u011fr\u0131s\u0131 (artralgiya) oynaqlar\u0131 \u0259hat\u0259 ed\u0259n q\u0131\u011f\u0131rdaq, ba\u011f, \u0259z\u0259l\u0259 v\u0259 v\u0259t\u0259r kimi strukturlarda a\u011fr\u0131 v\u0259 yanma hissi olaraq t\u0259yin olunur. Ya\u015f artd\u0131qca \u00e7oxalan oynaq a\u011fr\u0131lar\u0131 m\u00fcxt\u0259lif s\u0259b\u0259bl\u0259rd\u0259n g\u0259ncl\u0259rd\u0259 d\u0259 ba\u015f ver\u0259 bil\u0259r.<\/p>\n<h2>Oynaq a\u011fr\u0131lar\u0131na n\u0259 s\u0259b\u0259b olur?<\/h2>\n<p>Oynaq a\u011fr\u0131lar\u0131 ad\u0259t\u0259n ya\u015fla \u0259laq\u0259dar oynaq mayesinin azalmas\u0131 v\u01dd ya q\u0131\u011f\u0131rdaqlar\u0131n z\u0259ifl\u0259m\u0259si s\u0259b\u0259bind\u0259n ba\u015f verir. Bundan \u0259lav\u0259, m\u00fcxt\u0259lif s\u00fcm\u00fck x\u0259st\u0259likl\u0259ri, oynaq iltihab\u0131, x\u0259r\u00e7\u0259ng, art\u0131q \u00e7\u0259ki (piyl\u0259nm\u0259), z\u0259d\u0259l\u0259r v\u0259 travmalar, hipotiroidizm, fibromiyalgiya, lyme, lupus kimi x\u0259st\u0259likl\u0259r d\u0259 oynaqlar\u0131n z\u0259d\u0259l\u0259nm\u0259sin\u0259 v\u0259 bu s\u0259b\u0259bl\u01dd d\u01dd a\u011fr\u0131lara yol a\u00e7a bil\u0259r. Oynaq a\u011fr\u0131lar\u0131 aras\u0131nda \u00e7iyin nahiy\u0259sini \u0259hat\u0259 ed\u0259n a\u011fr\u0131lar \u01ddn ba\u015fda g\u01ddlir. \u00c7iyin nahiy\u0259sind\u0259n \u0259lav\u0259 omba v\u0259 diz b\u00f6lg\u0259si il\u01dd birlikd\u01dd dig\u0259r oynaqlar\u0131 \u0259hat\u0259 ed\u0259n \u015fidd\u0259tli a\u011fr\u0131lar da Oynaq a\u011fr\u0131lar\u0131 ba\u015fl\u0131\u011f\u0131 alt\u0131nda \u0259l\u01dd al\u0131nmaqdad\u0131r.<\/p>\n<h2>Oynaq a\u011fr\u0131lar\u0131n\u0131n \u0259lam\u0259tl\u0259ri hans\u0131lard\u0131r?<\/h2>\n<p><strong>Oynaq a\u011fr\u0131lar\u0131n\u0131n tipik simptomlar\u0131 bunlard\u0131r:<\/strong><\/p>\n<ul>\n<li>\u00a0oynaqlarda \u00f6d\u01ddm v\u0259 \u015fi\u015fliyin meydana g\u01ddlm\u01ddsi,<\/li>\n<li>\u00a0Oynaq d\u0259ri nahiy\u01ddsind\u0259 q\u0131zart\u0131 \u01ddm\u01ddl\u01dd g\u01ddlm\u01ddsi ,<\/li>\n<li>\u00a0Oynaq a\u011fr\u0131lar\u0131na s\u0259b\u01ddbiyl\u01dd x\u0259st\u0259nin h\u0259r\u0259k\u0259tl\u0259rinin m\u0259hdudla\u015fd\u0131r\u0131lmas\u0131,<\/li>\n<li>\u00a0A\u011fr\u0131 s\u0259b\u0259biyl\u0259 yeri\u015fin pozulmas\u0131n\u0131n m\u00fc\u015fahid\u0259si<\/li>\n<\/ul>\n<h2>\u00c7iyin v\u0259 qol a\u011fr\u0131lar\u0131n\u0131n s\u0259b\u0259bl\u0259ri n\u0259l\u0259rdir?<\/h2>\n<ul>\n<li>\u00a0<strong>Donmu\u015f \u00c7iyin Sindromu:<\/strong> Ad\u0259t\u0259n travma n\u0259tic\u0259sind\u0259 inki\u015faf edir. X\u0259st\u0259l\u0259r qollar\u0131n\u0131 yuxar\u0131 qald\u0131rmaqda v\u0259 ya \u0259ll\u0259ri il\u0259 arxalar\u0131na \u00e7atmaqda \u00e7\u0259tinlik \u00e7\u0259kirl\u0259r. \u00c7iyin h\u0259r\u0259k\u0259t ed\u0259rk\u0259n \u015fidd\u0259tli a\u011fr\u0131 hiss olunur.<\/li>\n<li>\u00a0<strong>Qolf\u00e7u dirs\u0259yi:<\/strong> Dirs\u0259yin daxili s\u00fcm\u00fck \u00e7\u0131x\u0131nt\u0131s\u0131nda a\u011fr\u0131 v\u0259 h\u0259ssasl\u0131\u011fa s\u0259b\u0259b olan qolf\u00e7u dirs\u0259k x\u0259st\u0259liyi ad\u0259t\u0259n bil\u0259k v\u0259 qol \u0259z\u0259l\u0259l\u0259rinin h\u0259ddind\u0259n art\u0131q y\u00fckl\u0259nm\u0259si n\u0259tic\u0259sind\u0259 inki\u015faf edir.<\/li>\n<li>\u00a0<strong>Tennis dirs\u0259yi:<\/strong> Dirs\u0259yin xarici s\u00fcm\u00fck \u00e7\u0131x\u0131nt\u0131s\u0131nda a\u011fr\u0131 v\u0259 h\u0259ssasl\u0131qla \u00f6z\u00fcn\u00fc g\u00f6st\u0259r\u0259n tennis\u00e7i dirs\u0259kd\u0259 \u00f6dem, \u00f6n qol \u0259z\u0259l\u0259l\u0259rinin v\u0259t\u0259rl\u0259rind\u0259 \u015fi\u015flik v\u01dd y\u0131rt\u0131q \u0259m\u0259l\u0259 g\u0259lir v\u01dd bunun n\u0259tic\u0259sind\u0259 a\u011fr\u0131ya g\u01ddtirib \u00e7\u0131xar\u0131r.<\/li>\n<\/ul>\n<h2>Oynaq a\u011fr\u0131lar\u0131n\u0131n diaqnozu v\u0259 t\u01dd\u015fhisi<\/h2>\n<p>Diaqnoz v\u0259 t\u01dd\u015fhis prosesinin ilk add\u0131m\u0131 x\u0259st\u0259nin anamnezi v\u0259 \u0259trafl\u0131 fiziki m\u00fcayin\u0259sidir.Bundan \u0259lav\u0259, MRT, rentgen, CT (komp\u00fcter tomoqrafiyas\u0131) v\u0259 EMG t\u0259l\u0259b oluna bil\u0259r.<\/p>\n<h2>Oynaq a\u011fr\u0131lar\u0131 nec\u0259 m\u00fcalic\u0259 olunur?<\/h2>\n<p><strong>Diaqnozdan as\u0131l\u0131 olaraq m\u00fcxt\u0259lif m\u00fcalic\u0259 \u00fcsullar\u0131 var.<\/strong><\/p>\n<ul>\n<li>\u00a0Uy\u011fun m\u0259\u015fq<\/li>\n<li>\u00a0Fizioterapiya<\/li>\n<li>\u00a0Kollagen d\u0259st\u0259kl\u0259ri<\/li>\n<li>\u00a0Oynaqdaxili steroid enjeksiyalar\u0131<\/li>\n<li>\u00a0Oynaqdaxili hialuron tur\u015fusu inyeksiyalar\u0131<\/li>\n<li>\u00a0Ozon terapiyas\u0131<\/li>\n<li>\u00a0PRP (trombositl\u0259 z\u0259ngin plazma)<\/li>\n<li>\u00a0Piy toxumas\u0131ndan haz\u0131rlanm\u0131\u015f k\u00f6k h\u00fcceyr\u0259 inyeksiyalar\u0131<\/li>\n<li>\u00a0Oynaqdaxili radiotezliyin t\u0259tbiqi<\/li>\n<\/ul>\n<p>[\/vc_column_text][vc_separator color=&#8221;custom&#8221; accent_color=&#8221;rgba(0,0,0,0.1)&#8221; css=&#8221;.vc_custom_1608195050020{margin-top: 10px !important;}&#8221;][\/vc_column][\/vc_row][vc_row][vc_column][\/vc_column][\/vc_row]<\/p>\n","protected":false},"excerpt":{"rendered":"<p>[vc_row css=&#8221;.vc_custom_1622016079265{padding-top: 60px !important;padding-bottom: 60px !important;}&#8221;][vc_column enable_pin=&#8221;enable_pin&#8221; width=&#8221;5\/12&#8243; offset=&#8221;vc_col-md-4&#8243; responsive_css=&#8221;padding_right_medium:7%25&#8243;][vc_row_inner][vc_column_inner responsive_css=&#8221;margin_bottom_medium:45px&#8221; css=&#8221;.vc_custom_1608194013763{margin-bottom: 30px !important;}&#8221;][\/vc_column_inner][vc_column_inner css=&#8221;.vc_custom_1608195737477{margin-bottom: 30px !important;padding-top: 35px !important;padding-right: 20px !important;padding-bottom: 35px !important;padding-left: 20px !important;background-color: #f7f8fa !important;border-radius: 5px !important;}&#8221; responsive_css=&#8221;margin_bottom_medium:45px|padding_right_medium:35px|padding_left_medium:35px&#8221;][\/vc_column_inner][vc_column_inner css=&#8221;.vc_custom_1608195709893{border-top-width: 1px !important;border-right-width: 1px !important;border-bottom-width: 1px !important;border-left-width: 1px !important;padding-top: 20px !important;padding-right: 20px !important;padding-bottom: 20px !important;padding-left: 20px !important;border-left-color: rgba(112,112,112,0.15) !important;border-left-style: solid !important;border-right-color: rgba(112,112,112,0.15) !important;border-right-style: solid !important;border-top-color: [&hellip;]<\/p>\n","protected":false},"author":1,"featured_media":0,"parent":6897,"menu_order":0,"comment_status":"closed","ping_status":"closed","template":"","meta":{"footnotes":""},"class_list":["post-4774","page","type-page","status-publish","hentry"],"_links":{"self":[{"href":"https:\/\/profdrercangurses.com\/az\/wp-json\/wp\/v2\/pages\/4774","targetHints":{"allow":["GET"]}}],"collection":[{"href":"https:\/\/profdrercangurses.com\/az\/wp-json\/wp\/v2\/pages"}],"about":[{"href":"https:\/\/profdrercangurses.com\/az\/wp-json\/wp\/v2\/types\/page"}],"author":[{"embeddable":true,"href":"https:\/\/profdrercangurses.com\/az\/wp-json\/wp\/v2\/users\/1"}],"replies":[{"embeddable":true,"href":"https:\/\/profdrercangurses.com\/az\/wp-json\/wp\/v2\/comments?post=4774"}],"version-history":[{"count":2,"href":"https:\/\/profdrercangurses.com\/az\/wp-json\/wp\/v2\/pages\/4774\/revisions"}],"predecessor-version":[{"id":7107,"href":"https:\/\/profdrercangurses.com\/az\/wp-json\/wp\/v2\/pages\/4774\/revisions\/7107"}],"up":[{"embeddable":true,"href":"https:\/\/profdrercangurses.com\/az\/wp-json\/wp\/v2\/pages\/6897"}],"wp:attachment":[{"href":"https:\/\/profdrercangurses.com\/az\/wp-json\/wp\/v2\/media?parent=4774"}],"curies":[{"name":"wp","href":"https:\/\/api.w.org\/{rel}","templated":true}]}}