{"id":4775,"date":"2021-12-21T13:37:06","date_gmt":"2021-12-21T10:37:06","guid":{"rendered":"https:\/\/profdrercangurses.com\/radyofrekans-tedavisi\/"},"modified":"2024-11-04T10:12:48","modified_gmt":"2024-11-04T07:12:48","slug":"radiotezlik-terapiyasi","status":"publish","type":"page","link":"https:\/\/profdrercangurses.com\/az\/mualic%c9%99l%c9%99rimiz\/radiotezlik-terapiyasi\/","title":{"rendered":"Radiotezlik Terapiyas\u0131"},"content":{"rendered":"<p>[vc_row css=&#8221;.vc_custom_1622016079265{padding-top: 60px !important;padding-bottom: 60px !important;}&#8221;][vc_column enable_pin=&#8221;enable_pin&#8221; width=&#8221;5\/12&#8243; offset=&#8221;vc_col-md-4&#8243; responsive_css=&#8221;padding_right_medium:7%25&#8243;][vc_row_inner][vc_column_inner responsive_css=&#8221;margin_bottom_medium:45px&#8221; css=&#8221;.vc_custom_1608194013763{margin-bottom: 30px !important;}&#8221;]<style>.ld_custom_menu_69f1b643e6c0b > ul > li > a{font-size:15px;font-weight:700;letter-spacing:0.01em;color:rgb(51, 51, 51);background:rgb(247, 248, 250);}.ld_custom_menu_69f1b643e6c0b > ul > li:not(:last-child){margin-bottom:3px;}.lqd-stickybar > .lqd-head-col > .header-module > .ld_custom_menu_69f1b643e6c0b li{margin-inline-start:3px;}.ld_custom_menu_69f1b643e6c0b > ul > li > a:hover, .ld_custom_menu_69f1b643e6c0b li.is-active > a{background:rgb(233, 233, 233);}<\/style><div\n\tclass=\"lqd-fancy-menu lqd-custom-menu menu-items-has-fill lqd-menu-td-none ld_custom_menu_69f1b643e6c0b\"\n\t>\n\n<ul id=\"ld_custom_menu_69f1b643e6c0b\" class=\"reset-ul   \" ><li id=\"menu-item-5430\" class=\"menu-item menu-item-type-post_type menu-item-object-page menu-item-5430\"><a href=\"https:\/\/profdrercangurses.com\/az\/mualic%c9%99l%c9%99rimiz\/radiotezlik-terapiyasi\/\">Radiotezlik Terapiyas\u0131<\/a><\/li>\n<li id=\"menu-item-5427\" class=\"menu-item menu-item-type-post_type menu-item-object-page menu-item-5427\"><a href=\"https:\/\/profdrercangurses.com\/az\/kok-huceyre-terapiyasi\/\">K\u00f6k H\u00fcceyre Terapiyas\u0131<\/a><\/li>\n<li id=\"menu-item-5425\" class=\"menu-item menu-item-type-post_type menu-item-object-page menu-item-5425\"><a href=\"https:\/\/profdrercangurses.com\/az\/mualic%c9%99l%c9%99rimiz\/baklofen-infuziya-pompasi\/\">Baklofen \u0130nfuziya Pompas\u0131<\/a><\/li>\n<li id=\"menu-item-5426\" class=\"menu-item menu-item-type-post_type menu-item-object-page menu-item-5426\"><a href=\"https:\/\/profdrercangurses.com\/az\/mualic%c9%99l%c9%99rimiz\/epiduroskopiya\/\">Epiduroskopiya<\/a><\/li>\n<li id=\"menu-item-5431\" class=\"menu-item menu-item-type-post_type menu-item-object-page menu-item-5431\"><a href=\"https:\/\/profdrercangurses.com\/az\/agrilar\/uriner-inkontinans-ve-fekal-inkontinans-sidik-qacirma-ve-n%c9%99cis-tutmama\/\">\u00dcriner \u0130nkontinans ve Fekal \u0130nkontinans<\/a><\/li>\n<li id=\"menu-item-5429\" class=\"menu-item menu-item-type-post_type menu-item-object-page menu-item-5429\"><a href=\"https:\/\/profdrercangurses.com\/az\/mualic%c9%99l%c9%99rimiz\/onurga-beyni-stimulyatoru-scs\/\">Onur\u011fa Beyni Stimulyatoru (SCS)<\/a><\/li>\n<li id=\"menu-item-5428\" class=\"menu-item menu-item-type-post_type menu-item-object-page menu-item-5428\"><a href=\"https:\/\/profdrercangurses.com\/az\/mualic%c9%99l%c9%99rimiz\/l-disq-plazma-lazer-mualic%c9%99si\/\">L-Disq \u2013 Plazma Lazer M\u00fcalic\u0259si<\/a><\/li>\n<li id=\"menu-item-5432\" class=\"menu-item menu-item-type-post_type menu-item-object-page menu-item-5432\"><a href=\"https:\/\/profdrercangurses.com\/az\/mualic%c9%99l%c9%99rimiz\/vertebroplastika\/\">Vertebroplastika<\/a><\/li>\n<\/ul><\/div>[\/vc_column_inner][vc_column_inner css=&#8221;.vc_custom_1608195737477{margin-bottom: 30px !important;padding-top: 35px !important;padding-right: 20px !important;padding-bottom: 35px !important;padding-left: 20px !important;background-color: #f7f8fa !important;border-radius: 5px !important;}&#8221; responsive_css=&#8221;margin_bottom_medium:45px|padding_right_medium:35px|padding_left_medium:35px&#8221;]<style>.ld_fancy_heading_69f1b643ec6ed h3 {font-size:19px; } .ld_fancy_heading_69f1b643ec6ed h3 {margin-bottom:1.25em !important;  } .ld_fancy_heading_69f1b643ec6ed .lqd-highlight-inner{height:0.275em!important;bottom:0px!important;}.ld_fancy_heading_69f1b643ec6ed h3 {font-size:19px; } .ld_fancy_heading_69f1b643ec6ed h3 {margin-bottom:1.25em !important;  } <\/style><div class=\"ld-fancy-heading ld_fancy_heading_69f1b643ec6ed\">\n\t<h3 class=\"ld-fh-element lqd-highlight-underline lqd-highlight-grow-left text-decoration-default\"   >  \u018flaq\u0259 Formas\u0131<\/h3><\/div><style>.ld_cf7_69f1b643ec9c3 input,.ld_cf7_69f1b643ec9c3 textarea,.ld_cf7_69f1b643ec9c3 .ui-button.ui-selectmenu-button{font-size:15px;}.ld_cf7_69f1b643ec9c3 input[type=\"submit\"]{font-size:15px;background:rgb(24, 67, 65);border-color:rgb(24, 67, 65);}.ld_cf7_69f1b643ec9c3 input, .ld_cf7_69f1b643ec9c3 select, .ld_cf7_69f1b643ec9c3 textarea, .ld_cf7_69f1b643ec9c3 .ui-button.ui-selectmenu-button{background:rgb(255, 255, 255);}.ld_cf7_69f1b643ec9c3 input, .ld_cf7_69f1b643ec9c3 select, .ld_cf7_69f1b643ec9c3 textarea, .ld_cf7_69f1b643ec9c3 .ui-button.ui-selectmenu-button, .ld_cf7_69f1b643ec9c3 .wpcf7-form-control-wrap > i, .ld_cf7_69f1b643ec9c3 .wpcf7-radio{color:rgb(127, 130, 132);}.ld_cf7_69f1b643ec9c3 input:focus, .ld_cf7_69f1b643ec9c3 select:focus, .ld_cf7_69f1b643ec9c3 textarea:focus, .ld_cf7_69f1b643ec9c3 .ui-button.ui-selectmenu-button:hover, .wpcf7-acceptance .wpcf7-list-item-label:after{color:rgb(0, 0, 0);}.ld_cf7_69f1b643ec9c3 .wpcf7-form-control-wrap{margin-bottom:10px;}<\/style><div id=\"ld_cf7_69f1b643ec9c3\" class=\"lqd-contact-form lqd-contact-form-inputs-filled lqd-contact-form-inputs-round lqd-contact-form-button-block lqd-contact-form-button-round ld_cf7_69f1b643ec9c3 vc_custom_1647516149627\">\n\t\n<div class=\"wpcf7 no-js\" id=\"wpcf7-f5433-o1\" lang=\"en-US\" dir=\"ltr\" data-wpcf7-id=\"5433\">\n<div class=\"screen-reader-response\"><p role=\"status\" aria-live=\"polite\" aria-atomic=\"true\"><\/p> <ul><\/ul><\/div>\n<form action=\"\/az\/wp-json\/wp\/v2\/pages\/4775#wpcf7-f5433-o1\" method=\"post\" class=\"wpcf7-form init\" aria-label=\"Contact form\" novalidate=\"novalidate\" data-status=\"init\">\n<fieldset class=\"hidden-fields-container\"><input type=\"hidden\" name=\"_wpcf7\" value=\"5433\" \/><input type=\"hidden\" name=\"_wpcf7_version\" value=\"6.1.5\" \/><input type=\"hidden\" name=\"_wpcf7_locale\" value=\"en_US\" \/><input type=\"hidden\" name=\"_wpcf7_unit_tag\" value=\"wpcf7-f5433-o1\" \/><input type=\"hidden\" name=\"_wpcf7_container_post\" value=\"0\" \/><input type=\"hidden\" name=\"_wpcf7_posted_data_hash\" value=\"\" \/><input type=\"hidden\" name=\"_wpcf7_recaptcha_response\" value=\"\" \/>\n<\/fieldset>\n<p><span class=\"wpcf7-form-control-wrap\" data-name=\"text-775\"><input size=\"40\" maxlength=\"400\" class=\"wpcf7-form-control wpcf7-text wpcf7-validates-as-required\" aria-required=\"true\" aria-invalid=\"false\" placeholder=\"Ad Soyad\" value=\"\" type=\"text\" name=\"text-775\" \/><\/span><span class=\"wpcf7-form-control-wrap\" data-name=\"email-550\"><input size=\"40\" maxlength=\"400\" class=\"wpcf7-form-control wpcf7-email wpcf7-validates-as-required wpcf7-text wpcf7-validates-as-email\" aria-required=\"true\" aria-invalid=\"false\" placeholder=\"E-po\u00e7t\" value=\"\" type=\"email\" name=\"email-550\" \/><\/span><span class=\"wpcf7-form-control-wrap\" data-name=\"textarea-138\"><textarea cols=\"10\" rows=\"4\" maxlength=\"2000\" class=\"wpcf7-form-control wpcf7-textarea wpcf7-validates-as-required\" aria-required=\"true\" aria-invalid=\"false\" placeholder=\"S\u0259nin mesaj\u0131n\" name=\"textarea-138\"><\/textarea><\/span><input class=\"wpcf7-form-control wpcf7-submit has-spinner\" type=\"submit\" value=\"G\u00f6nder\" \/>\n<\/p><p style=\"display: none !important;\" class=\"akismet-fields-container\" data-prefix=\"_wpcf7_ak_\"><label>&#916;<textarea name=\"_wpcf7_ak_hp_textarea\" cols=\"45\" rows=\"8\" maxlength=\"100\"><\/textarea><\/label><input type=\"hidden\" id=\"ak_js_1\" name=\"_wpcf7_ak_js\" value=\"102\"\/><script>document.getElementById( \"ak_js_1\" ).setAttribute( \"value\", ( new Date() ).getTime() );<\/script><\/p><div class=\"wpcf7-response-output\" aria-hidden=\"true\"><\/div>\n<\/form>\n<\/div>\n<\/div>[\/vc_column_inner][vc_column_inner css=&#8221;.vc_custom_1608195709893{border-top-width: 1px !important;border-right-width: 1px !important;border-bottom-width: 1px !important;border-left-width: 1px !important;padding-top: 20px !important;padding-right: 20px !important;padding-bottom: 20px !important;padding-left: 20px !important;border-left-color: rgba(112,112,112,0.15) !important;border-left-style: solid !important;border-right-color: rgba(112,112,112,0.15) !important;border-right-style: solid !important;border-top-color: rgba(112,112,112,0.15) !important;border-top-style: solid !important;border-bottom-color: rgba(112,112,112,0.15) !important;border-bottom-style: solid !important;border-radius: 3px !important;}&#8221; responsive_css=&#8221;padding_right_large:35px|padding_left_large:50px|padding_right_medium:15px|padding_left_medium:15px|padding_right_small:10px|padding_left_small:10px&#8221;]<style>.ld_icon_box_69f1b643eeae8 .iconbox-icon-container{color:rgb(38, 176, 95);font-size:20px;width:65px !important;height:65px !important;background:rgba(38, 176, 95, 0.1);border-radius:px;}.ld_icon_box_69f1b643eeae8 .iconbox-icon-container:before{border-color:rgba(38, 176, 95, 0.1);}.ld_icon_box_69f1b643eeae8 .lqd-iconbox-title{color:rgb(160, 160, 160);margin-bottom:1px;font-size:15px;}<\/style>\n<div class=\"iconbox iconbox-side text-align-default align-items-center iconbox-circle ld_icon_box_69f1b643eeae8 vc_custom_1730704364236\" id=\"ld_icon_box_69f1b643eeae8\"  data-animate-icon=\"true\" data-plugin-options='{\"color\":\"rgb(38, 176, 95)\"}'  >\n\t\n\t\t\t\t\t\n\t\n\t<div class=\"iconbox-icon-wrap\"><span class=\"iconbox-icon-container\"><i class=\"lqd-icn-ess icon-lqd-mobile\"><\/i><\/span><\/div>\t\n\t\t\n\t<div class=\"contents\">\t\n\t\t\n\t<h3 class=\"lqd-iconbox-title font-weight-medium\">\u018flaq\u0259 n\u00f6mr\u0259si<\/h3>\t<p><a href=\"tel:+994 50 5178687\">+994 50 5178687<\/a><\/p>\n\t\t\n\t<\/div>\t\n\t\n<\/div>\n[\/vc_column_inner][\/vc_row_inner][\/vc_column][vc_column width=&#8221;2\/3&#8243; column_top_ontablet=&#8221;yes&#8221; column_top_onmobile=&#8221;yes&#8221; offset=&#8221;vc_col-md-offset-0 vc_col-md-8&#8243; responsive_css=&#8221;margin_bottom_medium:0px&#8221; css=&#8221;.vc_custom_1610729062932{margin-bottom: 35px !important;}&#8221;]<style>.ld_content_box_69f1b643ef715 .lqd-fb-content-title{font-weight:700 !important;}.ld_content_box_69f1b643ef715 .lqd-fb-bg{background:-webkit-linear-gradient(180deg, rgba(255, 255, 255, 0) 0%, rgba(24, 27, 49, 0.6) 100%);background:linear-gradient(180deg, rgba(255, 255, 255, 0) 0%, rgba(24, 27, 49, 0.6) 100%);}<\/style><div id=\"ld_content_box_69f1b643ef715\" class=\"lqd-fb lqd-fb-style-1 lqd-fb-style-1-3 round pos-rel overflow-hidden lqd-fb-zoom-img-onhover h-pt-60 ld_content_box_69f1b643ef715\" data-inview=\"true\">\n\t<div class=\"lqd-fb-inner lqd-overlay\">\n\n\t\t<div class=\"lqd-fb-img lqd-overlay overflow-hidden\">\n\n\t\t<figure data-responsive-bg=\"true\"><img decoding=\"async\" width=\"1080\" height=\"900\" data-src=\"https:\/\/profdrercangurses.com\/wp-content\/uploads\/2022\/03\/radyofrekans-tedavisi-omurga-ercan-gurses.jpg\" class=\"w-100 invisible lazyload\" alt=\"\" data-srcset=\"https:\/\/profdrercangurses.com\/wp-content\/uploads\/2022\/03\/radyofrekans-tedavisi-omurga-ercan-gurses.jpg 1080w, https:\/\/profdrercangurses.com\/wp-content\/uploads\/2022\/03\/radyofrekans-tedavisi-omurga-ercan-gurses-300x250.jpg 300w, https:\/\/profdrercangurses.com\/wp-content\/uploads\/2022\/03\/radyofrekans-tedavisi-omurga-ercan-gurses-1024x853.jpg 1024w\" data-sizes=\"(max-width: 1080px) 100vw, 1080px\" itemprop=\"image\" title=\"\" src=\"data:image\/svg+xml;base64,PHN2ZyB3aWR0aD0iMSIgaGVpZ2h0PSIxIiB4bWxucz0iaHR0cDovL3d3dy53My5vcmcvMjAwMC9zdmciPjwvc3ZnPg==\" style=\"--smush-placeholder-width: 1080px; --smush-placeholder-aspect-ratio: 1080\/900;\"><\/figure>\t\t\n\t\t<\/div>\n\n\t\t<div class=\"lqd-fb-content lqd-overlay align-items-end\">\n\t\t\t<div class=\"lqd-fb-bg lqd-overlay\"><\/div>\n\t\t\t<div class=\"lqd-fb-hover-overlay lqd-overlay\"><\/div>\n\t\t\t<div class=\"lqd-fb-content-inner d-flex flex-column justify-content-end pos-rel h-100 w-100 w-md-75 p-4 p-md-8\">\n\t\t\t\t\n\t\t\t\t\t\t\t\t\n\t\t\t\t<div\n\t\t\t\tclass=\"lqd-fb-content-bottom mt-auto\"\n\t\t\t\tdata-custom-animations=\"true\"\n\t\t\t\tdata-ca-options='{ \"triggerHandler\": \"inview\", \"animationTarget\": \"all-childs\", \"duration\": 1200, \"delay\": 120,  \"startDelay\": 300, \"initValues\": { \"y\": 30, \"opacity\": 0 }, \"animations\": { \"y\": 0, \"opacity\": 1 } }'>\n\t\t\t\t\t\n\t\t\t\t\t\t\t\t\t\t<h2\t\t\t\t\tclass=\"lqd-fb-content-title my-0 mb-3\"\n\t\t\t\t\tdata-split-text=\"true\" data-split-options='{ \"type\": \"lines\" }'>Radiotezlik Terapiyas\u0131\t\t\t\t\t<\/h2>\n\t\t\t\t\t\t\t\t\t\t\n\t\t\t\t\t\n\t\t\t\t\t\t\t\t\t\t<p\n\t\t\t\t\tclass=\"my-0 mb-5\"\n\t\t\t\t\tdata-split-text=\"true\" data-split-options='{ \"type\": \"lines\" }'>A\u011fr\u0131 m\u00fcalic\u0259sind\u0259 u\u011furlu n\u0259tic\u0259 ver\u0259n \u00fcsullardan biri d\u0259 radiotezlikdir. Radiotezlikli Termokoaqulyasiya m\u00fcalic\u0259sind\u0259 y\u00fcks\u0259k tezlikli radio dal\u011falar\u0131 vasit\u0259sil\u0259 istilik \u0259m\u0259l\u0259 g\u0259lir v\u0259 bu yolla a\u011fr\u0131lar\u0131 \u00f6t\u00fcr\u0259n sinirl\u0259rin s\u0131radan \u00e7\u0131xar\u0131lmas\u0131 t\u0259min edilir<\/p>\n\t\t\t\t\t\n\t\t\t\t\t\n\t\t\t\t<\/div>\n\t\t\t\t\n\t\t\t<\/div>\n\t\t<\/div>\n\n\t<\/div>\n<\/div>\n[vc_separator color=&#8221;custom&#8221; accent_color=&#8221;rgba(0,0,0,0.1)&#8221; css=&#8221;.vc_custom_1608195050020{margin-top: 10px !important;}&#8221;][vc_column_text]Bu metodun \u0259n \u0259h\u0259miyy\u0259tli x\u00fcsusiyy\u0259ti a\u015fa\u011f\u0131dak\u0131lard\u0131r: Radiotezlik terapiyas\u0131 birba\u015fa a\u011fr\u0131lar\u0131 \u00f6t\u00fcr\u0259n sinirl\u0259ri h\u0259d\u0259f al\u0131r, h\u0259r\u0259k\u0259t sinirl\u0259ri is\u0259 bu prosesd\u0259n he\u00e7 bir \u015f\u0259kild\u0259 t\u0259sirl\u0259nmir. Y\u0259ni \u0259m\u0259liyyatdan sonra x\u0259st\u0259l\u0259rd\u0259 h\u0259r\u0259k\u0259tin m\u0259hdudla\u015fd\u0131r\u0131lmas\u0131 kimi problem g\u00f6r\u00fclm\u01ddz, sad\u01ddc\u01dd a\u011fr\u0131 hissi aradan qald\u0131r\u0131lm\u0131\u015f olur.<\/p>\n<h2>Radiotezlik terapiyas\u0131 nec\u0259 t\u0259tbiq olunur?<\/h2>\n<p>Radiotezlik m\u00fcalic\u0259si \u0259m\u0259liyyat ota\u011f\u0131nda, lokal anesteziya alt\u0131nda apar\u0131l\u0131r. Skopiya v\u0259 ya ultras\u0259s il\u0259 rentgenoloji g\u00f6r\u00fcnt\u00fcn\u00fcn k\u00f6m\u0259yi il\u0259 a\u011fr\u0131ya s\u0259b\u0259b olan sinirin yerl\u0259\u015fdiyi nahiy\u0259 m\u00fc\u0259yy\u0259n edilir v\u0259 x\u00fcsusi iyn\u0259 il\u0259 daxil edilir. Radiotezlik cihaz\u0131ndan y\u00fcks\u0259k pulsasiyal\u0131 c\u0259r\u0259yanl\u0131 iyn\u0259 vasit\u0259sil\u0259 a\u011fr\u0131lar\u0131 da\u015f\u0131yan spesifik sinir\u0259 g\u00f6nd\u0259rilir.<\/p>\n<p>X\u0259st\u0259nin he\u00e7 bir a\u011fr\u0131 hiss etm\u0259diyi prosedur t\u0259tbiq olunacaq b\u00f6lg\u0259l\u0259rin say\u0131na g\u00f6r\u0259 t\u0259xmin\u0259n 30 d\u0259qiq\u0259 \u00e7\u0259kir. X\u0259st\u0259xanaya yerl\u0259\u015fdirm\u0259 t\u0259l\u0259b etm\u0259y\u0259n bu prosedurdan sonra x\u0259st\u0259l\u0259r bir ne\u00e7\u0259 saat izl\u0259nildikd\u0259n sonra g\u00fcnd\u0259lik h\u0259yatlar\u0131na qay\u0131d\u0131rlar.<\/p>\n<p>Radiotezlik terapiyas\u0131n\u0131n t\u0259sir m\u00fcdd\u0259ti d\u0259yi\u015fk\u0259ndir. A\u011fr\u0131n\u0131n n\u00f6v\u00fc, \u015f\u0259xsi x\u00fcsusiyy\u0259tl\u0259ri, a\u011fr\u0131n\u0131n n\u0259 zaman ba\u015flad\u0131\u011f\u0131 kimi faktorlara g\u00f6r\u0259 d\u0259yi\u015fs\u0259 d\u0259 bir ne\u00e7\u0259 aydan bir ne\u00e7\u0259 il\u0259 q\u0259d\u0259r t\u0259sirini davam etdiril\u0259 bilir. Bu t\u0259tbiqi h\u0259yata ke\u00e7ir\u0259c\u0259k h\u0259kimin t\u0259cr\u00fcb\u0259si v\u0259 onun bu sah\u0259d\u0259ki t\u0259cr\u00fcb\u0259si m\u00fcalic\u0259nin m\u00fcv\u0259ff\u0259qiyy\u0259ti \u00fc\u00e7\u00fcn son d\u0259r\u0259c\u0259 vacib meyard\u0131r.<\/p>\n<h2>Radiotezlik terapiyas\u0131na haz\u0131rl\u0131q<\/h2>\n<p><strong>Radiotezlik m\u00fcalic\u0259sind\u0259n \u0259vv\u0259l;<\/strong><\/p>\n<ul>\n<li>\u00a0Qan durula\u015fd\u0131r\u0131c\u0131 d\u0259rmanlar dayand\u0131r\u0131lmal\u0131d\u0131r,<\/li>\n<li>\u00a0Radioloji m\u00fcayin\u0259l\u0259rin n\u0259tic\u0259l\u0259ri m\u00f6vcud olmal\u0131d\u0131r,<\/li>\n<li>\u00a0Z\u0259rg\u0259rlik v\u0259 dig\u0259r aksesuarlar tax\u0131lmamal\u0131d\u0131r,<\/li>\n<li>\u00a0X\u0259st\u0259l\u0259r 4-6 saat \u0259vv\u0259l su v\u0259 qida q\u0259bulunu dayand\u0131rmal\u0131d\u0131rlar.<\/li>\n<\/ul>\n<h2>Kiml\u0259r\u01dd t\u01ddtbiq edil\u0259 bil\u0259r?<\/h2>\n<p>Radiotezlik terapiyas\u0131 m\u00fcxt\u0259lif a\u011fr\u0131 \u015fikay\u0259tl\u0259rind\u0259 istifad\u0259 olunur. Bu m\u00fcalic\u0259;<\/p>\n<ul>\n<li>\u00a0Nevralgiyalar (trigeminal sinir blokadas\u0131),<\/li>\n<li>\u00a0Zona a\u011fr\u0131s\u0131,<\/li>\n<li>\u00a0X\u0259r\u00e7\u0259ng a\u011fr\u0131lar\u0131,<\/li>\n<li>\u00a0Bel v\u0259 boyun oynaqlar\u0131nda a\u011fr\u0131lar<\/li>\n<li>\u00a0D\u0259rman terapiyas\u0131n\u0131n t\u0259sir etm\u0259diyi ba\u015f a\u011fr\u0131s\u0131 v\u0259 miqren \u015fikay\u0259tl\u0259ri olan x\u0259st\u0259l\u0259r\u0259 t\u0259tbiq edilir.<\/li>\n<\/ul>\n<p>[\/vc_column_text][\/vc_column][\/vc_row][vc_row][vc_column][\/vc_column][\/vc_row]<\/p>\n","protected":false},"excerpt":{"rendered":"<p>[vc_row css=&#8221;.vc_custom_1622016079265{padding-top: 60px !important;padding-bottom: 60px !important;}&#8221;][vc_column enable_pin=&#8221;enable_pin&#8221; width=&#8221;5\/12&#8243; offset=&#8221;vc_col-md-4&#8243; responsive_css=&#8221;padding_right_medium:7%25&#8243;][vc_row_inner][vc_column_inner responsive_css=&#8221;margin_bottom_medium:45px&#8221; css=&#8221;.vc_custom_1608194013763{margin-bottom: 30px !important;}&#8221;][\/vc_column_inner][vc_column_inner css=&#8221;.vc_custom_1608195737477{margin-bottom: 30px !important;padding-top: 35px !important;padding-right: 20px !important;padding-bottom: 35px !important;padding-left: 20px !important;background-color: #f7f8fa !important;border-radius: 5px !important;}&#8221; responsive_css=&#8221;margin_bottom_medium:45px|padding_right_medium:35px|padding_left_medium:35px&#8221;][\/vc_column_inner][vc_column_inner css=&#8221;.vc_custom_1608195709893{border-top-width: 1px !important;border-right-width: 1px !important;border-bottom-width: 1px !important;border-left-width: 1px !important;padding-top: 20px !important;padding-right: 20px !important;padding-bottom: 20px !important;padding-left: 20px !important;border-left-color: rgba(112,112,112,0.15) !important;border-left-style: solid !important;border-right-color: rgba(112,112,112,0.15) !important;border-right-style: solid !important;border-top-color: [&hellip;]<\/p>\n","protected":false},"author":1,"featured_media":0,"parent":6941,"menu_order":0,"comment_status":"closed","ping_status":"closed","template":"","meta":{"footnotes":""},"class_list":["post-4775","page","type-page","status-publish","hentry"],"_links":{"self":[{"href":"https:\/\/profdrercangurses.com\/az\/wp-json\/wp\/v2\/pages\/4775","targetHints":{"allow":["GET"]}}],"collection":[{"href":"https:\/\/profdrercangurses.com\/az\/wp-json\/wp\/v2\/pages"}],"about":[{"href":"https:\/\/profdrercangurses.com\/az\/wp-json\/wp\/v2\/types\/page"}],"author":[{"embeddable":true,"href":"https:\/\/profdrercangurses.com\/az\/wp-json\/wp\/v2\/users\/1"}],"replies":[{"embeddable":true,"href":"https:\/\/profdrercangurses.com\/az\/wp-json\/wp\/v2\/comments?post=4775"}],"version-history":[{"count":3,"href":"https:\/\/profdrercangurses.com\/az\/wp-json\/wp\/v2\/pages\/4775\/revisions"}],"predecessor-version":[{"id":7140,"href":"https:\/\/profdrercangurses.com\/az\/wp-json\/wp\/v2\/pages\/4775\/revisions\/7140"}],"up":[{"embeddable":true,"href":"https:\/\/profdrercangurses.com\/az\/wp-json\/wp\/v2\/pages\/6941"}],"wp:attachment":[{"href":"https:\/\/profdrercangurses.com\/az\/wp-json\/wp\/v2\/media?parent=4775"}],"curies":[{"name":"wp","href":"https:\/\/api.w.org\/{rel}","templated":true}]}}