{"id":4776,"date":"2021-12-20T15:14:28","date_gmt":"2021-12-20T12:14:28","guid":{"rendered":"https:\/\/profdrercangurses.com\/uriner-inkontinans-ve-fekal-inkontinans-idrar-kacirma-ve-diski-kacirma-problemi\/"},"modified":"2024-11-04T09:59:58","modified_gmt":"2024-11-04T06:59:58","slug":"uriner-inkontinans-ve-fekal-inkontinans-sidik-qacirma-ve-n%c9%99cis-tutmama","status":"publish","type":"page","link":"https:\/\/profdrercangurses.com\/az\/agrilar\/uriner-inkontinans-ve-fekal-inkontinans-sidik-qacirma-ve-n%c9%99cis-tutmama\/","title":{"rendered":"\u00dcriner \u0130nkontinans ve Fekal \u0130nkontinans (Sidik Qa\u00e7\u0131rma ve N\u018fcis Tutmama)"},"content":{"rendered":"<p>[vc_row css=&#8221;.vc_custom_1622016079265{padding-top: 60px !important;padding-bottom: 60px !important;}&#8221;][vc_column enable_pin=&#8221;enable_pin&#8221; width=&#8221;5\/12&#8243; offset=&#8221;vc_col-md-4&#8243; responsive_css=&#8221;padding_right_medium:7%25&#8243;][vc_row_inner][vc_column_inner responsive_css=&#8221;margin_bottom_medium:45px&#8221; css=&#8221;.vc_custom_1608194013763{margin-bottom: 30px !important;}&#8221;]<style>.ld_custom_menu_69e1ff4a2242f > ul > li > a{font-size:15px;font-weight:700;letter-spacing:0.01em;color:rgb(51, 51, 51);background:rgb(247, 248, 250);}.ld_custom_menu_69e1ff4a2242f > ul > li:not(:last-child){margin-bottom:3px;}.lqd-stickybar > .lqd-head-col > .header-module > .ld_custom_menu_69e1ff4a2242f li{margin-inline-start:3px;}.ld_custom_menu_69e1ff4a2242f > ul > li > a:hover, .ld_custom_menu_69e1ff4a2242f li.is-active > a{background:rgb(233, 233, 233);}<\/style><div\n\tclass=\"lqd-fancy-menu lqd-custom-menu menu-items-has-fill lqd-menu-td-none ld_custom_menu_69e1ff4a2242f\"\n\t>\n\n<ul id=\"ld_custom_menu_69e1ff4a2242f\" class=\"reset-ul   \" ><li id=\"menu-item-5430\" class=\"menu-item menu-item-type-post_type menu-item-object-page menu-item-5430\"><a href=\"https:\/\/profdrercangurses.com\/az\/mualic%c9%99l%c9%99rimiz\/radiotezlik-terapiyasi\/\">Radiotezlik Terapiyas\u0131<\/a><\/li>\n<li id=\"menu-item-5427\" class=\"menu-item menu-item-type-post_type menu-item-object-page menu-item-5427\"><a href=\"https:\/\/profdrercangurses.com\/az\/kok-huceyre-terapiyasi\/\">K\u00f6k H\u00fcceyre Terapiyas\u0131<\/a><\/li>\n<li id=\"menu-item-5425\" class=\"menu-item menu-item-type-post_type menu-item-object-page menu-item-5425\"><a href=\"https:\/\/profdrercangurses.com\/az\/mualic%c9%99l%c9%99rimiz\/baklofen-infuziya-pompasi\/\">Baklofen \u0130nfuziya Pompas\u0131<\/a><\/li>\n<li id=\"menu-item-5426\" class=\"menu-item menu-item-type-post_type menu-item-object-page menu-item-5426\"><a href=\"https:\/\/profdrercangurses.com\/az\/mualic%c9%99l%c9%99rimiz\/epiduroskopiya\/\">Epiduroskopiya<\/a><\/li>\n<li id=\"menu-item-5431\" class=\"menu-item menu-item-type-post_type menu-item-object-page menu-item-5431\"><a href=\"https:\/\/profdrercangurses.com\/az\/agrilar\/uriner-inkontinans-ve-fekal-inkontinans-sidik-qacirma-ve-n%c9%99cis-tutmama\/\">\u00dcriner \u0130nkontinans ve Fekal \u0130nkontinans<\/a><\/li>\n<li id=\"menu-item-5429\" class=\"menu-item menu-item-type-post_type menu-item-object-page menu-item-5429\"><a href=\"https:\/\/profdrercangurses.com\/az\/mualic%c9%99l%c9%99rimiz\/onurga-beyni-stimulyatoru-scs\/\">Onur\u011fa Beyni Stimulyatoru (SCS)<\/a><\/li>\n<li id=\"menu-item-5428\" class=\"menu-item menu-item-type-post_type menu-item-object-page menu-item-5428\"><a href=\"https:\/\/profdrercangurses.com\/az\/mualic%c9%99l%c9%99rimiz\/l-disq-plazma-lazer-mualic%c9%99si\/\">L-Disq \u2013 Plazma Lazer M\u00fcalic\u0259si<\/a><\/li>\n<li id=\"menu-item-5432\" class=\"menu-item menu-item-type-post_type menu-item-object-page menu-item-5432\"><a href=\"https:\/\/profdrercangurses.com\/az\/mualic%c9%99l%c9%99rimiz\/vertebroplastika\/\">Vertebroplastika<\/a><\/li>\n<\/ul><\/div>[\/vc_column_inner][vc_column_inner css=&#8221;.vc_custom_1608195737477{margin-bottom: 30px !important;padding-top: 35px !important;padding-right: 20px !important;padding-bottom: 35px !important;padding-left: 20px !important;background-color: #f7f8fa !important;border-radius: 5px !important;}&#8221; responsive_css=&#8221;margin_bottom_medium:45px|padding_right_medium:35px|padding_left_medium:35px&#8221;]<style>.ld_fancy_heading_69e1ff4a2937a h3 {font-size:19px; } .ld_fancy_heading_69e1ff4a2937a h3 {margin-bottom:1.25em !important;  } .ld_fancy_heading_69e1ff4a2937a .lqd-highlight-inner{height:0.275em!important;bottom:0px!important;}.ld_fancy_heading_69e1ff4a2937a h3 {font-size:19px; } .ld_fancy_heading_69e1ff4a2937a h3 {margin-bottom:1.25em !important;  } <\/style><div class=\"ld-fancy-heading ld_fancy_heading_69e1ff4a2937a\">\n\t<h3 class=\"ld-fh-element lqd-highlight-underline lqd-highlight-grow-left text-decoration-default\"   >  \u018flaq\u0259 Formas\u0131<\/h3><\/div><style>.ld_cf7_69e1ff4a29767 input,.ld_cf7_69e1ff4a29767 textarea,.ld_cf7_69e1ff4a29767 .ui-button.ui-selectmenu-button{font-size:15px;}.ld_cf7_69e1ff4a29767 input[type=\"submit\"]{font-size:15px;background:rgb(24, 67, 65);border-color:rgb(24, 67, 65);}.ld_cf7_69e1ff4a29767 input, .ld_cf7_69e1ff4a29767 select, .ld_cf7_69e1ff4a29767 textarea, .ld_cf7_69e1ff4a29767 .ui-button.ui-selectmenu-button{background:rgb(255, 255, 255);}.ld_cf7_69e1ff4a29767 input, .ld_cf7_69e1ff4a29767 select, .ld_cf7_69e1ff4a29767 textarea, .ld_cf7_69e1ff4a29767 .ui-button.ui-selectmenu-button, .ld_cf7_69e1ff4a29767 .wpcf7-form-control-wrap > i, .ld_cf7_69e1ff4a29767 .wpcf7-radio{color:rgb(127, 130, 132);}.ld_cf7_69e1ff4a29767 input:focus, .ld_cf7_69e1ff4a29767 select:focus, .ld_cf7_69e1ff4a29767 textarea:focus, .ld_cf7_69e1ff4a29767 .ui-button.ui-selectmenu-button:hover, .wpcf7-acceptance .wpcf7-list-item-label:after{color:rgb(0, 0, 0);}.ld_cf7_69e1ff4a29767 .wpcf7-form-control-wrap{margin-bottom:10px;}<\/style><div id=\"ld_cf7_69e1ff4a29767\" class=\"lqd-contact-form lqd-contact-form-inputs-filled lqd-contact-form-inputs-round lqd-contact-form-button-block lqd-contact-form-button-round ld_cf7_69e1ff4a29767 vc_custom_1647516171851\">\n\t\n<div class=\"wpcf7 no-js\" id=\"wpcf7-f5433-o1\" lang=\"en-US\" dir=\"ltr\" data-wpcf7-id=\"5433\">\n<div class=\"screen-reader-response\"><p role=\"status\" aria-live=\"polite\" aria-atomic=\"true\"><\/p> <ul><\/ul><\/div>\n<form action=\"\/az\/wp-json\/wp\/v2\/pages\/4776#wpcf7-f5433-o1\" method=\"post\" class=\"wpcf7-form init\" aria-label=\"Contact form\" novalidate=\"novalidate\" data-status=\"init\">\n<fieldset class=\"hidden-fields-container\"><input type=\"hidden\" name=\"_wpcf7\" value=\"5433\" \/><input type=\"hidden\" name=\"_wpcf7_version\" value=\"6.1.5\" \/><input type=\"hidden\" name=\"_wpcf7_locale\" value=\"en_US\" \/><input type=\"hidden\" name=\"_wpcf7_unit_tag\" value=\"wpcf7-f5433-o1\" \/><input type=\"hidden\" name=\"_wpcf7_container_post\" value=\"0\" \/><input type=\"hidden\" name=\"_wpcf7_posted_data_hash\" value=\"\" \/><input type=\"hidden\" name=\"_wpcf7_recaptcha_response\" value=\"\" \/>\n<\/fieldset>\n<p><span class=\"wpcf7-form-control-wrap\" data-name=\"text-775\"><input size=\"40\" maxlength=\"400\" class=\"wpcf7-form-control wpcf7-text wpcf7-validates-as-required\" aria-required=\"true\" aria-invalid=\"false\" placeholder=\"Ad Soyad\" value=\"\" type=\"text\" name=\"text-775\" \/><\/span><span class=\"wpcf7-form-control-wrap\" data-name=\"email-550\"><input size=\"40\" maxlength=\"400\" class=\"wpcf7-form-control wpcf7-email wpcf7-validates-as-required wpcf7-text wpcf7-validates-as-email\" aria-required=\"true\" aria-invalid=\"false\" placeholder=\"E-po\u00e7t\" value=\"\" type=\"email\" name=\"email-550\" \/><\/span><span class=\"wpcf7-form-control-wrap\" data-name=\"textarea-138\"><textarea cols=\"10\" rows=\"4\" maxlength=\"2000\" class=\"wpcf7-form-control wpcf7-textarea wpcf7-validates-as-required\" aria-required=\"true\" aria-invalid=\"false\" placeholder=\"S\u0259nin mesaj\u0131n\" name=\"textarea-138\"><\/textarea><\/span><input class=\"wpcf7-form-control wpcf7-submit has-spinner\" type=\"submit\" value=\"G\u00f6nder\" \/>\n<\/p><p style=\"display: none !important;\" class=\"akismet-fields-container\" data-prefix=\"_wpcf7_ak_\"><label>&#916;<textarea name=\"_wpcf7_ak_hp_textarea\" cols=\"45\" rows=\"8\" maxlength=\"100\"><\/textarea><\/label><input type=\"hidden\" id=\"ak_js_1\" name=\"_wpcf7_ak_js\" value=\"67\"\/><script>document.getElementById( \"ak_js_1\" ).setAttribute( \"value\", ( new Date() ).getTime() );<\/script><\/p><div class=\"wpcf7-response-output\" aria-hidden=\"true\"><\/div>\n<\/form>\n<\/div>\n<\/div>[\/vc_column_inner][vc_column_inner css=&#8221;.vc_custom_1608195709893{border-top-width: 1px !important;border-right-width: 1px !important;border-bottom-width: 1px !important;border-left-width: 1px !important;padding-top: 20px !important;padding-right: 20px !important;padding-bottom: 20px !important;padding-left: 20px !important;border-left-color: rgba(112,112,112,0.15) !important;border-left-style: solid !important;border-right-color: rgba(112,112,112,0.15) !important;border-right-style: solid !important;border-top-color: rgba(112,112,112,0.15) !important;border-top-style: solid !important;border-bottom-color: rgba(112,112,112,0.15) !important;border-bottom-style: solid !important;border-radius: 3px !important;}&#8221; responsive_css=&#8221;padding_right_large:35px|padding_left_large:50px|padding_right_medium:15px|padding_left_medium:15px|padding_right_small:10px|padding_left_small:10px&#8221;]<style>.ld_icon_box_69e1ff4a2cdd3 .iconbox-icon-container{color:rgb(38, 176, 95);font-size:20px;width:65px !important;height:65px !important;background:rgba(38, 176, 95, 0.1);border-radius:px;}.ld_icon_box_69e1ff4a2cdd3 .iconbox-icon-container:before{border-color:rgba(38, 176, 95, 0.1);}.ld_icon_box_69e1ff4a2cdd3 .lqd-iconbox-title{color:rgb(160, 160, 160);margin-bottom:1px;font-size:15px;}<\/style>\n<div class=\"iconbox iconbox-side text-align-default align-items-center iconbox-circle ld_icon_box_69e1ff4a2cdd3 vc_custom_1730703591389\" id=\"ld_icon_box_69e1ff4a2cdd3\"  data-animate-icon=\"true\" data-plugin-options='{\"color\":\"rgb(38, 176, 95)\"}'  >\n\t\n\t\t\t\t\t\n\t\n\t<div class=\"iconbox-icon-wrap\"><span class=\"iconbox-icon-container\"><i class=\"lqd-icn-ess icon-lqd-mobile\"><\/i><\/span><\/div>\t\n\t\t\n\t<div class=\"contents\">\t\n\t\t\n\t<h3 class=\"lqd-iconbox-title font-weight-medium\">\u018flaq\u0259 n\u00f6mr\u0259si<\/h3>\t<p><a href=\"tel:+994 50 5178687\">+994 50 5178687<\/a><\/p>\n\t\t\n\t<\/div>\t\n\t\n<\/div>\n[\/vc_column_inner][\/vc_row_inner][\/vc_column][vc_column width=&#8221;2\/3&#8243; column_top_ontablet=&#8221;yes&#8221; column_top_onmobile=&#8221;yes&#8221; offset=&#8221;vc_col-md-offset-0 vc_col-md-8&#8243; responsive_css=&#8221;margin_bottom_medium:0px&#8221; css=&#8221;.vc_custom_1610729062932{margin-bottom: 35px !important;}&#8221;]<style>.ld_content_box_69e1ff4a2dbe8 .lqd-fb-content-title{font-weight:700 !important;}.ld_content_box_69e1ff4a2dbe8 .lqd-fb-bg{background:-webkit-linear-gradient(180deg, rgba(255, 255, 255, 0) 0%, rgba(24, 27, 49, 0.6) 100%);background:linear-gradient(180deg, rgba(255, 255, 255, 0) 0%, rgba(24, 27, 49, 0.6) 100%);}<\/style><div id=\"ld_content_box_69e1ff4a2dbe8\" class=\"lqd-fb lqd-fb-style-1 lqd-fb-style-1-3 round pos-rel overflow-hidden lqd-fb-zoom-img-onhover h-pt-60 ld_content_box_69e1ff4a2dbe8\" data-inview=\"true\">\n\t<div class=\"lqd-fb-inner lqd-overlay\">\n\n\t\t<div class=\"lqd-fb-img lqd-overlay overflow-hidden\">\n\n\t\t<figure data-responsive-bg=\"true\"><img decoding=\"async\" width=\"1080\" height=\"900\" data-src=\"https:\/\/profdrercangurses.com\/wp-content\/uploads\/2021\/12\/urinerinkontinans.jpg\" class=\"w-100 invisible lazyload\" alt=\"\" data-srcset=\"https:\/\/profdrercangurses.com\/wp-content\/uploads\/2021\/12\/urinerinkontinans.jpg 1080w, https:\/\/profdrercangurses.com\/wp-content\/uploads\/2021\/12\/urinerinkontinans-300x250.jpg 300w, https:\/\/profdrercangurses.com\/wp-content\/uploads\/2021\/12\/urinerinkontinans-1024x853.jpg 1024w\" data-sizes=\"(max-width: 1080px) 100vw, 1080px\" itemprop=\"image\" title=\"\" src=\"data:image\/svg+xml;base64,PHN2ZyB3aWR0aD0iMSIgaGVpZ2h0PSIxIiB4bWxucz0iaHR0cDovL3d3dy53My5vcmcvMjAwMC9zdmciPjwvc3ZnPg==\" style=\"--smush-placeholder-width: 1080px; --smush-placeholder-aspect-ratio: 1080\/900;\"><\/figure>\t\t\n\t\t<\/div>\n\n\t\t<div class=\"lqd-fb-content lqd-overlay align-items-end\">\n\t\t\t<div class=\"lqd-fb-bg lqd-overlay\"><\/div>\n\t\t\t<div class=\"lqd-fb-hover-overlay lqd-overlay\"><\/div>\n\t\t\t<div class=\"lqd-fb-content-inner d-flex flex-column justify-content-end pos-rel h-100 w-100 w-md-75 p-4 p-md-8\">\n\t\t\t\t\n\t\t\t\t\t\t\t\t\n\t\t\t\t<div\n\t\t\t\tclass=\"lqd-fb-content-bottom mt-auto\"\n\t\t\t\tdata-custom-animations=\"true\"\n\t\t\t\tdata-ca-options='{ \"triggerHandler\": \"inview\", \"animationTarget\": \"all-childs\", \"duration\": 1200, \"delay\": 120,  \"startDelay\": 300, \"initValues\": { \"y\": 30, \"opacity\": 0 }, \"animations\": { \"y\": 0, \"opacity\": 1 } }'>\n\t\t\t\t\t\n\t\t\t\t\t\t\t\t\t\t<h2\t\t\t\t\tclass=\"lqd-fb-content-title my-0 mb-3\"\n\t\t\t\t\tdata-split-text=\"true\" data-split-options='{ \"type\": \"lines\" }'>\u00dcriner \u0130nkontinans ve Fekal \u0130nkontinans (Sidik Qa\u00e7\u0131rma ve N\u018fcis Tutmama)\t\t\t\t\t<\/h2>\n\t\t\t\t\t\t\t\t\t\t\n\t\t\t\t\t\n\t\t\t\t\t\t\t\t\t\t<p\n\t\t\t\t\tclass=\"my-0 mb-5\"\n\t\t\t\t\tdata-split-text=\"true\" data-split-options='{ \"type\": \"lines\" }'>\u00dcriner inkontinans (sidik qa\u00e7\u0131rma) v\u0259 Fekal inkontinans (n\u0259cis tutmama) c\u0259miyy\u0259td\u0259 tez-tez rast g\u0259lin\u0259n, insan\u0131n g\u00fcnd\u0259lik v\u0259 sosial h\u0259yat\u0131na m\u0259nfi t\u0259sir g\u00f6st\u0259r\u0259n, h\u0259yat keyfiyy\u0259tini a\u015fa\u011f\u0131 salan, fiziki probleml\u0259rl\u0259 yana\u015f\u0131 x\u0259st\u0259l\u0259rin psixologiyas\u0131n\u0131 pozan, x\u0259st\u0259likl\u0259rdir.<\/p>\n\t\t\t\t\t\n\t\t\t\t\t\n\t\t\t\t<\/div>\n\t\t\t\t\n\t\t\t<\/div>\n\t\t<\/div>\n\n\t<\/div>\n<\/div>\n[vc_column_text]<\/p>\n<h2>Sidik qa\u00e7\u0131rman\u0131n s\u0259b\u0259bl\u0259ri n\u0259l\u0259rdir?<\/h2>\n<p><strong>Sidik qa\u00e7\u0131rma problemi qad\u0131nlarda daha \u00e7ox rast g\u0259linir.<\/strong><\/p>\n<ul>\n<li>\u00a0Stress Inkontinensiyada x\u0259st\u0259l\u0259r \u00f6sk\u00fcrm\u0259, asq\u0131rma, g\u00fclm\u0259 v\u0259 q\u0259fil h\u0259r\u0259k\u0259tl\u0259r kimi qar\u0131n i\u00e7i t\u0259zyiqi art\u0131ran h\u0259r\u0259k\u0259tl\u0259r n\u0259tic\u0259sind\u0259 sidik ifraz edirl\u0259r. Onun \u0259sas s\u0259b\u0259bl\u0259ri vaginal do\u011fu\u015flar, hamil\u0259likl\u0259r v\u0259 menopozdur.<\/li>\n<li>\u00a0Urge Inkontinansda ise x\u0259st\u0259 qeyri-ixtiyari sanc\u0131lar s\u0259b\u0259biyl\u0259 ani sidiy\u0259 getm\u0259 ist\u0259yi s\u0259b\u0259bind\u0259n \u00e7ox vaxt tualet\u0259 \u00e7ata bilmir. Sidik yollar\u0131n\u0131n infeksiyalar\u0131, sidik kis\u0259si v\u0259 ba\u011f\u0131rsaq probleml\u0259ri, sidik yollar\u0131nda qum v\u0259 da\u015flar, Parkinson, Alzheimer, MS kimi x\u0259st\u0259likl\u0259r n\u0259tic\u0259sind\u0259 yaranan sidik qa\u00e7\u0131rma.<\/li>\n<li>\u00a0H\u0259ddind\u0259n art\u0131q aktiv sidik kis\u0259si (Overactive bladder syndrome) sindromu is\u0259 x\u0259st\u0259nin tez-tez gec\u0259-g\u00fcnd\u00fcz sidiy\u0259 \u00e7atmama hissi (g\u00fcnd\u0259 8 d\u0259f\u0259d\u0259n \u00e7ox) v\u0259 sidik qa\u00e7\u0131rma hissi ke\u00e7irdiyi bir v\u0259ziyy\u0259tdir. B\u0259zi hallarda sidik qa\u00e7\u0131rma il\u01dd birlikd\u01dd n\u0259cis tutmama da ya\u015fan\u0131r. H\u0259yat keyfiyy\u0259tini ciddi \u015f\u0259kild\u0259 pozan 10 xroniki x\u0259st\u0259likd\u0259n biridir. AAB Sindromunun s\u0259b\u0259bl\u0259ri \u00e7ox m\u00fcxt\u0259lifdir. Neyrogen x\u0259st\u0259likl\u0259r, Diabet, sidik yollar\u0131n\u0131n infeksiyalar\u0131, disk y\u0131rt\u0131\u011f\u0131 \u0259m\u0259liyyat\u0131, Parkinson x\u0259st\u0259liyi, qad\u0131nlarda menopoz, sidik kis\u0259si \u015fi\u015fl\u0259ri, sidik kis\u0259si x\u01ddst\u01ddlikl\u01ddri, b\u0259zi d\u0259rmanlar, ya\u015fl\u0131l\u0131q, piyl\u0259nm\u0259, h\u0259ddind\u0259n art\u0131q spirtli i\u00e7ki q\u0259bulu bu x\u0259st\u0259liyin s\u0259b\u0259bl\u0259rind\u0259ndir.<\/li>\n<\/ul>\n<h2>Sidik qa\u00e7\u0131rma simptomlar\u0131<\/h2>\n<p><strong>Bir insan\u0131n sidik qa\u00e7\u0131rma problemi oldu\u011funu g\u00f6st\u0259r\u0259n \u0259n \u0259sas simptom qeyri-iradi (n\u0259zar\u0259tsiz) sidik damlamas\u0131 v\u0259 ya axmas\u0131d\u0131r.<\/strong><\/p>\n<ul>\n<li>\u00a0Tez-tez sidiy\u0259 getm\u0259 ist\u0259yi,<\/li>\n<li>\u00a0Sidik ifraz\u0131 zaman\u0131 a\u011fr\u0131,<\/li>\n<li>\u00a0Sidik ifraz ed\u0259 bilm\u0259m\u0259k v\u0259 ya sidiy\u0259 \u00e7\u0131xmaqda \u00e7\u0259tinlik \u00e7\u0259km\u0259k,<\/li>\n<li>\u00a0Tez-tez sidik yollar\u0131 infeksiyalar\u0131 da sidik qa\u00e7\u0131rma (sidik qa\u00e7\u0131rma) problemin \u0259lam\u0259tl\u0259ri aras\u0131nda<br \/>\nyer almaqdad\u0131r.<\/li>\n<\/ul>\n<h2>N\u0259cis tutmama problemi n\u0259dir? S\u01ddb\u01ddb n\u01dddir?<\/h2>\n<p>N\u0259cisin tutulmamas\u0131 qaz v\u0259 ya defekasiyan\u0131 idar\u0259 ed\u0259 bilinm\u0259m\u0259sidir. Fekal inkontinans (n\u0259cis inkontinans\u0131) idiopatik ola bil\u0259r, y\u0259ni nam\u0259lum s\u0259b\u0259bl\u0259rd\u0259n ortaya \u00e7\u0131xa bildiyi kimi; Travmatik (vaginal do\u011fu\u015f, \u00e7anaq y\u0131rt\u0131\u011f\u0131, z\u0259d\u0259l\u0259r v\u0259 s.) s\u0259b\u0259bl\u0259r n\u0259tic\u0259sind\u0259, nevroloji poz\u011funluqlar, onur\u011fa beyni v\u0259 sinir z\u0259d\u0259l\u0259ri v\u0259 ya iflic n\u0259tic\u0259sind\u0259 d\u0259 g\u00f6r\u00fcn\u0259 bil\u0259r. B\u0259zi x\u0259st\u0259l\u0259r he\u00e7 hiss etm\u01ddzl\u01ddr, b\u0259zil\u0259ri is\u0259 hiss ets\u0259l\u0259r d\u0259 n\u0259cisl\u0259rini saxlaya bilm\u01ddzl\u0259r.<\/p>\n<h2>Sidik v\u0259 n\u0259cis qa\u00e7\u0131rma nec\u0259 m\u00fcalic\u0259 olunur?<\/h2>\n<p>H\u0259m sidik qa\u00e7\u0131rma, h\u0259m d\u0259 qaz v\u0259 n\u0259cis qa\u00e7\u0131rma probleml\u0259ri \u00fc\u00e7\u00fcn d\u0259rman m\u00fcalic\u0259sind\u0259n c\u0259rrahi m\u00fcalic\u0259 \u00fcsullar\u0131na q\u0259d\u0259r bir \u00e7ox alternativ var. \u00c7anaq \u0259z\u0259l\u0259si m\u0259\u015fql\u0259ri d\u0259 x\u0259st\u0259l\u0259r\u0259 t\u00f6vsiy\u0259 edil\u0259n m\u00fcalic\u0259 \u00fcsullar\u0131ndan biridir.<\/p>\n<p>D\u0259rman terapiyas\u0131, sidik qa\u00e7\u0131rman\u0131n lazerl\u0259 m\u00fcalic\u0259si, \u00e7anaq \u0259z\u0259l\u0259l\u0259ri \u00fc\u00e7\u00fcn m\u0259\u015fql\u0259r (kegel m\u0259\u015fql\u0259ri) v\u0259 c\u0259rrahi h\u0259ll\u0259r m\u00f6vcuddur. Sidik qa\u00e7\u0131rma problemind\u0259 se\u00e7ilmi\u015f x\u0259st\u0259l\u0259rd\u0259 botoks v\u0259 lazer m\u00fcalic\u0259si il\u0259 n\u0259tic\u0259 al\u0131na bilir.<\/p>\n<p><strong>Sakral sinir stimulla\u015fd\u0131r\u0131lmas\u0131 (SNS) m\u00fcalic\u0259l\u0259ri sidik qa\u00e7\u0131rma v\u0259 AAB Sindromunda istifad\u0259 edil\u0259n \u0259n t\u0259sirli \u00fcsullardan biridir.<\/strong><\/p>\n<p><strong>N\u0259cis tutmama probleminin s\u0259b\u0259bi m\u00fc\u0259yy\u0259n edildikd\u0259n sonra x\u0259st\u0259y\u0259 uy\u011fun m\u00fcalic\u0259 planla\u015fd\u0131r\u0131l\u0131r. Problem \u0259z\u0259l\u0259 q\u0131r\u0131lmas\u0131ndan qaynaqlan\u0131rsa, c\u0259rrahi m\u00fcdaxil\u0259 t\u0259l\u0259b olunur. Qaz-n\u0259cis tutmamada dig\u0259r \u00fcsullar\u0131n n\u0259tic\u0259 verm\u0259diyi hallarda is\u01dd Sakral sinirin stimulla\u015fd\u0131r\u0131lmas\u0131 (SNS) \u0259n t\u0259sirli \u00fcsullardan biridir.<\/strong>[\/vc_column_text][vc_separator color=&#8221;custom&#8221; accent_color=&#8221;rgba(0,0,0,0.1)&#8221; css=&#8221;.vc_custom_1608195050020{margin-top: 10px !important;}&#8221;][\/vc_column][\/vc_row][vc_row][vc_column][\/vc_column][\/vc_row]<\/p>\n","protected":false},"excerpt":{"rendered":"<p>[vc_row css=&#8221;.vc_custom_1622016079265{padding-top: 60px !important;padding-bottom: 60px !important;}&#8221;][vc_column enable_pin=&#8221;enable_pin&#8221; width=&#8221;5\/12&#8243; offset=&#8221;vc_col-md-4&#8243; responsive_css=&#8221;padding_right_medium:7%25&#8243;][vc_row_inner][vc_column_inner responsive_css=&#8221;margin_bottom_medium:45px&#8221; css=&#8221;.vc_custom_1608194013763{margin-bottom: 30px !important;}&#8221;][\/vc_column_inner][vc_column_inner css=&#8221;.vc_custom_1608195737477{margin-bottom: 30px !important;padding-top: 35px !important;padding-right: 20px !important;padding-bottom: 35px !important;padding-left: 20px !important;background-color: #f7f8fa !important;border-radius: 5px !important;}&#8221; responsive_css=&#8221;margin_bottom_medium:45px|padding_right_medium:35px|padding_left_medium:35px&#8221;][\/vc_column_inner][vc_column_inner css=&#8221;.vc_custom_1608195709893{border-top-width: 1px !important;border-right-width: 1px !important;border-bottom-width: 1px !important;border-left-width: 1px !important;padding-top: 20px !important;padding-right: 20px !important;padding-bottom: 20px !important;padding-left: 20px !important;border-left-color: rgba(112,112,112,0.15) !important;border-left-style: solid !important;border-right-color: rgba(112,112,112,0.15) !important;border-right-style: solid !important;border-top-color: [&hellip;]<\/p>\n","protected":false},"author":1,"featured_media":0,"parent":6897,"menu_order":0,"comment_status":"closed","ping_status":"closed","template":"","meta":{"footnotes":""},"class_list":["post-4776","page","type-page","status-publish","hentry"],"_links":{"self":[{"href":"https:\/\/profdrercangurses.com\/az\/wp-json\/wp\/v2\/pages\/4776","targetHints":{"allow":["GET"]}}],"collection":[{"href":"https:\/\/profdrercangurses.com\/az\/wp-json\/wp\/v2\/pages"}],"about":[{"href":"https:\/\/profdrercangurses.com\/az\/wp-json\/wp\/v2\/types\/page"}],"author":[{"embeddable":true,"href":"https:\/\/profdrercangurses.com\/az\/wp-json\/wp\/v2\/users\/1"}],"replies":[{"embeddable":true,"href":"https:\/\/profdrercangurses.com\/az\/wp-json\/wp\/v2\/comments?post=4776"}],"version-history":[{"count":2,"href":"https:\/\/profdrercangurses.com\/az\/wp-json\/wp\/v2\/pages\/4776\/revisions"}],"predecessor-version":[{"id":7122,"href":"https:\/\/profdrercangurses.com\/az\/wp-json\/wp\/v2\/pages\/4776\/revisions\/7122"}],"up":[{"embeddable":true,"href":"https:\/\/profdrercangurses.com\/az\/wp-json\/wp\/v2\/pages\/6897"}],"wp:attachment":[{"href":"https:\/\/profdrercangurses.com\/az\/wp-json\/wp\/v2\/media?parent=4776"}],"curies":[{"name":"wp","href":"https:\/\/api.w.org\/{rel}","templated":true}]}}