{"id":4778,"date":"2021-05-27T15:34:12","date_gmt":"2021-05-27T12:34:12","guid":{"rendered":"https:\/\/profdrercangurses.com\/iletisim\/"},"modified":"2026-02-21T14:38:37","modified_gmt":"2026-02-21T11:38:37","slug":"unsiyy%c9%99t","status":"publish","type":"page","link":"https:\/\/profdrercangurses.com\/az\/unsiyy%c9%99t\/","title":{"rendered":"\u00dcnsiyy\u0259t"},"content":{"rendered":"<p>[vc_row css=&#8221;.vc_custom_1648541520496{padding-bottom: 10px !important;}&#8221;][vc_column width=&#8221;1\/6&#8243; offset=&#8221;vc_col-md-offset-1 vc_col-md-1\/5&#8243; css=&#8221;.vc_custom_1608814811249{margin-bottom: 20px !important;}&#8221;]<style>.ld_icon_box_69e21cf93de5f .lqd-iconbox-title{margin-bottom:px;}.ld_icon_box_69e21cf93de5f .iconbox-icon-container{border-radius:px;}<\/style>\n<div class=\"iconbox text-align-default ld_icon_box_69e21cf93de5f\" id=\"ld_icon_box_69e21cf93de5f\"  data-animate-icon=\"true\"  >\n\t\n\t\t\t\t\t\n\t\n\t<div class=\"iconbox-icon-wrap\"><span class=\"iconbox-icon-container\"><i class=\"fas fa-map-marker-alt\"><\/i><\/span><\/div>\t\n\t\t\n\t\t\n\t\t\n\t\t\t\t\n\t\t\n\t\n<\/div>\n<style>.ld_fancy_heading_69e21cf93ef20 h3{color:rgb(16, 48, 98);}.ld_fancy_heading_69e21cf93ef20 h3 {font-size:22px; } .ld_fancy_heading_69e21cf93ef20 h3 {font-weight:700; } .ld_fancy_heading_69e21cf93ef20 h3 {letter-spacing:0.1em; } .ld_fancy_heading_69e21cf93ef20 h3 {margin-bottom:1em !important;  } .ld_fancy_heading_69e21cf93ef20 .lqd-highlight-inner{height:0.275em!important;bottom:0px!important;}.ld_fancy_heading_69e21cf93ef20 h3 {font-size:22px; } .ld_fancy_heading_69e21cf93ef20 h3 {font-weight:700; } .ld_fancy_heading_69e21cf93ef20 h3 {letter-spacing:0.1em; } .ld_fancy_heading_69e21cf93ef20 h3 {margin-bottom:1em !important;  } <\/style><div class=\"ld-fancy-heading text-center text-uppercase ld_fancy_heading_69e21cf93ef20\">\n\t<h3 class=\"ld-fh-element lqd-highlight-underline lqd-highlight-grow-left text-decoration-default\"   >  \u00dcNVAN<\/h3><\/div><style>.ld_fancy_heading_69e21cf93fa7c p{color:rgb(0, 0, 0);}.ld_fancy_heading_69e21cf93fa7c p {font-size:14px; } .ld_fancy_heading_69e21cf93fa7c p {line-height:1.21em; } .ld_fancy_heading_69e21cf93fa7c p {--element-line-height:1.21em; } .ld_fancy_heading_69e21cf93fa7c .lqd-highlight-inner{height:0.275em!important;bottom:0px!important;}.ld_fancy_heading_69e21cf93fa7c p {font-size:14px; } .ld_fancy_heading_69e21cf93fa7c p {line-height:1.21em; } .ld_fancy_heading_69e21cf93fa7c p {--element-line-height:1.21em; } <\/style><div class=\"ld-fancy-heading text-center ld_fancy_heading_69e21cf93fa7c\">\n\t<p class=\"ld-fh-element lqd-highlight-underline lqd-highlight-grow-left text-decoration-default\"   >  Park Ya\u015fam Ofisleri<br \/>\nYal\u0131 Mah. 6523 Sokak, No: 32\/B<br \/>\nK: 3, DA\u0130RE: 303<br \/>\nMavi\u015fehir, Kar\u015f\u0131yaka, \u0130zmir<\/p><\/div><style>.ld_fancy_heading_69e21cf940961 h3{color:rgb(16, 48, 98);}.ld_fancy_heading_69e21cf940961 h3 {font-size:22px; } .ld_fancy_heading_69e21cf940961 h3 {font-weight:700; } .ld_fancy_heading_69e21cf940961 h3 {letter-spacing:0.1em; } .ld_fancy_heading_69e21cf940961 h3 {margin-bottom:1em !important;  } .ld_fancy_heading_69e21cf940961 .lqd-highlight-inner{height:0.275em!important;bottom:0px!important;}.ld_fancy_heading_69e21cf940961 h3 {font-size:22px; } .ld_fancy_heading_69e21cf940961 h3 {font-weight:700; } .ld_fancy_heading_69e21cf940961 h3 {letter-spacing:0.1em; } .ld_fancy_heading_69e21cf940961 h3 {margin-bottom:1em !important;  } <\/style><div class=\"ld-fancy-heading text-center text-uppercase ld_fancy_heading_69e21cf940961\">\n\t<h3 class=\"ld-fh-element lqd-highlight-underline lqd-highlight-grow-left text-decoration-default\"   >  \u0130STANBUL \u00dcNVANI<\/h3><\/div><style>.ld_fancy_heading_69e21cf940ebe p{color:rgb(0, 0, 0);}.ld_fancy_heading_69e21cf940ebe p {font-size:14px; } .ld_fancy_heading_69e21cf940ebe p {line-height:1.21em; } .ld_fancy_heading_69e21cf940ebe p {--element-line-height:1.21em; } .ld_fancy_heading_69e21cf940ebe .lqd-highlight-inner{height:0.275em!important;bottom:0px!important;}.ld_fancy_heading_69e21cf940ebe p {font-size:14px; } .ld_fancy_heading_69e21cf940ebe p {line-height:1.21em; } .ld_fancy_heading_69e21cf940ebe p {--element-line-height:1.21em; } <\/style><div class=\"ld-fancy-heading text-center ld_fancy_heading_69e21cf940ebe\">\n\t<p class=\"ld-fh-element lqd-highlight-underline lqd-highlight-grow-left text-decoration-default\"   >  K\u00fc\u00e7\u00fckbakkalk\u00f6y mah. Merdivenk\u00f6y Yolu cad. No:12 CZD Plaza 34750 Ata\u015fehir \/ \u0130STANBUL<\/p><\/div>[\/vc_column][vc_column width=&#8221;1\/6&#8243;][\/vc_column][vc_column width=&#8221;1\/6&#8243; offset=&#8221;vc_col-md-2&#8243; css=&#8221;.vc_custom_1608814818824{margin-bottom: 20px !important;}&#8221;]<style>.ld_icon_box_69e21cf9411a9 .lqd-iconbox-title{margin-bottom:px;}.ld_icon_box_69e21cf9411a9 .iconbox-icon-container{border-radius:px;}<\/style>\n<div class=\"iconbox text-align-default ld_icon_box_69e21cf9411a9\" id=\"ld_icon_box_69e21cf9411a9\"  data-animate-icon=\"true\"  >\n\t\n\t\t\t\t\t\n\t\n\t<div class=\"iconbox-icon-wrap\"><span class=\"iconbox-icon-container\"><i class=\"fas fa-mobile-alt\"><\/i><\/span><\/div>\t\n\t\t\n\t\t\n\t\t\n\t\t\t\t\n\t\t\n\t\n<\/div>\n<style>.ld_fancy_heading_69e21cf941898 h3{color:rgb(16, 48, 98);}.ld_fancy_heading_69e21cf941898 h3 {font-size:22px; } .ld_fancy_heading_69e21cf941898 h3 {font-weight:700; } .ld_fancy_heading_69e21cf941898 h3 {letter-spacing:0.1em; } .ld_fancy_heading_69e21cf941898 h3 {margin-bottom:1em !important;  } .ld_fancy_heading_69e21cf941898 .lqd-highlight-inner{height:0.275em!important;bottom:0px!important;}.ld_fancy_heading_69e21cf941898 h3 {font-size:22px; } .ld_fancy_heading_69e21cf941898 h3 {font-weight:700; } .ld_fancy_heading_69e21cf941898 h3 {letter-spacing:0.1em; } .ld_fancy_heading_69e21cf941898 h3 {margin-bottom:1em !important;  } <\/style><div class=\"ld-fancy-heading text-center text-uppercase ld_fancy_heading_69e21cf941898\">\n\t<h3 class=\"ld-fh-element lqd-highlight-underline lqd-highlight-grow-left text-decoration-default\"   >  TELEFON<\/h3><\/div><style>.ld_fancy_heading_69e21cf942068 p{color:rgb(0, 0, 0);}.ld_fancy_heading_69e21cf942068 p {font-size:14px; } .ld_fancy_heading_69e21cf942068 p {line-height:1.21em; } .ld_fancy_heading_69e21cf942068 p {--element-line-height:1.21em; } .ld_fancy_heading_69e21cf942068 .lqd-highlight-inner{height:0.275em!important;bottom:0px!important;}.ld_fancy_heading_69e21cf942068 p {font-size:14px; } .ld_fancy_heading_69e21cf942068 p {line-height:1.21em; } .ld_fancy_heading_69e21cf942068 p {--element-line-height:1.21em; } <\/style><div class=\"ld-fancy-heading text-center ld_fancy_heading_69e21cf942068\">\n\t<p class=\"ld-fh-element lqd-highlight-underline lqd-highlight-grow-left text-decoration-default\"   >  <a href=\"tel:+994104241884\">+994 10 424 18 84<\/a><\/p><\/div>[\/vc_column][vc_column width=&#8221;1\/6&#8243;][\/vc_column][vc_column width=&#8221;1\/6&#8243;]<style>.ld_icon_box_69e21cf942855 .lqd-iconbox-title{margin-bottom:px;}.ld_icon_box_69e21cf942855 .iconbox-icon-container{border-radius:px;}<\/style>\n<div class=\"iconbox text-align-default ld_icon_box_69e21cf942855\" id=\"ld_icon_box_69e21cf942855\"  data-animate-icon=\"true\"  >\n\t\n\t\t\t\t\t\n\t\n\t<div class=\"iconbox-icon-wrap\"><span class=\"iconbox-icon-container\"><i class=\"far fa-envelope\"><\/i><\/span><\/div>\t\n\t\t\n\t\t\n\t\t\n\t\t\t\t\n\t\t\n\t\n<\/div>\n<style>.ld_fancy_heading_69e21cf942efb h3{color:rgb(16, 48, 98);}.ld_fancy_heading_69e21cf942efb h3 {font-size:22px; } .ld_fancy_heading_69e21cf942efb h3 {font-weight:700; } .ld_fancy_heading_69e21cf942efb h3 {letter-spacing:0.1em; } .ld_fancy_heading_69e21cf942efb h3 {margin-bottom:1em !important;  } .ld_fancy_heading_69e21cf942efb .lqd-highlight-inner{height:0.275em!important;bottom:0px!important;}.ld_fancy_heading_69e21cf942efb h3 {font-size:22px; } .ld_fancy_heading_69e21cf942efb h3 {font-weight:700; } .ld_fancy_heading_69e21cf942efb h3 {letter-spacing:0.1em; } .ld_fancy_heading_69e21cf942efb h3 {margin-bottom:1em !important;  } <\/style><div class=\"ld-fancy-heading text-center text-uppercase ld_fancy_heading_69e21cf942efb\">\n\t<h3 class=\"ld-fh-element lqd-highlight-underline lqd-highlight-grow-left text-decoration-default\"   >  E MAIL<\/h3><\/div><style>.ld_fancy_heading_69e21cf943553 p{color:rgb(0, 0, 0);}.ld_fancy_heading_69e21cf943553 p {font-size:14px; } .ld_fancy_heading_69e21cf943553 p {margin-bottom:1.25em !important;  } .ld_fancy_heading_69e21cf943553 .lqd-highlight-inner{height:0.275em!important;bottom:0px!important;}.ld_fancy_heading_69e21cf943553 p {font-size:14px; } .ld_fancy_heading_69e21cf943553 p {margin-bottom:1.25em !important;  } <\/style><div class=\"ld-fancy-heading text-center ld_fancy_heading_69e21cf943553\">\n\t<p class=\"ld-fh-element lqd-highlight-underline lqd-highlight-grow-left text-decoration-default\"   >  <a href=\"mailto:profdrercangurses@gmail.com\">profdrercangurses@gmail.com<\/a><\/p><\/div>[\/vc_column][\/vc_row][vc_row full_width=&#8221;stretch_row&#8221; gap=&#8221;0&#8243; content_placement=&#8221;middle&#8221; bg_position=&#8221;right center&#8221; css=&#8221;.vc_custom_1610099263539{background-image: url(https:\/\/softwarehub.liquid-themes.com\/staging\/wp-content\/uploads\/2020\/12\/bg-1@2x.jpg?id=199) !important;background-position: center !important;background-repeat: no-repeat !important;background-size: cover !important;}&#8221;][vc_column][vc_gmaps link=&#8221;#E-8_JTNDaWZyYW1lJTIwc3JjJTNEJTIyaHR0cHMlM0ElMkYlMkZ3d3cuZ29vZ2xlLmNvbSUyRm1hcHMlMkZlbWJlZCUzRnBiJTNEJTIxMW0xNCUyMTFtOCUyMTFtMyUyMTFkMTI0OTMuNTY0ODg0NDU0MTE2JTIxMmQyNy4wODIxMjElMjEzZDM4LjQ3ODYxMzclMjEzbTIlMjExaTEwMjQlMjEyaTc2OCUyMTRmMTMuMSUyMTNtMyUyMTFtMiUyMTFzMHgwJTI1M0EweDM1ZTAzMTk0ZGY2NDI5ODclMjEyc1Byb2YuJTI1MjBEci4lMjUyMEVyY2FuJTI1MjBHJTI1QzMlMjVCQ3JzZXMlMjE1ZTAlMjEzbTIlMjExc3RyJTIxMnN0ciUyMTR2MTY0NzY5NDc5NzE1MiUyMTVtMiUyMTFzdHIlMjEyc3RyJTIyJTIwd2lkdGglM0QlMjI2MDAlMjIlMjBoZWlnaHQlM0QlMjI0NTAlMjIlMjBzdHlsZSUzRCUyMmJvcmRlciUzQTAlM0IlMjIlMjBhbGxvd2Z1bGxzY3JlZW4lM0QlMjIlMjIlMjBsb2FkaW5nJTNEJTIybGF6eSUyMiUzRSUzQyUyRmlmcmFtZSUzRQ==&#8221;][\/vc_column][\/vc_row][vc_row responsive_css=&#8221;padding_bottom_medium:120px|padding_bottom_small:80px&#8221; css=&#8221;.vc_custom_1610099291293{padding-bottom: 60px !important;}&#8221;][vc_column enable_column_shadowbox=&#8221;yes&#8221; css=&#8221;.vc_custom_1610099446432{margin-top: -128px !important;padding-top: 60px !important;padding-right: 15px !important;padding-bottom: 60px !important;padding-left: 15px !important;background-color: #ffffff !important;border-radius: 10px !important;}&#8221; offset=&#8221;vc_col-md-offset-1 vc_col-md-10&#8243; column_box_shadow=&#8221;%5B%7B%22x_offset%22%3A%220%22%2C%22y_offset%22%3A%2220px%22%2C%22blur_radius%22%3A%2290px%22%2C%22shadow_color%22%3A%22rgba(30%2C%2089%2C%20157%2C%200.06)%22%7D%5D&#8221; responsive_css=&#8221;padding_right_medium:80px|padding_left_medium:80px|padding_right_small:30px|padding_left_small:30px&#8221; el_class=&#8221;z-index-2&#8243;][vc_row_inner content_placement=&#8221;middle&#8221; css=&#8221;.vc_custom_1608813658428{margin-bottom: 35px !important;}&#8221;][vc_column_inner width=&#8221;1\/2&#8243;]<style>.ld_fancy_heading_69e21cf943c3b h2 {font-size:28px; } .ld_fancy_heading_69e21cf943c3b h2 {font-weight:700; } .ld_fancy_heading_69e21cf943c3b .lqd-highlight-inner{height:0.275em!important;bottom:0px!important;}.ld_fancy_heading_69e21cf943c3b h2 {font-size:28px; } .ld_fancy_heading_69e21cf943c3b h2 {font-weight:700; } <\/style><div class=\"ld-fancy-heading ld_fancy_heading_69e21cf943c3b\">\n\t<h2 class=\"ld-fh-element lqd-highlight-underline lqd-highlight-grow-left text-decoration-default\"   >  \u018flaq\u0259 Formas\u0131<\/h2><\/div>[\/vc_column_inner][vc_column_inner width=&#8221;1\/2&#8243; responsive_align=&#8221;text-sm-right&#8221;]<style>.ld_icon_box_69e21cf944045 .iconbox-icon-container{color:rgb(219, 223, 229);border-radius:px;}.ld_icon_box_69e21cf944045:hover .iconbox-icon-container{color:rgb(0, 0, 0);}.ld_icon_box_69e21cf944045 .lqd-iconbox-title{margin-bottom:px;}.ld_icon_box_69e21cf944045 .iconbox-icon-container img,.ld_icon_box_69e21cf944045 .iconbox-icon-container > svg{width:60px !important;}<\/style>\n<div class=\"iconbox iconbox-side text-align-default ld_icon_box_69e21cf944045 vc_custom_1608813529459\" id=\"ld_icon_box_69e21cf944045\"  data-animated-svg=\"true\" data-animate-icon=\"true\" data-plugin-options='{\"file\":\"https:\\\/\\\/profdrercangurses.com\\\/wp-content\\\/plugins\\\/hub-core\\\/assets\\\/vendors\\\/animated-icons\\\/svg\\\/basic_paperplane.svg\",\"resetOnHover\":true,\"color\":\"rgb(219, 223, 229)\",\"hoverColor\":\"rgb(0, 0, 0)\"}'  >\n\t\n\t\t\t\t\t\n\t\n\t<div class=\"iconbox-icon-wrap\"><span class=\"iconbox-icon-container\"><\/span><\/div>\t\n\t\t\n\t\t\n\t\t\n\t\t\t\t\n\t\t\n\t\n<\/div>\n[\/vc_column_inner][\/vc_row_inner]<style>.ld_cf7_69e21cf948fd7 input,.ld_cf7_69e21cf948fd7 textarea,.ld_cf7_69e21cf948fd7 .ui-button.ui-selectmenu-button{font-size:16px;}.ld_cf7_69e21cf948fd7 input[type=\"submit\"]{font-size:18px;font-weight:700;background:rgb(16, 70, 98);border-color:rgb(16, 70, 98);}.ld_cf7_69e21cf948fd7 input, .ld_cf7_69e21cf948fd7 select, .ld_cf7_69e21cf948fd7 textarea, .ld_cf7_69e21cf948fd7 .ui-button.ui-selectmenu-button, .ld_cf7_69e21cf948fd7 .wpcf7-form-control-wrap > i, .ld_cf7_69e21cf948fd7 .wpcf7-radio{color:rgb(57, 68, 90);}.ld_cf7_69e21cf948fd7 input:focus, .ld_cf7_69e21cf948fd7 select:focus, .ld_cf7_69e21cf948fd7 textarea:focus, .ld_cf7_69e21cf948fd7 .ui-button.ui-selectmenu-button:hover, .wpcf7-acceptance .wpcf7-list-item-label:after{color:rgb(0, 0, 0);}.ld_cf7_69e21cf948fd7 input, .ld_cf7_69e21cf948fd7 select, .ld_cf7_69e21cf948fd7 textarea, .ld_cf7_69e21cf948fd7 .ui-button.ui-selectmenu-button, .ld_cf7_69e21cf948fd7 .wpcf7-acceptance .wpcf7-list-item-label:before{border-color:rgba(123, 131, 142, 0.15);}.ld_cf7_69e21cf948fd7 input:focus, .ld_cf7_69e21cf948fd7 select:focus, .ld_cf7_69e21cf948fd7 textarea:focus, .ld_cf7_69e21cf948fd7 .ui-button.ui-selectmenu-button:hover{border-color:rgba(123, 131, 142, 0.3);}.ld_cf7_69e21cf948fd7 .wpcf7-form-control-wrap{margin-bottom:20px;}<\/style><div id=\"ld_cf7_69e21cf948fd7\" class=\"lqd-contact-form lqd-contact-form-inputs-lg lqd-contact-form-inputs-round lqd-contact-form-button-lg lqd-contact-form-button-block lqd-contact-form-button-round ld_cf7_69e21cf948fd7 vc_custom_1647519034214\">\n\t\n<div class=\"wpcf7 no-js\" id=\"wpcf7-f5433-o1\" lang=\"en-US\" dir=\"ltr\" data-wpcf7-id=\"5433\">\n<div class=\"screen-reader-response\"><p role=\"status\" aria-live=\"polite\" aria-atomic=\"true\"><\/p> <ul><\/ul><\/div>\n<form action=\"\/az\/wp-json\/wp\/v2\/pages\/4778#wpcf7-f5433-o1\" method=\"post\" class=\"wpcf7-form init\" aria-label=\"Contact form\" novalidate=\"novalidate\" data-status=\"init\">\n<fieldset class=\"hidden-fields-container\"><input type=\"hidden\" name=\"_wpcf7\" value=\"5433\" \/><input type=\"hidden\" name=\"_wpcf7_version\" value=\"6.1.5\" \/><input type=\"hidden\" name=\"_wpcf7_locale\" value=\"en_US\" \/><input type=\"hidden\" name=\"_wpcf7_unit_tag\" value=\"wpcf7-f5433-o1\" \/><input type=\"hidden\" name=\"_wpcf7_container_post\" value=\"0\" \/><input type=\"hidden\" name=\"_wpcf7_posted_data_hash\" value=\"\" \/><input type=\"hidden\" name=\"_wpcf7_recaptcha_response\" value=\"\" \/>\n<\/fieldset>\n<p><span class=\"wpcf7-form-control-wrap\" data-name=\"text-775\"><input size=\"40\" maxlength=\"400\" class=\"wpcf7-form-control wpcf7-text wpcf7-validates-as-required\" aria-required=\"true\" aria-invalid=\"false\" placeholder=\"Ad Soyad\" value=\"\" type=\"text\" name=\"text-775\" \/><\/span><span class=\"wpcf7-form-control-wrap\" data-name=\"email-550\"><input size=\"40\" maxlength=\"400\" class=\"wpcf7-form-control wpcf7-email wpcf7-validates-as-required wpcf7-text wpcf7-validates-as-email\" aria-required=\"true\" aria-invalid=\"false\" placeholder=\"E-po\u00e7t\" value=\"\" type=\"email\" name=\"email-550\" \/><\/span><span class=\"wpcf7-form-control-wrap\" data-name=\"textarea-138\"><textarea cols=\"10\" rows=\"4\" maxlength=\"2000\" class=\"wpcf7-form-control wpcf7-textarea wpcf7-validates-as-required\" aria-required=\"true\" aria-invalid=\"false\" placeholder=\"S\u0259nin mesaj\u0131n\" name=\"textarea-138\"><\/textarea><\/span><input class=\"wpcf7-form-control wpcf7-submit has-spinner\" type=\"submit\" value=\"G\u00f6nder\" \/>\n<\/p><p style=\"display: none !important;\" class=\"akismet-fields-container\" data-prefix=\"_wpcf7_ak_\"><label>&#916;<textarea name=\"_wpcf7_ak_hp_textarea\" cols=\"45\" rows=\"8\" maxlength=\"100\"><\/textarea><\/label><input type=\"hidden\" id=\"ak_js_1\" name=\"_wpcf7_ak_js\" value=\"36\"\/><script>document.getElementById( \"ak_js_1\" ).setAttribute( \"value\", ( new Date() ).getTime() );<\/script><\/p><div class=\"wpcf7-response-output\" aria-hidden=\"true\"><\/div>\n<\/form>\n<\/div>\n<\/div>[\/vc_column][\/vc_row]<\/p>\n","protected":false},"excerpt":{"rendered":"<p>[vc_row css=&#8221;.vc_custom_1648541520496{padding-bottom: 10px !important;}&#8221;][vc_column width=&#8221;1\/6&#8243; offset=&#8221;vc_col-md-offset-1 vc_col-md-1\/5&#8243; css=&#8221;.vc_custom_1608814811249{margin-bottom: 20px !important;}&#8221;][\/vc_column][vc_column width=&#8221;1\/6&#8243;][\/vc_column][vc_column width=&#8221;1\/6&#8243; offset=&#8221;vc_col-md-2&#8243; css=&#8221;.vc_custom_1608814818824{margin-bottom: 20px !important;}&#8221;][\/vc_column][vc_column width=&#8221;1\/6&#8243;][\/vc_column][vc_column width=&#8221;1\/6&#8243;][\/vc_column][\/vc_row][vc_row full_width=&#8221;stretch_row&#8221; gap=&#8221;0&#8243; content_placement=&#8221;middle&#8221; bg_position=&#8221;right center&#8221; css=&#8221;.vc_custom_1610099263539{background-image: url(https:\/\/softwarehub.liquid-themes.com\/staging\/wp-content\/uploads\/2020\/12\/bg-1@2x.jpg?id=199) !important;background-position: center !important;background-repeat: no-repeat !important;background-size: cover !important;}&#8221;][vc_column][vc_gmaps link=&#8221;#E-8_JTNDaWZyYW1lJTIwc3JjJTNEJTIyaHR0cHMlM0ElMkYlMkZ3d3cuZ29vZ2xlLmNvbSUyRm1hcHMlMkZlbWJlZCUzRnBiJTNEJTIxMW0xNCUyMTFtOCUyMTFtMyUyMTFkMTI0OTMuNTY0ODg0NDU0MTE2JTIxMmQyNy4wODIxMjElMjEzZDM4LjQ3ODYxMzclMjEzbTIlMjExaTEwMjQlMjEyaTc2OCUyMTRmMTMuMSUyMTNtMyUyMTFtMiUyMTFzMHgwJTI1M0EweDM1ZTAzMTk0ZGY2NDI5ODclMjEyc1Byb2YuJTI1MjBEci4lMjUyMEVyY2FuJTI1MjBHJTI1QzMlMjVCQ3JzZXMlMjE1ZTAlMjEzbTIlMjExc3RyJTIxMnN0ciUyMTR2MTY0NzY5NDc5NzE1MiUyMTVtMiUyMTFzdHIlMjEyc3RyJTIyJTIwd2lkdGglM0QlMjI2MDAlMjIlMjBoZWlnaHQlM0QlMjI0NTAlMjIlMjBzdHlsZSUzRCUyMmJvcmRlciUzQTAlM0IlMjIlMjBhbGxvd2Z1bGxzY3JlZW4lM0QlMjIlMjIlMjBsb2FkaW5nJTNEJTIybGF6eSUyMiUzRSUzQyUyRmlmcmFtZSUzRQ==&#8221;][\/vc_column][\/vc_row][vc_row responsive_css=&#8221;padding_bottom_medium:120px|padding_bottom_small:80px&#8221; css=&#8221;.vc_custom_1610099291293{padding-bottom: 60px !important;}&#8221;][vc_column enable_column_shadowbox=&#8221;yes&#8221; css=&#8221;.vc_custom_1610099446432{margin-top: -128px !important;padding-top: 60px !important;padding-right: 15px !important;padding-bottom: 60px !important;padding-left: 15px !important;background-color: #ffffff !important;border-radius: 10px !important;}&#8221; offset=&#8221;vc_col-md-offset-1 vc_col-md-10&#8243; [&hellip;]<\/p>\n","protected":false},"author":1,"featured_media":0,"parent":0,"menu_order":0,"comment_status":"closed","ping_status":"closed","template":"","meta":{"footnotes":""},"class_list":["post-4778","page","type-page","status-publish","hentry"],"_links":{"self":[{"href":"https:\/\/profdrercangurses.com\/az\/wp-json\/wp\/v2\/pages\/4778","targetHints":{"allow":["GET"]}}],"collection":[{"href":"https:\/\/profdrercangurses.com\/az\/wp-json\/wp\/v2\/pages"}],"about":[{"href":"https:\/\/profdrercangurses.com\/az\/wp-json\/wp\/v2\/types\/page"}],"author":[{"embeddable":true,"href":"https:\/\/profdrercangurses.com\/az\/wp-json\/wp\/v2\/users\/1"}],"replies":[{"embeddable":true,"href":"https:\/\/profdrercangurses.com\/az\/wp-json\/wp\/v2\/comments?post=4778"}],"version-history":[{"count":8,"href":"https:\/\/profdrercangurses.com\/az\/wp-json\/wp\/v2\/pages\/4778\/revisions"}],"predecessor-version":[{"id":8051,"href":"https:\/\/profdrercangurses.com\/az\/wp-json\/wp\/v2\/pages\/4778\/revisions\/8051"}],"wp:attachment":[{"href":"https:\/\/profdrercangurses.com\/az\/wp-json\/wp\/v2\/media?parent=4778"}],"curies":[{"name":"wp","href":"https:\/\/api.w.org\/{rel}","templated":true}]}}