{"id":5300,"date":"2021-05-27T15:33:26","date_gmt":"2021-05-27T12:33:26","guid":{"rendered":"https:\/\/profdrercangurses.com\/hakkimda\/"},"modified":"2022-03-17T01:49:38","modified_gmt":"2022-03-16T22:49:38","slug":"haqqimda","status":"publish","type":"page","link":"https:\/\/profdrercangurses.com\/az\/haqqimda\/","title":{"rendered":"Haqq\u0131mda"},"content":{"rendered":"<p>[vc_row equal_height=&#8221;yes&#8221; content_placement=&#8221;middle&#8221; bg_position=&#8221;center center&#8221; el_id=&#8221;business-consultation&#8221; responsive_css=&#8221;padding_top_medium:60px|padding_bottom_medium:50px&#8221; css=&#8221;.vc_custom_1622216472021{padding-top: 80px !important;padding-bottom: 30px !important;background-image: url(https:\/\/itbusinesspro.liquid-themes.com\/wp-content\/uploads\/2021\/01\/bg-2@2x.jpg?id=8896) !important;background-position: center !important;background-repeat: no-repeat !important;background-size: contain !important;}&#8221;][vc_column offset=&#8221;vc_col-md-5&#8243; responsive_align=&#8221;text-right text-sm-center text-md-right&#8221; responsive_css=&#8221;margin_bottom_medium:0px&#8221; css=&#8221;.vc_custom_1610196406027{margin-bottom: 80px !important;}&#8221;]<div id=\"ld_images_group_container_69e23613afe79\" class=\"lqd-imggrp-container ld_images_group_container_69e23613afe79\"   >\n\t<div class=\"lqd-imggrp-inner\">\n\t\t<p><style>.ld_images_group_element_69e23613b0429{position:absolute;}.ld_images_group_element_69e23613b0429 {top:0px !important; left:0px !important;  } .ld_images_group_element_69e23613b0429 {top:0px !important; left:0px !important;  } <\/style><div id=\"ld_images_group_element_69e23613b0429\" class=\"lqd-imggrp-single ld_images_group_element_69e23613b0429\" data-shadow-style=\"4\" data-inview=\"true\" data-animate-shadow=\"true\"  >\n\t\n\t<div class=\"lqd-imggrp-img-container\"    data-parallax=\"true\" data-parallax-from='{\"y\":75}' data-parallax-to='{\"y\":-75}' data-parallax-options='{\"overflowHidden\":false,\"ease\":\"linear\",\"start\":\"top bottom\"}'>\n\t\t\n\t\t\t\t\n\t\t\t\t\t\t\t\t\t\t\t\t\n\t<\/div><!-- \/.lqd-imggrp-content -->\n<\/div><!-- \/.lqd-imggrp-single --><style>.ld_images_group_element_69e23613b17c9 {margin-top:40px !important;  } .ld_images_group_element_69e23613b17c9 {margin-top:40px !important;  } <\/style><div id=\"ld_images_group_element_69e23613b17c9\" class=\"lqd-imggrp-single ld_images_group_element_69e23613b17c9\"   >\n\t\n\t<div class=\"lqd-imggrp-img-container\"    data-parallax=\"true\" data-parallax-from='{\"y\":35}' data-parallax-to='{\"y\":-45}' data-parallax-options='{\"overflowHidden\":false,\"ease\":\"linear\",\"start\":\"top bottom\"}'>\n\t\t\n\t\t\t\t\n\t\t\t\t<figure ><img decoding=\"async\" width=\"1000\" height=\"1000\" data-src=\"https:\/\/profdrercangurses.com\/wp-content\/uploads\/2022\/02\/prof-dr-ercan-lutfi-gurses.jpg\" data-srcset=\"https:\/\/profdrercangurses.com\/wp-content\/uploads\/2022\/02\/prof-dr-ercan-lutfi-gurses-300x300.jpg 300w, https:\/\/profdrercangurses.com\/wp-content\/uploads\/2022\/02\/prof-dr-ercan-lutfi-gurses-150x150.jpg 150w, https:\/\/profdrercangurses.com\/wp-content\/uploads\/2022\/02\/prof-dr-ercan-lutfi-gurses.jpg 1000w\" alt=\"\" itemprop=\"image\" title=\"\" src=\"data:image\/svg+xml;base64,PHN2ZyB3aWR0aD0iMSIgaGVpZ2h0PSIxIiB4bWxucz0iaHR0cDovL3d3dy53My5vcmcvMjAwMC9zdmciPjwvc3ZnPg==\" class=\"lazyload\" style=\"--smush-placeholder-width: 1000px; --smush-placeholder-aspect-ratio: 1000\/1000;\"><\/figure>\t\t\t\t\t\t\t\t\n\t<\/div><!-- \/.lqd-imggrp-content -->\n<\/div><!-- \/.lqd-imggrp-single --><style>.ld_images_group_element_69e23613b311c{position:absolute;}.ld_images_group_element_69e23613b311c {bottom:-20% !important; left:20% !important;  } .ld_images_group_element_69e23613b311c {bottom:-20% !important; left:20% !important;  } <\/style><div id=\"ld_images_group_element_69e23613b311c\" class=\"lqd-imggrp-single ld_images_group_element_69e23613b311c\" data-shadow-style=\"4\" data-inview=\"true\" data-animate-shadow=\"true\"  >\n\t\n\t<div class=\"lqd-imggrp-img-container\"    data-parallax=\"true\" data-parallax-from='{\"y\":43}' data-parallax-to='{\"y\":-54}' data-parallax-options='{\"overflowHidden\":false,\"ease\":\"linear\",\"start\":\"top bottom\"}'>\n\t\t\n\t\t\t\t\n\t\t\t\t\t\t\t\t\t\t\t\t\n\t<\/div><!-- \/.lqd-imggrp-content -->\n<\/div><!-- \/.lqd-imggrp-single --><\/p>\n\t\n\t<\/div><!-- \/.lqd-imggrp-inner -->\n<\/div><!-- \/.lqd-imggrp-container -->[\/vc_column][vc_column enable_content_animation=&#8221;yes&#8221; ca_init_scale_x=&#8221;1&#8243; ca_init_scale_y=&#8221;1&#8243; ca_init_opacity=&#8221;0&#8243; ca_an_scale_x=&#8221;1&#8243; ca_an_scale_y=&#8221;1&#8243; ca_an_opacity=&#8221;1&#8243; ca_init_scale_z=&#8221;1&#8243; ca_an_scale_z=&#8221;1&#8243; offset=&#8221;vc_col-md-offset-1 vc_col-md-5&#8243; responsive_css=&#8221;padding_left_medium:14%25&#8243; ca_duration=&#8221;1800&#8243; ca_delay=&#8221;180&#8243; ca_init_translate_y=&#8221;35&#8243;][vc_text_separator title=&#8221;M\u0259nim Haqq\u0131mda&#8221; title_align=&#8221;separator_align_left&#8221; color=&#8221;custom&#8221; accent_color=&#8221;rgba(6,14,98,0.13)&#8221;]<style>.ld_fancy_heading_69e23613b349b .lqd-highlight-inner{height:0.275em!important;bottom:0px!important;}<\/style><div class=\"ld-fancy-heading ld_fancy_heading_69e23613b349b\">\n\t<h2 class=\"ld-fh-element lqd-highlight-underline lqd-highlight-grow-left text-decoration-default\"   >  Prof. Dr. Ercan L\u00fctfi G\u00dcRSES<\/h2><\/div><style>.ld_fancy_heading_69e23613b3d09 p{color:rgba(14, 37, 87, 0.65);}.ld_fancy_heading_69e23613b3d09 p {font-size:19px; } .ld_fancy_heading_69e23613b3d09 p {line-height:1.5em; } .ld_fancy_heading_69e23613b3d09 p {--element-line-height:1.5em; } .ld_fancy_heading_69e23613b3d09 p {margin-bottom:1em !important;  } .ld_fancy_heading_69e23613b3d09 .lqd-highlight-inner{height:0.275em!important;bottom:0px!important;}.ld_fancy_heading_69e23613b3d09 p {font-size:19px; } .ld_fancy_heading_69e23613b3d09 p {line-height:1.5em; } .ld_fancy_heading_69e23613b3d09 p {--element-line-height:1.5em; } .ld_fancy_heading_69e23613b3d09 p {margin-bottom:1em !important;  } <\/style><div class=\"ld-fancy-heading ld_fancy_heading_69e23613b3d09\">\n\t<p class=\"ld-fh-element lqd-highlight-underline lqd-highlight-grow-left text-decoration-default\"   >  Ispartada anadan olan prof. Dr. Ercan G\u00fcrses 1998-ci ild\u0259 Dokuz Eyl\u00fcl Universiteti Tibb Fak\u00fclt\u0259sini bitirdikd\u0259n sonra Anesteziologiya M\u00fct\u0259x\u0259ssisi oldu.<\/p>\n<p>1998-ci ild\u0259 Pamukkale Universiteti Tibb Fak\u00fclt\u0259si Anesteziologiya v\u0259 Reanimasiya \u015f\u00f6b\u0259sind\u0259 m\u00fct\u0259x\u0259ssis olaraq i\u015f\u0259 ba\u015flam\u0131\u015fd\u0131r. H\u0259min kafedrada 1999-cu ild\u0259 m\u00fc\u0259llim, 2000-ci ild\u0259 dosent, 2007-ci ild\u0259 dosent v\u0259zif\u0259l\u0259rind\u0259 \u00e7al\u0131\u015f\u0131b. 2000-ci ild\u0259n k\u0259skin v\u0259 xroniki a\u011fr\u0131l\u0131 x\u0259st\u0259l\u0259rin m\u00fcalic\u0259si \u00fc\u00e7\u00fcn \u00e7al\u0131\u015fd\u0131.. 2013-c\u00fc ild\u0259 Algologiya \u0130xtisas diplomunu ald\u0131qdan sonra Alqologiya Kafedras\u0131n\u0131 qurdu. O, 2014-c\u00fc ild\u0259 professor elmi d\u0259r\u0259c\u0259si ald\u0131. 16 oktyabr 2019-cu il tarixin\u0259d\u0259k Pamukkale Universiteti Tibb Fak\u00fclt\u0259sinin Alqologiya kafedras\u0131n\u0131n m\u00fcdiri v\u0259zif\u0259sind\u0259 \u00e7al\u0131\u015f\u0131b. Bu m\u00fcdd\u0259t \u0259rzind\u0259 \u00f6lk\u0259 daxilind\u0259 v\u0259 xaricd\u0259 bir \u00e7ox elmi toplant\u0131larda t\u0259lim\u00e7i kimi i\u015ftirak etmi\u015fdir.<\/p>\n<p>Hal-haz\u0131rda prof. Dr. Ercan G\u00dcRSES A\u011fr\u0131 Klinikas\u0131nda i\u015fl\u0259yir.<\/p><\/div>[\/vc_column][\/vc_row]<\/p>\n","protected":false},"excerpt":{"rendered":"<p>[vc_row equal_height=&#8221;yes&#8221; content_placement=&#8221;middle&#8221; bg_position=&#8221;center center&#8221; el_id=&#8221;business-consultation&#8221; responsive_css=&#8221;padding_top_medium:60px|padding_bottom_medium:50px&#8221; css=&#8221;.vc_custom_1622216472021{padding-top: 80px !important;padding-bottom: 30px !important;background-image: url(https:\/\/itbusinesspro.liquid-themes.com\/wp-content\/uploads\/2021\/01\/bg-2@2x.jpg?id=8896) !important;background-position: center !important;background-repeat: no-repeat !important;background-size: contain !important;}&#8221;][vc_column offset=&#8221;vc_col-md-5&#8243; responsive_align=&#8221;text-right text-sm-center text-md-right&#8221; responsive_css=&#8221;margin_bottom_medium:0px&#8221; css=&#8221;.vc_custom_1610196406027{margin-bottom: 80px !important;}&#8221;][\/vc_column][vc_column enable_content_animation=&#8221;yes&#8221; ca_init_scale_x=&#8221;1&#8243; ca_init_scale_y=&#8221;1&#8243; ca_init_opacity=&#8221;0&#8243; ca_an_scale_x=&#8221;1&#8243; ca_an_scale_y=&#8221;1&#8243; ca_an_opacity=&#8221;1&#8243; ca_init_scale_z=&#8221;1&#8243; ca_an_scale_z=&#8221;1&#8243; offset=&#8221;vc_col-md-offset-1 vc_col-md-5&#8243; responsive_css=&#8221;padding_left_medium:14%25&#8243; ca_duration=&#8221;1800&#8243; ca_delay=&#8221;180&#8243; ca_init_translate_y=&#8221;35&#8243;][vc_text_separator title=&#8221;M\u0259nim Haqq\u0131mda&#8221; title_align=&#8221;separator_align_left&#8221; color=&#8221;custom&#8221; accent_color=&#8221;rgba(6,14,98,0.13)&#8221;][\/vc_column][\/vc_row]<\/p>\n","protected":false},"author":1,"featured_media":0,"parent":0,"menu_order":0,"comment_status":"closed","ping_status":"closed","template":"","meta":{"footnotes":""},"class_list":["post-5300","page","type-page","status-publish","hentry"],"_links":{"self":[{"href":"https:\/\/profdrercangurses.com\/az\/wp-json\/wp\/v2\/pages\/5300","targetHints":{"allow":["GET"]}}],"collection":[{"href":"https:\/\/profdrercangurses.com\/az\/wp-json\/wp\/v2\/pages"}],"about":[{"href":"https:\/\/profdrercangurses.com\/az\/wp-json\/wp\/v2\/types\/page"}],"author":[{"embeddable":true,"href":"https:\/\/profdrercangurses.com\/az\/wp-json\/wp\/v2\/users\/1"}],"replies":[{"embeddable":true,"href":"https:\/\/profdrercangurses.com\/az\/wp-json\/wp\/v2\/comments?post=5300"}],"version-history":[{"count":0,"href":"https:\/\/profdrercangurses.com\/az\/wp-json\/wp\/v2\/pages\/5300\/revisions"}],"wp:attachment":[{"href":"https:\/\/profdrercangurses.com\/az\/wp-json\/wp\/v2\/media?parent=5300"}],"curies":[{"name":"wp","href":"https:\/\/api.w.org\/{rel}","templated":true}]}}