{"id":6898,"date":"2024-07-22T15:58:45","date_gmt":"2024-07-22T12:58:45","guid":{"rendered":"https:\/\/profdrercangurses.com\/onurga-beyni-batareyasi-terapiyasi-onurga-beyni-stimulyasiyasi\/"},"modified":"2024-11-04T10:05:23","modified_gmt":"2024-11-04T07:05:23","slug":"onurga-beyni-batareyasi-terapiyasi-onurga-beyni-stimulyasiyasi","status":"publish","type":"page","link":"https:\/\/profdrercangurses.com\/az\/mualic%c9%99l%c9%99rimiz\/onurga-beyni-batareyasi-terapiyasi-onurga-beyni-stimulyasiyasi\/","title":{"rendered":"Onur\u011fa beyni batareyas\u0131 terapiyas\u0131 (onur\u011fa beyni stimulyasiyas\u0131)"},"content":{"rendered":"<p>[vc_row css=&#8221;.vc_custom_1622016079265{padding-top: 60px !important;padding-bottom: 60px !important;}&#8221;][vc_column enable_pin=&#8221;enable_pin&#8221; width=&#8221;5\/12&#8243; offset=&#8221;vc_col-md-4&#8243; responsive_css=&#8221;padding_right_medium:7%25&#8243;][vc_row_inner][vc_column_inner responsive_css=&#8221;margin_bottom_medium:45px&#8221; css=&#8221;.vc_custom_1608194013763{margin-bottom: 30px !important;}&#8221;][\/vc_column_inner][vc_column_inner css=&#8221;.vc_custom_1608195737477{margin-bottom: 30px !important;padding-top: 35px !important;padding-right: 20px !important;padding-bottom: 35px !important;padding-left: 20px !important;background-color: #f7f8fa !important;border-radius: 5px !important;}&#8221; responsive_css=&#8221;margin_bottom_medium:45px|padding_right_medium:35px|padding_left_medium:35px&#8221;]<style>.ld_fancy_heading_69e1d88a63792 h3 {font-size:19px; } .ld_fancy_heading_69e1d88a63792 h3 {margin-bottom:1.25em !important;  } .ld_fancy_heading_69e1d88a63792 .lqd-highlight-inner{height:0.275em!important;bottom:0px!important;}.ld_fancy_heading_69e1d88a63792 h3 {font-size:19px; } .ld_fancy_heading_69e1d88a63792 h3 {margin-bottom:1.25em !important;  } <\/style><div class=\"ld-fancy-heading ld_fancy_heading_69e1d88a63792\">\n\t<h3 class=\"ld-fh-element lqd-highlight-underline lqd-highlight-grow-left text-decoration-default\"   >  Biziml\u0259 \u0259laq\u0259 saxlay\u0131n<\/h3><\/div><style>.ld_cf7_69e1d88a63b51 input,.ld_cf7_69e1d88a63b51 textarea,.ld_cf7_69e1d88a63b51 .ui-button.ui-selectmenu-button{font-size:15px;}.ld_cf7_69e1d88a63b51 input[type=\"submit\"]{font-size:15px;background:rgb(24, 67, 65);border-color:rgb(24, 67, 65);}.ld_cf7_69e1d88a63b51 input, .ld_cf7_69e1d88a63b51 select, .ld_cf7_69e1d88a63b51 textarea, .ld_cf7_69e1d88a63b51 .ui-button.ui-selectmenu-button{background:rgb(255, 255, 255);}.ld_cf7_69e1d88a63b51 input, .ld_cf7_69e1d88a63b51 select, .ld_cf7_69e1d88a63b51 textarea, .ld_cf7_69e1d88a63b51 .ui-button.ui-selectmenu-button, .ld_cf7_69e1d88a63b51 .wpcf7-form-control-wrap > i, .ld_cf7_69e1d88a63b51 .wpcf7-radio{color:rgb(127, 130, 132);}.ld_cf7_69e1d88a63b51 input:focus, .ld_cf7_69e1d88a63b51 select:focus, .ld_cf7_69e1d88a63b51 textarea:focus, .ld_cf7_69e1d88a63b51 .ui-button.ui-selectmenu-button:hover, .wpcf7-acceptance .wpcf7-list-item-label:after{color:rgb(0, 0, 0);}.ld_cf7_69e1d88a63b51 .wpcf7-form-control-wrap{margin-bottom:10px;}<\/style><div id=\"ld_cf7_69e1d88a63b51\" class=\"lqd-contact-form lqd-contact-form-inputs-filled lqd-contact-form-inputs-round lqd-contact-form-button-block lqd-contact-form-button-round ld_cf7_69e1d88a63b51 vc_custom_1622015176992\">\n\t\n<div class=\"wpcf7 no-js\" id=\"wpcf7-f74-o1\" lang=\"en-US\" dir=\"ltr\" data-wpcf7-id=\"74\">\n<div class=\"screen-reader-response\"><p role=\"status\" aria-live=\"polite\" aria-atomic=\"true\"><\/p> <ul><\/ul><\/div>\n<form action=\"\/az\/wp-json\/wp\/v2\/pages\/6898#wpcf7-f74-o1\" method=\"post\" class=\"wpcf7-form init\" aria-label=\"Contact form\" novalidate=\"novalidate\" data-status=\"init\">\n<fieldset class=\"hidden-fields-container\"><input type=\"hidden\" name=\"_wpcf7\" value=\"74\" \/><input type=\"hidden\" name=\"_wpcf7_version\" value=\"6.1.5\" \/><input type=\"hidden\" name=\"_wpcf7_locale\" value=\"en_US\" \/><input type=\"hidden\" name=\"_wpcf7_unit_tag\" value=\"wpcf7-f74-o1\" \/><input type=\"hidden\" name=\"_wpcf7_container_post\" value=\"0\" \/><input type=\"hidden\" name=\"_wpcf7_posted_data_hash\" value=\"\" \/><input type=\"hidden\" name=\"_wpcf7_recaptcha_response\" value=\"\" \/>\n<\/fieldset>\n<p><span class=\"wpcf7-form-control-wrap\" data-name=\"text-775\"><input size=\"40\" maxlength=\"400\" class=\"wpcf7-form-control wpcf7-text wpcf7-validates-as-required\" aria-required=\"true\" aria-invalid=\"false\" placeholder=\"Ad\u0131n\u0131z\" value=\"\" type=\"text\" name=\"text-775\" \/><\/span><span class=\"wpcf7-form-control-wrap\" data-name=\"email-550\"><input size=\"40\" maxlength=\"400\" class=\"wpcf7-form-control wpcf7-email wpcf7-validates-as-required wpcf7-text wpcf7-validates-as-email\" aria-required=\"true\" aria-invalid=\"false\" placeholder=\"Email adresiniz\" value=\"\" type=\"email\" name=\"email-550\" \/><\/span><span class=\"wpcf7-form-control-wrap\" data-name=\"textarea-138\"><textarea cols=\"10\" rows=\"4\" maxlength=\"2000\" class=\"wpcf7-form-control wpcf7-textarea wpcf7-validates-as-required\" aria-required=\"true\" aria-invalid=\"false\" placeholder=\"Mesaj\u0131n\u0131z\" name=\"textarea-138\"><\/textarea><\/span><input class=\"wpcf7-form-control wpcf7-submit has-spinner\" type=\"submit\" value=\"G\u00f6nder\" \/>\n<\/p><p style=\"display: none !important;\" class=\"akismet-fields-container\" data-prefix=\"_wpcf7_ak_\"><label>&#916;<textarea name=\"_wpcf7_ak_hp_textarea\" cols=\"45\" rows=\"8\" maxlength=\"100\"><\/textarea><\/label><input type=\"hidden\" id=\"ak_js_1\" name=\"_wpcf7_ak_js\" value=\"168\"\/><script>document.getElementById( \"ak_js_1\" ).setAttribute( \"value\", ( new Date() ).getTime() );<\/script><\/p><div class=\"wpcf7-response-output\" aria-hidden=\"true\"><\/div>\n<\/form>\n<\/div>\n<\/div>[\/vc_column_inner][vc_column_inner css=&#8221;.vc_custom_1608195709893{border-top-width: 1px !important;border-right-width: 1px !important;border-bottom-width: 1px !important;border-left-width: 1px !important;padding-top: 20px !important;padding-right: 20px !important;padding-bottom: 20px !important;padding-left: 20px !important;border-left-color: rgba(112,112,112,0.15) !important;border-left-style: solid !important;border-right-color: rgba(112,112,112,0.15) !important;border-right-style: solid !important;border-top-color: rgba(112,112,112,0.15) !important;border-top-style: solid !important;border-bottom-color: rgba(112,112,112,0.15) !important;border-bottom-style: solid !important;border-radius: 3px !important;}&#8221; responsive_css=&#8221;padding_right_large:35px|padding_left_large:50px|padding_right_medium:15px|padding_left_medium:15px|padding_right_small:10px|padding_left_small:10px&#8221;]<style>.ld_icon_box_69e1d88a65abb .iconbox-icon-container{color:rgb(38, 176, 95);font-size:20px;width:65px !important;height:65px !important;background:rgba(38, 176, 95, 0.1);border-radius:px;}.ld_icon_box_69e1d88a65abb .iconbox-icon-container:before{border-color:rgba(38, 176, 95, 0.1);}.ld_icon_box_69e1d88a65abb .lqd-iconbox-title{color:rgb(160, 160, 160);margin-bottom:1px;font-size:15px;}<\/style>\n<div class=\"iconbox iconbox-side text-align-default align-items-center iconbox-circle ld_icon_box_69e1d88a65abb vc_custom_1730703918251\" id=\"ld_icon_box_69e1d88a65abb\"  data-animate-icon=\"true\" data-plugin-options='{\"color\":\"rgb(38, 176, 95)\"}'  >\n\t\n\t\t\t\t\t\n\t\n\t<div class=\"iconbox-icon-wrap\"><span class=\"iconbox-icon-container\"><i class=\"lqd-icn-ess icon-lqd-mobile\"><\/i><\/span><\/div>\t\n\t\t\n\t<div class=\"contents\">\t\n\t\t\n\t<h3 class=\"lqd-iconbox-title font-weight-medium\">\u0130leti\u015fim Bilgisi:<\/h3>\t<p><a href=\"tel:+994 50 5178687\">+994 50 5178687<\/a><\/p>\n\t\t\n\t<\/div>\t\n\t\n<\/div>\n[\/vc_column_inner][\/vc_row_inner][\/vc_column][vc_column width=&#8221;2\/3&#8243; column_top_ontablet=&#8221;yes&#8221; column_top_onmobile=&#8221;yes&#8221; offset=&#8221;vc_col-md-offset-0 vc_col-md-8&#8243; responsive_css=&#8221;margin_bottom_medium:0px&#8221; css=&#8221;.vc_custom_1610729062932{margin-bottom: 35px !important;}&#8221;]<style>.ld_content_box_69e1d88a6681d .lqd-fb-content-title{font-weight:700 !important;}.ld_content_box_69e1d88a6681d .lqd-fb-bg{background:-webkit-linear-gradient(180deg, rgba(255, 255, 255, 0) 0%, rgba(24, 27, 49, 0.6) 100%);background:linear-gradient(180deg, rgba(255, 255, 255, 0) 0%, rgba(24, 27, 49, 0.6) 100%);}<\/style><div id=\"ld_content_box_69e1d88a6681d\" class=\"lqd-fb lqd-fb-style-1 lqd-fb-style-1-3 round pos-rel overflow-hidden lqd-fb-zoom-img-onhover h-pt-60 ld_content_box_69e1d88a6681d\" data-inview=\"true\">\n\t<div class=\"lqd-fb-inner lqd-overlay\">\n\n\t\t<div class=\"lqd-fb-img lqd-overlay overflow-hidden\">\n\n\t\t<figure data-responsive-bg=\"true\"><img decoding=\"async\" width=\"1024\" height=\"672\" data-src=\"https:\/\/profdrercangurses.com\/wp-content\/uploads\/2022\/10\/prof-dr-ercan-gurses-agri-pili.jpg\" class=\"w-100 invisible lazyload\" alt=\"\" data-srcset=\"https:\/\/profdrercangurses.com\/wp-content\/uploads\/2022\/10\/prof-dr-ercan-gurses-agri-pili.jpg 1024w, https:\/\/profdrercangurses.com\/wp-content\/uploads\/2022\/10\/prof-dr-ercan-gurses-agri-pili-300x197.jpg 300w\" data-sizes=\"(max-width: 1024px) 100vw, 1024px\" itemprop=\"image\" title=\"\" src=\"data:image\/svg+xml;base64,PHN2ZyB3aWR0aD0iMSIgaGVpZ2h0PSIxIiB4bWxucz0iaHR0cDovL3d3dy53My5vcmcvMjAwMC9zdmciPjwvc3ZnPg==\" style=\"--smush-placeholder-width: 1024px; --smush-placeholder-aspect-ratio: 1024\/672;\"><\/figure>\t\t\n\t\t<\/div>\n\n\t\t<div class=\"lqd-fb-content lqd-overlay align-items-end\">\n\t\t\t<div class=\"lqd-fb-bg lqd-overlay\"><\/div>\n\t\t\t<div class=\"lqd-fb-hover-overlay lqd-overlay\"><\/div>\n\t\t\t<div class=\"lqd-fb-content-inner d-flex flex-column justify-content-end pos-rel h-100 w-100 w-md-75 p-4 p-md-8\">\n\t\t\t\t\n\t\t\t\t\t\t\t\t\n\t\t\t\t<div\n\t\t\t\tclass=\"lqd-fb-content-bottom mt-auto\"\n\t\t\t\tdata-custom-animations=\"true\"\n\t\t\t\tdata-ca-options='{ \"triggerHandler\": \"inview\", \"animationTarget\": \"all-childs\", \"duration\": 1200, \"delay\": 120,  \"startDelay\": 300, \"initValues\": { \"y\": 30, \"opacity\": 0 }, \"animations\": { \"y\": 0, \"opacity\": 1 } }'>\n\t\t\t\t\t\n\t\t\t\t\t\t\t\t\t\t<h2\t\t\t\t\tclass=\"lqd-fb-content-title my-0 mb-3\"\n\t\t\t\t\tdata-split-text=\"true\" data-split-options='{ \"type\": \"lines\" }'>Onur\u011fa beyni batareyas\u0131 terapiyas\u0131 (ONUR\u011eU KOYUNUN ST\u0130MULYAS\u0130YASI)\t\t\t\t\t<\/h2>\n\t\t\t\t\t\t\t\t\t\t\n\t\t\t\t\t\n\t\t\t\t\t\t\t\t\t\t<p\n\t\t\t\t\tclass=\"my-0 mb-5\"\n\t\t\t\t\tdata-split-text=\"true\" data-split-options='{ \"type\": \"lines\" }'>Onur\u011fa iliyi kardiostimulyatorlar\u0131 40 ild\u0259n art\u0131qd\u0131r ki, xroniki a\u011fr\u0131 v\u0259 h\u0259r\u0259k\u0259t poz\u011funluqlar\u0131n\u0131n m\u00fcalic\u0259sind\u0259 u\u011furla istifad\u0259 olunur.<\/p>\n\t\t\t\t\t\n\t\t\t\t\t\n\t\t\t\t<\/div>\n\t\t\t\t\n\t\t\t<\/div>\n\t\t<\/div>\n\n\t<\/div>\n<\/div>\n[vc_separator color=&#8221;custom&#8221; accent_color=&#8221;rgba(0,0,0,0.1)&#8221; css=&#8221;.vc_custom_1608195050020{margin-top: 10px !important;}&#8221;][vc_column_text]<\/p>\n<h2>Onur\u011fa beyni batareyas\u0131 terapiyas\u0131 (ONUR\u011eU KOYUNUN ST\u0130MULYAS\u0130YASI)<\/h2>\n<p>\u0130nki\u015faf etmi\u015f onur\u011fa beyni iflici; Bu, onur\u011fa iliyinin a\u011f madd\u0259sind\u0259 neyron \u00f6t\u00fcr\u00fclm\u0259si d\u00f6vr\u0259l\u0259rinin yerli pozulmas\u0131 v\u0259 n\u0259tic\u0259d\u0259 z\u0259d\u0259l\u0259nmi\u015f yerin alt\u0131ndak\u0131 iflic v\u0259 ya iflicdir. Kliniki motor funksiyalar\u0131 tamamil\u0259 itmi\u015f x\u0259st\u0259l\u0259rd\u0259 standart fiziki terapiya v\u0259 reabilitasiya t\u0259cr\u00fcb\u0259l\u0259rinin effektivliyi son d\u0259r\u0259c\u0259 m\u0259hduddur v\u0259 bu \u00fcsullarla m\u00fcst\u0259qil yeri\u015f v\u0259 ya k\u00f6n\u00fcll\u00fc h\u0259r\u0259k\u0259tl\u0259r\u0259 n\u0259zar\u0259t etm\u0259k m\u00fcmk\u00fcn deyil. \u00dcmumi yana\u015fma; Bu x\u0259st\u0259l\u0259rd\u0259 inki\u015faf ed\u0259n ikincili a\u011f\u0131rla\u015fmalar\u0131n qar\u015f\u0131s\u0131n\u0131n al\u0131nmas\u0131 v\u0259 m\u00fcalic\u0259si m\u0259qs\u0259di da\u015f\u0131y\u0131r. Bu x\u0259st\u0259l\u0259rin \u0259ks\u0259riyy\u0259ti motor funksiyalar\u0131n\u0131 b\u0259rpa ed\u0259 bilmir v\u0259 bir g\u00fcn yenid\u0259n k\u00f6n\u00fcll\u00fc h\u0259r\u0259k\u0259tl\u0259r ed\u0259 bil\u0259c\u0259kl\u0259ri \u00fcmidi il\u0259 h\u0259yatlar\u0131n\u0131 ya\u015fay\u0131rlar. Bug\u00fcnk\u00fc m\u00fcalic\u0259; Bu, z\u0259d\u0259d\u0259n sonra toxunulmaz qalan onur\u011fa anatomik strukturlar\u0131 vasit\u0259sil\u0259 z\u0259d\u0259l\u0259nmi\u015f \u0259razid\u0259 ke\u00e7iriciliyin v\u0259 ya yenid\u0259n t\u0259\u015fkilin yenid\u0259n ba\u015flamas\u0131na diqq\u0259t yetirir.     &nbsp;<\/p>\n<p>&nbsp;<\/p>\n<p><strong>Boz madd\u0259nin i\u00e7\u0259risind\u0259 olan motor neyronlar\u0131n\u0131n v\u0259 interneyron \u00f6t\u00fcr\u00fcc\u00fc \u015f\u0259b\u0259k\u0259sinin \u0259ks\u0259riyy\u0259ti b\u00fct\u00f6v \u015f\u0259kild\u0259 sa\u011f qald\u0131.<\/strong> Lezyon yerinin alt\u0131ndak\u0131 neyronlara v\u0259 ke\u00e7irici d\u00f6vr\u0259l\u0259r\u0259 ziyan vurduqdan sonra bir s\u0131ra fizioloji, biokimy\u0259vi v\u0259 h\u00fcceyr\u0259 d\u0259yi\u015fiklikl\u0259ri inki\u015faf edir. Sinaptik reorqanizasiya Transmembran reseptorlar\u0131nda v\u0259 onur\u011fa beyni elementl\u0259rinin yaratd\u0131\u011f\u0131 neyron \u00f6t\u00fcr\u00fcc\u00fc \u015f\u0259b\u0259k\u0259d\u0259 s\u00fcr\u0259tli yenil\u0259nm\u0259 prosesi inki\u015faf edir; Travmadan sonra propriospinal sinir siqnal\u0131n\u0131n \u00f6t\u00fcr\u00fclm\u0259 qabiliyy\u0259ti, sensor siqnallar\u0131n i\u015fl\u0259nm\u0259si, motor h\u0259r\u0259k\u0259tinin yenid\u0259n inki\u015faf\u0131, f\u0259aliyy\u0259tl\u0259 \u0259laq\u0259li yenid\u0259n daralma qabiliyy\u0259ti canl\u0131d\u0131r Onur\u011fa iliyi kardiostimulyatorlar\u0131 40 ild\u0259n art\u0131qd\u0131r ki, xroniki a\u011fr\u0131 v\u0259 h\u0259r\u0259k\u0259t poz\u011funluqlar\u0131n\u0131n m\u00fcalic\u0259sind\u0259 u\u011furla istifad\u0259 olunur. Batareyalar; Onur\u011fa iliyinin z\u0259d\u0259l\u0259nm\u0259si hallar\u0131nda, lezyon sah\u0259sinin alt\u0131ndak\u0131 b\u00fct\u00f6v neyron \u00f6t\u00fcr\u00fcc\u00fc \u015f\u0259b\u0259k\u0259d\u0259n istifad\u0259 ed\u0259r\u0259k k\u00f6n\u00fcll\u00fc motor h\u0259r\u0259k\u0259tl\u0259rini yenid\u0259n ba\u015flada bil\u0259r.   &nbsp;<\/p>\n<h2>Onur\u011fa beyni batareyas\u0131 (ONUR\u011eU ST\u0130MULAT\u00d6R\u00dc) F\u0259aliyy\u0259t Mexanizmi<\/h2>\n<p>&nbsp; Onur\u011fa beyninin arxa hiss\u0259sinin stimulla\u015fd\u0131r\u0131lmas\u0131 posterior k\u00f6kl\u0259rd\u0259 yerl\u0259\u015f\u0259n orta v\u0259 b\u00f6y\u00fck diametrli sensor sinir lifl\u0259rini aktivl\u0259\u015fdirir. Bu stimullar trans-sinaptik yollar vasit\u0259sil\u0259 yan\u011f\u0131n refleksi v\u0259 interneyron d\u00f6vr\u0259l\u0259ri, stimullar\u0131 t\u0259nziml\u0259yir v\u0259 motor neyron stimulla\u015fd\u0131r\u0131lmas\u0131n\u0131 ba\u015flat\u0131r, bel\u0259likl\u0259 daralma v\u0259 rahatlama h\u0259r\u0259k\u0259tl\u0259ri \u00e7oxsayl\u0131 \u0259z\u0259l\u0259 qruplar\u0131nda neyron d\u00f6vr\u0259l\u0259rin t\u0259\u015fkili il\u0259 ba\u015f verir. K\u00f6n\u00fcll\u00fc sinir d\u00f6vr\u0259l\u0259ri onur\u011fa beyni batareyalar\u0131 il\u0259 m\u00fcvafiq tezlik diapazonlar\u0131nda t\u0259tbiq edil\u0259n tonik stimulla\u015fd\u0131rma il\u0259 aktivl\u0259\u015fdirilir v\u0259 bir \u00e7ox s\u0259viyy\u0259l\u0259rd\u0259 stimulla\u015fd\u0131r\u0131lan onur\u011fa refleksl\u0259ri koordinasiya edil\u0259 bil\u0259r. D\u00fczg\u00fcn t\u0259nziml\u0259nmi\u015f tezlik diapazonlar\u0131nda batareyalar ayaqlarda ritmik h\u0259r\u0259k\u0259t reaksiyas\u0131 yarad\u0131r. G\u00f6st\u0259rilmi\u015fdir ki, tam iflic olmu\u015f k\u00f6n\u00fcll\u00fc x\u0259st\u0259l\u0259rd\u0259, h\u0259tta m\u00f6vqe siqnallar\u0131 v\u0259 beyin siqnallar\u0131 olmad\u0131qda bel\u0259, uzanm\u0131\u015f v\u0259ziyy\u0259td\u0259 k\u00f6n\u00fcll\u00fc h\u0259r\u0259k\u0259tl\u0259r\u0259 ba\u015flamaq olar. EMG (elektromioqrafiya) t\u0259r\u0259find\u0259n g\u00f6st\u0259rilmi\u015fdir ki, bu stimulla\u015fd\u0131rmalar m\u00fcvafiq stimulla\u015fd\u0131rma tezlikl\u0259rind\u0259 ritmik \u0259yilm\u0259\/uzatma h\u0259r\u0259k\u0259tl\u0259rin\u0259 ba\u015flay\u0131r. M\u00fc\u0259yy\u0259n edilib ki, akkumulyator terapiyas\u0131 robot reabilitasiya il\u0259 birlikd\u0259 t\u0259tbiq edildikd\u0259, x\u0259st\u0259l\u0259r robotla aktiv \u015f\u0259kild\u0259 yeriy\u0259 bilirl\u0259r, lakin onlar\u0131n m\u00fcst\u0259qil yerim\u0259si uzun m\u00fcdd\u0259t t\u0259l\u0259b edir. Robot reabilitasiya zaman\u0131 b\u0259d\u0259n \u00e7\u0259kisinin t\u0259dric\u0259n art\u0131r\u0131lmas\u0131 x\u0259st\u0259l\u0259r\u0259 minimal d\u0259st\u0259kl\u0259 yerim\u0259y\u0259 imkan vers\u0259 d\u0259, akkumulyator olmadan t\u0259kba\u015f\u0131na robot reabilitasiyas\u0131n\u0131n x\u0259st\u0259d\u0259 k\u00f6n\u00fcll\u00fc h\u0259r\u0259k\u0259tl\u0259r\u0259 ba\u015flaya bilm\u0259y\u0259c\u0259yi g\u00f6st\u0259rilmi\u015fdir. Yekun olaraq; Onur\u011fa beyni stimulla\u015fd\u0131r\u0131lmas\u0131na cavab olaraq, insan onur\u011fa beyni m\u00fcvafiq stimulla\u015fd\u0131rma proqramlar\u0131nda ritmik \u0259yilm\u0259\/uzatma h\u0259r\u0259k\u0259tl\u0259rin\u0259 ba\u015flaya bil\u0259r, tam b\u0259d\u0259n \u00e7\u0259kisi olan x\u0259st\u0259l\u0259rd\u0259 g\u00fccl\u00fc uzatma h\u0259r\u0259k\u0259tl\u0259ri \u0259ld\u0259 edil\u0259 bil\u0259r v\u0259 x\u0259st\u0259 dayana bil\u0259r; T\u0259kc\u0259 onur\u011fa beyni stimulyatoru tonik stimulla\u015fd\u0131rma il\u0259 d\u0259st\u0259k olmadan yerim\u0259 h\u0259r\u0259k\u0259tin\u0259 ba\u015flaya bilm\u0259z. Ayaqlardan g\u0259l\u0259n h\u0259ssas t\u0259krar siqnallar; G\u0259zinti zaman\u0131 refleks d\u00f6vr\u0259l\u0259r vasit\u0259sil\u0259 onur\u011fa motor neyron hovuzunun koordinasiyas\u0131n\u0131 v\u0259 aktivl\u0259\u015fdirilm\u0259sini t\u0259nziml\u0259yir. Buna g\u00f6r\u0259 d\u0259, onur\u011fa beyni stimulla\u015fd\u0131r\u0131lmas\u0131 alan x\u0259st\u0259l\u0259rd\u0259 proprioseptiv stimulla\u015fd\u0131rman\u0131n davam\u0131n\u0131 t\u0259min etm\u0259k \u00fc\u00e7\u00fcn robotik reabilitasiya son d\u0259r\u0259c\u0259 vacibdir.            &nbsp; Yenid\u0259n proqramla\u015fd\u0131rma onur\u011fa beyni stimulyatorlar\u0131 il\u0259 x\u0259st\u0259y\u0259 veril\u0259n nevroloji n\u0259tic\u0259l\u0259r\u0259 uy\u011fun olaraq apar\u0131lmal\u0131d\u0131r. Onur\u011fa beyni stimulyatoru h\u0259r bir x\u0259st\u0259 \u00fc\u00e7\u00fcn x\u00fcsusi olaraq yerl\u0259\u015fdirilir v\u0259 proqramla\u015fd\u0131r\u0131l\u0131r. T\u0259tbiq zaman\u0131 istifad\u0259 edil\u0259c\u0259k elektrodlar\u0131n say\u0131 v\u0259 stimulyatorun n\u00f6v\u00fc x\u0259st\u0259y\u0259 uy\u011fun se\u00e7ilm\u0259lidir. M\u00fcalic\u0259 \u00fc\u00e7\u00fcn yerl\u0259\u015fdirm\u0259 v\u0259 \u0259m\u0259liyyat kifay\u0259t deyil. X\u0259st\u0259 m\u00fcvafiq fasil\u0259l\u0259rl\u0259 m\u00fc\u015fahid\u0259 olunmal\u0131, reabilitasiya m\u00fcalic\u0259sini fasil\u0259siz davam etdirm\u0259li, laz\u0131mi proqram \u0259lav\u0259l\u0259ri edilm\u0259lidir. Onur\u011fa beyni stimulla\u015fd\u0131r\u0131lmas\u0131; N\u0259tic\u0259sin\u0259 z\u0259man\u0259t veril\u0259 bil\u0259n bir m\u00fcalic\u0259 \u00fcsulu deyil. T\u0259tbiql\u0259rin say\u0131n\u0131n artmas\u0131 il\u0259 paralel olaraq t\u0259cr\u00fcb\u0259, bilik v\u0259 texnoloji ir\u0259lil\u0259yi\u015fl\u0259rl\u0259 m\u00fcv\u0259ff\u0259qiyy\u0259t nisb\u0259ti t\u0259dric\u0259n art\u0131r. Tam k\u0259sikli x\u0259st\u0259l\u0259rd\u0259 istifad\u0259si il\u0259 ba\u011fl\u0131 m\u00fcv\u0259ff\u0259qiyy\u0259t d\u0259r\u0259c\u0259l\u0259ri olduqca a\u015fa\u011f\u0131d\u0131r.       &nbsp;<\/p>\n<p>&nbsp;<\/p>\n<p>&nbsp;<\/p>\n<p><strong><u>ONUR\u011eU ST\u0130MULAT\u00d6R\u00dcN\u00dcN T\u018fTB\u0130Q M\u018fQS\u018fDL\u018fR\u0130:<\/u><\/strong><\/p>\n<ul>\n<li><strong>Artan simpatik aktivliy\u0259 g\u00f6r\u0259 qan d\u00f6vran\u0131 poz\u011funluqlar\u0131n\u0131n aradan qald\u0131r\u0131lmas\u0131, z\u0259d\u0259l\u0259nm\u0259 s\u0259viyy\u0259sind\u0259n as\u0131l\u0131 olaraq onur\u011fa beynind\u0259 v\u0259 b\u0259d\u0259n hiss\u0259l\u0259rind\u0259 qan d\u00f6vran\u0131n\u0131n maksimuma \u00e7atd\u0131r\u0131lmas\u0131.<\/strong><\/li>\n<li><strong>Onur\u011fa beyni qan d\u00f6vran\u0131n\u0131 art\u0131raraq sinir z\u0259d\u0259l\u0259nm\u0259sinin b\u0259rpas\u0131 prosesinin ba\u015flanmas\u0131<\/strong><\/li>\n<li><strong>N\u0259zar\u0259t olunmayan elektrik impulslar\u0131 s\u0259b\u0259bind\u0259n qeyri-iradi h\u0259r\u0259k\u0259tl\u0259rin t\u0259nziml\u0259nm\u0259si<\/strong><\/li>\n<li><strong>T\u0259sir\u0259 m\u0259ruz qalan b\u0259d\u0259n b\u00f6lg\u0259l\u0259rind\u0259 qan d\u00f6vran\u0131n\u0131 art\u0131rmaqla t\u0259zyiq yaralar\u0131n\u0131n m\u00fcalic\u0259si v\u0259 \u0259z\u0259l\u0259 atrofiyas\u0131n\u0131n qar\u015f\u0131s\u0131n\u0131n al\u0131nmas\u0131<\/strong><\/li>\n<li><strong>M\u0259cburi sidik s\u0131zmas\u0131n\u0131n qar\u015f\u0131s\u0131n\u0131n al\u0131nmas\u0131<\/strong><\/li>\n<li><strong>M\u0259cburi n\u0259cis s\u0131zmas\u0131n\u0131n qar\u015f\u0131s\u0131n\u0131n al\u0131nmas\u0131<\/strong><\/li>\n<li><strong>Sinir z\u0259d\u0259l\u0259nm\u0259si n\u0259tic\u0259sind\u0259 yaranan n\u00f6ropatik a\u011fr\u0131lar\u0131n m\u00fcalic\u0259si<\/strong><\/li>\n<li><strong>Onur\u011fa beyni z\u0259d\u0259sinin b\u0259rpas\u0131 prosesind\u0259 b\u00fct\u00f6v onur\u011fa beyni sinir strukturlar\u0131na m\u00fcvafiq elektrik d\u0259st\u0259yinin t\u0259min edilm\u0259si.<\/strong><\/li>\n<li><strong>K\u00f6n\u00fcll\u00fc h\u0259r\u0259k\u0259tl\u0259rin b\u0259rpas\u0131 v\u0259 g\u00fccl\u0259ndirilm\u0259si<\/strong><\/li>\n<\/ul>\n<p>&nbsp;<\/p>\n<h2><span style=\"color: #ff0000;\"><strong><u>D\u0130Q<\/u><u>Q\u018fT<\/u><u> !!!<\/u><\/strong><\/span><\/h2>\n<p><strong><u> <\/u><\/strong><\/p>\n<p><strong><u>ONURU\u011eUN ST\u0130MULYAS\u0130YA TERAP\u0130YASI N\u018fT\u0130C\u018fL\u018fR\u018f Z\u018fMAN\u018fT ED\u018f B\u0130L\u018fN M\u00dcAL\u0130C\u018f \u00dcSULU DEY\u0130L.<\/u><\/strong><\/p>\n<p><strong><u>HE\u00c7 B\u0130R X\u018fST\u018f BA\u015eQA X\u018fST\u018f \u00dc\u00c7\u00dcN M\u00dcSB\u018fT V\u018f M\u018fNF\u0130 N\u00dcMUN\u018f QOYMAMI\u015eDIR.<\/u><\/strong><\/p>\n<p><strong><u>H\u018fR X\u018fST\u018fN\u0130N M\u00dcAL\u0130C\u018f PROSES\u0130 V\u018f N\u018fT\u0130C\u018fL\u018fR\u0130 H\u018fM\u0130N X\u018fST\u018f \u00dc\u00c7\u00dcN X\u00dcSUS\u0130D\u0130R.<\/u><\/strong><\/p>\n<p><strong><u>M\u00dcAL\u0130C\u018fN\u0130N U\u011eURLU OLUNMASINDA M\u018fYY\u018fL\u0130 OLAN ONUR\u011eU KOYUNUN QALAN QORUNMA S\u018fV\u0130YY\u018fS\u0130D\u0130R, Z\u018fD\u018fND\u018fN KE\u00c7\u018fN VAXT DEY\u0130L.<\/u><\/strong><\/p>\n<p><strong><u>F\u0130Z\u0130K\u0130 TERAP\u0130YA V\u018f REAB\u0130L\u0130TAS\u0130YA FAS\u0130LS\u0130Z DAVAM ED\u0130LM\u018fL\u0130D\u0130R.<\/u><\/strong><\/p>\n<p><strong><u>ST\u0130MULATOR PROQRAMLARI ALINAN T\u018fKM\u0130LL\u018fM\u018fY\u018f UY\u011eUN OLARAQ YEN\u0130L\u018fN\u0130LM\u018fL\u0130D\u0130R.<\/u><\/strong><\/p>\n<p><strong><u>H\u018fR X\u018fST\u018f \u00dc\u00c7\u00dcN STANDART M\u00dcAL\u0130C\u018f PROQRAMI YOXDUR.<\/u><\/strong>[\/vc_column_text][\/vc_column][\/vc_row][vc_row][vc_column][\/vc_column][\/vc_row]<\/p>\n","protected":false},"excerpt":{"rendered":"<p>[vc_row css=&#8221;.vc_custom_1622016079265{padding-top: 60px !important;padding-bottom: 60px !important;}&#8221;][vc_column enable_pin=&#8221;enable_pin&#8221; width=&#8221;5\/12&#8243; offset=&#8221;vc_col-md-4&#8243; responsive_css=&#8221;padding_right_medium:7%25&#8243;][vc_row_inner][vc_column_inner responsive_css=&#8221;margin_bottom_medium:45px&#8221; css=&#8221;.vc_custom_1608194013763{margin-bottom: 30px !important;}&#8221;][\/vc_column_inner][vc_column_inner css=&#8221;.vc_custom_1608195737477{margin-bottom: 30px !important;padding-top: 35px !important;padding-right: 20px !important;padding-bottom: 35px !important;padding-left: 20px !important;background-color: #f7f8fa !important;border-radius: 5px !important;}&#8221; responsive_css=&#8221;margin_bottom_medium:45px|padding_right_medium:35px|padding_left_medium:35px&#8221;][\/vc_column_inner][vc_column_inner css=&#8221;.vc_custom_1608195709893{border-top-width: 1px !important;border-right-width: 1px !important;border-bottom-width: 1px !important;border-left-width: 1px !important;padding-top: 20px !important;padding-right: 20px !important;padding-bottom: 20px !important;padding-left: 20px !important;border-left-color: rgba(112,112,112,0.15) !important;border-left-style: solid !important;border-right-color: rgba(112,112,112,0.15) !important;border-right-style: solid !important;border-top-color: [&hellip;]<\/p>\n","protected":false},"author":1,"featured_media":6434,"parent":6941,"menu_order":0,"comment_status":"closed","ping_status":"closed","template":"","meta":{"footnotes":""},"class_list":["post-6898","page","type-page","status-publish","has-post-thumbnail","hentry"],"_links":{"self":[{"href":"https:\/\/profdrercangurses.com\/az\/wp-json\/wp\/v2\/pages\/6898","targetHints":{"allow":["GET"]}}],"collection":[{"href":"https:\/\/profdrercangurses.com\/az\/wp-json\/wp\/v2\/pages"}],"about":[{"href":"https:\/\/profdrercangurses.com\/az\/wp-json\/wp\/v2\/types\/page"}],"author":[{"embeddable":true,"href":"https:\/\/profdrercangurses.com\/az\/wp-json\/wp\/v2\/users\/1"}],"replies":[{"embeddable":true,"href":"https:\/\/profdrercangurses.com\/az\/wp-json\/wp\/v2\/comments?post=6898"}],"version-history":[{"count":2,"href":"https:\/\/profdrercangurses.com\/az\/wp-json\/wp\/v2\/pages\/6898\/revisions"}],"predecessor-version":[{"id":7127,"href":"https:\/\/profdrercangurses.com\/az\/wp-json\/wp\/v2\/pages\/6898\/revisions\/7127"}],"up":[{"embeddable":true,"href":"https:\/\/profdrercangurses.com\/az\/wp-json\/wp\/v2\/pages\/6941"}],"wp:featuredmedia":[{"embeddable":true,"href":"https:\/\/profdrercangurses.com\/az\/wp-json\/wp\/v2\/media\/6434"}],"wp:attachment":[{"href":"https:\/\/profdrercangurses.com\/az\/wp-json\/wp\/v2\/media?parent=6898"}],"curies":[{"name":"wp","href":"https:\/\/api.w.org\/{rel}","templated":true}]}}