{"id":6899,"date":"2021-05-26T07:47:25","date_gmt":"2021-05-26T04:47:25","guid":{"rendered":"https:\/\/profdrercangurses.com\/agrilar\/bas-agrilari\/"},"modified":"2024-11-04T09:46:29","modified_gmt":"2024-11-04T06:46:29","slug":"bas-agrilari","status":"publish","type":"page","link":"https:\/\/profdrercangurses.com\/az\/agrilar\/bas-agrilari\/","title":{"rendered":"Ba\u015f A\u011fr\u0131lar\u0131"},"content":{"rendered":"<p>[vc_row css=&#8221;.vc_custom_1622016079265{padding-top: 60px !important;padding-bottom: 60px !important;}&#8221;][vc_column enable_pin=&#8221;enable_pin&#8221; width=&#8221;5\/12&#8243; offset=&#8221;vc_col-md-4&#8243; responsive_css=&#8221;padding_right_medium:7%25&#8243;][vc_row_inner][vc_column_inner responsive_css=&#8221;margin_bottom_medium:45px&#8221; css=&#8221;.vc_custom_1608194013763{margin-bottom: 30px !important;}&#8221;]<style>.ld_custom_menu_69e935f6ca1fb > ul > li > a{font-size:15px;font-weight:700;letter-spacing:0.01em;color:rgb(51, 51, 51);background:rgb(247, 248, 250);}.ld_custom_menu_69e935f6ca1fb > ul > li:not(:last-child){margin-bottom:3px;}.lqd-stickybar > .lqd-head-col > .header-module > .ld_custom_menu_69e935f6ca1fb li{margin-inline-start:3px;}.ld_custom_menu_69e935f6ca1fb > ul > li > a:hover, .ld_custom_menu_69e935f6ca1fb li.is-active > a{background:rgb(233, 233, 233);}<\/style><div\n\tclass=\"lqd-fancy-menu lqd-custom-menu menu-items-has-fill lqd-menu-td-none ld_custom_menu_69e935f6ca1fb\"\n\t>\n\n<ul id=\"ld_custom_menu_69e935f6ca1fb\" class=\"reset-ul   \" ><li id=\"menu-item-6918\" class=\"menu-item menu-item-type-post_type menu-item-object-page menu-item-6918\"><a href=\"https:\/\/profdrercangurses.com\/az\/agrilar\/arxa-agrisi\/\">Arxa A\u011fr\u0131s\u0131<\/a><\/li>\n<li id=\"menu-item-6919\" class=\"menu-item menu-item-type-post_type menu-item-object-page menu-item-6919\"><a href=\"https:\/\/profdrercangurses.com\/az\/agrilar\/boyun-agrisi\/\">Boyun A\u011fr\u0131s\u0131<\/a><\/li>\n<li id=\"menu-item-6920\" class=\"menu-item menu-item-type-post_type menu-item-object-page menu-item-6920\"><a href=\"https:\/\/profdrercangurses.com\/az\/agrilar\/bel-agrilari\/siyatik-piriformis-%c9%99z%c9%99l%c9%99sin%c9%99-gor%c9%99-bel-agrisi\/\">Siyatik &#8211; Piriformis \u0259z\u0259l\u0259sin\u0259 g\u00f6r\u0259 bel a\u011fr\u0131s\u0131<\/a><\/li>\n<li id=\"menu-item-6921\" class=\"menu-item menu-item-type-post_type menu-item-object-page menu-item-6921\"><a href=\"https:\/\/profdrercangurses.com\/az\/agrilar\/arxa-agrisi\/\">Arxa A\u011fr\u0131s\u0131<\/a><\/li>\n<li id=\"menu-item-5423\" class=\"menu-item menu-item-type-post_type menu-item-object-page menu-item-5423\"><a href=\"https:\/\/profdrercangurses.com\/az\/agrilar\/neyropatik-agri-v%c9%99-nevralji\/\">Neyropatik A\u011fr\u0131 v\u0259 Nevralji<\/a><\/li>\n<li id=\"menu-item-6922\" class=\"menu-item menu-item-type-post_type menu-item-object-page menu-item-6922\"><a href=\"https:\/\/profdrercangurses.com\/az\/agrilar\/qarin-agrilari\/\">Qar\u0131n A\u011fr\u0131lar\u0131<\/a><\/li>\n<li id=\"menu-item-6923\" class=\"menu-item menu-item-type-post_type menu-item-object-page menu-item-6923\"><a href=\"https:\/\/profdrercangurses.com\/az\/agrilar\/x%c9%99rc%c9%99ng-agrilari\/\">X\u0259r\u00e7\u0259ng A\u011fr\u0131lar\u0131<\/a><\/li>\n<li id=\"menu-item-5422\" class=\"menu-item menu-item-type-post_type menu-item-object-page menu-item-5422\"><a href=\"https:\/\/profdrercangurses.com\/az\/agrilar\/fantom-agrilar\/\">Fantom A\u011fr\u0131lar<\/a><\/li>\n<li id=\"menu-item-6924\" class=\"menu-item menu-item-type-post_type menu-item-object-page menu-item-6924\"><a href=\"https:\/\/profdrercangurses.com\/az\/agrilar\/sin%c9%99-agrilari\/\">Sin\u0259 A\u011fr\u0131lar\u0131<\/a><\/li>\n<li id=\"menu-item-5424\" class=\"menu-item menu-item-type-post_type menu-item-object-page menu-item-5424\"><a href=\"https:\/\/profdrercangurses.com\/az\/agrilar\/oynaq-agrilari\/\">Oynaq A\u011fr\u0131lar\u0131<\/a><\/li>\n<li id=\"menu-item-6925\" class=\"menu-item menu-item-type-post_type menu-item-object-page menu-item-6925\"><a href=\"https:\/\/profdrercangurses.com\/az\/agrilar\/bel-agrilari\/siyatik-piriformis-%c9%99z%c9%99l%c9%99sin%c9%99-gor%c9%99-bel-agrisi\/\">Siyatik &#8211; Piriformis \u0259z\u0259l\u0259sin\u0259 g\u00f6r\u0259 bel a\u011fr\u0131s\u0131<\/a><\/li>\n<li id=\"menu-item-6926\" class=\"menu-item menu-item-type-post_type menu-item-object-page menu-item-6926\"><a href=\"https:\/\/profdrercangurses.com\/az\/agrilar\/bel-agrilari\/sakroiliak-agrisi\/\">Sakroiliak A\u011fr\u0131s\u0131<\/a><\/li>\n<\/ul><\/div>[\/vc_column_inner][vc_column_inner css=&#8221;.vc_custom_1608195737477{margin-bottom: 30px !important;padding-top: 35px !important;padding-right: 20px !important;padding-bottom: 35px !important;padding-left: 20px !important;background-color: #f7f8fa !important;border-radius: 5px !important;}&#8221; responsive_css=&#8221;margin_bottom_medium:45px|padding_right_medium:35px|padding_left_medium:35px&#8221;]<style>.ld_fancy_heading_69e935f7033d1 h3 {font-size:19px; } .ld_fancy_heading_69e935f7033d1 h3 {margin-bottom:1.25em !important;  } .ld_fancy_heading_69e935f7033d1 .lqd-highlight-inner{height:0.275em!important;bottom:0px!important;}.ld_fancy_heading_69e935f7033d1 h3 {font-size:19px; } .ld_fancy_heading_69e935f7033d1 h3 {margin-bottom:1.25em !important;  } <\/style><div class=\"ld-fancy-heading ld_fancy_heading_69e935f7033d1\">\n\t<h3 class=\"ld-fh-element lqd-highlight-underline lqd-highlight-grow-left text-decoration-default\"   >  Biziml\u0259 \u0259laq\u0259 saxlay\u0131n<\/h3><\/div><style>.ld_cf7_69e935f70367e input,.ld_cf7_69e935f70367e textarea,.ld_cf7_69e935f70367e .ui-button.ui-selectmenu-button{font-size:15px;}.ld_cf7_69e935f70367e input[type=\"submit\"]{font-size:15px;background:rgb(24, 67, 65);border-color:rgb(24, 67, 65);}.ld_cf7_69e935f70367e input, .ld_cf7_69e935f70367e select, .ld_cf7_69e935f70367e textarea, .ld_cf7_69e935f70367e .ui-button.ui-selectmenu-button{background:rgb(255, 255, 255);}.ld_cf7_69e935f70367e input, .ld_cf7_69e935f70367e select, .ld_cf7_69e935f70367e textarea, .ld_cf7_69e935f70367e .ui-button.ui-selectmenu-button, .ld_cf7_69e935f70367e .wpcf7-form-control-wrap > i, .ld_cf7_69e935f70367e .wpcf7-radio{color:rgb(127, 130, 132);}.ld_cf7_69e935f70367e input:focus, .ld_cf7_69e935f70367e select:focus, .ld_cf7_69e935f70367e textarea:focus, .ld_cf7_69e935f70367e .ui-button.ui-selectmenu-button:hover, .wpcf7-acceptance .wpcf7-list-item-label:after{color:rgb(0, 0, 0);}.ld_cf7_69e935f70367e .wpcf7-form-control-wrap{margin-bottom:10px;}<\/style><div id=\"ld_cf7_69e935f70367e\" class=\"lqd-contact-form lqd-contact-form-inputs-filled lqd-contact-form-inputs-round lqd-contact-form-button-block lqd-contact-form-button-round ld_cf7_69e935f70367e vc_custom_1622015176992\">\n\t\n<div class=\"wpcf7 no-js\" id=\"wpcf7-f74-o1\" lang=\"en-US\" dir=\"ltr\" data-wpcf7-id=\"74\">\n<div class=\"screen-reader-response\"><p role=\"status\" aria-live=\"polite\" aria-atomic=\"true\"><\/p> <ul><\/ul><\/div>\n<form action=\"\/az\/wp-json\/wp\/v2\/pages\/6899#wpcf7-f74-o1\" method=\"post\" class=\"wpcf7-form init\" aria-label=\"Contact form\" novalidate=\"novalidate\" data-status=\"init\">\n<fieldset class=\"hidden-fields-container\"><input type=\"hidden\" name=\"_wpcf7\" value=\"74\" \/><input type=\"hidden\" name=\"_wpcf7_version\" value=\"6.1.5\" \/><input type=\"hidden\" name=\"_wpcf7_locale\" value=\"en_US\" \/><input type=\"hidden\" name=\"_wpcf7_unit_tag\" value=\"wpcf7-f74-o1\" \/><input type=\"hidden\" name=\"_wpcf7_container_post\" value=\"0\" \/><input type=\"hidden\" name=\"_wpcf7_posted_data_hash\" value=\"\" \/><input type=\"hidden\" name=\"_wpcf7_recaptcha_response\" value=\"\" \/>\n<\/fieldset>\n<p><span class=\"wpcf7-form-control-wrap\" data-name=\"text-775\"><input size=\"40\" maxlength=\"400\" class=\"wpcf7-form-control wpcf7-text wpcf7-validates-as-required\" aria-required=\"true\" aria-invalid=\"false\" placeholder=\"Ad\u0131n\u0131z\" value=\"\" type=\"text\" name=\"text-775\" \/><\/span><span class=\"wpcf7-form-control-wrap\" data-name=\"email-550\"><input size=\"40\" maxlength=\"400\" class=\"wpcf7-form-control wpcf7-email wpcf7-validates-as-required wpcf7-text wpcf7-validates-as-email\" aria-required=\"true\" aria-invalid=\"false\" placeholder=\"Email adresiniz\" value=\"\" type=\"email\" name=\"email-550\" \/><\/span><span class=\"wpcf7-form-control-wrap\" data-name=\"textarea-138\"><textarea cols=\"10\" rows=\"4\" maxlength=\"2000\" class=\"wpcf7-form-control wpcf7-textarea wpcf7-validates-as-required\" aria-required=\"true\" aria-invalid=\"false\" placeholder=\"Mesaj\u0131n\u0131z\" name=\"textarea-138\"><\/textarea><\/span><input class=\"wpcf7-form-control wpcf7-submit has-spinner\" type=\"submit\" value=\"G\u00f6nder\" \/>\n<\/p><p style=\"display: none !important;\" class=\"akismet-fields-container\" data-prefix=\"_wpcf7_ak_\"><label>&#916;<textarea name=\"_wpcf7_ak_hp_textarea\" cols=\"45\" rows=\"8\" maxlength=\"100\"><\/textarea><\/label><input type=\"hidden\" id=\"ak_js_1\" name=\"_wpcf7_ak_js\" value=\"41\"\/><script>document.getElementById( \"ak_js_1\" ).setAttribute( \"value\", ( new Date() ).getTime() );<\/script><\/p><div class=\"wpcf7-response-output\" aria-hidden=\"true\"><\/div>\n<\/form>\n<\/div>\n<\/div>[\/vc_column_inner][vc_column_inner css=&#8221;.vc_custom_1608195709893{border-top-width: 1px !important;border-right-width: 1px !important;border-bottom-width: 1px !important;border-left-width: 1px !important;padding-top: 20px !important;padding-right: 20px !important;padding-bottom: 20px !important;padding-left: 20px !important;border-left-color: rgba(112,112,112,0.15) !important;border-left-style: solid !important;border-right-color: rgba(112,112,112,0.15) !important;border-right-style: solid !important;border-top-color: rgba(112,112,112,0.15) !important;border-top-style: solid !important;border-bottom-color: rgba(112,112,112,0.15) !important;border-bottom-style: solid !important;border-radius: 3px !important;}&#8221; responsive_css=&#8221;padding_right_large:35px|padding_left_large:50px|padding_right_medium:15px|padding_left_medium:15px|padding_right_small:10px|padding_left_small:10px&#8221;]<style>.ld_icon_box_69e935f70561b .iconbox-icon-container{color:rgb(38, 176, 95);font-size:20px;width:65px !important;height:65px !important;background:rgba(38, 176, 95, 0.1);border-radius:px;}.ld_icon_box_69e935f70561b .iconbox-icon-container:before{border-color:rgba(38, 176, 95, 0.1);}.ld_icon_box_69e935f70561b .lqd-iconbox-title{color:rgb(160, 160, 160);margin-bottom:1px;font-size:15px;}<\/style>\n<div class=\"iconbox iconbox-side text-align-default align-items-center iconbox-circle ld_icon_box_69e935f70561b vc_custom_1730702783225\" id=\"ld_icon_box_69e935f70561b\"  data-animate-icon=\"true\" data-plugin-options='{\"color\":\"rgb(38, 176, 95)\"}'  >\n\t\n\t\t\t\t\t\n\t\n\t<div class=\"iconbox-icon-wrap\"><span class=\"iconbox-icon-container\"><i class=\"lqd-icn-ess icon-lqd-mobile\"><\/i><\/span><\/div>\t\n\t\t\n\t<div class=\"contents\">\t\n\t\t\n\t<h3 class=\"lqd-iconbox-title font-weight-medium\">\u0130leti\u015fim Bilgisi:<\/h3>\t<p><a href=\"tel:+994 50 5178687\">+994 50 5178687<\/a><\/p>\n\t\t\n\t<\/div>\t\n\t\n<\/div>\n[\/vc_column_inner][\/vc_row_inner][\/vc_column][vc_column width=&#8221;2\/3&#8243; column_top_ontablet=&#8221;yes&#8221; column_top_onmobile=&#8221;yes&#8221; offset=&#8221;vc_col-md-offset-0 vc_col-md-8&#8243; responsive_css=&#8221;margin_bottom_medium:0px&#8221; css=&#8221;.vc_custom_1610729062932{margin-bottom: 35px !important;}&#8221;]<style>.ld_content_box_69e935f70618e .lqd-fb-content-title{font-weight:700 !important;}.ld_content_box_69e935f70618e .lqd-fb-bg{background:-webkit-linear-gradient(180deg, rgba(255, 255, 255, 0) 0%, rgba(24, 27, 49, 0.6) 100%);background:linear-gradient(180deg, rgba(255, 255, 255, 0) 0%, rgba(24, 27, 49, 0.6) 100%);}<\/style><div id=\"ld_content_box_69e935f70618e\" class=\"lqd-fb lqd-fb-style-1 lqd-fb-style-1-3 round pos-rel overflow-hidden lqd-fb-zoom-img-onhover h-pt-60 ld_content_box_69e935f70618e\" data-inview=\"true\">\n\t<div class=\"lqd-fb-inner lqd-overlay\">\n\n\t\t<div class=\"lqd-fb-img lqd-overlay overflow-hidden\">\n\n\t\t<figure data-responsive-bg=\"true\"><img decoding=\"async\" width=\"1080\" height=\"900\" data-src=\"https:\/\/profdrercangurses.com\/wp-content\/uploads\/2021\/12\/basagrilari.jpg\" class=\"w-100 invisible lazyload\" alt=\"\" data-srcset=\"https:\/\/profdrercangurses.com\/wp-content\/uploads\/2021\/12\/basagrilari.jpg 1080w, https:\/\/profdrercangurses.com\/wp-content\/uploads\/2021\/12\/basagrilari-300x250.jpg 300w, https:\/\/profdrercangurses.com\/wp-content\/uploads\/2021\/12\/basagrilari-1024x853.jpg 1024w\" data-sizes=\"(max-width: 1080px) 100vw, 1080px\" itemprop=\"image\" title=\"\" src=\"data:image\/svg+xml;base64,PHN2ZyB3aWR0aD0iMSIgaGVpZ2h0PSIxIiB4bWxucz0iaHR0cDovL3d3dy53My5vcmcvMjAwMC9zdmciPjwvc3ZnPg==\" style=\"--smush-placeholder-width: 1080px; --smush-placeholder-aspect-ratio: 1080\/900;\"><\/figure>\t\t\n\t\t<\/div>\n\n\t\t<div class=\"lqd-fb-content lqd-overlay align-items-end\">\n\t\t\t<div class=\"lqd-fb-bg lqd-overlay\"><\/div>\n\t\t\t<div class=\"lqd-fb-hover-overlay lqd-overlay\"><\/div>\n\t\t\t<div class=\"lqd-fb-content-inner d-flex flex-column justify-content-end pos-rel h-100 w-100 w-md-75 p-4 p-md-8\">\n\t\t\t\t\n\t\t\t\t\t\t\t\t\n\t\t\t\t<div\n\t\t\t\tclass=\"lqd-fb-content-bottom mt-auto\"\n\t\t\t\tdata-custom-animations=\"true\"\n\t\t\t\tdata-ca-options='{ \"triggerHandler\": \"inview\", \"animationTarget\": \"all-childs\", \"duration\": 1200, \"delay\": 120,  \"startDelay\": 300, \"initValues\": { \"y\": 30, \"opacity\": 0 }, \"animations\": { \"y\": 0, \"opacity\": 1 } }'>\n\t\t\t\t\t\n\t\t\t\t\t\t\t\t\t\t<h2\t\t\t\t\tclass=\"lqd-fb-content-title my-0 mb-3\"\n\t\t\t\t\tdata-split-text=\"true\" data-split-options='{ \"type\": \"lines\" }'>Ba\u015f A\u011fr\u0131lar\u0131\t\t\t\t\t<\/h2>\n\t\t\t\t\t\t\t\t\t\t\n\t\t\t\t\t\n\t\t\t\t\t\t\t\t\t\t<p\n\t\t\t\t\tclass=\"my-0 mb-5\"\n\t\t\t\t\tdata-split-text=\"true\" data-split-options='{ \"type\": \"lines\" }'>D\u00fcnyada \u0259n \u00e7ox yay\u0131lm\u0131\u015f a\u011fr\u0131 n\u00f6vl\u0259rind\u0259n biri ba\u015f a\u011fr\u0131lar\u0131d\u0131r. Dem\u0259k olar ki, h\u0259r bir insan h\u0259yat\u0131 boyu m\u00fcv\u0259qq\u0259ti olaraq ba\u015f a\u011fr\u0131lar\u0131 ya\u015faya bil\u0259r.<\/p>\n\t\t\t\t\t\n\t\t\t\t\t\n\t\t\t\t<\/div>\n\t\t\t\t\n\t\t\t<\/div>\n\t\t<\/div>\n\n\t<\/div>\n<\/div>\n[vc_column_text]Xroniki ba\u015f a\u011fr\u0131lar\u0131 x\u0259st\u0259l\u0259rin h\u0259yat keyfiyy\u0259tini ciddi \u015f\u0259kild\u0259 azald\u0131r. T\u00fcrk Nevrologiya D\u0259rn\u0259yinin payla\u015fd\u0131\u011f\u0131 statistikaya g\u00f6r\u0259;<\/p>\n<ul>\n<li>C\u0259miyy\u0259td\u0259 ba\u015f a\u011fr\u0131s\u0131ndan \u0259ziyy\u0259t \u00e7\u0259k\u0259n insanlar\u0131n nisb\u0259ti y\u00fczd\u0259 90 olaraq ifad\u0259 edilir.<\/li>\n<li>B\u00fct\u00fcn ba\u015f a\u011fr\u0131s\u0131 hallar\u0131n\u0131n 90 faizi miqren v\u0259 g\u0259rginlik tipli ba\u015f a\u011fr\u0131lar\u0131d\u0131r.<\/li>\n<li>Y\u00fczd\u0259 10-da meydana g\u0259l\u0259n ikinci d\u0259r\u0259c\u0259li ba\u015f a\u011fr\u0131lar\u0131 m\u00fc\u0259yy\u0259n bir x\u0259st\u0259liy\u0259 g\u00f6r\u0259 ba\u015f verir.<\/li>\n<\/ul>\n<p>Bunlardan b\u0259zil\u0259ri; Bunlar serebrovaskulyar poz\u011funluqlar, beyin \u015fi\u015fl\u0259ri, sinir sistemi x\u0259st\u0259likl\u0259ri, g\u00f6z x\u0259st\u0259likl\u0259ri, meningit v\u0259 sin\u00fczit kimi s\u0131ralan\u0131r.<\/p>\n<h2>Ba\u015f a\u011fr\u0131s\u0131na n\u0259 s\u0259b\u0259b olur?<\/h2>\n<p>\u00c7ox vaxt ba\u015f a\u011fr\u0131lar\u0131 ciddi deyil. Yuxusuzluq v\u0259 stress kimi s\u0259b\u0259bl\u0259rd\u0259n yarana bil\u0259r. Ancaq ba\u015f a\u011fr\u0131s\u0131na s\u0259b\u0259b olan m\u00fc\u0259yy\u0259n v\u0259ziyy\u0259tl\u0259r var. Sin\u00fczit, qrip, qulaq infeksiyas\u0131, qulaq, burun bo\u011faz x\u0259st\u0259likl\u0259ri, di\u015f x\u0259st\u0259likl\u0259ri, serebrovaskulyar x\u0259st\u0259likl\u0259r, beyin \u015fi\u015fl\u0259ri, k\u0259ll\u0259-beyin travmalar\u0131, hipertoniya v\u0259 hormonal balanss\u0131zl\u0131q kimi s\u0259b\u0259bl\u0259r d\u0259 ba\u015f a\u011fr\u0131lar\u0131na s\u0259b\u0259b ola bil\u0259r.<\/p>\n<h2>Ba\u015f a\u011fr\u0131lar\u0131 t\u0259hl\u00fck\u0259li ola bil\u0259rmi?<\/h2>\n<p>Ba\u015f a\u011fr\u0131lar\u0131n\u0131n 95%-i miqren v\u0259 ya g\u0259rginlik ba\u015f a\u011fr\u0131lar\u0131d\u0131r. Ancaq b\u0259z\u0259n ba\u015f a\u011fr\u0131lar\u0131 daha b\u00f6y\u00fck probleml\u0259rin ilk \u0259lam\u0259ti olaraq g\u00f6r\u00fcl\u0259 bil\u0259r. Ba\u015f a\u011fr\u0131s\u0131n\u0131n t\u0259hl\u00fck\u0259li ola bil\u0259c\u0259yini g\u00f6st\u0259r\u0259n x\u00fcsusiyy\u0259tl\u0259r a\u015fa\u011f\u0131dak\u0131lard\u0131r:<\/p>\n<ul>\n<li>\u0130lk d\u0259f\u0259 ya\u015fanan \u00e7ox \u015fidd\u0259tli ba\u015f a\u011fr\u0131lar\u0131<\/li>\n<li>Ani ba\u015flayan ba\u015f a\u011fr\u0131lar\u0131<\/li>\n<li>\u015eidd\u0259ti v\u0259 tezliyi artma\u011fa meylli ba\u015f a\u011fr\u0131lar\u0131<\/li>\n<li>50 ya\u015fdan yuxar\u0131 x\u0259st\u0259l\u0259rd\u0259; Ba\u015f\u0131n z\u0259d\u0259l\u0259nm\u0259sind\u0259n sonra ba\u015flayan ba\u015f a\u011fr\u0131lar\u0131<\/li>\n<li>X\u0259r\u00e7\u0259ng x\u0259st\u0259l\u0259rind\u0259 yeni ba\u015f a\u011fr\u0131lar\u0131<\/li>\n<li>\u00d6sk\u00fcr\u0259k v\u0259 g\u0259rginlik kimi h\u0259r\u0259k\u0259tl\u0259rl\u0259 ba\u015f ver\u0259n ba\u015f a\u011fr\u0131lar\u0131<\/li>\n<li>Cinsi \u0259laq\u0259d\u0259n sonra ba\u015f a\u011fr\u0131lar\u0131<\/li>\n<li>M\u00fcalic\u0259l\u0259rin n\u0259tic\u0259 verm\u0259diyi ba\u015f a\u011fr\u0131lar\u0131<\/li>\n<\/ul>\n<h2>Ba\u015f a\u011fr\u0131lar\u0131n\u0131n n\u00f6vl\u0259ri<\/h2>\n<p>Stress, yor\u011funluq, yuxusuzluq, m\u00fcxt\u0259lif x\u0259st\u0259likl\u0259rin \u0259lam\u0259ti olan ikinci d\u0259r\u0259c\u0259li ba\u015f a\u011fr\u0131lar\u0131 kimi s\u0259b\u0259bl\u0259rd\u0259n m\u00fcv\u0259qq\u0259ti olaraq yaranan ba\u015f a\u011fr\u0131lar\u0131n\u0131 bir k\u0259nara qoysaq, \u0259sas ba\u015f a\u011fr\u0131lar\u0131n\u0131 3 \u0259sas sinifd\u0259 n\u0259z\u0259rd\u0259n ke\u00e7ir\u0259 bil\u0259rik:<\/p>\n<ul>\n<li>Migren<\/li>\n<li>G\u0259rginlik tipi ba\u015f a\u011fr\u0131s\u0131<\/li>\n<li>Klaster Ba\u015f A\u011fr\u0131s\u0131<\/li>\n<\/ul>\n<h2>Migren n\u0259dir?<\/h2>\n<p>Qad\u0131nlarda ki\u015fil\u0259r\u0259 nisb\u0259t\u0259n daha \u00e7ox rast g\u0259lin\u0259n miqrenl\u0259r, daha \u00e7ox 30-40 ya\u015f aras\u0131nda ba\u015f ver\u0259n \u015fidd\u0259tli a\u011fr\u0131lard\u0131r. Migren insan\u0131n g\u00fcnd\u0259lik f\u0259aliyy\u0259tini pozur; A\u011fr\u0131 h\u00fccumlar\u0131 s\u0131xla\u015fd\u0131qca sosial h\u0259yatda v\u0259 i\u015f q\u00fcvv\u0259sind\u0259 itkil\u0259r artma\u011fa ba\u015flay\u0131r. 4-72 saat davam ed\u0259n ataklarda meydana g\u0259l\u0259n miqrend\u0259 a\u011fr\u0131 ad\u0259t\u0259n \u00e7\u0131rp\u0131nt\u0131 v\u0259 ya pulsasiya \u015f\u0259klind\u0259 hiss olunur v\u0259 ad\u0259t\u0259n ba\u015f\u0131n bir t\u0259r\u0259fini t\u0259sir edir. Ba\u015f a\u011fr\u0131s\u0131; O, h\u0259m\u00e7inin \u00fcr\u0259kbulanma, qusma, i\u015f\u0131q v\u0259\/v\u0259 ya s\u0259s\u0259 h\u0259ssasl\u0131q kimi \u015f\u0259rtl\u0259rl\u0259 m\u00fc\u015fayi\u0259t oluna bil\u0259r. X\u0259st\u0259l\u0259r \u00fcmumiyy\u0259tl\u0259 qaranl\u0131q v\u0259 sakit bir m\u00fchitd\u0259 a\u011fr\u0131n\u0131n azalmas\u0131n\u0131 g\u00f6zl\u0259m\u0259y\u0259 \u00fcst\u00fcnl\u00fck verirl\u0259r. B\u0259zi x\u0259st\u0259l\u0259r h\u00fccumdan 5-60 d\u0259qiq\u0259 \u0259vv\u0259l a\u011fr\u0131 hiss ed\u0259 bil\u0259rl\u0259r. Miqren qad\u0131nlar\u0131n 20%-d\u0259, ki\u015fil\u0259rin is\u0259 7%-d\u0259 m\u00fc\u015fahid\u0259 edilir. Migrenin s\u0259b\u0259bi d\u0259qiq bilinm\u0259s\u0259 d\u0259, b\u0259zi ara\u015fd\u0131rmalar i\u015f\u0131\u011f\u0131nda beyind\u0259ki b\u0259zi kimy\u0259vi madd\u0259l\u0259rin d\u0259yi\u015fm\u0259sinin t\u0259sirli oldu\u011fu d\u00fc\u015f\u00fcn\u00fcl\u00fcr. Genetik meylin migren\u0259 t\u0259sirini g\u00f6st\u0259r\u0259n ara\u015fd\u0131rmalar da var. Migreni t\u0259tikl\u0259y\u0259n b\u0259zi faktorlar; \u015fokolad, q\u0259hv\u0259, \u00e7ay, kofeinli s\u0259rinl\u0259\u015fdirici i\u00e7kil\u0259r, q\u0131rm\u0131z\u0131 \u015f\u0259rab, piv\u0259, viski, b\u0259zi antibiotikl\u0259r, antihipertenziv d\u0259rmanlar, do\u011fu\u015fa n\u0259zar\u0259t h\u0259bl\u0259ri, titr\u0259y\u0259n\/parlaq\/fl\u00fcoresan i\u015f\u0131qlar, parlaq g\u00fcn\u0259\u015f i\u015f\u0131\u011f\u0131, \u0259tir, siqaret, stress, depressiya, \u00e7ox\/az yatmaq , Ac qalmaq kimi s\u0131ralana bil\u0259r.<\/p>\n<h2>G\u0259rginlik tipi ba\u015f a\u011fr\u0131s\u0131 n\u0259dir?<\/h2>\n<p>G\u0259rginlik tipli ba\u015f a\u011fr\u0131lar\u0131 \u00e7ox \u015fidd\u0259tli olmasa da, k\u00fct v\u0259 geni\u015f yay\u0131lm\u0131\u015f a\u011fr\u0131lard\u0131r. Ad\u0259t\u0259n g\u00fcnorta saatlar\u0131nda ba\u015f verdiyi m\u00fc\u015fahid\u0259 edilir. Bu, ba\u015f boyunca t\u0259zyiq v\u0259 a\u011f\u0131rl\u0131q hissidir. H\u0259r hans\u0131 bir stressl\u0259 ba\u015flaya bil\u0259r. B\u0259z\u0259n x\u0259st\u0259l\u0259r y\u00fcks\u0259k s\u0259sl\u0259r\u0259 qar\u015f\u0131 d\u00f6z\u00fcms\u00fcz ola bil\u0259rl\u0259r. G\u0259rginlik tipli ba\u015f a\u011fr\u0131s\u0131 miqrend\u0259n f\u0259rqli x\u00fcsusiyy\u0259tl\u0259r\u0259 malikdir. Ad\u0259t\u0259n sin\u0259 nahiy\u0259sind\u0259n ba\u015flay\u0131r v\u0259 ba\u015f\u0131na yay\u0131l\u0131r. G\u0259rginlik v\u0259 stress s\u0259b\u0259bind\u0259n h\u0259m tezliyi, h\u0259m d\u0259 \u015fidd\u0259ti arta bil\u0259r. B\u00fct\u00fcn ba\u015f\u0131 \u0259hat\u0259 ed\u0259 bils\u0259 d\u0259, birt\u0259r\u0259fli olaraq da g\u00f6r\u00fcl\u0259 bil\u0259r. Ba\u015f v\u0259 boyun \u0259z\u0259l\u0259l\u0259rinin dart\u0131lmas\u0131 da g\u0259rginlik ba\u015f a\u011fr\u0131lar\u0131na s\u0259b\u0259b ola bil\u0259r. \u015eidd\u0259tli ba\u015f a\u011fr\u0131lar\u0131 g\u0259rginlik v\u0259 stresd\u0259n qaynaqlan\u0131r.<\/p>\n<h2>Klaster ba\u015f a\u011fr\u0131s\u0131 n\u0259dir?<\/h2>\n<p>Klaster ba\u015f a\u011fr\u0131lar\u0131 bir ne\u00e7\u0259 h\u0259ft\u0259 davam ed\u0259n qruplarda ba\u015f verir v\u0259 \u015fidd\u0259ti olduqca s\u0131xd\u0131r. Klaster ba\u015f a\u011fr\u0131s\u0131n\u0131n tipik simptomlar\u0131: A\u011fr\u0131 yaln\u0131z bir t\u0259r\u0259f\u0259 t\u0259sir edir, a\u011fr\u0131 hiss olunan t\u0259r\u0259fd\u0259 g\u00f6zd\u0259 q\u0131zart\u0131, \u015fi\u015fkinlik v\u0259 ax\u0131nt\u0131 \u0259m\u0259l\u0259 g\u0259lir, burun tutulmas\u0131 v\u0259 burun axmas\u0131, \u00fcz nahiy\u0259sind\u0259 t\u0259rl\u0259m\u0259, g\u00f6z qapaqlar\u0131n\u0131n sallanmas\u0131 il\u0259 m\u00fc\u015fayi\u0259t olunur. Nadir klaster ba\u015f a\u011fr\u0131lar\u0131n\u0131n d\u0259qiq s\u0259b\u0259bi bilinm\u0259s\u0259 d\u0259, hipotalamusda anormall\u0131qlar\u0131n bu x\u0259st\u0259liy\u0259 s\u0259b\u0259b ola bil\u0259c\u0259yi t\u0259xmin edilir. Stress, qidalanma v\u0259 hormonal d\u0259yi\u015fiklikl\u0259r klaster tipli a\u011fr\u0131larda tetikleyici rol oynam\u0131r. Bununla bel\u0259, spirtli i\u00e7ki q\u0259bulunun a\u011fr\u0131lar\u0131 art\u0131ra bil\u0259c\u0259yi g\u00f6r\u00fcn\u00fcr. K\u00fcme ba\u015f a\u011fr\u0131lar\u0131 \u00fcmumiyy\u0259tl\u0259 ki\u015fil\u0259rd\u0259 daha \u00e7ox olur. Ail\u0259d\u0259 klaster ba\u015f a\u011fr\u0131s\u0131 varsa, bu, insan\u0131n x\u0259st\u0259lik riskini art\u0131r\u0131r.<\/p>\n<h2>Ba\u015f a\u011fr\u0131s\u0131n\u0131n diaqnozu v\u0259 diaqnozu<\/h2>\n<p>Ba\u015f a\u011fr\u0131lar\u0131n\u0131n m\u0259nb\u0259yini m\u00fc\u0259yy\u0259n etm\u0259k v\u0259 d\u00fczg\u00fcn diaqnoz qoymaq \u00fc\u00e7\u00fcn x\u0259st\u0259 ilk n\u00f6vb\u0259d\u0259 bu sah\u0259d\u0259 ixtisasla\u015fm\u0131\u015f h\u0259kim\u0259 m\u00fcraci\u0259t etm\u0259lidir. H\u0259kim x\u0259st\u0259y\u0259 veril\u0259n suallar v\u0259 m\u00fcxt\u0259lif m\u00fcayin\u0259 \u00fcsullar\u0131 il\u0259 diaqnoz qoyduqdan sonra m\u00fcalic\u0259 prosesin\u0259 ba\u015flay\u0131r.<\/p>\n<h2>Ba\u015f a\u011fr\u0131s\u0131 nec\u0259 m\u00fcalic\u0259 olunur?<\/h2>\n<p>Ba\u015f a\u011fr\u0131lar\u0131 bu a\u011fr\u0131lar\u0131n n\u00f6v\u00fcn\u0259 v\u0259 \u015fidd\u0259tin\u0259 g\u00f6r\u0259 m\u00fcxt\u0259lif \u00fcsullarla m\u00fcalic\u0259 edil\u0259 bil\u0259r. Ba\u015f a\u011fr\u0131s\u0131n\u0131n m\u00fcalic\u0259si a\u015fa\u011f\u0131dak\u0131 kimidir:<\/p>\n<ul>\n<li>d\u0259rman m\u00fcalic\u0259si,<\/li>\n<li>migren botoksu<\/li>\n<li>Radiotezlik m\u00fcalic\u0259si<\/li>\n<li>Pain Batareya<\/li>\n<li>Psixiatrik d\u0259st\u0259k<\/li>\n<\/ul>\n<p>[\/vc_column_text][vc_separator color=&#8221;custom&#8221; accent_color=&#8221;rgba(0,0,0,0.1)&#8221; css=&#8221;.vc_custom_1608195050020{margin-top: 10px !important;}&#8221;][\/vc_column][\/vc_row][vc_row][vc_column][\/vc_column][\/vc_row]<\/p>\n","protected":false},"excerpt":{"rendered":"<p>[vc_row css=&#8221;.vc_custom_1622016079265{padding-top: 60px !important;padding-bottom: 60px !important;}&#8221;][vc_column enable_pin=&#8221;enable_pin&#8221; width=&#8221;5\/12&#8243; offset=&#8221;vc_col-md-4&#8243; responsive_css=&#8221;padding_right_medium:7%25&#8243;][vc_row_inner][vc_column_inner responsive_css=&#8221;margin_bottom_medium:45px&#8221; css=&#8221;.vc_custom_1608194013763{margin-bottom: 30px !important;}&#8221;][\/vc_column_inner][vc_column_inner css=&#8221;.vc_custom_1608195737477{margin-bottom: 30px !important;padding-top: 35px !important;padding-right: 20px !important;padding-bottom: 35px !important;padding-left: 20px !important;background-color: #f7f8fa !important;border-radius: 5px !important;}&#8221; responsive_css=&#8221;margin_bottom_medium:45px|padding_right_medium:35px|padding_left_medium:35px&#8221;][\/vc_column_inner][vc_column_inner css=&#8221;.vc_custom_1608195709893{border-top-width: 1px !important;border-right-width: 1px !important;border-bottom-width: 1px !important;border-left-width: 1px !important;padding-top: 20px !important;padding-right: 20px !important;padding-bottom: 20px !important;padding-left: 20px !important;border-left-color: rgba(112,112,112,0.15) !important;border-left-style: solid !important;border-right-color: rgba(112,112,112,0.15) !important;border-right-style: solid !important;border-top-color: [&hellip;]<\/p>\n","protected":false},"author":1,"featured_media":0,"parent":6897,"menu_order":0,"comment_status":"closed","ping_status":"closed","template":"","meta":{"footnotes":""},"class_list":["post-6899","page","type-page","status-publish","hentry"],"_links":{"self":[{"href":"https:\/\/profdrercangurses.com\/az\/wp-json\/wp\/v2\/pages\/6899","targetHints":{"allow":["GET"]}}],"collection":[{"href":"https:\/\/profdrercangurses.com\/az\/wp-json\/wp\/v2\/pages"}],"about":[{"href":"https:\/\/profdrercangurses.com\/az\/wp-json\/wp\/v2\/types\/page"}],"author":[{"embeddable":true,"href":"https:\/\/profdrercangurses.com\/az\/wp-json\/wp\/v2\/users\/1"}],"replies":[{"embeddable":true,"href":"https:\/\/profdrercangurses.com\/az\/wp-json\/wp\/v2\/comments?post=6899"}],"version-history":[{"count":1,"href":"https:\/\/profdrercangurses.com\/az\/wp-json\/wp\/v2\/pages\/6899\/revisions"}],"predecessor-version":[{"id":7105,"href":"https:\/\/profdrercangurses.com\/az\/wp-json\/wp\/v2\/pages\/6899\/revisions\/7105"}],"up":[{"embeddable":true,"href":"https:\/\/profdrercangurses.com\/az\/wp-json\/wp\/v2\/pages\/6897"}],"wp:attachment":[{"href":"https:\/\/profdrercangurses.com\/az\/wp-json\/wp\/v2\/media?parent=6899"}],"curies":[{"name":"wp","href":"https:\/\/api.w.org\/{rel}","templated":true}]}}