{"id":6901,"date":"2021-12-20T13:01:04","date_gmt":"2021-12-20T10:01:04","guid":{"rendered":"https:\/\/profdrercangurses.com\/bel-agrilari\/faset-sindromu\/"},"modified":"2024-11-04T09:54:03","modified_gmt":"2024-11-04T06:54:03","slug":"faset-sindromu","status":"publish","type":"page","link":"https:\/\/profdrercangurses.com\/az\/agrilar\/bel-agrilari\/faset-sindromu\/","title":{"rendered":"Faset sindromu"},"content":{"rendered":"<p>[vc_row css=&#8221;.vc_custom_1622016079265{padding-top: 60px !important;padding-bottom: 60px !important;}&#8221;][vc_column enable_pin=&#8221;enable_pin&#8221; width=&#8221;5\/12&#8243; offset=&#8221;vc_col-md-4&#8243; responsive_css=&#8221;padding_right_medium:7%25&#8243;][vc_row_inner][vc_column_inner responsive_css=&#8221;margin_bottom_medium:45px&#8221; css=&#8221;.vc_custom_1608194013763{margin-bottom: 30px !important;}&#8221;]<style>.ld_custom_menu_6a06138b333d4 > ul > li > a{font-size:15px;font-weight:700;letter-spacing:0.01em;color:rgb(51, 51, 51);background:rgb(247, 248, 250);}.ld_custom_menu_6a06138b333d4 > ul > li:not(:last-child){margin-bottom:3px;}.lqd-stickybar > .lqd-head-col > .header-module > .ld_custom_menu_6a06138b333d4 li{margin-inline-start:3px;}.ld_custom_menu_6a06138b333d4 > ul > li > a:hover, .ld_custom_menu_6a06138b333d4 li.is-active > a{background:rgb(233, 233, 233);}<\/style><div\n\tclass=\"lqd-fancy-menu lqd-custom-menu menu-items-has-fill lqd-menu-td-none ld_custom_menu_6a06138b333d4\"\n\t>\n\n<ul id=\"ld_custom_menu_6a06138b333d4\" class=\"reset-ul   \" ><li id=\"menu-item-6918\" class=\"menu-item menu-item-type-post_type menu-item-object-page menu-item-6918\"><a href=\"https:\/\/profdrercangurses.com\/az\/agrilar\/arxa-agrisi\/\">Arxa A\u011fr\u0131s\u0131<\/a><\/li>\n<li id=\"menu-item-6919\" class=\"menu-item menu-item-type-post_type menu-item-object-page menu-item-6919\"><a href=\"https:\/\/profdrercangurses.com\/az\/agrilar\/boyun-agrisi\/\">Boyun A\u011fr\u0131s\u0131<\/a><\/li>\n<li id=\"menu-item-6920\" class=\"menu-item menu-item-type-post_type menu-item-object-page menu-item-6920\"><a href=\"https:\/\/profdrercangurses.com\/az\/agrilar\/bel-agrilari\/siyatik-piriformis-%c9%99z%c9%99l%c9%99sin%c9%99-gor%c9%99-bel-agrisi\/\">Siyatik &#8211; Piriformis \u0259z\u0259l\u0259sin\u0259 g\u00f6r\u0259 bel a\u011fr\u0131s\u0131<\/a><\/li>\n<li id=\"menu-item-6921\" class=\"menu-item menu-item-type-post_type menu-item-object-page menu-item-6921\"><a href=\"https:\/\/profdrercangurses.com\/az\/agrilar\/arxa-agrisi\/\">Arxa A\u011fr\u0131s\u0131<\/a><\/li>\n<li id=\"menu-item-5423\" class=\"menu-item menu-item-type-post_type menu-item-object-page menu-item-5423\"><a href=\"https:\/\/profdrercangurses.com\/az\/agrilar\/neyropatik-agri-v%c9%99-nevralji\/\">Neyropatik A\u011fr\u0131 v\u0259 Nevralji<\/a><\/li>\n<li id=\"menu-item-6922\" class=\"menu-item menu-item-type-post_type menu-item-object-page menu-item-6922\"><a href=\"https:\/\/profdrercangurses.com\/az\/agrilar\/qarin-agrilari\/\">Qar\u0131n A\u011fr\u0131lar\u0131<\/a><\/li>\n<li id=\"menu-item-6923\" class=\"menu-item menu-item-type-post_type menu-item-object-page menu-item-6923\"><a href=\"https:\/\/profdrercangurses.com\/az\/agrilar\/x%c9%99rc%c9%99ng-agrilari\/\">X\u0259r\u00e7\u0259ng A\u011fr\u0131lar\u0131<\/a><\/li>\n<li id=\"menu-item-5422\" class=\"menu-item menu-item-type-post_type menu-item-object-page menu-item-5422\"><a href=\"https:\/\/profdrercangurses.com\/az\/agrilar\/fantom-agrilar\/\">Fantom A\u011fr\u0131lar<\/a><\/li>\n<li id=\"menu-item-6924\" class=\"menu-item menu-item-type-post_type menu-item-object-page menu-item-6924\"><a href=\"https:\/\/profdrercangurses.com\/az\/agrilar\/sin%c9%99-agrilari\/\">Sin\u0259 A\u011fr\u0131lar\u0131<\/a><\/li>\n<li id=\"menu-item-5424\" class=\"menu-item menu-item-type-post_type menu-item-object-page menu-item-5424\"><a href=\"https:\/\/profdrercangurses.com\/az\/agrilar\/oynaq-agrilari\/\">Oynaq A\u011fr\u0131lar\u0131<\/a><\/li>\n<li id=\"menu-item-6925\" class=\"menu-item menu-item-type-post_type menu-item-object-page menu-item-6925\"><a href=\"https:\/\/profdrercangurses.com\/az\/agrilar\/bel-agrilari\/siyatik-piriformis-%c9%99z%c9%99l%c9%99sin%c9%99-gor%c9%99-bel-agrisi\/\">Siyatik &#8211; Piriformis \u0259z\u0259l\u0259sin\u0259 g\u00f6r\u0259 bel a\u011fr\u0131s\u0131<\/a><\/li>\n<li id=\"menu-item-6926\" class=\"menu-item menu-item-type-post_type menu-item-object-page menu-item-6926\"><a href=\"https:\/\/profdrercangurses.com\/az\/agrilar\/bel-agrilari\/sakroiliak-agrisi\/\">Sakroiliak A\u011fr\u0131s\u0131<\/a><\/li>\n<\/ul><\/div>[\/vc_column_inner][vc_column_inner css=&#8221;.vc_custom_1608195737477{margin-bottom: 30px !important;padding-top: 35px !important;padding-right: 20px !important;padding-bottom: 35px !important;padding-left: 20px !important;background-color: #f7f8fa !important;border-radius: 5px !important;}&#8221; responsive_css=&#8221;margin_bottom_medium:45px|padding_right_medium:35px|padding_left_medium:35px&#8221;]<style>.ld_fancy_heading_6a06138b39d23 h3 {font-size:19px; } .ld_fancy_heading_6a06138b39d23 h3 {margin-bottom:1.25em !important;  } .ld_fancy_heading_6a06138b39d23 .lqd-highlight-inner{height:0.275em!important;bottom:0px!important;}.ld_fancy_heading_6a06138b39d23 h3 {font-size:19px; } .ld_fancy_heading_6a06138b39d23 h3 {margin-bottom:1.25em !important;  } <\/style><div class=\"ld-fancy-heading ld_fancy_heading_6a06138b39d23\">\n\t<h3 class=\"ld-fh-element lqd-highlight-underline lqd-highlight-grow-left text-decoration-default\"   >  Biziml\u0259 \u0259laq\u0259 saxlay\u0131n<\/h3><\/div><style>.ld_cf7_6a06138b39f9c input,.ld_cf7_6a06138b39f9c textarea,.ld_cf7_6a06138b39f9c .ui-button.ui-selectmenu-button{font-size:15px;}.ld_cf7_6a06138b39f9c input[type=\"submit\"]{font-size:15px;background:rgb(24, 67, 65);border-color:rgb(24, 67, 65);}.ld_cf7_6a06138b39f9c input, .ld_cf7_6a06138b39f9c select, .ld_cf7_6a06138b39f9c textarea, .ld_cf7_6a06138b39f9c .ui-button.ui-selectmenu-button{background:rgb(255, 255, 255);}.ld_cf7_6a06138b39f9c input, .ld_cf7_6a06138b39f9c select, .ld_cf7_6a06138b39f9c textarea, .ld_cf7_6a06138b39f9c .ui-button.ui-selectmenu-button, .ld_cf7_6a06138b39f9c .wpcf7-form-control-wrap > i, .ld_cf7_6a06138b39f9c .wpcf7-radio{color:rgb(127, 130, 132);}.ld_cf7_6a06138b39f9c input:focus, .ld_cf7_6a06138b39f9c select:focus, .ld_cf7_6a06138b39f9c textarea:focus, .ld_cf7_6a06138b39f9c .ui-button.ui-selectmenu-button:hover, .wpcf7-acceptance .wpcf7-list-item-label:after{color:rgb(0, 0, 0);}.ld_cf7_6a06138b39f9c .wpcf7-form-control-wrap{margin-bottom:10px;}<\/style><div id=\"ld_cf7_6a06138b39f9c\" class=\"lqd-contact-form lqd-contact-form-inputs-filled lqd-contact-form-inputs-round lqd-contact-form-button-block lqd-contact-form-button-round ld_cf7_6a06138b39f9c vc_custom_1622015176992\">\n\t\n<div class=\"wpcf7 no-js\" id=\"wpcf7-f74-o1\" lang=\"en-US\" dir=\"ltr\" data-wpcf7-id=\"74\">\n<div class=\"screen-reader-response\"><p role=\"status\" aria-live=\"polite\" aria-atomic=\"true\"><\/p> <ul><\/ul><\/div>\n<form action=\"\/az\/wp-json\/wp\/v2\/pages\/6901#wpcf7-f74-o1\" method=\"post\" class=\"wpcf7-form init\" aria-label=\"Contact form\" novalidate=\"novalidate\" data-status=\"init\">\n<fieldset class=\"hidden-fields-container\"><input type=\"hidden\" name=\"_wpcf7\" value=\"74\" \/><input type=\"hidden\" name=\"_wpcf7_version\" value=\"6.1.5\" \/><input type=\"hidden\" name=\"_wpcf7_locale\" value=\"en_US\" \/><input type=\"hidden\" name=\"_wpcf7_unit_tag\" value=\"wpcf7-f74-o1\" \/><input type=\"hidden\" name=\"_wpcf7_container_post\" value=\"0\" \/><input type=\"hidden\" name=\"_wpcf7_posted_data_hash\" value=\"\" \/><input type=\"hidden\" name=\"_wpcf7_recaptcha_response\" value=\"\" \/>\n<\/fieldset>\n<p><span class=\"wpcf7-form-control-wrap\" data-name=\"text-775\"><input size=\"40\" maxlength=\"400\" class=\"wpcf7-form-control wpcf7-text wpcf7-validates-as-required\" aria-required=\"true\" aria-invalid=\"false\" placeholder=\"Ad\u0131n\u0131z\" value=\"\" type=\"text\" name=\"text-775\" \/><\/span><span class=\"wpcf7-form-control-wrap\" data-name=\"email-550\"><input size=\"40\" maxlength=\"400\" class=\"wpcf7-form-control wpcf7-email wpcf7-validates-as-required wpcf7-text wpcf7-validates-as-email\" aria-required=\"true\" aria-invalid=\"false\" placeholder=\"Email adresiniz\" value=\"\" type=\"email\" name=\"email-550\" \/><\/span><span class=\"wpcf7-form-control-wrap\" data-name=\"textarea-138\"><textarea cols=\"10\" rows=\"4\" maxlength=\"2000\" class=\"wpcf7-form-control wpcf7-textarea wpcf7-validates-as-required\" aria-required=\"true\" aria-invalid=\"false\" placeholder=\"Mesaj\u0131n\u0131z\" name=\"textarea-138\"><\/textarea><\/span><input class=\"wpcf7-form-control wpcf7-submit has-spinner\" type=\"submit\" value=\"G\u00f6nder\" \/>\n<\/p><p style=\"display: none !important;\" class=\"akismet-fields-container\" data-prefix=\"_wpcf7_ak_\"><label>&#916;<textarea name=\"_wpcf7_ak_hp_textarea\" cols=\"45\" rows=\"8\" maxlength=\"100\"><\/textarea><\/label><input type=\"hidden\" id=\"ak_js_1\" name=\"_wpcf7_ak_js\" value=\"53\"\/><script>document.getElementById( \"ak_js_1\" ).setAttribute( \"value\", ( new Date() ).getTime() );<\/script><\/p><div class=\"wpcf7-response-output\" aria-hidden=\"true\"><\/div>\n<\/form>\n<\/div>\n<\/div>[\/vc_column_inner][vc_column_inner css=&#8221;.vc_custom_1608195709893{border-top-width: 1px !important;border-right-width: 1px !important;border-bottom-width: 1px !important;border-left-width: 1px !important;padding-top: 20px !important;padding-right: 20px !important;padding-bottom: 20px !important;padding-left: 20px !important;border-left-color: rgba(112,112,112,0.15) !important;border-left-style: solid !important;border-right-color: rgba(112,112,112,0.15) !important;border-right-style: solid !important;border-top-color: rgba(112,112,112,0.15) !important;border-top-style: solid !important;border-bottom-color: rgba(112,112,112,0.15) !important;border-bottom-style: solid !important;border-radius: 3px !important;}&#8221; responsive_css=&#8221;padding_right_large:35px|padding_left_large:50px|padding_right_medium:15px|padding_left_medium:15px|padding_right_small:10px|padding_left_small:10px&#8221;]<style>.ld_icon_box_6a06138b3bb11 .iconbox-icon-container{color:rgb(38, 176, 95);font-size:20px;width:65px !important;height:65px !important;background:rgba(38, 176, 95, 0.1);border-radius:px;}.ld_icon_box_6a06138b3bb11 .iconbox-icon-container:before{border-color:rgba(38, 176, 95, 0.1);}.ld_icon_box_6a06138b3bb11 .lqd-iconbox-title{color:rgb(160, 160, 160);margin-bottom:1px;font-size:15px;}<\/style>\n<div class=\"iconbox iconbox-side text-align-default align-items-center iconbox-circle ld_icon_box_6a06138b3bb11 vc_custom_1730703236631\" id=\"ld_icon_box_6a06138b3bb11\"  data-animate-icon=\"true\" data-plugin-options='{\"color\":\"rgb(38, 176, 95)\"}'  >\n\t\n\t\t\t\t\t\n\t\n\t<div class=\"iconbox-icon-wrap\"><span class=\"iconbox-icon-container\"><i class=\"lqd-icn-ess icon-lqd-mobile\"><\/i><\/span><\/div>\t\n\t\t\n\t<div class=\"contents\">\t\n\t\t\n\t<h3 class=\"lqd-iconbox-title font-weight-medium\">\u0130leti\u015fim Bilgisi:<\/h3>\t<p><a href=\"tel:+994 50 5178687\">+994 50 5178687<\/a><\/p>\n\t\t\n\t<\/div>\t\n\t\n<\/div>\n[\/vc_column_inner][\/vc_row_inner][\/vc_column][vc_column width=&#8221;2\/3&#8243; column_top_ontablet=&#8221;yes&#8221; column_top_onmobile=&#8221;yes&#8221; offset=&#8221;vc_col-md-offset-0 vc_col-md-8&#8243; responsive_css=&#8221;margin_bottom_medium:0px&#8221; css=&#8221;.vc_custom_1610729062932{margin-bottom: 35px !important;}&#8221;]<style>.ld_content_box_6a06138b3c46c .lqd-fb-content-title{font-weight:700 !important;}.ld_content_box_6a06138b3c46c .lqd-fb-bg{background:-webkit-linear-gradient(180deg, rgba(255, 255, 255, 0) 0%, rgba(24, 27, 49, 0.6) 100%);background:linear-gradient(180deg, rgba(255, 255, 255, 0) 0%, rgba(24, 27, 49, 0.6) 100%);}<\/style><div id=\"ld_content_box_6a06138b3c46c\" class=\"lqd-fb lqd-fb-style-1 lqd-fb-style-1-3 round pos-rel overflow-hidden lqd-fb-zoom-img-onhover h-pt-60 ld_content_box_6a06138b3c46c\" data-inview=\"true\">\n\t<div class=\"lqd-fb-inner lqd-overlay\">\n\n\t\t<div class=\"lqd-fb-img lqd-overlay overflow-hidden\">\n\n\t\t<figure data-responsive-bg=\"true\"><img decoding=\"async\" width=\"1080\" height=\"900\" data-src=\"https:\/\/profdrercangurses.com\/wp-content\/uploads\/2021\/12\/fasetsendromu.jpg\" class=\"w-100 invisible lazyload\" alt=\"\" data-srcset=\"https:\/\/profdrercangurses.com\/wp-content\/uploads\/2021\/12\/fasetsendromu.jpg 1080w, https:\/\/profdrercangurses.com\/wp-content\/uploads\/2021\/12\/fasetsendromu-300x250.jpg 300w, https:\/\/profdrercangurses.com\/wp-content\/uploads\/2021\/12\/fasetsendromu-1024x853.jpg 1024w\" data-sizes=\"(max-width: 1080px) 100vw, 1080px\" itemprop=\"image\" title=\"\" src=\"data:image\/svg+xml;base64,PHN2ZyB3aWR0aD0iMSIgaGVpZ2h0PSIxIiB4bWxucz0iaHR0cDovL3d3dy53My5vcmcvMjAwMC9zdmciPjwvc3ZnPg==\" style=\"--smush-placeholder-width: 1080px; --smush-placeholder-aspect-ratio: 1080\/900;\"><\/figure>\t\t\n\t\t<\/div>\n\n\t\t<div class=\"lqd-fb-content lqd-overlay align-items-end\">\n\t\t\t<div class=\"lqd-fb-bg lqd-overlay\"><\/div>\n\t\t\t<div class=\"lqd-fb-hover-overlay lqd-overlay\"><\/div>\n\t\t\t<div class=\"lqd-fb-content-inner d-flex flex-column justify-content-end pos-rel h-100 w-100 w-md-75 p-4 p-md-8\">\n\t\t\t\t\n\t\t\t\t\t\t\t\t\n\t\t\t\t<div\n\t\t\t\tclass=\"lqd-fb-content-bottom mt-auto\"\n\t\t\t\tdata-custom-animations=\"true\"\n\t\t\t\tdata-ca-options='{ \"triggerHandler\": \"inview\", \"animationTarget\": \"all-childs\", \"duration\": 1200, \"delay\": 120,  \"startDelay\": 300, \"initValues\": { \"y\": 30, \"opacity\": 0 }, \"animations\": { \"y\": 0, \"opacity\": 1 } }'>\n\t\t\t\t\t\n\t\t\t\t\t\t\t\t\t\t<h2\t\t\t\t\tclass=\"lqd-fb-content-title my-0 mb-3\"\n\t\t\t\t\tdata-split-text=\"true\" data-split-options='{ \"type\": \"lines\" }'>Faset sindromu\t\t\t\t\t<\/h2>\n\t\t\t\t\t\t\t\t\t\t\n\t\t\t\t\t\n\t\t\t\t\t\t\t\t\t\t<p\n\t\t\t\t\tclass=\"my-0 mb-5\"\n\t\t\t\t\tdata-split-text=\"true\" data-split-options='{ \"type\": \"lines\" }'><span style=\"font-weight: 400;\">F\u0259q\u0259r\u0259l\u0259rin arxa t\u0259r\u0259find\u0259 yerl\u0259\u015f\u0259n v\u0259 f\u0259q\u0259r\u0259l\u0259ri bir-biri il\u0259 birl\u0259\u015fdir\u0259n ki\u00e7ik oynaqlara faset oynaqlar\u0131 deyilir. Faset oynaqlar\u0131n\u0131n \u0259sas funksiyas\u0131 onur\u011fan\u0131n h\u0259r\u0259k\u0259tini t\u0259min etm\u0259kdir. <\/span><\/p>\n\t\t\t\t\t\n\t\t\t\t\t\n\t\t\t\t<\/div>\n\t\t\t\t\n\t\t\t<\/div>\n\t\t<\/div>\n\n\t<\/div>\n<\/div>\n[vc_column_text]Faset oynaqlar\u0131 a\u011fr\u0131ya \u00e7ox h\u0259ssas olan strukturlard\u0131r. Onur\u011fa h\u0259r\u0259k\u0259tliliyind\u0259 b\u00f6y\u00fck \u0259h\u0259miyy\u0259t k\u0259sb ed\u0259n faset oynaqlar\u0131n\u0131n qurulu\u015fu, ir\u0259lil\u0259y\u0259n ya\u015f v\u0259 travma s\u0259b\u0259biyl\u0259 pozula bil\u0259r v\u0259 bu ciddi bel a\u011fr\u0131lar\u0131na s\u0259b\u0259b ola bil\u0259r. Y\u0131rt\u0131q diskind\u0259 a\u011fr\u0131 ir\u0259li \u0259yildikd\u0259 g\u00fccl\u0259ndiyi halda, faset sindromunda arxaya \u0259yildikd\u0259 v\u0259 yana \u00e7evrildikd\u0259 art\u0131r.<\/p>\n<h2>Faset sindromu n\u0259dir?<\/h2>\n<p>Orta v\u0259 daha ya\u015fl\u0131 ya\u015flarda bel a\u011fr\u0131s\u0131n\u0131n s\u0259b\u0259bl\u0259rind\u0259n biri d\u0259 faset oynaq sindromudur. Faset oynaqlar\u0131n\u0131n a\u015f\u0131nmas\u0131 n\u0259tic\u0259sind\u0259 yaranan a\u011fr\u0131l\u0131 narahatl\u0131\u011fa faset sindromu v\u0259 ya faset artropatiyas\u0131 deyilir. Faset oynaq a\u011fr\u0131s\u0131 ad\u0259t\u0259n bel nahiy\u0259sind\u0259 hiss olunur.<\/p>\n<h2>Faset sindromuna s\u0259b\u0259b n\u0259dir?<\/h2>\n<p>Faset oynaq sindromunun \u0259sas s\u0259b\u0259bi ya\u015flanmad\u0131r. Bundan ba\u015fqa;<\/p>\n<ul>\n<li>Uzun m\u00fcdd\u0259t a\u011f\u0131r idmanla m\u0259\u015f\u011ful olmay\u0131n,<\/li>\n<li>Davaml\u0131 a\u011f\u0131r y\u00fckl\u0259rin da\u015f\u0131nmas\u0131<\/li>\n<li>Yanl\u0131\u015f b\u0259d\u0259n duru\u015funa sahib olmaq kimi amill\u0259r faset oynaq sindromuna s\u0259b\u0259b ola bil\u0259r.<\/li>\n<\/ul>\n<p>Dig\u0259r t\u0259r\u0259fd\u0259n, faset oynaqlar\u0131n\u0131n dig\u0259r funksiyas\u0131 onur\u011fan\u0131n h\u0259r\u0259k\u0259tini t\u0259min etm\u0259kl\u0259 yana\u015f\u0131, onur\u011fa beynind\u0259n \u00e7\u0131xan sinir k\u00f6kl\u0259rinin onur\u011fa kanal\u0131n\u0131 t\u0259rk etdiyi sinir d\u0259liyi deyil\u0259n d\u0259likl\u0259rin bir hiss\u0259sini t\u0259\u015fkil etm\u0259kdir. Faset oynaqlar\u0131n\u0131n b\u00f6y\u00fcm\u0259si travma, onur\u011faya h\u0259ddind\u0259n art\u0131q y\u00fckl\u0259nm\u0259 v\u0259 ya m\u00fcxt\u0259lif s\u00fcm\u00fck x\u0259st\u0259likl\u0259ri s\u0259b\u0259bind\u0259n ba\u015f ver\u0259 bil\u0259r. Bu zaman sinirl\u0259rin ke\u00e7diyi d\u0259likl\u0259r daralacaq v\u0259 x\u0259st\u0259 disk y\u0131rt\u0131\u011f\u0131na b\u0259nz\u0259r sinir s\u0131x\u0131lmas\u0131na b\u0259nz\u0259y\u0259n simptomlar ya\u015fayacaq. Bu, omba v\u0259 aya\u011fa yay\u0131lan bel a\u011fr\u0131s\u0131na s\u0259b\u0259b olacaq v\u0259 x\u0259st\u0259nin h\u0259yat keyfiyy\u0259tini \u0259h\u0259miyy\u0259tli d\u0259r\u0259c\u0259d\u0259 azaldacaq.<\/p>\n<h2>Faset sindromunun simptomlar\u0131<\/h2>\n<p>Faset birg\u0259 sindromunun \u0259n \u00e7ox g\u00f6r\u00fcl\u0259n simptomlar\u0131 a\u015fa\u011f\u0131dak\u0131lard\u0131r:<\/p>\n<ul>\n<li>A\u011fr\u0131 \u00fcmumiyy\u0259tl\u0259 bel b\u00f6lg\u0259sin\u0259 t\u0259sir g\u00f6st\u0259rir.<\/li>\n<li>Bel il\u0259 yana\u015f\u0131, b\u0259zi hallarda a\u011fr\u0131 ombaya da yay\u0131la bil\u0259r; Boyun, \u00e7iyinl\u0259r v\u0259 ba\u015f\u0131n arxas\u0131na da t\u0259sir ed\u0259 bil\u0259r.<\/li>\n<li>Arxaya s\u00f6yk\u0259nm\u0259k, yana d\u00f6nm\u0259k, ayaq \u00fcst\u0259 durmaq, h\u0259r\u0259k\u0259tsiz qalmaq kimi hallar a\u011fr\u0131n\u0131n \u015fidd\u0259tinin artmas\u0131na s\u0259b\u0259b olur.<\/li>\n<li>A\u011fr\u0131n\u0131n k\u0259sildiyi v\u0259ziyy\u0259tl\u0259r a\u015fa\u011f\u0131dak\u0131lard\u0131r: \u0130r\u0259li \u0259yilm\u0259k, oturmaq, sabit v\u0259ziyy\u0259td\u0259 qalmadan oturma m\u00f6vqeyini d\u0259yi\u015fm\u0259k.<\/li>\n<\/ul>\n<h2>Faset Oynaq Sindromunun M\u00fcalic\u0259si<\/h2>\n<p>Faset sindromu a\u011fr\u0131lar\u0131 m\u00fcdaxil\u0259 \u00fcsullar\u0131 il\u0259 aradan qald\u0131r\u0131la bil\u0259r. Bu m\u0259nada a\u011fr\u0131lar\u0131 idar\u0259 etm\u0259k \u00fc\u00e7\u00fcn \u0259n \u00e7ox istifad\u0259 edil\u0259n \u00fcsullar; faset birg\u0259 inyeksiya v\u0259 faset birg\u0259 denervasiya. Faset oynaqlar\u0131na aid sinirl\u0259r a\u011fr\u0131 siqnallar\u0131n\u0131 beyin\u0259 da\u015f\u0131y\u0131r. Faset birg\u0259 denervasiyas\u0131n\u0131n m\u0259qs\u0259di bu sinirl\u0259rin ke\u00e7iriciliyinin qar\u015f\u0131s\u0131n\u0131 almaqd\u0131r. Bu g\u00fcn buna nail olmaq \u00fc\u00e7\u00fcn istifad\u0259 edil\u0259n m\u00fcasir \u00fcsullardan biri d\u0259 sinir\u0259 istilik n\u0259zar\u0259tli t\u0259tbiqin\u0259 \u0259saslanan radiotezlikli termokoaqulyasiyad\u0131r. Faset oynaq inyeksiyas\u0131 \u00e7\u0259r\u00e7iv\u0259sind\u0259 lokal anestezik v\u0259 steroidl\u0259rd\u0259n istifad\u0259 edilir.[\/vc_column_text][vc_separator color=&#8221;custom&#8221; accent_color=&#8221;rgba(0,0,0,0.1)&#8221; css=&#8221;.vc_custom_1608195050020{margin-top: 10px !important;}&#8221;][\/vc_column][\/vc_row][vc_row][vc_column][\/vc_column][\/vc_row]<\/p>\n","protected":false},"excerpt":{"rendered":"<p>[vc_row css=&#8221;.vc_custom_1622016079265{padding-top: 60px !important;padding-bottom: 60px !important;}&#8221;][vc_column enable_pin=&#8221;enable_pin&#8221; width=&#8221;5\/12&#8243; offset=&#8221;vc_col-md-4&#8243; responsive_css=&#8221;padding_right_medium:7%25&#8243;][vc_row_inner][vc_column_inner responsive_css=&#8221;margin_bottom_medium:45px&#8221; css=&#8221;.vc_custom_1608194013763{margin-bottom: 30px !important;}&#8221;][\/vc_column_inner][vc_column_inner css=&#8221;.vc_custom_1608195737477{margin-bottom: 30px !important;padding-top: 35px !important;padding-right: 20px !important;padding-bottom: 35px !important;padding-left: 20px !important;background-color: #f7f8fa !important;border-radius: 5px !important;}&#8221; responsive_css=&#8221;margin_bottom_medium:45px|padding_right_medium:35px|padding_left_medium:35px&#8221;][\/vc_column_inner][vc_column_inner css=&#8221;.vc_custom_1608195709893{border-top-width: 1px !important;border-right-width: 1px !important;border-bottom-width: 1px !important;border-left-width: 1px !important;padding-top: 20px !important;padding-right: 20px !important;padding-bottom: 20px !important;padding-left: 20px !important;border-left-color: rgba(112,112,112,0.15) !important;border-left-style: solid !important;border-right-color: rgba(112,112,112,0.15) !important;border-right-style: solid !important;border-top-color: [&hellip;]<\/p>\n","protected":false},"author":1,"featured_media":0,"parent":4765,"menu_order":0,"comment_status":"closed","ping_status":"closed","template":"","meta":{"footnotes":""},"class_list":["post-6901","page","type-page","status-publish","hentry"],"_links":{"self":[{"href":"https:\/\/profdrercangurses.com\/az\/wp-json\/wp\/v2\/pages\/6901","targetHints":{"allow":["GET"]}}],"collection":[{"href":"https:\/\/profdrercangurses.com\/az\/wp-json\/wp\/v2\/pages"}],"about":[{"href":"https:\/\/profdrercangurses.com\/az\/wp-json\/wp\/v2\/types\/page"}],"author":[{"embeddable":true,"href":"https:\/\/profdrercangurses.com\/az\/wp-json\/wp\/v2\/users\/1"}],"replies":[{"embeddable":true,"href":"https:\/\/profdrercangurses.com\/az\/wp-json\/wp\/v2\/comments?post=6901"}],"version-history":[{"count":1,"href":"https:\/\/profdrercangurses.com\/az\/wp-json\/wp\/v2\/pages\/6901\/revisions"}],"predecessor-version":[{"id":7113,"href":"https:\/\/profdrercangurses.com\/az\/wp-json\/wp\/v2\/pages\/6901\/revisions\/7113"}],"up":[{"embeddable":true,"href":"https:\/\/profdrercangurses.com\/az\/wp-json\/wp\/v2\/pages\/4765"}],"wp:attachment":[{"href":"https:\/\/profdrercangurses.com\/az\/wp-json\/wp\/v2\/media?parent=6901"}],"curies":[{"name":"wp","href":"https:\/\/api.w.org\/{rel}","templated":true}]}}