{"id":6902,"date":"2021-12-20T13:35:11","date_gmt":"2021-12-20T10:35:11","guid":{"rendered":"https:\/\/profdrercangurses.com\/bel-agrilari\/sakroiliak-agrisi\/"},"modified":"2024-11-04T09:54:35","modified_gmt":"2024-11-04T06:54:35","slug":"sakroiliak-agrisi","status":"publish","type":"page","link":"https:\/\/profdrercangurses.com\/az\/agrilar\/bel-agrilari\/sakroiliak-agrisi\/","title":{"rendered":"Sakroiliak A\u011fr\u0131s\u0131"},"content":{"rendered":"<p>[vc_row css=&#8221;.vc_custom_1622016079265{padding-top: 60px !important;padding-bottom: 60px !important;}&#8221;][vc_column enable_pin=&#8221;enable_pin&#8221; width=&#8221;5\/12&#8243; offset=&#8221;vc_col-md-4&#8243; responsive_css=&#8221;padding_right_medium:7%25&#8243;][vc_row_inner][vc_column_inner responsive_css=&#8221;margin_bottom_medium:45px&#8221; css=&#8221;.vc_custom_1608194013763{margin-bottom: 30px !important;}&#8221;]<style>.ld_custom_menu_69e34fa0d0c74 > ul > li > a{font-size:15px;font-weight:700;letter-spacing:0.01em;color:rgb(51, 51, 51);background:rgb(247, 248, 250);}.ld_custom_menu_69e34fa0d0c74 > ul > li:not(:last-child){margin-bottom:3px;}.lqd-stickybar > .lqd-head-col > .header-module > .ld_custom_menu_69e34fa0d0c74 li{margin-inline-start:3px;}.ld_custom_menu_69e34fa0d0c74 > ul > li > a:hover, .ld_custom_menu_69e34fa0d0c74 li.is-active > a{background:rgb(233, 233, 233);}<\/style><div\n\tclass=\"lqd-fancy-menu lqd-custom-menu menu-items-has-fill lqd-menu-td-none ld_custom_menu_69e34fa0d0c74\"\n\t>\n\n<ul id=\"ld_custom_menu_69e34fa0d0c74\" class=\"reset-ul   \" ><li id=\"menu-item-6918\" class=\"menu-item menu-item-type-post_type menu-item-object-page menu-item-6918\"><a href=\"https:\/\/profdrercangurses.com\/az\/agrilar\/arxa-agrisi\/\">Arxa A\u011fr\u0131s\u0131<\/a><\/li>\n<li id=\"menu-item-6919\" class=\"menu-item menu-item-type-post_type menu-item-object-page menu-item-6919\"><a href=\"https:\/\/profdrercangurses.com\/az\/agrilar\/boyun-agrisi\/\">Boyun A\u011fr\u0131s\u0131<\/a><\/li>\n<li id=\"menu-item-6920\" class=\"menu-item menu-item-type-post_type menu-item-object-page menu-item-6920\"><a href=\"https:\/\/profdrercangurses.com\/az\/agrilar\/bel-agrilari\/siyatik-piriformis-%c9%99z%c9%99l%c9%99sin%c9%99-gor%c9%99-bel-agrisi\/\">Siyatik &#8211; Piriformis \u0259z\u0259l\u0259sin\u0259 g\u00f6r\u0259 bel a\u011fr\u0131s\u0131<\/a><\/li>\n<li id=\"menu-item-6921\" class=\"menu-item menu-item-type-post_type menu-item-object-page menu-item-6921\"><a href=\"https:\/\/profdrercangurses.com\/az\/agrilar\/arxa-agrisi\/\">Arxa A\u011fr\u0131s\u0131<\/a><\/li>\n<li id=\"menu-item-5423\" class=\"menu-item menu-item-type-post_type menu-item-object-page menu-item-5423\"><a href=\"https:\/\/profdrercangurses.com\/az\/agrilar\/neyropatik-agri-v%c9%99-nevralji\/\">Neyropatik A\u011fr\u0131 v\u0259 Nevralji<\/a><\/li>\n<li id=\"menu-item-6922\" class=\"menu-item menu-item-type-post_type menu-item-object-page menu-item-6922\"><a href=\"https:\/\/profdrercangurses.com\/az\/agrilar\/qarin-agrilari\/\">Qar\u0131n A\u011fr\u0131lar\u0131<\/a><\/li>\n<li id=\"menu-item-6923\" class=\"menu-item menu-item-type-post_type menu-item-object-page menu-item-6923\"><a href=\"https:\/\/profdrercangurses.com\/az\/agrilar\/x%c9%99rc%c9%99ng-agrilari\/\">X\u0259r\u00e7\u0259ng A\u011fr\u0131lar\u0131<\/a><\/li>\n<li id=\"menu-item-5422\" class=\"menu-item menu-item-type-post_type menu-item-object-page menu-item-5422\"><a href=\"https:\/\/profdrercangurses.com\/az\/agrilar\/fantom-agrilar\/\">Fantom A\u011fr\u0131lar<\/a><\/li>\n<li id=\"menu-item-6924\" class=\"menu-item menu-item-type-post_type menu-item-object-page menu-item-6924\"><a href=\"https:\/\/profdrercangurses.com\/az\/agrilar\/sin%c9%99-agrilari\/\">Sin\u0259 A\u011fr\u0131lar\u0131<\/a><\/li>\n<li id=\"menu-item-5424\" class=\"menu-item menu-item-type-post_type menu-item-object-page menu-item-5424\"><a href=\"https:\/\/profdrercangurses.com\/az\/agrilar\/oynaq-agrilari\/\">Oynaq A\u011fr\u0131lar\u0131<\/a><\/li>\n<li id=\"menu-item-6925\" class=\"menu-item menu-item-type-post_type menu-item-object-page menu-item-6925\"><a href=\"https:\/\/profdrercangurses.com\/az\/agrilar\/bel-agrilari\/siyatik-piriformis-%c9%99z%c9%99l%c9%99sin%c9%99-gor%c9%99-bel-agrisi\/\">Siyatik &#8211; Piriformis \u0259z\u0259l\u0259sin\u0259 g\u00f6r\u0259 bel a\u011fr\u0131s\u0131<\/a><\/li>\n<li id=\"menu-item-6926\" class=\"menu-item menu-item-type-post_type menu-item-object-page menu-item-6926\"><a href=\"https:\/\/profdrercangurses.com\/az\/agrilar\/bel-agrilari\/sakroiliak-agrisi\/\">Sakroiliak A\u011fr\u0131s\u0131<\/a><\/li>\n<\/ul><\/div>[\/vc_column_inner][vc_column_inner css=&#8221;.vc_custom_1608195737477{margin-bottom: 30px !important;padding-top: 35px !important;padding-right: 20px !important;padding-bottom: 35px !important;padding-left: 20px !important;background-color: #f7f8fa !important;border-radius: 5px !important;}&#8221; responsive_css=&#8221;margin_bottom_medium:45px|padding_right_medium:35px|padding_left_medium:35px&#8221;]<style>.ld_fancy_heading_69e34fa0dae8f h3 {font-size:19px; } .ld_fancy_heading_69e34fa0dae8f h3 {margin-bottom:1.25em !important;  } .ld_fancy_heading_69e34fa0dae8f .lqd-highlight-inner{height:0.275em!important;bottom:0px!important;}.ld_fancy_heading_69e34fa0dae8f h3 {font-size:19px; } .ld_fancy_heading_69e34fa0dae8f h3 {margin-bottom:1.25em !important;  } <\/style><div class=\"ld-fancy-heading ld_fancy_heading_69e34fa0dae8f\">\n\t<h3 class=\"ld-fh-element lqd-highlight-underline lqd-highlight-grow-left text-decoration-default\"   >  Biziml\u0259 \u0259laq\u0259 saxlay\u0131n<\/h3><\/div><style>.ld_cf7_69e34fa0db134 input,.ld_cf7_69e34fa0db134 textarea,.ld_cf7_69e34fa0db134 .ui-button.ui-selectmenu-button{font-size:15px;}.ld_cf7_69e34fa0db134 input[type=\"submit\"]{font-size:15px;background:rgb(24, 67, 65);border-color:rgb(24, 67, 65);}.ld_cf7_69e34fa0db134 input, .ld_cf7_69e34fa0db134 select, .ld_cf7_69e34fa0db134 textarea, .ld_cf7_69e34fa0db134 .ui-button.ui-selectmenu-button{background:rgb(255, 255, 255);}.ld_cf7_69e34fa0db134 input, .ld_cf7_69e34fa0db134 select, .ld_cf7_69e34fa0db134 textarea, .ld_cf7_69e34fa0db134 .ui-button.ui-selectmenu-button, .ld_cf7_69e34fa0db134 .wpcf7-form-control-wrap > i, .ld_cf7_69e34fa0db134 .wpcf7-radio{color:rgb(127, 130, 132);}.ld_cf7_69e34fa0db134 input:focus, .ld_cf7_69e34fa0db134 select:focus, .ld_cf7_69e34fa0db134 textarea:focus, .ld_cf7_69e34fa0db134 .ui-button.ui-selectmenu-button:hover, .wpcf7-acceptance .wpcf7-list-item-label:after{color:rgb(0, 0, 0);}.ld_cf7_69e34fa0db134 .wpcf7-form-control-wrap{margin-bottom:10px;}<\/style><div id=\"ld_cf7_69e34fa0db134\" class=\"lqd-contact-form lqd-contact-form-inputs-filled lqd-contact-form-inputs-round lqd-contact-form-button-block lqd-contact-form-button-round ld_cf7_69e34fa0db134 vc_custom_1622015176992\">\n\t\n<div class=\"wpcf7 no-js\" id=\"wpcf7-f74-o1\" lang=\"en-US\" dir=\"ltr\" data-wpcf7-id=\"74\">\n<div class=\"screen-reader-response\"><p role=\"status\" aria-live=\"polite\" aria-atomic=\"true\"><\/p> <ul><\/ul><\/div>\n<form action=\"\/az\/wp-json\/wp\/v2\/pages\/6902#wpcf7-f74-o1\" method=\"post\" class=\"wpcf7-form init\" aria-label=\"Contact form\" novalidate=\"novalidate\" data-status=\"init\">\n<fieldset class=\"hidden-fields-container\"><input type=\"hidden\" name=\"_wpcf7\" value=\"74\" \/><input type=\"hidden\" name=\"_wpcf7_version\" value=\"6.1.5\" \/><input type=\"hidden\" name=\"_wpcf7_locale\" value=\"en_US\" \/><input type=\"hidden\" name=\"_wpcf7_unit_tag\" value=\"wpcf7-f74-o1\" \/><input type=\"hidden\" name=\"_wpcf7_container_post\" value=\"0\" \/><input type=\"hidden\" name=\"_wpcf7_posted_data_hash\" value=\"\" \/><input type=\"hidden\" name=\"_wpcf7_recaptcha_response\" value=\"\" \/>\n<\/fieldset>\n<p><span class=\"wpcf7-form-control-wrap\" data-name=\"text-775\"><input size=\"40\" maxlength=\"400\" class=\"wpcf7-form-control wpcf7-text wpcf7-validates-as-required\" aria-required=\"true\" aria-invalid=\"false\" placeholder=\"Ad\u0131n\u0131z\" value=\"\" type=\"text\" name=\"text-775\" \/><\/span><span class=\"wpcf7-form-control-wrap\" data-name=\"email-550\"><input size=\"40\" maxlength=\"400\" class=\"wpcf7-form-control wpcf7-email wpcf7-validates-as-required wpcf7-text wpcf7-validates-as-email\" aria-required=\"true\" aria-invalid=\"false\" placeholder=\"Email adresiniz\" value=\"\" type=\"email\" name=\"email-550\" \/><\/span><span class=\"wpcf7-form-control-wrap\" data-name=\"textarea-138\"><textarea cols=\"10\" rows=\"4\" maxlength=\"2000\" class=\"wpcf7-form-control wpcf7-textarea wpcf7-validates-as-required\" aria-required=\"true\" aria-invalid=\"false\" placeholder=\"Mesaj\u0131n\u0131z\" name=\"textarea-138\"><\/textarea><\/span><input class=\"wpcf7-form-control wpcf7-submit has-spinner\" type=\"submit\" value=\"G\u00f6nder\" \/>\n<\/p><p style=\"display: none !important;\" class=\"akismet-fields-container\" data-prefix=\"_wpcf7_ak_\"><label>&#916;<textarea name=\"_wpcf7_ak_hp_textarea\" cols=\"45\" rows=\"8\" maxlength=\"100\"><\/textarea><\/label><input type=\"hidden\" id=\"ak_js_1\" name=\"_wpcf7_ak_js\" value=\"25\"\/><script>document.getElementById( \"ak_js_1\" ).setAttribute( \"value\", ( new Date() ).getTime() );<\/script><\/p><div class=\"wpcf7-response-output\" aria-hidden=\"true\"><\/div>\n<\/form>\n<\/div>\n<\/div>[\/vc_column_inner][vc_column_inner css=&#8221;.vc_custom_1608195709893{border-top-width: 1px !important;border-right-width: 1px !important;border-bottom-width: 1px !important;border-left-width: 1px !important;padding-top: 20px !important;padding-right: 20px !important;padding-bottom: 20px !important;padding-left: 20px !important;border-left-color: rgba(112,112,112,0.15) !important;border-left-style: solid !important;border-right-color: rgba(112,112,112,0.15) !important;border-right-style: solid !important;border-top-color: rgba(112,112,112,0.15) !important;border-top-style: solid !important;border-bottom-color: rgba(112,112,112,0.15) !important;border-bottom-style: solid !important;border-radius: 3px !important;}&#8221; responsive_css=&#8221;padding_right_large:35px|padding_left_large:50px|padding_right_medium:15px|padding_left_medium:15px|padding_right_small:10px|padding_left_small:10px&#8221;]<style>.ld_icon_box_69e34fa0dd046 .iconbox-icon-container{color:rgb(38, 176, 95);font-size:20px;width:65px !important;height:65px !important;background:rgba(38, 176, 95, 0.1);border-radius:px;}.ld_icon_box_69e34fa0dd046 .iconbox-icon-container:before{border-color:rgba(38, 176, 95, 0.1);}.ld_icon_box_69e34fa0dd046 .lqd-iconbox-title{color:rgb(160, 160, 160);margin-bottom:1px;font-size:15px;}<\/style>\n<div class=\"iconbox iconbox-side text-align-default align-items-center iconbox-circle ld_icon_box_69e34fa0dd046 vc_custom_1730703266660\" id=\"ld_icon_box_69e34fa0dd046\"  data-animate-icon=\"true\" data-plugin-options='{\"color\":\"rgb(38, 176, 95)\"}'  >\n\t\n\t\t\t\t\t\n\t\n\t<div class=\"iconbox-icon-wrap\"><span class=\"iconbox-icon-container\"><i class=\"lqd-icn-ess icon-lqd-mobile\"><\/i><\/span><\/div>\t\n\t\t\n\t<div class=\"contents\">\t\n\t\t\n\t<h3 class=\"lqd-iconbox-title font-weight-medium\">\u0130leti\u015fim Bilgisi:<\/h3>\t<p><a href=\"tel:+994 50 5178687\">+994 50 5178687<\/a><\/p>\n\t\t\n\t<\/div>\t\n\t\n<\/div>\n[\/vc_column_inner][\/vc_row_inner][\/vc_column][vc_column width=&#8221;2\/3&#8243; column_top_ontablet=&#8221;yes&#8221; column_top_onmobile=&#8221;yes&#8221; offset=&#8221;vc_col-md-offset-0 vc_col-md-8&#8243; responsive_css=&#8221;margin_bottom_medium:0px&#8221; css=&#8221;.vc_custom_1610729062932{margin-bottom: 35px !important;}&#8221;]<style>.ld_content_box_69e34fa0ddcfd .lqd-fb-content-title{font-weight:700 !important;}.ld_content_box_69e34fa0ddcfd .lqd-fb-bg{background:-webkit-linear-gradient(180deg, rgba(255, 255, 255, 0) 0%, rgba(24, 27, 49, 0.6) 100%);background:linear-gradient(180deg, rgba(255, 255, 255, 0) 0%, rgba(24, 27, 49, 0.6) 100%);}<\/style><div id=\"ld_content_box_69e34fa0ddcfd\" class=\"lqd-fb lqd-fb-style-1 lqd-fb-style-1-3 round pos-rel overflow-hidden lqd-fb-zoom-img-onhover h-pt-60 ld_content_box_69e34fa0ddcfd\" data-inview=\"true\">\n\t<div class=\"lqd-fb-inner lqd-overlay\">\n\n\t\t<div class=\"lqd-fb-img lqd-overlay overflow-hidden\">\n\n\t\t<figure data-responsive-bg=\"true\"><img decoding=\"async\" width=\"1080\" height=\"900\" data-src=\"https:\/\/profdrercangurses.com\/wp-content\/uploads\/2022\/04\/sakroilikgri-tedavi.jpg\" class=\"w-100 invisible lazyload\" alt=\"\" data-srcset=\"https:\/\/profdrercangurses.com\/wp-content\/uploads\/2022\/04\/sakroilikgri-tedavi.jpg 1080w, https:\/\/profdrercangurses.com\/wp-content\/uploads\/2022\/04\/sakroilikgri-tedavi-300x250.jpg 300w, https:\/\/profdrercangurses.com\/wp-content\/uploads\/2022\/04\/sakroilikgri-tedavi-1024x853.jpg 1024w\" data-sizes=\"(max-width: 1080px) 100vw, 1080px\" itemprop=\"image\" title=\"\" src=\"data:image\/svg+xml;base64,PHN2ZyB3aWR0aD0iMSIgaGVpZ2h0PSIxIiB4bWxucz0iaHR0cDovL3d3dy53My5vcmcvMjAwMC9zdmciPjwvc3ZnPg==\" style=\"--smush-placeholder-width: 1080px; --smush-placeholder-aspect-ratio: 1080\/900;\"><\/figure>\t\t\n\t\t<\/div>\n\n\t\t<div class=\"lqd-fb-content lqd-overlay align-items-end\">\n\t\t\t<div class=\"lqd-fb-bg lqd-overlay\"><\/div>\n\t\t\t<div class=\"lqd-fb-hover-overlay lqd-overlay\"><\/div>\n\t\t\t<div class=\"lqd-fb-content-inner d-flex flex-column justify-content-end pos-rel h-100 w-100 w-md-75 p-4 p-md-8\">\n\t\t\t\t\n\t\t\t\t\t\t\t\t\n\t\t\t\t<div\n\t\t\t\tclass=\"lqd-fb-content-bottom mt-auto\"\n\t\t\t\tdata-custom-animations=\"true\"\n\t\t\t\tdata-ca-options='{ \"triggerHandler\": \"inview\", \"animationTarget\": \"all-childs\", \"duration\": 1200, \"delay\": 120,  \"startDelay\": 300, \"initValues\": { \"y\": 30, \"opacity\": 0 }, \"animations\": { \"y\": 0, \"opacity\": 1 } }'>\n\t\t\t\t\t\n\t\t\t\t\t\t\t\t\t\t<h2\t\t\t\t\tclass=\"lqd-fb-content-title my-0 mb-3\"\n\t\t\t\t\tdata-split-text=\"true\" data-split-options='{ \"type\": \"lines\" }'>Sakroiliak A\u011fr\u0131s\u0131\t\t\t\t\t<\/h2>\n\t\t\t\t\t\t\t\t\t\t\n\t\t\t\t\t\n\t\t\t\t\t\t\t\t\t\t<p\n\t\t\t\t\tclass=\"my-0 mb-5\"\n\t\t\t\t\tdata-split-text=\"true\" data-split-options='{ \"type\": \"lines\" }'>Bel nahiy\u0259sind\u0259 g\u00f6r\u00fcl\u0259n a\u011fr\u0131 n\u00f6vl\u0259rind\u0259n biri d\u0259 koksiks s\u00fcm\u00fcy\u00fcn\u00fcn v\u0259 \u00e7anaq s\u00fcm\u00fckl\u0259rinin g\u00f6r\u00fc\u015f n\u00f6qt\u0259sind\u0259 yerl\u0259\u015f\u0259n sakroiliak oynaqda meydana g\u0259l\u0259n a\u011fr\u0131lard\u0131r.<\/p>\n\t\t\t\t\t\n\t\t\t\t\t\n\t\t\t\t<\/div>\n\t\t\t\t\n\t\t\t<\/div>\n\t\t<\/div>\n\n\t<\/div>\n<\/div>\n[vc_column_text]Bel y\u0131rt\u0131\u011f\u0131 il\u0259 qar\u0131\u015fd\u0131r\u0131la bil\u0259n bel b\u00f6lg\u0259sind\u0259 a\u011fr\u0131 n\u00f6v\u00fcd\u00fcr. \u0130r\u0259li v\u0259 yan h\u0259r\u0259k\u0259tl\u0259rd\u0259 m\u0259hdudiyy\u0259t v\u0259 a\u011fr\u0131 uzun m\u00fcdd\u0259t oturark\u0259n omba nahiy\u0259sind\u0259 a\u011fr\u0131ya s\u0259b\u0259b olur.<\/p>\n<h2>Sakroiliak birg\u0259 n\u0259dir?<\/h2>\n<p>Sakroiliak oynaq \u00e7anaq v\u0259 koksiks aras\u0131nda yerl\u0259\u015f\u0259n v\u0259 onur\u011fa v\u0259 omban\u0131 birl\u0259\u015fdir\u0259n oynaqd\u0131r. Omba s\u00fcm\u00fcy\u00fc ilium, koksiks s\u00fcm\u00fcy\u00fc is\u0259 sakrum adlan\u0131r. Sakroiliak s\u00f6z\u00fc buradan g\u0259lir. B\u0259d\u0259nimizin \u0259n az h\u0259r\u0259k\u0259tli oyna\u011f\u0131 olan sakroiliak oynaq, x\u00fcsusil\u0259 qa\u00e7\u0131\u015f kimi f\u0259aliyy\u0259tl\u0259r zaman\u0131 meydana g\u0259l\u0259n q\u00fcvv\u0259l\u0259ri \u00f6z\u00fcn\u0259 \u00e7\u0259kir. Bu oyna\u011f\u0131n z\u0259d\u0259l\u0259nm\u0259si d\u0259 sakroiliak oynaq a\u011fr\u0131s\u0131na s\u0259b\u0259b ola bil\u0259r. Sakroiliak oynaqlarda a\u011fr\u0131 daha \u00e7ox bel b\u00f6lg\u0259sind\u0259 m\u00fc\u015fahid\u0259 olunur.<\/p>\n<h2>Sakroiliak oynaq a\u011fr\u0131s\u0131na s\u0259b\u0259b n\u0259dir?<\/h2>\n<p>Sakroiliak birg\u0259 disfunksiyas\u0131 bel v\u0259 omba nahiy\u0259sind\u0259 a\u011fr\u0131lara s\u0259b\u0259b olur. A\u011fr\u0131n\u0131n \u0259sas s\u0259b\u0259bi sakroiliak oyna\u011f\u0131n z\u0259d\u0259l\u0259nm\u0259si v\u0259 ya z\u0259d\u0259l\u0259nm\u0259sidir. Sakroiliak birg\u0259 a\u011fr\u0131 tez-tez y\u0131rt\u0131q disk\u0259 b\u0259nz\u0259yir. Sakroiliak oynaq a\u011fr\u0131s\u0131n\u0131n s\u0259b\u0259bl\u0259ri a\u015fa\u011f\u0131dak\u0131 kimi s\u0131ralana bil\u0259r:<\/p>\n<ul>\n<li>h\u0259ddind\u0259n art\u0131q a\u011f\u0131rl\u0131q qald\u0131rma,<\/li>\n<li>q\u0259fil ir\u0259li \u0259yilm\u0259,<\/li>\n<li>Geriy\u0259 do\u011fru h\u0259r\u0259k\u0259t etm\u0259yin<\/li>\n<li>pay\u0131z<\/li>\n<li>Travmaya s\u0259b\u0259b olan yol q\u0259zalar\u0131 v\u0259 q\u0259zalar,<\/li>\n<li>hamil\u0259lik v\u0259 do\u011fum,<\/li>\n<li>Bud v\u0259 onur\u011fa \u0259m\u0259liyyatlar\u0131<\/li>\n<\/ul>\n<h2>Sakroiliak birg\u0259 a\u011fr\u0131 simptomlar\u0131<\/h2>\n<ul>\n<li>Sakroiliak oynaq a\u011fr\u0131s\u0131 ad\u0259t\u0259n bel, a\u015fa\u011f\u0131 omba v\u0259 qas\u0131qda hiss olunur.<\/li>\n<li>Daha \u00e7ox birt\u0259r\u0259fli g\u00f6r\u00fcns\u0259 d\u0259, h\u0259r iki t\u0259r\u0259f\u0259 t\u0259sir ed\u0259 bil\u0259r.<\/li>\n<li>Ayaqda uyu\u015fma v\u0259 kar\u0131ncalanma hissi yarana bil\u0259r.<\/li>\n<li>Oturmaq, yatmaq, yerim\u0259k, pill\u0259k\u0259nl\u0259ri \u00e7\u0131xmaq v\u0259 ayaq \u00fcst\u0259 durmaq kimi f\u0259aliyy\u0259tl\u0259r a\u011fr\u0131lar\u0131 daha da art\u0131ra bil\u0259r.<\/li>\n<\/ul>\n<h2>Diaqnoz v\u0259 M\u00fcalic\u0259<\/h2>\n<p>Sakroiliak oynaq a\u011fr\u0131s\u0131n\u0131n diaqnozu d\u00fcz rentgenoqrafiya, CT v\u0259 MRT taramas\u0131 il\u0259 edil\u0259 bil\u0259r. Diaqnoz qoyulandan sonra m\u00fcalic\u0259 prosesinin ilk iki-\u00fc\u00e7 g\u00fcn\u00fc g\u00fcnd\u0259 3-4 d\u0259f\u0259 a\u011fr\u0131n\u0131n ba\u015f verdiyi nahiy\u0259y\u0259 buz \u00e7\u0259kilir v\u0259 x\u0259st\u0259nin \u015fikay\u0259tl\u0259ri a\u011fr\u0131k\u0259sicil\u0259rl\u0259 aradan qald\u0131r\u0131l\u0131r. Bu m\u00fcalic\u0259l\u0259rin kifay\u0259t etm\u0259diyi hallarda g\u00f6r\u00fcnt\u00fc alt\u0131nda ilk olaraq sakroiliak oyna\u011fa ged\u0259n sinirl\u0259r\u0259 lokal anestezik v\u0259 steroidl\u0259r yeridilir. X\u0259st\u0259 inyeksiya m\u00fcalic\u0259sind\u0259n faydalan\u0131rsa, g\u00f6r\u00fcnt\u00fc alt\u0131nda radiotezlik termokoaqulyasiya m\u00fcalic\u0259si t\u0259tbiq oluna bil\u0259r.[\/vc_column_text][vc_separator color=&#8221;custom&#8221; accent_color=&#8221;rgba(0,0,0,0.1)&#8221; css=&#8221;.vc_custom_1608195050020{margin-top: 10px !important;}&#8221;][\/vc_column][\/vc_row][vc_row][vc_column][\/vc_column][\/vc_row]<\/p>\n","protected":false},"excerpt":{"rendered":"<p>[vc_row css=&#8221;.vc_custom_1622016079265{padding-top: 60px !important;padding-bottom: 60px !important;}&#8221;][vc_column enable_pin=&#8221;enable_pin&#8221; width=&#8221;5\/12&#8243; offset=&#8221;vc_col-md-4&#8243; responsive_css=&#8221;padding_right_medium:7%25&#8243;][vc_row_inner][vc_column_inner responsive_css=&#8221;margin_bottom_medium:45px&#8221; css=&#8221;.vc_custom_1608194013763{margin-bottom: 30px !important;}&#8221;][\/vc_column_inner][vc_column_inner css=&#8221;.vc_custom_1608195737477{margin-bottom: 30px !important;padding-top: 35px !important;padding-right: 20px !important;padding-bottom: 35px !important;padding-left: 20px !important;background-color: #f7f8fa !important;border-radius: 5px !important;}&#8221; responsive_css=&#8221;margin_bottom_medium:45px|padding_right_medium:35px|padding_left_medium:35px&#8221;][\/vc_column_inner][vc_column_inner css=&#8221;.vc_custom_1608195709893{border-top-width: 1px !important;border-right-width: 1px !important;border-bottom-width: 1px !important;border-left-width: 1px !important;padding-top: 20px !important;padding-right: 20px !important;padding-bottom: 20px !important;padding-left: 20px !important;border-left-color: rgba(112,112,112,0.15) !important;border-left-style: solid !important;border-right-color: rgba(112,112,112,0.15) !important;border-right-style: solid !important;border-top-color: [&hellip;]<\/p>\n","protected":false},"author":1,"featured_media":0,"parent":4765,"menu_order":0,"comment_status":"closed","ping_status":"closed","template":"","meta":{"footnotes":""},"class_list":["post-6902","page","type-page","status-publish","hentry"],"_links":{"self":[{"href":"https:\/\/profdrercangurses.com\/az\/wp-json\/wp\/v2\/pages\/6902","targetHints":{"allow":["GET"]}}],"collection":[{"href":"https:\/\/profdrercangurses.com\/az\/wp-json\/wp\/v2\/pages"}],"about":[{"href":"https:\/\/profdrercangurses.com\/az\/wp-json\/wp\/v2\/types\/page"}],"author":[{"embeddable":true,"href":"https:\/\/profdrercangurses.com\/az\/wp-json\/wp\/v2\/users\/1"}],"replies":[{"embeddable":true,"href":"https:\/\/profdrercangurses.com\/az\/wp-json\/wp\/v2\/comments?post=6902"}],"version-history":[{"count":1,"href":"https:\/\/profdrercangurses.com\/az\/wp-json\/wp\/v2\/pages\/6902\/revisions"}],"predecessor-version":[{"id":7115,"href":"https:\/\/profdrercangurses.com\/az\/wp-json\/wp\/v2\/pages\/6902\/revisions\/7115"}],"up":[{"embeddable":true,"href":"https:\/\/profdrercangurses.com\/az\/wp-json\/wp\/v2\/pages\/4765"}],"wp:attachment":[{"href":"https:\/\/profdrercangurses.com\/az\/wp-json\/wp\/v2\/media?parent=6902"}],"curies":[{"name":"wp","href":"https:\/\/api.w.org\/{rel}","templated":true}]}}