{"id":6903,"date":"2021-12-20T13:39:20","date_gmt":"2021-12-20T10:39:20","guid":{"rendered":"https:\/\/profdrercangurses.com\/bel-agrilari\/siyatik-piriformis-%c9%99z%c9%99l%c9%99sin%c9%99-gor%c9%99-bel-agrisi\/"},"modified":"2024-11-04T09:54:52","modified_gmt":"2024-11-04T06:54:52","slug":"siyatik-piriformis-%c9%99z%c9%99l%c9%99sin%c9%99-gor%c9%99-bel-agrisi","status":"publish","type":"page","link":"https:\/\/profdrercangurses.com\/az\/agrilar\/bel-agrilari\/siyatik-piriformis-%c9%99z%c9%99l%c9%99sin%c9%99-gor%c9%99-bel-agrisi\/","title":{"rendered":"Siyatik &#8211; Piriformis \u0259z\u0259l\u0259sin\u0259 g\u00f6r\u0259 bel a\u011fr\u0131s\u0131"},"content":{"rendered":"<p>[vc_row css=&#8221;.vc_custom_1622016079265{padding-top: 60px !important;padding-bottom: 60px !important;}&#8221;][vc_column enable_pin=&#8221;enable_pin&#8221; width=&#8221;5\/12&#8243; offset=&#8221;vc_col-md-4&#8243; responsive_css=&#8221;padding_right_medium:7%25&#8243;][vc_row_inner][vc_column_inner responsive_css=&#8221;margin_bottom_medium:45px&#8221; css=&#8221;.vc_custom_1608194013763{margin-bottom: 30px !important;}&#8221;]<style>.ld_custom_menu_69e1c7f7549d9 > ul > li > a{font-size:15px;font-weight:700;letter-spacing:0.01em;color:rgb(51, 51, 51);background:rgb(247, 248, 250);}.ld_custom_menu_69e1c7f7549d9 > ul > li:not(:last-child){margin-bottom:3px;}.lqd-stickybar > .lqd-head-col > .header-module > .ld_custom_menu_69e1c7f7549d9 li{margin-inline-start:3px;}.ld_custom_menu_69e1c7f7549d9 > ul > li > a:hover, .ld_custom_menu_69e1c7f7549d9 li.is-active > a{background:rgb(233, 233, 233);}<\/style><div\n\tclass=\"lqd-fancy-menu lqd-custom-menu menu-items-has-fill lqd-menu-td-none ld_custom_menu_69e1c7f7549d9\"\n\t>\n\n<ul id=\"ld_custom_menu_69e1c7f7549d9\" class=\"reset-ul   \" ><li id=\"menu-item-6918\" class=\"menu-item menu-item-type-post_type menu-item-object-page menu-item-6918\"><a href=\"https:\/\/profdrercangurses.com\/az\/agrilar\/arxa-agrisi\/\">Arxa A\u011fr\u0131s\u0131<\/a><\/li>\n<li id=\"menu-item-6919\" class=\"menu-item menu-item-type-post_type menu-item-object-page menu-item-6919\"><a href=\"https:\/\/profdrercangurses.com\/az\/agrilar\/boyun-agrisi\/\">Boyun A\u011fr\u0131s\u0131<\/a><\/li>\n<li id=\"menu-item-6920\" class=\"menu-item menu-item-type-post_type menu-item-object-page menu-item-6920\"><a href=\"https:\/\/profdrercangurses.com\/az\/agrilar\/bel-agrilari\/siyatik-piriformis-%c9%99z%c9%99l%c9%99sin%c9%99-gor%c9%99-bel-agrisi\/\">Siyatik &#8211; Piriformis \u0259z\u0259l\u0259sin\u0259 g\u00f6r\u0259 bel a\u011fr\u0131s\u0131<\/a><\/li>\n<li id=\"menu-item-6921\" class=\"menu-item menu-item-type-post_type menu-item-object-page menu-item-6921\"><a href=\"https:\/\/profdrercangurses.com\/az\/agrilar\/arxa-agrisi\/\">Arxa A\u011fr\u0131s\u0131<\/a><\/li>\n<li id=\"menu-item-5423\" class=\"menu-item menu-item-type-post_type menu-item-object-page menu-item-5423\"><a href=\"https:\/\/profdrercangurses.com\/az\/agrilar\/neyropatik-agri-v%c9%99-nevralji\/\">Neyropatik A\u011fr\u0131 v\u0259 Nevralji<\/a><\/li>\n<li id=\"menu-item-6922\" class=\"menu-item menu-item-type-post_type menu-item-object-page menu-item-6922\"><a href=\"https:\/\/profdrercangurses.com\/az\/agrilar\/qarin-agrilari\/\">Qar\u0131n A\u011fr\u0131lar\u0131<\/a><\/li>\n<li id=\"menu-item-6923\" class=\"menu-item menu-item-type-post_type menu-item-object-page menu-item-6923\"><a href=\"https:\/\/profdrercangurses.com\/az\/agrilar\/x%c9%99rc%c9%99ng-agrilari\/\">X\u0259r\u00e7\u0259ng A\u011fr\u0131lar\u0131<\/a><\/li>\n<li id=\"menu-item-5422\" class=\"menu-item menu-item-type-post_type menu-item-object-page menu-item-5422\"><a href=\"https:\/\/profdrercangurses.com\/az\/agrilar\/fantom-agrilar\/\">Fantom A\u011fr\u0131lar<\/a><\/li>\n<li id=\"menu-item-6924\" class=\"menu-item menu-item-type-post_type menu-item-object-page menu-item-6924\"><a href=\"https:\/\/profdrercangurses.com\/az\/agrilar\/sin%c9%99-agrilari\/\">Sin\u0259 A\u011fr\u0131lar\u0131<\/a><\/li>\n<li id=\"menu-item-5424\" class=\"menu-item menu-item-type-post_type menu-item-object-page menu-item-5424\"><a href=\"https:\/\/profdrercangurses.com\/az\/agrilar\/oynaq-agrilari\/\">Oynaq A\u011fr\u0131lar\u0131<\/a><\/li>\n<li id=\"menu-item-6925\" class=\"menu-item menu-item-type-post_type menu-item-object-page menu-item-6925\"><a href=\"https:\/\/profdrercangurses.com\/az\/agrilar\/bel-agrilari\/siyatik-piriformis-%c9%99z%c9%99l%c9%99sin%c9%99-gor%c9%99-bel-agrisi\/\">Siyatik &#8211; Piriformis \u0259z\u0259l\u0259sin\u0259 g\u00f6r\u0259 bel a\u011fr\u0131s\u0131<\/a><\/li>\n<li id=\"menu-item-6926\" class=\"menu-item menu-item-type-post_type menu-item-object-page menu-item-6926\"><a href=\"https:\/\/profdrercangurses.com\/az\/agrilar\/bel-agrilari\/sakroiliak-agrisi\/\">Sakroiliak A\u011fr\u0131s\u0131<\/a><\/li>\n<\/ul><\/div>[\/vc_column_inner][vc_column_inner css=&#8221;.vc_custom_1608195737477{margin-bottom: 30px !important;padding-top: 35px !important;padding-right: 20px !important;padding-bottom: 35px !important;padding-left: 20px !important;background-color: #f7f8fa !important;border-radius: 5px !important;}&#8221; responsive_css=&#8221;margin_bottom_medium:45px|padding_right_medium:35px|padding_left_medium:35px&#8221;]<style>.ld_fancy_heading_69e1c7f75faff h3 {font-size:19px; } .ld_fancy_heading_69e1c7f75faff h3 {margin-bottom:1.25em !important;  } .ld_fancy_heading_69e1c7f75faff .lqd-highlight-inner{height:0.275em!important;bottom:0px!important;}.ld_fancy_heading_69e1c7f75faff h3 {font-size:19px; } .ld_fancy_heading_69e1c7f75faff h3 {margin-bottom:1.25em !important;  } <\/style><div class=\"ld-fancy-heading ld_fancy_heading_69e1c7f75faff\">\n\t<h3 class=\"ld-fh-element lqd-highlight-underline lqd-highlight-grow-left text-decoration-default\"   >  Biziml\u0259 \u0259laq\u0259 saxlay\u0131n<\/h3><\/div><style>.ld_cf7_69e1c7f75fd89 input,.ld_cf7_69e1c7f75fd89 textarea,.ld_cf7_69e1c7f75fd89 .ui-button.ui-selectmenu-button{font-size:15px;}.ld_cf7_69e1c7f75fd89 input[type=\"submit\"]{font-size:15px;background:rgb(24, 67, 65);border-color:rgb(24, 67, 65);}.ld_cf7_69e1c7f75fd89 input, .ld_cf7_69e1c7f75fd89 select, .ld_cf7_69e1c7f75fd89 textarea, .ld_cf7_69e1c7f75fd89 .ui-button.ui-selectmenu-button{background:rgb(255, 255, 255);}.ld_cf7_69e1c7f75fd89 input, .ld_cf7_69e1c7f75fd89 select, .ld_cf7_69e1c7f75fd89 textarea, .ld_cf7_69e1c7f75fd89 .ui-button.ui-selectmenu-button, .ld_cf7_69e1c7f75fd89 .wpcf7-form-control-wrap > i, .ld_cf7_69e1c7f75fd89 .wpcf7-radio{color:rgb(127, 130, 132);}.ld_cf7_69e1c7f75fd89 input:focus, .ld_cf7_69e1c7f75fd89 select:focus, .ld_cf7_69e1c7f75fd89 textarea:focus, .ld_cf7_69e1c7f75fd89 .ui-button.ui-selectmenu-button:hover, .wpcf7-acceptance .wpcf7-list-item-label:after{color:rgb(0, 0, 0);}.ld_cf7_69e1c7f75fd89 .wpcf7-form-control-wrap{margin-bottom:10px;}<\/style><div id=\"ld_cf7_69e1c7f75fd89\" class=\"lqd-contact-form lqd-contact-form-inputs-filled lqd-contact-form-inputs-round lqd-contact-form-button-block lqd-contact-form-button-round ld_cf7_69e1c7f75fd89 vc_custom_1622015176992\">\n\t\n<div class=\"wpcf7 no-js\" id=\"wpcf7-f74-o1\" lang=\"en-US\" dir=\"ltr\" data-wpcf7-id=\"74\">\n<div class=\"screen-reader-response\"><p role=\"status\" aria-live=\"polite\" aria-atomic=\"true\"><\/p> <ul><\/ul><\/div>\n<form action=\"\/az\/wp-json\/wp\/v2\/pages\/6903#wpcf7-f74-o1\" method=\"post\" class=\"wpcf7-form init\" aria-label=\"Contact form\" novalidate=\"novalidate\" data-status=\"init\">\n<fieldset class=\"hidden-fields-container\"><input type=\"hidden\" name=\"_wpcf7\" value=\"74\" \/><input type=\"hidden\" name=\"_wpcf7_version\" value=\"6.1.5\" \/><input type=\"hidden\" name=\"_wpcf7_locale\" value=\"en_US\" \/><input type=\"hidden\" name=\"_wpcf7_unit_tag\" value=\"wpcf7-f74-o1\" \/><input type=\"hidden\" name=\"_wpcf7_container_post\" value=\"0\" \/><input type=\"hidden\" name=\"_wpcf7_posted_data_hash\" value=\"\" \/><input type=\"hidden\" name=\"_wpcf7_recaptcha_response\" value=\"\" \/>\n<\/fieldset>\n<p><span class=\"wpcf7-form-control-wrap\" data-name=\"text-775\"><input size=\"40\" maxlength=\"400\" class=\"wpcf7-form-control wpcf7-text wpcf7-validates-as-required\" aria-required=\"true\" aria-invalid=\"false\" placeholder=\"Ad\u0131n\u0131z\" value=\"\" type=\"text\" name=\"text-775\" \/><\/span><span class=\"wpcf7-form-control-wrap\" data-name=\"email-550\"><input size=\"40\" maxlength=\"400\" class=\"wpcf7-form-control wpcf7-email wpcf7-validates-as-required wpcf7-text wpcf7-validates-as-email\" aria-required=\"true\" aria-invalid=\"false\" placeholder=\"Email adresiniz\" value=\"\" type=\"email\" name=\"email-550\" \/><\/span><span class=\"wpcf7-form-control-wrap\" data-name=\"textarea-138\"><textarea cols=\"10\" rows=\"4\" maxlength=\"2000\" class=\"wpcf7-form-control wpcf7-textarea wpcf7-validates-as-required\" aria-required=\"true\" aria-invalid=\"false\" placeholder=\"Mesaj\u0131n\u0131z\" name=\"textarea-138\"><\/textarea><\/span><input class=\"wpcf7-form-control wpcf7-submit has-spinner\" type=\"submit\" value=\"G\u00f6nder\" \/>\n<\/p><p style=\"display: none !important;\" class=\"akismet-fields-container\" data-prefix=\"_wpcf7_ak_\"><label>&#916;<textarea name=\"_wpcf7_ak_hp_textarea\" cols=\"45\" rows=\"8\" maxlength=\"100\"><\/textarea><\/label><input type=\"hidden\" id=\"ak_js_1\" name=\"_wpcf7_ak_js\" value=\"71\"\/><script>document.getElementById( \"ak_js_1\" ).setAttribute( \"value\", ( new Date() ).getTime() );<\/script><\/p><div class=\"wpcf7-response-output\" aria-hidden=\"true\"><\/div>\n<\/form>\n<\/div>\n<\/div>[\/vc_column_inner][vc_column_inner css=&#8221;.vc_custom_1608195709893{border-top-width: 1px !important;border-right-width: 1px !important;border-bottom-width: 1px !important;border-left-width: 1px !important;padding-top: 20px !important;padding-right: 20px !important;padding-bottom: 20px !important;padding-left: 20px !important;border-left-color: rgba(112,112,112,0.15) !important;border-left-style: solid !important;border-right-color: rgba(112,112,112,0.15) !important;border-right-style: solid !important;border-top-color: rgba(112,112,112,0.15) !important;border-top-style: solid !important;border-bottom-color: rgba(112,112,112,0.15) !important;border-bottom-style: solid !important;border-radius: 3px !important;}&#8221; responsive_css=&#8221;padding_right_large:35px|padding_left_large:50px|padding_right_medium:15px|padding_left_medium:15px|padding_right_small:10px|padding_left_small:10px&#8221;]<style>.ld_icon_box_69e1c7f761b63 .iconbox-icon-container{color:rgb(38, 176, 95);font-size:20px;width:65px !important;height:65px !important;background:rgba(38, 176, 95, 0.1);border-radius:px;}.ld_icon_box_69e1c7f761b63 .iconbox-icon-container:before{border-color:rgba(38, 176, 95, 0.1);}.ld_icon_box_69e1c7f761b63 .lqd-iconbox-title{color:rgb(160, 160, 160);margin-bottom:1px;font-size:15px;}<\/style>\n<div class=\"iconbox iconbox-side text-align-default align-items-center iconbox-circle ld_icon_box_69e1c7f761b63 vc_custom_1730703287103\" id=\"ld_icon_box_69e1c7f761b63\"  data-animate-icon=\"true\" data-plugin-options='{\"color\":\"rgb(38, 176, 95)\"}'  >\n\t\n\t\t\t\t\t\n\t\n\t<div class=\"iconbox-icon-wrap\"><span class=\"iconbox-icon-container\"><i class=\"lqd-icn-ess icon-lqd-mobile\"><\/i><\/span><\/div>\t\n\t\t\n\t<div class=\"contents\">\t\n\t\t\n\t<h3 class=\"lqd-iconbox-title font-weight-medium\">\u0130leti\u015fim Bilgisi:<\/h3>\t<p><a href=\"tel:+994 50 5178687\">+994 50 5178687<\/a><\/p>\n\t\t\n\t<\/div>\t\n\t\n<\/div>\n[\/vc_column_inner][\/vc_row_inner][\/vc_column][vc_column width=&#8221;2\/3&#8243; column_top_ontablet=&#8221;yes&#8221; column_top_onmobile=&#8221;yes&#8221; offset=&#8221;vc_col-md-offset-0 vc_col-md-8&#8243; responsive_css=&#8221;margin_bottom_medium:0px&#8221; css=&#8221;.vc_custom_1610729062932{margin-bottom: 35px !important;}&#8221;]<style>.ld_content_box_69e1c7f762d9a .lqd-fb-content-title{font-weight:700 !important;}.ld_content_box_69e1c7f762d9a .lqd-fb-bg{background:-webkit-linear-gradient(180deg, rgba(255, 255, 255, 0) 0%, rgba(24, 27, 49, 0.6) 100%);background:linear-gradient(180deg, rgba(255, 255, 255, 0) 0%, rgba(24, 27, 49, 0.6) 100%);}<\/style><div id=\"ld_content_box_69e1c7f762d9a\" class=\"lqd-fb lqd-fb-style-1 lqd-fb-style-1-3 round pos-rel overflow-hidden lqd-fb-zoom-img-onhover h-pt-60 ld_content_box_69e1c7f762d9a\" data-inview=\"true\">\n\t<div class=\"lqd-fb-inner lqd-overlay\">\n\n\t\t<div class=\"lqd-fb-img lqd-overlay overflow-hidden\">\n\n\t\t<figure data-responsive-bg=\"true\"><img decoding=\"async\" width=\"1080\" height=\"900\" data-src=\"https:\/\/profdrercangurses.com\/wp-content\/uploads\/2021\/12\/siyatik.jpg\" class=\"w-100 invisible lazyload\" alt=\"\" data-srcset=\"https:\/\/profdrercangurses.com\/wp-content\/uploads\/2021\/12\/siyatik.jpg 1080w, https:\/\/profdrercangurses.com\/wp-content\/uploads\/2021\/12\/siyatik-300x250.jpg 300w, https:\/\/profdrercangurses.com\/wp-content\/uploads\/2021\/12\/siyatik-1024x853.jpg 1024w\" data-sizes=\"(max-width: 1080px) 100vw, 1080px\" itemprop=\"image\" title=\"\" src=\"data:image\/svg+xml;base64,PHN2ZyB3aWR0aD0iMSIgaGVpZ2h0PSIxIiB4bWxucz0iaHR0cDovL3d3dy53My5vcmcvMjAwMC9zdmciPjwvc3ZnPg==\" style=\"--smush-placeholder-width: 1080px; --smush-placeholder-aspect-ratio: 1080\/900;\"><\/figure>\t\t\n\t\t<\/div>\n\n\t\t<div class=\"lqd-fb-content lqd-overlay align-items-end\">\n\t\t\t<div class=\"lqd-fb-bg lqd-overlay\"><\/div>\n\t\t\t<div class=\"lqd-fb-hover-overlay lqd-overlay\"><\/div>\n\t\t\t<div class=\"lqd-fb-content-inner d-flex flex-column justify-content-end pos-rel h-100 w-100 w-md-75 p-4 p-md-8\">\n\t\t\t\t\n\t\t\t\t\t\t\t\t\n\t\t\t\t<div\n\t\t\t\tclass=\"lqd-fb-content-bottom mt-auto\"\n\t\t\t\tdata-custom-animations=\"true\"\n\t\t\t\tdata-ca-options='{ \"triggerHandler\": \"inview\", \"animationTarget\": \"all-childs\", \"duration\": 1200, \"delay\": 120,  \"startDelay\": 300, \"initValues\": { \"y\": 30, \"opacity\": 0 }, \"animations\": { \"y\": 0, \"opacity\": 1 } }'>\n\t\t\t\t\t\n\t\t\t\t\t\t\t\t\t\t<h2\t\t\t\t\tclass=\"lqd-fb-content-title my-0 mb-3\"\n\t\t\t\t\tdata-split-text=\"true\" data-split-options='{ \"type\": \"lines\" }'>Siyatik - Piriformis \u0259z\u0259l\u0259sin\u0259 g\u00f6r\u0259 bel a\u011fr\u0131s\u0131\t\t\t\t\t<\/h2>\n\t\t\t\t\t\t\t\t\t\t\n\t\t\t\t\t\n\t\t\t\t\t\t\t\t\t\t<p\n\t\t\t\t\tclass=\"my-0 mb-5\"\n\t\t\t\t\tdata-split-text=\"true\" data-split-options='{ \"type\": \"lines\" }'>\u0130nsan b\u0259d\u0259nind\u0259 \u0259n vacib, \u0259n uzun v\u0259 \u0259n qal\u0131n sinir siyatik sinirdir. Bu sinirin z\u0259d\u0259l\u0259nm\u0259si v\u0259 t\u0259zyiqi siyatik adlanan a\u011fr\u0131ya s\u0259b\u0259b olur.<\/p>\n\t\t\t\t\t\n\t\t\t\t\t\n\t\t\t\t<\/div>\n\t\t\t\t\n\t\t\t<\/div>\n\t\t<\/div>\n\n\t<\/div>\n<\/div>\n[vc_column_text]Siyatik sinir omba nahiy\u0259sind\u0259 yerl\u0259\u015f\u0259n piriformis adl\u0131 \u0259z\u0259l\u0259d\u0259n aya\u011fa do\u011fru uzan\u0131r. Siyatik sinirin s\u0131x\u0131lmas\u0131 v\u0259 ya iltihab\u0131 siyatik adlanan b\u00fct\u00fcn aya\u011fa yay\u0131lan a\u011fr\u0131ya s\u0259b\u0259b olur. Y\u0131rt\u0131q disk siyatikaya b\u0259nz\u0259r simptomlara s\u0259b\u0259b ola bil\u0259r, buna g\u00f6r\u0259 d\u0259 h\u0259r iki poz\u011funluq qar\u0131\u015fd\u0131r\u0131la bil\u0259r. Bel, omba v\u0259 ayaqlara t\u0259sir ed\u0259n siyatik a\u011fr\u0131s\u0131 m\u00fcalic\u0259 edilm\u0259dikd\u0259 ir\u0259lil\u0259y\u0259 bil\u0259r. Bu \u015fidd\u0259tli a\u011fr\u0131lar x\u0259st\u0259l\u0259rin h\u0259yat keyfiyy\u0259tini a\u015fa\u011f\u0131 sal\u0131r.<\/p>\n<h2>Siyatik n\u0259dir?<\/h2>\n<p>Siyatik sinir tibbd\u0259 nervus ischiadicus adlan\u0131r. Belin a\u015fa\u011f\u0131 hiss\u0259sind\u0259 4-c\u00fc v\u0259 5-ci f\u0259q\u0259r\u0259l\u0259rd\u0259n yaran\u0131r v\u0259 omban\u0131n orta hiss\u0259sind\u0259n dabana q\u0259d\u0259r uzan\u0131r. \u0130nsan b\u0259d\u0259ninin \u0259n uzun v\u0259 \u0259n qal\u0131n\/\u0259n geni\u015f siniri olan siyatik, aya\u011f\u0131n hamar h\u0259r\u0259k\u0259tini t\u0259min ed\u0259n \u0259h\u0259miyy\u0259tli bir qurulu\u015fdur. Siyatik sinird\u0259 uzanma, z\u0259d\u0259l\u0259nm\u0259 v\u0259 s\u0131x\u0131lma ayaq v\u0259 bel nahiy\u0259sind\u0259 a\u011fr\u0131lara s\u0259b\u0259b olur. Bu a\u011fr\u0131lar siyatik a\u011fr\u0131s\u0131 olaraq t\u0259yin olunur.<\/p>\n<h2>Siyatikaya n\u0259 s\u0259b\u0259b olur?<\/h2>\n<p>Siyatik a\u011fr\u0131lar\u0131 m\u00fcxt\u0259lif s\u0259b\u0259bl\u0259rd\u0259n yarana bil\u0259r. Z\u0259if duru\u015f, art\u0131q \u00e7\u0259ki v\u0259 piyl\u0259nm\u0259, ir\u0259lil\u0259y\u0259n ya\u015f, y\u0131rt\u0131q, vertebra z\u0259d\u0259l\u0259nm\u0259si v\u0259 oturaq h\u0259yat t\u0259rzi kimi bir \u00e7ox s\u0259b\u0259b siyatik a\u011fr\u0131ya s\u0259b\u0259b ola bil\u0259r. Piriformis \u0259z\u0259l\u0259si x\u00fcsusil\u0259 a\u011f\u0131r \u0259\u015fyalar\u0131 qald\u0131rmaq v\u0259 ya t\u0259rs h\u0259r\u0259k\u0259tl\u0259r etm\u0259k n\u0259tic\u0259sind\u0259 b\u00fcz\u00fcl\u0259 bil\u0259r. Bu, siyatik sinir \u0259z\u0259l\u0259sinin s\u0131x\u0131lmas\u0131na s\u0259b\u0259b ola bil\u0259r. B\u0259z\u0259n a\u015fa\u011f\u0131 s\u00fcr\u0259tl\u0259 qa\u00e7maq n\u0259tic\u0259sind\u0259 eyni problem yarana bil\u0259r.<\/p>\n<h2>Siyatik simptomlar\u0131<\/h2>\n<p>Siyatik a\u011fr\u0131lar\u0131 ombadan aya\u011fa yay\u0131l\u0131r. Yanma var. Omban\u0131 h\u0259r\u0259k\u0259t etdirdikc\u0259 a\u011fr\u0131 art\u0131r. Oturark\u0259n v\u0259 dayanark\u0259n d\u0259 arta bil\u0259r. Siyatikan\u0131n simptomlar\u0131 a\u015fa\u011f\u0131dak\u0131 kimi s\u0131ralana bil\u0259r:<\/p>\n<ul>\n<li>Ombadan dabana q\u0259d\u0259r uzanan \u00e7\u0259km\u0259 hissi<\/li>\n<li>Ayaqlarda v\u0259 ayaqlarda kar\u0131ncalanma<\/li>\n<li>Ayaq barmaqlar\u0131nda v\u0259 dabanda sancma hissi<\/li>\n<li>Siyatik sinirin ke\u00e7diyi nahiy\u0259l\u0259rd\u0259 uyu\u015fma<\/li>\n<li>H\u0259r\u0259k\u0259td\u0259 \u00e7\u0259tinlik v\u0259 h\u0259r\u0259k\u0259tl\u0259 artan a\u011fr\u0131<\/li>\n<li>Sidik qa\u00e7\u0131rma v\u0259 qaz s\u0131zmas\u0131<\/li>\n<\/ul>\n<h2>Diaqnoz<\/h2>\n<p>Bu x\u0259st\u0259liyin diaqnozu klinik m\u00fcayin\u0259 il\u0259 qoyulur. Diaqnoz v\u0259 diaqnoz \u00fc\u00e7\u00fcn g\u00f6r\u00fcnt\u00fcl\u0259m\u0259 \u00fcsullar\u0131 h\u0259mi\u015f\u0259 kifay\u0259t olmaya bil\u0259r.<\/p>\n<h2>Siyatik m\u00fcalic\u0259si<\/h2>\n<p>Soyuq t\u0259tbiq siyatik a\u011fr\u0131lar\u0131n\u0131n m\u00fcalic\u0259sind\u0259 rahatla\u015fd\u0131r\u0131c\u0131 t\u0259sir yarad\u0131r. A\u011fr\u0131l\u0131 nahiy\u0259y\u0259 g\u00fcnd\u0259 2 v\u0259 ya 3 d\u0259f\u0259 soyuq t\u0259tbiq etm\u0259k olar. Y\u00fcng\u00fcl hallarda bu \u00fcsul ad\u0259t\u0259n m\u00fcsb\u0259t n\u0259tic\u0259l\u0259r verir. Bundan \u0259lav\u0259, istirah\u0259t v\u0259 d\u0259rman da istifad\u0259 edil\u0259 bil\u0259r. Bu \u00fcsullarla yax\u015f\u0131la\u015fmayan x\u0259st\u0259l\u0259rd\u0259 g\u00f6r\u00fcnt\u00fc alt\u0131nda lokal anesteziya il\u0259 piriformis \u0259z\u0259l\u0259sin\u0259 inyeksiya rahatl\u0131q t\u0259min ed\u0259 bil\u0259r. Enjeksiyon effekti q\u0131sa m\u00fcdd\u0259tli olarsa, piriformis kanal\u0131 vasit\u0259sil\u0259 radiotezlik m\u00fcalic\u0259si t\u0259tbiq oluna bil\u0259r.[\/vc_column_text][vc_separator color=&#8221;custom&#8221; accent_color=&#8221;rgba(0,0,0,0.1)&#8221; css=&#8221;.vc_custom_1608195050020{margin-top: 10px !important;}&#8221;][\/vc_column][\/vc_row][vc_row][vc_column][\/vc_column][\/vc_row]<\/p>\n","protected":false},"excerpt":{"rendered":"<p>[vc_row css=&#8221;.vc_custom_1622016079265{padding-top: 60px !important;padding-bottom: 60px !important;}&#8221;][vc_column enable_pin=&#8221;enable_pin&#8221; width=&#8221;5\/12&#8243; offset=&#8221;vc_col-md-4&#8243; responsive_css=&#8221;padding_right_medium:7%25&#8243;][vc_row_inner][vc_column_inner responsive_css=&#8221;margin_bottom_medium:45px&#8221; css=&#8221;.vc_custom_1608194013763{margin-bottom: 30px !important;}&#8221;][\/vc_column_inner][vc_column_inner css=&#8221;.vc_custom_1608195737477{margin-bottom: 30px !important;padding-top: 35px !important;padding-right: 20px !important;padding-bottom: 35px !important;padding-left: 20px !important;background-color: #f7f8fa !important;border-radius: 5px !important;}&#8221; responsive_css=&#8221;margin_bottom_medium:45px|padding_right_medium:35px|padding_left_medium:35px&#8221;][\/vc_column_inner][vc_column_inner css=&#8221;.vc_custom_1608195709893{border-top-width: 1px !important;border-right-width: 1px !important;border-bottom-width: 1px !important;border-left-width: 1px !important;padding-top: 20px !important;padding-right: 20px !important;padding-bottom: 20px !important;padding-left: 20px !important;border-left-color: rgba(112,112,112,0.15) !important;border-left-style: solid !important;border-right-color: rgba(112,112,112,0.15) !important;border-right-style: solid !important;border-top-color: [&hellip;]<\/p>\n","protected":false},"author":1,"featured_media":0,"parent":4765,"menu_order":0,"comment_status":"closed","ping_status":"closed","template":"","meta":{"footnotes":""},"class_list":["post-6903","page","type-page","status-publish","hentry"],"_links":{"self":[{"href":"https:\/\/profdrercangurses.com\/az\/wp-json\/wp\/v2\/pages\/6903","targetHints":{"allow":["GET"]}}],"collection":[{"href":"https:\/\/profdrercangurses.com\/az\/wp-json\/wp\/v2\/pages"}],"about":[{"href":"https:\/\/profdrercangurses.com\/az\/wp-json\/wp\/v2\/types\/page"}],"author":[{"embeddable":true,"href":"https:\/\/profdrercangurses.com\/az\/wp-json\/wp\/v2\/users\/1"}],"replies":[{"embeddable":true,"href":"https:\/\/profdrercangurses.com\/az\/wp-json\/wp\/v2\/comments?post=6903"}],"version-history":[{"count":1,"href":"https:\/\/profdrercangurses.com\/az\/wp-json\/wp\/v2\/pages\/6903\/revisions"}],"predecessor-version":[{"id":7116,"href":"https:\/\/profdrercangurses.com\/az\/wp-json\/wp\/v2\/pages\/6903\/revisions\/7116"}],"up":[{"embeddable":true,"href":"https:\/\/profdrercangurses.com\/az\/wp-json\/wp\/v2\/pages\/4765"}],"wp:attachment":[{"href":"https:\/\/profdrercangurses.com\/az\/wp-json\/wp\/v2\/media?parent=6903"}],"curies":[{"name":"wp","href":"https:\/\/api.w.org\/{rel}","templated":true}]}}