{"id":6904,"date":"2021-12-20T13:45:13","date_gmt":"2021-12-20T10:45:13","guid":{"rendered":"https:\/\/profdrercangurses.com\/agrilar\/boyun-agrisi\/"},"modified":"2024-11-04T09:51:37","modified_gmt":"2024-11-04T06:51:37","slug":"boyun-agrisi","status":"publish","type":"page","link":"https:\/\/profdrercangurses.com\/az\/agrilar\/boyun-agrisi\/","title":{"rendered":"Boyun A\u011fr\u0131s\u0131"},"content":{"rendered":"<p>[vc_row css=&#8221;.vc_custom_1622016079265{padding-top: 60px !important;padding-bottom: 60px !important;}&#8221;][vc_column enable_pin=&#8221;enable_pin&#8221; width=&#8221;5\/12&#8243; offset=&#8221;vc_col-md-4&#8243; responsive_css=&#8221;padding_right_medium:7%25&#8243;][vc_row_inner][vc_column_inner responsive_css=&#8221;margin_bottom_medium:45px&#8221; css=&#8221;.vc_custom_1608194013763{margin-bottom: 30px !important;}&#8221;]<style>.ld_custom_menu_69e2048747fd9 > ul > li > a{font-size:15px;font-weight:700;letter-spacing:0.01em;color:rgb(51, 51, 51);background:rgb(247, 248, 250);}.ld_custom_menu_69e2048747fd9 > ul > li:not(:last-child){margin-bottom:3px;}.lqd-stickybar > .lqd-head-col > .header-module > .ld_custom_menu_69e2048747fd9 li{margin-inline-start:3px;}.ld_custom_menu_69e2048747fd9 > ul > li > a:hover, .ld_custom_menu_69e2048747fd9 li.is-active > a{background:rgb(233, 233, 233);}<\/style><div\n\tclass=\"lqd-fancy-menu lqd-custom-menu menu-items-has-fill lqd-menu-td-none ld_custom_menu_69e2048747fd9\"\n\t>\n\n<ul id=\"ld_custom_menu_69e2048747fd9\" class=\"reset-ul   \" ><li id=\"menu-item-6918\" class=\"menu-item menu-item-type-post_type menu-item-object-page menu-item-6918\"><a href=\"https:\/\/profdrercangurses.com\/az\/agrilar\/arxa-agrisi\/\">Arxa A\u011fr\u0131s\u0131<\/a><\/li>\n<li id=\"menu-item-6919\" class=\"menu-item menu-item-type-post_type menu-item-object-page menu-item-6919\"><a href=\"https:\/\/profdrercangurses.com\/az\/agrilar\/boyun-agrisi\/\">Boyun A\u011fr\u0131s\u0131<\/a><\/li>\n<li id=\"menu-item-6920\" class=\"menu-item menu-item-type-post_type menu-item-object-page menu-item-6920\"><a href=\"https:\/\/profdrercangurses.com\/az\/agrilar\/bel-agrilari\/siyatik-piriformis-%c9%99z%c9%99l%c9%99sin%c9%99-gor%c9%99-bel-agrisi\/\">Siyatik &#8211; Piriformis \u0259z\u0259l\u0259sin\u0259 g\u00f6r\u0259 bel a\u011fr\u0131s\u0131<\/a><\/li>\n<li id=\"menu-item-6921\" class=\"menu-item menu-item-type-post_type menu-item-object-page menu-item-6921\"><a href=\"https:\/\/profdrercangurses.com\/az\/agrilar\/arxa-agrisi\/\">Arxa A\u011fr\u0131s\u0131<\/a><\/li>\n<li id=\"menu-item-5423\" class=\"menu-item menu-item-type-post_type menu-item-object-page menu-item-5423\"><a href=\"https:\/\/profdrercangurses.com\/az\/agrilar\/neyropatik-agri-v%c9%99-nevralji\/\">Neyropatik A\u011fr\u0131 v\u0259 Nevralji<\/a><\/li>\n<li id=\"menu-item-6922\" class=\"menu-item menu-item-type-post_type menu-item-object-page menu-item-6922\"><a href=\"https:\/\/profdrercangurses.com\/az\/agrilar\/qarin-agrilari\/\">Qar\u0131n A\u011fr\u0131lar\u0131<\/a><\/li>\n<li id=\"menu-item-6923\" class=\"menu-item menu-item-type-post_type menu-item-object-page menu-item-6923\"><a href=\"https:\/\/profdrercangurses.com\/az\/agrilar\/x%c9%99rc%c9%99ng-agrilari\/\">X\u0259r\u00e7\u0259ng A\u011fr\u0131lar\u0131<\/a><\/li>\n<li id=\"menu-item-5422\" class=\"menu-item menu-item-type-post_type menu-item-object-page menu-item-5422\"><a href=\"https:\/\/profdrercangurses.com\/az\/agrilar\/fantom-agrilar\/\">Fantom A\u011fr\u0131lar<\/a><\/li>\n<li id=\"menu-item-6924\" class=\"menu-item menu-item-type-post_type menu-item-object-page menu-item-6924\"><a href=\"https:\/\/profdrercangurses.com\/az\/agrilar\/sin%c9%99-agrilari\/\">Sin\u0259 A\u011fr\u0131lar\u0131<\/a><\/li>\n<li id=\"menu-item-5424\" class=\"menu-item menu-item-type-post_type menu-item-object-page menu-item-5424\"><a href=\"https:\/\/profdrercangurses.com\/az\/agrilar\/oynaq-agrilari\/\">Oynaq A\u011fr\u0131lar\u0131<\/a><\/li>\n<li id=\"menu-item-6925\" class=\"menu-item menu-item-type-post_type menu-item-object-page menu-item-6925\"><a href=\"https:\/\/profdrercangurses.com\/az\/agrilar\/bel-agrilari\/siyatik-piriformis-%c9%99z%c9%99l%c9%99sin%c9%99-gor%c9%99-bel-agrisi\/\">Siyatik &#8211; Piriformis \u0259z\u0259l\u0259sin\u0259 g\u00f6r\u0259 bel a\u011fr\u0131s\u0131<\/a><\/li>\n<li id=\"menu-item-6926\" class=\"menu-item menu-item-type-post_type menu-item-object-page menu-item-6926\"><a href=\"https:\/\/profdrercangurses.com\/az\/agrilar\/bel-agrilari\/sakroiliak-agrisi\/\">Sakroiliak A\u011fr\u0131s\u0131<\/a><\/li>\n<\/ul><\/div>[\/vc_column_inner][vc_column_inner css=&#8221;.vc_custom_1608195737477{margin-bottom: 30px !important;padding-top: 35px !important;padding-right: 20px !important;padding-bottom: 35px !important;padding-left: 20px !important;background-color: #f7f8fa !important;border-radius: 5px !important;}&#8221; responsive_css=&#8221;margin_bottom_medium:45px|padding_right_medium:35px|padding_left_medium:35px&#8221;]<style>.ld_fancy_heading_69e20487535a8 h3 {font-size:19px; } .ld_fancy_heading_69e20487535a8 h3 {margin-bottom:1.25em !important;  } .ld_fancy_heading_69e20487535a8 .lqd-highlight-inner{height:0.275em!important;bottom:0px!important;}.ld_fancy_heading_69e20487535a8 h3 {font-size:19px; } .ld_fancy_heading_69e20487535a8 h3 {margin-bottom:1.25em !important;  } <\/style><div class=\"ld-fancy-heading ld_fancy_heading_69e20487535a8\">\n\t<h3 class=\"ld-fh-element lqd-highlight-underline lqd-highlight-grow-left text-decoration-default\"   >  Biziml\u0259 \u0259laq\u0259 saxlay\u0131n<\/h3><\/div><style>.ld_cf7_69e204875395e input,.ld_cf7_69e204875395e textarea,.ld_cf7_69e204875395e .ui-button.ui-selectmenu-button{font-size:15px;}.ld_cf7_69e204875395e input[type=\"submit\"]{font-size:15px;background:rgb(24, 67, 65);border-color:rgb(24, 67, 65);}.ld_cf7_69e204875395e input, .ld_cf7_69e204875395e select, .ld_cf7_69e204875395e textarea, .ld_cf7_69e204875395e .ui-button.ui-selectmenu-button{background:rgb(255, 255, 255);}.ld_cf7_69e204875395e input, .ld_cf7_69e204875395e select, .ld_cf7_69e204875395e textarea, .ld_cf7_69e204875395e .ui-button.ui-selectmenu-button, .ld_cf7_69e204875395e .wpcf7-form-control-wrap > i, .ld_cf7_69e204875395e .wpcf7-radio{color:rgb(127, 130, 132);}.ld_cf7_69e204875395e input:focus, .ld_cf7_69e204875395e select:focus, .ld_cf7_69e204875395e textarea:focus, .ld_cf7_69e204875395e .ui-button.ui-selectmenu-button:hover, .wpcf7-acceptance .wpcf7-list-item-label:after{color:rgb(0, 0, 0);}.ld_cf7_69e204875395e .wpcf7-form-control-wrap{margin-bottom:10px;}<\/style><div id=\"ld_cf7_69e204875395e\" class=\"lqd-contact-form lqd-contact-form-inputs-filled lqd-contact-form-inputs-round lqd-contact-form-button-block lqd-contact-form-button-round ld_cf7_69e204875395e vc_custom_1622015176992\">\n\t\n<div class=\"wpcf7 no-js\" id=\"wpcf7-f74-o1\" lang=\"en-US\" dir=\"ltr\" data-wpcf7-id=\"74\">\n<div class=\"screen-reader-response\"><p role=\"status\" aria-live=\"polite\" aria-atomic=\"true\"><\/p> <ul><\/ul><\/div>\n<form action=\"\/az\/wp-json\/wp\/v2\/pages\/6904#wpcf7-f74-o1\" method=\"post\" class=\"wpcf7-form init\" aria-label=\"Contact form\" novalidate=\"novalidate\" data-status=\"init\">\n<fieldset class=\"hidden-fields-container\"><input type=\"hidden\" name=\"_wpcf7\" value=\"74\" \/><input type=\"hidden\" name=\"_wpcf7_version\" value=\"6.1.5\" \/><input type=\"hidden\" name=\"_wpcf7_locale\" value=\"en_US\" \/><input type=\"hidden\" name=\"_wpcf7_unit_tag\" value=\"wpcf7-f74-o1\" \/><input type=\"hidden\" name=\"_wpcf7_container_post\" value=\"0\" \/><input type=\"hidden\" name=\"_wpcf7_posted_data_hash\" value=\"\" \/><input type=\"hidden\" name=\"_wpcf7_recaptcha_response\" value=\"\" \/>\n<\/fieldset>\n<p><span class=\"wpcf7-form-control-wrap\" data-name=\"text-775\"><input size=\"40\" maxlength=\"400\" class=\"wpcf7-form-control wpcf7-text wpcf7-validates-as-required\" aria-required=\"true\" aria-invalid=\"false\" placeholder=\"Ad\u0131n\u0131z\" value=\"\" type=\"text\" name=\"text-775\" \/><\/span><span class=\"wpcf7-form-control-wrap\" data-name=\"email-550\"><input size=\"40\" maxlength=\"400\" class=\"wpcf7-form-control wpcf7-email wpcf7-validates-as-required wpcf7-text wpcf7-validates-as-email\" aria-required=\"true\" aria-invalid=\"false\" placeholder=\"Email adresiniz\" value=\"\" type=\"email\" name=\"email-550\" \/><\/span><span class=\"wpcf7-form-control-wrap\" data-name=\"textarea-138\"><textarea cols=\"10\" rows=\"4\" maxlength=\"2000\" class=\"wpcf7-form-control wpcf7-textarea wpcf7-validates-as-required\" aria-required=\"true\" aria-invalid=\"false\" placeholder=\"Mesaj\u0131n\u0131z\" name=\"textarea-138\"><\/textarea><\/span><input class=\"wpcf7-form-control wpcf7-submit has-spinner\" type=\"submit\" value=\"G\u00f6nder\" \/>\n<\/p><p style=\"display: none !important;\" class=\"akismet-fields-container\" data-prefix=\"_wpcf7_ak_\"><label>&#916;<textarea name=\"_wpcf7_ak_hp_textarea\" cols=\"45\" rows=\"8\" maxlength=\"100\"><\/textarea><\/label><input type=\"hidden\" id=\"ak_js_1\" name=\"_wpcf7_ak_js\" value=\"37\"\/><script>document.getElementById( \"ak_js_1\" ).setAttribute( \"value\", ( new Date() ).getTime() );<\/script><\/p><div class=\"wpcf7-response-output\" aria-hidden=\"true\"><\/div>\n<\/form>\n<\/div>\n<\/div>[\/vc_column_inner][vc_column_inner css=&#8221;.vc_custom_1608195709893{border-top-width: 1px !important;border-right-width: 1px !important;border-bottom-width: 1px !important;border-left-width: 1px !important;padding-top: 20px !important;padding-right: 20px !important;padding-bottom: 20px !important;padding-left: 20px !important;border-left-color: rgba(112,112,112,0.15) !important;border-left-style: solid !important;border-right-color: rgba(112,112,112,0.15) !important;border-right-style: solid !important;border-top-color: rgba(112,112,112,0.15) !important;border-top-style: solid !important;border-bottom-color: rgba(112,112,112,0.15) !important;border-bottom-style: solid !important;border-radius: 3px !important;}&#8221; responsive_css=&#8221;padding_right_large:35px|padding_left_large:50px|padding_right_medium:15px|padding_left_medium:15px|padding_right_small:10px|padding_left_small:10px&#8221;]<style>.ld_icon_box_69e204875685d .iconbox-icon-container{color:rgb(38, 176, 95);font-size:20px;width:65px !important;height:65px !important;background:rgba(38, 176, 95, 0.1);border-radius:px;}.ld_icon_box_69e204875685d .iconbox-icon-container:before{border-color:rgba(38, 176, 95, 0.1);}.ld_icon_box_69e204875685d .lqd-iconbox-title{color:rgb(160, 160, 160);margin-bottom:1px;font-size:15px;}<\/style>\n<div class=\"iconbox iconbox-side text-align-default align-items-center iconbox-circle ld_icon_box_69e204875685d vc_custom_1730703089488\" id=\"ld_icon_box_69e204875685d\"  data-animate-icon=\"true\" data-plugin-options='{\"color\":\"rgb(38, 176, 95)\"}'  >\n\t\n\t\t\t\t\t\n\t\n\t<div class=\"iconbox-icon-wrap\"><span class=\"iconbox-icon-container\"><i class=\"lqd-icn-ess icon-lqd-mobile\"><\/i><\/span><\/div>\t\n\t\t\n\t<div class=\"contents\">\t\n\t\t\n\t<h3 class=\"lqd-iconbox-title font-weight-medium\">\u0130leti\u015fim Bilgisi:<\/h3>\t<p><a href=\"tel:+994 50 5178687\">+994 50 5178687<\/a><\/p>\n\t\t\n\t<\/div>\t\n\t\n<\/div>\n[\/vc_column_inner][\/vc_row_inner][\/vc_column][vc_column width=&#8221;2\/3&#8243; column_top_ontablet=&#8221;yes&#8221; column_top_onmobile=&#8221;yes&#8221; offset=&#8221;vc_col-md-offset-0 vc_col-md-8&#8243; responsive_css=&#8221;margin_bottom_medium:0px&#8221; css=&#8221;.vc_custom_1610729062932{margin-bottom: 35px !important;}&#8221;]<style>.ld_content_box_69e2048757423 .lqd-fb-content-title{font-weight:700 !important;}.ld_content_box_69e2048757423 .lqd-fb-bg{background:-webkit-linear-gradient(180deg, rgba(255, 255, 255, 0) 0%, rgba(24, 27, 49, 0.6) 100%);background:linear-gradient(180deg, rgba(255, 255, 255, 0) 0%, rgba(24, 27, 49, 0.6) 100%);}<\/style><div id=\"ld_content_box_69e2048757423\" class=\"lqd-fb lqd-fb-style-1 lqd-fb-style-1-3 round pos-rel overflow-hidden lqd-fb-zoom-img-onhover h-pt-60 ld_content_box_69e2048757423\" data-inview=\"true\">\n\t<div class=\"lqd-fb-inner lqd-overlay\">\n\n\t\t<div class=\"lqd-fb-img lqd-overlay overflow-hidden\">\n\n\t\t<figure data-responsive-bg=\"true\"><img decoding=\"async\" width=\"1080\" height=\"900\" data-src=\"https:\/\/profdrercangurses.com\/wp-content\/uploads\/2021\/12\/boyunagrilari.jpg\" class=\"w-100 invisible lazyload\" alt=\"\" data-srcset=\"https:\/\/profdrercangurses.com\/wp-content\/uploads\/2021\/12\/boyunagrilari.jpg 1080w, https:\/\/profdrercangurses.com\/wp-content\/uploads\/2021\/12\/boyunagrilari-300x250.jpg 300w, https:\/\/profdrercangurses.com\/wp-content\/uploads\/2021\/12\/boyunagrilari-1024x853.jpg 1024w\" data-sizes=\"(max-width: 1080px) 100vw, 1080px\" itemprop=\"image\" title=\"\" src=\"data:image\/svg+xml;base64,PHN2ZyB3aWR0aD0iMSIgaGVpZ2h0PSIxIiB4bWxucz0iaHR0cDovL3d3dy53My5vcmcvMjAwMC9zdmciPjwvc3ZnPg==\" style=\"--smush-placeholder-width: 1080px; --smush-placeholder-aspect-ratio: 1080\/900;\"><\/figure>\t\t\n\t\t<\/div>\n\n\t\t<div class=\"lqd-fb-content lqd-overlay align-items-end\">\n\t\t\t<div class=\"lqd-fb-bg lqd-overlay\"><\/div>\n\t\t\t<div class=\"lqd-fb-hover-overlay lqd-overlay\"><\/div>\n\t\t\t<div class=\"lqd-fb-content-inner d-flex flex-column justify-content-end pos-rel h-100 w-100 w-md-75 p-4 p-md-8\">\n\t\t\t\t\n\t\t\t\t\t\t\t\t\n\t\t\t\t<div\n\t\t\t\tclass=\"lqd-fb-content-bottom mt-auto\"\n\t\t\t\tdata-custom-animations=\"true\"\n\t\t\t\tdata-ca-options='{ \"triggerHandler\": \"inview\", \"animationTarget\": \"all-childs\", \"duration\": 1200, \"delay\": 120,  \"startDelay\": 300, \"initValues\": { \"y\": 30, \"opacity\": 0 }, \"animations\": { \"y\": 0, \"opacity\": 1 } }'>\n\t\t\t\t\t\n\t\t\t\t\t\t\t\t\t\t<h2\t\t\t\t\tclass=\"lqd-fb-content-title my-0 mb-3\"\n\t\t\t\t\tdata-split-text=\"true\" data-split-options='{ \"type\": \"lines\" }'>Boyun A\u011fr\u0131s\u0131\t\t\t\t\t<\/h2>\n\t\t\t\t\t\t\t\t\t\t\n\t\t\t\t\t\n\t\t\t\t\t\t\t\t\t\t<p\n\t\t\t\t\tclass=\"my-0 mb-5\"\n\t\t\t\t\tdata-split-text=\"true\" data-split-options='{ \"type\": \"lines\" }'>Boynumuz g\u00fcn \u0259rzind\u0259 \u0259n \u00e7ox h\u0259r\u0259k\u0259t etdiyimiz hiss\u0259l\u0259rd\u0259n biridir. Ba\u015f, \u00e7iyinl\u0259r v\u0259 qollar aras\u0131ndak\u0131 \u0259laq\u0259 n\u00f6qt\u0259sind\u0259 yerl\u0259\u015f\u0259n boyun bir \u00e7ox vacib funksiyaya malikdir.<\/p>\n\t\t\t\t\t\n\t\t\t\t\t\n\t\t\t\t<\/div>\n\t\t\t\t\n\t\t\t<\/div>\n\t\t<\/div>\n\n\t<\/div>\n<\/div>\n[vc_column_text]Boynumuz ba\u015f\u0131n da\u015f\u0131y\u0131c\u0131s\u0131 olmaqla yana\u015f\u0131, onur\u011fa beyni, beyin, qollar v\u0259 b\u0259d\u0259nin qalan hiss\u0259si aras\u0131nda sinir \u0259laq\u0259sini d\u0259 t\u0259min edir. H\u0259r\u0259k\u0259tli sah\u0259 olmas\u0131 onu z\u0259d\u0259 v\u0259 z\u0259d\u0259l\u0259r\u0259 qar\u015f\u0131 h\u0259ssas edir; Bu, h\u0259r bir insan\u0131n g\u00fcnd\u0259lik h\u0259yat\u0131nda ya\u015fad\u0131\u011f\u0131 boyun a\u011fr\u0131lar\u0131na s\u0259b\u0259b olur. Boyun a\u011fr\u0131s\u0131 m\u00fcxt\u0259lif s\u0259b\u0259bl\u0259rd\u0259n h\u0259r ya\u015fda ba\u015f ver\u0259 bil\u0259n a\u011fr\u0131d\u0131r. Bel a\u011fr\u0131s\u0131ndan sonra ikinci \u0259n \u00e7ox g\u00f6r\u00fcl\u0259n a\u011fr\u0131 n\u00f6v\u00fc boyun v\u0259 boyun a\u011fr\u0131lar\u0131d\u0131r. \u00c7iyin, qol v\u0259 ya ba\u015f a\u011fr\u0131s\u0131 \u015fikay\u0259tl\u0259ri il\u0259 h\u0259kim\u0259 m\u00fcraci\u0259t ed\u0259n bir \u00e7ox x\u0259st\u0259nin qov\u015faq n\u00f6qt\u0259sind\u0259 yerl\u0259\u015fm\u0259sin\u0259 g\u00f6r\u0259 problemin boyun \u0259z\u0259l\u0259l\u0259ri v\u0259 dig\u0259r \u0259laq\u0259li strukturlardak\u0131 poz\u011funluqlardan qaynaqland\u0131\u011f\u0131 da m\u00fc\u015fahid\u0259 edilir.<\/p>\n<h2>Boyun a\u011fr\u0131s\u0131 simptomlar\u0131<\/h2>\n<p>Boyun a\u011fr\u0131s\u0131 \u00fc\u00e7 m\u00fcxt\u0259lif n\u00f6vd\u0259 ba\u015f verir: k\u0259skin, subakut v\u0259 xroniki. A\u011fr\u0131n\u0131n 1 aydan az davam etdiyi hallar k\u0259skin, 4-12 h\u0259ft\u0259 davam ed\u0259n hallar yar\u0131mk\u0259skin, 3 aydan \u00e7ox davam ed\u0259n hallar is\u0259 xroniki boyun a\u011fr\u0131lar\u0131 hesab edilir. Boyun a\u011fr\u0131s\u0131 m\u00fcxt\u0259lif yollarla \u00f6z\u00fcn\u00fc g\u00f6st\u0259r\u0259 bil\u0259r. Boyun a\u011fr\u0131s\u0131n\u0131n simptomlar\u0131 a\u015fa\u011f\u0131dak\u0131lard\u0131r:<\/p>\n<ul>\n<li>Ba\u015f\u0131 h\u0259r\u0259k\u0259t etdir\u0259rk\u0259n a\u011fr\u0131 hissi v\u0259 onu yan-yana \u00e7evirm\u0259kd\u0259 \u00e7\u0259tinlik; s\u0259rt boyun,<\/li>\n<li>Boyun bir n\u00f6qt\u0259sind\u0259, ad\u0259t\u0259n a\u015fa\u011f\u0131 hiss\u0259d\u0259 k\u0259skin a\u011fr\u0131<\/li>\n<li>Boyun nahiy\u0259sind\u0259 v\u0259 ya t\u0259k bir yerd\u0259 y\u00fcng\u00fcl, lakin davaml\u0131 a\u011fr\u0131,<\/li>\n<li>Boyundan ba\u015flayaraq \u00e7iyinl\u0259r\u0259 v\u0259 qollara yay\u0131lan yanma hissi,<\/li>\n<li>Boyun, qollar, barmaqlar v\u0259 \u00e7iyinl\u0259rd\u0259 kar\u0131ncalanma v\u0259 uyu\u015fma,<\/li>\n<li>Boyundan qaynaqlanan g\u0259rginlik tipli ba\u015f a\u011fr\u0131s\u0131<\/li>\n<\/ul>\n<h2>Boyun a\u011fr\u0131s\u0131na s\u0259b\u0259b n\u0259dir?<\/h2>\n<p>Boyun v\u0259 ya bel nahiy\u0259sind\u0259 olan a\u011fr\u0131lar ad\u0259t\u0259n k\u00fct a\u011fr\u0131d\u0131r. Yax\u015f\u0131; Uyu\u015fma, kar\u0131ncalanma v\u0259 elektrik \u015fokuna b\u0259nz\u0259r a\u011fr\u0131lar hiss olunur. Boyun h\u0259r\u0259k\u0259ti a\u011fr\u0131n\u0131n \u015fidd\u0259tini art\u0131ra bil\u0259r. B\u0259z\u0259n ba\u015fgic\u0259ll\u0259nm\u0259 a\u011fr\u0131 il\u0259 m\u00fc\u015fayi\u0259t oluna bil\u0259r. Yax\u015f\u0131, boyun a\u011fr\u0131s\u0131n\u0131n s\u0259b\u0259bl\u0259ri n\u0259l\u0259rdir? \u018fz\u0259l\u0259l\u0259rd\u0259, ba\u011flarda, s\u00fcm\u00fckl\u0259rd\u0259 v\u0259 ya diskl\u0259rd\u0259 olan poz\u011funluqlar, travmalar, z\u0259d\u0259l\u0259r, \u015fi\u015fkin limfa d\u00fcy\u00fcnl\u0259ri, \u015fi\u015fl\u0259r, \u00fcr\u0259k x\u0259st\u0259likl\u0259ri, a\u011fciy\u0259r x\u0259st\u0259likl\u0259ri, boyun kanal\u0131n\u0131n stenozu boyun a\u011fr\u0131lar\u0131na s\u0259b\u0259b olur. Boyun a\u011fr\u0131s\u0131na s\u0259b\u0259b olan \u0259n \u00e7ox yay\u0131lm\u0131\u015f iki x\u0259st\u0259lik servikal disk y\u0131rt\u0131\u011f\u0131 v\u0259 artritdir. <strong>Servikal disk y\u0131rt\u0131\u011f\u0131<\/strong>, Boyundak\u0131 diskl\u0259rin m\u00fcxt\u0259lif s\u0259b\u0259bl\u0259rd\u0259n degenerasiyas\u0131 v\u0259 bu diskl\u0259rin i\u00e7ind\u0259ki gel\u0259 b\u0259nz\u0259r mayenin \u00e7\u0131x\u0131b onur\u011fa beynin\u0259 v\u0259 sinirl\u0259r\u0259 t\u0259zyiq g\u00f6st\u0259rdiyi bir v\u0259ziyy\u0259tdir. <strong>Boyun kalsifikasiyas\u0131<\/strong> Boyun nahiy\u0259sind\u0259 olan diskl\u0259rin qopmas\u0131 v\u0259 ya a\u015f\u0131nmas\u0131 n\u0259tic\u0259sind\u0259 s\u00fcm\u00fckl\u0259rd\u0259 \u00e7\u0131x\u0131nt\u0131lar\u0131n (s\u00fcm\u00fck t\u0131xaclar\u0131n\u0131n), oynaqlarda is\u0259 struktur poz\u011funluqlar\u0131n\u0131n meydana g\u0259ldiyi bir v\u0259ziyy\u0259tdir.<\/p>\n<h2>Boyun a\u011fr\u0131s\u0131n\u0131n diaqnozu<\/h2>\n<p>Boyun a\u011fr\u0131s\u0131n\u0131n \u0259lam\u0259tl\u0259rin\u0259 baxmaq; Boyun s\u0259rtliyi, t\u0259k bir n\u00f6qt\u0259ni t\u0259sir ed\u0259n k\u0259skin a\u011fr\u0131lar, boyun boyunca yay\u0131lan a\u011fr\u0131lar, ba\u015fda a\u011fr\u0131lar v\u0259 cismi qald\u0131rma\u011fa \u00e7\u0259tinlik yaradan kar\u0131ncalanma a\u011fr\u0131lar\u0131 s\u0131ralana bil\u0259r. Boyun a\u011fr\u0131s\u0131 diaqnozu qoyulark\u0259n x\u0259st\u0259nin hans\u0131 simptomlarla qar\u015f\u0131la\u015fd\u0131\u011f\u0131na baxmaq laz\u0131md\u0131r. Boyun a\u011fr\u0131s\u0131n\u0131n diaqnozu v\u0259 diaqnozu x\u0259st\u0259nin tarixin\u0259 v\u0259 fiziki m\u00fcayin\u0259d\u0259n sonra h\u0259kim t\u0259r\u0259find\u0259n t\u0259l\u0259b olunan g\u00f6r\u00fcnt\u00fcl\u0259m\u0259 v\u0259 qan testl\u0259rinin n\u0259tic\u0259l\u0259rin\u0259 \u0259sas\u0259n qoyulur.<\/p>\n<h2>Boyun a\u011fr\u0131lar\u0131 nec\u0259 m\u00fcalic\u0259 olunur?<\/h2>\n<p>&#8220;Boyun a\u011fr\u0131s\u0131n\u0131 nec\u0259 aradan qald\u0131rmaq olar&#8221; sual\u0131 bir \u00e7ox x\u0259st\u0259ni maraqland\u0131r\u0131r. Ancaq \u015fayi\u0259 m\u0259lumatlarla boyun a\u011fr\u0131lar\u0131n\u0131 aradan qald\u0131rma\u011fa \u00e7al\u0131\u015fmaq yerin\u0259 uzun s\u00fcr\u0259n v\u0259 davam ed\u0259n a\u011fr\u0131lar \u00fc\u00e7\u00fcn m\u00fct\u0259x\u0259ssis\u0259 m\u00fcraci\u0259t edilm\u0259lidir. Boyun a\u011fr\u0131s\u0131n\u0131n m\u00fcalic\u0259sin\u0259 a\u011fr\u0131n\u0131n s\u0259b\u0259bi m\u00fc\u0259yy\u0259n edildikd\u0259n sonra q\u0259rar verilir. Boyun a\u011fr\u0131lar\u0131n\u0131n m\u00fcalic\u0259 \u00fcsullar\u0131 a\u015fa\u011f\u0131dak\u0131lard\u0131r:<\/p>\n<ul>\n<li>d\u0259rmanlar<\/li>\n<li>Epidural steroid enjeksiyonlar\u0131<\/li>\n<li>sinir bloklar\u0131<\/li>\n<li>Faset sinir inyeksiyas\u0131 v\u0259 radiotezlik t\u0259tbiql\u0259ri<\/li>\n<li>Posterior k\u00f6k inyeksiya v\u0259 radiotezlik t\u0259tbiql\u0259ri<\/li>\n<li>Diskdaxili ozon terapiyas\u0131<\/li>\n<li>Diskdaxili termal radiotezlik t\u0259tbiql\u0259ri<\/li>\n<li>Diskdaxili lazer t\u0259tbiql\u0259ri<\/li>\n<\/ul>\n<p>[\/vc_column_text][vc_separator color=&#8221;custom&#8221; accent_color=&#8221;rgba(0,0,0,0.1)&#8221; css=&#8221;.vc_custom_1608195050020{margin-top: 10px !important;}&#8221;][\/vc_column][\/vc_row][vc_row][vc_column][\/vc_column][\/vc_row]<\/p>\n","protected":false},"excerpt":{"rendered":"<p>[vc_row css=&#8221;.vc_custom_1622016079265{padding-top: 60px !important;padding-bottom: 60px !important;}&#8221;][vc_column enable_pin=&#8221;enable_pin&#8221; width=&#8221;5\/12&#8243; offset=&#8221;vc_col-md-4&#8243; responsive_css=&#8221;padding_right_medium:7%25&#8243;][vc_row_inner][vc_column_inner responsive_css=&#8221;margin_bottom_medium:45px&#8221; css=&#8221;.vc_custom_1608194013763{margin-bottom: 30px !important;}&#8221;][\/vc_column_inner][vc_column_inner css=&#8221;.vc_custom_1608195737477{margin-bottom: 30px !important;padding-top: 35px !important;padding-right: 20px !important;padding-bottom: 35px !important;padding-left: 20px !important;background-color: #f7f8fa !important;border-radius: 5px !important;}&#8221; responsive_css=&#8221;margin_bottom_medium:45px|padding_right_medium:35px|padding_left_medium:35px&#8221;][\/vc_column_inner][vc_column_inner css=&#8221;.vc_custom_1608195709893{border-top-width: 1px !important;border-right-width: 1px !important;border-bottom-width: 1px !important;border-left-width: 1px !important;padding-top: 20px !important;padding-right: 20px !important;padding-bottom: 20px !important;padding-left: 20px !important;border-left-color: rgba(112,112,112,0.15) !important;border-left-style: solid !important;border-right-color: rgba(112,112,112,0.15) !important;border-right-style: solid !important;border-top-color: [&hellip;]<\/p>\n","protected":false},"author":1,"featured_media":0,"parent":6897,"menu_order":0,"comment_status":"closed","ping_status":"closed","template":"","meta":{"footnotes":""},"class_list":["post-6904","page","type-page","status-publish","hentry"],"_links":{"self":[{"href":"https:\/\/profdrercangurses.com\/az\/wp-json\/wp\/v2\/pages\/6904","targetHints":{"allow":["GET"]}}],"collection":[{"href":"https:\/\/profdrercangurses.com\/az\/wp-json\/wp\/v2\/pages"}],"about":[{"href":"https:\/\/profdrercangurses.com\/az\/wp-json\/wp\/v2\/types\/page"}],"author":[{"embeddable":true,"href":"https:\/\/profdrercangurses.com\/az\/wp-json\/wp\/v2\/users\/1"}],"replies":[{"embeddable":true,"href":"https:\/\/profdrercangurses.com\/az\/wp-json\/wp\/v2\/comments?post=6904"}],"version-history":[{"count":1,"href":"https:\/\/profdrercangurses.com\/az\/wp-json\/wp\/v2\/pages\/6904\/revisions"}],"predecessor-version":[{"id":7106,"href":"https:\/\/profdrercangurses.com\/az\/wp-json\/wp\/v2\/pages\/6904\/revisions\/7106"}],"up":[{"embeddable":true,"href":"https:\/\/profdrercangurses.com\/az\/wp-json\/wp\/v2\/pages\/6897"}],"wp:attachment":[{"href":"https:\/\/profdrercangurses.com\/az\/wp-json\/wp\/v2\/media?parent=6904"}],"curies":[{"name":"wp","href":"https:\/\/api.w.org\/{rel}","templated":true}]}}