{"id":6905,"date":"2021-12-20T13:57:26","date_gmt":"2021-12-20T10:57:26","guid":{"rendered":"https:\/\/profdrercangurses.com\/agrilar\/sin%c9%99-agrilari\/"},"modified":"2024-11-04T09:52:42","modified_gmt":"2024-11-04T06:52:42","slug":"sin%c9%99-agrilari","status":"publish","type":"page","link":"https:\/\/profdrercangurses.com\/az\/agrilar\/sin%c9%99-agrilari\/","title":{"rendered":"Sin\u0259 A\u011fr\u0131lar\u0131"},"content":{"rendered":"<p>[vc_row css=&#8221;.vc_custom_1622016079265{padding-top: 60px !important;padding-bottom: 60px !important;}&#8221;][vc_column enable_pin=&#8221;enable_pin&#8221; width=&#8221;5\/12&#8243; offset=&#8221;vc_col-md-4&#8243; responsive_css=&#8221;padding_right_medium:7%25&#8243;][vc_row_inner][vc_column_inner responsive_css=&#8221;margin_bottom_medium:45px&#8221; css=&#8221;.vc_custom_1608194013763{margin-bottom: 30px !important;}&#8221;]<style>.ld_custom_menu_6a0613c97273c > ul > li > a{font-size:15px;font-weight:700;letter-spacing:0.01em;color:rgb(51, 51, 51);background:rgb(247, 248, 250);}.ld_custom_menu_6a0613c97273c > ul > li:not(:last-child){margin-bottom:3px;}.lqd-stickybar > .lqd-head-col > .header-module > .ld_custom_menu_6a0613c97273c li{margin-inline-start:3px;}.ld_custom_menu_6a0613c97273c > ul > li > a:hover, .ld_custom_menu_6a0613c97273c li.is-active > a{background:rgb(233, 233, 233);}<\/style><div\n\tclass=\"lqd-fancy-menu lqd-custom-menu menu-items-has-fill lqd-menu-td-none ld_custom_menu_6a0613c97273c\"\n\t>\n\n<ul id=\"ld_custom_menu_6a0613c97273c\" class=\"reset-ul   \" ><li id=\"menu-item-6918\" class=\"menu-item menu-item-type-post_type menu-item-object-page menu-item-6918\"><a href=\"https:\/\/profdrercangurses.com\/az\/agrilar\/arxa-agrisi\/\">Arxa A\u011fr\u0131s\u0131<\/a><\/li>\n<li id=\"menu-item-6919\" class=\"menu-item menu-item-type-post_type menu-item-object-page menu-item-6919\"><a href=\"https:\/\/profdrercangurses.com\/az\/agrilar\/boyun-agrisi\/\">Boyun A\u011fr\u0131s\u0131<\/a><\/li>\n<li id=\"menu-item-6920\" class=\"menu-item menu-item-type-post_type menu-item-object-page menu-item-6920\"><a href=\"https:\/\/profdrercangurses.com\/az\/agrilar\/bel-agrilari\/siyatik-piriformis-%c9%99z%c9%99l%c9%99sin%c9%99-gor%c9%99-bel-agrisi\/\">Siyatik &#8211; Piriformis \u0259z\u0259l\u0259sin\u0259 g\u00f6r\u0259 bel a\u011fr\u0131s\u0131<\/a><\/li>\n<li id=\"menu-item-6921\" class=\"menu-item menu-item-type-post_type menu-item-object-page menu-item-6921\"><a href=\"https:\/\/profdrercangurses.com\/az\/agrilar\/arxa-agrisi\/\">Arxa A\u011fr\u0131s\u0131<\/a><\/li>\n<li id=\"menu-item-5423\" class=\"menu-item menu-item-type-post_type menu-item-object-page menu-item-5423\"><a href=\"https:\/\/profdrercangurses.com\/az\/agrilar\/neyropatik-agri-v%c9%99-nevralji\/\">Neyropatik A\u011fr\u0131 v\u0259 Nevralji<\/a><\/li>\n<li id=\"menu-item-6922\" class=\"menu-item menu-item-type-post_type menu-item-object-page menu-item-6922\"><a href=\"https:\/\/profdrercangurses.com\/az\/agrilar\/qarin-agrilari\/\">Qar\u0131n A\u011fr\u0131lar\u0131<\/a><\/li>\n<li id=\"menu-item-6923\" class=\"menu-item menu-item-type-post_type menu-item-object-page menu-item-6923\"><a href=\"https:\/\/profdrercangurses.com\/az\/agrilar\/x%c9%99rc%c9%99ng-agrilari\/\">X\u0259r\u00e7\u0259ng A\u011fr\u0131lar\u0131<\/a><\/li>\n<li id=\"menu-item-5422\" class=\"menu-item menu-item-type-post_type menu-item-object-page menu-item-5422\"><a href=\"https:\/\/profdrercangurses.com\/az\/agrilar\/fantom-agrilar\/\">Fantom A\u011fr\u0131lar<\/a><\/li>\n<li id=\"menu-item-6924\" class=\"menu-item menu-item-type-post_type menu-item-object-page menu-item-6924\"><a href=\"https:\/\/profdrercangurses.com\/az\/agrilar\/sin%c9%99-agrilari\/\">Sin\u0259 A\u011fr\u0131lar\u0131<\/a><\/li>\n<li id=\"menu-item-5424\" class=\"menu-item menu-item-type-post_type menu-item-object-page menu-item-5424\"><a href=\"https:\/\/profdrercangurses.com\/az\/agrilar\/oynaq-agrilari\/\">Oynaq A\u011fr\u0131lar\u0131<\/a><\/li>\n<li id=\"menu-item-6925\" class=\"menu-item menu-item-type-post_type menu-item-object-page menu-item-6925\"><a href=\"https:\/\/profdrercangurses.com\/az\/agrilar\/bel-agrilari\/siyatik-piriformis-%c9%99z%c9%99l%c9%99sin%c9%99-gor%c9%99-bel-agrisi\/\">Siyatik &#8211; Piriformis \u0259z\u0259l\u0259sin\u0259 g\u00f6r\u0259 bel a\u011fr\u0131s\u0131<\/a><\/li>\n<li id=\"menu-item-6926\" class=\"menu-item menu-item-type-post_type menu-item-object-page menu-item-6926\"><a href=\"https:\/\/profdrercangurses.com\/az\/agrilar\/bel-agrilari\/sakroiliak-agrisi\/\">Sakroiliak A\u011fr\u0131s\u0131<\/a><\/li>\n<\/ul><\/div>[\/vc_column_inner][vc_column_inner css=&#8221;.vc_custom_1608195737477{margin-bottom: 30px !important;padding-top: 35px !important;padding-right: 20px !important;padding-bottom: 35px !important;padding-left: 20px !important;background-color: #f7f8fa !important;border-radius: 5px !important;}&#8221; responsive_css=&#8221;margin_bottom_medium:45px|padding_right_medium:35px|padding_left_medium:35px&#8221;]<style>.ld_fancy_heading_6a0613c97a25a h3 {font-size:19px; } .ld_fancy_heading_6a0613c97a25a h3 {margin-bottom:1.25em !important;  } .ld_fancy_heading_6a0613c97a25a .lqd-highlight-inner{height:0.275em!important;bottom:0px!important;}.ld_fancy_heading_6a0613c97a25a h3 {font-size:19px; } .ld_fancy_heading_6a0613c97a25a h3 {margin-bottom:1.25em !important;  } <\/style><div class=\"ld-fancy-heading ld_fancy_heading_6a0613c97a25a\">\n\t<h3 class=\"ld-fh-element lqd-highlight-underline lqd-highlight-grow-left text-decoration-default\"   >  Biziml\u0259 \u0259laq\u0259 saxlay\u0131n<\/h3><\/div><style>.ld_cf7_6a0613c97a5f5 input,.ld_cf7_6a0613c97a5f5 textarea,.ld_cf7_6a0613c97a5f5 .ui-button.ui-selectmenu-button{font-size:15px;}.ld_cf7_6a0613c97a5f5 input[type=\"submit\"]{font-size:15px;background:rgb(24, 67, 65);border-color:rgb(24, 67, 65);}.ld_cf7_6a0613c97a5f5 input, .ld_cf7_6a0613c97a5f5 select, .ld_cf7_6a0613c97a5f5 textarea, .ld_cf7_6a0613c97a5f5 .ui-button.ui-selectmenu-button{background:rgb(255, 255, 255);}.ld_cf7_6a0613c97a5f5 input, .ld_cf7_6a0613c97a5f5 select, .ld_cf7_6a0613c97a5f5 textarea, .ld_cf7_6a0613c97a5f5 .ui-button.ui-selectmenu-button, .ld_cf7_6a0613c97a5f5 .wpcf7-form-control-wrap > i, .ld_cf7_6a0613c97a5f5 .wpcf7-radio{color:rgb(127, 130, 132);}.ld_cf7_6a0613c97a5f5 input:focus, .ld_cf7_6a0613c97a5f5 select:focus, .ld_cf7_6a0613c97a5f5 textarea:focus, .ld_cf7_6a0613c97a5f5 .ui-button.ui-selectmenu-button:hover, .wpcf7-acceptance .wpcf7-list-item-label:after{color:rgb(0, 0, 0);}.ld_cf7_6a0613c97a5f5 .wpcf7-form-control-wrap{margin-bottom:10px;}<\/style><div id=\"ld_cf7_6a0613c97a5f5\" class=\"lqd-contact-form lqd-contact-form-inputs-filled lqd-contact-form-inputs-round lqd-contact-form-button-block lqd-contact-form-button-round ld_cf7_6a0613c97a5f5 vc_custom_1622015176992\">\n\t\n<div class=\"wpcf7 no-js\" id=\"wpcf7-f74-o1\" lang=\"en-US\" dir=\"ltr\" data-wpcf7-id=\"74\">\n<div class=\"screen-reader-response\"><p role=\"status\" aria-live=\"polite\" aria-atomic=\"true\"><\/p> <ul><\/ul><\/div>\n<form action=\"\/az\/wp-json\/wp\/v2\/pages\/6905#wpcf7-f74-o1\" method=\"post\" class=\"wpcf7-form init\" aria-label=\"Contact form\" novalidate=\"novalidate\" data-status=\"init\">\n<fieldset class=\"hidden-fields-container\"><input type=\"hidden\" name=\"_wpcf7\" value=\"74\" \/><input type=\"hidden\" name=\"_wpcf7_version\" value=\"6.1.5\" \/><input type=\"hidden\" name=\"_wpcf7_locale\" value=\"en_US\" \/><input type=\"hidden\" name=\"_wpcf7_unit_tag\" value=\"wpcf7-f74-o1\" \/><input type=\"hidden\" name=\"_wpcf7_container_post\" value=\"0\" \/><input type=\"hidden\" name=\"_wpcf7_posted_data_hash\" value=\"\" \/><input type=\"hidden\" name=\"_wpcf7_recaptcha_response\" value=\"\" \/>\n<\/fieldset>\n<p><span class=\"wpcf7-form-control-wrap\" data-name=\"text-775\"><input size=\"40\" maxlength=\"400\" class=\"wpcf7-form-control wpcf7-text wpcf7-validates-as-required\" aria-required=\"true\" aria-invalid=\"false\" placeholder=\"Ad\u0131n\u0131z\" value=\"\" type=\"text\" name=\"text-775\" \/><\/span><span class=\"wpcf7-form-control-wrap\" data-name=\"email-550\"><input size=\"40\" maxlength=\"400\" class=\"wpcf7-form-control wpcf7-email wpcf7-validates-as-required wpcf7-text wpcf7-validates-as-email\" aria-required=\"true\" aria-invalid=\"false\" placeholder=\"Email adresiniz\" value=\"\" type=\"email\" name=\"email-550\" \/><\/span><span class=\"wpcf7-form-control-wrap\" data-name=\"textarea-138\"><textarea cols=\"10\" rows=\"4\" maxlength=\"2000\" class=\"wpcf7-form-control wpcf7-textarea wpcf7-validates-as-required\" aria-required=\"true\" aria-invalid=\"false\" placeholder=\"Mesaj\u0131n\u0131z\" name=\"textarea-138\"><\/textarea><\/span><input class=\"wpcf7-form-control wpcf7-submit has-spinner\" type=\"submit\" value=\"G\u00f6nder\" \/>\n<\/p><p style=\"display: none !important;\" class=\"akismet-fields-container\" data-prefix=\"_wpcf7_ak_\"><label>&#916;<textarea name=\"_wpcf7_ak_hp_textarea\" cols=\"45\" rows=\"8\" maxlength=\"100\"><\/textarea><\/label><input type=\"hidden\" id=\"ak_js_1\" name=\"_wpcf7_ak_js\" value=\"158\"\/><script>document.getElementById( \"ak_js_1\" ).setAttribute( \"value\", ( new Date() ).getTime() );<\/script><\/p><div class=\"wpcf7-response-output\" aria-hidden=\"true\"><\/div>\n<\/form>\n<\/div>\n<\/div>[\/vc_column_inner][vc_column_inner css=&#8221;.vc_custom_1608195709893{border-top-width: 1px !important;border-right-width: 1px !important;border-bottom-width: 1px !important;border-left-width: 1px !important;padding-top: 20px !important;padding-right: 20px !important;padding-bottom: 20px !important;padding-left: 20px !important;border-left-color: rgba(112,112,112,0.15) !important;border-left-style: solid !important;border-right-color: rgba(112,112,112,0.15) !important;border-right-style: solid !important;border-top-color: rgba(112,112,112,0.15) !important;border-top-style: solid !important;border-bottom-color: rgba(112,112,112,0.15) !important;border-bottom-style: solid !important;border-radius: 3px !important;}&#8221; responsive_css=&#8221;padding_right_large:35px|padding_left_large:50px|padding_right_medium:15px|padding_left_medium:15px|padding_right_small:10px|padding_left_small:10px&#8221;]<style>.ld_icon_box_6a0613c97d501 .iconbox-icon-container{color:rgb(38, 176, 95);font-size:20px;width:65px !important;height:65px !important;background:rgba(38, 176, 95, 0.1);border-radius:px;}.ld_icon_box_6a0613c97d501 .iconbox-icon-container:before{border-color:rgba(38, 176, 95, 0.1);}.ld_icon_box_6a0613c97d501 .lqd-iconbox-title{color:rgb(160, 160, 160);margin-bottom:1px;font-size:15px;}<\/style>\n<div class=\"iconbox iconbox-side text-align-default align-items-center iconbox-circle ld_icon_box_6a0613c97d501 vc_custom_1730703155885\" id=\"ld_icon_box_6a0613c97d501\"  data-animate-icon=\"true\" data-plugin-options='{\"color\":\"rgb(38, 176, 95)\"}'  >\n\t\n\t\t\t\t\t\n\t\n\t<div class=\"iconbox-icon-wrap\"><span class=\"iconbox-icon-container\"><i class=\"lqd-icn-ess icon-lqd-mobile\"><\/i><\/span><\/div>\t\n\t\t\n\t<div class=\"contents\">\t\n\t\t\n\t<h3 class=\"lqd-iconbox-title font-weight-medium\">\u0130leti\u015fim Bilgisi:<\/h3>\t<p><a href=\"tel:+994 50 5178687\">+994 50 5178687<\/a><\/p>\n\t\t\n\t<\/div>\t\n\t\n<\/div>\n[\/vc_column_inner][\/vc_row_inner][\/vc_column][vc_column width=&#8221;2\/3&#8243; column_top_ontablet=&#8221;yes&#8221; column_top_onmobile=&#8221;yes&#8221; offset=&#8221;vc_col-md-offset-0 vc_col-md-8&#8243; responsive_css=&#8221;margin_bottom_medium:0px&#8221; css=&#8221;.vc_custom_1610729062932{margin-bottom: 35px !important;}&#8221;]<style>.ld_content_box_6a0613c97e19e .lqd-fb-content-title{font-weight:700 !important;}.ld_content_box_6a0613c97e19e .lqd-fb-bg{background:-webkit-linear-gradient(180deg, rgba(255, 255, 255, 0) 0%, rgba(24, 27, 49, 0.6) 100%);background:linear-gradient(180deg, rgba(255, 255, 255, 0) 0%, rgba(24, 27, 49, 0.6) 100%);}<\/style><div id=\"ld_content_box_6a0613c97e19e\" class=\"lqd-fb lqd-fb-style-1 lqd-fb-style-1-3 round pos-rel overflow-hidden lqd-fb-zoom-img-onhover h-pt-60 ld_content_box_6a0613c97e19e\" data-inview=\"true\">\n\t<div class=\"lqd-fb-inner lqd-overlay\">\n\n\t\t<div class=\"lqd-fb-img lqd-overlay overflow-hidden\">\n\n\t\t<figure data-responsive-bg=\"true\"><img decoding=\"async\" width=\"1080\" height=\"900\" data-src=\"https:\/\/profdrercangurses.com\/wp-content\/uploads\/2021\/12\/gogusagrilari.jpg\" class=\"w-100 invisible lazyload\" alt=\"\" data-srcset=\"https:\/\/profdrercangurses.com\/wp-content\/uploads\/2021\/12\/gogusagrilari.jpg 1080w, https:\/\/profdrercangurses.com\/wp-content\/uploads\/2021\/12\/gogusagrilari-300x250.jpg 300w, https:\/\/profdrercangurses.com\/wp-content\/uploads\/2021\/12\/gogusagrilari-1024x853.jpg 1024w\" data-sizes=\"(max-width: 1080px) 100vw, 1080px\" itemprop=\"image\" title=\"\" src=\"data:image\/svg+xml;base64,PHN2ZyB3aWR0aD0iMSIgaGVpZ2h0PSIxIiB4bWxucz0iaHR0cDovL3d3dy53My5vcmcvMjAwMC9zdmciPjwvc3ZnPg==\" style=\"--smush-placeholder-width: 1080px; --smush-placeholder-aspect-ratio: 1080\/900;\"><\/figure>\t\t\n\t\t<\/div>\n\n\t\t<div class=\"lqd-fb-content lqd-overlay align-items-end\">\n\t\t\t<div class=\"lqd-fb-bg lqd-overlay\"><\/div>\n\t\t\t<div class=\"lqd-fb-hover-overlay lqd-overlay\"><\/div>\n\t\t\t<div class=\"lqd-fb-content-inner d-flex flex-column justify-content-end pos-rel h-100 w-100 w-md-75 p-4 p-md-8\">\n\t\t\t\t\n\t\t\t\t\t\t\t\t\n\t\t\t\t<div\n\t\t\t\tclass=\"lqd-fb-content-bottom mt-auto\"\n\t\t\t\tdata-custom-animations=\"true\"\n\t\t\t\tdata-ca-options='{ \"triggerHandler\": \"inview\", \"animationTarget\": \"all-childs\", \"duration\": 1200, \"delay\": 120,  \"startDelay\": 300, \"initValues\": { \"y\": 30, \"opacity\": 0 }, \"animations\": { \"y\": 0, \"opacity\": 1 } }'>\n\t\t\t\t\t\n\t\t\t\t\t\t\t\t\t\t<h2\t\t\t\t\tclass=\"lqd-fb-content-title my-0 mb-3\"\n\t\t\t\t\tdata-split-text=\"true\" data-split-options='{ \"type\": \"lines\" }'>Sin\u0259 A\u011fr\u0131lar\u0131\t\t\t\t\t<\/h2>\n\t\t\t\t\t\t\t\t\t\t\n\t\t\t\t\t\n\t\t\t\t\t\t\t\t\t\t<p\n\t\t\t\t\tclass=\"my-0 mb-5\"\n\t\t\t\t\tdata-split-text=\"true\" data-split-options='{ \"type\": \"lines\" }'>Sin\u0259 a\u011fr\u0131s\u0131 a\u011fla ilk olaraq \u00fcr\u0259k x\u0259st\u0259likl\u0259rini g\u0259tirdiyi \u00fc\u00e7\u00fcn x\u0259st\u0259l\u0259rin \u0259n \u00e7ox qorxdu\u011fu a\u011fr\u0131lardan biridir.<\/p>\n\t\t\t\t\t\n\t\t\t\t\t\n\t\t\t\t<\/div>\n\t\t\t\t\n\t\t\t<\/div>\n\t\t<\/div>\n\n\t<\/div>\n<\/div>\n[vc_column_text]Ancaq sin\u0259 a\u011fr\u0131lar\u0131n\u0131n \u00fcr\u0259kd\u0259n ba\u015fqa m\u00fcxt\u0259lif s\u0259b\u0259bl\u0259ri var. \u018fslind\u0259, statistikaya g\u00f6r\u0259, sin\u0259 a\u011fr\u0131lar\u0131n\u0131n yaln\u0131z 10% -i \u00fcr\u0259kd\u0259n qaynaqlan\u0131r.<\/p>\n<h2>Sin\u0259 a\u011fr\u0131s\u0131na s\u0259b\u0259b n\u0259dir?<\/h2>\n<p>Sin\u0259 a\u011fr\u0131s\u0131n\u0131n \u0259n \u00e7ox g\u00f6r\u00fcl\u0259n s\u0259b\u0259bi revmatik x\u0259st\u0259likl\u0259rdir. Ayr\u0131ca yol q\u0259zas\u0131 kimi v\u0259ziyy\u0259tl\u0259rd\u0259 ya\u015fanan travma v\u0259 z\u0259rb\u0259l\u0259r d\u0259 sin\u0259 a\u011fr\u0131s\u0131na s\u0259b\u0259b ola bil\u0259r. \u015eidd\u0259tli z\u0259rb\u0259l\u0259r sin\u0259 \u0259z\u0259l\u0259l\u0259rini z\u0259d\u0259l\u0259y\u0259 bil\u0259r, qab\u0131r\u011falarda \u00e7atlar v\u0259 q\u0131r\u0131qlar \u0259m\u0259l\u0259 g\u0259l\u0259 bil\u0259r v\u0259 bunlar\u0131n davam\u0131 olaraq sin\u0259 a\u011fr\u0131lar\u0131 yarana bil\u0259r. Onur\u011fa x\u0259st\u0259likl\u0259ri d\u0259 sin\u0259 a\u011fr\u0131s\u0131na s\u0259b\u0259b ola bil\u0259r. Sin\u0259 a\u011fr\u0131lar\u0131 da infarkt\u0131n \u0259lam\u0259tidir. \u00dcr\u0259yin i\u015femik x\u0259st\u0259liyi, a\u011fciy\u0259rl\u0259rd\u0259 damardaxili laxtalanma, aortan\u0131n y\u0131rt\u0131lmas\u0131 v\u0259 perikard\u0131n iltihab\u0131 sin\u0259 a\u011fr\u0131s\u0131na s\u0259b\u0259b ola bil\u0259r. Lakin yuxar\u0131da qeyd etdiyimiz kimi sin\u0259 a\u011fr\u0131lar\u0131n\u0131n 90%-i \u00fcr\u0259kl\u0259 \u0259laq\u0259li olmayan s\u0259b\u0259bl\u0259rd\u0259n yaran\u0131r. Qad\u0131nlarda a\u011fciy\u0259r v\u0259 diafraqman\u0131n iltihab\u0131, qar\u0131n bo\u015flu\u011funda olan k\u00fctl\u0259l\u0259r, yem\u0259k borusu x\u0259st\u0259likl\u0259ri, qar\u0131nda qaz t\u0259zyiqi, s\u00fcd v\u0259zi x\u0259st\u0259likl\u0259ri d\u0259 d\u00f6\u015f q\u0259f\u0259sind\u0259 a\u011fr\u0131lara s\u0259b\u0259b olur.<\/p>\n<h2>Sin\u0259 a\u011fr\u0131s\u0131n\u0131n \u0259lam\u0259tl\u0259ri hans\u0131lard\u0131r?<\/h2>\n<p>Sin\u0259 a\u011fr\u0131s\u0131na s\u0259b\u0259b olan v\u0259 tetikleyen bir \u00e7ox f\u0259rqli faktor var. \u00dcr\u0259k probleml\u0259ri il\u0259 \u0259laq\u0259li sin\u0259 a\u011fr\u0131s\u0131n\u0131n simptomlar\u0131na a\u015fa\u011f\u0131dak\u0131lar daxildir:<\/p>\n<ul>\n<li>Sin\u0259 i\u00e7ind\u0259 yanma, t\u0259zyiq, s\u0131x\u0131lma<\/li>\n<li>\u00c7\u0259n\u0259, boyun, \u00e7iyin, arxa v\u0259 qola yay\u0131lan yanan a\u011fr\u0131<\/li>\n<li>H\u0259r\u0259k\u0259tl\u0259 artan v\u0259 intensivliyi d\u0259yi\u015f\u0259 bil\u0259n a\u011fr\u0131<\/li>\n<\/ul>\n<p>\u00dcr\u0259k il\u0259 \u0259laq\u0259li olmayan sin\u0259 a\u011fr\u0131s\u0131n\u0131n simptomlar\u0131n\u0131 a\u015fa\u011f\u0131dak\u0131 kimi s\u0131ralamaq olar:<\/p>\n<ul>\n<li>Yem\u0259kd\u0259n sonra a\u011fr\u0131<\/li>\n<li>B\u0259d\u0259nin m\u00f6vqeyind\u0259n as\u0131l\u0131 olaraq intensivliyi d\u0259yi\u015f\u0259n a\u011fr\u0131<\/li>\n<li>D\u0259rin n\u0259f\u0259s alma zaman\u0131 a\u011fr\u0131, \u00d6sk\u00fcr\u0259k il\u0259 artan a\u011fr\u0131<\/li>\n<\/ul>\n<h2>Sin\u0259 a\u011fr\u0131s\u0131n\u0131n diaqnozu<\/h2>\n<p>Sin\u0259 a\u011fr\u0131s\u0131n\u0131n diaqnozu zaman\u0131 h\u0259kiml\u0259r x\u0259st\u0259nin x\u0259st\u0259lik tarix\u00e7\u0259sind\u0259n v\u0259 x\u0259st\u0259nin a\u011fr\u0131 il\u0259 ba\u011fl\u0131 verdiyi m\u0259lumatlardan ba\u015flay\u0131rlar. Diaqnoz m\u0259rh\u0259l\u0259sind\u0259 h\u0259kiml\u0259r g\u00f6r\u00fcnt\u00fcl\u0259m\u0259 \u00fcsullar\u0131ndan da istifad\u0259 edirl\u0259r.<\/p>\n<h2>Sin\u0259 a\u011fr\u0131lar\u0131 nec\u0259 m\u00fcalic\u0259 olunur?<\/h2>\n<p>Sin\u0259 a\u011fr\u0131lar\u0131 a\u011fr\u0131n\u0131n s\u0259b\u0259bin\u0259 g\u00f6r\u0259 m\u00fcxt\u0259lif \u00fcsullarla m\u00fcalic\u0259 olunur;<\/p>\n<ul>\n<li>d\u0259rmanlar<\/li>\n<li>Fizioterapiya<\/li>\n<li>sinir bloklar\u0131<\/li>\n<li>Uy\u011fun onur\u011fa beyni posterior k\u00f6k blokadas\u0131 v\u0259 radiotezlik terapiyas\u0131<\/li>\n<li>Simpatik ganglion blokadas\u0131 v\u0259 radiotezlik terapiyas\u0131<\/li>\n<li>Qab\u0131r\u011falar alt\u0131nda interkostal sinirl\u0259rin blokadas\u0131 v\u0259 radiotezlik m\u00fcalic\u0259si<\/li>\n<li>A\u011fciy\u0259r membran\u0131na (plevraya) d\u0259rman enjeksiyonlar\u0131<\/li>\n<li>X\u00fcsusil\u0259 m\u00fcalic\u0259y\u0259 cavab verm\u0259y\u0259n \u00fcr\u0259k a\u011fr\u0131s\u0131 \u00fc\u00e7\u00fcn onur\u011fa beyni stimulla\u015fd\u0131r\u0131lmas\u0131 (angina pektoris)<\/li>\n<\/ul>\n<p>[\/vc_column_text][vc_separator color=&#8221;custom&#8221; accent_color=&#8221;rgba(0,0,0,0.1)&#8221; css=&#8221;.vc_custom_1608195050020{margin-top: 10px !important;}&#8221;][\/vc_column][\/vc_row][vc_row][vc_column][\/vc_column][\/vc_row]<\/p>\n","protected":false},"excerpt":{"rendered":"<p>[vc_row css=&#8221;.vc_custom_1622016079265{padding-top: 60px !important;padding-bottom: 60px !important;}&#8221;][vc_column enable_pin=&#8221;enable_pin&#8221; width=&#8221;5\/12&#8243; offset=&#8221;vc_col-md-4&#8243; responsive_css=&#8221;padding_right_medium:7%25&#8243;][vc_row_inner][vc_column_inner responsive_css=&#8221;margin_bottom_medium:45px&#8221; css=&#8221;.vc_custom_1608194013763{margin-bottom: 30px !important;}&#8221;][\/vc_column_inner][vc_column_inner css=&#8221;.vc_custom_1608195737477{margin-bottom: 30px !important;padding-top: 35px !important;padding-right: 20px !important;padding-bottom: 35px !important;padding-left: 20px !important;background-color: #f7f8fa !important;border-radius: 5px !important;}&#8221; responsive_css=&#8221;margin_bottom_medium:45px|padding_right_medium:35px|padding_left_medium:35px&#8221;][\/vc_column_inner][vc_column_inner css=&#8221;.vc_custom_1608195709893{border-top-width: 1px !important;border-right-width: 1px !important;border-bottom-width: 1px !important;border-left-width: 1px !important;padding-top: 20px !important;padding-right: 20px !important;padding-bottom: 20px !important;padding-left: 20px !important;border-left-color: rgba(112,112,112,0.15) !important;border-left-style: solid !important;border-right-color: rgba(112,112,112,0.15) !important;border-right-style: solid !important;border-top-color: [&hellip;]<\/p>\n","protected":false},"author":1,"featured_media":0,"parent":6897,"menu_order":0,"comment_status":"closed","ping_status":"closed","template":"","meta":{"footnotes":""},"class_list":["post-6905","page","type-page","status-publish","hentry"],"_links":{"self":[{"href":"https:\/\/profdrercangurses.com\/az\/wp-json\/wp\/v2\/pages\/6905","targetHints":{"allow":["GET"]}}],"collection":[{"href":"https:\/\/profdrercangurses.com\/az\/wp-json\/wp\/v2\/pages"}],"about":[{"href":"https:\/\/profdrercangurses.com\/az\/wp-json\/wp\/v2\/types\/page"}],"author":[{"embeddable":true,"href":"https:\/\/profdrercangurses.com\/az\/wp-json\/wp\/v2\/users\/1"}],"replies":[{"embeddable":true,"href":"https:\/\/profdrercangurses.com\/az\/wp-json\/wp\/v2\/comments?post=6905"}],"version-history":[{"count":1,"href":"https:\/\/profdrercangurses.com\/az\/wp-json\/wp\/v2\/pages\/6905\/revisions"}],"predecessor-version":[{"id":7108,"href":"https:\/\/profdrercangurses.com\/az\/wp-json\/wp\/v2\/pages\/6905\/revisions\/7108"}],"up":[{"embeddable":true,"href":"https:\/\/profdrercangurses.com\/az\/wp-json\/wp\/v2\/pages\/6897"}],"wp:attachment":[{"href":"https:\/\/profdrercangurses.com\/az\/wp-json\/wp\/v2\/media?parent=6905"}],"curies":[{"name":"wp","href":"https:\/\/api.w.org\/{rel}","templated":true}]}}