{"id":6908,"date":"2021-12-20T14:11:48","date_gmt":"2021-12-20T11:11:48","guid":{"rendered":"https:\/\/profdrercangurses.com\/agrilar\/x%c9%99rc%c9%99ng-agrilari\/"},"modified":"2024-11-04T09:58:53","modified_gmt":"2024-11-04T06:58:53","slug":"x%c9%99rc%c9%99ng-agrilari","status":"publish","type":"page","link":"https:\/\/profdrercangurses.com\/az\/agrilar\/x%c9%99rc%c9%99ng-agrilari\/","title":{"rendered":"X\u0259r\u00e7\u0259ng A\u011fr\u0131lar\u0131"},"content":{"rendered":"<p>[vc_row css=&#8221;.vc_custom_1622016079265{padding-top: 60px !important;padding-bottom: 60px !important;}&#8221;][vc_column enable_pin=&#8221;enable_pin&#8221; width=&#8221;5\/12&#8243; offset=&#8221;vc_col-md-4&#8243; responsive_css=&#8221;padding_right_medium:7%25&#8243;][vc_row_inner][vc_column_inner responsive_css=&#8221;margin_bottom_medium:45px&#8221; css=&#8221;.vc_custom_1608194013763{margin-bottom: 30px !important;}&#8221;]<style>.ld_custom_menu_69e204a52b7d6 > ul > li > a{font-size:15px;font-weight:700;letter-spacing:0.01em;color:rgb(51, 51, 51);background:rgb(247, 248, 250);}.ld_custom_menu_69e204a52b7d6 > ul > li:not(:last-child){margin-bottom:3px;}.lqd-stickybar > .lqd-head-col > .header-module > .ld_custom_menu_69e204a52b7d6 li{margin-inline-start:3px;}.ld_custom_menu_69e204a52b7d6 > ul > li > a:hover, .ld_custom_menu_69e204a52b7d6 li.is-active > a{background:rgb(233, 233, 233);}<\/style><div\n\tclass=\"lqd-fancy-menu lqd-custom-menu menu-items-has-fill lqd-menu-td-none ld_custom_menu_69e204a52b7d6\"\n\t>\n\n<ul id=\"ld_custom_menu_69e204a52b7d6\" class=\"reset-ul   \" ><li id=\"menu-item-6918\" class=\"menu-item menu-item-type-post_type menu-item-object-page menu-item-6918\"><a href=\"https:\/\/profdrercangurses.com\/az\/agrilar\/arxa-agrisi\/\">Arxa A\u011fr\u0131s\u0131<\/a><\/li>\n<li id=\"menu-item-6919\" class=\"menu-item menu-item-type-post_type menu-item-object-page menu-item-6919\"><a href=\"https:\/\/profdrercangurses.com\/az\/agrilar\/boyun-agrisi\/\">Boyun A\u011fr\u0131s\u0131<\/a><\/li>\n<li id=\"menu-item-6920\" class=\"menu-item menu-item-type-post_type menu-item-object-page menu-item-6920\"><a href=\"https:\/\/profdrercangurses.com\/az\/agrilar\/bel-agrilari\/siyatik-piriformis-%c9%99z%c9%99l%c9%99sin%c9%99-gor%c9%99-bel-agrisi\/\">Siyatik &#8211; Piriformis \u0259z\u0259l\u0259sin\u0259 g\u00f6r\u0259 bel a\u011fr\u0131s\u0131<\/a><\/li>\n<li id=\"menu-item-6921\" class=\"menu-item menu-item-type-post_type menu-item-object-page menu-item-6921\"><a href=\"https:\/\/profdrercangurses.com\/az\/agrilar\/arxa-agrisi\/\">Arxa A\u011fr\u0131s\u0131<\/a><\/li>\n<li id=\"menu-item-5423\" class=\"menu-item menu-item-type-post_type menu-item-object-page menu-item-5423\"><a href=\"https:\/\/profdrercangurses.com\/az\/agrilar\/neyropatik-agri-v%c9%99-nevralji\/\">Neyropatik A\u011fr\u0131 v\u0259 Nevralji<\/a><\/li>\n<li id=\"menu-item-6922\" class=\"menu-item menu-item-type-post_type menu-item-object-page menu-item-6922\"><a href=\"https:\/\/profdrercangurses.com\/az\/agrilar\/qarin-agrilari\/\">Qar\u0131n A\u011fr\u0131lar\u0131<\/a><\/li>\n<li id=\"menu-item-6923\" class=\"menu-item menu-item-type-post_type menu-item-object-page menu-item-6923\"><a href=\"https:\/\/profdrercangurses.com\/az\/agrilar\/x%c9%99rc%c9%99ng-agrilari\/\">X\u0259r\u00e7\u0259ng A\u011fr\u0131lar\u0131<\/a><\/li>\n<li id=\"menu-item-5422\" class=\"menu-item menu-item-type-post_type menu-item-object-page menu-item-5422\"><a href=\"https:\/\/profdrercangurses.com\/az\/agrilar\/fantom-agrilar\/\">Fantom A\u011fr\u0131lar<\/a><\/li>\n<li id=\"menu-item-6924\" class=\"menu-item menu-item-type-post_type menu-item-object-page menu-item-6924\"><a href=\"https:\/\/profdrercangurses.com\/az\/agrilar\/sin%c9%99-agrilari\/\">Sin\u0259 A\u011fr\u0131lar\u0131<\/a><\/li>\n<li id=\"menu-item-5424\" class=\"menu-item menu-item-type-post_type menu-item-object-page menu-item-5424\"><a href=\"https:\/\/profdrercangurses.com\/az\/agrilar\/oynaq-agrilari\/\">Oynaq A\u011fr\u0131lar\u0131<\/a><\/li>\n<li id=\"menu-item-6925\" class=\"menu-item menu-item-type-post_type menu-item-object-page menu-item-6925\"><a href=\"https:\/\/profdrercangurses.com\/az\/agrilar\/bel-agrilari\/siyatik-piriformis-%c9%99z%c9%99l%c9%99sin%c9%99-gor%c9%99-bel-agrisi\/\">Siyatik &#8211; Piriformis \u0259z\u0259l\u0259sin\u0259 g\u00f6r\u0259 bel a\u011fr\u0131s\u0131<\/a><\/li>\n<li id=\"menu-item-6926\" class=\"menu-item menu-item-type-post_type menu-item-object-page menu-item-6926\"><a href=\"https:\/\/profdrercangurses.com\/az\/agrilar\/bel-agrilari\/sakroiliak-agrisi\/\">Sakroiliak A\u011fr\u0131s\u0131<\/a><\/li>\n<\/ul><\/div>[\/vc_column_inner][vc_column_inner css=&#8221;.vc_custom_1608195737477{margin-bottom: 30px !important;padding-top: 35px !important;padding-right: 20px !important;padding-bottom: 35px !important;padding-left: 20px !important;background-color: #f7f8fa !important;border-radius: 5px !important;}&#8221; responsive_css=&#8221;margin_bottom_medium:45px|padding_right_medium:35px|padding_left_medium:35px&#8221;]<style>.ld_fancy_heading_69e204a530848 h3 {font-size:19px; } .ld_fancy_heading_69e204a530848 h3 {margin-bottom:1.25em !important;  } .ld_fancy_heading_69e204a530848 .lqd-highlight-inner{height:0.275em!important;bottom:0px!important;}.ld_fancy_heading_69e204a530848 h3 {font-size:19px; } .ld_fancy_heading_69e204a530848 h3 {margin-bottom:1.25em !important;  } <\/style><div class=\"ld-fancy-heading ld_fancy_heading_69e204a530848\">\n\t<h3 class=\"ld-fh-element lqd-highlight-underline lqd-highlight-grow-left text-decoration-default\"   >  Biziml\u0259 \u0259laq\u0259 saxlay\u0131n<\/h3><\/div><style>.ld_cf7_69e204a530ac1 input,.ld_cf7_69e204a530ac1 textarea,.ld_cf7_69e204a530ac1 .ui-button.ui-selectmenu-button{font-size:15px;}.ld_cf7_69e204a530ac1 input[type=\"submit\"]{font-size:15px;background:rgb(24, 67, 65);border-color:rgb(24, 67, 65);}.ld_cf7_69e204a530ac1 input, .ld_cf7_69e204a530ac1 select, .ld_cf7_69e204a530ac1 textarea, .ld_cf7_69e204a530ac1 .ui-button.ui-selectmenu-button{background:rgb(255, 255, 255);}.ld_cf7_69e204a530ac1 input, .ld_cf7_69e204a530ac1 select, .ld_cf7_69e204a530ac1 textarea, .ld_cf7_69e204a530ac1 .ui-button.ui-selectmenu-button, .ld_cf7_69e204a530ac1 .wpcf7-form-control-wrap > i, .ld_cf7_69e204a530ac1 .wpcf7-radio{color:rgb(127, 130, 132);}.ld_cf7_69e204a530ac1 input:focus, .ld_cf7_69e204a530ac1 select:focus, .ld_cf7_69e204a530ac1 textarea:focus, .ld_cf7_69e204a530ac1 .ui-button.ui-selectmenu-button:hover, .wpcf7-acceptance .wpcf7-list-item-label:after{color:rgb(0, 0, 0);}.ld_cf7_69e204a530ac1 .wpcf7-form-control-wrap{margin-bottom:10px;}<\/style><div id=\"ld_cf7_69e204a530ac1\" class=\"lqd-contact-form lqd-contact-form-inputs-filled lqd-contact-form-inputs-round lqd-contact-form-button-block lqd-contact-form-button-round ld_cf7_69e204a530ac1 vc_custom_1622015176992\">\n\t\n<div class=\"wpcf7 no-js\" id=\"wpcf7-f74-o1\" lang=\"en-US\" dir=\"ltr\" data-wpcf7-id=\"74\">\n<div class=\"screen-reader-response\"><p role=\"status\" aria-live=\"polite\" aria-atomic=\"true\"><\/p> <ul><\/ul><\/div>\n<form action=\"\/az\/wp-json\/wp\/v2\/pages\/6908#wpcf7-f74-o1\" method=\"post\" class=\"wpcf7-form init\" aria-label=\"Contact form\" novalidate=\"novalidate\" data-status=\"init\">\n<fieldset class=\"hidden-fields-container\"><input type=\"hidden\" name=\"_wpcf7\" value=\"74\" \/><input type=\"hidden\" name=\"_wpcf7_version\" value=\"6.1.5\" \/><input type=\"hidden\" name=\"_wpcf7_locale\" value=\"en_US\" \/><input type=\"hidden\" name=\"_wpcf7_unit_tag\" value=\"wpcf7-f74-o1\" \/><input type=\"hidden\" name=\"_wpcf7_container_post\" value=\"0\" \/><input type=\"hidden\" name=\"_wpcf7_posted_data_hash\" value=\"\" \/><input type=\"hidden\" name=\"_wpcf7_recaptcha_response\" value=\"\" \/>\n<\/fieldset>\n<p><span class=\"wpcf7-form-control-wrap\" data-name=\"text-775\"><input size=\"40\" maxlength=\"400\" class=\"wpcf7-form-control wpcf7-text wpcf7-validates-as-required\" aria-required=\"true\" aria-invalid=\"false\" placeholder=\"Ad\u0131n\u0131z\" value=\"\" type=\"text\" name=\"text-775\" \/><\/span><span class=\"wpcf7-form-control-wrap\" data-name=\"email-550\"><input size=\"40\" maxlength=\"400\" class=\"wpcf7-form-control wpcf7-email wpcf7-validates-as-required wpcf7-text wpcf7-validates-as-email\" aria-required=\"true\" aria-invalid=\"false\" placeholder=\"Email adresiniz\" value=\"\" type=\"email\" name=\"email-550\" \/><\/span><span class=\"wpcf7-form-control-wrap\" data-name=\"textarea-138\"><textarea cols=\"10\" rows=\"4\" maxlength=\"2000\" class=\"wpcf7-form-control wpcf7-textarea wpcf7-validates-as-required\" aria-required=\"true\" aria-invalid=\"false\" placeholder=\"Mesaj\u0131n\u0131z\" name=\"textarea-138\"><\/textarea><\/span><input class=\"wpcf7-form-control wpcf7-submit has-spinner\" type=\"submit\" value=\"G\u00f6nder\" \/>\n<\/p><p style=\"display: none !important;\" class=\"akismet-fields-container\" data-prefix=\"_wpcf7_ak_\"><label>&#916;<textarea name=\"_wpcf7_ak_hp_textarea\" cols=\"45\" rows=\"8\" maxlength=\"100\"><\/textarea><\/label><input type=\"hidden\" id=\"ak_js_1\" name=\"_wpcf7_ak_js\" value=\"39\"\/><script>document.getElementById( \"ak_js_1\" ).setAttribute( \"value\", ( new Date() ).getTime() );<\/script><\/p><div class=\"wpcf7-response-output\" aria-hidden=\"true\"><\/div>\n<\/form>\n<\/div>\n<\/div>[\/vc_column_inner][vc_column_inner css=&#8221;.vc_custom_1608195709893{border-top-width: 1px !important;border-right-width: 1px !important;border-bottom-width: 1px !important;border-left-width: 1px !important;padding-top: 20px !important;padding-right: 20px !important;padding-bottom: 20px !important;padding-left: 20px !important;border-left-color: rgba(112,112,112,0.15) !important;border-left-style: solid !important;border-right-color: rgba(112,112,112,0.15) !important;border-right-style: solid !important;border-top-color: rgba(112,112,112,0.15) !important;border-top-style: solid !important;border-bottom-color: rgba(112,112,112,0.15) !important;border-bottom-style: solid !important;border-radius: 3px !important;}&#8221; responsive_css=&#8221;padding_right_large:35px|padding_left_large:50px|padding_right_medium:15px|padding_left_medium:15px|padding_right_small:10px|padding_left_small:10px&#8221;]<style>.ld_icon_box_69e204a5327aa .iconbox-icon-container{color:rgb(38, 176, 95);font-size:20px;width:65px !important;height:65px !important;background:rgba(38, 176, 95, 0.1);border-radius:px;}.ld_icon_box_69e204a5327aa .iconbox-icon-container:before{border-color:rgba(38, 176, 95, 0.1);}.ld_icon_box_69e204a5327aa .lqd-iconbox-title{color:rgb(160, 160, 160);margin-bottom:1px;font-size:15px;}<\/style>\n<div class=\"iconbox iconbox-side text-align-default align-items-center iconbox-circle ld_icon_box_69e204a5327aa vc_custom_1730703528625\" id=\"ld_icon_box_69e204a5327aa\"  data-animate-icon=\"true\" data-plugin-options='{\"color\":\"rgb(38, 176, 95)\"}'  >\n\t\n\t\t\t\t\t\n\t\n\t<div class=\"iconbox-icon-wrap\"><span class=\"iconbox-icon-container\"><i class=\"lqd-icn-ess icon-lqd-mobile\"><\/i><\/span><\/div>\t\n\t\t\n\t<div class=\"contents\">\t\n\t\t\n\t<h3 class=\"lqd-iconbox-title font-weight-medium\">\u0130leti\u015fim Bilgisi:<\/h3>\t<p><a href=\"tel:+994 50 5178687\">+994 50 5178687<\/a><\/p>\n\t\t\n\t<\/div>\t\n\t\n<\/div>\n[\/vc_column_inner][\/vc_row_inner][\/vc_column][vc_column width=&#8221;2\/3&#8243; column_top_ontablet=&#8221;yes&#8221; column_top_onmobile=&#8221;yes&#8221; offset=&#8221;vc_col-md-offset-0 vc_col-md-8&#8243; responsive_css=&#8221;margin_bottom_medium:0px&#8221; css=&#8221;.vc_custom_1610729062932{margin-bottom: 35px !important;}&#8221;]<style>.ld_content_box_69e204a53314f .lqd-fb-content-title{font-weight:700 !important;}.ld_content_box_69e204a53314f .lqd-fb-bg{background:-webkit-linear-gradient(180deg, rgba(255, 255, 255, 0) 0%, rgba(24, 27, 49, 0.6) 100%);background:linear-gradient(180deg, rgba(255, 255, 255, 0) 0%, rgba(24, 27, 49, 0.6) 100%);}<\/style><div id=\"ld_content_box_69e204a53314f\" class=\"lqd-fb lqd-fb-style-1 lqd-fb-style-1-3 round pos-rel overflow-hidden lqd-fb-zoom-img-onhover h-pt-60 ld_content_box_69e204a53314f\" data-inview=\"true\">\n\t<div class=\"lqd-fb-inner lqd-overlay\">\n\n\t\t<div class=\"lqd-fb-img lqd-overlay overflow-hidden\">\n\n\t\t<figure data-responsive-bg=\"true\"><img decoding=\"async\" width=\"1080\" height=\"900\" data-src=\"https:\/\/profdrercangurses.com\/wp-content\/uploads\/2021\/12\/kanseragrilari.jpg\" class=\"w-100 invisible lazyload\" alt=\"\" data-srcset=\"https:\/\/profdrercangurses.com\/wp-content\/uploads\/2021\/12\/kanseragrilari.jpg 1080w, https:\/\/profdrercangurses.com\/wp-content\/uploads\/2021\/12\/kanseragrilari-300x250.jpg 300w, https:\/\/profdrercangurses.com\/wp-content\/uploads\/2021\/12\/kanseragrilari-1024x853.jpg 1024w\" data-sizes=\"(max-width: 1080px) 100vw, 1080px\" itemprop=\"image\" title=\"\" src=\"data:image\/svg+xml;base64,PHN2ZyB3aWR0aD0iMSIgaGVpZ2h0PSIxIiB4bWxucz0iaHR0cDovL3d3dy53My5vcmcvMjAwMC9zdmciPjwvc3ZnPg==\" style=\"--smush-placeholder-width: 1080px; --smush-placeholder-aspect-ratio: 1080\/900;\"><\/figure>\t\t\n\t\t<\/div>\n\n\t\t<div class=\"lqd-fb-content lqd-overlay align-items-end\">\n\t\t\t<div class=\"lqd-fb-bg lqd-overlay\"><\/div>\n\t\t\t<div class=\"lqd-fb-hover-overlay lqd-overlay\"><\/div>\n\t\t\t<div class=\"lqd-fb-content-inner d-flex flex-column justify-content-end pos-rel h-100 w-100 w-md-75 p-4 p-md-8\">\n\t\t\t\t\n\t\t\t\t\t\t\t\t\n\t\t\t\t<div\n\t\t\t\tclass=\"lqd-fb-content-bottom mt-auto\"\n\t\t\t\tdata-custom-animations=\"true\"\n\t\t\t\tdata-ca-options='{ \"triggerHandler\": \"inview\", \"animationTarget\": \"all-childs\", \"duration\": 1200, \"delay\": 120,  \"startDelay\": 300, \"initValues\": { \"y\": 30, \"opacity\": 0 }, \"animations\": { \"y\": 0, \"opacity\": 1 } }'>\n\t\t\t\t\t\n\t\t\t\t\t\t\t\t\t\t<h2\t\t\t\t\tclass=\"lqd-fb-content-title my-0 mb-3\"\n\t\t\t\t\tdata-split-text=\"true\" data-split-options='{ \"type\": \"lines\" }'>X\u0259r\u00e7\u0259ng A\u011fr\u0131lar\u0131\t\t\t\t\t<\/h2>\n\t\t\t\t\t\t\t\t\t\t\n\t\t\t\t\t\n\t\t\t\t\t\t\t\t\t\t<p\n\t\t\t\t\tclass=\"my-0 mb-5\"\n\t\t\t\t\tdata-split-text=\"true\" data-split-options='{ \"type\": \"lines\" }'>\u00c7a\u011f\u0131m\u0131z\u0131n \u0259n \u00e7ox yay\u0131lm\u0131\u015f x\u0259st\u0259likl\u0259rind\u0259n biri olan x\u0259r\u00e7\u0259ng orqanizmd\u0259 h\u00fcceyr\u0259l\u0259rin nizams\u0131z b\u00f6l\u00fcnm\u0259si v\u0259 \u00e7oxalmas\u0131 n\u0259tic\u0259sind\u0259 yaranan b\u0259dxass\u0259li \u015fi\u015fl\u0259rdir.<\/p>\n\t\t\t\t\t\n\t\t\t\t\t\n\t\t\t\t<\/div>\n\t\t\t\t\n\t\t\t<\/div>\n\t\t<\/div>\n\n\t<\/div>\n<\/div>\n[vc_column_text]M\u00fcalic\u0259nin m\u00fcv\u0259ff\u0259qiyy\u0259ti \u00fc\u00e7\u00fcn erk\u0259n diaqnozun b\u00f6y\u00fck \u0259h\u0259miyy\u0259t k\u0259sb etdiyi x\u0259r\u00e7\u0259ng x\u0259st\u0259liyind\u0259 a\u011fr\u0131 \u015fikay\u0259tl\u0259ri h\u0259kim\u0259 m\u00fcraci\u0259tin \u0259sas s\u0259b\u0259bl\u0259rind\u0259ndir. Bundan \u0259lav\u0259, x\u0259st\u0259l\u0259r x\u0259r\u00e7\u0259ng m\u00fcalic\u0259si prosesind\u0259 \u015fidd\u0259tli a\u011fr\u0131 hiss ed\u0259 bil\u0259rl\u0259r.<\/p>\n<h2>X\u0259r\u00e7\u0259ng a\u011fr\u0131s\u0131n\u0131n s\u0259b\u0259bi n\u0259dir?<\/h2>\n<p>X\u0259r\u00e7\u0259ng a\u011fr\u0131s\u0131 davaml\u0131 v\u0259 ya q\u0131sa m\u00fcdd\u0259t \u0259rzind\u0259 hiss edil\u0259n v\u0259 x\u0259st\u0259nin h\u0259yat keyfiyy\u0259tin\u0259 m\u0259nfi t\u0259sir g\u00f6st\u0259r\u0259n xroniki, \u015fidd\u0259tli a\u011fr\u0131 olaraq t\u0259yin olunur. X\u0259r\u00e7\u0259ng s\u0259b\u0259biyl\u0259 toxumalar\u0131n z\u0259d\u0259l\u0259nm\u0259si, metastaz s\u0259b\u0259biyl\u0259 s\u00fcm\u00fck q\u0131r\u0131qlar\u0131, damarlar\u0131n t\u0131xanmas\u0131 n\u0259tic\u0259sind\u0259 yaranan qan d\u00f6vran\u0131 poz\u011funluqlar\u0131, infeksiyalar, iltihablar, sinirl\u0259r\u0259 basan x\u0259r\u00e7\u0259ng \u015fi\u015fl\u0259ri kimi s\u0259b\u0259bl\u0259r a\u011fr\u0131ya s\u0259b\u0259b olur. Bundan ba\u015fqa m\u00fcalic\u0259d\u0259 tez-tez istifad\u0259 edil\u0259n c\u0259rrahi m\u00fcdaxil\u0259l\u0259r v\u0259 \u00fcsullar kemoterapi v\u0259 radioterapiya da a\u011fr\u0131ya s\u0259b\u0259b ola bil\u0259r.<\/p>\n<h2>X\u0259r\u00e7\u0259ng a\u011fr\u0131s\u0131 n\u0259dir? Nec\u0259 oldu?<\/h2>\n<p>X\u0259r\u00e7\u0259ng x\u0259st\u0259liyi v\u0259\/v\u0259 ya x\u0259r\u00e7\u0259ng m\u00fcalic\u0259sinin t\u0259siri n\u0259tic\u0259sind\u0259 yaranan \u015fidd\u0259tli k\u00fct a\u011fr\u0131lard\u0131r. X\u0259r\u00e7\u0259ng x\u0259st\u0259liyi toxumalar\u0131n z\u0259d\u0259l\u0259nm\u0259sin\u0259 s\u0259b\u0259b olur v\u0259 qan d\u00f6vran\u0131n\u0131n pozulmas\u0131na s\u0259b\u0259b olur; Metastaz hal\u0131nda, s\u00fcm\u00fck q\u0131r\u0131qlar\u0131, iltihab, infeksiya v\u0259 sinirl\u0259r\u0259 \u015fi\u015f t\u0259zyiqi kimi v\u0259ziyy\u0259tl\u0259r meydana g\u0259l\u0259 bil\u0259r. B\u00fct\u00fcn bunlar a\u011fr\u0131ya s\u0259b\u0259b olur. Dig\u0259r t\u0259r\u0259fd\u0259n c\u0259rrahi \u0259m\u0259liyyatlar, kimyaterapiya v\u0259 radioterapiya \u00fcsullar\u0131 da b\u0259d\u0259nd\u0259 a\u011fr\u0131lara s\u0259b\u0259b olur. X\u0259r\u00e7\u0259ngin inki\u015faf etmi\u015f m\u0259rh\u0259l\u0259si a\u011fr\u0131n\u0131n \u0259n s\u0131x, geni\u015f yay\u0131lm\u0131\u015f v\u0259 \u015fidd\u0259tli oldu\u011fu d\u00f6vrd\u00fcr.<\/p>\n<h2>X\u0259r\u00e7\u0259ng a\u011fr\u0131lar\u0131n\u0131n \u0259lam\u0259tl\u0259ri hans\u0131lard\u0131r?<\/h2>\n<p>X\u0259r\u00e7\u0259ng b\u0259d\u0259nin m\u00fcxt\u0259lif yerl\u0259rind\u0259 a\u011fr\u0131ya s\u0259b\u0259b ola bil\u0259r. Xroniki x\u0259r\u00e7\u0259ng a\u011fr\u0131s\u0131 davaml\u0131 olaraq davam ed\u0259 bil\u0259r, lakin b\u0259zi hallarda q\u0131sam\u00fcdd\u0259tli \u015fidd\u0259tli a\u011fr\u0131 kimi d\u0259 \u00f6z\u00fcn\u00fc g\u00f6st\u0259r\u0259 bil\u0259r.<\/p>\n<h2>X\u0259r\u00e7\u0259ng a\u011fr\u0131lar\u0131n\u0131n diaqnozu<\/h2>\n<p>X\u0259r\u00e7\u0259ngin diaqnozu v\u0259 diaqnozu onkoloqlar t\u0259r\u0259find\u0259n apar\u0131l\u0131r. M\u0259rh\u0259l\u0259, x\u0259r\u00e7\u0259ng n\u00f6v\u00fc v\u0259 x\u0259r\u00e7\u0259ngli b\u00f6lg\u0259l\u0259r t\u0259yin edildikd\u0259n sonra x\u0259st\u0259nin a\u011fr\u0131 il\u0259 ba\u011fl\u0131 davam ed\u0259n \u015fikay\u0259tl\u0259rin\u0259 g\u00f6r\u0259 alqoloqlar t\u0259r\u0259find\u0259n x\u0259st\u0259nin h\u0259yat keyfiyy\u0259tini art\u0131racaq m\u00fcalic\u0259 plan\u0131 yarad\u0131l\u0131r.<\/p>\n<h2>X\u0259r\u00e7\u0259ng a\u011fr\u0131lar\u0131 nec\u0259 m\u00fcalic\u0259 olunur?<\/h2>\n<p>X\u0259r\u00e7\u0259ng a\u011fr\u0131lar\u0131n\u0131n m\u00fcalic\u0259si a\u011fr\u0131n\u0131n s\u0259b\u0259bin\u0259 g\u00f6r\u0259 apar\u0131l\u0131r. D\u0259rman m\u00fcalic\u0259sinin m\u00fcv\u0259ff\u0259qiyy\u0259tsiz oldu\u011fu v\u0259 x\u0259st\u0259nin a\u011fr\u0131 il\u0259 g\u00fcnd\u0259lik h\u0259yat\u0131na davam etm\u0259kd\u0259 \u00e7\u0259tinlik \u00e7\u0259kdiyi hallarda m\u00fcdaxil\u0259 a\u011fr\u0131 m\u00fcalic\u0259l\u0259ri t\u0259tbiq edilir. X\u0259r\u00e7\u0259ng a\u011fr\u0131lar\u0131n\u0131n m\u00fcalic\u0259sind\u0259 istifad\u0259 edil\u0259n b\u0259zi \u00fcsullar a\u015fa\u011f\u0131dak\u0131 kimi sadalan\u0131r:<\/p>\n<ul>\n<li>a\u011fr\u0131k\u0259sicil\u0259r<\/li>\n<li>Morfin t\u00f6r\u0259m\u0259l\u0259ri<\/li>\n<li>Antidepresanlar<\/li>\n<li>Antiepileptikl\u0259r<\/li>\n<li>Sinir bloklar\u0131<\/li>\n<li>Sinir v\u0259 sinir d\u00fcy\u00fcnl\u0259rinin radiotezlik t\u0259tbiql\u0259ri<\/li>\n<li>M\u00fcv\u0259qq\u0259ti v\u0259 ya daimi epidural kateter yerl\u0259\u015fdirilm\u0259si<\/li>\n<li>A\u011fr\u0131 pompalar\u0131<\/li>\n<li>A\u011fr\u0131 batareyas\u0131 (onur\u011fa beyninin stimulla\u015fd\u0131r\u0131lmas\u0131)<\/li>\n<\/ul>\n<p>[\/vc_column_text][vc_separator color=&#8221;custom&#8221; accent_color=&#8221;rgba(0,0,0,0.1)&#8221; css=&#8221;.vc_custom_1608195050020{margin-top: 10px !important;}&#8221;][\/vc_column][\/vc_row][vc_row][vc_column][\/vc_column][\/vc_row]<\/p>\n","protected":false},"excerpt":{"rendered":"<p>[vc_row css=&#8221;.vc_custom_1622016079265{padding-top: 60px !important;padding-bottom: 60px !important;}&#8221;][vc_column enable_pin=&#8221;enable_pin&#8221; width=&#8221;5\/12&#8243; offset=&#8221;vc_col-md-4&#8243; responsive_css=&#8221;padding_right_medium:7%25&#8243;][vc_row_inner][vc_column_inner responsive_css=&#8221;margin_bottom_medium:45px&#8221; css=&#8221;.vc_custom_1608194013763{margin-bottom: 30px !important;}&#8221;][\/vc_column_inner][vc_column_inner css=&#8221;.vc_custom_1608195737477{margin-bottom: 30px !important;padding-top: 35px !important;padding-right: 20px !important;padding-bottom: 35px !important;padding-left: 20px !important;background-color: #f7f8fa !important;border-radius: 5px !important;}&#8221; responsive_css=&#8221;margin_bottom_medium:45px|padding_right_medium:35px|padding_left_medium:35px&#8221;][\/vc_column_inner][vc_column_inner css=&#8221;.vc_custom_1608195709893{border-top-width: 1px !important;border-right-width: 1px !important;border-bottom-width: 1px !important;border-left-width: 1px !important;padding-top: 20px !important;padding-right: 20px !important;padding-bottom: 20px !important;padding-left: 20px !important;border-left-color: rgba(112,112,112,0.15) !important;border-left-style: solid !important;border-right-color: rgba(112,112,112,0.15) !important;border-right-style: solid !important;border-top-color: [&hellip;]<\/p>\n","protected":false},"author":1,"featured_media":0,"parent":6897,"menu_order":0,"comment_status":"closed","ping_status":"closed","template":"","meta":{"footnotes":""},"class_list":["post-6908","page","type-page","status-publish","hentry"],"_links":{"self":[{"href":"https:\/\/profdrercangurses.com\/az\/wp-json\/wp\/v2\/pages\/6908","targetHints":{"allow":["GET"]}}],"collection":[{"href":"https:\/\/profdrercangurses.com\/az\/wp-json\/wp\/v2\/pages"}],"about":[{"href":"https:\/\/profdrercangurses.com\/az\/wp-json\/wp\/v2\/types\/page"}],"author":[{"embeddable":true,"href":"https:\/\/profdrercangurses.com\/az\/wp-json\/wp\/v2\/users\/1"}],"replies":[{"embeddable":true,"href":"https:\/\/profdrercangurses.com\/az\/wp-json\/wp\/v2\/comments?post=6908"}],"version-history":[{"count":1,"href":"https:\/\/profdrercangurses.com\/az\/wp-json\/wp\/v2\/pages\/6908\/revisions"}],"predecessor-version":[{"id":7118,"href":"https:\/\/profdrercangurses.com\/az\/wp-json\/wp\/v2\/pages\/6908\/revisions\/7118"}],"up":[{"embeddable":true,"href":"https:\/\/profdrercangurses.com\/az\/wp-json\/wp\/v2\/pages\/6897"}],"wp:attachment":[{"href":"https:\/\/profdrercangurses.com\/az\/wp-json\/wp\/v2\/media?parent=6908"}],"curies":[{"name":"wp","href":"https:\/\/api.w.org\/{rel}","templated":true}]}}