{"id":6909,"date":"2021-12-20T14:19:10","date_gmt":"2021-12-20T11:19:10","guid":{"rendered":"https:\/\/profdrercangurses.com\/agrilar\/qarin-agrilari\/"},"modified":"2024-11-04T09:59:10","modified_gmt":"2024-11-04T06:59:10","slug":"qarin-agrilari","status":"publish","type":"page","link":"https:\/\/profdrercangurses.com\/az\/agrilar\/qarin-agrilari\/","title":{"rendered":"Qar\u0131n A\u011fr\u0131lar\u0131"},"content":{"rendered":"<p>[vc_row css=&#8221;.vc_custom_1622016079265{padding-top: 60px !important;padding-bottom: 60px !important;}&#8221;][vc_column enable_pin=&#8221;enable_pin&#8221; width=&#8221;5\/12&#8243; offset=&#8221;vc_col-md-4&#8243; responsive_css=&#8221;padding_right_medium:7%25&#8243;][vc_row_inner][vc_column_inner responsive_css=&#8221;margin_bottom_medium:45px&#8221; css=&#8221;.vc_custom_1608194013763{margin-bottom: 30px !important;}&#8221;]<style>.ld_custom_menu_69f1b64f74667 > ul > li > a{font-size:15px;font-weight:700;letter-spacing:0.01em;color:rgb(51, 51, 51);background:rgb(247, 248, 250);}.ld_custom_menu_69f1b64f74667 > ul > li:not(:last-child){margin-bottom:3px;}.lqd-stickybar > .lqd-head-col > .header-module > .ld_custom_menu_69f1b64f74667 li{margin-inline-start:3px;}.ld_custom_menu_69f1b64f74667 > ul > li > a:hover, .ld_custom_menu_69f1b64f74667 li.is-active > a{background:rgb(233, 233, 233);}<\/style><div\n\tclass=\"lqd-fancy-menu lqd-custom-menu menu-items-has-fill lqd-menu-td-none ld_custom_menu_69f1b64f74667\"\n\t>\n\n<ul id=\"ld_custom_menu_69f1b64f74667\" class=\"reset-ul   \" ><li id=\"menu-item-6918\" class=\"menu-item menu-item-type-post_type menu-item-object-page menu-item-6918\"><a href=\"https:\/\/profdrercangurses.com\/az\/agrilar\/arxa-agrisi\/\">Arxa A\u011fr\u0131s\u0131<\/a><\/li>\n<li id=\"menu-item-6919\" class=\"menu-item menu-item-type-post_type menu-item-object-page menu-item-6919\"><a href=\"https:\/\/profdrercangurses.com\/az\/agrilar\/boyun-agrisi\/\">Boyun A\u011fr\u0131s\u0131<\/a><\/li>\n<li id=\"menu-item-6920\" class=\"menu-item menu-item-type-post_type menu-item-object-page menu-item-6920\"><a href=\"https:\/\/profdrercangurses.com\/az\/agrilar\/bel-agrilari\/siyatik-piriformis-%c9%99z%c9%99l%c9%99sin%c9%99-gor%c9%99-bel-agrisi\/\">Siyatik &#8211; Piriformis \u0259z\u0259l\u0259sin\u0259 g\u00f6r\u0259 bel a\u011fr\u0131s\u0131<\/a><\/li>\n<li id=\"menu-item-6921\" class=\"menu-item menu-item-type-post_type menu-item-object-page menu-item-6921\"><a href=\"https:\/\/profdrercangurses.com\/az\/agrilar\/arxa-agrisi\/\">Arxa A\u011fr\u0131s\u0131<\/a><\/li>\n<li id=\"menu-item-5423\" class=\"menu-item menu-item-type-post_type menu-item-object-page menu-item-5423\"><a href=\"https:\/\/profdrercangurses.com\/az\/agrilar\/neyropatik-agri-v%c9%99-nevralji\/\">Neyropatik A\u011fr\u0131 v\u0259 Nevralji<\/a><\/li>\n<li id=\"menu-item-6922\" class=\"menu-item menu-item-type-post_type menu-item-object-page menu-item-6922\"><a href=\"https:\/\/profdrercangurses.com\/az\/agrilar\/qarin-agrilari\/\">Qar\u0131n A\u011fr\u0131lar\u0131<\/a><\/li>\n<li id=\"menu-item-6923\" class=\"menu-item menu-item-type-post_type menu-item-object-page menu-item-6923\"><a href=\"https:\/\/profdrercangurses.com\/az\/agrilar\/x%c9%99rc%c9%99ng-agrilari\/\">X\u0259r\u00e7\u0259ng A\u011fr\u0131lar\u0131<\/a><\/li>\n<li id=\"menu-item-5422\" class=\"menu-item menu-item-type-post_type menu-item-object-page menu-item-5422\"><a href=\"https:\/\/profdrercangurses.com\/az\/agrilar\/fantom-agrilar\/\">Fantom A\u011fr\u0131lar<\/a><\/li>\n<li id=\"menu-item-6924\" class=\"menu-item menu-item-type-post_type menu-item-object-page menu-item-6924\"><a href=\"https:\/\/profdrercangurses.com\/az\/agrilar\/sin%c9%99-agrilari\/\">Sin\u0259 A\u011fr\u0131lar\u0131<\/a><\/li>\n<li id=\"menu-item-5424\" class=\"menu-item menu-item-type-post_type menu-item-object-page menu-item-5424\"><a href=\"https:\/\/profdrercangurses.com\/az\/agrilar\/oynaq-agrilari\/\">Oynaq A\u011fr\u0131lar\u0131<\/a><\/li>\n<li id=\"menu-item-6925\" class=\"menu-item menu-item-type-post_type menu-item-object-page menu-item-6925\"><a href=\"https:\/\/profdrercangurses.com\/az\/agrilar\/bel-agrilari\/siyatik-piriformis-%c9%99z%c9%99l%c9%99sin%c9%99-gor%c9%99-bel-agrisi\/\">Siyatik &#8211; Piriformis \u0259z\u0259l\u0259sin\u0259 g\u00f6r\u0259 bel a\u011fr\u0131s\u0131<\/a><\/li>\n<li id=\"menu-item-6926\" class=\"menu-item menu-item-type-post_type menu-item-object-page menu-item-6926\"><a href=\"https:\/\/profdrercangurses.com\/az\/agrilar\/bel-agrilari\/sakroiliak-agrisi\/\">Sakroiliak A\u011fr\u0131s\u0131<\/a><\/li>\n<\/ul><\/div>[\/vc_column_inner][vc_column_inner css=&#8221;.vc_custom_1608195737477{margin-bottom: 30px !important;padding-top: 35px !important;padding-right: 20px !important;padding-bottom: 35px !important;padding-left: 20px !important;background-color: #f7f8fa !important;border-radius: 5px !important;}&#8221; responsive_css=&#8221;margin_bottom_medium:45px|padding_right_medium:35px|padding_left_medium:35px&#8221;]<style>.ld_fancy_heading_69f1b64f7edc1 h3 {font-size:19px; } .ld_fancy_heading_69f1b64f7edc1 h3 {margin-bottom:1.25em !important;  } .ld_fancy_heading_69f1b64f7edc1 .lqd-highlight-inner{height:0.275em!important;bottom:0px!important;}.ld_fancy_heading_69f1b64f7edc1 h3 {font-size:19px; } .ld_fancy_heading_69f1b64f7edc1 h3 {margin-bottom:1.25em !important;  } <\/style><div class=\"ld-fancy-heading ld_fancy_heading_69f1b64f7edc1\">\n\t<h3 class=\"ld-fh-element lqd-highlight-underline lqd-highlight-grow-left text-decoration-default\"   >  Biziml\u0259 \u0259laq\u0259 saxlay\u0131n<\/h3><\/div><style>.ld_cf7_69f1b64f7f06a input,.ld_cf7_69f1b64f7f06a textarea,.ld_cf7_69f1b64f7f06a .ui-button.ui-selectmenu-button{font-size:15px;}.ld_cf7_69f1b64f7f06a input[type=\"submit\"]{font-size:15px;background:rgb(24, 67, 65);border-color:rgb(24, 67, 65);}.ld_cf7_69f1b64f7f06a input, .ld_cf7_69f1b64f7f06a select, .ld_cf7_69f1b64f7f06a textarea, .ld_cf7_69f1b64f7f06a .ui-button.ui-selectmenu-button{background:rgb(255, 255, 255);}.ld_cf7_69f1b64f7f06a input, .ld_cf7_69f1b64f7f06a select, .ld_cf7_69f1b64f7f06a textarea, .ld_cf7_69f1b64f7f06a .ui-button.ui-selectmenu-button, .ld_cf7_69f1b64f7f06a .wpcf7-form-control-wrap > i, .ld_cf7_69f1b64f7f06a .wpcf7-radio{color:rgb(127, 130, 132);}.ld_cf7_69f1b64f7f06a input:focus, .ld_cf7_69f1b64f7f06a select:focus, .ld_cf7_69f1b64f7f06a textarea:focus, .ld_cf7_69f1b64f7f06a .ui-button.ui-selectmenu-button:hover, .wpcf7-acceptance .wpcf7-list-item-label:after{color:rgb(0, 0, 0);}.ld_cf7_69f1b64f7f06a .wpcf7-form-control-wrap{margin-bottom:10px;}<\/style><div id=\"ld_cf7_69f1b64f7f06a\" class=\"lqd-contact-form lqd-contact-form-inputs-filled lqd-contact-form-inputs-round lqd-contact-form-button-block lqd-contact-form-button-round ld_cf7_69f1b64f7f06a vc_custom_1622015176992\">\n\t\n<div class=\"wpcf7 no-js\" id=\"wpcf7-f74-o1\" lang=\"en-US\" dir=\"ltr\" data-wpcf7-id=\"74\">\n<div class=\"screen-reader-response\"><p role=\"status\" aria-live=\"polite\" aria-atomic=\"true\"><\/p> <ul><\/ul><\/div>\n<form action=\"\/az\/wp-json\/wp\/v2\/pages\/6909#wpcf7-f74-o1\" method=\"post\" class=\"wpcf7-form init\" aria-label=\"Contact form\" novalidate=\"novalidate\" data-status=\"init\">\n<fieldset class=\"hidden-fields-container\"><input type=\"hidden\" name=\"_wpcf7\" value=\"74\" \/><input type=\"hidden\" name=\"_wpcf7_version\" value=\"6.1.5\" \/><input type=\"hidden\" name=\"_wpcf7_locale\" value=\"en_US\" \/><input type=\"hidden\" name=\"_wpcf7_unit_tag\" value=\"wpcf7-f74-o1\" \/><input type=\"hidden\" name=\"_wpcf7_container_post\" value=\"0\" \/><input type=\"hidden\" name=\"_wpcf7_posted_data_hash\" value=\"\" \/><input type=\"hidden\" name=\"_wpcf7_recaptcha_response\" value=\"\" \/>\n<\/fieldset>\n<p><span class=\"wpcf7-form-control-wrap\" data-name=\"text-775\"><input size=\"40\" maxlength=\"400\" class=\"wpcf7-form-control wpcf7-text wpcf7-validates-as-required\" aria-required=\"true\" aria-invalid=\"false\" placeholder=\"Ad\u0131n\u0131z\" value=\"\" type=\"text\" name=\"text-775\" \/><\/span><span class=\"wpcf7-form-control-wrap\" data-name=\"email-550\"><input size=\"40\" maxlength=\"400\" class=\"wpcf7-form-control wpcf7-email wpcf7-validates-as-required wpcf7-text wpcf7-validates-as-email\" aria-required=\"true\" aria-invalid=\"false\" placeholder=\"Email adresiniz\" value=\"\" type=\"email\" name=\"email-550\" \/><\/span><span class=\"wpcf7-form-control-wrap\" data-name=\"textarea-138\"><textarea cols=\"10\" rows=\"4\" maxlength=\"2000\" class=\"wpcf7-form-control wpcf7-textarea wpcf7-validates-as-required\" aria-required=\"true\" aria-invalid=\"false\" placeholder=\"Mesaj\u0131n\u0131z\" name=\"textarea-138\"><\/textarea><\/span><input class=\"wpcf7-form-control wpcf7-submit has-spinner\" type=\"submit\" value=\"G\u00f6nder\" \/>\n<\/p><p style=\"display: none !important;\" class=\"akismet-fields-container\" data-prefix=\"_wpcf7_ak_\"><label>&#916;<textarea name=\"_wpcf7_ak_hp_textarea\" cols=\"45\" rows=\"8\" maxlength=\"100\"><\/textarea><\/label><input type=\"hidden\" id=\"ak_js_1\" name=\"_wpcf7_ak_js\" value=\"118\"\/><script>document.getElementById( \"ak_js_1\" ).setAttribute( \"value\", ( new Date() ).getTime() );<\/script><\/p><div class=\"wpcf7-response-output\" aria-hidden=\"true\"><\/div>\n<\/form>\n<\/div>\n<\/div>[\/vc_column_inner][vc_column_inner css=&#8221;.vc_custom_1608195709893{border-top-width: 1px !important;border-right-width: 1px !important;border-bottom-width: 1px !important;border-left-width: 1px !important;padding-top: 20px !important;padding-right: 20px !important;padding-bottom: 20px !important;padding-left: 20px !important;border-left-color: rgba(112,112,112,0.15) !important;border-left-style: solid !important;border-right-color: rgba(112,112,112,0.15) !important;border-right-style: solid !important;border-top-color: rgba(112,112,112,0.15) !important;border-top-style: solid !important;border-bottom-color: rgba(112,112,112,0.15) !important;border-bottom-style: solid !important;border-radius: 3px !important;}&#8221; responsive_css=&#8221;padding_right_large:35px|padding_left_large:50px|padding_right_medium:15px|padding_left_medium:15px|padding_right_small:10px|padding_left_small:10px&#8221;]<style>.ld_icon_box_69f1b64f81031 .iconbox-icon-container{color:rgb(38, 176, 95);font-size:20px;width:65px !important;height:65px !important;background:rgba(38, 176, 95, 0.1);border-radius:px;}.ld_icon_box_69f1b64f81031 .iconbox-icon-container:before{border-color:rgba(38, 176, 95, 0.1);}.ld_icon_box_69f1b64f81031 .lqd-iconbox-title{color:rgb(160, 160, 160);margin-bottom:1px;font-size:15px;}<\/style>\n<div class=\"iconbox iconbox-side text-align-default align-items-center iconbox-circle ld_icon_box_69f1b64f81031 vc_custom_1730703545076\" id=\"ld_icon_box_69f1b64f81031\"  data-animate-icon=\"true\" data-plugin-options='{\"color\":\"rgb(38, 176, 95)\"}'  >\n\t\n\t\t\t\t\t\n\t\n\t<div class=\"iconbox-icon-wrap\"><span class=\"iconbox-icon-container\"><i class=\"lqd-icn-ess icon-lqd-mobile\"><\/i><\/span><\/div>\t\n\t\t\n\t<div class=\"contents\">\t\n\t\t\n\t<h3 class=\"lqd-iconbox-title font-weight-medium\">\u0130leti\u015fim Bilgisi:<\/h3>\t<p><a href=\"tel:+994 50 5178687\">+994 50 5178687<\/a><\/p>\n\t\t\n\t<\/div>\t\n\t\n<\/div>\n[\/vc_column_inner][\/vc_row_inner][\/vc_column][vc_column width=&#8221;2\/3&#8243; column_top_ontablet=&#8221;yes&#8221; column_top_onmobile=&#8221;yes&#8221; offset=&#8221;vc_col-md-offset-0 vc_col-md-8&#8243; responsive_css=&#8221;margin_bottom_medium:0px&#8221; css=&#8221;.vc_custom_1610729062932{margin-bottom: 35px !important;}&#8221;]<style>.ld_content_box_69f1b64f81ae8 .lqd-fb-content-title{font-weight:700 !important;}.ld_content_box_69f1b64f81ae8 .lqd-fb-bg{background:-webkit-linear-gradient(180deg, rgba(255, 255, 255, 0) 0%, rgba(24, 27, 49, 0.6) 100%);background:linear-gradient(180deg, rgba(255, 255, 255, 0) 0%, rgba(24, 27, 49, 0.6) 100%);}<\/style><div id=\"ld_content_box_69f1b64f81ae8\" class=\"lqd-fb lqd-fb-style-1 lqd-fb-style-1-3 round pos-rel overflow-hidden lqd-fb-zoom-img-onhover h-pt-60 ld_content_box_69f1b64f81ae8\" data-inview=\"true\">\n\t<div class=\"lqd-fb-inner lqd-overlay\">\n\n\t\t<div class=\"lqd-fb-img lqd-overlay overflow-hidden\">\n\n\t\t<figure data-responsive-bg=\"true\"><img decoding=\"async\" width=\"1080\" height=\"900\" data-src=\"https:\/\/profdrercangurses.com\/wp-content\/uploads\/2021\/12\/karinagrilari.jpg\" class=\"w-100 invisible lazyload\" alt=\"\" data-srcset=\"https:\/\/profdrercangurses.com\/wp-content\/uploads\/2021\/12\/karinagrilari.jpg 1080w, https:\/\/profdrercangurses.com\/wp-content\/uploads\/2021\/12\/karinagrilari-300x250.jpg 300w, https:\/\/profdrercangurses.com\/wp-content\/uploads\/2021\/12\/karinagrilari-1024x853.jpg 1024w\" data-sizes=\"(max-width: 1080px) 100vw, 1080px\" itemprop=\"image\" title=\"\" src=\"data:image\/svg+xml;base64,PHN2ZyB3aWR0aD0iMSIgaGVpZ2h0PSIxIiB4bWxucz0iaHR0cDovL3d3dy53My5vcmcvMjAwMC9zdmciPjwvc3ZnPg==\" style=\"--smush-placeholder-width: 1080px; --smush-placeholder-aspect-ratio: 1080\/900;\"><\/figure>\t\t\n\t\t<\/div>\n\n\t\t<div class=\"lqd-fb-content lqd-overlay align-items-end\">\n\t\t\t<div class=\"lqd-fb-bg lqd-overlay\"><\/div>\n\t\t\t<div class=\"lqd-fb-hover-overlay lqd-overlay\"><\/div>\n\t\t\t<div class=\"lqd-fb-content-inner d-flex flex-column justify-content-end pos-rel h-100 w-100 w-md-75 p-4 p-md-8\">\n\t\t\t\t\n\t\t\t\t\t\t\t\t\n\t\t\t\t<div\n\t\t\t\tclass=\"lqd-fb-content-bottom mt-auto\"\n\t\t\t\tdata-custom-animations=\"true\"\n\t\t\t\tdata-ca-options='{ \"triggerHandler\": \"inview\", \"animationTarget\": \"all-childs\", \"duration\": 1200, \"delay\": 120,  \"startDelay\": 300, \"initValues\": { \"y\": 30, \"opacity\": 0 }, \"animations\": { \"y\": 0, \"opacity\": 1 } }'>\n\t\t\t\t\t\n\t\t\t\t\t\t\t\t\t\t<h2\t\t\t\t\tclass=\"lqd-fb-content-title my-0 mb-3\"\n\t\t\t\t\tdata-split-text=\"true\" data-split-options='{ \"type\": \"lines\" }'>Qar\u0131n A\u011fr\u0131lar\u0131\t\t\t\t\t<\/h2>\n\t\t\t\t\t\t\t\t\t\t\n\t\t\t\t\t\n\t\t\t\t\t\t\t\t\t\t<p\n\t\t\t\t\tclass=\"my-0 mb-5\"\n\t\t\t\t\tdata-split-text=\"true\" data-split-options='{ \"type\": \"lines\" }'><span style=\"font-weight: 400;\">Qar\u0131n b\u0259d\u0259nimizd\u0259ki bir \u00e7ox orqan\u0131 ehtiva ed\u0259n vacib bir b\u00f6lg\u0259dir. Bu s\u0259b\u0259bd\u0259n qar\u0131n a\u011fr\u0131s\u0131n\u0131n ilkin olaraq qar\u0131n i\u00e7i orqanlardan yarana bil\u0259c\u0259yi d\u00fc\u015f\u00fcn\u00fcl\u00fcr. Bu m\u0259nada dig\u0259r a\u011fr\u0131lardan f\u0259rqli olaraq qiym\u0259tl\u0259ndirilir.  <\/span><\/p>\n\t\t\t\t\t\n\t\t\t\t\t\n\t\t\t\t<\/div>\n\t\t\t\t\n\t\t\t<\/div>\n\t\t<\/div>\n\n\t<\/div>\n<\/div>\n[vc_column_text]Qar\u0131n a\u011fr\u0131s\u0131 ciddi q\u0259bul edilm\u0259li v\u0259 gecikm\u0259d\u0259n diaqnoz qoyulmal\u0131 v\u0259 m\u00fcalic\u0259 edilm\u0259lidir.<\/p>\n<h2>Qar\u0131n a\u011fr\u0131s\u0131n\u0131n s\u0259b\u0259bl\u0259ri n\u0259l\u0259rdir?<\/h2>\n<p>Qar\u0131n a\u011fr\u0131s\u0131n\u0131n m\u00fcxt\u0259lif s\u0259b\u0259bl\u0259ri var. \u0130st\u0259r k\u0259skin ist\u0259r xroniki olsun, h\u0259r c\u00fcr qar\u0131n a\u011fr\u0131s\u0131, ist\u0259r qar\u0131n orqanlar\u0131nda, ist\u0259rs\u0259 d\u0259 dig\u0259r b\u00f6lg\u0259l\u0259rd\u0259 ba\u015f ver\u0259n bir problem\u0259 ba\u011fl\u0131 a\u011fr\u0131ya aid edil\u0259 bil\u0259r. Qar\u0131n a\u011fr\u0131s\u0131, m\u0259d\u0259, ba\u011f\u0131rsaq, b\u00f6yr\u0259k, badamc\u0131q infeksiyalar\u0131, iltihablar, ba\u011f\u0131rsaq v\u0259 h\u0259zm sisteminin poz\u011funluqlar\u0131, menstrual kramplar, q\u0259bizlik, ishal, refl\u00fc, stress, orqan qopmalar\u0131, dayaq-h\u0259r\u0259k\u0259t sistemind\u0259n qaynaqlanan x\u0259st\u0259likl\u0259r, appendisit, \u00f6d kis\u0259si da\u015flar\u0131 ola bil\u0259r s\u0259b\u0259bl\u0259rd\u0259n yaran\u0131r. Alqologiya il\u0259 m\u00fcalic\u0259si m\u00fcmk\u00fcn olan xroniki qar\u0131n a\u011fr\u0131lar\u0131 a\u015fa\u011f\u0131dak\u0131 kimi s\u0131ralan\u0131r: <strong>Qab\u0131r\u011fa sindromu:<\/strong> Bunlar 11 v\u0259 12-ci qab\u0131r\u011falardak\u0131 probleml\u0259r s\u0259b\u0259biyl\u0259 meydana g\u0259l\u0259n xroniki a\u011fr\u0131lard\u0131r. Qar\u0131n\u0131n a\u015fa\u011f\u0131 hiss\u0259sind\u0259n qas\u0131q nahiy\u0259sin\u0259 q\u0259d\u0259r yay\u0131la bil\u0259r. <strong>Aral\u0131q d\u0259nizi q\u0131zd\u0131rmas\u0131:<\/strong> Genetik otoimm\u00fcn-iltihabi x\u0259st\u0259lik olan Ail\u0259vi Aral\u0131q d\u0259nizi q\u0131zd\u0131rmas\u0131 ad\u0131n\u0131 \u00fcmumiyy\u0259tl\u0259 Aral\u0131q d\u0259nizi m\u0259n\u015f\u0259li insanlarda g\u00f6r\u00fclm\u0259sind\u0259n alm\u0131\u015fd\u0131r. Bu x\u0259st\u0259liyin tipik \u0259lam\u0259tl\u0259rind\u0259n biri qar\u0131n a\u011fr\u0131s\u0131d\u0131r. <strong>Abdominal Migren:<\/strong> Qar\u0131n nahiy\u0259sini t\u0259sir ed\u0259n miqren x\u0259st\u0259liyidir. Ad\u0259t\u0259n u\u015faqlarda m\u00fc\u015fahid\u0259 olunur. B\u0259zi x\u0259st\u0259l\u0259rd\u0259 miqren il\u0259 m\u00fc\u015fayi\u0259t oluna bil\u0259r. Onun simptomlar\u0131 \u015fidd\u0259tli qar\u0131n a\u011fr\u0131s\u0131 v\u0259 qusma h\u00fccumlar\u0131d\u0131r. <strong>X\u0259r\u00e7\u0259ngl\u0259 \u0259laq\u0259li qar\u0131n a\u011fr\u0131s\u0131:<\/strong> Kolon, m\u0259d\u0259alt\u0131 v\u0259zi v\u0259 m\u0259d\u0259 x\u0259r\u00e7\u0259ngi olan x\u0259st\u0259l\u0259rin ya\u015fad\u0131\u011f\u0131 \u0259n b\u00f6y\u00fck probleml\u0259rd\u0259n biri qar\u0131n nahiy\u0259sinin m\u00fcxt\u0259lif yerl\u0259rind\u0259 \u015fidd\u0259tli a\u011fr\u0131d\u0131r. <strong>Sinir s\u0131x\u0131lmas\u0131:<\/strong> Qar\u0131n nahiy\u0259sind\u0259 d\u0259ri sinirl\u0259rinin s\u0131x\u0131lmas\u0131 da a\u011fr\u0131 s\u0259b\u0259bl\u0259rind\u0259ndir. Qar\u0131n \u0259z\u0259l\u0259l\u0259rind\u0259 v\u0259 ya \u0259m\u0259liyyatlardan sonra \u0259m\u0259l\u0259 g\u0259l\u0259n \u00e7ap\u0131q toxumalar\u0131nda sinirl\u0259r s\u0131x\u0131la bil\u0259r v\u0259 bu, qar\u0131n divar\u0131n\u0131 t\u0259sir ed\u0259n a\u011fr\u0131ya \u00e7evrilir.<\/p>\n<h2>Qar\u0131n a\u011fr\u0131s\u0131 hans\u0131 x\u0259st\u0259liyin \u0259lam\u0259ti ola bil\u0259r?<\/h2>\n<p>Qar\u0131n a\u011fr\u0131s\u0131 b\u0259z\u0259n m\u00fcxt\u0259lif x\u0259st\u0259likl\u0259ri g\u00f6st\u0259rir. Qar\u0131n a\u011fr\u0131s\u0131 il\u0259 \u00f6z\u00fcn\u00fc g\u00f6st\u0259r\u0259n x\u0259st\u0259likl\u0259rd\u0259n b\u0259zil\u0259ri bunlard\u0131r: apandisit, z\u0259d\u0259, sidik yollar\u0131n\u0131n infeksiyas\u0131, Crohn x\u0259st\u0259liyi, qrip v\u0259 q\u0131c\u0131qlanm\u0131\u015f ba\u011f\u0131rsaq sindromu. A\u011fr\u0131n\u0131n hans\u0131 b\u00f6lg\u0259d\u0259 ba\u015f verdiyini bilm\u0259k d\u0259 vacibdir.<\/p>\n<ul>\n<li>Qar\u0131n\u0131n yuxar\u0131 sa\u011f hiss\u0259sind\u0259 a\u011fr\u0131 \u00f6d kis\u0259si v\u0259 ya qaraciy\u0259rl\u0259 \u0259laq\u0259li ola bil\u0259r v\u0259 ya xoraya i\u015far\u0259 ed\u0259 bil\u0259r. A\u011fr\u0131 sa\u011f alt hiss\u0259d\u0259 olarsa a\u011fla sidik probleml\u0259ri, u\u015faql\u0131qdan k\u0259nar hamil\u0259lik, yumurtal\u0131q, appendisit, y\u0131rt\u0131q, \u00f6d kis\u0259si il\u0259 ba\u011fl\u0131 x\u0259st\u0259likl\u0259r g\u0259l\u0259 bil\u0259r.<\/li>\n<li>Qar\u0131n yuxar\u0131 sol hiss\u0259sind\u0259 a\u011fr\u0131 pankreas, dalaq v\u0259 aorta il\u0259 \u0259laq\u0259li x\u0259st\u0259likl\u0259ri g\u00f6st\u0259r\u0259 bil\u0259r. Sol alt nahiy\u0259d\u0259 a\u011fr\u0131lar yo\u011fun ba\u011f\u0131rsaq, yumurtal\u0131q, sidik probleml\u0259ri, ektopik hamil\u0259lik v\u0259 appendisit kimi probleml\u0259r n\u0259tic\u0259sind\u0259 yarana bil\u0259r.<\/li>\n<li>G\u00f6b\u0259kd\u0259n yuxar\u0131 c\u0259ml\u0259nmi\u015f a\u011fr\u0131n\u0131n s\u0259b\u0259bi m\u0259d\u0259, ba\u011f\u0131rsaq v\u0259 yem\u0259k borusu il\u0259 ba\u011fl\u0131 probleml\u0259r ola bil\u0259r. Bu, h\u0259m\u00e7inin qastrit, xoralar v\u0259 refl\u00fc kimi x\u0259st\u0259likl\u0259rin \u0259lam\u0259ti ola bil\u0259r.<\/li>\n<\/ul>\n<p>&nbsp;<\/p>\n<h2>Qar\u0131n a\u011fr\u0131s\u0131n\u0131n diaqnozu<\/h2>\n<p>Qar\u0131n a\u011fr\u0131s\u0131 diaqnozunda x\u0259st\u0259d\u0259n \u015fikay\u0259tini \u0259trafl\u0131 izah etm\u0259si ist\u0259nilir, x\u0259st\u0259nin anamnezi g\u00f6t\u00fcr\u00fcl\u00fcr, fiziki m\u00fcayin\u0259d\u0259n sonra endoskopik m\u00fcayin\u0259l\u0259r, g\u00f6r\u00fcnt\u00fcl\u0259m\u0259 \u00fcsullar\u0131 v\u0259 laz\u0131m g\u0259ldikd\u0259 qan analizl\u0259rind\u0259n istifad\u0259 edilir.<\/p>\n<h2>Qar\u0131n a\u011fr\u0131s\u0131 nec\u0259 m\u00fcalic\u0259 olunur?<\/h2>\n<p>Qar\u0131n a\u011fr\u0131s\u0131, b\u00fct\u00fcn dig\u0259r a\u011fr\u0131 \u015fikay\u0259tl\u0259ri kimi, a\u011fr\u0131n\u0131n s\u0259b\u0259bi v\u0259 x\u0259st\u0259liy\u0259 g\u00f6r\u0259 f\u0259rqli yana\u015fmalarla m\u00fcalic\u0259 olunur.<\/p>\n<h2>M\u0259d\u0259 a\u011fr\u0131s\u0131na n\u0259 yax\u015f\u0131d\u0131r?<\/h2>\n<p>Qar\u0131n a\u011fr\u0131s\u0131 \u015fikay\u0259tl\u0259rind\u0259;<\/p>\n<ul>\n<li>\u015eidd\u0259tli a\u011fr\u0131 varsa,<\/li>\n<li>\u018fg\u0259r a\u011fr\u0131 t\u0259krarlan\u0131rsa v\u0259 bir m\u00fcdd\u0259t davam edirs\u0259,<\/li>\n<li>A\u011fr\u0131 il\u0259 m\u00fc\u015fayi\u0259t olunan m\u00fcxt\u0259lif simptomlar varsa (qusma, q\u0131zd\u0131rma, qanaxma, n\u0259f\u0259s darl\u0131\u011f\u0131 v\u0259 s.)<\/li>\n<li>Qar\u0131n bo\u015flu\u011funda \u015fi\u015flik varsa,<\/li>\n<li>Qar\u0131n a\u011fr\u0131s\u0131 sin\u0259, \u00e7iyin v\u0259 boyun nahiy\u0259sin\u0259 yay\u0131l\u0131bsa,<\/li>\n<li>N\u0259cisd\u0259 qan varsa, vaxt itirm\u0259d\u0259n m\u00fctl\u0259q h\u0259kim\u0259 m\u00fcraci\u0259t etm\u0259lisiniz.<\/li>\n<\/ul>\n<p>Bunun xaricind\u0259 sa\u011flam qidalanma, porsiyalara diqq\u0259t yetirm\u0259k, g\u00fcn \u0259rzind\u0259 bol su i\u00e7m\u0259k, yem\u0259kd\u0259n sonra \u0259n az iki saat yatmaq kimi ehtiyat t\u0259dbirl\u0259ri arabir y\u00fcng\u00fcl qar\u0131n a\u011fr\u0131s\u0131na yax\u015f\u0131 t\u0259sir g\u00f6st\u0259r\u0259 bil\u0259r. Qar\u0131n a\u011fr\u0131s\u0131n\u0131n s\u0259b\u0259bi ayd\u0131n deyils\u0259 v\u0259 h\u0259kim t\u0259r\u0259find\u0259n t\u0259yin olunmay\u0131bsa, a\u011fr\u0131k\u0259sicil\u0259rin q\u0259bulu m\u0259sl\u0259h\u0259t g\u00f6r\u00fclm\u00fcr.[\/vc_column_text][vc_separator color=&#8221;custom&#8221; accent_color=&#8221;rgba(0,0,0,0.1)&#8221; css=&#8221;.vc_custom_1608195050020{margin-top: 10px !important;}&#8221;][\/vc_column][\/vc_row][vc_row][vc_column][\/vc_column][\/vc_row]<\/p>\n","protected":false},"excerpt":{"rendered":"<p>[vc_row css=&#8221;.vc_custom_1622016079265{padding-top: 60px !important;padding-bottom: 60px !important;}&#8221;][vc_column enable_pin=&#8221;enable_pin&#8221; width=&#8221;5\/12&#8243; offset=&#8221;vc_col-md-4&#8243; responsive_css=&#8221;padding_right_medium:7%25&#8243;][vc_row_inner][vc_column_inner responsive_css=&#8221;margin_bottom_medium:45px&#8221; css=&#8221;.vc_custom_1608194013763{margin-bottom: 30px !important;}&#8221;][\/vc_column_inner][vc_column_inner css=&#8221;.vc_custom_1608195737477{margin-bottom: 30px !important;padding-top: 35px !important;padding-right: 20px !important;padding-bottom: 35px !important;padding-left: 20px !important;background-color: #f7f8fa !important;border-radius: 5px !important;}&#8221; responsive_css=&#8221;margin_bottom_medium:45px|padding_right_medium:35px|padding_left_medium:35px&#8221;][\/vc_column_inner][vc_column_inner css=&#8221;.vc_custom_1608195709893{border-top-width: 1px !important;border-right-width: 1px !important;border-bottom-width: 1px !important;border-left-width: 1px !important;padding-top: 20px !important;padding-right: 20px !important;padding-bottom: 20px !important;padding-left: 20px !important;border-left-color: rgba(112,112,112,0.15) !important;border-left-style: solid !important;border-right-color: rgba(112,112,112,0.15) !important;border-right-style: solid !important;border-top-color: [&hellip;]<\/p>\n","protected":false},"author":1,"featured_media":0,"parent":6897,"menu_order":0,"comment_status":"closed","ping_status":"closed","template":"","meta":{"footnotes":""},"class_list":["post-6909","page","type-page","status-publish","hentry"],"_links":{"self":[{"href":"https:\/\/profdrercangurses.com\/az\/wp-json\/wp\/v2\/pages\/6909","targetHints":{"allow":["GET"]}}],"collection":[{"href":"https:\/\/profdrercangurses.com\/az\/wp-json\/wp\/v2\/pages"}],"about":[{"href":"https:\/\/profdrercangurses.com\/az\/wp-json\/wp\/v2\/types\/page"}],"author":[{"embeddable":true,"href":"https:\/\/profdrercangurses.com\/az\/wp-json\/wp\/v2\/users\/1"}],"replies":[{"embeddable":true,"href":"https:\/\/profdrercangurses.com\/az\/wp-json\/wp\/v2\/comments?post=6909"}],"version-history":[{"count":1,"href":"https:\/\/profdrercangurses.com\/az\/wp-json\/wp\/v2\/pages\/6909\/revisions"}],"predecessor-version":[{"id":7119,"href":"https:\/\/profdrercangurses.com\/az\/wp-json\/wp\/v2\/pages\/6909\/revisions\/7119"}],"up":[{"embeddable":true,"href":"https:\/\/profdrercangurses.com\/az\/wp-json\/wp\/v2\/pages\/6897"}],"wp:attachment":[{"href":"https:\/\/profdrercangurses.com\/az\/wp-json\/wp\/v2\/media?parent=6909"}],"curies":[{"name":"wp","href":"https:\/\/api.w.org\/{rel}","templated":true}]}}