{"id":6911,"date":"2021-12-20T15:21:23","date_gmt":"2021-12-20T12:21:23","guid":{"rendered":"https:\/\/profdrercangurses.com\/agrilar\/yanan-agiz-sindromu-burning-mouth-syndrome\/"},"modified":"2024-11-04T10:00:10","modified_gmt":"2024-11-04T07:00:10","slug":"yanan-agiz-sindromu-burning-mouth-syndrome","status":"publish","type":"page","link":"https:\/\/profdrercangurses.com\/az\/agrilar\/yanan-agiz-sindromu-burning-mouth-syndrome\/","title":{"rendered":"Yanan a\u011f\u0131z sindromu (Burning Mouth Syndrome)"},"content":{"rendered":"<p>[vc_row css=&#8221;.vc_custom_1622016079265{padding-top: 60px !important;padding-bottom: 60px !important;}&#8221;][vc_column enable_pin=&#8221;enable_pin&#8221; width=&#8221;5\/12&#8243; offset=&#8221;vc_col-md-4&#8243; responsive_css=&#8221;padding_right_medium:7%25&#8243;][vc_row_inner][vc_column_inner responsive_css=&#8221;margin_bottom_medium:45px&#8221; css=&#8221;.vc_custom_1608194013763{margin-bottom: 30px !important;}&#8221;]<style>.ld_custom_menu_69f1b694411c1 > ul > li > a{font-size:15px;font-weight:700;letter-spacing:0.01em;color:rgb(51, 51, 51);background:rgb(247, 248, 250);}.ld_custom_menu_69f1b694411c1 > ul > li:not(:last-child){margin-bottom:3px;}.lqd-stickybar > .lqd-head-col > .header-module > .ld_custom_menu_69f1b694411c1 li{margin-inline-start:3px;}.ld_custom_menu_69f1b694411c1 > ul > li > a:hover, .ld_custom_menu_69f1b694411c1 li.is-active > a{background:rgb(233, 233, 233);}<\/style><div\n\tclass=\"lqd-fancy-menu lqd-custom-menu menu-items-has-fill lqd-menu-td-none ld_custom_menu_69f1b694411c1\"\n\t>\n\n<ul id=\"ld_custom_menu_69f1b694411c1\" class=\"reset-ul   \" ><li id=\"menu-item-6918\" class=\"menu-item menu-item-type-post_type menu-item-object-page menu-item-6918\"><a href=\"https:\/\/profdrercangurses.com\/az\/agrilar\/arxa-agrisi\/\">Arxa A\u011fr\u0131s\u0131<\/a><\/li>\n<li id=\"menu-item-6919\" class=\"menu-item menu-item-type-post_type menu-item-object-page menu-item-6919\"><a href=\"https:\/\/profdrercangurses.com\/az\/agrilar\/boyun-agrisi\/\">Boyun A\u011fr\u0131s\u0131<\/a><\/li>\n<li id=\"menu-item-6920\" class=\"menu-item menu-item-type-post_type menu-item-object-page menu-item-6920\"><a href=\"https:\/\/profdrercangurses.com\/az\/agrilar\/bel-agrilari\/siyatik-piriformis-%c9%99z%c9%99l%c9%99sin%c9%99-gor%c9%99-bel-agrisi\/\">Siyatik &#8211; Piriformis \u0259z\u0259l\u0259sin\u0259 g\u00f6r\u0259 bel a\u011fr\u0131s\u0131<\/a><\/li>\n<li id=\"menu-item-6921\" class=\"menu-item menu-item-type-post_type menu-item-object-page menu-item-6921\"><a href=\"https:\/\/profdrercangurses.com\/az\/agrilar\/arxa-agrisi\/\">Arxa A\u011fr\u0131s\u0131<\/a><\/li>\n<li id=\"menu-item-5423\" class=\"menu-item menu-item-type-post_type menu-item-object-page menu-item-5423\"><a href=\"https:\/\/profdrercangurses.com\/az\/agrilar\/neyropatik-agri-v%c9%99-nevralji\/\">Neyropatik A\u011fr\u0131 v\u0259 Nevralji<\/a><\/li>\n<li id=\"menu-item-6922\" class=\"menu-item menu-item-type-post_type menu-item-object-page menu-item-6922\"><a href=\"https:\/\/profdrercangurses.com\/az\/agrilar\/qarin-agrilari\/\">Qar\u0131n A\u011fr\u0131lar\u0131<\/a><\/li>\n<li id=\"menu-item-6923\" class=\"menu-item menu-item-type-post_type menu-item-object-page menu-item-6923\"><a href=\"https:\/\/profdrercangurses.com\/az\/agrilar\/x%c9%99rc%c9%99ng-agrilari\/\">X\u0259r\u00e7\u0259ng A\u011fr\u0131lar\u0131<\/a><\/li>\n<li id=\"menu-item-5422\" class=\"menu-item menu-item-type-post_type menu-item-object-page menu-item-5422\"><a href=\"https:\/\/profdrercangurses.com\/az\/agrilar\/fantom-agrilar\/\">Fantom A\u011fr\u0131lar<\/a><\/li>\n<li id=\"menu-item-6924\" class=\"menu-item menu-item-type-post_type menu-item-object-page menu-item-6924\"><a href=\"https:\/\/profdrercangurses.com\/az\/agrilar\/sin%c9%99-agrilari\/\">Sin\u0259 A\u011fr\u0131lar\u0131<\/a><\/li>\n<li id=\"menu-item-5424\" class=\"menu-item menu-item-type-post_type menu-item-object-page menu-item-5424\"><a href=\"https:\/\/profdrercangurses.com\/az\/agrilar\/oynaq-agrilari\/\">Oynaq A\u011fr\u0131lar\u0131<\/a><\/li>\n<li id=\"menu-item-6925\" class=\"menu-item menu-item-type-post_type menu-item-object-page menu-item-6925\"><a href=\"https:\/\/profdrercangurses.com\/az\/agrilar\/bel-agrilari\/siyatik-piriformis-%c9%99z%c9%99l%c9%99sin%c9%99-gor%c9%99-bel-agrisi\/\">Siyatik &#8211; Piriformis \u0259z\u0259l\u0259sin\u0259 g\u00f6r\u0259 bel a\u011fr\u0131s\u0131<\/a><\/li>\n<li id=\"menu-item-6926\" class=\"menu-item menu-item-type-post_type menu-item-object-page menu-item-6926\"><a href=\"https:\/\/profdrercangurses.com\/az\/agrilar\/bel-agrilari\/sakroiliak-agrisi\/\">Sakroiliak A\u011fr\u0131s\u0131<\/a><\/li>\n<\/ul><\/div>[\/vc_column_inner][vc_column_inner css=&#8221;.vc_custom_1608195737477{margin-bottom: 30px !important;padding-top: 35px !important;padding-right: 20px !important;padding-bottom: 35px !important;padding-left: 20px !important;background-color: #f7f8fa !important;border-radius: 5px !important;}&#8221; responsive_css=&#8221;margin_bottom_medium:45px|padding_right_medium:35px|padding_left_medium:35px&#8221;]<style>.ld_fancy_heading_69f1b694480f5 h3 {font-size:19px; } .ld_fancy_heading_69f1b694480f5 h3 {margin-bottom:1.25em !important;  } .ld_fancy_heading_69f1b694480f5 .lqd-highlight-inner{height:0.275em!important;bottom:0px!important;}.ld_fancy_heading_69f1b694480f5 h3 {font-size:19px; } .ld_fancy_heading_69f1b694480f5 h3 {margin-bottom:1.25em !important;  } <\/style><div class=\"ld-fancy-heading ld_fancy_heading_69f1b694480f5\">\n\t<h3 class=\"ld-fh-element lqd-highlight-underline lqd-highlight-grow-left text-decoration-default\"   >  Biziml\u0259 \u0259laq\u0259 saxlay\u0131n<\/h3><\/div><style>.ld_cf7_69f1b694483c8 input,.ld_cf7_69f1b694483c8 textarea,.ld_cf7_69f1b694483c8 .ui-button.ui-selectmenu-button{font-size:15px;}.ld_cf7_69f1b694483c8 input[type=\"submit\"]{font-size:15px;background:rgb(24, 67, 65);border-color:rgb(24, 67, 65);}.ld_cf7_69f1b694483c8 input, .ld_cf7_69f1b694483c8 select, .ld_cf7_69f1b694483c8 textarea, .ld_cf7_69f1b694483c8 .ui-button.ui-selectmenu-button{background:rgb(255, 255, 255);}.ld_cf7_69f1b694483c8 input, .ld_cf7_69f1b694483c8 select, .ld_cf7_69f1b694483c8 textarea, .ld_cf7_69f1b694483c8 .ui-button.ui-selectmenu-button, .ld_cf7_69f1b694483c8 .wpcf7-form-control-wrap > i, .ld_cf7_69f1b694483c8 .wpcf7-radio{color:rgb(127, 130, 132);}.ld_cf7_69f1b694483c8 input:focus, .ld_cf7_69f1b694483c8 select:focus, .ld_cf7_69f1b694483c8 textarea:focus, .ld_cf7_69f1b694483c8 .ui-button.ui-selectmenu-button:hover, .wpcf7-acceptance .wpcf7-list-item-label:after{color:rgb(0, 0, 0);}.ld_cf7_69f1b694483c8 .wpcf7-form-control-wrap{margin-bottom:10px;}<\/style><div id=\"ld_cf7_69f1b694483c8\" class=\"lqd-contact-form lqd-contact-form-inputs-filled lqd-contact-form-inputs-round lqd-contact-form-button-block lqd-contact-form-button-round ld_cf7_69f1b694483c8 vc_custom_1622015176992\">\n\t\n<div class=\"wpcf7 no-js\" id=\"wpcf7-f74-o1\" lang=\"en-US\" dir=\"ltr\" data-wpcf7-id=\"74\">\n<div class=\"screen-reader-response\"><p role=\"status\" aria-live=\"polite\" aria-atomic=\"true\"><\/p> <ul><\/ul><\/div>\n<form action=\"\/az\/wp-json\/wp\/v2\/pages\/6911#wpcf7-f74-o1\" method=\"post\" class=\"wpcf7-form init\" aria-label=\"Contact form\" novalidate=\"novalidate\" data-status=\"init\">\n<fieldset class=\"hidden-fields-container\"><input type=\"hidden\" name=\"_wpcf7\" value=\"74\" \/><input type=\"hidden\" name=\"_wpcf7_version\" value=\"6.1.5\" \/><input type=\"hidden\" name=\"_wpcf7_locale\" value=\"en_US\" \/><input type=\"hidden\" name=\"_wpcf7_unit_tag\" value=\"wpcf7-f74-o1\" \/><input type=\"hidden\" name=\"_wpcf7_container_post\" value=\"0\" \/><input type=\"hidden\" name=\"_wpcf7_posted_data_hash\" value=\"\" \/><input type=\"hidden\" name=\"_wpcf7_recaptcha_response\" value=\"\" \/>\n<\/fieldset>\n<p><span class=\"wpcf7-form-control-wrap\" data-name=\"text-775\"><input size=\"40\" maxlength=\"400\" class=\"wpcf7-form-control wpcf7-text wpcf7-validates-as-required\" aria-required=\"true\" aria-invalid=\"false\" placeholder=\"Ad\u0131n\u0131z\" value=\"\" type=\"text\" name=\"text-775\" \/><\/span><span class=\"wpcf7-form-control-wrap\" data-name=\"email-550\"><input size=\"40\" maxlength=\"400\" class=\"wpcf7-form-control wpcf7-email wpcf7-validates-as-required wpcf7-text wpcf7-validates-as-email\" aria-required=\"true\" aria-invalid=\"false\" placeholder=\"Email adresiniz\" value=\"\" type=\"email\" name=\"email-550\" \/><\/span><span class=\"wpcf7-form-control-wrap\" data-name=\"textarea-138\"><textarea cols=\"10\" rows=\"4\" maxlength=\"2000\" class=\"wpcf7-form-control wpcf7-textarea wpcf7-validates-as-required\" aria-required=\"true\" aria-invalid=\"false\" placeholder=\"Mesaj\u0131n\u0131z\" name=\"textarea-138\"><\/textarea><\/span><input class=\"wpcf7-form-control wpcf7-submit has-spinner\" type=\"submit\" value=\"G\u00f6nder\" \/>\n<\/p><p style=\"display: none !important;\" class=\"akismet-fields-container\" data-prefix=\"_wpcf7_ak_\"><label>&#916;<textarea name=\"_wpcf7_ak_hp_textarea\" cols=\"45\" rows=\"8\" maxlength=\"100\"><\/textarea><\/label><input type=\"hidden\" id=\"ak_js_1\" name=\"_wpcf7_ak_js\" value=\"240\"\/><script>document.getElementById( \"ak_js_1\" ).setAttribute( \"value\", ( new Date() ).getTime() );<\/script><\/p><div class=\"wpcf7-response-output\" aria-hidden=\"true\"><\/div>\n<\/form>\n<\/div>\n<\/div>[\/vc_column_inner][vc_column_inner css=&#8221;.vc_custom_1608195709893{border-top-width: 1px !important;border-right-width: 1px !important;border-bottom-width: 1px !important;border-left-width: 1px !important;padding-top: 20px !important;padding-right: 20px !important;padding-bottom: 20px !important;padding-left: 20px !important;border-left-color: rgba(112,112,112,0.15) !important;border-left-style: solid !important;border-right-color: rgba(112,112,112,0.15) !important;border-right-style: solid !important;border-top-color: rgba(112,112,112,0.15) !important;border-top-style: solid !important;border-bottom-color: rgba(112,112,112,0.15) !important;border-bottom-style: solid !important;border-radius: 3px !important;}&#8221; responsive_css=&#8221;padding_right_large:35px|padding_left_large:50px|padding_right_medium:15px|padding_left_medium:15px|padding_right_small:10px|padding_left_small:10px&#8221;]<style>.ld_icon_box_69f1b6944a2b9 .iconbox-icon-container{color:rgb(38, 176, 95);font-size:20px;width:65px !important;height:65px !important;background:rgba(38, 176, 95, 0.1);border-radius:px;}.ld_icon_box_69f1b6944a2b9 .iconbox-icon-container:before{border-color:rgba(38, 176, 95, 0.1);}.ld_icon_box_69f1b6944a2b9 .lqd-iconbox-title{color:rgb(160, 160, 160);margin-bottom:1px;font-size:15px;}<\/style>\n<div class=\"iconbox iconbox-side text-align-default align-items-center iconbox-circle ld_icon_box_69f1b6944a2b9 vc_custom_1730703603849\" id=\"ld_icon_box_69f1b6944a2b9\"  data-animate-icon=\"true\" data-plugin-options='{\"color\":\"rgb(38, 176, 95)\"}'  >\n\t\n\t\t\t\t\t\n\t\n\t<div class=\"iconbox-icon-wrap\"><span class=\"iconbox-icon-container\"><i class=\"lqd-icn-ess icon-lqd-mobile\"><\/i><\/span><\/div>\t\n\t\t\n\t<div class=\"contents\">\t\n\t\t\n\t<h3 class=\"lqd-iconbox-title font-weight-medium\">\u0130leti\u015fim Bilgisi:<\/h3>\t<p><a href=\"tel:+994 50 5178687\">+994 50 5178687<\/a><\/p>\n\t\t\n\t<\/div>\t\n\t\n<\/div>\n[\/vc_column_inner][\/vc_row_inner][\/vc_column][vc_column width=&#8221;2\/3&#8243; column_top_ontablet=&#8221;yes&#8221; column_top_onmobile=&#8221;yes&#8221; offset=&#8221;vc_col-md-offset-0 vc_col-md-8&#8243; responsive_css=&#8221;margin_bottom_medium:0px&#8221; css=&#8221;.vc_custom_1610729062932{margin-bottom: 35px !important;}&#8221;]<style>.ld_content_box_69f1b6944aef6 .lqd-fb-content-title{font-weight:700 !important;}.ld_content_box_69f1b6944aef6 .lqd-fb-bg{background:-webkit-linear-gradient(180deg, rgba(255, 255, 255, 0) 0%, rgba(24, 27, 49, 0.6) 100%);background:linear-gradient(180deg, rgba(255, 255, 255, 0) 0%, rgba(24, 27, 49, 0.6) 100%);}<\/style><div id=\"ld_content_box_69f1b6944aef6\" class=\"lqd-fb lqd-fb-style-1 lqd-fb-style-1-3 round pos-rel overflow-hidden lqd-fb-zoom-img-onhover h-pt-60 ld_content_box_69f1b6944aef6\" data-inview=\"true\">\n\t<div class=\"lqd-fb-inner lqd-overlay\">\n\n\t\t<div class=\"lqd-fb-img lqd-overlay overflow-hidden\">\n\n\t\t<figure data-responsive-bg=\"true\"><img decoding=\"async\" width=\"1080\" height=\"900\" data-src=\"https:\/\/profdrercangurses.com\/wp-content\/uploads\/2021\/12\/yananagiz-1.jpg\" class=\"w-100 invisible lazyload\" alt=\"\" data-srcset=\"https:\/\/profdrercangurses.com\/wp-content\/uploads\/2021\/12\/yananagiz-1.jpg 1080w, https:\/\/profdrercangurses.com\/wp-content\/uploads\/2021\/12\/yananagiz-1-300x250.jpg 300w, https:\/\/profdrercangurses.com\/wp-content\/uploads\/2021\/12\/yananagiz-1-1024x853.jpg 1024w\" data-sizes=\"(max-width: 1080px) 100vw, 1080px\" itemprop=\"image\" title=\"\" src=\"data:image\/svg+xml;base64,PHN2ZyB3aWR0aD0iMSIgaGVpZ2h0PSIxIiB4bWxucz0iaHR0cDovL3d3dy53My5vcmcvMjAwMC9zdmciPjwvc3ZnPg==\" style=\"--smush-placeholder-width: 1080px; --smush-placeholder-aspect-ratio: 1080\/900;\"><\/figure>\t\t\n\t\t<\/div>\n\n\t\t<div class=\"lqd-fb-content lqd-overlay align-items-end\">\n\t\t\t<div class=\"lqd-fb-bg lqd-overlay\"><\/div>\n\t\t\t<div class=\"lqd-fb-hover-overlay lqd-overlay\"><\/div>\n\t\t\t<div class=\"lqd-fb-content-inner d-flex flex-column justify-content-end pos-rel h-100 w-100 w-md-75 p-4 p-md-8\">\n\t\t\t\t\n\t\t\t\t\t\t\t\t\n\t\t\t\t<div\n\t\t\t\tclass=\"lqd-fb-content-bottom mt-auto\"\n\t\t\t\tdata-custom-animations=\"true\"\n\t\t\t\tdata-ca-options='{ \"triggerHandler\": \"inview\", \"animationTarget\": \"all-childs\", \"duration\": 1200, \"delay\": 120,  \"startDelay\": 300, \"initValues\": { \"y\": 30, \"opacity\": 0 }, \"animations\": { \"y\": 0, \"opacity\": 1 } }'>\n\t\t\t\t\t\n\t\t\t\t\t\t\t\t\t\t<h2\t\t\t\t\tclass=\"lqd-fb-content-title my-0 mb-3\"\n\t\t\t\t\tdata-split-text=\"true\" data-split-options='{ \"type\": \"lines\" }'>Yanan a\u011f\u0131z sindromu (Burning Mouth Syndrome)\t\t\t\t\t<\/h2>\n\t\t\t\t\t\t\t\t\t\t\n\t\t\t\t\t\n\t\t\t\t\t\t\t\t\t\t<p\n\t\t\t\t\tclass=\"my-0 mb-5\"\n\t\t\t\t\tdata-split-text=\"true\" data-split-options='{ \"type\": \"lines\" }'>Yanan a\u011f\u0131z sindromu a\u011f\u0131zda daimi v\u0259 ya t\u0259krarlanan yanma hissi il\u0259 xarakteriz\u0259 olunan bir x\u0259st\u0259likdir.<\/p>\n\t\t\t\t\t\n\t\t\t\t\t\n\t\t\t\t<\/div>\n\t\t\t\t\n\t\t\t<\/div>\n\t\t<\/div>\n\n\t<\/div>\n<\/div>\n[vc_column_text]Yanan a\u011f\u0131z sindromu bird\u0259n ba\u015f ver\u0259 bil\u0259r v\u0259 ya zamanla yava\u015f-yava\u015f inki\u015faf ed\u0259 bil\u0259r. \u00c7ox vaxt daimi m\u00fcalic\u0259 \u00e7\u0259tindir, \u00e7\u00fcnki \u0259sas s\u0259b\u0259bi m\u00fc\u0259yy\u0259n etm\u0259k m\u00fcmk\u00fcn deyil. Ancaq x\u0259st\u0259l\u0259rin ya\u015fad\u0131\u011f\u0131 narahatl\u0131q m\u00fcxt\u0259lif m\u00fcalic\u0259 \u00fcsullar\u0131 il\u0259 aradan qald\u0131r\u0131la bil\u0259r. Bu poz\u011funluq \u00fcmumiyy\u0259tl\u0259 postmenopozal qad\u0131nlarda, ya\u015fl\u0131 insanlarda, t\u00fct\u00fcn istifad\u0259\u00e7il\u0259rind\u0259, qida allergiyas\u0131 olanlarda, di\u015f protezl\u0259ri olanlarda v\u0259 h\u0259ddind\u0259n art\u0131q stress alt\u0131nda olan insanlarda m\u00fc\u015fahid\u0259 olunur.<\/p>\n<h2>Yanan a\u011f\u0131z sindromu n\u0259dir?<\/h2>\n<p>Yanan A\u011f\u0131z Sindromu, ad\u0131ndan da g\u00f6r\u00fcnd\u00fcy\u00fc kimi, a\u011f\u0131zda yanma hissin\u0259 s\u0259b\u0259b olan narahat bir x\u0259st\u0259likdir. Bu, ad\u0259t\u0259n x\u00fcsusi bir s\u0259b\u0259b olmadan ba\u015f ver\u0259n v\u0259 xroniki v\u0259 t\u0259krarlanan yanan bir v\u0259ziyy\u0259tdir. \u018fhalinin 2%-d\u0259 g\u00f6r\u00fcl\u0259n bu x\u0259st\u0259lik a\u011f\u0131z nahiy\u0259sind\u0259 dil, di\u015f \u0259tl\u0259ri, dodaqlar, damaq v\u0259 yanaqlar\u0131n daxili hiss\u0259l\u0259rini t\u0259sir edir. X\u0259st\u0259l\u0259r ya\u015fad\u0131qlar\u0131 narahatl\u0131\u011f\u0131 t\u0259svir edirl\u0259r; A\u011f\u0131zlar\u0131n\u0131 sanki yanm\u0131\u015f kimi t\u0259svir edirl\u0259r. Dig\u0259r t\u0259r\u0259fd\u0259n x\u0259st\u0259l\u0259rin \u0259ks\u0259riyy\u0259tind\u0259 dad duy\u011fusunda azalma m\u00fc\u015fahid\u0259 edildiyi \u00fc\u00e7\u00fcn m\u0259rk\u0259zi sinir sistemi il\u0259 ba\u011fl\u0131 bir q\u00fcsur ola bil\u0259c\u0259yi d\u00fc\u015f\u00fcn\u00fcl\u00fcr.<\/p>\n<h2>Yanan a\u011f\u0131z sindromunun simptomlar\u0131<\/h2>\n<p>A\u011fr\u0131 il\u0259 yanan a\u011f\u0131z sindromu;<\/p>\n<ul>\n<li>Uyu\u015fma,<\/li>\n<li>Kar\u0131ncalanma,<\/li>\n<li>Dad itkisi,<\/li>\n<li>quru a\u011f\u0131z,<\/li>\n<li>A\u011f\u0131zda metal ac\u0131 dad,<\/li>\n<li>\u00fcr\u0259kbulanma,<\/li>\n<li>Udmaqda \u00e7\u0259tinlik,<\/li>\n<li>Ba\u015fgic\u0259ll\u0259nm\u0259 kimi simptomlar da m\u00fc\u015fahid\u0259 oluna bil\u0259r.<\/li>\n<\/ul>\n<h2>Yanan a\u011f\u0131z sindromunun s\u0259b\u0259bi n\u0259dir?<\/h2>\n<p>Yanan a\u011f\u0131z sindromu n\u00f6ropatik a\u011fr\u0131 hesab olunur, lakin x\u0259st\u0259liyin q\u0259ti s\u0259b\u0259bi yoxdur. Yanan a\u011f\u0131z sindromunun ilkin n\u00f6v\u00fcnd\u0259 dad v\u0259 a\u011fr\u0131 hissl\u0259ri il\u0259 \u0259laq\u0259li sinirl\u0259rd\u0259 anormal a\u011fr\u0131 hissl\u0259ri meydana g\u0259lir. \u0130kinci d\u0259r\u0259c\u0259li yanan a\u011f\u0131z sindromu a\u015fa\u011f\u0131dak\u0131 s\u0259b\u0259bl\u0259r\u0259 g\u00f6r\u0259 ba\u015f ver\u0259 bil\u0259r:<\/p>\n<ul>\n<li>Qida v\u0259 ya di\u015f m\u0259hsullar\u0131 allergiyas\u0131<\/li>\n<li>Depressiya<\/li>\n<li>Diabet<\/li>\n<li>Refl\u00fc<\/li>\n<li>quru a\u011f\u0131z<\/li>\n<li>Co\u011frafi dil<\/li>\n<li>Hipotiroidizm (qalxanvari v\u0259zin yava\u015f i\u015fl\u0259m\u0259si)<\/li>\n<li>M\u00fcxt\u0259lif d\u0259rmanlar istifad\u0259 olunur<\/li>\n<li>a\u011f\u0131z infeksiyalar\u0131<\/li>\n<li>Qeyri-adekvat v\u0259\/v\u0259 ya qeyri-sa\u011flam qidalanma<\/li>\n<li>di\u015fl\u0259rin s\u0131x\u0131lmas\u0131<\/li>\n<li>Dil f\u0131r\u00e7alama<\/li>\n<li>Pis protezl\u0259r<\/li>\n<\/ul>\n<h2>Yanan a\u011f\u0131z sindromu n\u0259 q\u0259d\u0259r davam edir?<\/h2>\n<p>Bu x\u0259st\u0259liyi olan x\u0259st\u0259l\u0259ri maraqland\u0131ran m\u0259s\u0259l\u0259l\u0259rd\u0259n biri d\u0259 x\u0259st\u0259liyin m\u00fcdd\u0259tidir. Yanma hissi ad\u0259t\u0259n g\u00fcn \u0259rzind\u0259 davam edir v\u0259 ax\u015fam saatlar\u0131nda \u0259n \u015fidd\u0259tli s\u0259viyy\u0259d\u0259 hiss olunur, lakin x\u0259st\u0259l\u0259r yuxuda a\u011fr\u0131dan \u015fikay\u0259t etmirl\u0259r. Yanan a\u011f\u0131z sindromu \u0259vv\u0259lc\u0259 yava\u015f bir kursa malikdir, lakin zaman ke\u00e7dikc\u0259 simptomlar pisl\u0259\u015f\u0259 bil\u0259r. A\u011fr\u0131 v\u0259 yanma hissi ill\u0259rl\u0259 davam ed\u0259 bil\u0259r.<\/p>\n<h2>Yanan A\u011f\u0131z Sindromunun Diaqnozu<\/h2>\n<p>Yanan A\u011f\u0131z Sindromunun diaqnozu v\u0259 diaqnozunda di\u015f h\u0259kiml\u0259ri ilk olaraq x\u0259st\u0259nin x\u0259st\u0259lik tarixini qiym\u0259tl\u0259ndirir v\u0259 \u015fifahi m\u00fcayin\u0259 apar\u0131rlar. Q\u0259ti diaqnozun qoyulmas\u0131nda m\u00fch\u00fcm g\u00f6st\u0259rici x\u0259st\u0259nin a\u011fr\u0131lar\u0131n\u0131n 3 ay \u0259rzind\u0259 g\u00fcnd\u0259 \u0259n az 2 saat davam etm\u0259sidir. Yen\u0259 diaqnoz prosesind\u0259 qan testl\u0259ri v\u0259 m\u00fcxt\u0259lif testl\u0259r apar\u0131l\u0131r.<\/p>\n<h2>Yanan a\u011f\u0131z sindromu nec\u0259 m\u00fcalic\u0259 olunur?<\/h2>\n<p>Yanan A\u011f\u0131z Sindromunun ilkin n\u00f6v\u00fc \u00fc\u00e7\u00fcn q\u0259ti bir m\u00fcalic\u0259 yoxdur, lakin poz\u011funluq nevralgiya olaraq q\u0259bul edilir v\u0259 a\u011fr\u0131lar\u0131 azaltmaq v\u0259 n\u0259zar\u0259t etm\u0259k v\u0259 x\u0259st\u0259nin h\u0259yat keyfiyy\u0259tini yax\u015f\u0131la\u015fd\u0131rmaq \u00fc\u00e7\u00fcn m\u00fcxt\u0259lif m\u00fcalic\u0259 \u00fcsullar\u0131 t\u0259tbiq olunur. \u0130kinci d\u0259r\u0259c\u0259li yanan a\u011f\u0131z sindromu hallar\u0131nda simptomlara s\u0259b\u0259b olan \u0259sas x\u0259st\u0259lik m\u00fcalic\u0259 olunur. A\u015fa\u011f\u0131dak\u0131 m\u00fcalic\u0259 \u00fcsullar\u0131 Yanan A\u011f\u0131z Sindromunun yaratd\u0131\u011f\u0131 a\u011fr\u0131 v\u0259 narahatl\u0131\u011f\u0131 aradan qald\u0131rmaqda t\u0259sirli olur:<\/p>\n<ul>\n<li>X\u0259st\u0259nin ya\u015fad\u0131\u011f\u0131 \u015fikay\u0259tl\u0259r\u0259 uy\u011fun olaraq x\u0259st\u0259nin ya\u015fad\u0131\u011f\u0131 probleml\u0259ri aradan qald\u0131rmaq \u00fc\u00e7\u00fcn d\u0259rman m\u00fcalic\u0259si<\/li>\n<li>Sinir bloklar\u0131<\/li>\n<li>Radiotezlik t\u0259tbiqi<\/li>\n<li>Yanan a\u011f\u0131z sindromu olan x\u0259st\u0259l\u0259rin diqq\u0259t etm\u0259li oldu\u011fu \u015feyl\u0259r bunlard\u0131r:<\/li>\n<li>Siqaret v\u0259 t\u00fct\u00fcn m\u0259mulatlar\u0131ndan istifad\u0259 edilm\u0259m\u0259lidir.<\/li>\n<li>Bol su istehlak edilm\u0259lidir.<\/li>\n<li>A\u011f\u0131z v\u0259 di\u015f sa\u011flaml\u0131\u011f\u0131na \u0259h\u0259miyy\u0259t verilm\u0259lidir.<\/li>\n<li>Di\u015f protezl\u0259rinin gigiyenas\u0131na diqq\u0259t yetirilm\u0259lidir; H\u0259ssas di\u015fl\u0259r \u00fc\u00e7\u00fcn uy\u011fun di\u015f pastalar\u0131ndan istifad\u0259 edilm\u0259lidir.<\/li>\n<li>Dilinin ucunu di\u015fl\u0259m\u0259 v\u0259rdi\u015fi olan x\u0259st\u0259l\u0259rin bu v\u0259rdi\u015fi aradan qald\u0131rmas\u0131 vacibdir.<\/li>\n<\/ul>\n<p>[\/vc_column_text][vc_separator color=&#8221;custom&#8221; accent_color=&#8221;rgba(0,0,0,0.1)&#8221; css=&#8221;.vc_custom_1608195050020{margin-top: 10px !important;}&#8221;][\/vc_column][\/vc_row][vc_row][vc_column][\/vc_column][\/vc_row]<\/p>\n","protected":false},"excerpt":{"rendered":"<p>[vc_row css=&#8221;.vc_custom_1622016079265{padding-top: 60px !important;padding-bottom: 60px !important;}&#8221;][vc_column enable_pin=&#8221;enable_pin&#8221; width=&#8221;5\/12&#8243; offset=&#8221;vc_col-md-4&#8243; responsive_css=&#8221;padding_right_medium:7%25&#8243;][vc_row_inner][vc_column_inner responsive_css=&#8221;margin_bottom_medium:45px&#8221; css=&#8221;.vc_custom_1608194013763{margin-bottom: 30px !important;}&#8221;][\/vc_column_inner][vc_column_inner css=&#8221;.vc_custom_1608195737477{margin-bottom: 30px !important;padding-top: 35px !important;padding-right: 20px !important;padding-bottom: 35px !important;padding-left: 20px !important;background-color: #f7f8fa !important;border-radius: 5px !important;}&#8221; responsive_css=&#8221;margin_bottom_medium:45px|padding_right_medium:35px|padding_left_medium:35px&#8221;][\/vc_column_inner][vc_column_inner css=&#8221;.vc_custom_1608195709893{border-top-width: 1px !important;border-right-width: 1px !important;border-bottom-width: 1px !important;border-left-width: 1px !important;padding-top: 20px !important;padding-right: 20px !important;padding-bottom: 20px !important;padding-left: 20px !important;border-left-color: rgba(112,112,112,0.15) !important;border-left-style: solid !important;border-right-color: rgba(112,112,112,0.15) !important;border-right-style: solid !important;border-top-color: [&hellip;]<\/p>\n","protected":false},"author":1,"featured_media":0,"parent":6897,"menu_order":0,"comment_status":"closed","ping_status":"closed","template":"","meta":{"footnotes":""},"class_list":["post-6911","page","type-page","status-publish","hentry"],"_links":{"self":[{"href":"https:\/\/profdrercangurses.com\/az\/wp-json\/wp\/v2\/pages\/6911","targetHints":{"allow":["GET"]}}],"collection":[{"href":"https:\/\/profdrercangurses.com\/az\/wp-json\/wp\/v2\/pages"}],"about":[{"href":"https:\/\/profdrercangurses.com\/az\/wp-json\/wp\/v2\/types\/page"}],"author":[{"embeddable":true,"href":"https:\/\/profdrercangurses.com\/az\/wp-json\/wp\/v2\/users\/1"}],"replies":[{"embeddable":true,"href":"https:\/\/profdrercangurses.com\/az\/wp-json\/wp\/v2\/comments?post=6911"}],"version-history":[{"count":1,"href":"https:\/\/profdrercangurses.com\/az\/wp-json\/wp\/v2\/pages\/6911\/revisions"}],"predecessor-version":[{"id":7123,"href":"https:\/\/profdrercangurses.com\/az\/wp-json\/wp\/v2\/pages\/6911\/revisions\/7123"}],"up":[{"embeddable":true,"href":"https:\/\/profdrercangurses.com\/az\/wp-json\/wp\/v2\/pages\/6897"}],"wp:attachment":[{"href":"https:\/\/profdrercangurses.com\/az\/wp-json\/wp\/v2\/media?parent=6911"}],"curies":[{"name":"wp","href":"https:\/\/api.w.org\/{rel}","templated":true}]}}