{"id":6914,"date":"2021-09-24T15:37:39","date_gmt":"2021-09-24T12:37:39","guid":{"rendered":"https:\/\/profdrercangurses.com\/m%c9%99xfilik-siyas%c9%99ti\/"},"modified":"2021-09-24T15:37:39","modified_gmt":"2021-09-24T12:37:39","slug":"m%c9%99xfilik-siyas%c9%99ti","status":"publish","type":"page","link":"https:\/\/profdrercangurses.com\/az\/m%c9%99xfilik-siyas%c9%99ti\/","title":{"rendered":"M\u0259xfilik Siyas\u0259ti"},"content":{"rendered":"<p>[vc_row][vc_column][vc_column_text] Bu saytda veril\u0259n m\u0259lumat m\u00fcalic\u0259 t\u0259\u015fkil etmir; profdrercangurses.com m\u0259lumatlar\u0131n m\u00fcalic\u0259 m\u0259qs\u0259dl\u0259ri \u00fc\u00e7\u00fcn istifad\u0259si s\u0259b\u0259bind\u0259n ba\u015f ver\u0259n h\u0259r hans\u0131 pozuntulara g\u00f6r\u0259 m\u0259suliyy\u0259t da\u015f\u0131m\u0131r. Bu saytda yaz\u0131lanlar yaln\u0131z m\u0259lumat v\u0259 maarifl\u0259ndirm\u0259 m\u0259qs\u0259di da\u015f\u0131y\u0131r. Bu saytda d\u0259rc olunan b\u00fct\u00fcn m\u0259qal\u0259l\u0259rin b\u00fct\u00fcn n\u0259\u015fr h\u00fcquqlar\u0131 qorunur. Yaz\u0131l\u0131 icaz\u0259 olmadan sitat g\u0259tiril\u0259, kopyalana v\u0259 ya d\u0259rc edil\u0259 bilm\u0259z. profdrercangurses.com olaraq biz sizin \u015f\u0259xsi m\u0259xfilik h\u00fcquqlar\u0131n\u0131za h\u00f6rm\u0259t edirik v\u0259 sayt\u0131m\u0131zda ke\u00e7irdiyiniz vaxt \u0259rzind\u0259 bunu t\u0259min etm\u0259y\u0259 \u00e7al\u0131\u015f\u0131r\u0131q. \u015e\u0259xsi m\u0259lumatlar\u0131n\u0131z\u0131n t\u0259hl\u00fck\u0259sizliyi il\u0259 ba\u011fl\u0131 izahatlar a\u015fa\u011f\u0131da izah edilir v\u0259 m\u0259lumatlar\u0131n\u0131za t\u0259qdim olunur. <strong>Giri\u015f Fayllar\u0131<\/strong> Bir \u00e7ox standart veb serverl\u0259r kimi, profdrercangurses.com da statistik m\u0259qs\u0259dl\u0259r \u00fc\u00e7\u00fcn log fayllar\u0131n\u0131 saxlay\u0131r. Bu fayllar; O, IP \u00fcnvan\u0131n\u0131z, internet xidm\u0259t provayderiniz, brauzerinizin x\u00fcsusiyy\u0259tl\u0259ri, \u0259m\u0259liyyat sistemi v\u0259 sayta giri\u015f v\u0259 \u00e7\u0131x\u0131\u015f s\u0259hif\u0259l\u0259ri kimi standart m\u0259lumatlar\u0131 ehtiva edir. Giri\u015f fayllar\u0131 he\u00e7 vaxt statistik m\u0259qs\u0259dl\u0259rd\u0259n ba\u015fqa m\u0259qs\u0259dl\u0259r \u00fc\u00e7\u00fcn istifad\u0259 edilmir v\u0259 m\u0259xfiliyinizi pozmur. IP \u00fcnvan\u0131n\u0131z v\u0259 dig\u0259r m\u0259lumatlar\u0131n\u0131z \u015f\u0259xsi m\u0259lumatlar\u0131n\u0131zla \u0259laq\u0259li deyil. <strong>Reklamlar<\/strong> profdrercangurses.com Google Adsense reklam sistemind\u0259n istifad\u0259 edir. Bu sistem\u0259 Google t\u0259r\u0259find\u0259n m\u0259zmun \u00fc\u00e7\u00fcn AdSense reklamlar\u0131n\u0131 g\u00f6st\u0259r\u0259n na\u015fir veb-saytlar\u0131nda t\u0259qdim olunan reklamlarda istifad\u0259 edil\u0259n DoubleClick DART kukisi daxildir. Google, \u00fc\u00e7\u00fcnc\u00fc t\u0259r\u0259f sat\u0131c\u0131s\u0131 olaraq, sayt\u0131m\u0131zda reklam g\u00f6st\u0259rm\u0259k \u00fc\u00e7\u00fcn kukil\u0259rd\u0259n istifad\u0259 edir. Bu kukil\u0259rd\u0259n istifad\u0259 etm\u0259kl\u0259 o, istifad\u0259\u00e7il\u0259rimiz\u0259 sayt\u0131m\u0131za v\u0259 \u0130nternetd\u0259ki dig\u0259r saytlara daxil olmalar\u0131 \u0259sas\u0131nda reklamlar t\u0259klif edir. \u0130stifad\u0259\u00e7il\u0259r Google reklam v\u0259 m\u0259zmun \u015f\u0259b\u0259k\u0259sinin m\u0259xfilik siyas\u0259tin\u0259 daxil olaraq DART kukisind\u0259n istifad\u0259nin qar\u015f\u0131s\u0131n\u0131 ala bil\u0259rl\u0259r. Google vebsayt\u0131m\u0131za daxil oldu\u011funuz zaman reklamlar g\u00f6st\u0259rm\u0259k \u00fc\u00e7\u00fcn \u00fc\u00e7\u00fcnc\u00fc t\u0259r\u0259f reklam \u015firk\u0259tl\u0259rind\u0259n istifad\u0259 edir. Bu \u015firk\u0259tl\u0259r sizin bu v\u0259 dig\u0259r internet saytlar\u0131na (ad\u0131n\u0131z, \u00fcnvan\u0131n\u0131z, e-po\u00e7t \u00fcnvan\u0131n\u0131z v\u0259 ya telefon n\u00f6mr\u0259nizd\u0259n ba\u015fqa) daxil olman\u0131z n\u0259tic\u0259sind\u0259 \u0259ld\u0259 etdikl\u0259ri m\u0259lumatdan sizin \u00fc\u00e7\u00fcn maraql\u0131 ola bil\u0259c\u0259k m\u0259hsul v\u0259 xidm\u0259tl\u0259r\u0259 dair reklamlar\u0131 g\u00f6st\u0259rm\u0259k \u00fc\u00e7\u00fcn istifad\u0259 ed\u0259 bil\u0259rl\u0259r. Bu t\u0259cr\u00fcb\u0259 haqq\u0131nda v\u0259 bu \u015firk\u0259tl\u0259r t\u0259r\u0259find\u0259n bu m\u0259lumatdan istifad\u0259nin qar\u015f\u0131s\u0131n\u0131 almaq \u00fc\u00e7\u00fcn se\u00e7iml\u0259rinizi \u00f6yr\u0259nm\u0259k \u00fc\u00e7\u00fcn \u0259lav\u0259 m\u0259lumat \u00fc\u00e7\u00fcn NAI-nin N\u0259\u015friyyatlar \u00fc\u00e7\u00fcn \u00d6z\u00fcn\u00fc T\u0259nziml\u0259m\u0259 prinsipl\u0259ri (PDF) s\u0259n\u0259dinin \u018flav\u0259 A-ya m\u00fcraci\u0259t ed\u0259 bil\u0259rsiniz. <strong>Kukil\u0259r &#8220;Cookie&#8221;<\/strong> s\u00f6z\u00fc veb s\u0259hif\u0259 serverinin komp\u00fcterinizin sabit diskin\u0259 yerl\u0259\u015fdirdiyi ki\u00e7ik m\u0259tn fayl\u0131n\u0131 t\u0259svir etm\u0259k \u00fc\u00e7\u00fcn istifad\u0259 olunur. \u0130stifad\u0259\u00e7inin rahatl\u0131\u011f\u0131 \u00fc\u00e7\u00fcn sayt\u0131m\u0131z\u0131n b\u0259zi hiss\u0259l\u0259rind\u0259 kukil\u0259rd\u0259n istifad\u0259 edil\u0259 bil\u0259r. Bundan \u0259lav\u0259, kukil\u0259r v\u0259 veb mayaklar saytda m\u00f6vcud olan reklamlar vasit\u0259sil\u0259 reklam m\u0259lumatlar\u0131n\u0131 toplamaq \u00fc\u00e7\u00fcn istifad\u0259 edil\u0259 bil\u0259r. Bu, tamamil\u0259 sizin icaz\u0259nizl\u0259 ba\u015f verir v\u0259 ist\u0259s\u0259niz internet brauzerinizin parametrl\u0259rini d\u0259yi\u015fdir\u0259r\u0259k bunun qar\u015f\u0131s\u0131n\u0131 ala bil\u0259rsiniz. <strong>Xarici Linkl\u0259r <\/strong>profdrercangurses.com sayt\u0131 \u00f6z s\u0259hif\u0259l\u0259rind\u0259n m\u00fcxt\u0259lif internet \u00fcnvanlar\u0131na ke\u00e7idl\u0259r t\u0259qdim edir. profdrercangurses.com bannerl\u0259ri ba\u011flad\u0131\u011f\u0131 v\u0259 t\u0259bli\u011f etdiyi saytlar\u0131n m\u0259zmununa v\u0259 ya m\u0259xfilik prinsipl\u0259rin\u0259 g\u00f6r\u0259 m\u0259suliyy\u0259t da\u015f\u0131m\u0131r.                    Burada qeyd olunan \u0259laq\u0259 prosesi qanuni olaraq \u201cistinad\u201d kimi q\u0259bul edilir. <strong>\u018flaq\u0259<\/strong> profdrercangurses.com sayt\u0131nda t\u0259tbiq olunan m\u0259xfilik siyas\u0259ti il\u0259 ba\u011fl\u0131; \u0130st\u0259nil\u0259n sual, r\u0259y v\u0259 d\u00fc\u015f\u00fcnc\u0259l\u0259rinizi elgurses@gmail.com \u00fcnvan\u0131na g\u00f6nd\u0259r\u0259 bil\u0259rsiniz. [\/vc_column_text][\/vc_column][\/vc_row]<\/p>\n","protected":false},"excerpt":{"rendered":"<p>[vc_row][vc_column][vc_column_text] Bu saytda veril\u0259n m\u0259lumat m\u00fcalic\u0259 t\u0259\u015fkil etmir; profdrercangurses.com m\u0259lumatlar\u0131n m\u00fcalic\u0259 m\u0259qs\u0259dl\u0259ri \u00fc\u00e7\u00fcn istifad\u0259si s\u0259b\u0259bind\u0259n ba\u015f ver\u0259n h\u0259r hans\u0131 pozuntulara g\u00f6r\u0259 m\u0259suliyy\u0259t da\u015f\u0131m\u0131r. Bu saytda yaz\u0131lanlar yaln\u0131z m\u0259lumat v\u0259 maarifl\u0259ndirm\u0259 m\u0259qs\u0259di da\u015f\u0131y\u0131r. Bu saytda d\u0259rc olunan b\u00fct\u00fcn m\u0259qal\u0259l\u0259rin b\u00fct\u00fcn n\u0259\u015fr h\u00fcquqlar\u0131 qorunur. Yaz\u0131l\u0131 icaz\u0259 olmadan sitat g\u0259tiril\u0259, kopyalana v\u0259 ya d\u0259rc edil\u0259 bilm\u0259z. profdrercangurses.com olaraq [&hellip;]<\/p>\n","protected":false},"author":1,"featured_media":0,"parent":0,"menu_order":0,"comment_status":"closed","ping_status":"closed","template":"","meta":{"footnotes":""},"class_list":["post-6914","page","type-page","status-publish","hentry"],"_links":{"self":[{"href":"https:\/\/profdrercangurses.com\/az\/wp-json\/wp\/v2\/pages\/6914","targetHints":{"allow":["GET"]}}],"collection":[{"href":"https:\/\/profdrercangurses.com\/az\/wp-json\/wp\/v2\/pages"}],"about":[{"href":"https:\/\/profdrercangurses.com\/az\/wp-json\/wp\/v2\/types\/page"}],"author":[{"embeddable":true,"href":"https:\/\/profdrercangurses.com\/az\/wp-json\/wp\/v2\/users\/1"}],"replies":[{"embeddable":true,"href":"https:\/\/profdrercangurses.com\/az\/wp-json\/wp\/v2\/comments?post=6914"}],"version-history":[{"count":0,"href":"https:\/\/profdrercangurses.com\/az\/wp-json\/wp\/v2\/pages\/6914\/revisions"}],"wp:attachment":[{"href":"https:\/\/profdrercangurses.com\/az\/wp-json\/wp\/v2\/media?parent=6914"}],"curies":[{"name":"wp","href":"https:\/\/api.w.org\/{rel}","templated":true}]}}