{"id":6950,"date":"2021-12-21T11:58:21","date_gmt":"2021-12-21T08:58:21","guid":{"rendered":"https:\/\/profdrercangurses.com\/mualic%c9%99l%c9%99rimiz\/adezioliz\/"},"modified":"2024-11-04T10:04:35","modified_gmt":"2024-11-04T07:04:35","slug":"adezioliz","status":"publish","type":"page","link":"https:\/\/profdrercangurses.com\/az\/mualic%c9%99l%c9%99rimiz\/adezioliz\/","title":{"rendered":"Adezioliz"},"content":{"rendered":"<p>[vc_row css=&#8221;.vc_custom_1622016079265{padding-top: 60px !important;padding-bottom: 60px !important;}&#8221;][vc_column enable_pin=&#8221;enable_pin&#8221; width=&#8221;5\/12&#8243; offset=&#8221;vc_col-md-4&#8243; responsive_css=&#8221;padding_right_medium:7%25&#8243;][vc_row_inner][vc_column_inner responsive_css=&#8221;margin_bottom_medium:45px&#8221; css=&#8221;.vc_custom_1608194013763{margin-bottom: 30px !important;}&#8221;]<style>.ld_custom_menu_69e204e231bc1 > ul > li > a{font-size:15px;font-weight:700;letter-spacing:0.01em;color:rgb(51, 51, 51);background:rgb(247, 248, 250);}.ld_custom_menu_69e204e231bc1 > ul > li:not(:last-child){margin-bottom:3px;}.lqd-stickybar > .lqd-head-col > .header-module > .ld_custom_menu_69e204e231bc1 li{margin-inline-start:3px;}.ld_custom_menu_69e204e231bc1 > ul > li > a:hover, .ld_custom_menu_69e204e231bc1 li.is-active > a{background:rgb(233, 233, 233);}<\/style><div\n\tclass=\"lqd-fancy-menu lqd-custom-menu menu-items-has-fill lqd-menu-td-none ld_custom_menu_69e204e231bc1\"\n\t>\n\n<ul id=\"ld_custom_menu_69e204e231bc1\" class=\"reset-ul   \" ><li id=\"menu-item-7005\" class=\"menu-item menu-item-type-post_type menu-item-object-page menu-item-7005\"><a href=\"https:\/\/profdrercangurses.com\/az\/mualic%c9%99l%c9%99rimiz\/adezioliz\/\">Adezioliz<\/a><\/li>\n<li id=\"menu-item-6848\" class=\"menu-item menu-item-type-post_type menu-item-object-page menu-item-6848\"><a href=\"https:\/\/profdrercangurses.com\/az\/mualic%c9%99l%c9%99rimiz\/onurga-beyni-stimulyatoru-scs\/\">Onur\u011fa Beyni Stimulyatoru (SCS)<\/a><\/li>\n<li id=\"menu-item-7006\" class=\"menu-item menu-item-type-post_type menu-item-object-page menu-item-7006\"><a href=\"https:\/\/profdrercangurses.com\/az\/mualic%c9%99l%c9%99rimiz\/epidural-port-kateteri\/\">Epidural port kateteri<\/a><\/li>\n<li id=\"menu-item-6927\" class=\"menu-item menu-item-type-post_type menu-item-object-page menu-item-6927\"><a href=\"https:\/\/profdrercangurses.com\/az\/mualic%c9%99l%c9%99rimiz\/onurga-beyni-batareyasi-terapiyasi-onurga-beyni-stimulyasiyasi\/\">Onur\u011fa beyni batareyas\u0131 terapiyas\u0131 (onur\u011fa beyni stimulyasiyas\u0131)<\/a><\/li>\n<li id=\"menu-item-7007\" class=\"menu-item menu-item-type-post_type menu-item-object-page menu-item-7007\"><a href=\"https:\/\/profdrercangurses.com\/az\/mualic%c9%99l%c9%99rimiz\/sakral-neyromodulyasiya\/\">Sakral neyromodulyasiya<\/a><\/li>\n<li id=\"menu-item-5426\" class=\"menu-item menu-item-type-post_type menu-item-object-page menu-item-5426\"><a href=\"https:\/\/profdrercangurses.com\/az\/mualic%c9%99l%c9%99rimiz\/epiduroskopiya\/\">Epiduroskopiya<\/a><\/li>\n<li id=\"menu-item-7008\" class=\"menu-item menu-item-type-post_type menu-item-object-page menu-item-7008\"><a href=\"https:\/\/profdrercangurses.com\/az\/mualic%c9%99l%c9%99rimiz\/idet-mualic%c9%99si-diskdaxili-elektrotermal-mualic%c9%99\/\">IDET M\u00fcalic\u0259si \u2013 Diskdaxili Elektrotermal M\u00fcalic\u0259<\/a><\/li>\n<li id=\"menu-item-7009\" class=\"menu-item menu-item-type-post_type menu-item-object-page menu-item-7009\"><a href=\"https:\/\/profdrercangurses.com\/az\/mualic%c9%99l%c9%99rimiz\/d%c9%99rman-mualic%c9%99si\/\">D\u0259rman m\u00fcalic\u0259si<\/a><\/li>\n<li id=\"menu-item-7010\" class=\"menu-item menu-item-type-post_type menu-item-object-page menu-item-7010\"><a href=\"https:\/\/profdrercangurses.com\/az\/mualic%c9%99l%c9%99rimiz\/quru-ign%c9%99-mualic%c9%99si\/\">Quru \u0130\u011fn\u0259 M\u00fcalic\u0259si<\/a><\/li>\n<li id=\"menu-item-5428\" class=\"menu-item menu-item-type-post_type menu-item-object-page menu-item-5428\"><a href=\"https:\/\/profdrercangurses.com\/az\/mualic%c9%99l%c9%99rimiz\/l-disq-plazma-lazer-mualic%c9%99si\/\">L-Disq \u2013 Plazma Lazer M\u00fcalic\u0259si<\/a><\/li>\n<li id=\"menu-item-6855\" class=\"menu-item menu-item-type-post_type menu-item-object-page menu-item-6855\"><a href=\"https:\/\/profdrercangurses.com\/az\/mualic%c9%99l%c9%99rimiz\/radiotezlik-terapiyasi\/\">Radiotezlik Terapiyas\u0131<\/a><\/li>\n<li id=\"menu-item-7011\" class=\"menu-item menu-item-type-post_type menu-item-object-page menu-item-7011\"><a href=\"https:\/\/profdrercangurses.com\/az\/mualic%c9%99l%c9%99rimiz\/sinir-bloklari\/\">Sinir bloklar\u0131<\/a><\/li>\n<li id=\"menu-item-7012\" class=\"menu-item menu-item-type-post_type menu-item-object-page menu-item-7012\"><a href=\"https:\/\/profdrercangurses.com\/az\/mualic%c9%99l%c9%99rimiz\/damar-port-port-kateter\/\">Damar Port (Port Kateter)<\/a><\/li>\n<li id=\"menu-item-7013\" class=\"menu-item menu-item-type-post_type menu-item-object-page menu-item-7013\"><a href=\"https:\/\/profdrercangurses.com\/az\/mualic%c9%99l%c9%99rimiz\/vertebra-sisinin-l%c9%99gvi\/\">Vertebra \u015fi\u015finin l\u0259\u011fvi<\/a><\/li>\n<li id=\"menu-item-5432\" class=\"menu-item menu-item-type-post_type menu-item-object-page menu-item-5432\"><a href=\"https:\/\/profdrercangurses.com\/az\/mualic%c9%99l%c9%99rimiz\/vertebroplastika\/\">Vertebroplastika<\/a><\/li>\n<\/ul><\/div>[\/vc_column_inner][vc_column_inner css=&#8221;.vc_custom_1608195737477{margin-bottom: 30px !important;padding-top: 35px !important;padding-right: 20px !important;padding-bottom: 35px !important;padding-left: 20px !important;background-color: #f7f8fa !important;border-radius: 5px !important;}&#8221; responsive_css=&#8221;margin_bottom_medium:45px|padding_right_medium:35px|padding_left_medium:35px&#8221;]<style>.ld_fancy_heading_69e204e23964c h3 {font-size:19px; } .ld_fancy_heading_69e204e23964c h3 {margin-bottom:1.25em !important;  } .ld_fancy_heading_69e204e23964c .lqd-highlight-inner{height:0.275em!important;bottom:0px!important;}.ld_fancy_heading_69e204e23964c h3 {font-size:19px; } .ld_fancy_heading_69e204e23964c h3 {margin-bottom:1.25em !important;  } <\/style><div class=\"ld-fancy-heading ld_fancy_heading_69e204e23964c\">\n\t<h3 class=\"ld-fh-element lqd-highlight-underline lqd-highlight-grow-left text-decoration-default\"   >  Biziml\u0259 \u0259laq\u0259 saxlay\u0131n<\/h3><\/div><style>.ld_cf7_69e204e2398ea input,.ld_cf7_69e204e2398ea textarea,.ld_cf7_69e204e2398ea .ui-button.ui-selectmenu-button{font-size:15px;}.ld_cf7_69e204e2398ea input[type=\"submit\"]{font-size:15px;background:rgb(24, 67, 65);border-color:rgb(24, 67, 65);}.ld_cf7_69e204e2398ea input, .ld_cf7_69e204e2398ea select, .ld_cf7_69e204e2398ea textarea, .ld_cf7_69e204e2398ea .ui-button.ui-selectmenu-button{background:rgb(255, 255, 255);}.ld_cf7_69e204e2398ea input, .ld_cf7_69e204e2398ea select, .ld_cf7_69e204e2398ea textarea, .ld_cf7_69e204e2398ea .ui-button.ui-selectmenu-button, .ld_cf7_69e204e2398ea .wpcf7-form-control-wrap > i, .ld_cf7_69e204e2398ea .wpcf7-radio{color:rgb(127, 130, 132);}.ld_cf7_69e204e2398ea input:focus, .ld_cf7_69e204e2398ea select:focus, .ld_cf7_69e204e2398ea textarea:focus, .ld_cf7_69e204e2398ea .ui-button.ui-selectmenu-button:hover, .wpcf7-acceptance .wpcf7-list-item-label:after{color:rgb(0, 0, 0);}.ld_cf7_69e204e2398ea .wpcf7-form-control-wrap{margin-bottom:10px;}<\/style><div id=\"ld_cf7_69e204e2398ea\" class=\"lqd-contact-form lqd-contact-form-inputs-filled lqd-contact-form-inputs-round lqd-contact-form-button-block lqd-contact-form-button-round ld_cf7_69e204e2398ea vc_custom_1622015176992\">\n\t\n<div class=\"wpcf7 no-js\" id=\"wpcf7-f74-o1\" lang=\"en-US\" dir=\"ltr\" data-wpcf7-id=\"74\">\n<div class=\"screen-reader-response\"><p role=\"status\" aria-live=\"polite\" aria-atomic=\"true\"><\/p> <ul><\/ul><\/div>\n<form action=\"\/az\/wp-json\/wp\/v2\/pages\/6950#wpcf7-f74-o1\" method=\"post\" class=\"wpcf7-form init\" aria-label=\"Contact form\" novalidate=\"novalidate\" data-status=\"init\">\n<fieldset class=\"hidden-fields-container\"><input type=\"hidden\" name=\"_wpcf7\" value=\"74\" \/><input type=\"hidden\" name=\"_wpcf7_version\" value=\"6.1.5\" \/><input type=\"hidden\" name=\"_wpcf7_locale\" value=\"en_US\" \/><input type=\"hidden\" name=\"_wpcf7_unit_tag\" value=\"wpcf7-f74-o1\" \/><input type=\"hidden\" name=\"_wpcf7_container_post\" value=\"0\" \/><input type=\"hidden\" name=\"_wpcf7_posted_data_hash\" value=\"\" \/><input type=\"hidden\" name=\"_wpcf7_recaptcha_response\" value=\"\" \/>\n<\/fieldset>\n<p><span class=\"wpcf7-form-control-wrap\" data-name=\"text-775\"><input size=\"40\" maxlength=\"400\" class=\"wpcf7-form-control wpcf7-text wpcf7-validates-as-required\" aria-required=\"true\" aria-invalid=\"false\" placeholder=\"Ad\u0131n\u0131z\" value=\"\" type=\"text\" name=\"text-775\" \/><\/span><span class=\"wpcf7-form-control-wrap\" data-name=\"email-550\"><input size=\"40\" maxlength=\"400\" class=\"wpcf7-form-control wpcf7-email wpcf7-validates-as-required wpcf7-text wpcf7-validates-as-email\" aria-required=\"true\" aria-invalid=\"false\" placeholder=\"Email adresiniz\" value=\"\" type=\"email\" name=\"email-550\" \/><\/span><span class=\"wpcf7-form-control-wrap\" data-name=\"textarea-138\"><textarea cols=\"10\" rows=\"4\" maxlength=\"2000\" class=\"wpcf7-form-control wpcf7-textarea wpcf7-validates-as-required\" aria-required=\"true\" aria-invalid=\"false\" placeholder=\"Mesaj\u0131n\u0131z\" name=\"textarea-138\"><\/textarea><\/span><input class=\"wpcf7-form-control wpcf7-submit has-spinner\" type=\"submit\" value=\"G\u00f6nder\" \/>\n<\/p><p style=\"display: none !important;\" class=\"akismet-fields-container\" data-prefix=\"_wpcf7_ak_\"><label>&#916;<textarea name=\"_wpcf7_ak_hp_textarea\" cols=\"45\" rows=\"8\" maxlength=\"100\"><\/textarea><\/label><input type=\"hidden\" id=\"ak_js_1\" name=\"_wpcf7_ak_js\" value=\"215\"\/><script>document.getElementById( \"ak_js_1\" ).setAttribute( \"value\", ( new Date() ).getTime() );<\/script><\/p><div class=\"wpcf7-response-output\" aria-hidden=\"true\"><\/div>\n<\/form>\n<\/div>\n<\/div>[\/vc_column_inner][vc_column_inner css=&#8221;.vc_custom_1608195709893{border-top-width: 1px !important;border-right-width: 1px !important;border-bottom-width: 1px !important;border-left-width: 1px !important;padding-top: 20px !important;padding-right: 20px !important;padding-bottom: 20px !important;padding-left: 20px !important;border-left-color: rgba(112,112,112,0.15) !important;border-left-style: solid !important;border-right-color: rgba(112,112,112,0.15) !important;border-right-style: solid !important;border-top-color: rgba(112,112,112,0.15) !important;border-top-style: solid !important;border-bottom-color: rgba(112,112,112,0.15) !important;border-bottom-style: solid !important;border-radius: 3px !important;}&#8221; responsive_css=&#8221;padding_right_large:35px|padding_left_large:50px|padding_right_medium:15px|padding_left_medium:15px|padding_right_small:10px|padding_left_small:10px&#8221;]<style>.ld_icon_box_69e204e23b9a0 .iconbox-icon-container{color:rgb(38, 176, 95);font-size:20px;width:65px !important;height:65px !important;background:rgba(38, 176, 95, 0.1);border-radius:px;}.ld_icon_box_69e204e23b9a0 .iconbox-icon-container:before{border-color:rgba(38, 176, 95, 0.1);}.ld_icon_box_69e204e23b9a0 .lqd-iconbox-title{color:rgb(160, 160, 160);margin-bottom:1px;font-size:15px;}<\/style>\n<div class=\"iconbox iconbox-side text-align-default align-items-center iconbox-circle ld_icon_box_69e204e23b9a0 vc_custom_1730703870263\" id=\"ld_icon_box_69e204e23b9a0\"  data-animate-icon=\"true\" data-plugin-options='{\"color\":\"rgb(38, 176, 95)\"}'  >\n\t\n\t\t\t\t\t\n\t\n\t<div class=\"iconbox-icon-wrap\"><span class=\"iconbox-icon-container\"><i class=\"lqd-icn-ess icon-lqd-mobile\"><\/i><\/span><\/div>\t\n\t\t\n\t<div class=\"contents\">\t\n\t\t\n\t<h3 class=\"lqd-iconbox-title font-weight-medium\">\u0130leti\u015fim Bilgisi:<\/h3>\t<p><a href=\"tel:+994 50 5178687\">+994 50 5178687<\/a><\/p>\n\t\t\n\t<\/div>\t\n\t\n<\/div>\n[\/vc_column_inner][\/vc_row_inner][\/vc_column][vc_column width=&#8221;2\/3&#8243; column_top_ontablet=&#8221;yes&#8221; column_top_onmobile=&#8221;yes&#8221; offset=&#8221;vc_col-md-offset-0 vc_col-md-8&#8243; responsive_css=&#8221;margin_bottom_medium:0px&#8221; css=&#8221;.vc_custom_1610729062932{margin-bottom: 35px !important;}&#8221;]<style>.ld_content_box_69e204e23c494 .lqd-fb-content-title{font-weight:700 !important;}.ld_content_box_69e204e23c494 .lqd-fb-bg{background:-webkit-linear-gradient(180deg, rgba(255, 255, 255, 0) 0%, rgba(24, 27, 49, 0.6) 100%);background:linear-gradient(180deg, rgba(255, 255, 255, 0) 0%, rgba(24, 27, 49, 0.6) 100%);}<\/style><div id=\"ld_content_box_69e204e23c494\" class=\"lqd-fb lqd-fb-style-1 lqd-fb-style-1-3 round pos-rel overflow-hidden lqd-fb-zoom-img-onhover h-pt-60 ld_content_box_69e204e23c494\" data-inview=\"true\">\n\t<div class=\"lqd-fb-inner lqd-overlay\">\n\n\t\t<div class=\"lqd-fb-img lqd-overlay overflow-hidden\">\n\n\t\t<figure data-responsive-bg=\"true\"><img decoding=\"async\" width=\"1080\" height=\"900\" data-src=\"https:\/\/profdrercangurses.com\/wp-content\/uploads\/2022\/01\/egadezyoliz.jpg\" class=\"w-100 invisible lazyload\" alt=\"\" data-srcset=\"https:\/\/profdrercangurses.com\/wp-content\/uploads\/2022\/01\/egadezyoliz.jpg 1080w, https:\/\/profdrercangurses.com\/wp-content\/uploads\/2022\/01\/egadezyoliz-300x250.jpg 300w, https:\/\/profdrercangurses.com\/wp-content\/uploads\/2022\/01\/egadezyoliz-1024x853.jpg 1024w\" data-sizes=\"(max-width: 1080px) 100vw, 1080px\" itemprop=\"image\" title=\"\" src=\"data:image\/svg+xml;base64,PHN2ZyB3aWR0aD0iMSIgaGVpZ2h0PSIxIiB4bWxucz0iaHR0cDovL3d3dy53My5vcmcvMjAwMC9zdmciPjwvc3ZnPg==\" style=\"--smush-placeholder-width: 1080px; --smush-placeholder-aspect-ratio: 1080\/900;\"><\/figure>\t\t\n\t\t<\/div>\n\n\t\t<div class=\"lqd-fb-content lqd-overlay align-items-end\">\n\t\t\t<div class=\"lqd-fb-bg lqd-overlay\"><\/div>\n\t\t\t<div class=\"lqd-fb-hover-overlay lqd-overlay\"><\/div>\n\t\t\t<div class=\"lqd-fb-content-inner d-flex flex-column justify-content-end pos-rel h-100 w-100 w-md-75 p-4 p-md-8\">\n\t\t\t\t\n\t\t\t\t\t\t\t\t\n\t\t\t\t<div\n\t\t\t\tclass=\"lqd-fb-content-bottom mt-auto\"\n\t\t\t\tdata-custom-animations=\"true\"\n\t\t\t\tdata-ca-options='{ \"triggerHandler\": \"inview\", \"animationTarget\": \"all-childs\", \"duration\": 1200, \"delay\": 120,  \"startDelay\": 300, \"initValues\": { \"y\": 30, \"opacity\": 0 }, \"animations\": { \"y\": 0, \"opacity\": 1 } }'>\n\t\t\t\t\t\n\t\t\t\t\t\t\t\t\t\t<h2\t\t\t\t\tclass=\"lqd-fb-content-title my-0 mb-3\"\n\t\t\t\t\tdata-split-text=\"true\" data-split-options='{ \"type\": \"lines\" }'>Adezioliz\t\t\t\t\t<\/h2>\n\t\t\t\t\t\t\t\t\t\t\n\t\t\t\t\t\n\t\t\t\t\t\t\t\t\t\t<p\n\t\t\t\t\tclass=\"my-0 mb-5\"\n\t\t\t\t\tdata-split-text=\"true\" data-split-options='{ \"type\": \"lines\" }'>Normalda bir-birind\u0259n ayr\u0131 olan toxuma s\u0259thl\u0259rinin anormal birl\u0259\u015fm\u0259si v\u0259 ya yap\u0131\u015fmas\u0131 yap\u0131\u015fma adlan\u0131r.<\/p>\n\t\t\t\t\t\n\t\t\t\t\t\n\t\t\t\t<\/div>\n\t\t\t\t\n\t\t\t<\/div>\n\t\t<\/div>\n\n\t<\/div>\n<\/div>\n[vc_separator color=&#8221;custom&#8221; accent_color=&#8221;rgba(0,0,0,0.1)&#8221; css=&#8221;.vc_custom_1608195050020{margin-top: 10px !important;}&#8221;][vc_column_text]Epidural b\u00f6lg\u0259d\u0259n qaynaqlanan a\u011fr\u0131n\u0131n \u0259n \u00e7ox yay\u0131lm\u0131\u015f s\u0259b\u0259bi; C\u0259rrahi \u0259m\u0259liyyatdan sonra yaranan \u00e7ap\u0131q toxumas\u0131n\u0131n \u0259m\u0259l\u0259 g\u0259lm\u0259sidir. Yaranan \u00e7ap\u0131q toxumas\u0131 sinir k\u00f6kl\u0259rin\u0259 t\u0259zyiq ed\u0259r\u0259k v\u0259 ya stimulyasiyaya s\u0259b\u0259b olaraq qal\u0131c\u0131 a\u011fr\u0131 yarad\u0131r. MRT v\u0259 ya CT kimi klassik \u00fcsullardan istifad\u0259 ed\u0259r\u0259k epidural lezyonlar\u0131 tan\u0131maq \u00e7ox \u00e7\u0259tindir. Epiduroqramma v\u0259 epiduroskopiya epidural z\u0259d\u0259ni \u0259n yax\u015f\u0131 \u015f\u0259kild\u0259 a\u015fkar ed\u0259 bil\u0259r. Adezioliz \u00fcsulu epidural lezyonlar\u0131n yaratd\u0131\u011f\u0131 a\u011fr\u0131lar\u0131n m\u00fcalic\u0259sind\u0259 istifad\u0259 olunur. Bu prosedurdan sonra x\u0259st\u0259l\u0259rin 80%-d\u0259 a\u011fr\u0131 yox olur v\u0259 motor funksiyalar\u0131 yax\u015f\u0131la\u015f\u0131r. B\u0259zi x\u0259st\u0259l\u0259rd\u0259 prosedurun t\u0259krarlanmas\u0131 t\u0259l\u0259b oluna bil\u0259r<\/p>\n<h2>Adezioliz nec\u0259 t\u0259tbiq olunur?<\/h2>\n<p>Epidural z\u0259d\u0259 s\u0259b\u0259biyl\u0259 a\u011fr\u0131lar\u0131 aradan qald\u0131rmaq \u00fc\u00e7\u00fcn iyn\u0259 vasit\u0259sil\u0259 epidural bo\u015flu\u011fa edil\u0259n bird\u0259f\u0259lik inyeksiyalarda vurulan mayenin \u0259n az m\u00fcqavim\u0259t yolu il\u0259 getdiyi v\u0259 z\u0259d\u0259nin i\u00e7\u0259risin\u0259 \u00e7atmad\u0131\u011f\u0131 m\u00fc\u015fahid\u0259 edilmi\u015fdir. Buna g\u00f6r\u0259 d\u0259 adezioliz prosesi \u00e7\u0259r\u00e7iv\u0259sind\u0259 kateter vasit\u0259sil\u0259 a\u011fr\u0131ya s\u0259b\u0259b olan lezyona daxil olaraq d\u0259rmanlar verilir. Adezioliz il\u0259, yap\u0131\u015fmalar birba\u015fa lezyona enjeksiyonla aradan qald\u0131r\u0131l\u0131r. Ba\u015f verdiyi nahiy\u0259d\u0259n as\u0131l\u0131 olaraq boyun, torakal, bel v\u0259 ya sakral nahiy\u0259l\u0259r\u0259 t\u0259tbiq oluna bil\u0259r. Aspirin, koraspin, kumadin, plavix kimi qan durula\u015fd\u0131r\u0131c\u0131 d\u0259rmanlardan istifad\u0259 ed\u0259n x\u0259st\u0259l\u0259rd\u0259 bu \u0259m\u0259liyyatdan \u0259vv\u0259l bu d\u0259rmanlar bir m\u00fcdd\u0259t k\u0259silm\u0259lidir.<\/p>\n<h2>Kim \u00fc\u00e7\u00fcn edilir?<\/h2>\n<ul>\n<li>Adezioliz prosesi;<\/li>\n<li>U\u011fursuz bel \u0259m\u0259liyyat\u0131,<\/li>\n<li>Onur\u011fa metastatik x\u0259r\u00e7\u0259ngl\u0259ri,<\/li>\n<li>Onur\u011fa s\u0131n\u0131qlar\u0131,<\/li>\n<li>Faset oynaq sindromu v\u0259 ciddi a\u011fr\u0131 \u015fikay\u0259tl\u0259ri olan x\u0259st\u0259l\u0259r\u0259 t\u0259tbiq edilir.<\/li>\n<\/ul>\n<h2>Adezioliz prosedurunun riskl\u0259ri varm\u0131?<\/h2>\n<p>H\u0259r \u0259m\u0259liyyatda oldu\u011fu kimi bu \u0259m\u0259liyyatda da m\u00fc\u0259yy\u0259n riskl\u0259r var. Bu, serebrospinal membran\u0131n alt\u0131ndak\u0131 sah\u0259y\u0259 enjeksiyondan as\u0131l\u0131d\u0131r;<\/p>\n<ul>\n<li>\u0259z\u0259l\u0259 g\u00fcc\u00fcn\u00fcn itirilm\u0259si<\/li>\n<li>Ba\u011f\u0131rsaq-sidik kis\u0259si funksiyalar\u0131n\u0131n pozulmas\u0131<\/li>\n<li>\u0130nfeksiya<\/li>\n<li>\u00fcr\u0259k ritminin pozulmas\u0131<\/li>\n<li>S\u00fcr\u0259tli inyeksiyaya g\u00f6r\u0259 beyin qanamas\u0131, g\u00f6rm\u0259 poz\u011funlu\u011fu, ba\u015f a\u011fr\u0131s\u0131 ola bil\u0259r.<\/li>\n<\/ul>\n<p>Prosedur t\u0259cr\u00fcb\u0259li h\u0259kiml\u0259r t\u0259r\u0259find\u0259n apar\u0131l\u0131rsa, riskl\u0259r minimuma endirilir.[\/vc_column_text][\/vc_column][\/vc_row][vc_row][vc_column][\/vc_column][\/vc_row]<\/p>\n","protected":false},"excerpt":{"rendered":"<p>[vc_row css=&#8221;.vc_custom_1622016079265{padding-top: 60px !important;padding-bottom: 60px !important;}&#8221;][vc_column enable_pin=&#8221;enable_pin&#8221; width=&#8221;5\/12&#8243; offset=&#8221;vc_col-md-4&#8243; responsive_css=&#8221;padding_right_medium:7%25&#8243;][vc_row_inner][vc_column_inner responsive_css=&#8221;margin_bottom_medium:45px&#8221; css=&#8221;.vc_custom_1608194013763{margin-bottom: 30px !important;}&#8221;][\/vc_column_inner][vc_column_inner css=&#8221;.vc_custom_1608195737477{margin-bottom: 30px !important;padding-top: 35px !important;padding-right: 20px !important;padding-bottom: 35px !important;padding-left: 20px !important;background-color: #f7f8fa !important;border-radius: 5px !important;}&#8221; responsive_css=&#8221;margin_bottom_medium:45px|padding_right_medium:35px|padding_left_medium:35px&#8221;][\/vc_column_inner][vc_column_inner css=&#8221;.vc_custom_1608195709893{border-top-width: 1px !important;border-right-width: 1px !important;border-bottom-width: 1px !important;border-left-width: 1px !important;padding-top: 20px !important;padding-right: 20px !important;padding-bottom: 20px !important;padding-left: 20px !important;border-left-color: rgba(112,112,112,0.15) !important;border-left-style: solid !important;border-right-color: rgba(112,112,112,0.15) !important;border-right-style: solid !important;border-top-color: [&hellip;]<\/p>\n","protected":false},"author":1,"featured_media":0,"parent":6941,"menu_order":0,"comment_status":"closed","ping_status":"closed","template":"","meta":{"footnotes":""},"class_list":["post-6950","page","type-page","status-publish","hentry"],"_links":{"self":[{"href":"https:\/\/profdrercangurses.com\/az\/wp-json\/wp\/v2\/pages\/6950","targetHints":{"allow":["GET"]}}],"collection":[{"href":"https:\/\/profdrercangurses.com\/az\/wp-json\/wp\/v2\/pages"}],"about":[{"href":"https:\/\/profdrercangurses.com\/az\/wp-json\/wp\/v2\/types\/page"}],"author":[{"embeddable":true,"href":"https:\/\/profdrercangurses.com\/az\/wp-json\/wp\/v2\/users\/1"}],"replies":[{"embeddable":true,"href":"https:\/\/profdrercangurses.com\/az\/wp-json\/wp\/v2\/comments?post=6950"}],"version-history":[{"count":1,"href":"https:\/\/profdrercangurses.com\/az\/wp-json\/wp\/v2\/pages\/6950\/revisions"}],"predecessor-version":[{"id":7124,"href":"https:\/\/profdrercangurses.com\/az\/wp-json\/wp\/v2\/pages\/6950\/revisions\/7124"}],"up":[{"embeddable":true,"href":"https:\/\/profdrercangurses.com\/az\/wp-json\/wp\/v2\/pages\/6941"}],"wp:attachment":[{"href":"https:\/\/profdrercangurses.com\/az\/wp-json\/wp\/v2\/media?parent=6950"}],"curies":[{"name":"wp","href":"https:\/\/api.w.org\/{rel}","templated":true}]}}