{"id":6951,"date":"2021-12-21T12:13:31","date_gmt":"2021-12-21T09:13:31","guid":{"rendered":"https:\/\/profdrercangurses.com\/mualic%c9%99l%c9%99rimiz\/epidural-port-kateteri\/"},"modified":"2024-11-04T10:05:06","modified_gmt":"2024-11-04T07:05:06","slug":"epidural-port-kateteri","status":"publish","type":"page","link":"https:\/\/profdrercangurses.com\/az\/mualic%c9%99l%c9%99rimiz\/epidural-port-kateteri\/","title":{"rendered":"Epidural port kateteri"},"content":{"rendered":"<p>[vc_row css=&#8221;.vc_custom_1622016079265{padding-top: 60px !important;padding-bottom: 60px !important;}&#8221;][vc_column enable_pin=&#8221;enable_pin&#8221; width=&#8221;5\/12&#8243; offset=&#8221;vc_col-md-4&#8243; responsive_css=&#8221;padding_right_medium:7%25&#8243;][vc_row_inner][vc_column_inner responsive_css=&#8221;margin_bottom_medium:45px&#8221; css=&#8221;.vc_custom_1608194013763{margin-bottom: 30px !important;}&#8221;]<style>.ld_custom_menu_69e204e2225ec > ul > li > a{font-size:15px;font-weight:700;letter-spacing:0.01em;color:rgb(51, 51, 51);background:rgb(247, 248, 250);}.ld_custom_menu_69e204e2225ec > ul > li:not(:last-child){margin-bottom:3px;}.lqd-stickybar > .lqd-head-col > .header-module > .ld_custom_menu_69e204e2225ec li{margin-inline-start:3px;}.ld_custom_menu_69e204e2225ec > ul > li > a:hover, .ld_custom_menu_69e204e2225ec li.is-active > a{background:rgb(233, 233, 233);}<\/style><div\n\tclass=\"lqd-fancy-menu lqd-custom-menu menu-items-has-fill lqd-menu-td-none ld_custom_menu_69e204e2225ec\"\n\t>\n\n<ul id=\"ld_custom_menu_69e204e2225ec\" class=\"reset-ul   \" ><li id=\"menu-item-7005\" class=\"menu-item menu-item-type-post_type menu-item-object-page menu-item-7005\"><a href=\"https:\/\/profdrercangurses.com\/az\/mualic%c9%99l%c9%99rimiz\/adezioliz\/\">Adezioliz<\/a><\/li>\n<li id=\"menu-item-6848\" class=\"menu-item menu-item-type-post_type menu-item-object-page menu-item-6848\"><a href=\"https:\/\/profdrercangurses.com\/az\/mualic%c9%99l%c9%99rimiz\/onurga-beyni-stimulyatoru-scs\/\">Onur\u011fa Beyni Stimulyatoru (SCS)<\/a><\/li>\n<li id=\"menu-item-7006\" class=\"menu-item menu-item-type-post_type menu-item-object-page menu-item-7006\"><a href=\"https:\/\/profdrercangurses.com\/az\/mualic%c9%99l%c9%99rimiz\/epidural-port-kateteri\/\">Epidural port kateteri<\/a><\/li>\n<li id=\"menu-item-6927\" class=\"menu-item menu-item-type-post_type menu-item-object-page menu-item-6927\"><a href=\"https:\/\/profdrercangurses.com\/az\/mualic%c9%99l%c9%99rimiz\/onurga-beyni-batareyasi-terapiyasi-onurga-beyni-stimulyasiyasi\/\">Onur\u011fa beyni batareyas\u0131 terapiyas\u0131 (onur\u011fa beyni stimulyasiyas\u0131)<\/a><\/li>\n<li id=\"menu-item-7007\" class=\"menu-item menu-item-type-post_type menu-item-object-page menu-item-7007\"><a href=\"https:\/\/profdrercangurses.com\/az\/mualic%c9%99l%c9%99rimiz\/sakral-neyromodulyasiya\/\">Sakral neyromodulyasiya<\/a><\/li>\n<li id=\"menu-item-5426\" class=\"menu-item menu-item-type-post_type menu-item-object-page menu-item-5426\"><a href=\"https:\/\/profdrercangurses.com\/az\/mualic%c9%99l%c9%99rimiz\/epiduroskopiya\/\">Epiduroskopiya<\/a><\/li>\n<li id=\"menu-item-7008\" class=\"menu-item menu-item-type-post_type menu-item-object-page menu-item-7008\"><a href=\"https:\/\/profdrercangurses.com\/az\/mualic%c9%99l%c9%99rimiz\/idet-mualic%c9%99si-diskdaxili-elektrotermal-mualic%c9%99\/\">IDET M\u00fcalic\u0259si \u2013 Diskdaxili Elektrotermal M\u00fcalic\u0259<\/a><\/li>\n<li id=\"menu-item-7009\" class=\"menu-item menu-item-type-post_type menu-item-object-page menu-item-7009\"><a href=\"https:\/\/profdrercangurses.com\/az\/mualic%c9%99l%c9%99rimiz\/d%c9%99rman-mualic%c9%99si\/\">D\u0259rman m\u00fcalic\u0259si<\/a><\/li>\n<li id=\"menu-item-7010\" class=\"menu-item menu-item-type-post_type menu-item-object-page menu-item-7010\"><a href=\"https:\/\/profdrercangurses.com\/az\/mualic%c9%99l%c9%99rimiz\/quru-ign%c9%99-mualic%c9%99si\/\">Quru \u0130\u011fn\u0259 M\u00fcalic\u0259si<\/a><\/li>\n<li id=\"menu-item-5428\" class=\"menu-item menu-item-type-post_type menu-item-object-page menu-item-5428\"><a href=\"https:\/\/profdrercangurses.com\/az\/mualic%c9%99l%c9%99rimiz\/l-disq-plazma-lazer-mualic%c9%99si\/\">L-Disq \u2013 Plazma Lazer M\u00fcalic\u0259si<\/a><\/li>\n<li id=\"menu-item-6855\" class=\"menu-item menu-item-type-post_type menu-item-object-page menu-item-6855\"><a href=\"https:\/\/profdrercangurses.com\/az\/mualic%c9%99l%c9%99rimiz\/radiotezlik-terapiyasi\/\">Radiotezlik Terapiyas\u0131<\/a><\/li>\n<li id=\"menu-item-7011\" class=\"menu-item menu-item-type-post_type menu-item-object-page menu-item-7011\"><a href=\"https:\/\/profdrercangurses.com\/az\/mualic%c9%99l%c9%99rimiz\/sinir-bloklari\/\">Sinir bloklar\u0131<\/a><\/li>\n<li id=\"menu-item-7012\" class=\"menu-item menu-item-type-post_type menu-item-object-page menu-item-7012\"><a href=\"https:\/\/profdrercangurses.com\/az\/mualic%c9%99l%c9%99rimiz\/damar-port-port-kateter\/\">Damar Port (Port Kateter)<\/a><\/li>\n<li id=\"menu-item-7013\" class=\"menu-item menu-item-type-post_type menu-item-object-page menu-item-7013\"><a href=\"https:\/\/profdrercangurses.com\/az\/mualic%c9%99l%c9%99rimiz\/vertebra-sisinin-l%c9%99gvi\/\">Vertebra \u015fi\u015finin l\u0259\u011fvi<\/a><\/li>\n<li id=\"menu-item-5432\" class=\"menu-item menu-item-type-post_type menu-item-object-page menu-item-5432\"><a href=\"https:\/\/profdrercangurses.com\/az\/mualic%c9%99l%c9%99rimiz\/vertebroplastika\/\">Vertebroplastika<\/a><\/li>\n<\/ul><\/div>[\/vc_column_inner][vc_column_inner css=&#8221;.vc_custom_1608195737477{margin-bottom: 30px !important;padding-top: 35px !important;padding-right: 20px !important;padding-bottom: 35px !important;padding-left: 20px !important;background-color: #f7f8fa !important;border-radius: 5px !important;}&#8221; responsive_css=&#8221;margin_bottom_medium:45px|padding_right_medium:35px|padding_left_medium:35px&#8221;]<style>.ld_fancy_heading_69e204e22c4c3 h3 {font-size:19px; } .ld_fancy_heading_69e204e22c4c3 h3 {margin-bottom:1.25em !important;  } .ld_fancy_heading_69e204e22c4c3 .lqd-highlight-inner{height:0.275em!important;bottom:0px!important;}.ld_fancy_heading_69e204e22c4c3 h3 {font-size:19px; } .ld_fancy_heading_69e204e22c4c3 h3 {margin-bottom:1.25em !important;  } <\/style><div class=\"ld-fancy-heading ld_fancy_heading_69e204e22c4c3\">\n\t<h3 class=\"ld-fh-element lqd-highlight-underline lqd-highlight-grow-left text-decoration-default\"   >  Biziml\u0259 \u0259laq\u0259 saxlay\u0131n<\/h3><\/div><style>.ld_cf7_69e204e22c75b input,.ld_cf7_69e204e22c75b textarea,.ld_cf7_69e204e22c75b .ui-button.ui-selectmenu-button{font-size:15px;}.ld_cf7_69e204e22c75b input[type=\"submit\"]{font-size:15px;background:rgb(24, 67, 65);border-color:rgb(24, 67, 65);}.ld_cf7_69e204e22c75b input, .ld_cf7_69e204e22c75b select, .ld_cf7_69e204e22c75b textarea, .ld_cf7_69e204e22c75b .ui-button.ui-selectmenu-button{background:rgb(255, 255, 255);}.ld_cf7_69e204e22c75b input, .ld_cf7_69e204e22c75b select, .ld_cf7_69e204e22c75b textarea, .ld_cf7_69e204e22c75b .ui-button.ui-selectmenu-button, .ld_cf7_69e204e22c75b .wpcf7-form-control-wrap > i, .ld_cf7_69e204e22c75b .wpcf7-radio{color:rgb(127, 130, 132);}.ld_cf7_69e204e22c75b input:focus, .ld_cf7_69e204e22c75b select:focus, .ld_cf7_69e204e22c75b textarea:focus, .ld_cf7_69e204e22c75b .ui-button.ui-selectmenu-button:hover, .wpcf7-acceptance .wpcf7-list-item-label:after{color:rgb(0, 0, 0);}.ld_cf7_69e204e22c75b .wpcf7-form-control-wrap{margin-bottom:10px;}<\/style><div id=\"ld_cf7_69e204e22c75b\" class=\"lqd-contact-form lqd-contact-form-inputs-filled lqd-contact-form-inputs-round lqd-contact-form-button-block lqd-contact-form-button-round ld_cf7_69e204e22c75b vc_custom_1622015176992\">\n\t\n<div class=\"wpcf7 no-js\" id=\"wpcf7-f74-o1\" lang=\"en-US\" dir=\"ltr\" data-wpcf7-id=\"74\">\n<div class=\"screen-reader-response\"><p role=\"status\" aria-live=\"polite\" aria-atomic=\"true\"><\/p> <ul><\/ul><\/div>\n<form action=\"\/az\/wp-json\/wp\/v2\/pages\/6951#wpcf7-f74-o1\" method=\"post\" class=\"wpcf7-form init\" aria-label=\"Contact form\" novalidate=\"novalidate\" data-status=\"init\">\n<fieldset class=\"hidden-fields-container\"><input type=\"hidden\" name=\"_wpcf7\" value=\"74\" \/><input type=\"hidden\" name=\"_wpcf7_version\" value=\"6.1.5\" \/><input type=\"hidden\" name=\"_wpcf7_locale\" value=\"en_US\" \/><input type=\"hidden\" name=\"_wpcf7_unit_tag\" value=\"wpcf7-f74-o1\" \/><input type=\"hidden\" name=\"_wpcf7_container_post\" value=\"0\" \/><input type=\"hidden\" name=\"_wpcf7_posted_data_hash\" value=\"\" \/><input type=\"hidden\" name=\"_wpcf7_recaptcha_response\" value=\"\" \/>\n<\/fieldset>\n<p><span class=\"wpcf7-form-control-wrap\" data-name=\"text-775\"><input size=\"40\" maxlength=\"400\" class=\"wpcf7-form-control wpcf7-text wpcf7-validates-as-required\" aria-required=\"true\" aria-invalid=\"false\" placeholder=\"Ad\u0131n\u0131z\" value=\"\" type=\"text\" name=\"text-775\" \/><\/span><span class=\"wpcf7-form-control-wrap\" data-name=\"email-550\"><input size=\"40\" maxlength=\"400\" class=\"wpcf7-form-control wpcf7-email wpcf7-validates-as-required wpcf7-text wpcf7-validates-as-email\" aria-required=\"true\" aria-invalid=\"false\" placeholder=\"Email adresiniz\" value=\"\" type=\"email\" name=\"email-550\" \/><\/span><span class=\"wpcf7-form-control-wrap\" data-name=\"textarea-138\"><textarea cols=\"10\" rows=\"4\" maxlength=\"2000\" class=\"wpcf7-form-control wpcf7-textarea wpcf7-validates-as-required\" aria-required=\"true\" aria-invalid=\"false\" placeholder=\"Mesaj\u0131n\u0131z\" name=\"textarea-138\"><\/textarea><\/span><input class=\"wpcf7-form-control wpcf7-submit has-spinner\" type=\"submit\" value=\"G\u00f6nder\" \/>\n<\/p><p style=\"display: none !important;\" class=\"akismet-fields-container\" data-prefix=\"_wpcf7_ak_\"><label>&#916;<textarea name=\"_wpcf7_ak_hp_textarea\" cols=\"45\" rows=\"8\" maxlength=\"100\"><\/textarea><\/label><input type=\"hidden\" id=\"ak_js_1\" name=\"_wpcf7_ak_js\" value=\"157\"\/><script>document.getElementById( \"ak_js_1\" ).setAttribute( \"value\", ( new Date() ).getTime() );<\/script><\/p><div class=\"wpcf7-response-output\" aria-hidden=\"true\"><\/div>\n<\/form>\n<\/div>\n<\/div>[\/vc_column_inner][vc_column_inner css=&#8221;.vc_custom_1608195709893{border-top-width: 1px !important;border-right-width: 1px !important;border-bottom-width: 1px !important;border-left-width: 1px !important;padding-top: 20px !important;padding-right: 20px !important;padding-bottom: 20px !important;padding-left: 20px !important;border-left-color: rgba(112,112,112,0.15) !important;border-left-style: solid !important;border-right-color: rgba(112,112,112,0.15) !important;border-right-style: solid !important;border-top-color: rgba(112,112,112,0.15) !important;border-top-style: solid !important;border-bottom-color: rgba(112,112,112,0.15) !important;border-bottom-style: solid !important;border-radius: 3px !important;}&#8221; responsive_css=&#8221;padding_right_large:35px|padding_left_large:50px|padding_right_medium:15px|padding_left_medium:15px|padding_right_small:10px|padding_left_small:10px&#8221;]<style>.ld_icon_box_69e204e22e3e3 .iconbox-icon-container{color:rgb(38, 176, 95);font-size:20px;width:65px !important;height:65px !important;background:rgba(38, 176, 95, 0.1);border-radius:px;}.ld_icon_box_69e204e22e3e3 .iconbox-icon-container:before{border-color:rgba(38, 176, 95, 0.1);}.ld_icon_box_69e204e22e3e3 .lqd-iconbox-title{color:rgb(160, 160, 160);margin-bottom:1px;font-size:15px;}<\/style>\n<div class=\"iconbox iconbox-side text-align-default align-items-center iconbox-circle ld_icon_box_69e204e22e3e3 vc_custom_1730703901651\" id=\"ld_icon_box_69e204e22e3e3\"  data-animate-icon=\"true\" data-plugin-options='{\"color\":\"rgb(38, 176, 95)\"}'  >\n\t\n\t\t\t\t\t\n\t\n\t<div class=\"iconbox-icon-wrap\"><span class=\"iconbox-icon-container\"><i class=\"lqd-icn-ess icon-lqd-mobile\"><\/i><\/span><\/div>\t\n\t\t\n\t<div class=\"contents\">\t\n\t\t\n\t<h3 class=\"lqd-iconbox-title font-weight-medium\">\u0130leti\u015fim Bilgisi:<\/h3>\t<p><a href=\"tel:+994 50 5178687\">+994 50 5178687<\/a><\/p>\n\t\t\n\t<\/div>\t\n\t\n<\/div>\n[\/vc_column_inner][\/vc_row_inner][\/vc_column][vc_column width=&#8221;2\/3&#8243; column_top_ontablet=&#8221;yes&#8221; column_top_onmobile=&#8221;yes&#8221; offset=&#8221;vc_col-md-offset-0 vc_col-md-8&#8243; responsive_css=&#8221;margin_bottom_medium:0px&#8221; css=&#8221;.vc_custom_1610729062932{margin-bottom: 35px !important;}&#8221;]<style>.ld_content_box_69e204e22ef02 .lqd-fb-content-title{font-weight:700 !important;}.ld_content_box_69e204e22ef02 .lqd-fb-bg{background:-webkit-linear-gradient(180deg, rgba(255, 255, 255, 0) 0%, rgba(24, 27, 49, 0.6) 100%);background:linear-gradient(180deg, rgba(255, 255, 255, 0) 0%, rgba(24, 27, 49, 0.6) 100%);}<\/style><div id=\"ld_content_box_69e204e22ef02\" class=\"lqd-fb lqd-fb-style-1 lqd-fb-style-1-3 round pos-rel overflow-hidden lqd-fb-zoom-img-onhover h-pt-60 ld_content_box_69e204e22ef02\" data-inview=\"true\">\n\t<div class=\"lqd-fb-inner lqd-overlay\">\n\n\t\t<div class=\"lqd-fb-img lqd-overlay overflow-hidden\">\n\n\t\t<figure data-responsive-bg=\"true\"><img decoding=\"async\" width=\"1080\" height=\"900\" data-src=\"https:\/\/profdrercangurses.com\/wp-content\/uploads\/2022\/03\/Epidural-Port-Kateter-ercan-gurses.jpg\" class=\"w-100 invisible lazyload\" alt=\"\" data-srcset=\"https:\/\/profdrercangurses.com\/wp-content\/uploads\/2022\/03\/Epidural-Port-Kateter-ercan-gurses.jpg 1080w, https:\/\/profdrercangurses.com\/wp-content\/uploads\/2022\/03\/Epidural-Port-Kateter-ercan-gurses-300x250.jpg 300w, https:\/\/profdrercangurses.com\/wp-content\/uploads\/2022\/03\/Epidural-Port-Kateter-ercan-gurses-1024x853.jpg 1024w\" data-sizes=\"(max-width: 1080px) 100vw, 1080px\" itemprop=\"image\" title=\"\" src=\"data:image\/svg+xml;base64,PHN2ZyB3aWR0aD0iMSIgaGVpZ2h0PSIxIiB4bWxucz0iaHR0cDovL3d3dy53My5vcmcvMjAwMC9zdmciPjwvc3ZnPg==\" style=\"--smush-placeholder-width: 1080px; --smush-placeholder-aspect-ratio: 1080\/900;\"><\/figure>\t\t\n\t\t<\/div>\n\n\t\t<div class=\"lqd-fb-content lqd-overlay align-items-end\">\n\t\t\t<div class=\"lqd-fb-bg lqd-overlay\"><\/div>\n\t\t\t<div class=\"lqd-fb-hover-overlay lqd-overlay\"><\/div>\n\t\t\t<div class=\"lqd-fb-content-inner d-flex flex-column justify-content-end pos-rel h-100 w-100 w-md-75 p-4 p-md-8\">\n\t\t\t\t\n\t\t\t\t\t\t\t\t\n\t\t\t\t<div\n\t\t\t\tclass=\"lqd-fb-content-bottom mt-auto\"\n\t\t\t\tdata-custom-animations=\"true\"\n\t\t\t\tdata-ca-options='{ \"triggerHandler\": \"inview\", \"animationTarget\": \"all-childs\", \"duration\": 1200, \"delay\": 120,  \"startDelay\": 300, \"initValues\": { \"y\": 30, \"opacity\": 0 }, \"animations\": { \"y\": 0, \"opacity\": 1 } }'>\n\t\t\t\t\t\n\t\t\t\t\t\t\t\t\t\t<h2\t\t\t\t\tclass=\"lqd-fb-content-title my-0 mb-3\"\n\t\t\t\t\tdata-split-text=\"true\" data-split-options='{ \"type\": \"lines\" }'>Epidural port kateteri\t\t\t\t\t<\/h2>\n\t\t\t\t\t\t\t\t\t\t\n\t\t\t\t\t\n\t\t\t\t\t\t\t\t\t\t<p\n\t\t\t\t\tclass=\"my-0 mb-5\"\n\t\t\t\t\tdata-split-text=\"true\" data-split-options='{ \"type\": \"lines\" }'>Epidural Port Kateter a\u011fr\u0131 m\u00fcalic\u0259sind\u0259 istifad\u0259 edil\u0259n \u00fcsullardan biridir.<\/p>\n\t\t\t\t\t\n\t\t\t\t\t\n\t\t\t\t<\/div>\n\t\t\t\t\n\t\t\t<\/div>\n\t\t<\/div>\n\n\t<\/div>\n<\/div>\n[vc_separator color=&#8221;custom&#8221; accent_color=&#8221;rgba(0,0,0,0.1)&#8221; css=&#8221;.vc_custom_1608195050020{margin-top: 10px !important;}&#8221;][vc_column_text]B\u00fct\u00fcn b\u0259d\u0259nd\u0259 geni\u015f yay\u0131lm\u0131\u015f a\u011fr\u0131 reseptorlar\u0131 a\u011fr\u0131l\u0131 stimullar\u0131 sinir lifl\u0259ri vasit\u0259sil\u0259 onur\u011fa beynin\u0259 \u00f6t\u00fcr\u00fcr; Oradan beynin a\u011fr\u0131 m\u0259rk\u0259zl\u0259rin\u0259 \u00f6t\u00fcr\u00fcl\u00fcr. Bu v\u0259ziyy\u0259t a\u011fr\u0131 hissinin meydana g\u0259lm\u0259sin\u0259 s\u0259b\u0259b olur. Epidural nahiy\u0259y\u0259 veril\u0259n a\u011fr\u0131k\u0259sicil\u0259r onur\u011fa beyni s\u0259viyy\u0259sind\u0259 a\u011fr\u0131n\u0131n sinirl\u0259r vasit\u0259sil\u0259 \u00f6t\u00fcr\u00fclm\u0259sini dayand\u0131r\u0131r. Bel\u0259likl\u0259, a\u011fr\u0131 stimullar\u0131 beynin a\u011fr\u0131 m\u0259rk\u0259zin\u0259 \u00f6t\u00fcr\u00fclm\u00fcr v\u0259 a\u011fr\u0131n\u0131n yaranmas\u0131n\u0131n qar\u015f\u0131s\u0131 al\u0131n\u0131r.<\/p>\n<h2>Epidural port kateteri n\u0259dir?<\/h2>\n<p>Piy toxumalar\u0131n\u0131n v\u0259 qan damarlar\u0131n\u0131n yerl\u0259\u015fdiyi onur\u011fa beynini \u0259hat\u0259 ed\u0259n membran\u0131n \u00fcst\u00fcnd\u0259ki bo\u015flu\u011fa epidural bo\u015fluq deyilir. H\u0259m k\u0259skin a\u011fr\u0131lar\u0131, h\u0259m d\u0259 xroniki a\u011fr\u0131lar\u0131 idar\u0259 etm\u0259k \u00fc\u00e7\u00fcn geni\u015f istifad\u0259 edil\u0259n Epidural Port Kateter \u00fcsulu q\u0131saca; Onur\u011fan\u0131n epidural nahiy\u0259sin\u0259 x\u00fcsusi iyn\u0259 il\u0259 kateterin spin\u00f6z prosesl\u0259r aras\u0131nda yeridilm\u0259si prosesidir.<\/p>\n<h2>Epidural port kateteri nec\u0259 t\u0259tbiq olunur?<\/h2>\n<p>Epidural Port Kateter t\u0259tbiqind\u0259, m\u00fcdaxil\u0259nin edil\u0259c\u0259yi n\u00f6qt\u0259 (arxa v\u0259 ya bel) a\u011fr\u0131n\u0131n yerin\u0259 g\u00f6r\u0259 t\u0259yin edilir. \u018fvv\u0259lc\u0259 x\u0259st\u0259 yan v\u0259ziyy\u0259td\u0259 yat\u0131r\u0131l\u0131r v\u0259 iyn\u0259 v\u0259 kateter qoyulacaq sah\u0259 sterilizasiya edilir. Daha sonra fl\u00fcoroskopiya cihaz\u0131 il\u0259 t\u0259tbiqin apar\u0131laca\u011f\u0131 sah\u0259 vizualla\u015fd\u0131r\u0131l\u0131r v\u0259 onur\u011fa \u00e7\u0131x\u0131nt\u0131lar\u0131 a\u015fkar edilir. \u0130\u011fn\u0259 iki onur\u011fa \u00e7\u0131x\u0131nt\u0131s\u0131 aras\u0131na daxil edilir. Yen\u0259 epidural nahiy\u0259nin uy\u011funlu\u011fu skopi n\u0259zar\u0259ti il\u0259 yoxlan\u0131l\u0131r. Kateter iyn\u0259d\u0259n diqq\u0259tl\u0259 ke\u00e7irilir v\u0259 epidural nahiy\u0259y\u0259 yerl\u0259\u015fdirilir v\u0259 prosedurdan sonra iyn\u0259 \u00e7\u0131xar\u0131l\u0131r. Epidural nahiy\u0259d\u0259 qalan kateter d\u0259ri alt\u0131nda a\u00e7\u0131lm\u0131\u015f tunel vasit\u0259sil\u0259 x\u0259st\u0259nin \u00f6n qoltu\u011funa do\u011fru ir\u0259lil\u0259yir. Burada mini k\u0259sik edilir v\u0259 port qoyulur. Port sistemi kateterin qoltuqalt\u0131 ucuna tax\u0131ld\u0131qdan sonra k\u0259sik tikilir v\u0259 \u0259m\u0259liyyat tamamlan\u0131r.<\/p>\n<h2>Port kateteri kim\u0259 t\u0259tbiq etm\u0259k olar?<\/h2>\n<p>Epidural port kateteri; X\u0259r\u00e7\u0259ng x\u0259st\u0259l\u0259rin\u0259, x\u00fcsus\u0259n d\u0259 onur\u011fa s\u00fcm\u00fckl\u0259rin\u0259 v\u0259 ya m\u00fcxt\u0259lif orqanlara metastaz zaman\u0131 t\u0259tbiq edilir. Port kateterl\u0259ri, m\u0259nb\u0259yi m\u00fc\u0259yy\u0259n edil\u0259 bilm\u0259y\u0259n a\u011fr\u0131 hallar\u0131nda diaqnostik m\u0259qs\u0259dl\u0259r \u00fc\u00e7\u00fcn d\u0259 istifad\u0259 edil\u0259 bil\u0259r. Bu \u015f\u0259kild\u0259 a\u011fr\u0131n\u0131n m\u0259nb\u0259yi m\u00fc\u0259yy\u0259n edil\u0259 bil\u0259r.<\/p>\n<h2>Port kateteri a\u011fr\u0131ya s\u0259b\u0259b olurmu?<\/h2>\n<p>X\u0259st\u0259l\u0259rin x\u00fcsusil\u0259 maraqland\u0131\u011f\u0131 m\u0259s\u0259l\u0259l\u0259rd\u0259n biri d\u0259 Epidural Port Kateter proseduru zaman\u0131 v\u0259 sonras\u0131nda a\u011fr\u0131 olub-olmayaca\u011f\u0131d\u0131r. Prosedura lokal anesteziya alt\u0131nda apar\u0131ld\u0131\u011f\u0131 \u00fc\u00e7\u00fcn x\u0259st\u0259 a\u011fr\u0131 hiss etmir. Prosedurdan sonra he\u00e7 bir f\u0259sad ba\u015f verm\u0259zs\u0259, x\u0259st\u0259 a\u011fr\u0131 hiss etm\u0259d\u0259n g\u00fcnd\u0259lik h\u0259yat\u0131na qay\u0131d\u0131r.[\/vc_column_text][\/vc_column][\/vc_row][vc_row][vc_column][\/vc_column][\/vc_row]<\/p>\n","protected":false},"excerpt":{"rendered":"<p>[vc_row css=&#8221;.vc_custom_1622016079265{padding-top: 60px !important;padding-bottom: 60px !important;}&#8221;][vc_column enable_pin=&#8221;enable_pin&#8221; width=&#8221;5\/12&#8243; offset=&#8221;vc_col-md-4&#8243; responsive_css=&#8221;padding_right_medium:7%25&#8243;][vc_row_inner][vc_column_inner responsive_css=&#8221;margin_bottom_medium:45px&#8221; css=&#8221;.vc_custom_1608194013763{margin-bottom: 30px !important;}&#8221;][\/vc_column_inner][vc_column_inner css=&#8221;.vc_custom_1608195737477{margin-bottom: 30px !important;padding-top: 35px !important;padding-right: 20px !important;padding-bottom: 35px !important;padding-left: 20px !important;background-color: #f7f8fa !important;border-radius: 5px !important;}&#8221; responsive_css=&#8221;margin_bottom_medium:45px|padding_right_medium:35px|padding_left_medium:35px&#8221;][\/vc_column_inner][vc_column_inner css=&#8221;.vc_custom_1608195709893{border-top-width: 1px !important;border-right-width: 1px !important;border-bottom-width: 1px !important;border-left-width: 1px !important;padding-top: 20px !important;padding-right: 20px !important;padding-bottom: 20px !important;padding-left: 20px !important;border-left-color: rgba(112,112,112,0.15) !important;border-left-style: solid !important;border-right-color: rgba(112,112,112,0.15) !important;border-right-style: solid !important;border-top-color: [&hellip;]<\/p>\n","protected":false},"author":1,"featured_media":0,"parent":6941,"menu_order":0,"comment_status":"closed","ping_status":"closed","template":"","meta":{"footnotes":""},"class_list":["post-6951","page","type-page","status-publish","hentry"],"_links":{"self":[{"href":"https:\/\/profdrercangurses.com\/az\/wp-json\/wp\/v2\/pages\/6951","targetHints":{"allow":["GET"]}}],"collection":[{"href":"https:\/\/profdrercangurses.com\/az\/wp-json\/wp\/v2\/pages"}],"about":[{"href":"https:\/\/profdrercangurses.com\/az\/wp-json\/wp\/v2\/types\/page"}],"author":[{"embeddable":true,"href":"https:\/\/profdrercangurses.com\/az\/wp-json\/wp\/v2\/users\/1"}],"replies":[{"embeddable":true,"href":"https:\/\/profdrercangurses.com\/az\/wp-json\/wp\/v2\/comments?post=6951"}],"version-history":[{"count":1,"href":"https:\/\/profdrercangurses.com\/az\/wp-json\/wp\/v2\/pages\/6951\/revisions"}],"predecessor-version":[{"id":7126,"href":"https:\/\/profdrercangurses.com\/az\/wp-json\/wp\/v2\/pages\/6951\/revisions\/7126"}],"up":[{"embeddable":true,"href":"https:\/\/profdrercangurses.com\/az\/wp-json\/wp\/v2\/pages\/6941"}],"wp:attachment":[{"href":"https:\/\/profdrercangurses.com\/az\/wp-json\/wp\/v2\/media?parent=6951"}],"curies":[{"name":"wp","href":"https:\/\/api.w.org\/{rel}","templated":true}]}}