{"id":6957,"date":"2021-12-21T13:40:56","date_gmt":"2021-12-21T10:40:56","guid":{"rendered":"https:\/\/profdrercangurses.com\/mualic%c9%99l%c9%99rimiz\/sinir-bloklari\/"},"modified":"2024-11-04T10:12:51","modified_gmt":"2024-11-04T07:12:51","slug":"sinir-bloklari","status":"publish","type":"page","link":"https:\/\/profdrercangurses.com\/az\/mualic%c9%99l%c9%99rimiz\/sinir-bloklari\/","title":{"rendered":"Sinir bloklar\u0131"},"content":{"rendered":"<p>[vc_row css=&#8221;.vc_custom_1622016079265{padding-top: 60px !important;padding-bottom: 60px !important;}&#8221;][vc_column enable_pin=&#8221;enable_pin&#8221; width=&#8221;5\/12&#8243; offset=&#8221;vc_col-md-4&#8243; responsive_css=&#8221;padding_right_medium:7%25&#8243;][vc_row_inner][vc_column_inner responsive_css=&#8221;margin_bottom_medium:45px&#8221; css=&#8221;.vc_custom_1608194013763{margin-bottom: 30px !important;}&#8221;]<style>.ld_custom_menu_69e204e3b89a3 > ul > li > a{font-size:15px;font-weight:700;letter-spacing:0.01em;color:rgb(51, 51, 51);background:rgb(247, 248, 250);}.ld_custom_menu_69e204e3b89a3 > ul > li:not(:last-child){margin-bottom:3px;}.lqd-stickybar > .lqd-head-col > .header-module > .ld_custom_menu_69e204e3b89a3 li{margin-inline-start:3px;}.ld_custom_menu_69e204e3b89a3 > ul > li > a:hover, .ld_custom_menu_69e204e3b89a3 li.is-active > a{background:rgb(233, 233, 233);}<\/style><div\n\tclass=\"lqd-fancy-menu lqd-custom-menu menu-items-has-fill lqd-menu-td-none ld_custom_menu_69e204e3b89a3\"\n\t>\n\n<ul id=\"ld_custom_menu_69e204e3b89a3\" class=\"reset-ul   \" ><li id=\"menu-item-7005\" class=\"menu-item menu-item-type-post_type menu-item-object-page menu-item-7005\"><a href=\"https:\/\/profdrercangurses.com\/az\/mualic%c9%99l%c9%99rimiz\/adezioliz\/\">Adezioliz<\/a><\/li>\n<li id=\"menu-item-6848\" class=\"menu-item menu-item-type-post_type menu-item-object-page menu-item-6848\"><a href=\"https:\/\/profdrercangurses.com\/az\/mualic%c9%99l%c9%99rimiz\/onurga-beyni-stimulyatoru-scs\/\">Onur\u011fa Beyni Stimulyatoru (SCS)<\/a><\/li>\n<li id=\"menu-item-7006\" class=\"menu-item menu-item-type-post_type menu-item-object-page menu-item-7006\"><a href=\"https:\/\/profdrercangurses.com\/az\/mualic%c9%99l%c9%99rimiz\/epidural-port-kateteri\/\">Epidural port kateteri<\/a><\/li>\n<li id=\"menu-item-6927\" class=\"menu-item menu-item-type-post_type menu-item-object-page menu-item-6927\"><a href=\"https:\/\/profdrercangurses.com\/az\/mualic%c9%99l%c9%99rimiz\/onurga-beyni-batareyasi-terapiyasi-onurga-beyni-stimulyasiyasi\/\">Onur\u011fa beyni batareyas\u0131 terapiyas\u0131 (onur\u011fa beyni stimulyasiyas\u0131)<\/a><\/li>\n<li id=\"menu-item-7007\" class=\"menu-item menu-item-type-post_type menu-item-object-page menu-item-7007\"><a href=\"https:\/\/profdrercangurses.com\/az\/mualic%c9%99l%c9%99rimiz\/sakral-neyromodulyasiya\/\">Sakral neyromodulyasiya<\/a><\/li>\n<li id=\"menu-item-5426\" class=\"menu-item menu-item-type-post_type menu-item-object-page menu-item-5426\"><a href=\"https:\/\/profdrercangurses.com\/az\/mualic%c9%99l%c9%99rimiz\/epiduroskopiya\/\">Epiduroskopiya<\/a><\/li>\n<li id=\"menu-item-7008\" class=\"menu-item menu-item-type-post_type menu-item-object-page menu-item-7008\"><a href=\"https:\/\/profdrercangurses.com\/az\/mualic%c9%99l%c9%99rimiz\/idet-mualic%c9%99si-diskdaxili-elektrotermal-mualic%c9%99\/\">IDET M\u00fcalic\u0259si \u2013 Diskdaxili Elektrotermal M\u00fcalic\u0259<\/a><\/li>\n<li id=\"menu-item-7009\" class=\"menu-item menu-item-type-post_type menu-item-object-page menu-item-7009\"><a href=\"https:\/\/profdrercangurses.com\/az\/mualic%c9%99l%c9%99rimiz\/d%c9%99rman-mualic%c9%99si\/\">D\u0259rman m\u00fcalic\u0259si<\/a><\/li>\n<li id=\"menu-item-7010\" class=\"menu-item menu-item-type-post_type menu-item-object-page menu-item-7010\"><a href=\"https:\/\/profdrercangurses.com\/az\/mualic%c9%99l%c9%99rimiz\/quru-ign%c9%99-mualic%c9%99si\/\">Quru \u0130\u011fn\u0259 M\u00fcalic\u0259si<\/a><\/li>\n<li id=\"menu-item-5428\" class=\"menu-item menu-item-type-post_type menu-item-object-page menu-item-5428\"><a href=\"https:\/\/profdrercangurses.com\/az\/mualic%c9%99l%c9%99rimiz\/l-disq-plazma-lazer-mualic%c9%99si\/\">L-Disq \u2013 Plazma Lazer M\u00fcalic\u0259si<\/a><\/li>\n<li id=\"menu-item-6855\" class=\"menu-item menu-item-type-post_type menu-item-object-page menu-item-6855\"><a href=\"https:\/\/profdrercangurses.com\/az\/mualic%c9%99l%c9%99rimiz\/radiotezlik-terapiyasi\/\">Radiotezlik Terapiyas\u0131<\/a><\/li>\n<li id=\"menu-item-7011\" class=\"menu-item menu-item-type-post_type menu-item-object-page menu-item-7011\"><a href=\"https:\/\/profdrercangurses.com\/az\/mualic%c9%99l%c9%99rimiz\/sinir-bloklari\/\">Sinir bloklar\u0131<\/a><\/li>\n<li id=\"menu-item-7012\" class=\"menu-item menu-item-type-post_type menu-item-object-page menu-item-7012\"><a href=\"https:\/\/profdrercangurses.com\/az\/mualic%c9%99l%c9%99rimiz\/damar-port-port-kateter\/\">Damar Port (Port Kateter)<\/a><\/li>\n<li id=\"menu-item-7013\" class=\"menu-item menu-item-type-post_type menu-item-object-page menu-item-7013\"><a href=\"https:\/\/profdrercangurses.com\/az\/mualic%c9%99l%c9%99rimiz\/vertebra-sisinin-l%c9%99gvi\/\">Vertebra \u015fi\u015finin l\u0259\u011fvi<\/a><\/li>\n<li id=\"menu-item-5432\" class=\"menu-item menu-item-type-post_type menu-item-object-page menu-item-5432\"><a href=\"https:\/\/profdrercangurses.com\/az\/mualic%c9%99l%c9%99rimiz\/vertebroplastika\/\">Vertebroplastika<\/a><\/li>\n<\/ul><\/div>[\/vc_column_inner][vc_column_inner css=&#8221;.vc_custom_1608195737477{margin-bottom: 30px !important;padding-top: 35px !important;padding-right: 20px !important;padding-bottom: 35px !important;padding-left: 20px !important;background-color: #f7f8fa !important;border-radius: 5px !important;}&#8221; responsive_css=&#8221;margin_bottom_medium:45px|padding_right_medium:35px|padding_left_medium:35px&#8221;]<style>.ld_fancy_heading_69e204e3c28f1 h3 {font-size:19px; } .ld_fancy_heading_69e204e3c28f1 h3 {margin-bottom:1.25em !important;  } .ld_fancy_heading_69e204e3c28f1 .lqd-highlight-inner{height:0.275em!important;bottom:0px!important;}.ld_fancy_heading_69e204e3c28f1 h3 {font-size:19px; } .ld_fancy_heading_69e204e3c28f1 h3 {margin-bottom:1.25em !important;  } <\/style><div class=\"ld-fancy-heading ld_fancy_heading_69e204e3c28f1\">\n\t<h3 class=\"ld-fh-element lqd-highlight-underline lqd-highlight-grow-left text-decoration-default\"   >  Biziml\u0259 \u0259laq\u0259 saxlay\u0131n<\/h3><\/div><style>.ld_cf7_69e204e3c2cef input,.ld_cf7_69e204e3c2cef textarea,.ld_cf7_69e204e3c2cef .ui-button.ui-selectmenu-button{font-size:15px;}.ld_cf7_69e204e3c2cef input[type=\"submit\"]{font-size:15px;background:rgb(24, 67, 65);border-color:rgb(24, 67, 65);}.ld_cf7_69e204e3c2cef input, .ld_cf7_69e204e3c2cef select, .ld_cf7_69e204e3c2cef textarea, .ld_cf7_69e204e3c2cef .ui-button.ui-selectmenu-button{background:rgb(255, 255, 255);}.ld_cf7_69e204e3c2cef input, .ld_cf7_69e204e3c2cef select, .ld_cf7_69e204e3c2cef textarea, .ld_cf7_69e204e3c2cef .ui-button.ui-selectmenu-button, .ld_cf7_69e204e3c2cef .wpcf7-form-control-wrap > i, .ld_cf7_69e204e3c2cef .wpcf7-radio{color:rgb(127, 130, 132);}.ld_cf7_69e204e3c2cef input:focus, .ld_cf7_69e204e3c2cef select:focus, .ld_cf7_69e204e3c2cef textarea:focus, .ld_cf7_69e204e3c2cef .ui-button.ui-selectmenu-button:hover, .wpcf7-acceptance .wpcf7-list-item-label:after{color:rgb(0, 0, 0);}.ld_cf7_69e204e3c2cef .wpcf7-form-control-wrap{margin-bottom:10px;}<\/style><div id=\"ld_cf7_69e204e3c2cef\" class=\"lqd-contact-form lqd-contact-form-inputs-filled lqd-contact-form-inputs-round lqd-contact-form-button-block lqd-contact-form-button-round ld_cf7_69e204e3c2cef vc_custom_1622015176992\">\n\t\n<div class=\"wpcf7 no-js\" id=\"wpcf7-f74-o1\" lang=\"en-US\" dir=\"ltr\" data-wpcf7-id=\"74\">\n<div class=\"screen-reader-response\"><p role=\"status\" aria-live=\"polite\" aria-atomic=\"true\"><\/p> <ul><\/ul><\/div>\n<form action=\"\/az\/wp-json\/wp\/v2\/pages\/6957#wpcf7-f74-o1\" method=\"post\" class=\"wpcf7-form init\" aria-label=\"Contact form\" novalidate=\"novalidate\" data-status=\"init\">\n<fieldset class=\"hidden-fields-container\"><input type=\"hidden\" name=\"_wpcf7\" value=\"74\" \/><input type=\"hidden\" name=\"_wpcf7_version\" value=\"6.1.5\" \/><input type=\"hidden\" name=\"_wpcf7_locale\" value=\"en_US\" \/><input type=\"hidden\" name=\"_wpcf7_unit_tag\" value=\"wpcf7-f74-o1\" \/><input type=\"hidden\" name=\"_wpcf7_container_post\" value=\"0\" \/><input type=\"hidden\" name=\"_wpcf7_posted_data_hash\" value=\"\" \/><input type=\"hidden\" name=\"_wpcf7_recaptcha_response\" value=\"\" \/>\n<\/fieldset>\n<p><span class=\"wpcf7-form-control-wrap\" data-name=\"text-775\"><input size=\"40\" maxlength=\"400\" class=\"wpcf7-form-control wpcf7-text wpcf7-validates-as-required\" aria-required=\"true\" aria-invalid=\"false\" placeholder=\"Ad\u0131n\u0131z\" value=\"\" type=\"text\" name=\"text-775\" \/><\/span><span class=\"wpcf7-form-control-wrap\" data-name=\"email-550\"><input size=\"40\" maxlength=\"400\" class=\"wpcf7-form-control wpcf7-email wpcf7-validates-as-required wpcf7-text wpcf7-validates-as-email\" aria-required=\"true\" aria-invalid=\"false\" placeholder=\"Email adresiniz\" value=\"\" type=\"email\" name=\"email-550\" \/><\/span><span class=\"wpcf7-form-control-wrap\" data-name=\"textarea-138\"><textarea cols=\"10\" rows=\"4\" maxlength=\"2000\" class=\"wpcf7-form-control wpcf7-textarea wpcf7-validates-as-required\" aria-required=\"true\" aria-invalid=\"false\" placeholder=\"Mesaj\u0131n\u0131z\" name=\"textarea-138\"><\/textarea><\/span><input class=\"wpcf7-form-control wpcf7-submit has-spinner\" type=\"submit\" value=\"G\u00f6nder\" \/>\n<\/p><p style=\"display: none !important;\" class=\"akismet-fields-container\" data-prefix=\"_wpcf7_ak_\"><label>&#916;<textarea name=\"_wpcf7_ak_hp_textarea\" cols=\"45\" rows=\"8\" maxlength=\"100\"><\/textarea><\/label><input type=\"hidden\" id=\"ak_js_1\" name=\"_wpcf7_ak_js\" value=\"200\"\/><script>document.getElementById( \"ak_js_1\" ).setAttribute( \"value\", ( new Date() ).getTime() );<\/script><\/p><div class=\"wpcf7-response-output\" aria-hidden=\"true\"><\/div>\n<\/form>\n<\/div>\n<\/div>[\/vc_column_inner][vc_column_inner css=&#8221;.vc_custom_1608195709893{border-top-width: 1px !important;border-right-width: 1px !important;border-bottom-width: 1px !important;border-left-width: 1px !important;padding-top: 20px !important;padding-right: 20px !important;padding-bottom: 20px !important;padding-left: 20px !important;border-left-color: rgba(112,112,112,0.15) !important;border-left-style: solid !important;border-right-color: rgba(112,112,112,0.15) !important;border-right-style: solid !important;border-top-color: rgba(112,112,112,0.15) !important;border-top-style: solid !important;border-bottom-color: rgba(112,112,112,0.15) !important;border-bottom-style: solid !important;border-radius: 3px !important;}&#8221; responsive_css=&#8221;padding_right_large:35px|padding_left_large:50px|padding_right_medium:15px|padding_left_medium:15px|padding_right_small:10px|padding_left_small:10px&#8221;]<style>.ld_icon_box_69e204e3c52c0 .iconbox-icon-container{color:rgb(38, 176, 95);font-size:20px;width:65px !important;height:65px !important;background:rgba(38, 176, 95, 0.1);border-radius:px;}.ld_icon_box_69e204e3c52c0 .iconbox-icon-container:before{border-color:rgba(38, 176, 95, 0.1);}.ld_icon_box_69e204e3c52c0 .lqd-iconbox-title{color:rgb(160, 160, 160);margin-bottom:1px;font-size:15px;}<\/style>\n<div class=\"iconbox iconbox-side text-align-default align-items-center iconbox-circle ld_icon_box_69e204e3c52c0 vc_custom_1730704367532\" id=\"ld_icon_box_69e204e3c52c0\"  data-animate-icon=\"true\" data-plugin-options='{\"color\":\"rgb(38, 176, 95)\"}'  >\n\t\n\t\t\t\t\t\n\t\n\t<div class=\"iconbox-icon-wrap\"><span class=\"iconbox-icon-container\"><i class=\"lqd-icn-ess icon-lqd-mobile\"><\/i><\/span><\/div>\t\n\t\t\n\t<div class=\"contents\">\t\n\t\t\n\t<h3 class=\"lqd-iconbox-title font-weight-medium\">\u0130leti\u015fim Bilgisi:<\/h3>\t<p><a href=\"tel:+994 50 5178687\">+994 50 5178687<\/a><\/p>\n\t\t\n\t<\/div>\t\n\t\n<\/div>\n[\/vc_column_inner][\/vc_row_inner][\/vc_column][vc_column width=&#8221;2\/3&#8243; column_top_ontablet=&#8221;yes&#8221; column_top_onmobile=&#8221;yes&#8221; offset=&#8221;vc_col-md-offset-0 vc_col-md-8&#8243; responsive_css=&#8221;margin_bottom_medium:0px&#8221; css=&#8221;.vc_custom_1610729062932{margin-bottom: 35px !important;}&#8221;]<style>.ld_content_box_69e204e3c60b7 .lqd-fb-content-title{font-weight:700 !important;}.ld_content_box_69e204e3c60b7 .lqd-fb-bg{background:-webkit-linear-gradient(180deg, rgba(255, 255, 255, 0) 0%, rgba(24, 27, 49, 0.6) 100%);background:linear-gradient(180deg, rgba(255, 255, 255, 0) 0%, rgba(24, 27, 49, 0.6) 100%);}<\/style><div id=\"ld_content_box_69e204e3c60b7\" class=\"lqd-fb lqd-fb-style-1 lqd-fb-style-1-3 round pos-rel overflow-hidden lqd-fb-zoom-img-onhover h-pt-60 ld_content_box_69e204e3c60b7\" data-inview=\"true\">\n\t<div class=\"lqd-fb-inner lqd-overlay\">\n\n\t\t<div class=\"lqd-fb-img lqd-overlay overflow-hidden\">\n\n\t\t<figure data-responsive-bg=\"true\"><img decoding=\"async\" width=\"1080\" height=\"900\" data-src=\"https:\/\/profdrercangurses.com\/wp-content\/uploads\/2021\/12\/sinirbloklari.jpg\" class=\"w-100 invisible lazyload\" alt=\"\" data-srcset=\"https:\/\/profdrercangurses.com\/wp-content\/uploads\/2021\/12\/sinirbloklari.jpg 1080w, https:\/\/profdrercangurses.com\/wp-content\/uploads\/2021\/12\/sinirbloklari-300x250.jpg 300w, https:\/\/profdrercangurses.com\/wp-content\/uploads\/2021\/12\/sinirbloklari-1024x853.jpg 1024w\" data-sizes=\"(max-width: 1080px) 100vw, 1080px\" itemprop=\"image\" title=\"\" src=\"data:image\/svg+xml;base64,PHN2ZyB3aWR0aD0iMSIgaGVpZ2h0PSIxIiB4bWxucz0iaHR0cDovL3d3dy53My5vcmcvMjAwMC9zdmciPjwvc3ZnPg==\" style=\"--smush-placeholder-width: 1080px; --smush-placeholder-aspect-ratio: 1080\/900;\"><\/figure>\t\t\n\t\t<\/div>\n\n\t\t<div class=\"lqd-fb-content lqd-overlay align-items-end\">\n\t\t\t<div class=\"lqd-fb-bg lqd-overlay\"><\/div>\n\t\t\t<div class=\"lqd-fb-hover-overlay lqd-overlay\"><\/div>\n\t\t\t<div class=\"lqd-fb-content-inner d-flex flex-column justify-content-end pos-rel h-100 w-100 w-md-75 p-4 p-md-8\">\n\t\t\t\t\n\t\t\t\t\t\t\t\t\n\t\t\t\t<div\n\t\t\t\tclass=\"lqd-fb-content-bottom mt-auto\"\n\t\t\t\tdata-custom-animations=\"true\"\n\t\t\t\tdata-ca-options='{ \"triggerHandler\": \"inview\", \"animationTarget\": \"all-childs\", \"duration\": 1200, \"delay\": 120,  \"startDelay\": 300, \"initValues\": { \"y\": 30, \"opacity\": 0 }, \"animations\": { \"y\": 0, \"opacity\": 1 } }'>\n\t\t\t\t\t\n\t\t\t\t\t\t\t\t\t\t<h2\t\t\t\t\tclass=\"lqd-fb-content-title my-0 mb-3\"\n\t\t\t\t\tdata-split-text=\"true\" data-split-options='{ \"type\": \"lines\" }'>Sinir bloklar\u0131\t\t\t\t\t<\/h2>\n\t\t\t\t\t\t\t\t\t\t\n\t\t\t\t\t\n\t\t\t\t\t\t\t\t\t\t<p\n\t\t\t\t\tclass=\"my-0 mb-5\"\n\t\t\t\t\tdata-split-text=\"true\" data-split-options='{ \"type\": \"lines\" }'>Beyin v\u0259 onur\u011fa beynind\u0259n b\u00fct\u00fcn b\u0259d\u0259n\u0259 yay\u0131lan sinirl\u0259rin \u0259sas funksiyalar\u0131ndan biri m\u0259lumat\u0131n \u00f6t\u00fcr\u00fclm\u0259sidir. Sinirl\u0259r b\u0259d\u0259nd\u0259ki nasazl\u0131qlar\u0131 beyin\u0259 v\u0259 onur\u011fa beynin\u0259 \u00f6t\u00fcr\u00fcr.<\/p>\n\t\t\t\t\t\n\t\t\t\t\t\n\t\t\t\t<\/div>\n\t\t\t\t\n\t\t\t<\/div>\n\t\t<\/div>\n\n\t<\/div>\n<\/div>\n[vc_separator color=&#8221;custom&#8221; accent_color=&#8221;rgba(0,0,0,0.1)&#8221; css=&#8221;.vc_custom_1608195050020{margin-top: 10px !important;}&#8221;][vc_column_text]Bu \u00f6t\u00fcr\u00fclm\u0259 ad\u0259t\u0259n beyind\u0259 a\u011fr\u0131 kimi \u0259ks olunur. Sinir bloklar\u0131 v\u0259 ya sinir blokadas\u0131 a\u011fr\u0131n\u0131n meydana g\u0259ldiyi sinirl\u0259r\u0259 lokal anestezik madd\u0259l\u0259rin yeridilm\u0259si v\u0259 bununla da a\u011fr\u0131n\u0131n dayand\u0131r\u0131lmas\u0131n\u0131 \u0259hat\u0259 ed\u0259n bir m\u00fcalic\u0259 \u00fcsuludur.<\/p>\n<h2>Sinir bloklar\u0131 n\u0259dir?<\/h2>\n<p>Sinir bloklar\u0131 a\u011fr\u0131n\u0131n m\u00fcalic\u0259si \u00fc\u00e7\u00fcn geni\u015f istifad\u0259 olunan v\u0259 t\u0259sirli bir \u00fcsuldur. Sinir blokadas\u0131, a\u011fr\u0131lar\u0131 beyin\u0259 \u00f6t\u00fcr\u0259n sinirl\u0259rin bloklanmas\u0131 prosesidir. Sinir bloklar\u0131 yerli anestezik adlanan v\u0259 m\u00fcvafiq sinirl\u0259rd\u0259 ke\u00e7iriciliyi dayand\u0131ran d\u0259rmanlarla t\u0259tbiq edilir. T\u0259qdim olunan blokun m\u00fcdd\u0259ti istifad\u0259 edil\u0259n lokal anesteziyadan as\u0131l\u0131 olaraq d\u0259yi\u015fir, t\u0259sir ad\u0259t\u0259n 4-8 saat \u0259rzind\u0259 yox olur. Neyrolitik blokada x\u00fcsusil\u0259 xroniki hala g\u0259l\u0259n v\u0259 orqanizm\u0259 z\u0259r\u0259r ver\u0259n a\u011fr\u0131larda blokada m\u00fcdd\u0259tini uzatmaq \u00fc\u00e7\u00fcn istifad\u0259 olunur. Bir \u00e7ox a\u011fr\u0131lar\u0131 sinir blokadas\u0131 terapiyas\u0131 il\u0259 idar\u0259 etm\u0259k olar.<\/p>\n<h2>Sinir bloklar\u0131n\u0131n n\u00f6vl\u0259ri<\/h2>\n<p>A\u011fr\u0131n\u0131n s\u0259b\u0259bi v\u0259 yerin\u0259 g\u00f6r\u0259 t\u0259tbiq olunan sinir bloklar\u0131 a\u015fa\u011f\u0131dak\u0131 kimi s\u0131ralan\u0131r:<\/p>\n<ul>\n<li>Gasser qanqlion blokadas\u0131 (trigeminal nevralgiyalarda)<\/li>\n<li>Oksipital sinir blokadas\u0131 (ba\u015f a\u011fr\u0131lar\u0131, oksipital nevralji, yanan a\u011f\u0131z sindromu v\u0259 s.)<\/li>\n<li>Servikal epidural steroid inyeksiyas\u0131<\/li>\n<li>Lomber transforaminal epidural steroid inyeksiyas\u0131<\/li>\n<li>Faset birg\u0259 inyeksiyalar<\/li>\n<li>Faset Medial filial bloklar\u0131<\/li>\n<li>Simpatik sinir bloklar\u0131<\/li>\n<li>Ulduz qanqlion bloku<\/li>\n<li>Lomber simpatik blok<\/li>\n<li>Splanchnic Plexus Bloku<\/li>\n<li>\u00c7\u00f6lyak pleksus bloku<\/li>\n<li>Hipoqastrik pleksus bloku<\/li>\n<li>Ganglion imperator bloku<\/li>\n<li>Provokativ Diskoqram<\/li>\n<li>diskoqrafiya<\/li>\n<li>Periferik sinir bloklar\u0131<\/li>\n<\/ul>\n<h2>Sinir blokadas\u0131 terapiyas\u0131 nec\u0259 apar\u0131l\u0131r?<\/h2>\n<p>Sinir blokadas\u0131 terapiyas\u0131 alqologiya \u00fczr\u0259 ixtisasla\u015fm\u0131\u015f h\u0259kim t\u0259r\u0259find\u0259n steril m\u00fchitd\u0259 t\u0259tbiq edilm\u0259lidir. M\u00fcalic\u0259nin birinci m\u0259rh\u0259l\u0259sind\u0259 a\u011fr\u0131ya s\u0259b\u0259b olan sinirl\u0259r sinir stimulyatorlar\u0131, fl\u00fcoroskopiya v\u0259 ya ultras\u0259s m\u00fcayin\u0259si il\u0259 a\u015fkar edilir v\u0259 lokal anesteziya il\u0259 m\u00fcv\u0259qq\u0259ti olaraq anesteziya edilir. X\u0259st\u0259nin bu ilk m\u0259rh\u0259l\u0259d\u0259 a\u011fr\u0131lar\u0131 yox olarsa, onun sinir blokadas\u0131 m\u00fcalic\u0259sin\u0259 uy\u011fun oldu\u011fu ba\u015fa d\u00fc\u015f\u00fcl\u00fcr v\u0259 sinirl\u0259r n\u0259zar\u0259tli \u015f\u0259kild\u0259 m\u0259hv edilir. Prosedurda neyrolitik bloklar nazik iyn\u0259l\u0259rl\u0259 yaln\u0131z a\u011fr\u0131ya s\u0259b\u0259b olan sinir lifl\u0259rin\u0259 yeridilir. T\u0259tbiqd\u0259n t\u0259xmin\u0259n 15 d\u0259qiq\u0259 sonra x\u0259st\u0259l\u0259r he\u00e7 bir problem olmadan g\u00fcnd\u0259lik h\u0259yatlar\u0131na qay\u0131da bilirl\u0259r. Sinir bloklar\u0131n\u0131n t\u0259siri x\u0259st\u0259d\u0259n x\u0259st\u0259y\u0259 d\u0259yi\u015fir v\u0259 aylarla davam ed\u0259 bil\u0259r.<\/p>\n<h2>Sinir bloklar\u0131 kiml\u0259r\u0259 t\u0259tbiq oluna bil\u0259r?<\/h2>\n<p>Sinir bloklar\u0131 a\u015fa\u011f\u0131dak\u0131 x\u0259st\u0259likl\u0259r v\u0259 \u015fikay\u0259tl\u0259ri olan x\u0259st\u0259l\u0259r\u0259 t\u0259tbiq oluna bil\u0259r:<\/p>\n<ul>\n<li>X\u0259r\u00e7\u0259ngin yaratd\u0131\u011f\u0131 a\u011fr\u0131lar,<\/li>\n<li>Ba\u015f a\u011fr\u0131lar\u0131 v\u0259 miqren,<\/li>\n<li>Dig\u0259r m\u00fcalic\u0259l\u0259r\u0259 cavab verm\u0259y\u0259n xroniki a\u011fr\u0131,<\/li>\n<li>Faset oynaq a\u011fr\u0131s\u0131,<\/li>\n<li>Sakroiliak a\u011fr\u0131.<\/li>\n<\/ul>\n<h2>Sinir blokadas\u0131n\u0131n yan t\u0259sirl\u0259ri<\/h2>\n<p>Sinir blokadas\u0131 m\u00fct\u0259x\u0259ssis h\u0259kiml\u0259r t\u0259r\u0259find\u0259n t\u0259tbiq olunarsa t\u0259hl\u00fck\u0259siz \u00fcsuldur. Bu proseduru h\u0259yata ke\u00e7irm\u0259zd\u0259n \u0259vv\u0259l x\u0259st\u0259l\u0259rin lokal anestezikl\u0259r\u0259 qar\u015f\u0131 h\u0259ssas v\u0259 ya allergik olub olmad\u0131\u011f\u0131 bilinm\u0259lidir. Nadir hallarda, sinir blokadas\u0131ndan sonra inyeksiya yerinin infeksiyas\u0131, \u00fcr\u0259kbulanma v\u0259 qan t\u0259zyiqinin azalmas\u0131\/artmas\u0131 kimi t\u0259sirl\u0259r ba\u015f ver\u0259 bil\u0259r.[\/vc_column_text][\/vc_column][\/vc_row][vc_row][vc_column][\/vc_column][\/vc_row]<\/p>\n","protected":false},"excerpt":{"rendered":"<p>[vc_row css=&#8221;.vc_custom_1622016079265{padding-top: 60px !important;padding-bottom: 60px !important;}&#8221;][vc_column enable_pin=&#8221;enable_pin&#8221; width=&#8221;5\/12&#8243; offset=&#8221;vc_col-md-4&#8243; responsive_css=&#8221;padding_right_medium:7%25&#8243;][vc_row_inner][vc_column_inner responsive_css=&#8221;margin_bottom_medium:45px&#8221; css=&#8221;.vc_custom_1608194013763{margin-bottom: 30px !important;}&#8221;][\/vc_column_inner][vc_column_inner css=&#8221;.vc_custom_1608195737477{margin-bottom: 30px !important;padding-top: 35px !important;padding-right: 20px !important;padding-bottom: 35px !important;padding-left: 20px !important;background-color: #f7f8fa !important;border-radius: 5px !important;}&#8221; responsive_css=&#8221;margin_bottom_medium:45px|padding_right_medium:35px|padding_left_medium:35px&#8221;][\/vc_column_inner][vc_column_inner css=&#8221;.vc_custom_1608195709893{border-top-width: 1px !important;border-right-width: 1px !important;border-bottom-width: 1px !important;border-left-width: 1px !important;padding-top: 20px !important;padding-right: 20px !important;padding-bottom: 20px !important;padding-left: 20px !important;border-left-color: rgba(112,112,112,0.15) !important;border-left-style: solid !important;border-right-color: rgba(112,112,112,0.15) !important;border-right-style: solid !important;border-top-color: [&hellip;]<\/p>\n","protected":false},"author":1,"featured_media":0,"parent":6941,"menu_order":0,"comment_status":"closed","ping_status":"closed","template":"","meta":{"footnotes":""},"class_list":["post-6957","page","type-page","status-publish","hentry"],"_links":{"self":[{"href":"https:\/\/profdrercangurses.com\/az\/wp-json\/wp\/v2\/pages\/6957","targetHints":{"allow":["GET"]}}],"collection":[{"href":"https:\/\/profdrercangurses.com\/az\/wp-json\/wp\/v2\/pages"}],"about":[{"href":"https:\/\/profdrercangurses.com\/az\/wp-json\/wp\/v2\/types\/page"}],"author":[{"embeddable":true,"href":"https:\/\/profdrercangurses.com\/az\/wp-json\/wp\/v2\/users\/1"}],"replies":[{"embeddable":true,"href":"https:\/\/profdrercangurses.com\/az\/wp-json\/wp\/v2\/comments?post=6957"}],"version-history":[{"count":2,"href":"https:\/\/profdrercangurses.com\/az\/wp-json\/wp\/v2\/pages\/6957\/revisions"}],"predecessor-version":[{"id":7141,"href":"https:\/\/profdrercangurses.com\/az\/wp-json\/wp\/v2\/pages\/6957\/revisions\/7141"}],"up":[{"embeddable":true,"href":"https:\/\/profdrercangurses.com\/az\/wp-json\/wp\/v2\/pages\/6941"}],"wp:attachment":[{"href":"https:\/\/profdrercangurses.com\/az\/wp-json\/wp\/v2\/media?parent=6957"}],"curies":[{"name":"wp","href":"https:\/\/api.w.org\/{rel}","templated":true}]}}