{"id":6960,"date":"2021-12-21T13:45:51","date_gmt":"2021-12-21T10:45:51","guid":{"rendered":"https:\/\/profdrercangurses.com\/mualic%c9%99l%c9%99rimiz\/vertebra-sisinin-l%c9%99gvi\/"},"modified":"2024-11-04T10:12:59","modified_gmt":"2024-11-04T07:12:59","slug":"vertebra-sisinin-l%c9%99gvi","status":"publish","type":"page","link":"https:\/\/profdrercangurses.com\/az\/mualic%c9%99l%c9%99rimiz\/vertebra-sisinin-l%c9%99gvi\/","title":{"rendered":"Vertebra \u015fi\u015finin l\u0259\u011fvi"},"content":{"rendered":"<p>[vc_row css=&#8221;.vc_custom_1622016079265{padding-top: 60px !important;padding-bottom: 60px !important;}&#8221;][vc_column enable_pin=&#8221;enable_pin&#8221; width=&#8221;5\/12&#8243; offset=&#8221;vc_col-md-4&#8243; responsive_css=&#8221;padding_right_medium:7%25&#8243;][vc_row_inner][vc_column_inner responsive_css=&#8221;margin_bottom_medium:45px&#8221; css=&#8221;.vc_custom_1608194013763{margin-bottom: 30px !important;}&#8221;]<style>.ld_custom_menu_69e204a533741 > ul > li > a{font-size:15px;font-weight:700;letter-spacing:0.01em;color:rgb(51, 51, 51);background:rgb(247, 248, 250);}.ld_custom_menu_69e204a533741 > ul > li:not(:last-child){margin-bottom:3px;}.lqd-stickybar > .lqd-head-col > .header-module > .ld_custom_menu_69e204a533741 li{margin-inline-start:3px;}.ld_custom_menu_69e204a533741 > ul > li > a:hover, .ld_custom_menu_69e204a533741 li.is-active > a{background:rgb(233, 233, 233);}<\/style><div\n\tclass=\"lqd-fancy-menu lqd-custom-menu menu-items-has-fill lqd-menu-td-none ld_custom_menu_69e204a533741\"\n\t>\n\n<ul id=\"ld_custom_menu_69e204a533741\" class=\"reset-ul   \" ><li id=\"menu-item-7005\" class=\"menu-item menu-item-type-post_type menu-item-object-page menu-item-7005\"><a href=\"https:\/\/profdrercangurses.com\/az\/mualic%c9%99l%c9%99rimiz\/adezioliz\/\">Adezioliz<\/a><\/li>\n<li id=\"menu-item-6848\" class=\"menu-item menu-item-type-post_type menu-item-object-page menu-item-6848\"><a href=\"https:\/\/profdrercangurses.com\/az\/mualic%c9%99l%c9%99rimiz\/onurga-beyni-stimulyatoru-scs\/\">Onur\u011fa Beyni Stimulyatoru (SCS)<\/a><\/li>\n<li id=\"menu-item-7006\" class=\"menu-item menu-item-type-post_type menu-item-object-page menu-item-7006\"><a href=\"https:\/\/profdrercangurses.com\/az\/mualic%c9%99l%c9%99rimiz\/epidural-port-kateteri\/\">Epidural port kateteri<\/a><\/li>\n<li id=\"menu-item-6927\" class=\"menu-item menu-item-type-post_type menu-item-object-page menu-item-6927\"><a href=\"https:\/\/profdrercangurses.com\/az\/mualic%c9%99l%c9%99rimiz\/onurga-beyni-batareyasi-terapiyasi-onurga-beyni-stimulyasiyasi\/\">Onur\u011fa beyni batareyas\u0131 terapiyas\u0131 (onur\u011fa beyni stimulyasiyas\u0131)<\/a><\/li>\n<li id=\"menu-item-7007\" class=\"menu-item menu-item-type-post_type menu-item-object-page menu-item-7007\"><a href=\"https:\/\/profdrercangurses.com\/az\/mualic%c9%99l%c9%99rimiz\/sakral-neyromodulyasiya\/\">Sakral neyromodulyasiya<\/a><\/li>\n<li id=\"menu-item-5426\" class=\"menu-item menu-item-type-post_type menu-item-object-page menu-item-5426\"><a href=\"https:\/\/profdrercangurses.com\/az\/mualic%c9%99l%c9%99rimiz\/epiduroskopiya\/\">Epiduroskopiya<\/a><\/li>\n<li id=\"menu-item-7008\" class=\"menu-item menu-item-type-post_type menu-item-object-page menu-item-7008\"><a href=\"https:\/\/profdrercangurses.com\/az\/mualic%c9%99l%c9%99rimiz\/idet-mualic%c9%99si-diskdaxili-elektrotermal-mualic%c9%99\/\">IDET M\u00fcalic\u0259si \u2013 Diskdaxili Elektrotermal M\u00fcalic\u0259<\/a><\/li>\n<li id=\"menu-item-7009\" class=\"menu-item menu-item-type-post_type menu-item-object-page menu-item-7009\"><a href=\"https:\/\/profdrercangurses.com\/az\/mualic%c9%99l%c9%99rimiz\/d%c9%99rman-mualic%c9%99si\/\">D\u0259rman m\u00fcalic\u0259si<\/a><\/li>\n<li id=\"menu-item-7010\" class=\"menu-item menu-item-type-post_type menu-item-object-page menu-item-7010\"><a href=\"https:\/\/profdrercangurses.com\/az\/mualic%c9%99l%c9%99rimiz\/quru-ign%c9%99-mualic%c9%99si\/\">Quru \u0130\u011fn\u0259 M\u00fcalic\u0259si<\/a><\/li>\n<li id=\"menu-item-5428\" class=\"menu-item menu-item-type-post_type menu-item-object-page menu-item-5428\"><a href=\"https:\/\/profdrercangurses.com\/az\/mualic%c9%99l%c9%99rimiz\/l-disq-plazma-lazer-mualic%c9%99si\/\">L-Disq \u2013 Plazma Lazer M\u00fcalic\u0259si<\/a><\/li>\n<li id=\"menu-item-6855\" class=\"menu-item menu-item-type-post_type menu-item-object-page menu-item-6855\"><a href=\"https:\/\/profdrercangurses.com\/az\/mualic%c9%99l%c9%99rimiz\/radiotezlik-terapiyasi\/\">Radiotezlik Terapiyas\u0131<\/a><\/li>\n<li id=\"menu-item-7011\" class=\"menu-item menu-item-type-post_type menu-item-object-page menu-item-7011\"><a href=\"https:\/\/profdrercangurses.com\/az\/mualic%c9%99l%c9%99rimiz\/sinir-bloklari\/\">Sinir bloklar\u0131<\/a><\/li>\n<li id=\"menu-item-7012\" class=\"menu-item menu-item-type-post_type menu-item-object-page menu-item-7012\"><a href=\"https:\/\/profdrercangurses.com\/az\/mualic%c9%99l%c9%99rimiz\/damar-port-port-kateter\/\">Damar Port (Port Kateter)<\/a><\/li>\n<li id=\"menu-item-7013\" class=\"menu-item menu-item-type-post_type menu-item-object-page menu-item-7013\"><a href=\"https:\/\/profdrercangurses.com\/az\/mualic%c9%99l%c9%99rimiz\/vertebra-sisinin-l%c9%99gvi\/\">Vertebra \u015fi\u015finin l\u0259\u011fvi<\/a><\/li>\n<li id=\"menu-item-5432\" class=\"menu-item menu-item-type-post_type menu-item-object-page menu-item-5432\"><a href=\"https:\/\/profdrercangurses.com\/az\/mualic%c9%99l%c9%99rimiz\/vertebroplastika\/\">Vertebroplastika<\/a><\/li>\n<\/ul><\/div>[\/vc_column_inner][vc_column_inner css=&#8221;.vc_custom_1608195737477{margin-bottom: 30px !important;padding-top: 35px !important;padding-right: 20px !important;padding-bottom: 35px !important;padding-left: 20px !important;background-color: #f7f8fa !important;border-radius: 5px !important;}&#8221; responsive_css=&#8221;margin_bottom_medium:45px|padding_right_medium:35px|padding_left_medium:35px&#8221;]<style>.ld_fancy_heading_69e204a53d0dd h3 {font-size:19px; } .ld_fancy_heading_69e204a53d0dd h3 {margin-bottom:1.25em !important;  } .ld_fancy_heading_69e204a53d0dd .lqd-highlight-inner{height:0.275em!important;bottom:0px!important;}.ld_fancy_heading_69e204a53d0dd h3 {font-size:19px; } .ld_fancy_heading_69e204a53d0dd h3 {margin-bottom:1.25em !important;  } <\/style><div class=\"ld-fancy-heading ld_fancy_heading_69e204a53d0dd\">\n\t<h3 class=\"ld-fh-element lqd-highlight-underline lqd-highlight-grow-left text-decoration-default\"   >  Biziml\u0259 \u0259laq\u0259 saxlay\u0131n<\/h3><\/div><style>.ld_cf7_69e204a53d4cb input,.ld_cf7_69e204a53d4cb textarea,.ld_cf7_69e204a53d4cb .ui-button.ui-selectmenu-button{font-size:15px;}.ld_cf7_69e204a53d4cb input[type=\"submit\"]{font-size:15px;background:rgb(24, 67, 65);border-color:rgb(24, 67, 65);}.ld_cf7_69e204a53d4cb input, .ld_cf7_69e204a53d4cb select, .ld_cf7_69e204a53d4cb textarea, .ld_cf7_69e204a53d4cb .ui-button.ui-selectmenu-button{background:rgb(255, 255, 255);}.ld_cf7_69e204a53d4cb input, .ld_cf7_69e204a53d4cb select, .ld_cf7_69e204a53d4cb textarea, .ld_cf7_69e204a53d4cb .ui-button.ui-selectmenu-button, .ld_cf7_69e204a53d4cb .wpcf7-form-control-wrap > i, .ld_cf7_69e204a53d4cb .wpcf7-radio{color:rgb(127, 130, 132);}.ld_cf7_69e204a53d4cb input:focus, .ld_cf7_69e204a53d4cb select:focus, .ld_cf7_69e204a53d4cb textarea:focus, .ld_cf7_69e204a53d4cb .ui-button.ui-selectmenu-button:hover, .wpcf7-acceptance .wpcf7-list-item-label:after{color:rgb(0, 0, 0);}.ld_cf7_69e204a53d4cb .wpcf7-form-control-wrap{margin-bottom:10px;}<\/style><div id=\"ld_cf7_69e204a53d4cb\" class=\"lqd-contact-form lqd-contact-form-inputs-filled lqd-contact-form-inputs-round lqd-contact-form-button-block lqd-contact-form-button-round ld_cf7_69e204a53d4cb vc_custom_1622015176992\">\n\t\n<div class=\"wpcf7 no-js\" id=\"wpcf7-f74-o1\" lang=\"en-US\" dir=\"ltr\" data-wpcf7-id=\"74\">\n<div class=\"screen-reader-response\"><p role=\"status\" aria-live=\"polite\" aria-atomic=\"true\"><\/p> <ul><\/ul><\/div>\n<form action=\"\/az\/wp-json\/wp\/v2\/pages\/6960#wpcf7-f74-o1\" method=\"post\" class=\"wpcf7-form init\" aria-label=\"Contact form\" novalidate=\"novalidate\" data-status=\"init\">\n<fieldset class=\"hidden-fields-container\"><input type=\"hidden\" name=\"_wpcf7\" value=\"74\" \/><input type=\"hidden\" name=\"_wpcf7_version\" value=\"6.1.5\" \/><input type=\"hidden\" name=\"_wpcf7_locale\" value=\"en_US\" \/><input type=\"hidden\" name=\"_wpcf7_unit_tag\" value=\"wpcf7-f74-o1\" \/><input type=\"hidden\" name=\"_wpcf7_container_post\" value=\"0\" \/><input type=\"hidden\" name=\"_wpcf7_posted_data_hash\" value=\"\" \/><input type=\"hidden\" name=\"_wpcf7_recaptcha_response\" value=\"\" \/>\n<\/fieldset>\n<p><span class=\"wpcf7-form-control-wrap\" data-name=\"text-775\"><input size=\"40\" maxlength=\"400\" class=\"wpcf7-form-control wpcf7-text wpcf7-validates-as-required\" aria-required=\"true\" aria-invalid=\"false\" placeholder=\"Ad\u0131n\u0131z\" value=\"\" type=\"text\" name=\"text-775\" \/><\/span><span class=\"wpcf7-form-control-wrap\" data-name=\"email-550\"><input size=\"40\" maxlength=\"400\" class=\"wpcf7-form-control wpcf7-email wpcf7-validates-as-required wpcf7-text wpcf7-validates-as-email\" aria-required=\"true\" aria-invalid=\"false\" placeholder=\"Email adresiniz\" value=\"\" type=\"email\" name=\"email-550\" \/><\/span><span class=\"wpcf7-form-control-wrap\" data-name=\"textarea-138\"><textarea cols=\"10\" rows=\"4\" maxlength=\"2000\" class=\"wpcf7-form-control wpcf7-textarea wpcf7-validates-as-required\" aria-required=\"true\" aria-invalid=\"false\" placeholder=\"Mesaj\u0131n\u0131z\" name=\"textarea-138\"><\/textarea><\/span><input class=\"wpcf7-form-control wpcf7-submit has-spinner\" type=\"submit\" value=\"G\u00f6nder\" \/>\n<\/p><p style=\"display: none !important;\" class=\"akismet-fields-container\" data-prefix=\"_wpcf7_ak_\"><label>&#916;<textarea name=\"_wpcf7_ak_hp_textarea\" cols=\"45\" rows=\"8\" maxlength=\"100\"><\/textarea><\/label><input type=\"hidden\" id=\"ak_js_1\" name=\"_wpcf7_ak_js\" value=\"54\"\/><script>document.getElementById( \"ak_js_1\" ).setAttribute( \"value\", ( new Date() ).getTime() );<\/script><\/p><div class=\"wpcf7-response-output\" aria-hidden=\"true\"><\/div>\n<\/form>\n<\/div>\n<\/div>[\/vc_column_inner][vc_column_inner css=&#8221;.vc_custom_1608195709893{border-top-width: 1px !important;border-right-width: 1px !important;border-bottom-width: 1px !important;border-left-width: 1px !important;padding-top: 20px !important;padding-right: 20px !important;padding-bottom: 20px !important;padding-left: 20px !important;border-left-color: rgba(112,112,112,0.15) !important;border-left-style: solid !important;border-right-color: rgba(112,112,112,0.15) !important;border-right-style: solid !important;border-top-color: rgba(112,112,112,0.15) !important;border-top-style: solid !important;border-bottom-color: rgba(112,112,112,0.15) !important;border-bottom-style: solid !important;border-radius: 3px !important;}&#8221; responsive_css=&#8221;padding_right_large:35px|padding_left_large:50px|padding_right_medium:15px|padding_left_medium:15px|padding_right_small:10px|padding_left_small:10px&#8221;]<style>.ld_icon_box_69e204a53f07e .iconbox-icon-container{color:rgb(38, 176, 95);font-size:20px;width:65px !important;height:65px !important;background:rgba(38, 176, 95, 0.1);border-radius:px;}.ld_icon_box_69e204a53f07e .iconbox-icon-container:before{border-color:rgba(38, 176, 95, 0.1);}.ld_icon_box_69e204a53f07e .lqd-iconbox-title{color:rgb(160, 160, 160);margin-bottom:1px;font-size:15px;}<\/style>\n<div class=\"iconbox iconbox-side text-align-default align-items-center iconbox-circle ld_icon_box_69e204a53f07e vc_custom_1730704375156\" id=\"ld_icon_box_69e204a53f07e\"  data-animate-icon=\"true\" data-plugin-options='{\"color\":\"rgb(38, 176, 95)\"}'  >\n\t\n\t\t\t\t\t\n\t\n\t<div class=\"iconbox-icon-wrap\"><span class=\"iconbox-icon-container\"><i class=\"lqd-icn-ess icon-lqd-mobile\"><\/i><\/span><\/div>\t\n\t\t\n\t<div class=\"contents\">\t\n\t\t\n\t<h3 class=\"lqd-iconbox-title font-weight-medium\">\u0130leti\u015fim Bilgisi:<\/h3>\t<p><a href=\"tel:+994 50 5178687\">+994 50 5178687<\/a><\/p>\n\t\t\n\t<\/div>\t\n\t\n<\/div>\n[\/vc_column_inner][\/vc_row_inner][\/vc_column][vc_column width=&#8221;2\/3&#8243; column_top_ontablet=&#8221;yes&#8221; column_top_onmobile=&#8221;yes&#8221; offset=&#8221;vc_col-md-offset-0 vc_col-md-8&#8243; responsive_css=&#8221;margin_bottom_medium:0px&#8221; css=&#8221;.vc_custom_1610729062932{margin-bottom: 35px !important;}&#8221;]<style>.ld_content_box_69e204a53f954 .lqd-fb-content-title{font-weight:700 !important;}.ld_content_box_69e204a53f954 .lqd-fb-bg{background:-webkit-linear-gradient(180deg, rgba(255, 255, 255, 0) 0%, rgba(24, 27, 49, 0.6) 100%);background:linear-gradient(180deg, rgba(255, 255, 255, 0) 0%, rgba(24, 27, 49, 0.6) 100%);}<\/style><div id=\"ld_content_box_69e204a53f954\" class=\"lqd-fb lqd-fb-style-1 lqd-fb-style-1-3 round pos-rel overflow-hidden lqd-fb-zoom-img-onhover h-pt-60 ld_content_box_69e204a53f954\" data-inview=\"true\">\n\t<div class=\"lqd-fb-inner lqd-overlay\">\n\n\t\t<div class=\"lqd-fb-img lqd-overlay overflow-hidden\">\n\n\t\t<figure data-responsive-bg=\"true\"><img decoding=\"async\" width=\"1080\" height=\"900\" data-src=\"https:\/\/profdrercangurses.com\/wp-content\/uploads\/2022\/03\/Vertebra-Tumor-Ablazyon-ercan-gurses.jpg\" class=\"w-100 invisible lazyload\" alt=\"\" data-srcset=\"https:\/\/profdrercangurses.com\/wp-content\/uploads\/2022\/03\/Vertebra-Tumor-Ablazyon-ercan-gurses.jpg 1080w, https:\/\/profdrercangurses.com\/wp-content\/uploads\/2022\/03\/Vertebra-Tumor-Ablazyon-ercan-gurses-300x250.jpg 300w, https:\/\/profdrercangurses.com\/wp-content\/uploads\/2022\/03\/Vertebra-Tumor-Ablazyon-ercan-gurses-1024x853.jpg 1024w\" data-sizes=\"(max-width: 1080px) 100vw, 1080px\" itemprop=\"image\" title=\"\" src=\"data:image\/svg+xml;base64,PHN2ZyB3aWR0aD0iMSIgaGVpZ2h0PSIxIiB4bWxucz0iaHR0cDovL3d3dy53My5vcmcvMjAwMC9zdmciPjwvc3ZnPg==\" style=\"--smush-placeholder-width: 1080px; --smush-placeholder-aspect-ratio: 1080\/900;\"><\/figure>\t\t\n\t\t<\/div>\n\n\t\t<div class=\"lqd-fb-content lqd-overlay align-items-end\">\n\t\t\t<div class=\"lqd-fb-bg lqd-overlay\"><\/div>\n\t\t\t<div class=\"lqd-fb-hover-overlay lqd-overlay\"><\/div>\n\t\t\t<div class=\"lqd-fb-content-inner d-flex flex-column justify-content-end pos-rel h-100 w-100 w-md-75 p-4 p-md-8\">\n\t\t\t\t\n\t\t\t\t\t\t\t\t\n\t\t\t\t<div\n\t\t\t\tclass=\"lqd-fb-content-bottom mt-auto\"\n\t\t\t\tdata-custom-animations=\"true\"\n\t\t\t\tdata-ca-options='{ \"triggerHandler\": \"inview\", \"animationTarget\": \"all-childs\", \"duration\": 1200, \"delay\": 120,  \"startDelay\": 300, \"initValues\": { \"y\": 30, \"opacity\": 0 }, \"animations\": { \"y\": 0, \"opacity\": 1 } }'>\n\t\t\t\t\t\n\t\t\t\t\t\t\t\t\t\t<h2\t\t\t\t\tclass=\"lqd-fb-content-title my-0 mb-3\"\n\t\t\t\t\tdata-split-text=\"true\" data-split-options='{ \"type\": \"lines\" }'>Vertebra \u015fi\u015finin l\u0259\u011fvi\t\t\t\t\t<\/h2>\n\t\t\t\t\t\t\t\t\t\t\n\t\t\t\t\t\n\t\t\t\t\t\t\t\t\t\t<p\n\t\t\t\t\tclass=\"my-0 mb-5\"\n\t\t\t\t\tdata-split-text=\"true\" data-split-options='{ \"type\": \"lines\" }'>Onur\u011fa metastazlar\u0131n\u0131n m\u00fcalic\u0259sind\u0259 istifad\u0259 edil\u0259n \u00fcsullardan biri d\u0259 vertebra \u015fi\u015finin ablasyonudur.<\/p>\n\t\t\t\t\t\n\t\t\t\t\t\n\t\t\t\t<\/div>\n\t\t\t\t\n\t\t\t<\/div>\n\t\t<\/div>\n\n\t<\/div>\n<\/div>\n[vc_separator color=&#8221;custom&#8221; accent_color=&#8221;rgba(0,0,0,0.1)&#8221; css=&#8221;.vc_custom_1608195050020{margin-top: 10px !important;}&#8221;][vc_column_text]X\u0259r\u00e7\u0259ng metastazlar\u0131na g\u00f6r\u0259 onur\u011fa g\u00f6vd\u0259sinin h\u00fcnd\u00fcrl\u00fcy\u00fcn\u00fcn azald\u0131\u011f\u0131 v\u0259 s\u0131n\u0131q riskinin oldu\u011fu hallarda; S\u00fcm\u00fckdaxili damar geni\u015fl\u0259nm\u0259l\u0259ri \u00fc\u00e7\u00fcn d\u0259 istifad\u0259 olunur. Vertebra \u015ei\u015f Ablasiyas\u0131 \u00e7\u0259r\u00e7iv\u0259sind\u0259 onur\u011fa g\u00f6vd\u0259sind\u0259ki \u015fi\u015f toxumas\u0131 x\u00fcsusi radiotezlik elektrodu il\u0259 daxil edilir v\u0259 \u015fi\u015f toxumas\u0131 80-90 d\u0259r\u0259c\u0259 m\u0259hv edilir. S\u00fcm\u00fck b\u0259d\u0259ni m\u0259hv edilmi\u015f \u015fi\u015f toxumas\u0131n\u0131n bo\u015fald\u0131\u011f\u0131 nahiy\u0259y\u0259 polimetilakrilat (s\u00fcm\u00fck sementi) yeridilm\u0259si il\u0259 m\u00f6hk\u0259ml\u0259nir. T\u0259dqiqatlar g\u00f6st\u0259rir ki, Vertebra \u015ei\u015finin Ablasiyas\u0131 \u015fi\u015f h\u00fcceyr\u0259l\u0259rind\u0259 90%-d\u0259n \u00e7ox nekroza s\u0259b\u0259b olur v\u0259 t\u0259krarlanma ehtimal\u0131n\u0131 aradan qald\u0131r\u0131r.<\/p>\n<h2>Vertebra \u015fi\u015finin ablasyonu m\u00fcalic\u0259si nec\u0259 t\u0259tbiq olunur?<\/h2>\n<p>Vertebra \u015fi\u015finin ablasyon m\u00fcalic\u0259si \u0259m\u0259liyyat ota\u011f\u0131 m\u00fchitind\u0259 h\u0259yata ke\u00e7irilir. Prosedurdan \u0259vv\u0259l x\u0259st\u0259y\u0259 sedativ verilir v\u0259 profilaktik olaraq antibiotikl\u0259r verilir. X\u0259st\u0259 floroskopiya masas\u0131na \u00fcz\u00fc a\u015fa\u011f\u0131 yerl\u0259\u015fdirilir. Onur\u011fa s\u0131n\u0131\u011f\u0131n\u0131n yerind\u0259n as\u0131l\u0131 olaraq, k\u00fcr\u0259k v\u0259 ya bel nahiy\u0259sind\u0259 m\u00fcdaxil\u0259nin edil\u0259c\u0259yi sah\u0259 steril \u015f\u0259kild\u0259 silinir v\u0259 \u00f6rt\u00fcl\u00fcr. M\u00fcdaxil\u0259 edil\u0259c\u0259k sah\u0259 \u0259hat\u0259 dair\u0259si n\u0259zar\u0259ti il\u0259 g\u00f6st\u0259rilir. Giri\u015f n\u00f6qt\u0259si m\u00fc\u0259yy\u0259n edildikd\u0259n sonra giri\u015f n\u00f6qt\u0259sin\u0259 lokal anesteziya t\u0259tbiq edilir. Bu n\u00f6qt\u0259d\u0259 ki\u00e7ik bir k\u0259sik edilir, vertebroplastika iyn\u0259si s\u00fcm\u00fcy\u0259 toxunana q\u0259d\u0259r ir\u0259li \u00e7\u0259kilir v\u0259 iyn\u0259 korteks\u0259 daxil olmaq \u00fc\u00e7\u00fcn f\u0131rlan\u0131r. RF elektrodu iyn\u0259 vasit\u0259sil\u0259 s\u00fcm\u00fcy\u00fcn i\u00e7\u0259risin\u0259 yerl\u0259\u015fdirilir v\u0259 80-90 d\u0259r\u0259c\u0259 istilik ablasiyas\u0131 apar\u0131l\u0131r. Daha sonra vertebroplastika iyn\u0259si vasit\u0259sil\u0259 barium sulfat il\u0259 qar\u0131\u015fd\u0131r\u0131laraq sement haz\u0131rlan\u0131r v\u0259 radiopak olur. Maye di\u015f pastas\u0131 konsistensiyas\u0131na \u00e7atd\u0131qdan sonra sement skopi n\u0259zar\u0259ti alt\u0131nda t\u0259tbiq edilir.<\/p>\n<h2>Vertebra \u015ei\u015finin Ablation t\u0259tbiqind\u0259n \u0259vv\u0259l<\/h2>\n<p>Vertebra \u015fi\u015finin ablasyon m\u00fcalic\u0259sind\u0259n \u0259vv\u0259l n\u0259z\u0259r\u0259 al\u0131nmal\u0131 b\u0259zi amill\u0259r var. Bunlar a\u015fa\u011f\u0131dak\u0131lard\u0131r:<\/p>\n<ul>\n<li>T\u0259tbiq etm\u0259zd\u0259n \u0259vv\u0259l x\u0259st\u0259d\u0259 infeksiya olmad\u0131\u011f\u0131ndan \u0259min olmaq laz\u0131md\u0131r.<\/li>\n<li>Qan durula\u015fd\u0131r\u0131c\u0131lar\u0131n (Aspirin, kumadin, plavix v\u0259 s.) istifad\u0259si uy\u011fun vaxtdan \u0259vv\u0259l dayand\u0131r\u0131lmal\u0131d\u0131r.<\/li>\n<li>X\u0259st\u0259 \u0259m\u0259liyyatdan \u0259vv\u0259l 4-6 saat acl\u0131q etm\u0259lidir.<\/li>\n<\/ul>\n<h2>Kim\u0259 \u015famil edil\u0259 bil\u0259r?<\/h2>\n<p>Vertebra \u015fi\u015finin ablasyon m\u00fcalic\u0259si \u00fc\u00e7\u00fcn x\u0259st\u0259 se\u00e7imi a\u015fa\u011f\u0131dak\u0131 kimidir:<\/p>\n<ol>\n<li>X\u0259r\u00e7\u0259ng metastazlar\u0131na g\u00f6r\u0259 s\u0131x\u0131lma q\u0131r\u0131qlar\u0131<\/li>\n<li>Onur\u011fa anjiyomas\u0131 (s\u00fcm\u00fckdaxili damar geni\u015fl\u0259nm\u0259si)<\/li>\n<\/ol>\n<p>[\/vc_column_text][\/vc_column][\/vc_row][vc_row][vc_column][\/vc_column][\/vc_row]<\/p>\n","protected":false},"excerpt":{"rendered":"<p>[vc_row css=&#8221;.vc_custom_1622016079265{padding-top: 60px !important;padding-bottom: 60px !important;}&#8221;][vc_column enable_pin=&#8221;enable_pin&#8221; width=&#8221;5\/12&#8243; offset=&#8221;vc_col-md-4&#8243; responsive_css=&#8221;padding_right_medium:7%25&#8243;][vc_row_inner][vc_column_inner responsive_css=&#8221;margin_bottom_medium:45px&#8221; css=&#8221;.vc_custom_1608194013763{margin-bottom: 30px !important;}&#8221;][\/vc_column_inner][vc_column_inner css=&#8221;.vc_custom_1608195737477{margin-bottom: 30px !important;padding-top: 35px !important;padding-right: 20px !important;padding-bottom: 35px !important;padding-left: 20px !important;background-color: #f7f8fa !important;border-radius: 5px !important;}&#8221; responsive_css=&#8221;margin_bottom_medium:45px|padding_right_medium:35px|padding_left_medium:35px&#8221;][\/vc_column_inner][vc_column_inner css=&#8221;.vc_custom_1608195709893{border-top-width: 1px !important;border-right-width: 1px !important;border-bottom-width: 1px !important;border-left-width: 1px !important;padding-top: 20px !important;padding-right: 20px !important;padding-bottom: 20px !important;padding-left: 20px !important;border-left-color: rgba(112,112,112,0.15) !important;border-left-style: solid !important;border-right-color: rgba(112,112,112,0.15) !important;border-right-style: solid !important;border-top-color: [&hellip;]<\/p>\n","protected":false},"author":1,"featured_media":0,"parent":6941,"menu_order":0,"comment_status":"closed","ping_status":"closed","template":"","meta":{"footnotes":""},"class_list":["post-6960","page","type-page","status-publish","hentry"],"_links":{"self":[{"href":"https:\/\/profdrercangurses.com\/az\/wp-json\/wp\/v2\/pages\/6960","targetHints":{"allow":["GET"]}}],"collection":[{"href":"https:\/\/profdrercangurses.com\/az\/wp-json\/wp\/v2\/pages"}],"about":[{"href":"https:\/\/profdrercangurses.com\/az\/wp-json\/wp\/v2\/types\/page"}],"author":[{"embeddable":true,"href":"https:\/\/profdrercangurses.com\/az\/wp-json\/wp\/v2\/users\/1"}],"replies":[{"embeddable":true,"href":"https:\/\/profdrercangurses.com\/az\/wp-json\/wp\/v2\/comments?post=6960"}],"version-history":[{"count":2,"href":"https:\/\/profdrercangurses.com\/az\/wp-json\/wp\/v2\/pages\/6960\/revisions"}],"predecessor-version":[{"id":7143,"href":"https:\/\/profdrercangurses.com\/az\/wp-json\/wp\/v2\/pages\/6960\/revisions\/7143"}],"up":[{"embeddable":true,"href":"https:\/\/profdrercangurses.com\/az\/wp-json\/wp\/v2\/pages\/6941"}],"wp:attachment":[{"href":"https:\/\/profdrercangurses.com\/az\/wp-json\/wp\/v2\/media?parent=6960"}],"curies":[{"name":"wp","href":"https:\/\/api.w.org\/{rel}","templated":true}]}}