{"id":4596,"date":"2021-12-20T13:51:16","date_gmt":"2021-12-20T10:51:16","guid":{"rendered":"https:\/\/profdrercangurses.com\/eklem-agrilari\/"},"modified":"2022-03-17T13:04:17","modified_gmt":"2022-03-17T10:04:17","slug":"gelenkschmerzen","status":"publish","type":"page","link":"https:\/\/profdrercangurses.com\/de\/schmerzen\/gelenkschmerzen\/","title":{"rendered":"Gelenkschmerzen"},"content":{"rendered":"<p>[vc_row css=&#8221;.vc_custom_1622016079265{padding-top: 60px !important;padding-bottom: 60px !important;}&#8221;][vc_column enable_pin=&#8221;enable_pin&#8221; width=&#8221;5\/12&#8243; offset=&#8221;vc_col-md-4&#8243; responsive_css=&#8221;padding_right_medium:7%25&#8243;][vc_row_inner][vc_column_inner responsive_css=&#8221;margin_bottom_medium:45px&#8221; css=&#8221;.vc_custom_1608194013763{margin-bottom: 30px !important;}&#8221;]<style>.ld_custom_menu_69e1e52a21d11 > ul > li > a{font-size:15px;font-weight:700;letter-spacing:0.01em;color:rgb(51, 51, 51);background:rgb(247, 248, 250);}.ld_custom_menu_69e1e52a21d11 > ul > li:not(:last-child){margin-bottom:3px;}.lqd-stickybar > .lqd-head-col > .header-module > .ld_custom_menu_69e1e52a21d11 li{margin-inline-start:3px;}.ld_custom_menu_69e1e52a21d11 > ul > li > a:hover, .ld_custom_menu_69e1e52a21d11 li.is-active > a{background:rgb(233, 233, 233);}<\/style><div\n\tclass=\"lqd-fancy-menu lqd-custom-menu menu-items-has-fill lqd-menu-td-none ld_custom_menu_69e1e52a21d11\"\n\t>\n\n<ul id=\"ld_custom_menu_69e1e52a21d11\" class=\"reset-ul   \" ><li id=\"menu-item-5390\" class=\"menu-item menu-item-type-post_type menu-item-object-page menu-item-5390\"><a href=\"https:\/\/profdrercangurses.com\/de\/schmerzen\/rueckenschmerzen\/\">R\u00fcckenschmerzen<\/a><\/li>\n<li id=\"menu-item-5388\" class=\"menu-item menu-item-type-post_type menu-item-object-page menu-item-5388\"><a href=\"https:\/\/profdrercangurses.com\/de\/schmerzen\/phantomschmerz\/\">Phantomschmerz<\/a><\/li>\n<li id=\"menu-item-5389\" class=\"menu-item menu-item-type-post_type menu-item-object-page menu-item-5389\"><a href=\"https:\/\/profdrercangurses.com\/de\/schmerzen\/gelenkschmerzen\/\">Gelenkschmerzen<\/a><\/li>\n<li id=\"menu-item-5392\" class=\"menu-item menu-item-type-post_type menu-item-object-page menu-item-5392\"><a href=\"https:\/\/profdrercangurses.com\/de\/schmerzen\/rueckenschmerzen\/diskushernie-bandscheibenvorfall\/\">Diskushernie (Bandscheibenvorfall)<\/a><\/li>\n<li id=\"menu-item-5391\" class=\"menu-item menu-item-type-post_type menu-item-object-page menu-item-5391\"><a href=\"https:\/\/profdrercangurses.com\/de\/schmerzen\/rueckenschmerzen\/spinalstenose\/\">Spinalstenose<\/a><\/li>\n<\/ul><\/div>[\/vc_column_inner][vc_column_inner css=&#8221;.vc_custom_1608195737477{margin-bottom: 30px !important;padding-top: 35px !important;padding-right: 20px !important;padding-bottom: 35px !important;padding-left: 20px !important;background-color: #f7f8fa !important;border-radius: 5px !important;}&#8221; responsive_css=&#8221;margin_bottom_medium:45px|padding_right_medium:35px|padding_left_medium:35px&#8221;]<style>.ld_fancy_heading_69e1e52a29b7c h3 {font-size:19px; } .ld_fancy_heading_69e1e52a29b7c h3 {margin-bottom:1.25em !important;  } .ld_fancy_heading_69e1e52a29b7c .lqd-highlight-inner{height:0.275em!important;bottom:0px!important;}.ld_fancy_heading_69e1e52a29b7c h3 {font-size:19px; } .ld_fancy_heading_69e1e52a29b7c h3 {margin-bottom:1.25em !important;  } <\/style><div class=\"ld-fancy-heading ld_fancy_heading_69e1e52a29b7c\">\n\t<h3 class=\"ld-fh-element lqd-highlight-underline lqd-highlight-grow-left text-decoration-default\"   >  Kontaktiere uns<\/h3><\/div><style>.ld_cf7_69e1e52a29e48 input,.ld_cf7_69e1e52a29e48 textarea,.ld_cf7_69e1e52a29e48 .ui-button.ui-selectmenu-button{font-size:15px;}.ld_cf7_69e1e52a29e48 input[type=\"submit\"]{font-size:15px;background:rgb(24, 67, 65);border-color:rgb(24, 67, 65);}.ld_cf7_69e1e52a29e48 input, .ld_cf7_69e1e52a29e48 select, .ld_cf7_69e1e52a29e48 textarea, .ld_cf7_69e1e52a29e48 .ui-button.ui-selectmenu-button{background:rgb(255, 255, 255);}.ld_cf7_69e1e52a29e48 input, .ld_cf7_69e1e52a29e48 select, .ld_cf7_69e1e52a29e48 textarea, .ld_cf7_69e1e52a29e48 .ui-button.ui-selectmenu-button, .ld_cf7_69e1e52a29e48 .wpcf7-form-control-wrap > i, .ld_cf7_69e1e52a29e48 .wpcf7-radio{color:rgb(127, 130, 132);}.ld_cf7_69e1e52a29e48 input:focus, .ld_cf7_69e1e52a29e48 select:focus, .ld_cf7_69e1e52a29e48 textarea:focus, .ld_cf7_69e1e52a29e48 .ui-button.ui-selectmenu-button:hover, .wpcf7-acceptance .wpcf7-list-item-label:after{color:rgb(0, 0, 0);}.ld_cf7_69e1e52a29e48 .wpcf7-form-control-wrap{margin-bottom:10px;}<\/style><div id=\"ld_cf7_69e1e52a29e48\" class=\"lqd-contact-form lqd-contact-form-inputs-filled lqd-contact-form-inputs-round lqd-contact-form-button-block lqd-contact-form-button-round ld_cf7_69e1e52a29e48 vc_custom_1647511410572\">\n\t\n<div class=\"wpcf7 no-js\" id=\"wpcf7-f5393-o1\" lang=\"en-US\" dir=\"ltr\" data-wpcf7-id=\"5393\">\n<div class=\"screen-reader-response\"><p role=\"status\" aria-live=\"polite\" aria-atomic=\"true\"><\/p> <ul><\/ul><\/div>\n<form action=\"\/de\/wp-json\/wp\/v2\/pages\/4596#wpcf7-f5393-o1\" method=\"post\" class=\"wpcf7-form init\" aria-label=\"Contact form\" novalidate=\"novalidate\" data-status=\"init\">\n<fieldset class=\"hidden-fields-container\"><input type=\"hidden\" name=\"_wpcf7\" value=\"5393\" \/><input type=\"hidden\" name=\"_wpcf7_version\" value=\"6.1.5\" \/><input type=\"hidden\" name=\"_wpcf7_locale\" value=\"en_US\" \/><input type=\"hidden\" name=\"_wpcf7_unit_tag\" value=\"wpcf7-f5393-o1\" \/><input type=\"hidden\" name=\"_wpcf7_container_post\" value=\"0\" \/><input type=\"hidden\" name=\"_wpcf7_posted_data_hash\" value=\"\" \/><input type=\"hidden\" name=\"_wpcf7_recaptcha_response\" value=\"\" \/>\n<\/fieldset>\n<p><span class=\"wpcf7-form-control-wrap\" data-name=\"text-775\"><input size=\"40\" maxlength=\"400\" class=\"wpcf7-form-control wpcf7-text wpcf7-validates-as-required\" aria-required=\"true\" aria-invalid=\"false\" placeholder=\"Dein Name\" value=\"\" type=\"text\" name=\"text-775\" \/><\/span><span class=\"wpcf7-form-control-wrap\" data-name=\"email-550\"><input size=\"40\" maxlength=\"400\" class=\"wpcf7-form-control wpcf7-email wpcf7-validates-as-required wpcf7-text wpcf7-validates-as-email\" aria-required=\"true\" aria-invalid=\"false\" placeholder=\"E-Mail-Addresse\" value=\"\" type=\"email\" name=\"email-550\" \/><\/span><span class=\"wpcf7-form-control-wrap\" data-name=\"textarea-138\"><textarea cols=\"10\" rows=\"4\" maxlength=\"2000\" class=\"wpcf7-form-control wpcf7-textarea wpcf7-validates-as-required\" aria-required=\"true\" aria-invalid=\"false\" placeholder=\"Ihre Nachricht\" name=\"textarea-138\"><\/textarea><\/span><input class=\"wpcf7-form-control wpcf7-submit has-spinner\" type=\"submit\" value=\"Schicken\" \/>\n<\/p><p style=\"display: none !important;\" class=\"akismet-fields-container\" data-prefix=\"_wpcf7_ak_\"><label>&#916;<textarea name=\"_wpcf7_ak_hp_textarea\" cols=\"45\" rows=\"8\" maxlength=\"100\"><\/textarea><\/label><input type=\"hidden\" id=\"ak_js_1\" name=\"_wpcf7_ak_js\" value=\"170\"\/><script>document.getElementById( \"ak_js_1\" ).setAttribute( \"value\", ( new Date() ).getTime() );<\/script><\/p><div class=\"wpcf7-response-output\" aria-hidden=\"true\"><\/div>\n<\/form>\n<\/div>\n<\/div>[\/vc_column_inner][vc_column_inner css=&#8221;.vc_custom_1608195709893{border-top-width: 1px !important;border-right-width: 1px !important;border-bottom-width: 1px !important;border-left-width: 1px !important;padding-top: 20px !important;padding-right: 20px !important;padding-bottom: 20px !important;padding-left: 20px !important;border-left-color: rgba(112,112,112,0.15) !important;border-left-style: solid !important;border-right-color: rgba(112,112,112,0.15) !important;border-right-style: solid !important;border-top-color: rgba(112,112,112,0.15) !important;border-top-style: solid !important;border-bottom-color: rgba(112,112,112,0.15) !important;border-bottom-style: solid !important;border-radius: 3px !important;}&#8221; responsive_css=&#8221;padding_right_large:35px|padding_left_large:50px|padding_right_medium:15px|padding_left_medium:15px|padding_right_small:10px|padding_left_small:10px&#8221;]<style>.ld_icon_box_69e1e52a2bdc1 .iconbox-icon-container{color:rgb(38, 176, 95);font-size:20px;width:65px !important;height:65px !important;background:rgba(38, 176, 95, 0.1);border-radius:px;}.ld_icon_box_69e1e52a2bdc1 .iconbox-icon-container:before{border-color:rgba(38, 176, 95, 0.1);}.ld_icon_box_69e1e52a2bdc1 .lqd-iconbox-title{color:rgb(160, 160, 160);margin-bottom:1px;font-size:15px;}<\/style>\n<div class=\"iconbox iconbox-side text-align-default align-items-center iconbox-circle ld_icon_box_69e1e52a2bdc1 vc_custom_1647511456232\" id=\"ld_icon_box_69e1e52a2bdc1\"  data-animate-icon=\"true\" data-plugin-options='{\"color\":\"rgb(38, 176, 95)\"}'  >\n\t\n\t\t\t\t\t\n\t\n\t<div class=\"iconbox-icon-wrap\"><span class=\"iconbox-icon-container\"><i class=\"lqd-icn-ess icon-lqd-mobile\"><\/i><\/span><\/div>\t\n\t\t\n\t<div class=\"contents\">\t\n\t\t\n\t<h3 class=\"lqd-iconbox-title font-weight-medium\">Kontakt Nummer<\/h3>\t<p><a href=\"tel:+905551958888\">0555 195 88 88<\/a><\/p>\n\t\t\n\t<\/div>\t\n\t\n<\/div>\n[\/vc_column_inner][\/vc_row_inner][\/vc_column][vc_column width=&#8221;2\/3&#8243; column_top_ontablet=&#8221;yes&#8221; column_top_onmobile=&#8221;yes&#8221; offset=&#8221;vc_col-md-offset-0 vc_col-md-8&#8243; responsive_css=&#8221;margin_bottom_medium:0px&#8221; css=&#8221;.vc_custom_1610729062932{margin-bottom: 35px !important;}&#8221;]<style>.ld_content_box_69e1e52a2c9c7 .lqd-fb-content-title{font-weight:700 !important;}.ld_content_box_69e1e52a2c9c7 .lqd-fb-bg{background:-webkit-linear-gradient(180deg, rgba(255, 255, 255, 0) 0%, rgba(24, 27, 49, 0.6) 100%);background:linear-gradient(180deg, rgba(255, 255, 255, 0) 0%, rgba(24, 27, 49, 0.6) 100%);}<\/style><div id=\"ld_content_box_69e1e52a2c9c7\" class=\"lqd-fb lqd-fb-style-1 lqd-fb-style-1-3 round pos-rel overflow-hidden lqd-fb-zoom-img-onhover h-pt-60 ld_content_box_69e1e52a2c9c7\" data-inview=\"true\">\n\t<div class=\"lqd-fb-inner lqd-overlay\">\n\n\t\t<div class=\"lqd-fb-img lqd-overlay overflow-hidden\">\n\n\t\t<figure data-responsive-bg=\"true\"><img decoding=\"async\" width=\"1080\" height=\"900\" data-src=\"https:\/\/profdrercangurses.com\/wp-content\/uploads\/2021\/12\/eklemagrilari.jpg\" class=\"w-100 invisible lazyload\" alt=\"\" data-srcset=\"https:\/\/profdrercangurses.com\/wp-content\/uploads\/2021\/12\/eklemagrilari.jpg 1080w, https:\/\/profdrercangurses.com\/wp-content\/uploads\/2021\/12\/eklemagrilari-300x250.jpg 300w, https:\/\/profdrercangurses.com\/wp-content\/uploads\/2021\/12\/eklemagrilari-1024x853.jpg 1024w\" data-sizes=\"(max-width: 1080px) 100vw, 1080px\" itemprop=\"image\" title=\"\" src=\"data:image\/svg+xml;base64,PHN2ZyB3aWR0aD0iMSIgaGVpZ2h0PSIxIiB4bWxucz0iaHR0cDovL3d3dy53My5vcmcvMjAwMC9zdmciPjwvc3ZnPg==\" style=\"--smush-placeholder-width: 1080px; --smush-placeholder-aspect-ratio: 1080\/900;\"><\/figure>\t\t\n\t\t<\/div>\n\n\t\t<div class=\"lqd-fb-content lqd-overlay align-items-end\">\n\t\t\t<div class=\"lqd-fb-bg lqd-overlay\"><\/div>\n\t\t\t<div class=\"lqd-fb-hover-overlay lqd-overlay\"><\/div>\n\t\t\t<div class=\"lqd-fb-content-inner d-flex flex-column justify-content-end pos-rel h-100 w-100 w-md-75 p-4 p-md-8\">\n\t\t\t\t\n\t\t\t\t\t\t\t\t\n\t\t\t\t<div\n\t\t\t\tclass=\"lqd-fb-content-bottom mt-auto\"\n\t\t\t\tdata-custom-animations=\"true\"\n\t\t\t\tdata-ca-options='{ \"triggerHandler\": \"inview\", \"animationTarget\": \"all-childs\", \"duration\": 1200, \"delay\": 120,  \"startDelay\": 300, \"initValues\": { \"y\": 30, \"opacity\": 0 }, \"animations\": { \"y\": 0, \"opacity\": 1 } }'>\n\t\t\t\t\t\n\t\t\t\t\t\t\t\t\t\t<h2\t\t\t\t\tclass=\"lqd-fb-content-title my-0 mb-3\"\n\t\t\t\t\tdata-split-text=\"true\" data-split-options='{ \"type\": \"lines\" }'>Gelenkschmerzen\t\t\t\t\t<\/h2>\n\t\t\t\t\t\t\t\t\t\t\n\t\t\t\t\t\n\t\t\t\t\t\t\t\t\t\t<p\n\t\t\t\t\tclass=\"my-0 mb-5\"\n\t\t\t\t\tdata-split-text=\"true\" data-split-options='{ \"type\": \"lines\" }'>Zwischen den Knochen unseres K\u00f6rpers verbindende Stellen nennt man Gelenke. Die Gelenke bestehen aus Knorpel, Muskel, B\u00e4nder und Sehnen.<\/p>\n\t\t\t\t\t\n\t\t\t\t\t\n\t\t\t\t<\/div>\n\t\t\t\t\n\t\t\t<\/div>\n\t\t<\/div>\n\n\t<\/div>\n<\/div>\n[vc_column_text]<\/p>\n<h2>Was sind Gelenkschmerzen?<\/h2>\n<p>Schmerzen und Brennen an den um die Gelenke umgebenden Knorpel, B\u00e4nder, Muskel, Sehnen definiert man Gelenkschmerzen (Arthralgie). Zusammen mit dem zunehmendem Alter treten Gelenkschmerzen h\u00e4ufiger auf, jedoch aus verschiedenen Gr\u00fcnden auch bei j\u00fcngeren Menschen.<\/p>\n<h2>Warum kommt es zu Gelenkschmerzen?<\/h2>\n<p>Im allgemeinem entstehen Gelenkschmerzen in Abh\u00e4ngigkeit des zunehmenden Alters, auf Grund von Verlust der Gelenkfl\u00fcssigkeit oder Knorpelschw\u00e4chung in Erscheinung tritt. Au\u00dferdem sind verschiedene Knochenerkrankungen wie Gelenkentz\u00fcndung, Krebs, \u00dcbergewicht (Adipositas), Verletzungen, Traumas, Hypothyreose, Fibromyalgie, Lyme-Borreliose, Lupus Erythematodes, die an den Gelenken Besch\u00e4digungen verursachen und aus dem Grunde zu Schmerzen f\u00fchren.<br \/>\nSchmerzen im Schulterbereich sind am meisten anzutreffende Gelenkschmerzen.<br \/>\nNeben dem Schulterbereich sind auch H\u00fcft- und Knieschmerzen und andere Gelenke betreffend auftretende starke Schmerzen als Gelenkschmerzen zu behandeln.<\/p>\n<h2>Was sind die Symptome f\u00fcr Gelenkschmerzen?<\/h2>\n<p>Typische Symptome f\u00fcr Gelenkschmerzen sind wie folgt:<\/p>\n<ul>\n<li>Entstehung von \u00d6demen und Schwellungen,<\/li>\n<li>Entstehungen von R\u00f6tungen auf der Hautoberfl\u00e4che von Gelenken,<\/li>\n<li>Bewegungseinschr\u00e4nkungen wegen Gelenkschmerzen,<\/li>\n<li>Gangst\u00f6rung als Folge von Schmerzen.<\/li>\n<\/ul>\n<h2>Ursachen von Schulter- und Armschmerzen<\/h2>\n<ul>\n<li><strong>Frozen Shoulder (adh\u00e4sive Kapsulitis):<\/strong> Allgemein ist die Ursache einem Trauma zuzuordnen. Die Patienten sind beschr\u00e4nkt, ihre Arme nach oben zu heben oder mit ihren H\u00e4nden an ihren R\u00fccken zu gelangen. Sobald sie ihre Schulter bewegen, sp\u00fcren sie starke Schmerzen.<\/li>\n<li><strong>Golfarm:<\/strong> An der Innenseite des Ellenbogens treten Schmerzen und Empfindlichkeit auf. Der Golfarmentwickelt sich generell bei der \u00dcberbelastung vom Handgelenk und Armmuskeln.<\/li>\n<li><strong>Tennisarm:<\/strong> Schmerzhafter Reizzustand oberhalb des Ellenbogengelenkes an der \u00e4u\u00dferen Seite des Oberarmknochens ist beim Tennisarm als Symptome zu erkennen. \u00d6deme an den Sehnen des Unterarmmuskels und Risse f\u00fchren zu Schmerzen.<\/li>\n<\/ul>\n<h2>Diagnostik von Gelenkschmerzen<\/h2>\n<p>Die erste Phase einer Diagnostik ist die Erhebung der Anamnese des Patienten und detaillierte physische Untersuchung. Daneben kann man MRT, R\u00f6ntgen, CT (Computertomographie), und EMG anfordern.<\/p>\n<h2>Behandlung der Gelenkschmerzen<\/h2>\n<p>In Abh\u00e4ngigkeit der Diagnose bestehen verschiedene Behandlungsmethoden.<\/p>\n<ul>\n<li>Geeignete \u00dcbungen<\/li>\n<li>Physiotherapie<\/li>\n<li>Kollagenaufbau<\/li>\n<li>Injektionen von Steroiden in die Gelenke<\/li>\n<li>Injektionen von Hyalurons\u00e4ure in die Gelenke<\/li>\n<li>Ozontherapie<\/li>\n<li>PRP (Pl\u00e4ttchen-Reiches Plasma)<\/li>\n<li>Injektionen von Wurzelzellen, die aus dem Fettgewebe entnommen wurden<\/li>\n<li>Radiofrequenz-Behandlung an den Gelenken<\/li>\n<\/ul>\n<p>[\/vc_column_text][vc_separator color=&#8221;custom&#8221; accent_color=&#8221;rgba(0,0,0,0.1)&#8221; css=&#8221;.vc_custom_1608195050020{margin-top: 10px !important;}&#8221;][\/vc_column][\/vc_row][vc_row][vc_column][\/vc_column][\/vc_row]<\/p>\n","protected":false},"excerpt":{"rendered":"<p>[vc_row css=&#8221;.vc_custom_1622016079265{padding-top: 60px !important;padding-bottom: 60px !important;}&#8221;][vc_column enable_pin=&#8221;enable_pin&#8221; width=&#8221;5\/12&#8243; offset=&#8221;vc_col-md-4&#8243; responsive_css=&#8221;padding_right_medium:7%25&#8243;][vc_row_inner][vc_column_inner responsive_css=&#8221;margin_bottom_medium:45px&#8221; css=&#8221;.vc_custom_1608194013763{margin-bottom: 30px !important;}&#8221;][\/vc_column_inner][vc_column_inner css=&#8221;.vc_custom_1608195737477{margin-bottom: 30px !important;padding-top: 35px !important;padding-right: 20px !important;padding-bottom: 35px !important;padding-left: 20px !important;background-color: #f7f8fa !important;border-radius: 5px !important;}&#8221; responsive_css=&#8221;margin_bottom_medium:45px|padding_right_medium:35px|padding_left_medium:35px&#8221;][\/vc_column_inner][vc_column_inner css=&#8221;.vc_custom_1608195709893{border-top-width: 1px !important;border-right-width: 1px !important;border-bottom-width: 1px !important;border-left-width: 1px !important;padding-top: 20px !important;padding-right: 20px !important;padding-bottom: 20px !important;padding-left: 20px !important;border-left-color: rgba(112,112,112,0.15) !important;border-left-style: solid !important;border-right-color: rgba(112,112,112,0.15) !important;border-right-style: solid !important;border-top-color: [&hellip;]<\/p>\n","protected":false},"author":1,"featured_media":0,"parent":7059,"menu_order":0,"comment_status":"closed","ping_status":"closed","template":"","meta":{"footnotes":""},"class_list":["post-4596","page","type-page","status-publish","hentry"],"_links":{"self":[{"href":"https:\/\/profdrercangurses.com\/de\/wp-json\/wp\/v2\/pages\/4596","targetHints":{"allow":["GET"]}}],"collection":[{"href":"https:\/\/profdrercangurses.com\/de\/wp-json\/wp\/v2\/pages"}],"about":[{"href":"https:\/\/profdrercangurses.com\/de\/wp-json\/wp\/v2\/types\/page"}],"author":[{"embeddable":true,"href":"https:\/\/profdrercangurses.com\/de\/wp-json\/wp\/v2\/users\/1"}],"replies":[{"embeddable":true,"href":"https:\/\/profdrercangurses.com\/de\/wp-json\/wp\/v2\/comments?post=4596"}],"version-history":[{"count":0,"href":"https:\/\/profdrercangurses.com\/de\/wp-json\/wp\/v2\/pages\/4596\/revisions"}],"up":[{"embeddable":true,"href":"https:\/\/profdrercangurses.com\/de\/wp-json\/wp\/v2\/pages\/7059"}],"wp:attachment":[{"href":"https:\/\/profdrercangurses.com\/de\/wp-json\/wp\/v2\/media?parent=4596"}],"curies":[{"name":"wp","href":"https:\/\/api.w.org\/{rel}","templated":true}]}}