{"id":4600,"date":"2021-12-21T13:10:27","date_gmt":"2021-12-21T10:10:27","guid":{"rendered":"https:\/\/profdrercangurses.com\/l-disq-plazma-lazer-tedavisi-lazerle-bel-fitigi-tedavisi\/"},"modified":"2022-03-17T13:11:30","modified_gmt":"2022-03-17T10:11:30","slug":"ldisq-intradiskale-injektion-laser-bandscheibenbehandlung","status":"publish","type":"page","link":"https:\/\/profdrercangurses.com\/de\/ldisq-intradiskale-injektion-laser-bandscheibenbehandlung\/","title":{"rendered":"L\u2019DISQ &#8211; intradiskale Injektion; Laser-Bandscheibenbehandlung"},"content":{"rendered":"<p>[vc_row css=&#8221;.vc_custom_1622016079265{padding-top: 60px !important;padding-bottom: 60px !important;}&#8221;][vc_column enable_pin=&#8221;enable_pin&#8221; width=&#8221;5\/12&#8243; offset=&#8221;vc_col-md-4&#8243; responsive_css=&#8221;padding_right_medium:7%25&#8243;][vc_row_inner][vc_column_inner responsive_css=&#8221;margin_bottom_medium:45px&#8221; css=&#8221;.vc_custom_1608194013763{margin-bottom: 30px !important;}&#8221;]<style>.ld_custom_menu_6a06180e2b5af > ul > li > a{font-size:15px;font-weight:700;letter-spacing:0.01em;color:rgb(51, 51, 51);background:rgb(247, 248, 250);}.ld_custom_menu_6a06180e2b5af > ul > li:not(:last-child){margin-bottom:3px;}.lqd-stickybar > .lqd-head-col > .header-module > .ld_custom_menu_6a06180e2b5af li{margin-inline-start:3px;}.ld_custom_menu_6a06180e2b5af > ul > li > a:hover, .ld_custom_menu_6a06180e2b5af li.is-active > a{background:rgb(233, 233, 233);}<\/style><div\n\tclass=\"lqd-fancy-menu lqd-custom-menu menu-items-has-fill lqd-menu-td-none ld_custom_menu_6a06180e2b5af\"\n\t>\n\n<ul id=\"ld_custom_menu_6a06180e2b5af\" class=\"reset-ul   \" ><li id=\"menu-item-5406\" class=\"menu-item menu-item-type-post_type menu-item-object-page menu-item-5406\"><a href=\"https:\/\/profdrercangurses.com\/de\/schmerzen\/neuropathische-schmerzen-und-neuralgien\/\">Neuropathische Schmerzen und Neuralgien<\/a><\/li>\n<li id=\"menu-item-5402\" class=\"menu-item menu-item-type-post_type menu-item-object-page menu-item-5402\"><a href=\"https:\/\/profdrercangurses.com\/de\/epiduroskopie\/\">Epiduroskopie<\/a><\/li>\n<li id=\"menu-item-5403\" class=\"menu-item menu-item-type-post_type menu-item-object-page menu-item-5403\"><a href=\"https:\/\/profdrercangurses.com\/de\/schmerzen\/harn-und-stuhlinkontinenz\/\">Harn und Stuhlinkontinenz<\/a><\/li>\n<li id=\"menu-item-5404\" class=\"menu-item menu-item-type-post_type menu-item-object-page menu-item-5404\"><a href=\"https:\/\/profdrercangurses.com\/de\/intrathekale-baclofen-pumpe\/\">Intrathekale Baclofen-Pumpe<\/a><\/li>\n<li id=\"menu-item-5405\" class=\"menu-item menu-item-type-post_type menu-item-object-page menu-item-5405\"><a href=\"https:\/\/profdrercangurses.com\/de\/ldisq-intradiskale-injektion-laser-bandscheibenbehandlung\/\">L\u2019DISQ \u2013 intradiskale Injektion; Laser-Bandscheibenbehandlung<\/a><\/li>\n<li id=\"menu-item-5407\" class=\"menu-item menu-item-type-post_type menu-item-object-page menu-item-5407\"><a href=\"https:\/\/profdrercangurses.com\/de\/radiofrequenz-behandlung\/\">Radiofrequenz-Behandlung<\/a><\/li>\n<li id=\"menu-item-5408\" class=\"menu-item menu-item-type-post_type menu-item-object-page menu-item-5408\"><a href=\"https:\/\/profdrercangurses.com\/de\/stammzellentherapie\/\">Stammzellentherapie<\/a><\/li>\n<li id=\"menu-item-5409\" class=\"menu-item menu-item-type-post_type menu-item-object-page menu-item-5409\"><a href=\"https:\/\/profdrercangurses.com\/de\/vertebroplastie\/\">Vertebroplastie<\/a><\/li>\n<li id=\"menu-item-5401\" class=\"menu-item menu-item-type-post_type menu-item-object-page menu-item-5401\"><a href=\"https:\/\/profdrercangurses.com\/de\/epidurale-rueckenmarkstimulation-scs\/\">Epidurale R\u00fcckenmarkstimulation (SCS)<\/a><\/li>\n<\/ul><\/div>[\/vc_column_inner][vc_column_inner css=&#8221;.vc_custom_1608195737477{margin-bottom: 30px !important;padding-top: 35px !important;padding-right: 20px !important;padding-bottom: 35px !important;padding-left: 20px !important;background-color: #f7f8fa !important;border-radius: 5px !important;}&#8221; responsive_css=&#8221;margin_bottom_medium:45px|padding_right_medium:35px|padding_left_medium:35px&#8221;]<style>.ld_fancy_heading_6a06180e31b5d h3 {font-size:19px; } .ld_fancy_heading_6a06180e31b5d h3 {margin-bottom:1.25em !important;  } .ld_fancy_heading_6a06180e31b5d .lqd-highlight-inner{height:0.275em!important;bottom:0px!important;}.ld_fancy_heading_6a06180e31b5d h3 {font-size:19px; } .ld_fancy_heading_6a06180e31b5d h3 {margin-bottom:1.25em !important;  } <\/style><div class=\"ld-fancy-heading ld_fancy_heading_6a06180e31b5d\">\n\t<h3 class=\"ld-fh-element lqd-highlight-underline lqd-highlight-grow-left text-decoration-default\"   >  Kontaktiere uns<\/h3><\/div><style>.ld_cf7_6a06180e31d92 input,.ld_cf7_6a06180e31d92 textarea,.ld_cf7_6a06180e31d92 .ui-button.ui-selectmenu-button{font-size:15px;}.ld_cf7_6a06180e31d92 input[type=\"submit\"]{font-size:15px;background:rgb(24, 67, 65);border-color:rgb(24, 67, 65);}.ld_cf7_6a06180e31d92 input, .ld_cf7_6a06180e31d92 select, .ld_cf7_6a06180e31d92 textarea, .ld_cf7_6a06180e31d92 .ui-button.ui-selectmenu-button{background:rgb(255, 255, 255);}.ld_cf7_6a06180e31d92 input, .ld_cf7_6a06180e31d92 select, .ld_cf7_6a06180e31d92 textarea, .ld_cf7_6a06180e31d92 .ui-button.ui-selectmenu-button, .ld_cf7_6a06180e31d92 .wpcf7-form-control-wrap > i, .ld_cf7_6a06180e31d92 .wpcf7-radio{color:rgb(127, 130, 132);}.ld_cf7_6a06180e31d92 input:focus, .ld_cf7_6a06180e31d92 select:focus, .ld_cf7_6a06180e31d92 textarea:focus, .ld_cf7_6a06180e31d92 .ui-button.ui-selectmenu-button:hover, .wpcf7-acceptance .wpcf7-list-item-label:after{color:rgb(0, 0, 0);}.ld_cf7_6a06180e31d92 .wpcf7-form-control-wrap{margin-bottom:10px;}<\/style><div id=\"ld_cf7_6a06180e31d92\" class=\"lqd-contact-form lqd-contact-form-inputs-filled lqd-contact-form-inputs-round lqd-contact-form-button-block lqd-contact-form-button-round ld_cf7_6a06180e31d92 vc_custom_1647511854592\">\n\t\n<div class=\"wpcf7 no-js\" id=\"wpcf7-f5393-o1\" lang=\"en-US\" dir=\"ltr\" data-wpcf7-id=\"5393\">\n<div class=\"screen-reader-response\"><p role=\"status\" aria-live=\"polite\" aria-atomic=\"true\"><\/p> <ul><\/ul><\/div>\n<form action=\"\/de\/wp-json\/wp\/v2\/pages\/4600#wpcf7-f5393-o1\" method=\"post\" class=\"wpcf7-form init\" aria-label=\"Contact form\" novalidate=\"novalidate\" data-status=\"init\">\n<fieldset class=\"hidden-fields-container\"><input type=\"hidden\" name=\"_wpcf7\" value=\"5393\" \/><input type=\"hidden\" name=\"_wpcf7_version\" value=\"6.1.5\" \/><input type=\"hidden\" name=\"_wpcf7_locale\" value=\"en_US\" \/><input type=\"hidden\" name=\"_wpcf7_unit_tag\" value=\"wpcf7-f5393-o1\" \/><input type=\"hidden\" name=\"_wpcf7_container_post\" value=\"0\" \/><input type=\"hidden\" name=\"_wpcf7_posted_data_hash\" value=\"\" \/><input type=\"hidden\" name=\"_wpcf7_recaptcha_response\" value=\"\" \/>\n<\/fieldset>\n<p><span class=\"wpcf7-form-control-wrap\" data-name=\"text-775\"><input size=\"40\" maxlength=\"400\" class=\"wpcf7-form-control wpcf7-text wpcf7-validates-as-required\" aria-required=\"true\" aria-invalid=\"false\" placeholder=\"Dein Name\" value=\"\" type=\"text\" name=\"text-775\" \/><\/span><span class=\"wpcf7-form-control-wrap\" data-name=\"email-550\"><input size=\"40\" maxlength=\"400\" class=\"wpcf7-form-control wpcf7-email wpcf7-validates-as-required wpcf7-text wpcf7-validates-as-email\" aria-required=\"true\" aria-invalid=\"false\" placeholder=\"E-Mail-Addresse\" value=\"\" type=\"email\" name=\"email-550\" \/><\/span><span class=\"wpcf7-form-control-wrap\" data-name=\"textarea-138\"><textarea cols=\"10\" rows=\"4\" maxlength=\"2000\" class=\"wpcf7-form-control wpcf7-textarea wpcf7-validates-as-required\" aria-required=\"true\" aria-invalid=\"false\" placeholder=\"Ihre Nachricht\" name=\"textarea-138\"><\/textarea><\/span><input class=\"wpcf7-form-control wpcf7-submit has-spinner\" type=\"submit\" value=\"Schicken\" \/>\n<\/p><p style=\"display: none !important;\" class=\"akismet-fields-container\" data-prefix=\"_wpcf7_ak_\"><label>&#916;<textarea name=\"_wpcf7_ak_hp_textarea\" cols=\"45\" rows=\"8\" maxlength=\"100\"><\/textarea><\/label><input type=\"hidden\" id=\"ak_js_1\" name=\"_wpcf7_ak_js\" value=\"149\"\/><script>document.getElementById( \"ak_js_1\" ).setAttribute( \"value\", ( new Date() ).getTime() );<\/script><\/p><div class=\"wpcf7-response-output\" aria-hidden=\"true\"><\/div>\n<\/form>\n<\/div>\n<\/div>[\/vc_column_inner][vc_column_inner css=&#8221;.vc_custom_1608195709893{border-top-width: 1px !important;border-right-width: 1px !important;border-bottom-width: 1px !important;border-left-width: 1px !important;padding-top: 20px !important;padding-right: 20px !important;padding-bottom: 20px !important;padding-left: 20px !important;border-left-color: rgba(112,112,112,0.15) !important;border-left-style: solid !important;border-right-color: rgba(112,112,112,0.15) !important;border-right-style: solid !important;border-top-color: rgba(112,112,112,0.15) !important;border-top-style: solid !important;border-bottom-color: rgba(112,112,112,0.15) !important;border-bottom-style: solid !important;border-radius: 3px !important;}&#8221; responsive_css=&#8221;padding_right_large:35px|padding_left_large:50px|padding_right_medium:15px|padding_left_medium:15px|padding_right_small:10px|padding_left_small:10px&#8221;]<style>.ld_icon_box_6a06180e33968 .iconbox-icon-container{color:rgb(38, 176, 95);font-size:20px;width:65px !important;height:65px !important;background:rgba(38, 176, 95, 0.1);border-radius:px;}.ld_icon_box_6a06180e33968 .iconbox-icon-container:before{border-color:rgba(38, 176, 95, 0.1);}.ld_icon_box_6a06180e33968 .lqd-iconbox-title{color:rgb(160, 160, 160);margin-bottom:1px;font-size:15px;}<\/style>\n<div class=\"iconbox iconbox-side text-align-default align-items-center iconbox-circle ld_icon_box_6a06180e33968 vc_custom_1647511889934\" id=\"ld_icon_box_6a06180e33968\"  data-animate-icon=\"true\" data-plugin-options='{\"color\":\"rgb(38, 176, 95)\"}'  >\n\t\n\t\t\t\t\t\n\t\n\t<div class=\"iconbox-icon-wrap\"><span class=\"iconbox-icon-container\"><i class=\"lqd-icn-ess icon-lqd-mobile\"><\/i><\/span><\/div>\t\n\t\t\n\t<div class=\"contents\">\t\n\t\t\n\t<h3 class=\"lqd-iconbox-title font-weight-medium\">Kontakt Nummer<\/h3>\t<p><a href=\"tel:+905551958888\">0555 195 88 88<\/a><\/p>\n\t\t\n\t<\/div>\t\n\t\n<\/div>\n[\/vc_column_inner][\/vc_row_inner][\/vc_column][vc_column width=&#8221;2\/3&#8243; column_top_ontablet=&#8221;yes&#8221; column_top_onmobile=&#8221;yes&#8221; offset=&#8221;vc_col-md-offset-0 vc_col-md-8&#8243; responsive_css=&#8221;margin_bottom_medium:0px&#8221; css=&#8221;.vc_custom_1610729062932{margin-bottom: 35px !important;}&#8221;]<style>.ld_content_box_6a06180e34252 .lqd-fb-content-title{font-weight:700 !important;}.ld_content_box_6a06180e34252 .lqd-fb-bg{background:-webkit-linear-gradient(180deg, rgba(255, 255, 255, 0) 0%, rgba(24, 27, 49, 0.6) 100%);background:linear-gradient(180deg, rgba(255, 255, 255, 0) 0%, rgba(24, 27, 49, 0.6) 100%);}<\/style><div id=\"ld_content_box_6a06180e34252\" class=\"lqd-fb lqd-fb-style-1 lqd-fb-style-1-3 round pos-rel overflow-hidden lqd-fb-zoom-img-onhover h-pt-60 ld_content_box_6a06180e34252\" data-inview=\"true\">\n\t<div class=\"lqd-fb-inner lqd-overlay\">\n\n\t\t<div class=\"lqd-fb-img lqd-overlay overflow-hidden\">\n\n\t\t<figure data-responsive-bg=\"true\"><img decoding=\"async\" width=\"1080\" height=\"900\" data-src=\"https:\/\/profdrercangurses.com\/wp-content\/uploads\/2021\/12\/ldiskplazma.jpg\" class=\"w-100 invisible lazyload\" alt=\"\" data-srcset=\"https:\/\/profdrercangurses.com\/wp-content\/uploads\/2021\/12\/ldiskplazma.jpg 1080w, https:\/\/profdrercangurses.com\/wp-content\/uploads\/2021\/12\/ldiskplazma-300x250.jpg 300w, https:\/\/profdrercangurses.com\/wp-content\/uploads\/2021\/12\/ldiskplazma-1024x853.jpg 1024w\" data-sizes=\"(max-width: 1080px) 100vw, 1080px\" itemprop=\"image\" title=\"\" src=\"data:image\/svg+xml;base64,PHN2ZyB3aWR0aD0iMSIgaGVpZ2h0PSIxIiB4bWxucz0iaHR0cDovL3d3dy53My5vcmcvMjAwMC9zdmciPjwvc3ZnPg==\" style=\"--smush-placeholder-width: 1080px; --smush-placeholder-aspect-ratio: 1080\/900;\"><\/figure>\t\t\n\t\t<\/div>\n\n\t\t<div class=\"lqd-fb-content lqd-overlay align-items-end\">\n\t\t\t<div class=\"lqd-fb-bg lqd-overlay\"><\/div>\n\t\t\t<div class=\"lqd-fb-hover-overlay lqd-overlay\"><\/div>\n\t\t\t<div class=\"lqd-fb-content-inner d-flex flex-column justify-content-end pos-rel h-100 w-100 w-md-75 p-4 p-md-8\">\n\t\t\t\t\n\t\t\t\t\t\t\t\t\n\t\t\t\t<div\n\t\t\t\tclass=\"lqd-fb-content-bottom mt-auto\"\n\t\t\t\tdata-custom-animations=\"true\"\n\t\t\t\tdata-ca-options='{ \"triggerHandler\": \"inview\", \"animationTarget\": \"all-childs\", \"duration\": 1200, \"delay\": 120,  \"startDelay\": 300, \"initValues\": { \"y\": 30, \"opacity\": 0 }, \"animations\": { \"y\": 0, \"opacity\": 1 } }'>\n\t\t\t\t\t\n\t\t\t\t\t\t\t\t\t\t<h2\t\t\t\t\tclass=\"lqd-fb-content-title my-0 mb-3\"\n\t\t\t\t\tdata-split-text=\"true\" data-split-options='{ \"type\": \"lines\" }'>L\u2019DISQ - Intradiskale Injektion; Laser-Bandscheibenbehandlung\t\t\t\t\t<\/h2>\n\t\t\t\t\t\t\t\t\t\t\n\t\t\t\t\t\n\t\t\t\t\t\t\t\t\t\t<p\n\t\t\t\t\tclass=\"my-0 mb-5\"\n\t\t\t\t\tdata-split-text=\"true\" data-split-options='{ \"type\": \"lines\" }'>Die L-Disq \u2013 Plasma-Laser-Behandlung ist eines der neuen angewendeten Methoden in der Bandscheibenbehandlung.<\/p>\n\t\t\t\t\t\n\t\t\t\t\t\n\t\t\t\t<\/div>\n\t\t\t\t\n\t\t\t<\/div>\n\t\t<\/div>\n\n\t<\/div>\n<\/div>\n[vc_separator color=&#8221;custom&#8221; accent_color=&#8221;rgba(0,0,0,0.1)&#8221; css=&#8221;.vc_custom_1608195050020{margin-top: 10px !important;}&#8221;][vc_column_text]Es bedarf keine Operation der ausgew\u00e4hlten Patienten. Es bietet die Behandlungsgelegenheit mit Hilfe der Plasma-Laser-Technologie. Mit Hilfe der aktiv steuerbaren Tastereins\u00e4tze, kann man, dem schmerzverursachenden Bandscheibenraum, das Volumen wirksam reduzieren. Bevor der Vorgang beendet wird, kann man beobachten, da\u00df nach Entlastung des Drucks die Schmerzen des Patienten verschwinden.<\/p>\n<h2>Vorteile der Laserbehandlung<\/h2>\n<ul>\n<li>Schnelle Genesung bei geeigneten Patienten.<\/li>\n<li>Alternative Behandlung zur operativen Behandlung.<\/li>\n<li>Keine Besch\u00e4digungen der Muskeln und Knochen w\u00e4hrend des Vorgangs.<\/li>\n<\/ul>\n<h2>Anwendung des Plasma-Lasers ?<\/h2>\n<p>Die Anwendung erfolgt im OP-Raum, in dem man dem Patienten unter lokaler An\u00e4sthesiezustand versetzt. W\u00e4hrend der Plasma Diskektomie (Perkutane Plasma Koagulation) dringt man mit ca. 1 mm Plasmaelektroden in die Bandscheibe und verringert das Volumen mit W\u00e4rme.<\/p>\n<h2>Genesung nach der Plasma-Laser-Behandlung<\/h2>\n<p>Da die Plasma-Laser-Behandlung unter lokaler An\u00e4sthesie durchgef\u00fchrt wird und demzufolge es sich um minimal invasiven Eingriff handelt, bedarf es keinen station\u00e4ren Aufenthalt im Krankenhaus. Nach ungef\u00e4hr eine Stunde andauernde Operation k\u00f6nnen die Patienten ihren allt\u00e4glichen Lebensablauf wieder aufnehmen. Bei geeigneten Patienten l\u00f6sen sich nach diesem Eingriff die Schmerbeschwerden sehr schnell.<\/p>\n<h2>Wer ist f\u00fcr Plasma-Laser-Behandlung geeignet?<\/h2>\n<ul>\n<li>Die Belastungsrate der Bandscheibe darf nicht vollst\u00e4ndig in den R\u00fcckenmark eingedrungen sein,<\/li>\n<li>Die sch\u00fctzend um die Bandscheibe wickelnde Scheide darf nicht gerissen sein,<\/li>\n<li>\u00dcber 3 Monate andauernde R\u00fcckenschmerzen und Schmerzen chronischen Zustands,<\/li>\n<li>Patienten, die keine Heilung durch Medikamente, Erholung, W\u00e4rme-K\u00e4lte-Behandlung erfahren haben,<\/li>\n<li>Patienten, die nicht an Wirbelgleiten, Wirbelfraktur oder Wirbeltumor erleiden,<\/li>\n<li>Minimum %50 Bandscheibendegeneration.<\/li>\n<\/ul>\n<p>[\/vc_column_text][\/vc_column][\/vc_row][vc_row][vc_column][\/vc_column][\/vc_row]<\/p>\n","protected":false},"excerpt":{"rendered":"<p>[vc_row css=&#8221;.vc_custom_1622016079265{padding-top: 60px !important;padding-bottom: 60px !important;}&#8221;][vc_column enable_pin=&#8221;enable_pin&#8221; width=&#8221;5\/12&#8243; offset=&#8221;vc_col-md-4&#8243; responsive_css=&#8221;padding_right_medium:7%25&#8243;][vc_row_inner][vc_column_inner responsive_css=&#8221;margin_bottom_medium:45px&#8221; css=&#8221;.vc_custom_1608194013763{margin-bottom: 30px !important;}&#8221;][\/vc_column_inner][vc_column_inner css=&#8221;.vc_custom_1608195737477{margin-bottom: 30px !important;padding-top: 35px !important;padding-right: 20px !important;padding-bottom: 35px !important;padding-left: 20px !important;background-color: #f7f8fa !important;border-radius: 5px !important;}&#8221; responsive_css=&#8221;margin_bottom_medium:45px|padding_right_medium:35px|padding_left_medium:35px&#8221;][\/vc_column_inner][vc_column_inner css=&#8221;.vc_custom_1608195709893{border-top-width: 1px !important;border-right-width: 1px !important;border-bottom-width: 1px !important;border-left-width: 1px !important;padding-top: 20px !important;padding-right: 20px !important;padding-bottom: 20px !important;padding-left: 20px !important;border-left-color: rgba(112,112,112,0.15) !important;border-left-style: solid !important;border-right-color: rgba(112,112,112,0.15) !important;border-right-style: solid !important;border-top-color: [&hellip;]<\/p>\n","protected":false},"author":1,"featured_media":0,"parent":0,"menu_order":0,"comment_status":"closed","ping_status":"closed","template":"","meta":{"footnotes":""},"class_list":["post-4600","page","type-page","status-publish","hentry"],"_links":{"self":[{"href":"https:\/\/profdrercangurses.com\/de\/wp-json\/wp\/v2\/pages\/4600","targetHints":{"allow":["GET"]}}],"collection":[{"href":"https:\/\/profdrercangurses.com\/de\/wp-json\/wp\/v2\/pages"}],"about":[{"href":"https:\/\/profdrercangurses.com\/de\/wp-json\/wp\/v2\/types\/page"}],"author":[{"embeddable":true,"href":"https:\/\/profdrercangurses.com\/de\/wp-json\/wp\/v2\/users\/1"}],"replies":[{"embeddable":true,"href":"https:\/\/profdrercangurses.com\/de\/wp-json\/wp\/v2\/comments?post=4600"}],"version-history":[{"count":0,"href":"https:\/\/profdrercangurses.com\/de\/wp-json\/wp\/v2\/pages\/4600\/revisions"}],"wp:attachment":[{"href":"https:\/\/profdrercangurses.com\/de\/wp-json\/wp\/v2\/media?parent=4600"}],"curies":[{"name":"wp","href":"https:\/\/api.w.org\/{rel}","templated":true}]}}