{"id":5291,"date":"2021-05-27T15:33:26","date_gmt":"2021-05-27T12:33:26","guid":{"rendered":"https:\/\/profdrercangurses.com\/uber-mich\/"},"modified":"2022-03-17T01:43:27","modified_gmt":"2022-03-16T22:43:27","slug":"ueber-mich","status":"publish","type":"page","link":"https:\/\/profdrercangurses.com\/de\/ueber-mich\/","title":{"rendered":"\u00dcber Mich"},"content":{"rendered":"<p>[vc_row equal_height=&#8221;yes&#8221; content_placement=&#8221;middle&#8221; bg_position=&#8221;center center&#8221; el_id=&#8221;business-consultation&#8221; responsive_css=&#8221;padding_top_medium:60px|padding_bottom_medium:50px&#8221; css=&#8221;.vc_custom_1622216472021{padding-top: 80px !important;padding-bottom: 30px !important;background-image: url(https:\/\/itbusinesspro.liquid-themes.com\/wp-content\/uploads\/2021\/01\/bg-2@2x.jpg?id=8896) !important;background-position: center !important;background-repeat: no-repeat !important;background-size: contain !important;}&#8221;][vc_column offset=&#8221;vc_col-md-5&#8243; responsive_align=&#8221;text-right text-sm-center text-md-right&#8221; responsive_css=&#8221;margin_bottom_medium:0px&#8221; css=&#8221;.vc_custom_1610196406027{margin-bottom: 80px !important;}&#8221;]<div id=\"ld_images_group_container_69e212fccaaf2\" class=\"lqd-imggrp-container ld_images_group_container_69e212fccaaf2\"   >\n\t<div class=\"lqd-imggrp-inner\">\n\t\t<p><style>.ld_images_group_element_69e212fccaf0d{position:absolute;}.ld_images_group_element_69e212fccaf0d {top:0px !important; left:0px !important;  } .ld_images_group_element_69e212fccaf0d {top:0px !important; left:0px !important;  } <\/style><div id=\"ld_images_group_element_69e212fccaf0d\" class=\"lqd-imggrp-single ld_images_group_element_69e212fccaf0d\" data-shadow-style=\"4\" data-inview=\"true\" data-animate-shadow=\"true\"  >\n\t\n\t<div class=\"lqd-imggrp-img-container\"    data-parallax=\"true\" data-parallax-from='{\"y\":75}' data-parallax-to='{\"y\":-75}' data-parallax-options='{\"overflowHidden\":false,\"ease\":\"linear\",\"start\":\"top bottom\"}'>\n\t\t\n\t\t\t\t\n\t\t\t\t\t\t\t\t\t\t\t\t\n\t<\/div><!-- \/.lqd-imggrp-content -->\n<\/div><!-- \/.lqd-imggrp-single --><style>.ld_images_group_element_69e212fccbec3 {margin-top:40px !important;  } .ld_images_group_element_69e212fccbec3 {margin-top:40px !important;  } <\/style><div id=\"ld_images_group_element_69e212fccbec3\" class=\"lqd-imggrp-single ld_images_group_element_69e212fccbec3\"   >\n\t\n\t<div class=\"lqd-imggrp-img-container\"    data-parallax=\"true\" data-parallax-from='{\"y\":35}' data-parallax-to='{\"y\":-45}' data-parallax-options='{\"overflowHidden\":false,\"ease\":\"linear\",\"start\":\"top bottom\"}'>\n\t\t\n\t\t\t\t\n\t\t\t\t<figure ><img decoding=\"async\" width=\"1000\" height=\"1000\" data-src=\"https:\/\/profdrercangurses.com\/wp-content\/uploads\/2022\/02\/prof-dr-ercan-lutfi-gurses.jpg\" data-srcset=\"https:\/\/profdrercangurses.com\/wp-content\/uploads\/2022\/02\/prof-dr-ercan-lutfi-gurses-300x300.jpg 300w, https:\/\/profdrercangurses.com\/wp-content\/uploads\/2022\/02\/prof-dr-ercan-lutfi-gurses-150x150.jpg 150w, https:\/\/profdrercangurses.com\/wp-content\/uploads\/2022\/02\/prof-dr-ercan-lutfi-gurses.jpg 1000w\" alt=\"\" itemprop=\"image\" title=\"\" src=\"data:image\/svg+xml;base64,PHN2ZyB3aWR0aD0iMSIgaGVpZ2h0PSIxIiB4bWxucz0iaHR0cDovL3d3dy53My5vcmcvMjAwMC9zdmciPjwvc3ZnPg==\" class=\"lazyload\" style=\"--smush-placeholder-width: 1000px; --smush-placeholder-aspect-ratio: 1000\/1000;\"><\/figure>\t\t\t\t\t\t\t\t\n\t<\/div><!-- \/.lqd-imggrp-content -->\n<\/div><!-- \/.lqd-imggrp-single --><style>.ld_images_group_element_69e212fcce2ba{position:absolute;}.ld_images_group_element_69e212fcce2ba {bottom:-20% !important; left:20% !important;  } .ld_images_group_element_69e212fcce2ba {bottom:-20% !important; left:20% !important;  } <\/style><div id=\"ld_images_group_element_69e212fcce2ba\" class=\"lqd-imggrp-single ld_images_group_element_69e212fcce2ba\" data-shadow-style=\"4\" data-inview=\"true\" data-animate-shadow=\"true\"  >\n\t\n\t<div class=\"lqd-imggrp-img-container\"    data-parallax=\"true\" data-parallax-from='{\"y\":43}' data-parallax-to='{\"y\":-54}' data-parallax-options='{\"overflowHidden\":false,\"ease\":\"linear\",\"start\":\"top bottom\"}'>\n\t\t\n\t\t\t\t\n\t\t\t\t\t\t\t\t\t\t\t\t\n\t<\/div><!-- \/.lqd-imggrp-content -->\n<\/div><!-- \/.lqd-imggrp-single --><\/p>\n\t\n\t<\/div><!-- \/.lqd-imggrp-inner -->\n<\/div><!-- \/.lqd-imggrp-container -->[\/vc_column][vc_column enable_content_animation=&#8221;yes&#8221; ca_init_scale_x=&#8221;1&#8243; ca_init_scale_y=&#8221;1&#8243; ca_init_opacity=&#8221;0&#8243; ca_an_scale_x=&#8221;1&#8243; ca_an_scale_y=&#8221;1&#8243; ca_an_opacity=&#8221;1&#8243; ca_init_scale_z=&#8221;1&#8243; ca_an_scale_z=&#8221;1&#8243; offset=&#8221;vc_col-md-offset-1 vc_col-md-5&#8243; responsive_css=&#8221;padding_left_medium:14%25&#8243; ca_duration=&#8221;1800&#8243; ca_delay=&#8221;180&#8243; ca_init_translate_y=&#8221;35&#8243;][vc_text_separator title=&#8221;\u00dcber Mich&#8221; title_align=&#8221;separator_align_left&#8221; color=&#8221;custom&#8221; accent_color=&#8221;rgba(6,14,98,0.13)&#8221;]<style>.ld_fancy_heading_69e212fcce74f .lqd-highlight-inner{height:0.275em!important;bottom:0px!important;}<\/style><div class=\"ld-fancy-heading ld_fancy_heading_69e212fcce74f\">\n\t<h2 class=\"ld-fh-element lqd-highlight-underline lqd-highlight-grow-left text-decoration-default\"   >  Prof. Dr. Ercan L\u00fctfi G\u00dcRSES<\/h2><\/div><style>.ld_fancy_heading_69e212fccf0a1 p{color:rgba(14, 37, 87, 0.65);}.ld_fancy_heading_69e212fccf0a1 p {font-size:19px; } .ld_fancy_heading_69e212fccf0a1 p {line-height:1.5em; } .ld_fancy_heading_69e212fccf0a1 p {--element-line-height:1.5em; } .ld_fancy_heading_69e212fccf0a1 p {margin-bottom:1em !important;  } .ld_fancy_heading_69e212fccf0a1 .lqd-highlight-inner{height:0.275em!important;bottom:0px!important;}.ld_fancy_heading_69e212fccf0a1 p {font-size:19px; } .ld_fancy_heading_69e212fccf0a1 p {line-height:1.5em; } .ld_fancy_heading_69e212fccf0a1 p {--element-line-height:1.5em; } .ld_fancy_heading_69e212fccf0a1 p {margin-bottom:1em !important;  } <\/style><div class=\"ld-fancy-heading ld_fancy_heading_69e212fccf0a1\">\n\t<p class=\"ld-fh-element lqd-highlight-underline lqd-highlight-grow-left text-decoration-default\"   >  Prof. Dr. Ercan G\u00fcrses, geboren in Isparta, wurde 1998, nach Abschluss seines Studiums an der medizinischen Fakult\u00e4t in der Universit\u00e4t Dokuz Eyl\u00fcl der Titel Spezialist f\u00fcr An\u00e4sthesie verliehen.<\/p>\n<p>1998 fing er an der Universit\u00e4tsklinik Pamukkale, Klinik f\u00fcr An\u00e4sthesiologie und Reanimation als Spezialist an. An der gleichen Klinik fing er 1999 an zu lehren, im Jahre 2000 zum Assistenzprofessor, 2007 zum Dozenten ernannt. Seit 2000 hat er bei der Behandlung von Patienten mit akuten und chronischen Schmerzen mitgewirkt. Als ihm in 2013 das Diplom Fachspezialist f\u00fcr Algologie verliehen wurde, gr\u00fcndete er die Fachabteilung Algologie. In 2014 wurde er zum Professor ernannt. Bis 16 Oktober 2019 hat er an der Universit\u00e4tsklinik Pamukkale in der Klinik Algologie als Vorsitzender geleitet. W\u00e4hrend dieser Zeit hat er an mehreren sowohl inl\u00e4ndischen als auch ausl\u00e4ndischen wissenschaftlichen Kongressen als Lehrender teilgenommen.<\/p>\n<p>Prof. Dr. Ercan G\u00dcRSES f\u00e4hrt nach wie vor, in der Schmerzklinik seine berufliche T\u00e4tigkeit fort<\/p><\/div>[\/vc_column][\/vc_row]<\/p>\n","protected":false},"excerpt":{"rendered":"<p>[vc_row equal_height=&#8221;yes&#8221; content_placement=&#8221;middle&#8221; bg_position=&#8221;center center&#8221; el_id=&#8221;business-consultation&#8221; responsive_css=&#8221;padding_top_medium:60px|padding_bottom_medium:50px&#8221; css=&#8221;.vc_custom_1622216472021{padding-top: 80px !important;padding-bottom: 30px !important;background-image: url(https:\/\/itbusinesspro.liquid-themes.com\/wp-content\/uploads\/2021\/01\/bg-2@2x.jpg?id=8896) !important;background-position: center !important;background-repeat: no-repeat !important;background-size: contain !important;}&#8221;][vc_column offset=&#8221;vc_col-md-5&#8243; responsive_align=&#8221;text-right text-sm-center text-md-right&#8221; responsive_css=&#8221;margin_bottom_medium:0px&#8221; css=&#8221;.vc_custom_1610196406027{margin-bottom: 80px !important;}&#8221;][\/vc_column][vc_column enable_content_animation=&#8221;yes&#8221; ca_init_scale_x=&#8221;1&#8243; ca_init_scale_y=&#8221;1&#8243; ca_init_opacity=&#8221;0&#8243; ca_an_scale_x=&#8221;1&#8243; ca_an_scale_y=&#8221;1&#8243; ca_an_opacity=&#8221;1&#8243; ca_init_scale_z=&#8221;1&#8243; ca_an_scale_z=&#8221;1&#8243; offset=&#8221;vc_col-md-offset-1 vc_col-md-5&#8243; responsive_css=&#8221;padding_left_medium:14%25&#8243; ca_duration=&#8221;1800&#8243; ca_delay=&#8221;180&#8243; ca_init_translate_y=&#8221;35&#8243;][vc_text_separator title=&#8221;\u00dcber Mich&#8221; title_align=&#8221;separator_align_left&#8221; color=&#8221;custom&#8221; accent_color=&#8221;rgba(6,14,98,0.13)&#8221;][\/vc_column][\/vc_row]<\/p>\n","protected":false},"author":1,"featured_media":0,"parent":0,"menu_order":0,"comment_status":"closed","ping_status":"closed","template":"","meta":{"footnotes":""},"class_list":["post-5291","page","type-page","status-publish","hentry"],"_links":{"self":[{"href":"https:\/\/profdrercangurses.com\/de\/wp-json\/wp\/v2\/pages\/5291","targetHints":{"allow":["GET"]}}],"collection":[{"href":"https:\/\/profdrercangurses.com\/de\/wp-json\/wp\/v2\/pages"}],"about":[{"href":"https:\/\/profdrercangurses.com\/de\/wp-json\/wp\/v2\/types\/page"}],"author":[{"embeddable":true,"href":"https:\/\/profdrercangurses.com\/de\/wp-json\/wp\/v2\/users\/1"}],"replies":[{"embeddable":true,"href":"https:\/\/profdrercangurses.com\/de\/wp-json\/wp\/v2\/comments?post=5291"}],"version-history":[{"count":0,"href":"https:\/\/profdrercangurses.com\/de\/wp-json\/wp\/v2\/pages\/5291\/revisions"}],"wp:attachment":[{"href":"https:\/\/profdrercangurses.com\/de\/wp-json\/wp\/v2\/media?parent=5291"}],"curies":[{"name":"wp","href":"https:\/\/api.w.org\/{rel}","templated":true}]}}