{"id":7062,"date":"2021-05-26T07:47:25","date_gmt":"2021-05-26T04:47:25","guid":{"rendered":"https:\/\/profdrercangurses.com\/schmerzen\/kopfschmerzen\/"},"modified":"2021-05-26T07:47:25","modified_gmt":"2021-05-26T04:47:25","slug":"kopfschmerzen","status":"publish","type":"page","link":"https:\/\/profdrercangurses.com\/de\/schmerzen\/kopfschmerzen\/","title":{"rendered":"Kopfschmerzen"},"content":{"rendered":"<p>[vc_row css=&#8221;.vc_custom_1622016079265{padding-top: 60px !important;padding-bottom: 60px !important;}&#8221;][vc_column enable_pin=&#8221;enable_pin&#8221; width=&#8221;5\/12&#8243; offset=&#8221;vc_col-md-4&#8243; responsive_css=&#8221;padding_right_medium:7%25&#8243;][vc_row_inner][vc_column_inner responsive_css=&#8221;margin_bottom_medium:45px&#8221; css=&#8221;.vc_custom_1608194013763{margin-bottom: 30px !important;}&#8221;]<style>.ld_custom_menu_69e38925d2abd > ul > li > a{font-size:15px;font-weight:700;letter-spacing:0.01em;color:rgb(51, 51, 51);background:rgb(247, 248, 250);}.ld_custom_menu_69e38925d2abd > ul > li:not(:last-child){margin-bottom:3px;}.lqd-stickybar > .lqd-head-col > .header-module > .ld_custom_menu_69e38925d2abd li{margin-inline-start:3px;}.ld_custom_menu_69e38925d2abd > ul > li > a:hover, .ld_custom_menu_69e38925d2abd li.is-active > a{background:rgb(233, 233, 233);}<\/style><div\n\tclass=\"lqd-fancy-menu lqd-custom-menu menu-items-has-fill lqd-menu-td-none ld_custom_menu_69e38925d2abd\"\n\t>\n\n<ul id=\"ld_custom_menu_69e38925d2abd\" class=\"reset-ul   \" ><li id=\"menu-item-5406\" class=\"menu-item menu-item-type-post_type menu-item-object-page menu-item-5406\"><a href=\"https:\/\/profdrercangurses.com\/de\/schmerzen\/neuropathische-schmerzen-und-neuralgien\/\">Neuropathische Schmerzen und Neuralgien<\/a><\/li>\n<li id=\"menu-item-5388\" class=\"menu-item menu-item-type-post_type menu-item-object-page menu-item-5388\"><a href=\"https:\/\/profdrercangurses.com\/de\/schmerzen\/phantomschmerz\/\">Phantomschmerz<\/a><\/li>\n<li id=\"menu-item-5389\" class=\"menu-item menu-item-type-post_type menu-item-object-page menu-item-5389\"><a href=\"https:\/\/profdrercangurses.com\/de\/schmerzen\/gelenkschmerzen\/\">Gelenkschmerzen<\/a><\/li>\n<li id=\"menu-item-7069\" class=\"menu-item menu-item-type-post_type menu-item-object-page menu-item-7069\"><a href=\"https:\/\/profdrercangurses.com\/de\/schmerzen\/rueckenschmerzen\/schmerzen-im-iliosakralbereich\/\">Schmerzen im Iliosakralbereich<\/a><\/li>\n<\/ul><\/div>[\/vc_column_inner][vc_column_inner css=&#8221;.vc_custom_1608195737477{margin-bottom: 30px !important;padding-top: 35px !important;padding-right: 20px !important;padding-bottom: 35px !important;padding-left: 20px !important;background-color: #f7f8fa !important;border-radius: 5px !important;}&#8221; responsive_css=&#8221;margin_bottom_medium:45px|padding_right_medium:35px|padding_left_medium:35px&#8221;]<style>.ld_fancy_heading_69e38925de19a h3 {font-size:19px; } .ld_fancy_heading_69e38925de19a h3 {margin-bottom:1.25em !important;  } .ld_fancy_heading_69e38925de19a .lqd-highlight-inner{height:0.275em!important;bottom:0px!important;}.ld_fancy_heading_69e38925de19a h3 {font-size:19px; } .ld_fancy_heading_69e38925de19a h3 {margin-bottom:1.25em !important;  } <\/style><div class=\"ld-fancy-heading ld_fancy_heading_69e38925de19a\">\n\t<h3 class=\"ld-fh-element lqd-highlight-underline lqd-highlight-grow-left text-decoration-default\"   >  Kontaktieren Sie uns<\/h3><\/div><style>.ld_cf7_69e38925de56f input,.ld_cf7_69e38925de56f textarea,.ld_cf7_69e38925de56f .ui-button.ui-selectmenu-button{font-size:15px;}.ld_cf7_69e38925de56f input[type=\"submit\"]{font-size:15px;background:rgb(24, 67, 65);border-color:rgb(24, 67, 65);}.ld_cf7_69e38925de56f input, .ld_cf7_69e38925de56f select, .ld_cf7_69e38925de56f textarea, .ld_cf7_69e38925de56f .ui-button.ui-selectmenu-button{background:rgb(255, 255, 255);}.ld_cf7_69e38925de56f input, .ld_cf7_69e38925de56f select, .ld_cf7_69e38925de56f textarea, .ld_cf7_69e38925de56f .ui-button.ui-selectmenu-button, .ld_cf7_69e38925de56f .wpcf7-form-control-wrap > i, .ld_cf7_69e38925de56f .wpcf7-radio{color:rgb(127, 130, 132);}.ld_cf7_69e38925de56f input:focus, .ld_cf7_69e38925de56f select:focus, .ld_cf7_69e38925de56f textarea:focus, .ld_cf7_69e38925de56f .ui-button.ui-selectmenu-button:hover, .wpcf7-acceptance .wpcf7-list-item-label:after{color:rgb(0, 0, 0);}.ld_cf7_69e38925de56f .wpcf7-form-control-wrap{margin-bottom:10px;}<\/style><div id=\"ld_cf7_69e38925de56f\" class=\"lqd-contact-form lqd-contact-form-inputs-filled lqd-contact-form-inputs-round lqd-contact-form-button-block lqd-contact-form-button-round ld_cf7_69e38925de56f vc_custom_1622015176992\">\n\t\n<div class=\"wpcf7 no-js\" id=\"wpcf7-f74-o1\" lang=\"en-US\" dir=\"ltr\" data-wpcf7-id=\"74\">\n<div class=\"screen-reader-response\"><p role=\"status\" aria-live=\"polite\" aria-atomic=\"true\"><\/p> <ul><\/ul><\/div>\n<form action=\"\/de\/wp-json\/wp\/v2\/pages\/7062#wpcf7-f74-o1\" method=\"post\" class=\"wpcf7-form init\" aria-label=\"Contact form\" novalidate=\"novalidate\" data-status=\"init\">\n<fieldset class=\"hidden-fields-container\"><input type=\"hidden\" name=\"_wpcf7\" value=\"74\" \/><input type=\"hidden\" name=\"_wpcf7_version\" value=\"6.1.5\" \/><input type=\"hidden\" name=\"_wpcf7_locale\" value=\"en_US\" \/><input type=\"hidden\" name=\"_wpcf7_unit_tag\" value=\"wpcf7-f74-o1\" \/><input type=\"hidden\" name=\"_wpcf7_container_post\" value=\"0\" \/><input type=\"hidden\" name=\"_wpcf7_posted_data_hash\" value=\"\" \/><input type=\"hidden\" name=\"_wpcf7_recaptcha_response\" value=\"\" \/>\n<\/fieldset>\n<p><span class=\"wpcf7-form-control-wrap\" data-name=\"text-775\"><input size=\"40\" maxlength=\"400\" class=\"wpcf7-form-control wpcf7-text wpcf7-validates-as-required\" aria-required=\"true\" aria-invalid=\"false\" placeholder=\"Ad\u0131n\u0131z\" value=\"\" type=\"text\" name=\"text-775\" \/><\/span><span class=\"wpcf7-form-control-wrap\" data-name=\"email-550\"><input size=\"40\" maxlength=\"400\" class=\"wpcf7-form-control wpcf7-email wpcf7-validates-as-required wpcf7-text wpcf7-validates-as-email\" aria-required=\"true\" aria-invalid=\"false\" placeholder=\"Email adresiniz\" value=\"\" type=\"email\" name=\"email-550\" \/><\/span><span class=\"wpcf7-form-control-wrap\" data-name=\"textarea-138\"><textarea cols=\"10\" rows=\"4\" maxlength=\"2000\" class=\"wpcf7-form-control wpcf7-textarea wpcf7-validates-as-required\" aria-required=\"true\" aria-invalid=\"false\" placeholder=\"Mesaj\u0131n\u0131z\" name=\"textarea-138\"><\/textarea><\/span><input class=\"wpcf7-form-control wpcf7-submit has-spinner\" type=\"submit\" value=\"G\u00f6nder\" \/>\n<\/p><p style=\"display: none !important;\" class=\"akismet-fields-container\" data-prefix=\"_wpcf7_ak_\"><label>&#916;<textarea name=\"_wpcf7_ak_hp_textarea\" cols=\"45\" rows=\"8\" maxlength=\"100\"><\/textarea><\/label><input type=\"hidden\" id=\"ak_js_1\" name=\"_wpcf7_ak_js\" value=\"179\"\/><script>document.getElementById( \"ak_js_1\" ).setAttribute( \"value\", ( new Date() ).getTime() );<\/script><\/p><div class=\"wpcf7-response-output\" aria-hidden=\"true\"><\/div>\n<\/form>\n<\/div>\n<\/div>[\/vc_column_inner][vc_column_inner css=&#8221;.vc_custom_1608195709893{border-top-width: 1px !important;border-right-width: 1px !important;border-bottom-width: 1px !important;border-left-width: 1px !important;padding-top: 20px !important;padding-right: 20px !important;padding-bottom: 20px !important;padding-left: 20px !important;border-left-color: rgba(112,112,112,0.15) !important;border-left-style: solid !important;border-right-color: rgba(112,112,112,0.15) !important;border-right-style: solid !important;border-top-color: rgba(112,112,112,0.15) !important;border-top-style: solid !important;border-bottom-color: rgba(112,112,112,0.15) !important;border-bottom-style: solid !important;border-radius: 3px !important;}&#8221; responsive_css=&#8221;padding_right_large:35px|padding_left_large:50px|padding_right_medium:15px|padding_left_medium:15px|padding_right_small:10px|padding_left_small:10px&#8221;]<style>.ld_icon_box_69e38925e0fc3 .iconbox-icon-container{color:rgb(38, 176, 95);font-size:20px;width:65px !important;height:65px !important;background:rgba(38, 176, 95, 0.1);border-radius:px;}.ld_icon_box_69e38925e0fc3 .iconbox-icon-container:before{border-color:rgba(38, 176, 95, 0.1);}.ld_icon_box_69e38925e0fc3 .lqd-iconbox-title{color:rgb(160, 160, 160);margin-bottom:1px;font-size:15px;}<\/style>\n<div class=\"iconbox iconbox-side text-align-default align-items-center iconbox-circle ld_icon_box_69e38925e0fc3 vc_custom_1639992354483\" id=\"ld_icon_box_69e38925e0fc3\"  data-animate-icon=\"true\" data-plugin-options='{\"color\":\"rgb(38, 176, 95)\"}'  >\n\t\n\t\t\t\t\t\n\t\n\t<div class=\"iconbox-icon-wrap\"><span class=\"iconbox-icon-container\"><i class=\"lqd-icn-ess icon-lqd-mobile\"><\/i><\/span><\/div>\t\n\t\t\n\t<div class=\"contents\">\t\n\t\t\n\t<h3 class=\"lqd-iconbox-title font-weight-medium\">\u0130leti\u015fim Bilgisi:<\/h3>\t<p><a href=\"tel:+905551958888\">0555 195 88 88<\/a><\/p>\n\t\t\n\t<\/div>\t\n\t\n<\/div>\n[\/vc_column_inner][\/vc_row_inner][\/vc_column][vc_column width=&#8221;2\/3&#8243; column_top_ontablet=&#8221;yes&#8221; column_top_onmobile=&#8221;yes&#8221; offset=&#8221;vc_col-md-offset-0 vc_col-md-8&#8243; responsive_css=&#8221;margin_bottom_medium:0px&#8221; css=&#8221;.vc_custom_1610729062932{margin-bottom: 35px !important;}&#8221;]<style>.ld_content_box_69e38925e24ac .lqd-fb-content-title{font-weight:700 !important;}.ld_content_box_69e38925e24ac .lqd-fb-bg{background:-webkit-linear-gradient(180deg, rgba(255, 255, 255, 0) 0%, rgba(24, 27, 49, 0.6) 100%);background:linear-gradient(180deg, rgba(255, 255, 255, 0) 0%, rgba(24, 27, 49, 0.6) 100%);}<\/style><div id=\"ld_content_box_69e38925e24ac\" class=\"lqd-fb lqd-fb-style-1 lqd-fb-style-1-3 round pos-rel overflow-hidden lqd-fb-zoom-img-onhover h-pt-60 ld_content_box_69e38925e24ac\" data-inview=\"true\">\n\t<div class=\"lqd-fb-inner lqd-overlay\">\n\n\t\t<div class=\"lqd-fb-img lqd-overlay overflow-hidden\">\n\n\t\t<figure data-responsive-bg=\"true\"><img decoding=\"async\" width=\"1080\" height=\"900\" data-src=\"https:\/\/profdrercangurses.com\/wp-content\/uploads\/2021\/12\/basagrilari.jpg\" class=\"w-100 invisible lazyload\" alt=\"\" data-srcset=\"https:\/\/profdrercangurses.com\/wp-content\/uploads\/2021\/12\/basagrilari.jpg 1080w, https:\/\/profdrercangurses.com\/wp-content\/uploads\/2021\/12\/basagrilari-300x250.jpg 300w, https:\/\/profdrercangurses.com\/wp-content\/uploads\/2021\/12\/basagrilari-1024x853.jpg 1024w\" data-sizes=\"(max-width: 1080px) 100vw, 1080px\" itemprop=\"image\" title=\"\" src=\"data:image\/svg+xml;base64,PHN2ZyB3aWR0aD0iMSIgaGVpZ2h0PSIxIiB4bWxucz0iaHR0cDovL3d3dy53My5vcmcvMjAwMC9zdmciPjwvc3ZnPg==\" style=\"--smush-placeholder-width: 1080px; --smush-placeholder-aspect-ratio: 1080\/900;\"><\/figure>\t\t\n\t\t<\/div>\n\n\t\t<div class=\"lqd-fb-content lqd-overlay align-items-end\">\n\t\t\t<div class=\"lqd-fb-bg lqd-overlay\"><\/div>\n\t\t\t<div class=\"lqd-fb-hover-overlay lqd-overlay\"><\/div>\n\t\t\t<div class=\"lqd-fb-content-inner d-flex flex-column justify-content-end pos-rel h-100 w-100 w-md-75 p-4 p-md-8\">\n\t\t\t\t\n\t\t\t\t\t\t\t\t\n\t\t\t\t<div\n\t\t\t\tclass=\"lqd-fb-content-bottom mt-auto\"\n\t\t\t\tdata-custom-animations=\"true\"\n\t\t\t\tdata-ca-options='{ \"triggerHandler\": \"inview\", \"animationTarget\": \"all-childs\", \"duration\": 1200, \"delay\": 120,  \"startDelay\": 300, \"initValues\": { \"y\": 30, \"opacity\": 0 }, \"animations\": { \"y\": 0, \"opacity\": 1 } }'>\n\t\t\t\t\t\n\t\t\t\t\t\t\t\t\t\t<h2\t\t\t\t\tclass=\"lqd-fb-content-title my-0 mb-3\"\n\t\t\t\t\tdata-split-text=\"true\" data-split-options='{ \"type\": \"lines\" }'>Kopfschmerzen\t\t\t\t\t<\/h2>\n\t\t\t\t\t\t\t\t\t\t\n\t\t\t\t\t\n\t\t\t\t\t\t\t\t\t\t<p\n\t\t\t\t\tclass=\"my-0 mb-5\"\n\t\t\t\t\tdata-split-text=\"true\" data-split-options='{ \"type\": \"lines\" }'>Eine der h\u00e4ufigsten Schmerzarten weltweit sind Kopfschmerzen. Fast jeder Mensch kann im Laufe seines Lebens vor\u00fcbergehend unter Kopfschmerzen leiden.<\/p>\n\t\t\t\t\t\n\t\t\t\t\t\n\t\t\t\t<\/div>\n\t\t\t\t\n\t\t\t<\/div>\n\t\t<\/div>\n\n\t<\/div>\n<\/div>\n[vc_column_text]Chronische Kopfschmerzen beeintr\u00e4chtigen die Lebensqualit\u00e4t der Patienten erheblich. Laut den Statistiken der T\u00fcrkischen Neurologie-Vereinigung;  <\/p>\n<ul>\n<li>Die Quote der Menschen, die in der Gesellschaft unter Kopfschmerzen leiden, wird mit 90 Prozent angegeben.<\/li>\n<li>90 Prozent aller Kopfschmerzf\u00e4lle sind Migr\u00e4ne und Spannungskopfschmerzen.<\/li>\n<li>Sekund\u00e4re Kopfschmerzen, die bei etwa 10 Prozent auftreten, sind auf eine bestimmte Erkrankung zur\u00fcckzuf\u00fchren.<\/li>\n<\/ul>\n<p> Einige davon sind; Sie werden als zerebrovaskul\u00e4re Erkrankungen, Hirntumoren, Erkrankungen des Nervensystems, Augenerkrankungen, Meningitis und Sinusitis aufgef\u00fchrt. <\/p>\n<h2>Was verursacht Kopfschmerzen?<\/h2>\n<p> Meistens sind Kopfschmerzen nicht schwerwiegend. Es kann aus Gr\u00fcnden wie Schlaflosigkeit und Stress auftreten. Es gibt jedoch bestimmte Situationen, die Kopfschmerzen verursachen. Ursachen wie Sinusitis, Grippe, Ohrenentz\u00fcndungen, Hals-Nasen-Ohren-Erkrankungen, Zahnerkrankungen, zerebrovaskul\u00e4re Erkrankungen, Hirntumoren, Sch\u00e4del-Hirn-Traumata, Bluthochdruck und hormonelle Ungleichgewichte k\u00f6nnen ebenfalls Kopfschmerzen verursachen.    <\/p>\n<h2>K\u00f6nnen Kopfschmerzen gef\u00e4hrlich sein?<\/h2>\n<p> 95 % der Kopfschmerzen sind Migr\u00e4ne oder Spannungskopfschmerzen. Manchmal k\u00f6nnen Kopfschmerzen jedoch als erstes Symptom gr\u00f6\u00dferer Probleme angesehen werden. Folgende Merkmale weisen darauf hin, dass Kopfschmerzen gef\u00e4hrlich sein k\u00f6nnen:   <\/p>\n<ul>\n<li>Zum ersten Mal sehr starke Kopfschmerzen<\/li>\n<li>Pl\u00f6tzlich einsetzende Kopfschmerzen<\/li>\n<li>Kopfschmerzen, die tendenziell an Schwere und H\u00e4ufigkeit zunehmen<\/li>\n<li>Bei Patienten \u00fcber 50 Jahren; Kopfschmerzen, die nach einem Trauma am Kopf beginnen<\/li>\n<li>Neue Kopfschmerzen bei Krebspatienten<\/li>\n<li>Kopfschmerzen, die bei Handlungen wie Husten und Pressen auftreten<\/li>\n<li>Kopfschmerzen nach Geschlechtsverkehr<\/li>\n<li>Kopfschmerzen, bei denen Behandlungen nicht wirken<\/li>\n<\/ul>\n<h2>Arten von Kopfschmerzen<\/h2>\n<p> Wenn wir Kopfschmerzen, die vor\u00fcbergehend aus Gr\u00fcnden wie Stress, M\u00fcdigkeit, Schlaflosigkeit auftreten, und sekund\u00e4re Kopfschmerzen, die Symptome verschiedener Krankheiten sind, au\u00dfer Acht lassen, k\u00f6nnen wir prim\u00e4re Kopfschmerzen in drei Hauptklassen einteilen: <\/p>\n<ul>\n<li>Migr\u00e4ne<\/li>\n<li>Spannungskopfschmerz<\/li>\n<li>Cluster-Kopfschmerz<\/li>\n<\/ul>\n<h2>Was ist Migr\u00e4ne?<\/h2>\n<p> Migr\u00e4ne, die h\u00e4ufiger bei Frauen als bei M\u00e4nnern auftritt, ist ein starker Schmerz, der meist im Alter zwischen 30 und 40 Jahren auftritt. Migr\u00e4ne st\u00f6rt die t\u00e4glichen Aktivit\u00e4ten einer Person; Mit zunehmender H\u00e4ufigkeit von Schmerzattacken beginnen die Verluste im sozialen Leben und in der Arbeitskraft zuzunehmen. Bei der Migr\u00e4ne, die in Sch\u00fcben von 4\u201372 Stunden Dauer auftritt, wird der Schmerz meist als pochendes oder pulsierendes Gef\u00fchl empfunden und betrifft meist eine Seite des Kopfes. Kopfschmerzen; Es kann auch mit Beschwerden wie \u00dcbelkeit, Erbrechen, Licht- und\/oder Ger\u00e4uschempfindlichkeit einhergehen. Patienten warten im Allgemeinen lieber in einer dunklen und ruhigen Umgebung, bis die Schmerzen nachlassen. Bei manchen Patienten treten bereits 5 bis 60 Minuten vor dem Anfall Schmerzen auf. Migr\u00e4ne tritt bei 20 % der Frauen und 7 % der M\u00e4nner auf. Obwohl die Ursache der Migr\u00e4ne nicht mit Sicherheit bekannt ist, geht man aufgrund einiger Untersuchungen davon aus, dass Ver\u00e4nderungen einiger Chemikalien im Gehirn wirksam sind. Es gibt auch Studien, die den Einfluss einer genetischen Veranlagung auf Migr\u00e4ne belegen. Einige der Faktoren, die Migr\u00e4ne ausl\u00f6sen; Schokolade, Kaffee, Tee, koffeinhaltige Erfrischungsgetr\u00e4nke, Rotwein, Bier, Whisky, einige Antibiotika, blutdrucksenkende Mittel, Antibabypillen, flackerndes\/helles\/fluoreszierendes Licht, helles Sonnenlicht, Parf\u00fcm, Rauchen, Stress, Depression, zu viel\/zu wenig Schlaf , Es kann als hungrig bleiben aufgef\u00fchrt werden.          <\/p>\n<h2>Was ist ein Spannungskopfschmerz?<\/h2>\n<p> Spannungskopfschmerzen sind dumpfe und ausgedehnte Schmerzen, die jedoch nicht sehr stark sind. Es wird beobachtet, dass es normalerweise am Nachmittag auftritt. Es ist ein Gef\u00fchl von Druck und Schwere im ganzen Kopf. Es kann mit jedem Stress beginnen. Manchmal k\u00f6nnen Patienten laute Ger\u00e4usche nicht vertragen. Spannungskopfschmerzen haben andere Charakteristika als Migr\u00e4ne. Sie beginnt meist im Nackenbereich und breitet sich bis zum Kopf aus. Sowohl die H\u00e4ufigkeit als auch der Schweregrad k\u00f6nnen aufgrund von Anspannung und Stress zunehmen. Es kann zwar den gesamten Kopf bedecken, ist aber auch einseitig sichtbar. Auch eine Verspannung der Kopf- und Nackenmuskulatur kann zu Spannungskopfschmerzen f\u00fchren. Starke Kopfschmerzen werden durch Anspannung und Stress ausgel\u00f6st.           <\/p>\n<h2>Was ist Clusterkopfschmerz?<\/h2>\n<p> Cluster-Kopfschmerzen treten geh\u00e4uft auf, dauern mehrere Wochen und sind recht intensiv. Typische Symptome eines Clusterkopfschmerzes: Der Schmerz betrifft nur eine Seite, R\u00f6tung, Schwellung und Ausfluss treten im Auge auf der Seite auf, auf der der Schmerz zu sp\u00fcren ist, begleitet von verstopfter Nase und laufender Nase, Schwei\u00dfausbr\u00fcchen im Gesichtsbereich und h\u00e4ngenden Augenlidern. Obwohl die genaue Ursache seltener Cluster-Kopfschmerzen unbekannt ist, wird gesch\u00e4tzt, dass Anomalien im Hypothalamus zu dieser Krankheit f\u00fchren k\u00f6nnen. Stress, Ern\u00e4hrung und hormonelle Ver\u00e4nderungen spielen bei Cluster-Schmerzen keine ausl\u00f6sende Rolle. Es scheint jedoch, dass Alkoholkonsum die Schmerzen verst\u00e4rken kann. Cluster-Kopfschmerzen treten im Allgemeinen h\u00e4ufiger bei M\u00e4nnern auf. Wenn in der Familienanamnese Clusterkopfschmerz auftritt, erh\u00f6ht sich dadurch das Erkrankungsrisiko.       <\/p>\n<h2>Diagnose und Diagnose von Kopfschmerzen<\/h2>\n<p> Um die Ursache der Kopfschmerzen zu ermitteln und eine korrekte Diagnose zu stellen, muss der Patient zun\u00e4chst einen auf diesem Gebiet spezialisierten Arzt aufsuchen. Der Arzt beginnt nach der Diagnosestellung mit Fragen an den Patienten und verschiedenen Untersuchungsmethoden den Behandlungsprozess.  <\/p>\n<h2>Wie werden Kopfschmerzen behandelt?<\/h2>\n<p> Je nach Art und Schwere der Schmerzen k\u00f6nnen Kopfschmerzen mit unterschiedlichen Methoden behandelt werden. Kopfschmerzbehandlungen sind wie folgt aufgef\u00fchrt:  <\/p>\n<ul>\n<li>medikament\u00f6se Therapie,<\/li>\n<li>Migr\u00e4ne-Botox<\/li>\n<li>Radiofrequenzbehandlung<\/li>\n<li>Schmerzbatterie<\/li>\n<li>Psychiatrische Unterst\u00fctzung<\/li>\n<\/ul>\n<p>[\/vc_column_text][vc_separator color=&#8221;custom&#8221; accent_color=&#8221;rgba(0,0,0,0.1)&#8221; css=&#8221;.vc_custom_1608195050020{margin-top: 10px !important;}&#8221;][\/vc_column][\/vc_row][vc_row][vc_column][\/vc_column][\/vc_row]<\/p>\n","protected":false},"excerpt":{"rendered":"<p>[vc_row css=&#8221;.vc_custom_1622016079265{padding-top: 60px !important;padding-bottom: 60px !important;}&#8221;][vc_column enable_pin=&#8221;enable_pin&#8221; width=&#8221;5\/12&#8243; offset=&#8221;vc_col-md-4&#8243; responsive_css=&#8221;padding_right_medium:7%25&#8243;][vc_row_inner][vc_column_inner responsive_css=&#8221;margin_bottom_medium:45px&#8221; css=&#8221;.vc_custom_1608194013763{margin-bottom: 30px !important;}&#8221;][\/vc_column_inner][vc_column_inner css=&#8221;.vc_custom_1608195737477{margin-bottom: 30px !important;padding-top: 35px !important;padding-right: 20px !important;padding-bottom: 35px !important;padding-left: 20px !important;background-color: #f7f8fa !important;border-radius: 5px !important;}&#8221; responsive_css=&#8221;margin_bottom_medium:45px|padding_right_medium:35px|padding_left_medium:35px&#8221;][\/vc_column_inner][vc_column_inner css=&#8221;.vc_custom_1608195709893{border-top-width: 1px !important;border-right-width: 1px !important;border-bottom-width: 1px !important;border-left-width: 1px !important;padding-top: 20px !important;padding-right: 20px !important;padding-bottom: 20px !important;padding-left: 20px !important;border-left-color: rgba(112,112,112,0.15) !important;border-left-style: solid !important;border-right-color: rgba(112,112,112,0.15) !important;border-right-style: solid !important;border-top-color: [&hellip;]<\/p>\n","protected":false},"author":1,"featured_media":0,"parent":7059,"menu_order":0,"comment_status":"closed","ping_status":"closed","template":"","meta":{"footnotes":""},"class_list":["post-7062","page","type-page","status-publish","hentry"],"_links":{"self":[{"href":"https:\/\/profdrercangurses.com\/de\/wp-json\/wp\/v2\/pages\/7062","targetHints":{"allow":["GET"]}}],"collection":[{"href":"https:\/\/profdrercangurses.com\/de\/wp-json\/wp\/v2\/pages"}],"about":[{"href":"https:\/\/profdrercangurses.com\/de\/wp-json\/wp\/v2\/types\/page"}],"author":[{"embeddable":true,"href":"https:\/\/profdrercangurses.com\/de\/wp-json\/wp\/v2\/users\/1"}],"replies":[{"embeddable":true,"href":"https:\/\/profdrercangurses.com\/de\/wp-json\/wp\/v2\/comments?post=7062"}],"version-history":[{"count":0,"href":"https:\/\/profdrercangurses.com\/de\/wp-json\/wp\/v2\/pages\/7062\/revisions"}],"up":[{"embeddable":true,"href":"https:\/\/profdrercangurses.com\/de\/wp-json\/wp\/v2\/pages\/7059"}],"wp:attachment":[{"href":"https:\/\/profdrercangurses.com\/de\/wp-json\/wp\/v2\/media?parent=7062"}],"curies":[{"name":"wp","href":"https:\/\/api.w.org\/{rel}","templated":true}]}}