{"id":7063,"date":"2021-12-20T12:49:56","date_gmt":"2021-12-20T09:49:56","guid":{"rendered":"https:\/\/profdrercangurses.com\/rueckenschmerzen\/degenerative-bandscheibenerkrankung\/"},"modified":"2021-12-20T12:49:56","modified_gmt":"2021-12-20T09:49:56","slug":"degenerative-bandscheibenerkrankung","status":"publish","type":"page","link":"https:\/\/profdrercangurses.com\/de\/schmerzen\/rueckenschmerzen\/degenerative-bandscheibenerkrankung\/","title":{"rendered":"Degenerative Bandscheibenerkrankung"},"content":{"rendered":"<p>[vc_row css=&#8221;.vc_custom_1622016079265{padding-top: 60px !important;padding-bottom: 60px !important;}&#8221;][vc_column enable_pin=&#8221;enable_pin&#8221; width=&#8221;5\/12&#8243; offset=&#8221;vc_col-md-4&#8243; responsive_css=&#8221;padding_right_medium:7%25&#8243;][vc_row_inner][vc_column_inner responsive_css=&#8221;margin_bottom_medium:45px&#8221; css=&#8221;.vc_custom_1608194013763{margin-bottom: 30px !important;}&#8221;]<style>.ld_custom_menu_69e91ad9ba00f > ul > li > a{font-size:15px;font-weight:700;letter-spacing:0.01em;color:rgb(51, 51, 51);background:rgb(247, 248, 250);}.ld_custom_menu_69e91ad9ba00f > ul > li:not(:last-child){margin-bottom:3px;}.lqd-stickybar > .lqd-head-col > .header-module > .ld_custom_menu_69e91ad9ba00f li{margin-inline-start:3px;}.ld_custom_menu_69e91ad9ba00f > ul > li > a:hover, .ld_custom_menu_69e91ad9ba00f li.is-active > a{background:rgb(233, 233, 233);}<\/style><div\n\tclass=\"lqd-fancy-menu lqd-custom-menu menu-items-has-fill lqd-menu-td-none ld_custom_menu_69e91ad9ba00f\"\n\t>\n\n<ul id=\"ld_custom_menu_69e91ad9ba00f\" class=\"reset-ul   \" ><li id=\"menu-item-5406\" class=\"menu-item menu-item-type-post_type menu-item-object-page menu-item-5406\"><a href=\"https:\/\/profdrercangurses.com\/de\/schmerzen\/neuropathische-schmerzen-und-neuralgien\/\">Neuropathische Schmerzen und Neuralgien<\/a><\/li>\n<li id=\"menu-item-5388\" class=\"menu-item menu-item-type-post_type menu-item-object-page menu-item-5388\"><a href=\"https:\/\/profdrercangurses.com\/de\/schmerzen\/phantomschmerz\/\">Phantomschmerz<\/a><\/li>\n<li id=\"menu-item-5389\" class=\"menu-item menu-item-type-post_type menu-item-object-page menu-item-5389\"><a href=\"https:\/\/profdrercangurses.com\/de\/schmerzen\/gelenkschmerzen\/\">Gelenkschmerzen<\/a><\/li>\n<li id=\"menu-item-7069\" class=\"menu-item menu-item-type-post_type menu-item-object-page menu-item-7069\"><a href=\"https:\/\/profdrercangurses.com\/de\/schmerzen\/rueckenschmerzen\/schmerzen-im-iliosakralbereich\/\">Schmerzen im Iliosakralbereich<\/a><\/li>\n<\/ul><\/div>[\/vc_column_inner][vc_column_inner css=&#8221;.vc_custom_1608195737477{margin-bottom: 30px !important;padding-top: 35px !important;padding-right: 20px !important;padding-bottom: 35px !important;padding-left: 20px !important;background-color: #f7f8fa !important;border-radius: 5px !important;}&#8221; responsive_css=&#8221;margin_bottom_medium:45px|padding_right_medium:35px|padding_left_medium:35px&#8221;]<style>.ld_fancy_heading_69e91ad9bf23d h3 {font-size:19px; } .ld_fancy_heading_69e91ad9bf23d h3 {margin-bottom:1.25em !important;  } .ld_fancy_heading_69e91ad9bf23d .lqd-highlight-inner{height:0.275em!important;bottom:0px!important;}.ld_fancy_heading_69e91ad9bf23d h3 {font-size:19px; } .ld_fancy_heading_69e91ad9bf23d h3 {margin-bottom:1.25em !important;  } <\/style><div class=\"ld-fancy-heading ld_fancy_heading_69e91ad9bf23d\">\n\t<h3 class=\"ld-fh-element lqd-highlight-underline lqd-highlight-grow-left text-decoration-default\"   >  Kontaktieren Sie uns<\/h3><\/div><style>.ld_cf7_69e91ad9bf62b input,.ld_cf7_69e91ad9bf62b textarea,.ld_cf7_69e91ad9bf62b .ui-button.ui-selectmenu-button{font-size:15px;}.ld_cf7_69e91ad9bf62b input[type=\"submit\"]{font-size:15px;background:rgb(24, 67, 65);border-color:rgb(24, 67, 65);}.ld_cf7_69e91ad9bf62b input, .ld_cf7_69e91ad9bf62b select, .ld_cf7_69e91ad9bf62b textarea, .ld_cf7_69e91ad9bf62b .ui-button.ui-selectmenu-button{background:rgb(255, 255, 255);}.ld_cf7_69e91ad9bf62b input, .ld_cf7_69e91ad9bf62b select, .ld_cf7_69e91ad9bf62b textarea, .ld_cf7_69e91ad9bf62b .ui-button.ui-selectmenu-button, .ld_cf7_69e91ad9bf62b .wpcf7-form-control-wrap > i, .ld_cf7_69e91ad9bf62b .wpcf7-radio{color:rgb(127, 130, 132);}.ld_cf7_69e91ad9bf62b input:focus, .ld_cf7_69e91ad9bf62b select:focus, .ld_cf7_69e91ad9bf62b textarea:focus, .ld_cf7_69e91ad9bf62b .ui-button.ui-selectmenu-button:hover, .wpcf7-acceptance .wpcf7-list-item-label:after{color:rgb(0, 0, 0);}.ld_cf7_69e91ad9bf62b .wpcf7-form-control-wrap{margin-bottom:10px;}<\/style><div id=\"ld_cf7_69e91ad9bf62b\" class=\"lqd-contact-form lqd-contact-form-inputs-filled lqd-contact-form-inputs-round lqd-contact-form-button-block lqd-contact-form-button-round ld_cf7_69e91ad9bf62b vc_custom_1622015176992\">\n\t\n<div class=\"wpcf7 no-js\" id=\"wpcf7-f74-o1\" lang=\"en-US\" dir=\"ltr\" data-wpcf7-id=\"74\">\n<div class=\"screen-reader-response\"><p role=\"status\" aria-live=\"polite\" aria-atomic=\"true\"><\/p> <ul><\/ul><\/div>\n<form action=\"\/de\/wp-json\/wp\/v2\/pages\/7063#wpcf7-f74-o1\" method=\"post\" class=\"wpcf7-form init\" aria-label=\"Contact form\" novalidate=\"novalidate\" data-status=\"init\">\n<fieldset class=\"hidden-fields-container\"><input type=\"hidden\" name=\"_wpcf7\" value=\"74\" \/><input type=\"hidden\" name=\"_wpcf7_version\" value=\"6.1.5\" \/><input type=\"hidden\" name=\"_wpcf7_locale\" value=\"en_US\" \/><input type=\"hidden\" name=\"_wpcf7_unit_tag\" value=\"wpcf7-f74-o1\" \/><input type=\"hidden\" name=\"_wpcf7_container_post\" value=\"0\" \/><input type=\"hidden\" name=\"_wpcf7_posted_data_hash\" value=\"\" \/><input type=\"hidden\" name=\"_wpcf7_recaptcha_response\" value=\"\" \/>\n<\/fieldset>\n<p><span class=\"wpcf7-form-control-wrap\" data-name=\"text-775\"><input size=\"40\" maxlength=\"400\" class=\"wpcf7-form-control wpcf7-text wpcf7-validates-as-required\" aria-required=\"true\" aria-invalid=\"false\" placeholder=\"Ad\u0131n\u0131z\" value=\"\" type=\"text\" name=\"text-775\" \/><\/span><span class=\"wpcf7-form-control-wrap\" data-name=\"email-550\"><input size=\"40\" maxlength=\"400\" class=\"wpcf7-form-control wpcf7-email wpcf7-validates-as-required wpcf7-text wpcf7-validates-as-email\" aria-required=\"true\" aria-invalid=\"false\" placeholder=\"Email adresiniz\" value=\"\" type=\"email\" name=\"email-550\" \/><\/span><span class=\"wpcf7-form-control-wrap\" data-name=\"textarea-138\"><textarea cols=\"10\" rows=\"4\" maxlength=\"2000\" class=\"wpcf7-form-control wpcf7-textarea wpcf7-validates-as-required\" aria-required=\"true\" aria-invalid=\"false\" placeholder=\"Mesaj\u0131n\u0131z\" name=\"textarea-138\"><\/textarea><\/span><input class=\"wpcf7-form-control wpcf7-submit has-spinner\" type=\"submit\" value=\"G\u00f6nder\" \/>\n<\/p><p style=\"display: none !important;\" class=\"akismet-fields-container\" data-prefix=\"_wpcf7_ak_\"><label>&#916;<textarea name=\"_wpcf7_ak_hp_textarea\" cols=\"45\" rows=\"8\" maxlength=\"100\"><\/textarea><\/label><input type=\"hidden\" id=\"ak_js_1\" name=\"_wpcf7_ak_js\" value=\"86\"\/><script>document.getElementById( \"ak_js_1\" ).setAttribute( \"value\", ( new Date() ).getTime() );<\/script><\/p><div class=\"wpcf7-response-output\" aria-hidden=\"true\"><\/div>\n<\/form>\n<\/div>\n<\/div>[\/vc_column_inner][vc_column_inner css=&#8221;.vc_custom_1608195709893{border-top-width: 1px !important;border-right-width: 1px !important;border-bottom-width: 1px !important;border-left-width: 1px !important;padding-top: 20px !important;padding-right: 20px !important;padding-bottom: 20px !important;padding-left: 20px !important;border-left-color: rgba(112,112,112,0.15) !important;border-left-style: solid !important;border-right-color: rgba(112,112,112,0.15) !important;border-right-style: solid !important;border-top-color: rgba(112,112,112,0.15) !important;border-top-style: solid !important;border-bottom-color: rgba(112,112,112,0.15) !important;border-bottom-style: solid !important;border-radius: 3px !important;}&#8221; responsive_css=&#8221;padding_right_large:35px|padding_left_large:50px|padding_right_medium:15px|padding_left_medium:15px|padding_right_small:10px|padding_left_small:10px&#8221;]<style>.ld_icon_box_69e91ad9c2c7a .iconbox-icon-container{color:rgb(38, 176, 95);font-size:20px;width:65px !important;height:65px !important;background:rgba(38, 176, 95, 0.1);border-radius:px;}.ld_icon_box_69e91ad9c2c7a .iconbox-icon-container:before{border-color:rgba(38, 176, 95, 0.1);}.ld_icon_box_69e91ad9c2c7a .lqd-iconbox-title{color:rgb(160, 160, 160);margin-bottom:1px;font-size:15px;}<\/style>\n<div class=\"iconbox iconbox-side text-align-default align-items-center iconbox-circle ld_icon_box_69e91ad9c2c7a vc_custom_1639992354483\" id=\"ld_icon_box_69e91ad9c2c7a\"  data-animate-icon=\"true\" data-plugin-options='{\"color\":\"rgb(38, 176, 95)\"}'  >\n\t\n\t\t\t\t\t\n\t\n\t<div class=\"iconbox-icon-wrap\"><span class=\"iconbox-icon-container\"><i class=\"lqd-icn-ess icon-lqd-mobile\"><\/i><\/span><\/div>\t\n\t\t\n\t<div class=\"contents\">\t\n\t\t\n\t<h3 class=\"lqd-iconbox-title font-weight-medium\">\u0130leti\u015fim Bilgisi:<\/h3>\t<p><a href=\"tel:+905551958888\">0555 195 88 88<\/a><\/p>\n\t\t\n\t<\/div>\t\n\t\n<\/div>\n[\/vc_column_inner][\/vc_row_inner][\/vc_column][vc_column width=&#8221;2\/3&#8243; column_top_ontablet=&#8221;yes&#8221; column_top_onmobile=&#8221;yes&#8221; offset=&#8221;vc_col-md-offset-0 vc_col-md-8&#8243; responsive_css=&#8221;margin_bottom_medium:0px&#8221; css=&#8221;.vc_custom_1610729062932{margin-bottom: 35px !important;}&#8221;]<style>.ld_content_box_69e91ad9c3b7f .lqd-fb-content-title{font-weight:700 !important;}.ld_content_box_69e91ad9c3b7f .lqd-fb-bg{background:-webkit-linear-gradient(180deg, rgba(255, 255, 255, 0) 0%, rgba(24, 27, 49, 0.6) 100%);background:linear-gradient(180deg, rgba(255, 255, 255, 0) 0%, rgba(24, 27, 49, 0.6) 100%);}<\/style><div id=\"ld_content_box_69e91ad9c3b7f\" class=\"lqd-fb lqd-fb-style-1 lqd-fb-style-1-3 round pos-rel overflow-hidden lqd-fb-zoom-img-onhover h-pt-60 ld_content_box_69e91ad9c3b7f\" data-inview=\"true\">\n\t<div class=\"lqd-fb-inner lqd-overlay\">\n\n\t\t<div class=\"lqd-fb-img lqd-overlay overflow-hidden\">\n\n\t\t<figure data-responsive-bg=\"true\"><img decoding=\"async\" width=\"1080\" height=\"900\" data-src=\"https:\/\/profdrercangurses.com\/wp-content\/uploads\/2021\/12\/dejeneratifdisk.jpg\" class=\"w-100 invisible lazyload\" alt=\"\" data-srcset=\"https:\/\/profdrercangurses.com\/wp-content\/uploads\/2021\/12\/dejeneratifdisk.jpg 1080w, https:\/\/profdrercangurses.com\/wp-content\/uploads\/2021\/12\/dejeneratifdisk-300x250.jpg 300w, https:\/\/profdrercangurses.com\/wp-content\/uploads\/2021\/12\/dejeneratifdisk-1024x853.jpg 1024w\" data-sizes=\"(max-width: 1080px) 100vw, 1080px\" itemprop=\"image\" title=\"\" src=\"data:image\/svg+xml;base64,PHN2ZyB3aWR0aD0iMSIgaGVpZ2h0PSIxIiB4bWxucz0iaHR0cDovL3d3dy53My5vcmcvMjAwMC9zdmciPjwvc3ZnPg==\" style=\"--smush-placeholder-width: 1080px; --smush-placeholder-aspect-ratio: 1080\/900;\"><\/figure>\t\t\n\t\t<\/div>\n\n\t\t<div class=\"lqd-fb-content lqd-overlay align-items-end\">\n\t\t\t<div class=\"lqd-fb-bg lqd-overlay\"><\/div>\n\t\t\t<div class=\"lqd-fb-hover-overlay lqd-overlay\"><\/div>\n\t\t\t<div class=\"lqd-fb-content-inner d-flex flex-column justify-content-end pos-rel h-100 w-100 w-md-75 p-4 p-md-8\">\n\t\t\t\t\n\t\t\t\t\t\t\t\t\n\t\t\t\t<div\n\t\t\t\tclass=\"lqd-fb-content-bottom mt-auto\"\n\t\t\t\tdata-custom-animations=\"true\"\n\t\t\t\tdata-ca-options='{ \"triggerHandler\": \"inview\", \"animationTarget\": \"all-childs\", \"duration\": 1200, \"delay\": 120,  \"startDelay\": 300, \"initValues\": { \"y\": 30, \"opacity\": 0 }, \"animations\": { \"y\": 0, \"opacity\": 1 } }'>\n\t\t\t\t\t\n\t\t\t\t\t\t\t\t\t\t<h2\t\t\t\t\tclass=\"lqd-fb-content-title my-0 mb-3\"\n\t\t\t\t\tdata-split-text=\"true\" data-split-options='{ \"type\": \"lines\" }'>Degenerative Bandscheibenerkrankung\t\t\t\t\t<\/h2>\n\t\t\t\t\t\t\t\t\t\t\n\t\t\t\t\t\n\t\t\t\t\t\t\t\t\t\t<p\n\t\t\t\t\tclass=\"my-0 mb-5\"\n\t\t\t\t\tdata-split-text=\"true\" data-split-options='{ \"type\": \"lines\" }'>Eine degenerative Bandscheibenerkrankung ist eine der h\u00e4ufigsten Ursachen f\u00fcr Nacken- und R\u00fcckenschmerzen.<\/p>\n\t\t\t\t\t\n\t\t\t\t\t\n\t\t\t\t<\/div>\n\t\t\t\t\n\t\t\t<\/div>\n\t\t<\/div>\n\n\t<\/div>\n<\/div>\n[vc_column_text]Die Scheibe besteht aus zwei Teilen; Der gallertartige Teil, der als Kern bezeichnet wird, befindet sich in der Mitte und die Schutzh\u00fclle um ihn herum. Im Allgemeinen beginnen die Bandscheiben mit zunehmendem Alter an Wassergehalt und H\u00f6he zu verlieren. Und als Folge dieser Situation kommt es zu einer gewissen Verschlechterung der B\u00e4nder, die die Bandscheibe und die Wirbel verbinden. Dies kann dazu f\u00fchren, dass die Bandscheibe leicht rei\u00dft.    <\/p>\n<h2>Was ist eine degenerative Bandscheibenerkrankung?<\/h2>\n<p> Unter degenerativer Bandscheibenerkrankung versteht man die Verkalkung, Sch\u00e4digung, Abnutzung und Verschlechterung, die in den Bandscheiben zwischen den Wirbeln auftritt. Eine degenerative Bandscheibenerkrankung kann zu einem in unserer Gesellschaft weit verbreiteten Bandscheibenvorfall (Bandscheibenvorfall) und einem Funktionsverlust der Strukturen, die die Wirbels\u00e4ule bei Bewegung stabil halten, was als Instabilit\u00e4t bezeichnet wird, f\u00fchren.  <\/p>\n<h2>Was sind die Ursachen einer degenerativen Bandscheibenerkrankung?<\/h2>\n<p> Es gibt viele Faktoren, die eine degenerative Bandscheibenerkrankung beg\u00fcnstigen. Die erste davon ist das zunehmende Alter. Abgesehen davon;   <\/p>\n<ul>\n<li>\u00dcbergewicht und Fettleibigkeit,<\/li>\n<li>genetische Merkmale,<\/li>\n<li>Diabetes (Diabetes mellitus),<\/li>\n<li>Arteriosklerose,<\/li>\n<li>Verwendung von Zigaretten<\/li>\n<li>Berufe, die intensive k\u00f6rperliche Bet\u00e4tigung erfordern,<\/li>\n<li>Haltungsst\u00f6rungen,<\/li>\n<li>Eine sitzende Lebensweise kann zu einer Verschlechterung der Bandscheiben f\u00fchren.<\/li>\n<\/ul>\n<h2>Was sind die Symptome einer degenerativen Bandscheibenerkrankung?<\/h2>\n<p> Das charakteristischste Symptom einer degenerativen Bandscheibenerkrankung sind Schmerzen, die in den Taillen- und H\u00fcftbereich ausstrahlen. Zunehmende Schmerzen bei Bewegung k\u00f6nnen ebenfalls auf das Vorliegen dieser Krankheit hinweisen. Auch das Beugen und Seitw\u00e4rtsdrehen, insbesondere beim schweren Tragen, verst\u00e4rkt die Schmerzintensit\u00e4t. Aufgrund der Schmerzen sind die t\u00e4glichen Aktivit\u00e4ten und Bewegungen von Menschen mit degenerativer Bandscheibenerkrankung eingeschr\u00e4nkt. Es kann die Lebensqualit\u00e4t ernsthaft beeintr\u00e4chtigen und die Psyche der Patienten st\u00f6ren.     <\/p>\n<h2>diagnostischer Prozess<\/h2>\n<p> Die Diagnose der Krankheit wird nach der klinischen Untersuchung und der Anh\u00f6rung des Patienten mit verschiedenen Untersuchungen gestellt. Dabei kommen radiologische Bildgebungsverfahren wie MRI (Magnetresonanz) und CT (Computertomographie) zum Einsatz. Wenn diese beiden Untersuchungen keine ausreichenden Ergebnisse liefern, wird eine Diskographie durchgef\u00fchrt. Bei dieser Anwendung wird eine gef\u00e4rbte Substanz in die Bandscheibe injiziert. Auf diese Weise wird das Innere der Bandscheibe detailliert sichtbar gemacht und die Krankheit diagnostiziert.<br \/>\u00dcbersetzt mit DeepL.com (kostenlose Version)     <\/p>\n<h2>Behandlung von degenerativen Bandscheibenerkrankungen<\/h2>\n<p> Das Hauptziel bei der Behandlung degenerativer Bandscheibenerkrankungen ist die Verbesserung der Lebensqualit\u00e4t des Patienten durch Schmerzlinderung. Anf\u00e4nglich k\u00f6nnen Schmerzmittel ausreichend sein. \u00dcber einen gewissen Zeitraum k\u00f6nnen auch physiotherapeutische Methoden angewandt werden. Die St\u00e4rkung der Muskulatur ist ein wichtiger Bestandteil der Behandlung. Die Patienten sollten die k\u00f6rperliche Bet\u00e4tigung nicht vernachl\u00e4ssigen. Die Taillen- und Bauchmuskulatur sollte mit speziellen \u00dcbungsprogrammen gest\u00e4rkt werden, die zu diesem Zweck unter der Aufsicht eines Facharztes durchgef\u00fchrt werden, und bei \u00dcbergewicht sollte f\u00fcr eine Gewichtsabnahme gesorgt werden. Bei Patienten, die mit diesen Methoden keine ausreichende Besserung erzielen, k\u00f6nnen die folgenden Methoden angewandt werden:<br \/>\u00dcbersetzt mit DeepL.com (kostenlose Version)       <\/p>\n<ul>\n<li>Elektrothermische Therapie, bei der Elektroden in die Bandscheibe eingebracht werden,<\/li>\n<li>Intra-Scheiben-Ozontherapie<\/li>\n<li>Intradiskale Injektionen von PRP oder SVF.<\/li>\n<\/ul>\n<p> Bei sehr fortgeschrittenen Patienten kann ein chirurgischer Eingriff erforderlich sein, wenn die Bandscheibenh\u00f6he auf Null reduziert ist.[\/vc_column_text][vc_separator color=&#8221;custom&#8221; accent_color=&#8221;rgba(0,0,0,0.1)&#8221; css=&#8221;.vc_custom_1608195050020{margin-top: 10px !important;}&#8221;][\/vc_column][\/vc_row][vc_row][vc_column][\/vc_column][\/vc_row]<\/p>\n","protected":false},"excerpt":{"rendered":"<p>[vc_row css=&#8221;.vc_custom_1622016079265{padding-top: 60px !important;padding-bottom: 60px !important;}&#8221;][vc_column enable_pin=&#8221;enable_pin&#8221; width=&#8221;5\/12&#8243; offset=&#8221;vc_col-md-4&#8243; responsive_css=&#8221;padding_right_medium:7%25&#8243;][vc_row_inner][vc_column_inner responsive_css=&#8221;margin_bottom_medium:45px&#8221; css=&#8221;.vc_custom_1608194013763{margin-bottom: 30px !important;}&#8221;][\/vc_column_inner][vc_column_inner css=&#8221;.vc_custom_1608195737477{margin-bottom: 30px !important;padding-top: 35px !important;padding-right: 20px !important;padding-bottom: 35px !important;padding-left: 20px !important;background-color: #f7f8fa !important;border-radius: 5px !important;}&#8221; responsive_css=&#8221;margin_bottom_medium:45px|padding_right_medium:35px|padding_left_medium:35px&#8221;][\/vc_column_inner][vc_column_inner css=&#8221;.vc_custom_1608195709893{border-top-width: 1px !important;border-right-width: 1px !important;border-bottom-width: 1px !important;border-left-width: 1px !important;padding-top: 20px !important;padding-right: 20px !important;padding-bottom: 20px !important;padding-left: 20px !important;border-left-color: rgba(112,112,112,0.15) !important;border-left-style: solid !important;border-right-color: rgba(112,112,112,0.15) !important;border-right-style: solid !important;border-top-color: [&hellip;]<\/p>\n","protected":false},"author":1,"featured_media":0,"parent":4594,"menu_order":0,"comment_status":"closed","ping_status":"closed","template":"","meta":{"footnotes":""},"class_list":["post-7063","page","type-page","status-publish","hentry"],"_links":{"self":[{"href":"https:\/\/profdrercangurses.com\/de\/wp-json\/wp\/v2\/pages\/7063","targetHints":{"allow":["GET"]}}],"collection":[{"href":"https:\/\/profdrercangurses.com\/de\/wp-json\/wp\/v2\/pages"}],"about":[{"href":"https:\/\/profdrercangurses.com\/de\/wp-json\/wp\/v2\/types\/page"}],"author":[{"embeddable":true,"href":"https:\/\/profdrercangurses.com\/de\/wp-json\/wp\/v2\/users\/1"}],"replies":[{"embeddable":true,"href":"https:\/\/profdrercangurses.com\/de\/wp-json\/wp\/v2\/comments?post=7063"}],"version-history":[{"count":0,"href":"https:\/\/profdrercangurses.com\/de\/wp-json\/wp\/v2\/pages\/7063\/revisions"}],"up":[{"embeddable":true,"href":"https:\/\/profdrercangurses.com\/de\/wp-json\/wp\/v2\/pages\/4594"}],"wp:attachment":[{"href":"https:\/\/profdrercangurses.com\/de\/wp-json\/wp\/v2\/media?parent=7063"}],"curies":[{"name":"wp","href":"https:\/\/api.w.org\/{rel}","templated":true}]}}