{"id":7072,"date":"2021-12-20T13:45:13","date_gmt":"2021-12-20T10:45:13","guid":{"rendered":"https:\/\/profdrercangurses.com\/schmerzen\/nackenschmerzen\/"},"modified":"2021-12-20T13:45:13","modified_gmt":"2021-12-20T10:45:13","slug":"nackenschmerzen","status":"publish","type":"page","link":"https:\/\/profdrercangurses.com\/de\/schmerzen\/nackenschmerzen\/","title":{"rendered":"Nackenschmerzen"},"content":{"rendered":"<p>[vc_row css=&#8221;.vc_custom_1622016079265{padding-top: 60px !important;padding-bottom: 60px !important;}&#8221;][vc_column enable_pin=&#8221;enable_pin&#8221; width=&#8221;5\/12&#8243; offset=&#8221;vc_col-md-4&#8243; responsive_css=&#8221;padding_right_medium:7%25&#8243;][vc_row_inner][vc_column_inner responsive_css=&#8221;margin_bottom_medium:45px&#8221; css=&#8221;.vc_custom_1608194013763{margin-bottom: 30px !important;}&#8221;]<style>.ld_custom_menu_69e1f7f42158d > ul > li > a{font-size:15px;font-weight:700;letter-spacing:0.01em;color:rgb(51, 51, 51);background:rgb(247, 248, 250);}.ld_custom_menu_69e1f7f42158d > ul > li:not(:last-child){margin-bottom:3px;}.lqd-stickybar > .lqd-head-col > .header-module > .ld_custom_menu_69e1f7f42158d li{margin-inline-start:3px;}.ld_custom_menu_69e1f7f42158d > ul > li > a:hover, .ld_custom_menu_69e1f7f42158d li.is-active > a{background:rgb(233, 233, 233);}<\/style><div\n\tclass=\"lqd-fancy-menu lqd-custom-menu menu-items-has-fill lqd-menu-td-none ld_custom_menu_69e1f7f42158d\"\n\t>\n\n<ul id=\"ld_custom_menu_69e1f7f42158d\" class=\"reset-ul   \" ><li id=\"menu-item-5406\" class=\"menu-item menu-item-type-post_type menu-item-object-page menu-item-5406\"><a href=\"https:\/\/profdrercangurses.com\/de\/schmerzen\/neuropathische-schmerzen-und-neuralgien\/\">Neuropathische Schmerzen und Neuralgien<\/a><\/li>\n<li id=\"menu-item-5388\" class=\"menu-item menu-item-type-post_type menu-item-object-page menu-item-5388\"><a href=\"https:\/\/profdrercangurses.com\/de\/schmerzen\/phantomschmerz\/\">Phantomschmerz<\/a><\/li>\n<li id=\"menu-item-5389\" class=\"menu-item menu-item-type-post_type menu-item-object-page menu-item-5389\"><a href=\"https:\/\/profdrercangurses.com\/de\/schmerzen\/gelenkschmerzen\/\">Gelenkschmerzen<\/a><\/li>\n<li id=\"menu-item-7069\" class=\"menu-item menu-item-type-post_type menu-item-object-page menu-item-7069\"><a href=\"https:\/\/profdrercangurses.com\/de\/schmerzen\/rueckenschmerzen\/schmerzen-im-iliosakralbereich\/\">Schmerzen im Iliosakralbereich<\/a><\/li>\n<\/ul><\/div>[\/vc_column_inner][vc_column_inner css=&#8221;.vc_custom_1608195737477{margin-bottom: 30px !important;padding-top: 35px !important;padding-right: 20px !important;padding-bottom: 35px !important;padding-left: 20px !important;background-color: #f7f8fa !important;border-radius: 5px !important;}&#8221; responsive_css=&#8221;margin_bottom_medium:45px|padding_right_medium:35px|padding_left_medium:35px&#8221;]<style>.ld_fancy_heading_69e1f7f428db3 h3 {font-size:19px; } .ld_fancy_heading_69e1f7f428db3 h3 {margin-bottom:1.25em !important;  } .ld_fancy_heading_69e1f7f428db3 .lqd-highlight-inner{height:0.275em!important;bottom:0px!important;}.ld_fancy_heading_69e1f7f428db3 h3 {font-size:19px; } .ld_fancy_heading_69e1f7f428db3 h3 {margin-bottom:1.25em !important;  } <\/style><div class=\"ld-fancy-heading ld_fancy_heading_69e1f7f428db3\">\n\t<h3 class=\"ld-fh-element lqd-highlight-underline lqd-highlight-grow-left text-decoration-default\"   >  Kontakt<\/h3><\/div><style>.ld_cf7_69e1f7f4297f7 input,.ld_cf7_69e1f7f4297f7 textarea,.ld_cf7_69e1f7f4297f7 .ui-button.ui-selectmenu-button{font-size:15px;}.ld_cf7_69e1f7f4297f7 input[type=\"submit\"]{font-size:15px;background:rgb(24, 67, 65);border-color:rgb(24, 67, 65);}.ld_cf7_69e1f7f4297f7 input, .ld_cf7_69e1f7f4297f7 select, .ld_cf7_69e1f7f4297f7 textarea, .ld_cf7_69e1f7f4297f7 .ui-button.ui-selectmenu-button{background:rgb(255, 255, 255);}.ld_cf7_69e1f7f4297f7 input, .ld_cf7_69e1f7f4297f7 select, .ld_cf7_69e1f7f4297f7 textarea, .ld_cf7_69e1f7f4297f7 .ui-button.ui-selectmenu-button, .ld_cf7_69e1f7f4297f7 .wpcf7-form-control-wrap > i, .ld_cf7_69e1f7f4297f7 .wpcf7-radio{color:rgb(127, 130, 132);}.ld_cf7_69e1f7f4297f7 input:focus, .ld_cf7_69e1f7f4297f7 select:focus, .ld_cf7_69e1f7f4297f7 textarea:focus, .ld_cf7_69e1f7f4297f7 .ui-button.ui-selectmenu-button:hover, .wpcf7-acceptance .wpcf7-list-item-label:after{color:rgb(0, 0, 0);}.ld_cf7_69e1f7f4297f7 .wpcf7-form-control-wrap{margin-bottom:10px;}<\/style><div id=\"ld_cf7_69e1f7f4297f7\" class=\"lqd-contact-form lqd-contact-form-inputs-filled lqd-contact-form-inputs-round lqd-contact-form-button-block lqd-contact-form-button-round ld_cf7_69e1f7f4297f7 vc_custom_1622015176992\">\n\t\n<div class=\"wpcf7 no-js\" id=\"wpcf7-f74-o1\" lang=\"en-US\" dir=\"ltr\" data-wpcf7-id=\"74\">\n<div class=\"screen-reader-response\"><p role=\"status\" aria-live=\"polite\" aria-atomic=\"true\"><\/p> <ul><\/ul><\/div>\n<form action=\"\/de\/wp-json\/wp\/v2\/pages\/7072#wpcf7-f74-o1\" method=\"post\" class=\"wpcf7-form init\" aria-label=\"Contact form\" novalidate=\"novalidate\" data-status=\"init\">\n<fieldset class=\"hidden-fields-container\"><input type=\"hidden\" name=\"_wpcf7\" value=\"74\" \/><input type=\"hidden\" name=\"_wpcf7_version\" value=\"6.1.5\" \/><input type=\"hidden\" name=\"_wpcf7_locale\" value=\"en_US\" \/><input type=\"hidden\" name=\"_wpcf7_unit_tag\" value=\"wpcf7-f74-o1\" \/><input type=\"hidden\" name=\"_wpcf7_container_post\" value=\"0\" \/><input type=\"hidden\" name=\"_wpcf7_posted_data_hash\" value=\"\" \/><input type=\"hidden\" name=\"_wpcf7_recaptcha_response\" value=\"\" \/>\n<\/fieldset>\n<p><span class=\"wpcf7-form-control-wrap\" data-name=\"text-775\"><input size=\"40\" maxlength=\"400\" class=\"wpcf7-form-control wpcf7-text wpcf7-validates-as-required\" aria-required=\"true\" aria-invalid=\"false\" placeholder=\"Ad\u0131n\u0131z\" value=\"\" type=\"text\" name=\"text-775\" \/><\/span><span class=\"wpcf7-form-control-wrap\" data-name=\"email-550\"><input size=\"40\" maxlength=\"400\" class=\"wpcf7-form-control wpcf7-email wpcf7-validates-as-required wpcf7-text wpcf7-validates-as-email\" aria-required=\"true\" aria-invalid=\"false\" placeholder=\"Email adresiniz\" value=\"\" type=\"email\" name=\"email-550\" \/><\/span><span class=\"wpcf7-form-control-wrap\" data-name=\"textarea-138\"><textarea cols=\"10\" rows=\"4\" maxlength=\"2000\" class=\"wpcf7-form-control wpcf7-textarea wpcf7-validates-as-required\" aria-required=\"true\" aria-invalid=\"false\" placeholder=\"Mesaj\u0131n\u0131z\" name=\"textarea-138\"><\/textarea><\/span><input class=\"wpcf7-form-control wpcf7-submit has-spinner\" type=\"submit\" value=\"G\u00f6nder\" \/>\n<\/p><p style=\"display: none !important;\" class=\"akismet-fields-container\" data-prefix=\"_wpcf7_ak_\"><label>&#916;<textarea name=\"_wpcf7_ak_hp_textarea\" cols=\"45\" rows=\"8\" maxlength=\"100\"><\/textarea><\/label><input type=\"hidden\" id=\"ak_js_1\" name=\"_wpcf7_ak_js\" value=\"49\"\/><script>document.getElementById( \"ak_js_1\" ).setAttribute( \"value\", ( new Date() ).getTime() );<\/script><\/p><div class=\"wpcf7-response-output\" aria-hidden=\"true\"><\/div>\n<\/form>\n<\/div>\n<\/div>[\/vc_column_inner][vc_column_inner css=&#8221;.vc_custom_1608195709893{border-top-width: 1px !important;border-right-width: 1px !important;border-bottom-width: 1px !important;border-left-width: 1px !important;padding-top: 20px !important;padding-right: 20px !important;padding-bottom: 20px !important;padding-left: 20px !important;border-left-color: rgba(112,112,112,0.15) !important;border-left-style: solid !important;border-right-color: rgba(112,112,112,0.15) !important;border-right-style: solid !important;border-top-color: rgba(112,112,112,0.15) !important;border-top-style: solid !important;border-bottom-color: rgba(112,112,112,0.15) !important;border-bottom-style: solid !important;border-radius: 3px !important;}&#8221; responsive_css=&#8221;padding_right_large:35px|padding_left_large:50px|padding_right_medium:15px|padding_left_medium:15px|padding_right_small:10px|padding_left_small:10px&#8221;]<style>.ld_icon_box_69e1f7f42c4e1 .iconbox-icon-container{color:rgb(38, 176, 95);font-size:20px;width:65px !important;height:65px !important;background:rgba(38, 176, 95, 0.1);border-radius:px;}.ld_icon_box_69e1f7f42c4e1 .iconbox-icon-container:before{border-color:rgba(38, 176, 95, 0.1);}.ld_icon_box_69e1f7f42c4e1 .lqd-iconbox-title{color:rgb(160, 160, 160);margin-bottom:1px;font-size:15px;}<\/style>\n<div class=\"iconbox iconbox-side text-align-default align-items-center iconbox-circle ld_icon_box_69e1f7f42c4e1 vc_custom_1639992354483\" id=\"ld_icon_box_69e1f7f42c4e1\"  data-animate-icon=\"true\" data-plugin-options='{\"color\":\"rgb(38, 176, 95)\"}'  >\n\t\n\t\t\t\t\t\n\t\n\t<div class=\"iconbox-icon-wrap\"><span class=\"iconbox-icon-container\"><i class=\"lqd-icn-ess icon-lqd-mobile\"><\/i><\/span><\/div>\t\n\t\t\n\t<div class=\"contents\">\t\n\t\t\n\t<h3 class=\"lqd-iconbox-title font-weight-medium\">\u0130leti\u015fim Bilgisi:<\/h3>\t<p><a href=\"tel:+905551958888\">0555 195 88 88<\/a><\/p>\n\t\t\n\t<\/div>\t\n\t\n<\/div>\n[\/vc_column_inner][\/vc_row_inner][\/vc_column][vc_column width=&#8221;2\/3&#8243; column_top_ontablet=&#8221;yes&#8221; column_top_onmobile=&#8221;yes&#8221; offset=&#8221;vc_col-md-offset-0 vc_col-md-8&#8243; responsive_css=&#8221;margin_bottom_medium:0px&#8221; css=&#8221;.vc_custom_1610729062932{margin-bottom: 35px !important;}&#8221;]<style>.ld_content_box_69e1f7f42cf0c .lqd-fb-content-title{font-weight:700 !important;}.ld_content_box_69e1f7f42cf0c .lqd-fb-bg{background:-webkit-linear-gradient(180deg, rgba(255, 255, 255, 0) 0%, rgba(24, 27, 49, 0.6) 100%);background:linear-gradient(180deg, rgba(255, 255, 255, 0) 0%, rgba(24, 27, 49, 0.6) 100%);}<\/style><div id=\"ld_content_box_69e1f7f42cf0c\" class=\"lqd-fb lqd-fb-style-1 lqd-fb-style-1-3 round pos-rel overflow-hidden lqd-fb-zoom-img-onhover h-pt-60 ld_content_box_69e1f7f42cf0c\" data-inview=\"true\">\n\t<div class=\"lqd-fb-inner lqd-overlay\">\n\n\t\t<div class=\"lqd-fb-img lqd-overlay overflow-hidden\">\n\n\t\t<figure data-responsive-bg=\"true\"><img decoding=\"async\" width=\"1080\" height=\"900\" data-src=\"https:\/\/profdrercangurses.com\/wp-content\/uploads\/2021\/12\/boyunagrilari.jpg\" class=\"w-100 invisible lazyload\" alt=\"\" data-srcset=\"https:\/\/profdrercangurses.com\/wp-content\/uploads\/2021\/12\/boyunagrilari.jpg 1080w, https:\/\/profdrercangurses.com\/wp-content\/uploads\/2021\/12\/boyunagrilari-300x250.jpg 300w, https:\/\/profdrercangurses.com\/wp-content\/uploads\/2021\/12\/boyunagrilari-1024x853.jpg 1024w\" data-sizes=\"(max-width: 1080px) 100vw, 1080px\" itemprop=\"image\" title=\"\" src=\"data:image\/svg+xml;base64,PHN2ZyB3aWR0aD0iMSIgaGVpZ2h0PSIxIiB4bWxucz0iaHR0cDovL3d3dy53My5vcmcvMjAwMC9zdmciPjwvc3ZnPg==\" style=\"--smush-placeholder-width: 1080px; --smush-placeholder-aspect-ratio: 1080\/900;\"><\/figure>\t\t\n\t\t<\/div>\n\n\t\t<div class=\"lqd-fb-content lqd-overlay align-items-end\">\n\t\t\t<div class=\"lqd-fb-bg lqd-overlay\"><\/div>\n\t\t\t<div class=\"lqd-fb-hover-overlay lqd-overlay\"><\/div>\n\t\t\t<div class=\"lqd-fb-content-inner d-flex flex-column justify-content-end pos-rel h-100 w-100 w-md-75 p-4 p-md-8\">\n\t\t\t\t\n\t\t\t\t\t\t\t\t\n\t\t\t\t<div\n\t\t\t\tclass=\"lqd-fb-content-bottom mt-auto\"\n\t\t\t\tdata-custom-animations=\"true\"\n\t\t\t\tdata-ca-options='{ \"triggerHandler\": \"inview\", \"animationTarget\": \"all-childs\", \"duration\": 1200, \"delay\": 120,  \"startDelay\": 300, \"initValues\": { \"y\": 30, \"opacity\": 0 }, \"animations\": { \"y\": 0, \"opacity\": 1 } }'>\n\t\t\t\t\t\n\t\t\t\t\t\t\t\t\t\t<h2\t\t\t\t\tclass=\"lqd-fb-content-title my-0 mb-3\"\n\t\t\t\t\tdata-split-text=\"true\" data-split-options='{ \"type\": \"lines\" }'>Nackenschmerzen\t\t\t\t\t<\/h2>\n\t\t\t\t\t\t\t\t\t\t\n\t\t\t\t\t\n\t\t\t\t\t\t\t\t\t\t<p\n\t\t\t\t\tclass=\"my-0 mb-5\"\n\t\t\t\t\tdata-split-text=\"true\" data-split-options='{ \"type\": \"lines\" }'>Unser Nacken ist einer der Bereiche, die wir im Laufe des Tages am meisten bewegen. An der Verbindungsstelle zwischen Kopf, Schultern und Armen gelegen, hat der Nacken viele wichtige Aufgaben. <\/p>\n\t\t\t\t\t\n\t\t\t\t\t\n\t\t\t\t<\/div>\n\t\t\t\t\n\t\t\t<\/div>\n\t\t<\/div>\n\n\t<\/div>\n<\/div>\n[vc_column_text]Der Nacken ist nicht nur Tr\u00e4ger des Kopfes, sondern stellt auch die neurale Verbindung zwischen R\u00fcckenmark, Gehirn, Armen und dem Rest des K\u00f6rpers her. Da es sich um einen beweglichen Bereich handelt, ist er anf\u00e4llig f\u00fcr Verletzungen und Sch\u00e4den, was zu Nackenschmerzen f\u00fchrt, die jeder Mensch in seinem t\u00e4glichen Leben erlebt. Nackenschmerzen k\u00f6nnen in jedem Alter aus den unterschiedlichsten Gr\u00fcnden auftreten. Die zweith\u00e4ufigste Schmerzart nach der Taille sind Nacken- und Nackenschmerzen. Da es sich um einen Verbindungspunkt handelt, wird bei vielen Patienten, die sich mit Schulter-, Arm- oder Kopfschmerzen an den Arzt wenden, auch festgestellt, dass das Problem durch St\u00f6rungen der Nackenmuskulatur und anderer damit verbundener Strukturen verursacht wird.     <\/p>\n<h2>Symptome von Nackenschmerzen<\/h2>\n<p> Es gibt 3 verschiedene Arten von Nackenschmerzen: akute, subakute und chronische. F\u00e4lle, in denen die Schmerzen weniger als einen Monat andauern, gelten als akut, F\u00e4lle, die 4-12 Wochen andauern, als subakut, und F\u00e4lle, die l\u00e4nger als 3 Monate andauern, als chronische Nackenschmerzen. Nackenschmerzen k\u00f6nnen sich auf unterschiedliche Weise \u00e4u\u00dfern. Die Symptome von Nackenschmerzen sind wie folgt:    <\/p>\n<ul>\n<li>Schmerzen beim Bewegen des Kopfes und Schwierigkeiten, ihn von einer Seite auf die andere zu drehen; steifer Nacken,<\/li>\n<li>Scharfer Schmerz in einem Teil des Halses, meist im unteren Bereich,<\/li>\n<li>Leichte, aber anhaltende Schmerzen im Nackenbereich oder an einem einzigen Punkt,<\/li>\n<li>Brennendes Gef\u00fchl, das vom Nacken ausgeht und sich auf die Schultern und Arme ausbreitet,<\/li>\n<li>Kribbeln und Taubheitsgef\u00fchl im Nacken, in den Armen, Fingern und Schultern,<\/li>\n<li>Kopfschmerz vom Spannungstyp mit Ursprung im Nacken<\/li>\n<\/ul>\n<h2>Was verursacht Nackenschmerzen?<\/h2>\n<p> Schmerzen im Nacken oder Hals sind in der Regel stumpfe Schmerzen. Das hei\u00dft, es wird ein Taubheitsgef\u00fchl, ein Kribbeln oder ein stromschlagartiger Schmerz empfunden. Eine Bewegung des Halses kann die Intensit\u00e4t des Schmerzes verst\u00e4rken. Manchmal kann der Schmerz von Schwindel begleitet sein. Was sind also die Ursachen f\u00fcr Nackenschmerzen? Erkrankungen von Muskeln, B\u00e4ndern, Knochen oder Bandscheiben, Traumata, Verletzungen, geschwollene Lymphknoten, Tumore, Herz- und Lungenkrankheiten sowie eine Verengung des Halskanals k\u00f6nnen Nackenschmerzen verursachen. Die beiden h\u00e4ufigsten Erkrankungen, die Nackenschmerzen verursachen, sind Nackenbr\u00fcche und Verkalkungen. <strong>Ein Bandscheibenvorfall<\/strong> ist eine Erkrankung, bei der die Bandscheiben im Nacken aus verschiedenen Gr\u00fcnden degenerieren, die gelartige Fl\u00fcssigkeit im Inneren der Bandscheiben austritt und auf das R\u00fcckenmark und die Nerven dr\u00fcckt. Bei <strong>der zervikalen Arthrose<\/strong> handelt es sich dagegen um die Bildung von Knochenvorspr\u00fcngen (Knochenstacheln) und strukturelle St\u00f6rungen in den Gelenken aufgrund von Rissen oder Abnutzung der Bandscheiben im Halsbereich.         <\/p>\n<h2>Diagnostik und Diagnose von Nackenschmerzen<\/h2>\n<p> Zu den Symptomen von Nackenschmerzen geh\u00f6ren Nackensteifigkeit, stechende, punktuelle Schmerzen, sich im gesamten Nacken ausbreitende Schmerzen, Schmerzen, die auf den Kopf schlagen, und kribbelnde Schmerzen, die Schwierigkeiten beim Heben von Gegenst\u00e4nden verursachen. Bei der Diagnose und Abkl\u00e4rung von Nackenschmerzen ist es notwendig, sich anzusehen, welche Symptome der Patient versp\u00fcrt. Die Diagnose von Nackenschmerzen wird anhand der Ergebnisse von bildgebenden Verfahren und Bluttests gestellt, die der Arzt nach der Anamnese und k\u00f6rperlichen Untersuchung des Patienten anordnet.   <\/p>\n<h2>Wie werden Nackenschmerzen behandelt?<\/h2>\n<p> \u201eWie lindert man Nackenschmerzen\u201c ist ein Thema, das viele Patienten interessiert. Anstatt jedoch zu versuchen, Nackenschmerzen mit Informationen vom H\u00f6rensagen zu lindern, sollte bei anhaltenden und hartn\u00e4ckigen Schmerzen ein Facharzt aufgesucht werden. \u00dcber die Behandlung von Nackenschmerzen wird entschieden, nachdem die Ursache der Schmerzen ermittelt wurde. Die Behandlungsmethoden f\u00fcr Nackenschmerzen sind wie folgt:    <\/p>\n<ul>\n<li>Medikamente<\/li>\n<li>Epidurale Steroidinjektionen<\/li>\n<li>Nervenblockaden<\/li>\n<li>Injektion von Facettennerven und Radiofrequenzanwendungen<\/li>\n<li>Hintere Wurzelinjektion und Radiofrequenzanwendungen<\/li>\n<li>Intra-Scheiben-Ozontherapie<\/li>\n<li>Thermische Radiofrequenz-Anwendungen in der Scheibe<\/li>\n<li>Intradisc-Laseranwendungen<\/li>\n<\/ul>\n<p>[\/vc_column_text][vc_separator color=&#8221;custom&#8221; accent_color=&#8221;rgba(0,0,0,0.1)&#8221; css=&#8221;.vc_custom_1608195050020{margin-top: 10px !important;}&#8221;][\/vc_column][\/vc_row][vc_row][vc_column][\/vc_column][\/vc_row]<\/p>\n","protected":false},"excerpt":{"rendered":"<p>[vc_row css=&#8221;.vc_custom_1622016079265{padding-top: 60px !important;padding-bottom: 60px !important;}&#8221;][vc_column enable_pin=&#8221;enable_pin&#8221; width=&#8221;5\/12&#8243; offset=&#8221;vc_col-md-4&#8243; responsive_css=&#8221;padding_right_medium:7%25&#8243;][vc_row_inner][vc_column_inner responsive_css=&#8221;margin_bottom_medium:45px&#8221; css=&#8221;.vc_custom_1608194013763{margin-bottom: 30px !important;}&#8221;][\/vc_column_inner][vc_column_inner css=&#8221;.vc_custom_1608195737477{margin-bottom: 30px !important;padding-top: 35px !important;padding-right: 20px !important;padding-bottom: 35px !important;padding-left: 20px !important;background-color: #f7f8fa !important;border-radius: 5px !important;}&#8221; responsive_css=&#8221;margin_bottom_medium:45px|padding_right_medium:35px|padding_left_medium:35px&#8221;][\/vc_column_inner][vc_column_inner css=&#8221;.vc_custom_1608195709893{border-top-width: 1px !important;border-right-width: 1px !important;border-bottom-width: 1px !important;border-left-width: 1px !important;padding-top: 20px !important;padding-right: 20px !important;padding-bottom: 20px !important;padding-left: 20px !important;border-left-color: rgba(112,112,112,0.15) !important;border-left-style: solid !important;border-right-color: rgba(112,112,112,0.15) !important;border-right-style: solid !important;border-top-color: [&hellip;]<\/p>\n","protected":false},"author":1,"featured_media":0,"parent":7059,"menu_order":0,"comment_status":"closed","ping_status":"closed","template":"","meta":{"footnotes":""},"class_list":["post-7072","page","type-page","status-publish","hentry"],"_links":{"self":[{"href":"https:\/\/profdrercangurses.com\/de\/wp-json\/wp\/v2\/pages\/7072","targetHints":{"allow":["GET"]}}],"collection":[{"href":"https:\/\/profdrercangurses.com\/de\/wp-json\/wp\/v2\/pages"}],"about":[{"href":"https:\/\/profdrercangurses.com\/de\/wp-json\/wp\/v2\/types\/page"}],"author":[{"embeddable":true,"href":"https:\/\/profdrercangurses.com\/de\/wp-json\/wp\/v2\/users\/1"}],"replies":[{"embeddable":true,"href":"https:\/\/profdrercangurses.com\/de\/wp-json\/wp\/v2\/comments?post=7072"}],"version-history":[{"count":0,"href":"https:\/\/profdrercangurses.com\/de\/wp-json\/wp\/v2\/pages\/7072\/revisions"}],"up":[{"embeddable":true,"href":"https:\/\/profdrercangurses.com\/de\/wp-json\/wp\/v2\/pages\/7059"}],"wp:attachment":[{"href":"https:\/\/profdrercangurses.com\/de\/wp-json\/wp\/v2\/media?parent=7072"}],"curies":[{"name":"wp","href":"https:\/\/api.w.org\/{rel}","templated":true}]}}