{"id":7073,"date":"2021-12-20T13:57:26","date_gmt":"2021-12-20T10:57:26","guid":{"rendered":"https:\/\/profdrercangurses.com\/schmerzen\/schmerzen-in-der-brust\/"},"modified":"2021-12-20T13:57:26","modified_gmt":"2021-12-20T10:57:26","slug":"schmerzen-in-der-brust","status":"publish","type":"page","link":"https:\/\/profdrercangurses.com\/de\/schmerzen\/schmerzen-in-der-brust\/","title":{"rendered":"Schmerzen in der Brust"},"content":{"rendered":"<p>[vc_row css=&#8221;.vc_custom_1622016079265{padding-top: 60px !important;padding-bottom: 60px !important;}&#8221;][vc_column enable_pin=&#8221;enable_pin&#8221; width=&#8221;5\/12&#8243; offset=&#8221;vc_col-md-4&#8243; responsive_css=&#8221;padding_right_medium:7%25&#8243;][vc_row_inner][vc_column_inner responsive_css=&#8221;margin_bottom_medium:45px&#8221; css=&#8221;.vc_custom_1608194013763{margin-bottom: 30px !important;}&#8221;]<style>.ld_custom_menu_69e94eb8ee9b3 > ul > li > a{font-size:15px;font-weight:700;letter-spacing:0.01em;color:rgb(51, 51, 51);background:rgb(247, 248, 250);}.ld_custom_menu_69e94eb8ee9b3 > ul > li:not(:last-child){margin-bottom:3px;}.lqd-stickybar > .lqd-head-col > .header-module > .ld_custom_menu_69e94eb8ee9b3 li{margin-inline-start:3px;}.ld_custom_menu_69e94eb8ee9b3 > ul > li > a:hover, .ld_custom_menu_69e94eb8ee9b3 li.is-active > a{background:rgb(233, 233, 233);}<\/style><div\n\tclass=\"lqd-fancy-menu lqd-custom-menu menu-items-has-fill lqd-menu-td-none ld_custom_menu_69e94eb8ee9b3\"\n\t>\n\n<ul id=\"ld_custom_menu_69e94eb8ee9b3\" class=\"reset-ul   \" ><li id=\"menu-item-5406\" class=\"menu-item menu-item-type-post_type menu-item-object-page menu-item-5406\"><a href=\"https:\/\/profdrercangurses.com\/de\/schmerzen\/neuropathische-schmerzen-und-neuralgien\/\">Neuropathische Schmerzen und Neuralgien<\/a><\/li>\n<li id=\"menu-item-5388\" class=\"menu-item menu-item-type-post_type menu-item-object-page menu-item-5388\"><a href=\"https:\/\/profdrercangurses.com\/de\/schmerzen\/phantomschmerz\/\">Phantomschmerz<\/a><\/li>\n<li id=\"menu-item-5389\" class=\"menu-item menu-item-type-post_type menu-item-object-page menu-item-5389\"><a href=\"https:\/\/profdrercangurses.com\/de\/schmerzen\/gelenkschmerzen\/\">Gelenkschmerzen<\/a><\/li>\n<li id=\"menu-item-7069\" class=\"menu-item menu-item-type-post_type menu-item-object-page menu-item-7069\"><a href=\"https:\/\/profdrercangurses.com\/de\/schmerzen\/rueckenschmerzen\/schmerzen-im-iliosakralbereich\/\">Schmerzen im Iliosakralbereich<\/a><\/li>\n<\/ul><\/div>[\/vc_column_inner][vc_column_inner css=&#8221;.vc_custom_1608195737477{margin-bottom: 30px !important;padding-top: 35px !important;padding-right: 20px !important;padding-bottom: 35px !important;padding-left: 20px !important;background-color: #f7f8fa !important;border-radius: 5px !important;}&#8221; responsive_css=&#8221;margin_bottom_medium:45px|padding_right_medium:35px|padding_left_medium:35px&#8221;]<style>.ld_fancy_heading_69e94eb8f32ad h3 {font-size:19px; } .ld_fancy_heading_69e94eb8f32ad h3 {margin-bottom:1.25em !important;  } .ld_fancy_heading_69e94eb8f32ad .lqd-highlight-inner{height:0.275em!important;bottom:0px!important;}.ld_fancy_heading_69e94eb8f32ad h3 {font-size:19px; } .ld_fancy_heading_69e94eb8f32ad h3 {margin-bottom:1.25em !important;  } <\/style><div class=\"ld-fancy-heading ld_fancy_heading_69e94eb8f32ad\">\n\t<h3 class=\"ld-fh-element lqd-highlight-underline lqd-highlight-grow-left text-decoration-default\"   >  Kontakt<\/h3><\/div><style>.ld_cf7_69e94eb8f350b input,.ld_cf7_69e94eb8f350b textarea,.ld_cf7_69e94eb8f350b .ui-button.ui-selectmenu-button{font-size:15px;}.ld_cf7_69e94eb8f350b input[type=\"submit\"]{font-size:15px;background:rgb(24, 67, 65);border-color:rgb(24, 67, 65);}.ld_cf7_69e94eb8f350b input, .ld_cf7_69e94eb8f350b select, .ld_cf7_69e94eb8f350b textarea, .ld_cf7_69e94eb8f350b .ui-button.ui-selectmenu-button{background:rgb(255, 255, 255);}.ld_cf7_69e94eb8f350b input, .ld_cf7_69e94eb8f350b select, .ld_cf7_69e94eb8f350b textarea, .ld_cf7_69e94eb8f350b .ui-button.ui-selectmenu-button, .ld_cf7_69e94eb8f350b .wpcf7-form-control-wrap > i, .ld_cf7_69e94eb8f350b .wpcf7-radio{color:rgb(127, 130, 132);}.ld_cf7_69e94eb8f350b input:focus, .ld_cf7_69e94eb8f350b select:focus, .ld_cf7_69e94eb8f350b textarea:focus, .ld_cf7_69e94eb8f350b .ui-button.ui-selectmenu-button:hover, .wpcf7-acceptance .wpcf7-list-item-label:after{color:rgb(0, 0, 0);}.ld_cf7_69e94eb8f350b .wpcf7-form-control-wrap{margin-bottom:10px;}<\/style><div id=\"ld_cf7_69e94eb8f350b\" class=\"lqd-contact-form lqd-contact-form-inputs-filled lqd-contact-form-inputs-round lqd-contact-form-button-block lqd-contact-form-button-round ld_cf7_69e94eb8f350b vc_custom_1622015176992\">\n\t\n<div class=\"wpcf7 no-js\" id=\"wpcf7-f74-o1\" lang=\"en-US\" dir=\"ltr\" data-wpcf7-id=\"74\">\n<div class=\"screen-reader-response\"><p role=\"status\" aria-live=\"polite\" aria-atomic=\"true\"><\/p> <ul><\/ul><\/div>\n<form action=\"\/de\/wp-json\/wp\/v2\/pages\/7073#wpcf7-f74-o1\" method=\"post\" class=\"wpcf7-form init\" aria-label=\"Contact form\" novalidate=\"novalidate\" data-status=\"init\">\n<fieldset class=\"hidden-fields-container\"><input type=\"hidden\" name=\"_wpcf7\" value=\"74\" \/><input type=\"hidden\" name=\"_wpcf7_version\" value=\"6.1.5\" \/><input type=\"hidden\" name=\"_wpcf7_locale\" value=\"en_US\" \/><input type=\"hidden\" name=\"_wpcf7_unit_tag\" value=\"wpcf7-f74-o1\" \/><input type=\"hidden\" name=\"_wpcf7_container_post\" value=\"0\" \/><input type=\"hidden\" name=\"_wpcf7_posted_data_hash\" value=\"\" \/><input type=\"hidden\" name=\"_wpcf7_recaptcha_response\" value=\"\" \/>\n<\/fieldset>\n<p><span class=\"wpcf7-form-control-wrap\" data-name=\"text-775\"><input size=\"40\" maxlength=\"400\" class=\"wpcf7-form-control wpcf7-text wpcf7-validates-as-required\" aria-required=\"true\" aria-invalid=\"false\" placeholder=\"Ad\u0131n\u0131z\" value=\"\" type=\"text\" name=\"text-775\" \/><\/span><span class=\"wpcf7-form-control-wrap\" data-name=\"email-550\"><input size=\"40\" maxlength=\"400\" class=\"wpcf7-form-control wpcf7-email wpcf7-validates-as-required wpcf7-text wpcf7-validates-as-email\" aria-required=\"true\" aria-invalid=\"false\" placeholder=\"Email adresiniz\" value=\"\" type=\"email\" name=\"email-550\" \/><\/span><span class=\"wpcf7-form-control-wrap\" data-name=\"textarea-138\"><textarea cols=\"10\" rows=\"4\" maxlength=\"2000\" class=\"wpcf7-form-control wpcf7-textarea wpcf7-validates-as-required\" aria-required=\"true\" aria-invalid=\"false\" placeholder=\"Mesaj\u0131n\u0131z\" name=\"textarea-138\"><\/textarea><\/span><input class=\"wpcf7-form-control wpcf7-submit has-spinner\" type=\"submit\" value=\"G\u00f6nder\" \/>\n<\/p><p style=\"display: none !important;\" class=\"akismet-fields-container\" data-prefix=\"_wpcf7_ak_\"><label>&#916;<textarea name=\"_wpcf7_ak_hp_textarea\" cols=\"45\" rows=\"8\" maxlength=\"100\"><\/textarea><\/label><input type=\"hidden\" id=\"ak_js_1\" name=\"_wpcf7_ak_js\" value=\"122\"\/><script>document.getElementById( \"ak_js_1\" ).setAttribute( \"value\", ( new Date() ).getTime() );<\/script><\/p><div class=\"wpcf7-response-output\" aria-hidden=\"true\"><\/div>\n<\/form>\n<\/div>\n<\/div>[\/vc_column_inner][vc_column_inner css=&#8221;.vc_custom_1608195709893{border-top-width: 1px !important;border-right-width: 1px !important;border-bottom-width: 1px !important;border-left-width: 1px !important;padding-top: 20px !important;padding-right: 20px !important;padding-bottom: 20px !important;padding-left: 20px !important;border-left-color: rgba(112,112,112,0.15) !important;border-left-style: solid !important;border-right-color: rgba(112,112,112,0.15) !important;border-right-style: solid !important;border-top-color: rgba(112,112,112,0.15) !important;border-top-style: solid !important;border-bottom-color: rgba(112,112,112,0.15) !important;border-bottom-style: solid !important;border-radius: 3px !important;}&#8221; responsive_css=&#8221;padding_right_large:35px|padding_left_large:50px|padding_right_medium:15px|padding_left_medium:15px|padding_right_small:10px|padding_left_small:10px&#8221;]<style>.ld_icon_box_69e94eb901154 .iconbox-icon-container{color:rgb(38, 176, 95);font-size:20px;width:65px !important;height:65px !important;background:rgba(38, 176, 95, 0.1);border-radius:px;}.ld_icon_box_69e94eb901154 .iconbox-icon-container:before{border-color:rgba(38, 176, 95, 0.1);}.ld_icon_box_69e94eb901154 .lqd-iconbox-title{color:rgb(160, 160, 160);margin-bottom:1px;font-size:15px;}<\/style>\n<div class=\"iconbox iconbox-side text-align-default align-items-center iconbox-circle ld_icon_box_69e94eb901154 vc_custom_1639992354483\" id=\"ld_icon_box_69e94eb901154\"  data-animate-icon=\"true\" data-plugin-options='{\"color\":\"rgb(38, 176, 95)\"}'  >\n\t\n\t\t\t\t\t\n\t\n\t<div class=\"iconbox-icon-wrap\"><span class=\"iconbox-icon-container\"><i class=\"lqd-icn-ess icon-lqd-mobile\"><\/i><\/span><\/div>\t\n\t\t\n\t<div class=\"contents\">\t\n\t\t\n\t<h3 class=\"lqd-iconbox-title font-weight-medium\">\u0130leti\u015fim Bilgisi:<\/h3>\t<p><a href=\"tel:+905551958888\">0555 195 88 88<\/a><\/p>\n\t\t\n\t<\/div>\t\n\t\n<\/div>\n[\/vc_column_inner][\/vc_row_inner][\/vc_column][vc_column width=&#8221;2\/3&#8243; column_top_ontablet=&#8221;yes&#8221; column_top_onmobile=&#8221;yes&#8221; offset=&#8221;vc_col-md-offset-0 vc_col-md-8&#8243; responsive_css=&#8221;margin_bottom_medium:0px&#8221; css=&#8221;.vc_custom_1610729062932{margin-bottom: 35px !important;}&#8221;]<style>.ld_content_box_69e94eb901bc7 .lqd-fb-content-title{font-weight:700 !important;}.ld_content_box_69e94eb901bc7 .lqd-fb-bg{background:-webkit-linear-gradient(180deg, rgba(255, 255, 255, 0) 0%, rgba(24, 27, 49, 0.6) 100%);background:linear-gradient(180deg, rgba(255, 255, 255, 0) 0%, rgba(24, 27, 49, 0.6) 100%);}<\/style><div id=\"ld_content_box_69e94eb901bc7\" class=\"lqd-fb lqd-fb-style-1 lqd-fb-style-1-3 round pos-rel overflow-hidden lqd-fb-zoom-img-onhover h-pt-60 ld_content_box_69e94eb901bc7\" data-inview=\"true\">\n\t<div class=\"lqd-fb-inner lqd-overlay\">\n\n\t\t<div class=\"lqd-fb-img lqd-overlay overflow-hidden\">\n\n\t\t<figure data-responsive-bg=\"true\"><img decoding=\"async\" width=\"1080\" height=\"900\" data-src=\"https:\/\/profdrercangurses.com\/wp-content\/uploads\/2021\/12\/gogusagrilari.jpg\" class=\"w-100 invisible lazyload\" alt=\"\" data-srcset=\"https:\/\/profdrercangurses.com\/wp-content\/uploads\/2021\/12\/gogusagrilari.jpg 1080w, https:\/\/profdrercangurses.com\/wp-content\/uploads\/2021\/12\/gogusagrilari-300x250.jpg 300w, https:\/\/profdrercangurses.com\/wp-content\/uploads\/2021\/12\/gogusagrilari-1024x853.jpg 1024w\" data-sizes=\"(max-width: 1080px) 100vw, 1080px\" itemprop=\"image\" title=\"\" src=\"data:image\/svg+xml;base64,PHN2ZyB3aWR0aD0iMSIgaGVpZ2h0PSIxIiB4bWxucz0iaHR0cDovL3d3dy53My5vcmcvMjAwMC9zdmciPjwvc3ZnPg==\" style=\"--smush-placeholder-width: 1080px; --smush-placeholder-aspect-ratio: 1080\/900;\"><\/figure>\t\t\n\t\t<\/div>\n\n\t\t<div class=\"lqd-fb-content lqd-overlay align-items-end\">\n\t\t\t<div class=\"lqd-fb-bg lqd-overlay\"><\/div>\n\t\t\t<div class=\"lqd-fb-hover-overlay lqd-overlay\"><\/div>\n\t\t\t<div class=\"lqd-fb-content-inner d-flex flex-column justify-content-end pos-rel h-100 w-100 w-md-75 p-4 p-md-8\">\n\t\t\t\t\n\t\t\t\t\t\t\t\t\n\t\t\t\t<div\n\t\t\t\tclass=\"lqd-fb-content-bottom mt-auto\"\n\t\t\t\tdata-custom-animations=\"true\"\n\t\t\t\tdata-ca-options='{ \"triggerHandler\": \"inview\", \"animationTarget\": \"all-childs\", \"duration\": 1200, \"delay\": 120,  \"startDelay\": 300, \"initValues\": { \"y\": 30, \"opacity\": 0 }, \"animations\": { \"y\": 0, \"opacity\": 1 } }'>\n\t\t\t\t\t\n\t\t\t\t\t\t\t\t\t\t<h2\t\t\t\t\tclass=\"lqd-fb-content-title my-0 mb-3\"\n\t\t\t\t\tdata-split-text=\"true\" data-split-options='{ \"type\": \"lines\" }'>Schmerzen in der Brust\t\t\t\t\t<\/h2>\n\t\t\t\t\t\t\t\t\t\t\n\t\t\t\t\t\n\t\t\t\t\t\t\t\t\t\t<p\n\t\t\t\t\tclass=\"my-0 mb-5\"\n\t\t\t\t\tdata-split-text=\"true\" data-split-options='{ \"type\": \"lines\" }'>Schmerzen in der Brust geh\u00f6ren zu den am meisten gef\u00fcrchteten Schmerzen der Patienten, weil sie zuerst an Herzkrankheiten denken lassen.<\/p>\n\t\t\t\t\t\n\t\t\t\t\t\n\t\t\t\t<\/div>\n\t\t\t\t\n\t\t\t<\/div>\n\t\t<\/div>\n\n\t<\/div>\n<\/div>\n[vc_column_text]Es gibt jedoch viele Ursachen f\u00fcr Brustschmerzen, die nicht mit dem Herzen zusammenh\u00e4ngen. Tats\u00e4chlich sind laut Statistik nur 10 Prozent der Brustschmerzen herzbedingt.  <\/p>\n<h2>Was verursacht Schmerzen in der Brust?<\/h2>\n<p> Die h\u00e4ufigste Ursache f\u00fcr Schmerzen in der Brust sind rheumatische Erkrankungen. Dar\u00fcber hinaus k\u00f6nnen auch Traumata und St\u00f6\u00dfe, z. B. bei Verkehrsunf\u00e4llen, Brustschmerzen verursachen. Schwere Schl\u00e4ge k\u00f6nnen die Brustmuskulatur sch\u00e4digen, Risse und Br\u00fcche k\u00f6nnen in den Rippen auftreten und Brustschmerzen k\u00f6nnen als Folge davon auftreten. Auch Erkrankungen der Wirbels\u00e4ule k\u00f6nnen Brustschmerzen verursachen. Brustschmerzen sind auch ein Symptom f\u00fcr einen Herzinfarkt. Isch\u00e4mische Herzerkrankungen, intravaskul\u00e4re Thrombosen in der Lunge, Aortenrupturen und Perikarditis k\u00f6nnen Brustschmerzen verursachen. Wie bereits erw\u00e4hnt, sind jedoch 90 Prozent der Brustschmerzen auf nicht-kardiale Ursachen zur\u00fcckzuf\u00fchren. Entz\u00fcndungen der Lunge und des Zwerchfells, abdominale Massen, Erkrankungen der Speiser\u00f6hre, Gasdruck im Bauchraum, Brusterkrankungen bei Frauen verursachen ebenfalls Brustschmerzen.        <\/p>\n<h2>Was sind die Symptome von Brustschmerzen?<\/h2>\n<p> Es gibt viele verschiedene Faktoren, die Brustschmerzen verursachen und ausl\u00f6sen. Die Symptome von Brustschmerzen im Zusammenhang mit Herzproblemen sind wie folgt:  <\/p>\n<ul>\n<li>Brennen, Druck, Engegef\u00fchl in der Brust<\/li>\n<li>Brennende Schmerzen, die in den Kiefer, den Nacken, die Schulter, den R\u00fccken und den Arm ausstrahlen<\/li>\n<li>Schmerzen, die bei Bewegung zunehmen und in ihrer Intensit\u00e4t variieren k\u00f6nnen<\/li>\n<\/ul>\n<p> Die Symptome von Brustschmerzen, die nicht mit dem Herzen zusammenh\u00e4ngen, k\u00f6nnen wie folgt aufgelistet werden; <\/p>\n<ul>\n<li>Schmerzen nach dem Essen<\/li>\n<li>Schmerzen, die je nach Lage des K\u00f6rpers unterschiedlich stark sind<\/li>\n<li>Schmerzen beim tiefen Atmen, verst\u00e4rkte Schmerzen beim Husten<\/li>\n<\/ul>\n<h2>Diagnose und Diagnose von Brustschmerzen<\/h2>\n<p> Bei der Diagnose und Abkl\u00e4rung von Brustschmerzen gehen die \u00c4rzte von der Krankengeschichte und den Angaben des Patienten zu seinen Schmerzen aus. Dar\u00fcber hinaus setzen die \u00c4rzte in der Diagnosephase auch bildgebende Verfahren ein.  <\/p>\n<h2>Wie werden Schmerzen in der Brust behandelt?<\/h2>\n<p> Schmerzen in der Brust werden je nach Ursache mit unterschiedlichen Methoden behandelt; <\/p>\n<ul>\n<li>Medikamente<\/li>\n<li>Physiotherapie<\/li>\n<li>Nervenblockaden<\/li>\n<li>Geeignete R\u00fcckenmarkshinterwurzelblockade und Radiofrequenztherapie<\/li>\n<li>Blockade des sympathischen Ganglions und Radiofrequenztherapie<\/li>\n<li>Blockade und Radiofrequenzbehandlung von Interkostalnerven unter den Rippen<\/li>\n<li>Injektionen von Medikamenten in das Brustfell<\/li>\n<li>R\u00fcckenmarkstimulation, insbesondere bei nicht ansprechbaren Herzschmerzen (Angina pectoris)<\/li>\n<\/ul>\n<p>[\/vc_column_text][vc_separator color=&#8221;custom&#8221; accent_color=&#8221;rgba(0,0,0,0.1)&#8221; css=&#8221;.vc_custom_1608195050020{margin-top: 10px !important;}&#8221;][\/vc_column][\/vc_row][vc_row][vc_column][\/vc_column][\/vc_row]<\/p>\n","protected":false},"excerpt":{"rendered":"<p>[vc_row css=&#8221;.vc_custom_1622016079265{padding-top: 60px !important;padding-bottom: 60px !important;}&#8221;][vc_column enable_pin=&#8221;enable_pin&#8221; width=&#8221;5\/12&#8243; offset=&#8221;vc_col-md-4&#8243; responsive_css=&#8221;padding_right_medium:7%25&#8243;][vc_row_inner][vc_column_inner responsive_css=&#8221;margin_bottom_medium:45px&#8221; css=&#8221;.vc_custom_1608194013763{margin-bottom: 30px !important;}&#8221;][\/vc_column_inner][vc_column_inner css=&#8221;.vc_custom_1608195737477{margin-bottom: 30px !important;padding-top: 35px !important;padding-right: 20px !important;padding-bottom: 35px !important;padding-left: 20px !important;background-color: #f7f8fa !important;border-radius: 5px !important;}&#8221; responsive_css=&#8221;margin_bottom_medium:45px|padding_right_medium:35px|padding_left_medium:35px&#8221;][\/vc_column_inner][vc_column_inner css=&#8221;.vc_custom_1608195709893{border-top-width: 1px !important;border-right-width: 1px !important;border-bottom-width: 1px !important;border-left-width: 1px !important;padding-top: 20px !important;padding-right: 20px !important;padding-bottom: 20px !important;padding-left: 20px !important;border-left-color: rgba(112,112,112,0.15) !important;border-left-style: solid !important;border-right-color: rgba(112,112,112,0.15) !important;border-right-style: solid !important;border-top-color: [&hellip;]<\/p>\n","protected":false},"author":1,"featured_media":0,"parent":7059,"menu_order":0,"comment_status":"closed","ping_status":"closed","template":"","meta":{"footnotes":""},"class_list":["post-7073","page","type-page","status-publish","hentry"],"_links":{"self":[{"href":"https:\/\/profdrercangurses.com\/de\/wp-json\/wp\/v2\/pages\/7073","targetHints":{"allow":["GET"]}}],"collection":[{"href":"https:\/\/profdrercangurses.com\/de\/wp-json\/wp\/v2\/pages"}],"about":[{"href":"https:\/\/profdrercangurses.com\/de\/wp-json\/wp\/v2\/types\/page"}],"author":[{"embeddable":true,"href":"https:\/\/profdrercangurses.com\/de\/wp-json\/wp\/v2\/users\/1"}],"replies":[{"embeddable":true,"href":"https:\/\/profdrercangurses.com\/de\/wp-json\/wp\/v2\/comments?post=7073"}],"version-history":[{"count":0,"href":"https:\/\/profdrercangurses.com\/de\/wp-json\/wp\/v2\/pages\/7073\/revisions"}],"up":[{"embeddable":true,"href":"https:\/\/profdrercangurses.com\/de\/wp-json\/wp\/v2\/pages\/7059"}],"wp:attachment":[{"href":"https:\/\/profdrercangurses.com\/de\/wp-json\/wp\/v2\/media?parent=7073"}],"curies":[{"name":"wp","href":"https:\/\/api.w.org\/{rel}","templated":true}]}}