{"id":7078,"date":"2021-12-20T15:21:23","date_gmt":"2021-12-20T12:21:23","guid":{"rendered":"https:\/\/profdrercangurses.com\/schmerzen\/syndrom-des-brennenden-mundes-burning-mouth-syndrom\/"},"modified":"2021-12-20T15:21:23","modified_gmt":"2021-12-20T12:21:23","slug":"syndrom-des-brennenden-mundes-burning-mouth-syndrom","status":"publish","type":"page","link":"https:\/\/profdrercangurses.com\/de\/schmerzen\/syndrom-des-brennenden-mundes-burning-mouth-syndrom\/","title":{"rendered":"Syndrom des brennenden Mundes (Burning Mouth Syndrom)"},"content":{"rendered":"<p>[vc_row css=&#8221;.vc_custom_1622016079265{padding-top: 60px !important;padding-bottom: 60px !important;}&#8221;][vc_column enable_pin=&#8221;enable_pin&#8221; width=&#8221;5\/12&#8243; offset=&#8221;vc_col-md-4&#8243; responsive_css=&#8221;padding_right_medium:7%25&#8243;][vc_row_inner][vc_column_inner responsive_css=&#8221;margin_bottom_medium:45px&#8221; css=&#8221;.vc_custom_1608194013763{margin-bottom: 30px !important;}&#8221;]<style>.ld_custom_menu_69f1ed16bf939 > ul > li > a{font-size:15px;font-weight:700;letter-spacing:0.01em;color:rgb(51, 51, 51);background:rgb(247, 248, 250);}.ld_custom_menu_69f1ed16bf939 > ul > li:not(:last-child){margin-bottom:3px;}.lqd-stickybar > .lqd-head-col > .header-module > .ld_custom_menu_69f1ed16bf939 li{margin-inline-start:3px;}.ld_custom_menu_69f1ed16bf939 > ul > li > a:hover, .ld_custom_menu_69f1ed16bf939 li.is-active > a{background:rgb(233, 233, 233);}<\/style><div\n\tclass=\"lqd-fancy-menu lqd-custom-menu menu-items-has-fill lqd-menu-td-none ld_custom_menu_69f1ed16bf939\"\n\t>\n\n<ul id=\"ld_custom_menu_69f1ed16bf939\" class=\"reset-ul   \" ><li id=\"menu-item-5406\" class=\"menu-item menu-item-type-post_type menu-item-object-page menu-item-5406\"><a href=\"https:\/\/profdrercangurses.com\/de\/schmerzen\/neuropathische-schmerzen-und-neuralgien\/\">Neuropathische Schmerzen und Neuralgien<\/a><\/li>\n<li id=\"menu-item-5388\" class=\"menu-item menu-item-type-post_type menu-item-object-page menu-item-5388\"><a href=\"https:\/\/profdrercangurses.com\/de\/schmerzen\/phantomschmerz\/\">Phantomschmerz<\/a><\/li>\n<li id=\"menu-item-5389\" class=\"menu-item menu-item-type-post_type menu-item-object-page menu-item-5389\"><a href=\"https:\/\/profdrercangurses.com\/de\/schmerzen\/gelenkschmerzen\/\">Gelenkschmerzen<\/a><\/li>\n<li id=\"menu-item-7069\" class=\"menu-item menu-item-type-post_type menu-item-object-page menu-item-7069\"><a href=\"https:\/\/profdrercangurses.com\/de\/schmerzen\/rueckenschmerzen\/schmerzen-im-iliosakralbereich\/\">Schmerzen im Iliosakralbereich<\/a><\/li>\n<\/ul><\/div>[\/vc_column_inner][vc_column_inner css=&#8221;.vc_custom_1608195737477{margin-bottom: 30px !important;padding-top: 35px !important;padding-right: 20px !important;padding-bottom: 35px !important;padding-left: 20px !important;background-color: #f7f8fa !important;border-radius: 5px !important;}&#8221; responsive_css=&#8221;margin_bottom_medium:45px|padding_right_medium:35px|padding_left_medium:35px&#8221;]<style>.ld_fancy_heading_69f1ed16c3f4b h3 {font-size:19px; } .ld_fancy_heading_69f1ed16c3f4b h3 {margin-bottom:1.25em !important;  } .ld_fancy_heading_69f1ed16c3f4b .lqd-highlight-inner{height:0.275em!important;bottom:0px!important;}.ld_fancy_heading_69f1ed16c3f4b h3 {font-size:19px; } .ld_fancy_heading_69f1ed16c3f4b h3 {margin-bottom:1.25em !important;  } <\/style><div class=\"ld-fancy-heading ld_fancy_heading_69f1ed16c3f4b\">\n\t<h3 class=\"ld-fh-element lqd-highlight-underline lqd-highlight-grow-left text-decoration-default\"   >  Kontakt<\/h3><\/div><style>.ld_cf7_69f1ed16c41bc input,.ld_cf7_69f1ed16c41bc textarea,.ld_cf7_69f1ed16c41bc .ui-button.ui-selectmenu-button{font-size:15px;}.ld_cf7_69f1ed16c41bc input[type=\"submit\"]{font-size:15px;background:rgb(24, 67, 65);border-color:rgb(24, 67, 65);}.ld_cf7_69f1ed16c41bc input, .ld_cf7_69f1ed16c41bc select, .ld_cf7_69f1ed16c41bc textarea, .ld_cf7_69f1ed16c41bc .ui-button.ui-selectmenu-button{background:rgb(255, 255, 255);}.ld_cf7_69f1ed16c41bc input, .ld_cf7_69f1ed16c41bc select, .ld_cf7_69f1ed16c41bc textarea, .ld_cf7_69f1ed16c41bc .ui-button.ui-selectmenu-button, .ld_cf7_69f1ed16c41bc .wpcf7-form-control-wrap > i, .ld_cf7_69f1ed16c41bc .wpcf7-radio{color:rgb(127, 130, 132);}.ld_cf7_69f1ed16c41bc input:focus, .ld_cf7_69f1ed16c41bc select:focus, .ld_cf7_69f1ed16c41bc textarea:focus, .ld_cf7_69f1ed16c41bc .ui-button.ui-selectmenu-button:hover, .wpcf7-acceptance .wpcf7-list-item-label:after{color:rgb(0, 0, 0);}.ld_cf7_69f1ed16c41bc .wpcf7-form-control-wrap{margin-bottom:10px;}<\/style><div id=\"ld_cf7_69f1ed16c41bc\" class=\"lqd-contact-form lqd-contact-form-inputs-filled lqd-contact-form-inputs-round lqd-contact-form-button-block lqd-contact-form-button-round ld_cf7_69f1ed16c41bc vc_custom_1622015176992\">\n\t\n<div class=\"wpcf7 no-js\" id=\"wpcf7-f74-o1\" lang=\"en-US\" dir=\"ltr\" data-wpcf7-id=\"74\">\n<div class=\"screen-reader-response\"><p role=\"status\" aria-live=\"polite\" aria-atomic=\"true\"><\/p> <ul><\/ul><\/div>\n<form action=\"\/de\/wp-json\/wp\/v2\/pages\/7078#wpcf7-f74-o1\" method=\"post\" class=\"wpcf7-form init\" aria-label=\"Contact form\" novalidate=\"novalidate\" data-status=\"init\">\n<fieldset class=\"hidden-fields-container\"><input type=\"hidden\" name=\"_wpcf7\" value=\"74\" \/><input type=\"hidden\" name=\"_wpcf7_version\" value=\"6.1.5\" \/><input type=\"hidden\" name=\"_wpcf7_locale\" value=\"en_US\" \/><input type=\"hidden\" name=\"_wpcf7_unit_tag\" value=\"wpcf7-f74-o1\" \/><input type=\"hidden\" name=\"_wpcf7_container_post\" value=\"0\" \/><input type=\"hidden\" name=\"_wpcf7_posted_data_hash\" value=\"\" \/><input type=\"hidden\" name=\"_wpcf7_recaptcha_response\" value=\"\" \/>\n<\/fieldset>\n<p><span class=\"wpcf7-form-control-wrap\" data-name=\"text-775\"><input size=\"40\" maxlength=\"400\" class=\"wpcf7-form-control wpcf7-text wpcf7-validates-as-required\" aria-required=\"true\" aria-invalid=\"false\" placeholder=\"Ad\u0131n\u0131z\" value=\"\" type=\"text\" name=\"text-775\" \/><\/span><span class=\"wpcf7-form-control-wrap\" data-name=\"email-550\"><input size=\"40\" maxlength=\"400\" class=\"wpcf7-form-control wpcf7-email wpcf7-validates-as-required wpcf7-text wpcf7-validates-as-email\" aria-required=\"true\" aria-invalid=\"false\" placeholder=\"Email adresiniz\" value=\"\" type=\"email\" name=\"email-550\" \/><\/span><span class=\"wpcf7-form-control-wrap\" data-name=\"textarea-138\"><textarea cols=\"10\" rows=\"4\" maxlength=\"2000\" class=\"wpcf7-form-control wpcf7-textarea wpcf7-validates-as-required\" aria-required=\"true\" aria-invalid=\"false\" placeholder=\"Mesaj\u0131n\u0131z\" name=\"textarea-138\"><\/textarea><\/span><input class=\"wpcf7-form-control wpcf7-submit has-spinner\" type=\"submit\" value=\"G\u00f6nder\" \/>\n<\/p><p style=\"display: none !important;\" class=\"akismet-fields-container\" data-prefix=\"_wpcf7_ak_\"><label>&#916;<textarea name=\"_wpcf7_ak_hp_textarea\" cols=\"45\" rows=\"8\" maxlength=\"100\"><\/textarea><\/label><input type=\"hidden\" id=\"ak_js_1\" name=\"_wpcf7_ak_js\" value=\"152\"\/><script>document.getElementById( \"ak_js_1\" ).setAttribute( \"value\", ( new Date() ).getTime() );<\/script><\/p><div class=\"wpcf7-response-output\" aria-hidden=\"true\"><\/div>\n<\/form>\n<\/div>\n<\/div>[\/vc_column_inner][vc_column_inner css=&#8221;.vc_custom_1608195709893{border-top-width: 1px !important;border-right-width: 1px !important;border-bottom-width: 1px !important;border-left-width: 1px !important;padding-top: 20px !important;padding-right: 20px !important;padding-bottom: 20px !important;padding-left: 20px !important;border-left-color: rgba(112,112,112,0.15) !important;border-left-style: solid !important;border-right-color: rgba(112,112,112,0.15) !important;border-right-style: solid !important;border-top-color: rgba(112,112,112,0.15) !important;border-top-style: solid !important;border-bottom-color: rgba(112,112,112,0.15) !important;border-bottom-style: solid !important;border-radius: 3px !important;}&#8221; responsive_css=&#8221;padding_right_large:35px|padding_left_large:50px|padding_right_medium:15px|padding_left_medium:15px|padding_right_small:10px|padding_left_small:10px&#8221;]<style>.ld_icon_box_69f1ed16c6152 .iconbox-icon-container{color:rgb(38, 176, 95);font-size:20px;width:65px !important;height:65px !important;background:rgba(38, 176, 95, 0.1);border-radius:px;}.ld_icon_box_69f1ed16c6152 .iconbox-icon-container:before{border-color:rgba(38, 176, 95, 0.1);}.ld_icon_box_69f1ed16c6152 .lqd-iconbox-title{color:rgb(160, 160, 160);margin-bottom:1px;font-size:15px;}<\/style>\n<div class=\"iconbox iconbox-side text-align-default align-items-center iconbox-circle ld_icon_box_69f1ed16c6152 vc_custom_1639992354483\" id=\"ld_icon_box_69f1ed16c6152\"  data-animate-icon=\"true\" data-plugin-options='{\"color\":\"rgb(38, 176, 95)\"}'  >\n\t\n\t\t\t\t\t\n\t\n\t<div class=\"iconbox-icon-wrap\"><span class=\"iconbox-icon-container\"><i class=\"lqd-icn-ess icon-lqd-mobile\"><\/i><\/span><\/div>\t\n\t\t\n\t<div class=\"contents\">\t\n\t\t\n\t<h3 class=\"lqd-iconbox-title font-weight-medium\">\u0130leti\u015fim Bilgisi:<\/h3>\t<p><a href=\"tel:+905551958888\">0555 195 88 88<\/a><\/p>\n\t\t\n\t<\/div>\t\n\t\n<\/div>\n[\/vc_column_inner][\/vc_row_inner][\/vc_column][vc_column width=&#8221;2\/3&#8243; column_top_ontablet=&#8221;yes&#8221; column_top_onmobile=&#8221;yes&#8221; offset=&#8221;vc_col-md-offset-0 vc_col-md-8&#8243; responsive_css=&#8221;margin_bottom_medium:0px&#8221; css=&#8221;.vc_custom_1610729062932{margin-bottom: 35px !important;}&#8221;]<style>.ld_content_box_69f1ed16c6aab .lqd-fb-content-title{font-weight:700 !important;}.ld_content_box_69f1ed16c6aab .lqd-fb-bg{background:-webkit-linear-gradient(180deg, rgba(255, 255, 255, 0) 0%, rgba(24, 27, 49, 0.6) 100%);background:linear-gradient(180deg, rgba(255, 255, 255, 0) 0%, rgba(24, 27, 49, 0.6) 100%);}<\/style><div id=\"ld_content_box_69f1ed16c6aab\" class=\"lqd-fb lqd-fb-style-1 lqd-fb-style-1-3 round pos-rel overflow-hidden lqd-fb-zoom-img-onhover h-pt-60 ld_content_box_69f1ed16c6aab\" data-inview=\"true\">\n\t<div class=\"lqd-fb-inner lqd-overlay\">\n\n\t\t<div class=\"lqd-fb-img lqd-overlay overflow-hidden\">\n\n\t\t<figure data-responsive-bg=\"true\"><img decoding=\"async\" width=\"1080\" height=\"900\" data-src=\"https:\/\/profdrercangurses.com\/wp-content\/uploads\/2021\/12\/yananagiz-1.jpg\" class=\"w-100 invisible lazyload\" alt=\"\" data-srcset=\"https:\/\/profdrercangurses.com\/wp-content\/uploads\/2021\/12\/yananagiz-1.jpg 1080w, https:\/\/profdrercangurses.com\/wp-content\/uploads\/2021\/12\/yananagiz-1-300x250.jpg 300w, https:\/\/profdrercangurses.com\/wp-content\/uploads\/2021\/12\/yananagiz-1-1024x853.jpg 1024w\" data-sizes=\"(max-width: 1080px) 100vw, 1080px\" itemprop=\"image\" title=\"\" src=\"data:image\/svg+xml;base64,PHN2ZyB3aWR0aD0iMSIgaGVpZ2h0PSIxIiB4bWxucz0iaHR0cDovL3d3dy53My5vcmcvMjAwMC9zdmciPjwvc3ZnPg==\" style=\"--smush-placeholder-width: 1080px; --smush-placeholder-aspect-ratio: 1080\/900;\"><\/figure>\t\t\n\t\t<\/div>\n\n\t\t<div class=\"lqd-fb-content lqd-overlay align-items-end\">\n\t\t\t<div class=\"lqd-fb-bg lqd-overlay\"><\/div>\n\t\t\t<div class=\"lqd-fb-hover-overlay lqd-overlay\"><\/div>\n\t\t\t<div class=\"lqd-fb-content-inner d-flex flex-column justify-content-end pos-rel h-100 w-100 w-md-75 p-4 p-md-8\">\n\t\t\t\t\n\t\t\t\t\t\t\t\t\n\t\t\t\t<div\n\t\t\t\tclass=\"lqd-fb-content-bottom mt-auto\"\n\t\t\t\tdata-custom-animations=\"true\"\n\t\t\t\tdata-ca-options='{ \"triggerHandler\": \"inview\", \"animationTarget\": \"all-childs\", \"duration\": 1200, \"delay\": 120,  \"startDelay\": 300, \"initValues\": { \"y\": 30, \"opacity\": 0 }, \"animations\": { \"y\": 0, \"opacity\": 1 } }'>\n\t\t\t\t\t\n\t\t\t\t\t\t\t\t\t\t<h2\t\t\t\t\tclass=\"lqd-fb-content-title my-0 mb-3\"\n\t\t\t\t\tdata-split-text=\"true\" data-split-options='{ \"type\": \"lines\" }'>Syndrom des brennenden Mundes (Burning Mouth Syndrom)\t\t\t\t\t<\/h2>\n\t\t\t\t\t\t\t\t\t\t\n\t\t\t\t\t\n\t\t\t\t\t\t\t\t\t\t<p\n\t\t\t\t\tclass=\"my-0 mb-5\"\n\t\t\t\t\tdata-split-text=\"true\" data-split-options='{ \"type\": \"lines\" }'>Das Syndrom des brennenden Mundes (Burning Mouth Syndrom) ist eine Krankheit, die durch ein konstantes oder wiederkehrendes Brennen im Mund gekennzeichnet ist.<\/p>\n\t\t\t\t\t\n\t\t\t\t\t\n\t\t\t\t<\/div>\n\t\t\t\t\n\t\t\t<\/div>\n\t\t<\/div>\n\n\t<\/div>\n<\/div>\n[vc_column_text]Das Syndrom des brennenden Mundes kann pl\u00f6tzlich auftreten oder sich im Laufe der Zeit langsam entwickeln. In den meisten F\u00e4llen ist eine dauerhafte Behandlung schwierig, da die zugrunde liegende Ursache nicht ermittelt werden kann. Die von den Patienten empfundenen Beschwerden k\u00f6nnen jedoch mit verschiedenen Behandlungsmethoden beseitigt werden. Diese Beschwerden treten in der Regel bei Frauen nach der Menopause, im fortgeschrittenen Alter, bei Tabakkonsum, bei Nahrungsmittelallergien, bei Menschen mit Zahnersatz und bei Menschen, die unter extremem Stress stehen, auf.    <\/p>\n<h2>Was ist das Syndrom des brennenden Mundes?<\/h2>\n<p> Das Syndrom des brennenden Mundes (Burning Mouth Syndrom) ist, wie der Name schon sagt, ein unangenehmer Zustand, der ein brennendes Gef\u00fchl im Mund verursacht. Es handelt sich um einen wiederkehrenden brennenden Zustand, der in der Regel ohne eine bestimmte Ursache auftritt und chronisch wird. Diese Krankheit, die bei 2 % der Bev\u00f6lkerung auftritt, betrifft die Zunge, das Zahnfleisch, die Lippen, den Gaumen und die Innenseite der Wangen im Mundbereich. Die Patienten beschreiben die Beschwerden, die sie empfinden, als ob sie sich den Mund verbr\u00fchen w\u00fcrden. Da die meisten Patienten aber auch einen verminderten Geschmackssinn haben, wird vermutet, dass es sich um einen Defekt im zentralen Nervensystem handelt.     <\/p>\n<h2>Symptome des Syndroms des brennenden Mundes<\/h2>\n<p> Syndrom des brennenden Mundes mit Schmerzen; <\/p>\n<ul>\n<li>Taubheit,<\/li>\n<li>Kribbeln<\/li>\n<li>Verlust des Geschmacks,<\/li>\n<li>Trockener Mund<\/li>\n<li>Metallisch-bitterer Geschmack im Mund,<\/li>\n<li>\u00dcbelkeit<\/li>\n<li>Schwierigkeiten beim Schlucken,<\/li>\n<li>Auch Symptome wie Schwindel k\u00f6nnen beobachtet werden.<\/li>\n<\/ul>\n<h2>Was verursacht das Syndrom des brennenden Mundes?<\/h2>\n<p> Das Syndrom des brennenden Mundes wird zu den neuropathischen Schmerzen gez\u00e4hlt, aber es gibt keine eindeutige Ursache f\u00fcr diese Krankheit. Beim prim\u00e4ren Syndrom des brennenden Mundes treten abnorme Schmerzempfindungen in den Nerven auf, die mit dem Geschmacks- und dem Schmerzempfinden in Verbindung stehen. Das sekund\u00e4re Mundbrandsyndrom des sekund\u00e4ren Typs kann aufgrund der folgenden Ursachen auftreten:   <\/p>\n<ul>\n<li>Allergien gegen Lebensmittel oder Dentalprodukte<\/li>\n<li>epression<\/li>\n<li>Diabetes<\/li>\n<li>Reflux<\/li>\n<li>Trockener Mund<\/li>\n<li>Geografische Sprache<\/li>\n<li>Hypothyreose (langsame Funktion der Schilddr\u00fcse)<\/li>\n<li>Verschiedene Medikamente<\/li>\n<li>Infektionen im Mund<\/li>\n<li>Unzureichende und\/oder ungesunde Ern\u00e4hrung<\/li>\n<li>Z\u00e4hneknirschen<\/li>\n<li>Zungenb\u00fcrsten<\/li>\n<li>Schlechter Zahnersatz<\/li>\n<\/ul>\n<h2>Wie lange dauert das Syndrom des brennenden Mundes an?<\/h2>\n<p> Eine der Fragen, die Patienten, die diese Beschwerden haben, interessiert, ist die Dauer der Krankheit. Das brennende Gef\u00fchl h\u00e4lt in der Regel den ganzen Tag \u00fcber an und ist abends am st\u00e4rksten, aber die Patienten klagen nicht \u00fcber Schmerzen w\u00e4hrend des Schlafs. Das Syndrom des brennenden Mundes nimmt anfangs einen langsamen Verlauf, doch k\u00f6nnen sich die Symptome im weiteren Verlauf verst\u00e4rken. Die Schmerzen und das brennende Gef\u00fchl k\u00f6nnen \u00fcber Jahre hinweg bestehen bleiben.    <\/p>\n<h2>Diagnostik und Diagnose des Syndroms des brennenden Mundes<\/h2>\n<p> Bei der Diagnose des Burning-Mouth-Syndroms erhebt der Zahnarzt zun\u00e4chst die Krankengeschichte des Patienten und f\u00fchrt eine orale Untersuchung durch. Die Tatsache, dass die Schmerzen des Patienten \u00fcber einen Zeitraum von drei Monaten mindestens zwei Stunden pro Tag anhalten, ist ein wichtiger Indikator f\u00fcr eine endg\u00fcltige Diagnose. W\u00e4hrend des Diagnoseprozesses werden auch Blutanalysen und verschiedene Tests durchgef\u00fchrt.   <\/p>\n<h2>Wie wird das Burning-Mouth-Syndrom behandelt?<\/h2>\n<p> F\u00fcr die prim\u00e4re Form des Mundbrennens gibt es keine endg\u00fcltige Behandlung, aber die Erkrankung wird als Neuralgie anerkannt und es werden verschiedene Behandlungsmethoden angewandt, um die Schmerzen zu lindern und zu kontrollieren und die Lebensqualit\u00e4t des Patienten zu verbessern. Beim sekund\u00e4ren Syndrom des brennenden Mundes wird die Grunderkrankung behandelt, die die Symptome verursacht. Die folgenden Behandlungsmethoden sind wirksam, um die durch das Mundbrennen verursachten Schmerzen und Beschwerden zu lindern:   <\/p>\n<ul>\n<li>Medikamente zur Linderung der Probleme je nach den Beschwerden des Patienten<\/li>\n<li>Nervenblockaden<\/li>\n<li>Hochfrequenz-Anwendung<\/li>\n<li>Hochfrequenz-Anwendung<\/li>\n<li>Rauchen und Tabakerzeugnisse sollten nicht verwendet werden.<\/li>\n<li>Es sollte reichlich Wasser getrunken werden.<\/li>\n<li>Der Mund- und Zahngesundheit sollte gro\u00dfe Bedeutung beigemessen werden.<\/li>\n<li>Auf die Hygiene des Zahnersatzes sollte geachtet werden; es sollten f\u00fcr empfindliche Z\u00e4hne geeignete Zahnpasten verwendet werden.<\/li>\n<li>F\u00fcr Patienten, die die Angewohnheit haben, sich auf die Zungenspitze zu bei\u00dfen, ist es wichtig, sich diese Angewohnheit abzugew\u00f6hnen.<\/li>\n<\/ul>\n<p>[\/vc_column_text][vc_separator color=&#8221;custom&#8221; accent_color=&#8221;rgba(0,0,0,0.1)&#8221; css=&#8221;.vc_custom_1608195050020{margin-top: 10px !important;}&#8221;][\/vc_column][\/vc_row][vc_row][vc_column][\/vc_column][\/vc_row]<\/p>\n","protected":false},"excerpt":{"rendered":"<p>[vc_row css=&#8221;.vc_custom_1622016079265{padding-top: 60px !important;padding-bottom: 60px !important;}&#8221;][vc_column enable_pin=&#8221;enable_pin&#8221; width=&#8221;5\/12&#8243; offset=&#8221;vc_col-md-4&#8243; responsive_css=&#8221;padding_right_medium:7%25&#8243;][vc_row_inner][vc_column_inner responsive_css=&#8221;margin_bottom_medium:45px&#8221; css=&#8221;.vc_custom_1608194013763{margin-bottom: 30px !important;}&#8221;][\/vc_column_inner][vc_column_inner css=&#8221;.vc_custom_1608195737477{margin-bottom: 30px !important;padding-top: 35px !important;padding-right: 20px !important;padding-bottom: 35px !important;padding-left: 20px !important;background-color: #f7f8fa !important;border-radius: 5px !important;}&#8221; responsive_css=&#8221;margin_bottom_medium:45px|padding_right_medium:35px|padding_left_medium:35px&#8221;][\/vc_column_inner][vc_column_inner css=&#8221;.vc_custom_1608195709893{border-top-width: 1px !important;border-right-width: 1px !important;border-bottom-width: 1px !important;border-left-width: 1px !important;padding-top: 20px !important;padding-right: 20px !important;padding-bottom: 20px !important;padding-left: 20px !important;border-left-color: rgba(112,112,112,0.15) !important;border-left-style: solid !important;border-right-color: rgba(112,112,112,0.15) !important;border-right-style: solid !important;border-top-color: [&hellip;]<\/p>\n","protected":false},"author":1,"featured_media":0,"parent":7059,"menu_order":0,"comment_status":"closed","ping_status":"closed","template":"","meta":{"footnotes":""},"class_list":["post-7078","page","type-page","status-publish","hentry"],"_links":{"self":[{"href":"https:\/\/profdrercangurses.com\/de\/wp-json\/wp\/v2\/pages\/7078","targetHints":{"allow":["GET"]}}],"collection":[{"href":"https:\/\/profdrercangurses.com\/de\/wp-json\/wp\/v2\/pages"}],"about":[{"href":"https:\/\/profdrercangurses.com\/de\/wp-json\/wp\/v2\/types\/page"}],"author":[{"embeddable":true,"href":"https:\/\/profdrercangurses.com\/de\/wp-json\/wp\/v2\/users\/1"}],"replies":[{"embeddable":true,"href":"https:\/\/profdrercangurses.com\/de\/wp-json\/wp\/v2\/comments?post=7078"}],"version-history":[{"count":0,"href":"https:\/\/profdrercangurses.com\/de\/wp-json\/wp\/v2\/pages\/7078\/revisions"}],"up":[{"embeddable":true,"href":"https:\/\/profdrercangurses.com\/de\/wp-json\/wp\/v2\/pages\/7059"}],"wp:attachment":[{"href":"https:\/\/profdrercangurses.com\/de\/wp-json\/wp\/v2\/media?parent=7078"}],"curies":[{"name":"wp","href":"https:\/\/api.w.org\/{rel}","templated":true}]}}